{"id":15067,"date":"2020-06-09T14:58:24","date_gmt":"2020-06-09T14:58:24","guid":{"rendered":"https:\/\/guidetogreenland.com\/book-trips-holiday\/winter-safari-sisimiut\/"},"modified":"2023-03-24T15:36:23","modified_gmt":"2023-03-24T18:36:23","slug":"vinter-safari-sisimiut","status":"publish","type":"product","link":"https:\/\/guidetogreenland.com\/da\/reserver-ferie-rejser\/vintersafari-med-monsterslaede-sisimiut\/","title":{"rendered":"Vintersafari med monstersl\u00e6de | Sisimiut"},"content":{"rendered":"<p class=\"x-18pep25\">Hop p\u00e5 sl\u00e6den, l\u00e6n dig tilbage og m\u00e6rk vinden gennem h\u00e5ret n\u00e5r du suser gennem det sned\u00e6kkede bjerglandskab!<\/p>\n<p class=\"x-18pep25\">Denne vintersafari tur er den nemmeste m\u00e5de at komme ud og nyde naturen p\u00e5 helt indtil det tidlige for\u00e5r. Du dukker bare op med dit dejligt varme t\u00f8j ved receptionen i Hotel Sisimiut, herfra k\u00f8rer vi dig til snescooterne. Find et s\u00e6de og s\u00e6t dig godt tilpas, s\u00e5 tager vi derudaf!<\/p>\n<p class=\"x-18pep25\">Ruten k\u00f8rer igennem vinterlandskabet som ogs\u00e5 bruges af de lokale der \u00f8ver deres egne vinteraktiviteter som hundesl\u00e6dek\u00f8rsel og langrend. De lokale bruger de store \u00e5bne vidder som deres legeplads.<\/p>\n<p class=\"e1imf5dp0 x-jm2771\">Selvom andre ogs<span class=\"x-12abj6v e1uuu2lt3\">\u00e5 bruger omr\u00e5det er det s\u00e5 stort at du hurtigt f\u00e5r fornemmelsen at v\u00e6re langt v\u00e6k fra al civilisation.<\/span><\/p>\n<p class=\"e1imf5dp0 x-jm2771\"><span class=\"x-12abj6v e1uuu2lt3\">P\u00e5 denne vinter safari kommer du til at opleve det hele, vi k\u00f8rer ned i dale, bestiger fjelde og n\u00e5r ud til nogle fantastiske udsigtspunkter. P\u00e5 vej tilbage mod byen k\u00f8rer vi forbi skiliften som ogs\u00e5 har en flot udsigt over byen og Davidsstr\u00e6det. Der vil v\u00e6re masser af muligheder for foto-stops s\u00e5 du kan dokumentere dit vinter eventyr.<\/span><\/p>\n<p class=\"e1imf5dp0 x-jm2771\"><span class=\"x-12abj6v e1uuu2lt3\">Dette er en tur hvor alle kan deltage, alle aldre og fysiske evner. Det er en meget familievenlig tur. Den er ogs\u00e5 id\u00e9el til sociale begivenheder eller mindre grupper.<\/span><\/p>\n<p class=\"e1imf5dp0 x-jm2771\"><span class=\"x-12abj6v e1uuu2lt3\">S\u00e5 tag bare halst\u00f8rkl\u00e6det p\u00e5 og nogle gode luffer og lad os komme derudaf! Find en dato der passer dig ved at trykke p\u00e5 &#8216;v\u00e6lg en dag&#8217; for oven.<\/span><\/p>\n","protected":false},"excerpt":{"rendered":"Hop p\u00e5 sl\u00e6den, l\u00e6n dig tilbage og m\u00e6rk vinden gennem h\u00e5ret n\u00e5r du suser gennem det sned\u00e6kkede bjerglandskab! Denne vintersafari tur er den nemmeste m\u00e5de at komme ud og nyde naturen p\u00e5 helt indtil det tidlige for\u00e5r. Du dukker bare op med dit dejligt varme t\u00f8j ved receptionen i Hotel Sisimiut, herfra k\u00f8rer vi dig&#8230;","protected":false},"featured_media":15068,"comment_status":"open","ping_status":"closed","template":"","meta":[],"product_brand":[],"product_cat":[628,610,606,593,643,657,633],"product_tag":[936],"class_list":{"0":"post-15067","1":"product","2":"type-product","3":"status-publish","4":"has-post-thumbnail","6":"product_cat-arctic-circle-trail","7":"product_cat-atv-og-snescooterture","8":"product_cat-dagsture-om-vinteren","9":"product_cat-oplevelser-i-groenland","10":"product_cat-ture-i-hver-by","11":"product_cat-ture-i-sisimiut","12":"product_cat-vestgroenland","13":"product_tag-sisimiut-da","14":"pa_activities-snescooter","15":"pa_available-month-januar","16":"pa_available-month-februar","17":"pa_available-month-marts","18":"pa_available-month-april","19":"pa_available-month-december","20":"pa_destinations-sisimiut","21":"pa_difficulty-let","22":"pa_duration-1-time","23":"pa_tour-type-dagsture","24":"yith_shop_vendor-hotel-sisimiut-tours-da","26":"first","27":"instock","28":"virtual","29":"sold-individually","30":"purchasable","31":"product-type-booking"},"acf":[],"yoast_head":"<!-- This site is optimized with the Yoast SEO plugin v25.6 - https:\/\/yoast.com\/wordpress\/plugins\/seo\/ -->\n<title>Vintersafari med monstersl\u00e6de | Sisimiut | Guide to Greenland<\/title>\n<meta name=\"description\" content=\"Udforsk Sisimiuts backcountry om vinteren p\u00e5 en snesl\u00e6detur, der passer til alle aldre og fysiske evner. Klik for at l\u00e6se mere og book dit eventyr.\" \/>\n<meta name=\"robots\" content=\"index, follow, max-snippet:-1, max-image-preview:large, max-video-preview:-1\" \/>\n<link rel=\"canonical\" href=\"https:\/\/guidetogreenland.com\/da\/reserver-ferie-rejser\/vintersafari-med-monsterslaede-sisimiut\/\" \/>\n<meta property=\"og:locale\" content=\"da_DK\" \/>\n<meta property=\"og:type\" content=\"article\" \/>\n<meta property=\"og:title\" content=\"Vintersafari med monstersl\u00e6de | Sisimiut | Guide to Greenland\" \/>\n<meta property=\"og:description\" content=\"Udforsk Sisimiuts backcountry om vinteren p\u00e5 en snesl\u00e6detur, der passer til alle aldre og fysiske evner. Klik for at l\u00e6se mere og book dit eventyr.\" \/>\n<meta property=\"og:url\" content=\"https:\/\/guidetogreenland.com\/da\/reserver-ferie-rejser\/vintersafari-med-monsterslaede-sisimiut\/\" \/>\n<meta property=\"og:site_name\" content=\"Guide to Greenland\" \/>\n<meta property=\"article:modified_time\" content=\"2023-03-24T18:36:23+00:00\" \/>\n<meta property=\"og:image\" content=\"https:\/\/guidetogreenland.com\/wp-content\/uploads\/2020\/05\/Winter-Safari-Sisimiut-Guide-to-Greenland1.jpg\" \/>\n\t<meta property=\"og:image:width\" content=\"1060\" \/>\n\t<meta property=\"og:image:height\" content=\"662\" \/>\n\t<meta property=\"og:image:type\" content=\"image\/jpeg\" \/>\n<meta name=\"twitter:card\" content=\"summary_large_image\" \/>\n<meta name=\"twitter:label1\" content=\"Estimeret l\u00e6setid\" \/>\n\t<meta name=\"twitter:data1\" content=\"2 minutter\" \/>\n<script type=\"application\/ld+json\" class=\"yoast-schema-graph\">{\"@context\":\"https:\/\/schema.org\",\"@graph\":[{\"@type\":\"WebPage\",\"@id\":\"https:\/\/guidetogreenland.com\/da\/reserver-ferie-rejser\/vintersafari-med-monsterslaede-sisimiut\/\",\"url\":\"https:\/\/guidetogreenland.com\/da\/reserver-ferie-rejser\/vintersafari-med-monsterslaede-sisimiut\/\",\"name\":\"Vintersafari med monstersl\u00e6de | Sisimiut | Guide to Greenland\",\"isPartOf\":{\"@id\":\"https:\/\/guidetogreenland.com\/da\/#website\"},\"primaryImageOfPage\":{\"@id\":\"https:\/\/guidetogreenland.com\/da\/reserver-ferie-rejser\/vintersafari-med-monsterslaede-sisimiut\/#primaryimage\"},\"image\":{\"@id\":\"https:\/\/guidetogreenland.com\/da\/reserver-ferie-rejser\/vintersafari-med-monsterslaede-sisimiut\/#primaryimage\"},\"thumbnailUrl\":\"https:\/\/guidetogreenland.com\/wp-content\/uploads\/2020\/05\/Winter-Safari-Sisimiut-Guide-to-Greenland1.jpg\",\"datePublished\":\"2020-06-09T14:58:24+00:00\",\"dateModified\":\"2023-03-24T18:36:23+00:00\",\"description\":\"Udforsk Sisimiuts backcountry om vinteren p\u00e5 en snesl\u00e6detur, der passer til alle aldre og fysiske evner. Klik for at l\u00e6se mere og book dit eventyr.\",\"breadcrumb\":{\"@id\":\"https:\/\/guidetogreenland.com\/da\/reserver-ferie-rejser\/vintersafari-med-monsterslaede-sisimiut\/#breadcrumb\"},\"inLanguage\":\"da-DK\",\"potentialAction\":[{\"@type\":\"ReadAction\",\"target\":[\"https:\/\/guidetogreenland.com\/da\/reserver-ferie-rejser\/vintersafari-med-monsterslaede-sisimiut\/\"]}]},{\"@type\":\"ImageObject\",\"inLanguage\":\"da-DK\",\"@id\":\"https:\/\/guidetogreenland.com\/da\/reserver-ferie-rejser\/vintersafari-med-monsterslaede-sisimiut\/#primaryimage\",\"url\":\"https:\/\/guidetogreenland.com\/wp-content\/uploads\/2020\/05\/Winter-Safari-Sisimiut-Guide-to-Greenland1.jpg\",\"contentUrl\":\"https:\/\/guidetogreenland.com\/wp-content\/uploads\/2020\/05\/Winter-Safari-Sisimiut-Guide-to-Greenland1.jpg\",\"width\":1060,\"height\":662},{\"@type\":\"BreadcrumbList\",\"@id\":\"https:\/\/guidetogreenland.com\/da\/reserver-ferie-rejser\/vintersafari-med-monsterslaede-sisimiut\/#breadcrumb\",\"itemListElement\":[{\"@type\":\"ListItem\",\"position\":1,\"name\":\"Home\",\"item\":\"https:\/\/guidetogreenland.com\/da\/\"},{\"@type\":\"ListItem\",\"position\":2,\"name\":\"Se alle ture\",\"item\":\"https:\/\/guidetogreenland.com\/da\/reserver-ferie-rejser\/\"},{\"@type\":\"ListItem\",\"position\":3,\"name\":\"Vintersafari med monstersl\u00e6de | Sisimiut\"}]},{\"@type\":\"WebSite\",\"@id\":\"https:\/\/guidetogreenland.com\/da\/#website\",\"url\":\"https:\/\/guidetogreenland.com\/da\/\",\"name\":\"Guide to Greenland\",\"description\":\"Largest selection of tours in Greenland\",\"potentialAction\":[{\"@type\":\"SearchAction\",\"target\":{\"@type\":\"EntryPoint\",\"urlTemplate\":\"https:\/\/guidetogreenland.com\/da\/?s={search_term_string}\"},\"query-input\":{\"@type\":\"PropertyValueSpecification\",\"valueRequired\":true,\"valueName\":\"search_term_string\"}}],\"inLanguage\":\"da-DK\"}]}<\/script>\n<!-- \/ Yoast SEO plugin. -->","yoast_head_json":{"title":"Vintersafari med monstersl\u00e6de | Sisimiut | Guide to Greenland","description":"Udforsk Sisimiuts backcountry om vinteren p\u00e5 en snesl\u00e6detur, der passer til alle aldre og fysiske evner. Klik for at l\u00e6se mere og book dit eventyr.","robots":{"index":"index","follow":"follow","max-snippet":"max-snippet:-1","max-image-preview":"max-image-preview:large","max-video-preview":"max-video-preview:-1"},"canonical":"https:\/\/guidetogreenland.com\/da\/reserver-ferie-rejser\/vintersafari-med-monsterslaede-sisimiut\/","og_locale":"da_DK","og_type":"article","og_title":"Vintersafari med monstersl\u00e6de | Sisimiut | Guide to Greenland","og_description":"Udforsk Sisimiuts backcountry om vinteren p\u00e5 en snesl\u00e6detur, der passer til alle aldre og fysiske evner. Klik for at l\u00e6se mere og book dit eventyr.","og_url":"https:\/\/guidetogreenland.com\/da\/reserver-ferie-rejser\/vintersafari-med-monsterslaede-sisimiut\/","og_site_name":"Guide to Greenland","article_modified_time":"2023-03-24T18:36:23+00:00","og_image":[{"width":1060,"height":662,"url":"https:\/\/guidetogreenland.com\/wp-content\/uploads\/2020\/05\/Winter-Safari-Sisimiut-Guide-to-Greenland1.jpg","type":"image\/jpeg"}],"twitter_card":"summary_large_image","twitter_misc":{"Estimeret l\u00e6setid":"2 minutter"},"schema":{"@context":"https:\/\/schema.org","@graph":[{"@type":"WebPage","@id":"https:\/\/guidetogreenland.com\/da\/reserver-ferie-rejser\/vintersafari-med-monsterslaede-sisimiut\/","url":"https:\/\/guidetogreenland.com\/da\/reserver-ferie-rejser\/vintersafari-med-monsterslaede-sisimiut\/","name":"Vintersafari med monstersl\u00e6de | Sisimiut | Guide to Greenland","isPartOf":{"@id":"https:\/\/guidetogreenland.com\/da\/#website"},"primaryImageOfPage":{"@id":"https:\/\/guidetogreenland.com\/da\/reserver-ferie-rejser\/vintersafari-med-monsterslaede-sisimiut\/#primaryimage"},"image":{"@id":"https:\/\/guidetogreenland.com\/da\/reserver-ferie-rejser\/vintersafari-med-monsterslaede-sisimiut\/#primaryimage"},"thumbnailUrl":"https:\/\/guidetogreenland.com\/wp-content\/uploads\/2020\/05\/Winter-Safari-Sisimiut-Guide-to-Greenland1.jpg","datePublished":"2020-06-09T14:58:24+00:00","dateModified":"2023-03-24T18:36:23+00:00","description":"Udforsk Sisimiuts backcountry om vinteren p\u00e5 en snesl\u00e6detur, der passer til alle aldre og fysiske evner. Klik for at l\u00e6se mere og book dit eventyr.","breadcrumb":{"@id":"https:\/\/guidetogreenland.com\/da\/reserver-ferie-rejser\/vintersafari-med-monsterslaede-sisimiut\/#breadcrumb"},"inLanguage":"da-DK","potentialAction":[{"@type":"ReadAction","target":["https:\/\/guidetogreenland.com\/da\/reserver-ferie-rejser\/vintersafari-med-monsterslaede-sisimiut\/"]}]},{"@type":"ImageObject","inLanguage":"da-DK","@id":"https:\/\/guidetogreenland.com\/da\/reserver-ferie-rejser\/vintersafari-med-monsterslaede-sisimiut\/#primaryimage","url":"https:\/\/guidetogreenland.com\/wp-content\/uploads\/2020\/05\/Winter-Safari-Sisimiut-Guide-to-Greenland1.jpg","contentUrl":"https:\/\/guidetogreenland.com\/wp-content\/uploads\/2020\/05\/Winter-Safari-Sisimiut-Guide-to-Greenland1.jpg","width":1060,"height":662},{"@type":"BreadcrumbList","@id":"https:\/\/guidetogreenland.com\/da\/reserver-ferie-rejser\/vintersafari-med-monsterslaede-sisimiut\/#breadcrumb","itemListElement":[{"@type":"ListItem","position":1,"name":"Home","item":"https:\/\/guidetogreenland.com\/da\/"},{"@type":"ListItem","position":2,"name":"Se alle ture","item":"https:\/\/guidetogreenland.com\/da\/reserver-ferie-rejser\/"},{"@type":"ListItem","position":3,"name":"Vintersafari med monstersl\u00e6de | Sisimiut"}]},{"@type":"WebSite","@id":"https:\/\/guidetogreenland.com\/da\/#website","url":"https:\/\/guidetogreenland.com\/da\/","name":"Guide to Greenland","description":"Largest selection of tours in Greenland","potentialAction":[{"@type":"SearchAction","target":{"@type":"EntryPoint","urlTemplate":"https:\/\/guidetogreenland.com\/da\/?s={search_term_string}"},"query-input":{"@type":"PropertyValueSpecification","valueRequired":true,"valueName":"search_term_string"}}],"inLanguage":"da-DK"}]}},"_links":{"self":[{"href":"https:\/\/guidetogreenland.com\/da\/wp-json\/wp\/v2\/product\/15067","targetHints":{"allow":["GET"]}}],"collection":[{"href":"https:\/\/guidetogreenland.com\/da\/wp-json\/wp\/v2\/product"}],"about":[{"href":"https:\/\/guidetogreenland.com\/da\/wp-json\/wp\/v2\/types\/product"}],"replies":[{"embeddable":true,"href":"https:\/\/guidetogreenland.com\/da\/wp-json\/wp\/v2\/comments?post=15067"}],"wp:featuredmedia":[{"embeddable":true,"href":"https:\/\/guidetogreenland.com\/da\/wp-json\/wp\/v2\/media\/15068"}],"wp:attachment":[{"href":"https:\/\/guidetogreenland.com\/da\/wp-json\/wp\/v2\/media?parent=15067"}],"wp:term":[{"taxonomy":"product_brand","embeddable":true,"href":"https:\/\/guidetogreenland.com\/da\/wp-json\/wp\/v2\/product_brand?post=15067"},{"taxonomy":"product_cat","embeddable":true,"href":"https:\/\/guidetogreenland.com\/da\/wp-json\/wp\/v2\/product_cat?post=15067"},{"taxonomy":"product_tag","embeddable":true,"href":"https:\/\/guidetogreenland.com\/da\/wp-json\/wp\/v2\/product_tag?post=15067"}],"curies":[{"name":"wp","href":"https:\/\/api.w.org\/{rel}","templated":true}]}}