{"id":15070,"date":"2020-07-01T08:54:34","date_gmt":"2020-07-01T08:54:34","guid":{"rendered":"https:\/\/guidetogreenland.com\/book-trips-holiday\/crash-course-in-greenlandic-ilulissat\/"},"modified":"2023-03-24T15:04:17","modified_gmt":"2023-03-24T18:04:17","slug":"lyn-kursus-i-groenlandsk-ilulissat","status":"publish","type":"product","link":"https:\/\/guidetogreenland.com\/da\/reserver-ferie-rejser\/lynkursus-i-gronlandsk-ilulissat\/","title":{"rendered":"Lynkursus i Gr\u00f8nlandsk | Ilulissat"},"content":{"rendered":"<p class=\"x-18pep25\">vis du kan lide at l\u00e6re nye sprog, eller hvis du kan lide lyden af \u200b\u200bGr\u00f8nlandsk eller hvis du bare vil l\u00e6re lidt Gr\u00f8nlandsk bare for sjov, s\u00e5 er det her, 1 times lyn kursus for begyndere, perfekt for dig for at begynde at l\u00e6re Gr\u00f8nlandsk.<\/p>\n<p class=\"x-18pep25\">Kurset er 100% samtale baseret, det betyder at du ikke beh\u00f8ver at l\u00e6re grammatik eller l\u00e6re at l\u00e6se gr\u00f8nlandsk. Kurset vil v\u00e6re simpelt, praktisk, kort og super nemt.<\/p>\n<p class=\"e1imf5dp0 x-jm2771\">Der er kun omkring 56.000 mennesker p\u00e5 jorden, der kan tale gr\u00f8nlandsk, og man siger, at gr\u00f8nlandsk er et af de sv\u00e6reste sprog at l\u00e6re, men den m\u00e5de du vil l\u00e6re sproget p\u00e5 er den naturlige m\u00e5de, <span class=\"x-12abj6v e1uuu2lt3\">ligesom da du l\u00e6rte dansk. S\u00e5 det vil v\u00e6re nemmere for dig at l\u00e6re.<\/span><\/p>\n<p class=\"e1imf5dp0 x-jm2771\"><span class=\"x-12abj6v e1uuu2lt3\">Du vil l\u00e6re det grundl\u00e6ggende sprog\/ord\/s\u00e6tninger p\u00e5 gr\u00f8nlandsk, som du skal vide for at kunne have en samtale. I dette kursus vil du l\u00e6re hilsener, introduktioner, ord og s\u00e6tninger der handler om rejse, ugedage, m\u00e5neder og meget mere. I slutningen af \u200b\u200bkurset skal du kunne hilse og introducere dig selv til de lokale i Gr\u00f8nland og kunne have en simpel samtale med dem.<\/span><\/p>\n<p class=\"e1imf5dp0 x-jm2771\"><span class=\"x-12abj6v e1uuu2lt3\">Gr\u00f8nl\u00e6nderne elsker n\u00e5r udl\u00e6ndinge fors\u00f8ger at tale gr\u00f8nlandsk, fordi det viser, at de respekterer deres sprog, og at de har taget deres tid til at l\u00e6re det. Gr\u00f8nl\u00e6ndere s\u00e6tter pris p\u00e5 dem, der pr\u00f8ver, selvom de siger simple ord eller s\u00e6tninger som &#8216;Qujanaq&#8217;, hvilket betyder &#8216;tak&#8217; p\u00e5 gr\u00f8nlandsk.<\/span><\/p>\n<p class=\"e1imf5dp0 x-jm2771\"><span class=\"x-12abj6v e1uuu2lt3\">Der vil v\u00e6re yderligere introduktion til kurset, og du vil blive forklaret mere om hvordan kurset skal foreg\u00e5 i starten af \u200b\u200bkurset.<\/span><\/p>\n<p class=\"e1imf5dp0 x-jm2771\"><span class=\"x-12abj6v e1uuu2lt3\">Tag dette sjove og l\u00e6rerige kursus og imponer folk du kender eller andre ved at tale et af de sv\u00e6reste sprog p\u00e5 jorden, gr\u00f8nlandsk.<\/span><\/p>\n<p class=\"e1imf5dp0 x-jm2771\"><span class=\"x-12abj6v e1uuu2lt3\">Se tilg\u00e6ngeligheden ved at trykke p\u00e5 &#8216;V\u00e6lg en dag&#8217; og book kurset i dag.<\/span><\/p>\n","protected":false},"excerpt":{"rendered":"vis du kan lide at l\u00e6re nye sprog, eller hvis du kan lide lyden af \u200b\u200bGr\u00f8nlandsk eller hvis du bare vil l\u00e6re lidt Gr\u00f8nlandsk bare for sjov, s\u00e5 er det her, 1 times lyn kursus for begyndere, perfekt for dig for at begynde at l\u00e6re Gr\u00f8nlandsk. Kurset er 100% samtale baseret, det betyder at du&#8230;","protected":false},"featured_media":15072,"comment_status":"open","ping_status":"closed","template":"","meta":[],"product_brand":[],"product_cat":[629,622,623,627,643,644],"product_tag":[919],"class_list":{"0":"post-15070","1":"product","2":"type-product","3":"status-publish","4":"has-post-thumbnail","6":"product_cat-disko-bugten","7":"product_cat-groenlandsk-kultur","8":"product_cat-kulturelle-aktiviteter","9":"product_cat-ture-i-bestemte-omraader","10":"product_cat-ture-i-hver-by","11":"product_cat-ture-i-ilulissat","12":"product_tag-ilulissat-da","13":"pa_activities-groenlandsk-kultur","14":"pa_available-month-januar","15":"pa_available-month-februar","16":"pa_available-month-marts","17":"pa_available-month-april","18":"pa_available-month-maj","19":"pa_available-month-juni","20":"pa_available-month-juli","21":"pa_available-month-august","22":"pa_available-month-september","23":"pa_available-month-oktober","24":"pa_available-month-november","25":"pa_available-month-december","26":"pa_destinations-ilulissat","27":"pa_difficulty-let","28":"pa_duration-1-time","29":"pa_tour-type-dagsture","30":"yith_shop_vendor-ilulissat-water-safari-da","32":"first","33":"instock","34":"virtual","35":"sold-individually","36":"purchasable","37":"product-type-booking"},"acf":[],"yoast_head":"<!-- This site is optimized with the Yoast SEO plugin v25.6 - https:\/\/yoast.com\/wordpress\/plugins\/seo\/ -->\n<title>Lynkursus i Gr\u00f8nlandsk | Ilulissat | Guide to Greenland<\/title>\n<meta name=\"robots\" content=\"index, follow, max-snippet:-1, max-image-preview:large, max-video-preview:-1\" \/>\n<link rel=\"canonical\" href=\"https:\/\/guidetogreenland.com\/da\/reserver-ferie-rejser\/lynkursus-i-gronlandsk-ilulissat\/\" \/>\n<meta property=\"og:locale\" content=\"da_DK\" \/>\n<meta property=\"og:type\" content=\"article\" \/>\n<meta property=\"og:title\" content=\"Lynkursus i Gr\u00f8nlandsk | Ilulissat | Guide to Greenland\" \/>\n<meta property=\"og:description\" content=\"vis du kan lide at l\u00e6re nye sprog, eller hvis du kan lide lyden af \u200b\u200bGr\u00f8nlandsk eller hvis du bare vil l\u00e6re lidt Gr\u00f8nlandsk bare for sjov, s\u00e5 er det her, 1 times lyn kursus for begyndere, perfekt for dig for at begynde at l\u00e6re Gr\u00f8nlandsk. Kurset er 100% samtale baseret, det betyder at du...\" \/>\n<meta property=\"og:url\" content=\"https:\/\/guidetogreenland.com\/da\/reserver-ferie-rejser\/lynkursus-i-gronlandsk-ilulissat\/\" \/>\n<meta property=\"og:site_name\" content=\"Guide to Greenland\" \/>\n<meta property=\"article:modified_time\" content=\"2023-03-24T18:04:17+00:00\" \/>\n<meta property=\"og:image\" content=\"https:\/\/guidetogreenland.com\/wp-content\/uploads\/2020\/05\/Crash-Course-in-Greenlandic-Ilulissat-Guide-to-Greenland2.jpeg\" \/>\n\t<meta property=\"og:image:width\" content=\"853\" \/>\n\t<meta property=\"og:image:height\" content=\"659\" \/>\n\t<meta property=\"og:image:type\" content=\"image\/jpeg\" \/>\n<meta name=\"twitter:card\" content=\"summary_large_image\" \/>\n<meta name=\"twitter:label1\" content=\"Estimeret l\u00e6setid\" \/>\n\t<meta name=\"twitter:data1\" content=\"2 minutter\" \/>\n<script type=\"application\/ld+json\" class=\"yoast-schema-graph\">{\"@context\":\"https:\/\/schema.org\",\"@graph\":[{\"@type\":\"WebPage\",\"@id\":\"https:\/\/guidetogreenland.com\/da\/reserver-ferie-rejser\/lynkursus-i-gronlandsk-ilulissat\/\",\"url\":\"https:\/\/guidetogreenland.com\/da\/reserver-ferie-rejser\/lynkursus-i-gronlandsk-ilulissat\/\",\"name\":\"Lynkursus i Gr\u00f8nlandsk | Ilulissat | Guide to Greenland\",\"isPartOf\":{\"@id\":\"https:\/\/guidetogreenland.com\/da\/#website\"},\"primaryImageOfPage\":{\"@id\":\"https:\/\/guidetogreenland.com\/da\/reserver-ferie-rejser\/lynkursus-i-gronlandsk-ilulissat\/#primaryimage\"},\"image\":{\"@id\":\"https:\/\/guidetogreenland.com\/da\/reserver-ferie-rejser\/lynkursus-i-gronlandsk-ilulissat\/#primaryimage\"},\"thumbnailUrl\":\"https:\/\/guidetogreenland.com\/wp-content\/uploads\/2020\/05\/Crash-Course-in-Greenlandic-Ilulissat-Guide-to-Greenland2.jpeg\",\"datePublished\":\"2020-07-01T08:54:34+00:00\",\"dateModified\":\"2023-03-24T18:04:17+00:00\",\"breadcrumb\":{\"@id\":\"https:\/\/guidetogreenland.com\/da\/reserver-ferie-rejser\/lynkursus-i-gronlandsk-ilulissat\/#breadcrumb\"},\"inLanguage\":\"da-DK\",\"potentialAction\":[{\"@type\":\"ReadAction\",\"target\":[\"https:\/\/guidetogreenland.com\/da\/reserver-ferie-rejser\/lynkursus-i-gronlandsk-ilulissat\/\"]}]},{\"@type\":\"ImageObject\",\"inLanguage\":\"da-DK\",\"@id\":\"https:\/\/guidetogreenland.com\/da\/reserver-ferie-rejser\/lynkursus-i-gronlandsk-ilulissat\/#primaryimage\",\"url\":\"https:\/\/guidetogreenland.com\/wp-content\/uploads\/2020\/05\/Crash-Course-in-Greenlandic-Ilulissat-Guide-to-Greenland2.jpeg\",\"contentUrl\":\"https:\/\/guidetogreenland.com\/wp-content\/uploads\/2020\/05\/Crash-Course-in-Greenlandic-Ilulissat-Guide-to-Greenland2.jpeg\",\"width\":853,\"height\":659},{\"@type\":\"BreadcrumbList\",\"@id\":\"https:\/\/guidetogreenland.com\/da\/reserver-ferie-rejser\/lynkursus-i-gronlandsk-ilulissat\/#breadcrumb\",\"itemListElement\":[{\"@type\":\"ListItem\",\"position\":1,\"name\":\"Home\",\"item\":\"https:\/\/guidetogreenland.com\/da\/\"},{\"@type\":\"ListItem\",\"position\":2,\"name\":\"Se alle ture\",\"item\":\"https:\/\/guidetogreenland.com\/da\/reserver-ferie-rejser\/\"},{\"@type\":\"ListItem\",\"position\":3,\"name\":\"Lynkursus i Gr\u00f8nlandsk | Ilulissat\"}]},{\"@type\":\"WebSite\",\"@id\":\"https:\/\/guidetogreenland.com\/da\/#website\",\"url\":\"https:\/\/guidetogreenland.com\/da\/\",\"name\":\"Guide to Greenland\",\"description\":\"Largest selection of tours in Greenland\",\"potentialAction\":[{\"@type\":\"SearchAction\",\"target\":{\"@type\":\"EntryPoint\",\"urlTemplate\":\"https:\/\/guidetogreenland.com\/da\/?s={search_term_string}\"},\"query-input\":{\"@type\":\"PropertyValueSpecification\",\"valueRequired\":true,\"valueName\":\"search_term_string\"}}],\"inLanguage\":\"da-DK\"}]}<\/script>\n<!-- \/ Yoast SEO plugin. -->","yoast_head_json":{"title":"Lynkursus i Gr\u00f8nlandsk | Ilulissat | Guide to Greenland","robots":{"index":"index","follow":"follow","max-snippet":"max-snippet:-1","max-image-preview":"max-image-preview:large","max-video-preview":"max-video-preview:-1"},"canonical":"https:\/\/guidetogreenland.com\/da\/reserver-ferie-rejser\/lynkursus-i-gronlandsk-ilulissat\/","og_locale":"da_DK","og_type":"article","og_title":"Lynkursus i Gr\u00f8nlandsk | Ilulissat | Guide to Greenland","og_description":"vis du kan lide at l\u00e6re nye sprog, eller hvis du kan lide lyden af \u200b\u200bGr\u00f8nlandsk eller hvis du bare vil l\u00e6re lidt Gr\u00f8nlandsk bare for sjov, s\u00e5 er det her, 1 times lyn kursus for begyndere, perfekt for dig for at begynde at l\u00e6re Gr\u00f8nlandsk. Kurset er 100% samtale baseret, det betyder at du...","og_url":"https:\/\/guidetogreenland.com\/da\/reserver-ferie-rejser\/lynkursus-i-gronlandsk-ilulissat\/","og_site_name":"Guide to Greenland","article_modified_time":"2023-03-24T18:04:17+00:00","og_image":[{"width":853,"height":659,"url":"https:\/\/guidetogreenland.com\/wp-content\/uploads\/2020\/05\/Crash-Course-in-Greenlandic-Ilulissat-Guide-to-Greenland2.jpeg","type":"image\/jpeg"}],"twitter_card":"summary_large_image","twitter_misc":{"Estimeret l\u00e6setid":"2 minutter"},"schema":{"@context":"https:\/\/schema.org","@graph":[{"@type":"WebPage","@id":"https:\/\/guidetogreenland.com\/da\/reserver-ferie-rejser\/lynkursus-i-gronlandsk-ilulissat\/","url":"https:\/\/guidetogreenland.com\/da\/reserver-ferie-rejser\/lynkursus-i-gronlandsk-ilulissat\/","name":"Lynkursus i Gr\u00f8nlandsk | Ilulissat | Guide to Greenland","isPartOf":{"@id":"https:\/\/guidetogreenland.com\/da\/#website"},"primaryImageOfPage":{"@id":"https:\/\/guidetogreenland.com\/da\/reserver-ferie-rejser\/lynkursus-i-gronlandsk-ilulissat\/#primaryimage"},"image":{"@id":"https:\/\/guidetogreenland.com\/da\/reserver-ferie-rejser\/lynkursus-i-gronlandsk-ilulissat\/#primaryimage"},"thumbnailUrl":"https:\/\/guidetogreenland.com\/wp-content\/uploads\/2020\/05\/Crash-Course-in-Greenlandic-Ilulissat-Guide-to-Greenland2.jpeg","datePublished":"2020-07-01T08:54:34+00:00","dateModified":"2023-03-24T18:04:17+00:00","breadcrumb":{"@id":"https:\/\/guidetogreenland.com\/da\/reserver-ferie-rejser\/lynkursus-i-gronlandsk-ilulissat\/#breadcrumb"},"inLanguage":"da-DK","potentialAction":[{"@type":"ReadAction","target":["https:\/\/guidetogreenland.com\/da\/reserver-ferie-rejser\/lynkursus-i-gronlandsk-ilulissat\/"]}]},{"@type":"ImageObject","inLanguage":"da-DK","@id":"https:\/\/guidetogreenland.com\/da\/reserver-ferie-rejser\/lynkursus-i-gronlandsk-ilulissat\/#primaryimage","url":"https:\/\/guidetogreenland.com\/wp-content\/uploads\/2020\/05\/Crash-Course-in-Greenlandic-Ilulissat-Guide-to-Greenland2.jpeg","contentUrl":"https:\/\/guidetogreenland.com\/wp-content\/uploads\/2020\/05\/Crash-Course-in-Greenlandic-Ilulissat-Guide-to-Greenland2.jpeg","width":853,"height":659},{"@type":"BreadcrumbList","@id":"https:\/\/guidetogreenland.com\/da\/reserver-ferie-rejser\/lynkursus-i-gronlandsk-ilulissat\/#breadcrumb","itemListElement":[{"@type":"ListItem","position":1,"name":"Home","item":"https:\/\/guidetogreenland.com\/da\/"},{"@type":"ListItem","position":2,"name":"Se alle ture","item":"https:\/\/guidetogreenland.com\/da\/reserver-ferie-rejser\/"},{"@type":"ListItem","position":3,"name":"Lynkursus i Gr\u00f8nlandsk | Ilulissat"}]},{"@type":"WebSite","@id":"https:\/\/guidetogreenland.com\/da\/#website","url":"https:\/\/guidetogreenland.com\/da\/","name":"Guide to Greenland","description":"Largest selection of tours in Greenland","potentialAction":[{"@type":"SearchAction","target":{"@type":"EntryPoint","urlTemplate":"https:\/\/guidetogreenland.com\/da\/?s={search_term_string}"},"query-input":{"@type":"PropertyValueSpecification","valueRequired":true,"valueName":"search_term_string"}}],"inLanguage":"da-DK"}]}},"_links":{"self":[{"href":"https:\/\/guidetogreenland.com\/da\/wp-json\/wp\/v2\/product\/15070","targetHints":{"allow":["GET"]}}],"collection":[{"href":"https:\/\/guidetogreenland.com\/da\/wp-json\/wp\/v2\/product"}],"about":[{"href":"https:\/\/guidetogreenland.com\/da\/wp-json\/wp\/v2\/types\/product"}],"replies":[{"embeddable":true,"href":"https:\/\/guidetogreenland.com\/da\/wp-json\/wp\/v2\/comments?post=15070"}],"wp:featuredmedia":[{"embeddable":true,"href":"https:\/\/guidetogreenland.com\/da\/wp-json\/wp\/v2\/media\/15072"}],"wp:attachment":[{"href":"https:\/\/guidetogreenland.com\/da\/wp-json\/wp\/v2\/media?parent=15070"}],"wp:term":[{"taxonomy":"product_brand","embeddable":true,"href":"https:\/\/guidetogreenland.com\/da\/wp-json\/wp\/v2\/product_brand?post=15070"},{"taxonomy":"product_cat","embeddable":true,"href":"https:\/\/guidetogreenland.com\/da\/wp-json\/wp\/v2\/product_cat?post=15070"},{"taxonomy":"product_tag","embeddable":true,"href":"https:\/\/guidetogreenland.com\/da\/wp-json\/wp\/v2\/product_tag?post=15070"}],"curies":[{"name":"wp","href":"https:\/\/api.w.org\/{rel}","templated":true}]}}