{"id":15088,"date":"2020-06-11T12:34:43","date_gmt":"2020-06-11T12:34:43","guid":{"rendered":"https:\/\/guidetogreenland.com\/book-trips-holiday\/5-day-package-nuuk-in-the-winter-west-greenland\/"},"modified":"2023-06-02T14:52:29","modified_gmt":"2023-06-02T17:52:29","slug":"5-day-package-nuuk-in-the-winter-west-greenland","status":"publish","type":"product","link":"https:\/\/guidetogreenland.com\/da\/reserver-ferie-rejser\/nuuk-vinterpakke-5-dage-vestgronland\/","title":{"rendered":"Nuuk Vinterpakke | 5-Dage | Vestgr\u00f8nland"},"content":{"rendered":"<p class=\"x-18pep25\">Oplev vinterens m\u00f8rke aftener og lyse dage i Gr\u00f8nlands hovedstad Nuuk, verdens mindste hovedstad med denne 5-dages pakke! En enest\u00e5ende tur for dig, der \u00f8nsker at opleve det bedste, Nuuk har at byde p\u00e5.<\/p>\n<p class=\"e1imf5dp0 x-jm2771\">Om vinteren viser Gr\u00f8nland sin helt unikke side d\u00e6kket af sne. Ligesom andre byer langs kysten er Nuuk omgivet af fantastisk natur som om vinteren er d\u00e6kket af et lag sne, og selvom vintertidens m\u00f8rke aftener er l\u00e6ngere virker alt meget lysere &#8211; is\u00e6r flotte solopgange og solnedgange er vildt imponerende. Om sommeren bliver det stort set ikke m\u00f8rkt, men n\u00e5r vi n\u00e5r vinteren kan man se det flotte <span class=\"x-12abj6v e1uuu2lt3\">nordlys!<\/span><\/p>\n<p class=\"e1imf5dp0 x-jm2771\"><span class=\"x-12abj6v e1uuu2lt3\">Nuuk er Gr\u00f8nlands st\u00f8rste by p\u00e5 omkring 18.000 indbyggere og her m\u00f8der man en fascinerende blanding af traditionelle og moderne levem\u00e5der. I hjertet af Nuuk finder man hyggelige caf\u00e9er og restauranter, der er en blanding af gr\u00f8nlandsk- og europ\u00e6iskinspireret gastronomi. I fashionbutikkerne kan man finde t\u00f8j med inuit m\u00f8nstre og varme strik af moskusuld.<\/span><\/p>\n<p class=\"e1imf5dp0 x-jm2771\"><span class=\"x-12abj6v e1uuu2lt3\">I Nuuk omr\u00e5det finder man det 2. st\u00f8rste fjordsystem i hele verden &#8211;\u00a0 Nuup Kangerlua, hvor der er gode muligheder for at sejle. Havet i fjorden fryser ikke til om vinteren, s\u00e5 man kan tage p\u00e5 en sejlads gennem fjorden mens man er omringet af fantastiske h\u00f8je fjelde iblandt isbjerge! I fjorden er der flere forladte bygder og \u00e9n aktiv bygd. Inderst inde finder man den charmerende bygd Kapisillit som har omkring 50 indbyggere med fiskeri som hovederhverv. Bygden ligger omkring 100 km \u00f8st for Nuuk, og da man ikke har veje til andre byer eller bygder skal man sejle med b\u00e5d eller med skib. \u00a0<\/span><\/p>\n<p class=\"e1imf5dp0 x-jm2771\"><span class=\"x-12abj6v e1uuu2lt3\">I denne pakke f\u00e5r du oplevet nuancen mellem en moderne by og en unik bygd med i oplevelsen, du bliver nemt imponeret over, hvor stor forskelligheden kan v\u00e6re mellem byer og bygder! Vi sejler fra Nuuk til Kapisillit og oplever at v\u00e6re i fjordsystemet.<\/span><\/p>\n<p class=\"e1imf5dp0 x-jm2771\"><span class=\"x-12abj6v e1uuu2lt3\">Pak dine tasker, og medbring din varmeste hue! Tjek tilg\u00e6ngeligheden p\u00e5 turen ved at trykke p\u00e5 \u201cV\u00e6lg en dag\u201d for oven.<\/span><\/p>\n","protected":false},"excerpt":{"rendered":"Oplev vinterens m\u00f8rke aftener og lyse dage i Gr\u00f8nlands hovedstad Nuuk, verdens mindste hovedstad med denne 5-dages pakke! En enest\u00e5ende tur for dig, der \u00f8nsker at opleve det bedste, Nuuk har at byde p\u00e5. Om vinteren viser Gr\u00f8nland sin helt unikke side d\u00e6kket af sne. Ligesom andre byer langs kysten er Nuuk omgivet af fantastisk&#8230;","protected":false},"featured_media":15089,"comment_status":"open","ping_status":"closed","template":"","meta":[],"product_brand":[],"product_cat":[854],"product_tag":[],"class_list":{"0":"post-15088","1":"product","2":"type-product","3":"status-publish","4":"has-post-thumbnail","6":"product_cat-uncategorized-da","7":"pa_activities-baadtur","8":"pa_activities-byrundtur","9":"pa_activities-madsmagning","10":"pa_activities-isbjerg-udsigt","11":"pa_activities-bygdebesoeg","12":"pa_activities-nordlys","13":"pa_attractions-nuuk-fjord","14":"pa_available-month-januar","15":"pa_available-month-februar","16":"pa_available-month-marts","17":"pa_available-month-april","18":"pa_available-month-december","19":"pa_destinations-nuuk","20":"pa_difficulty-let","21":"pa_duration-5-dage","22":"pa_tour-type-flerdags-ture","23":"yith_shop_vendor-tupilak-travel-da","24":"yith_booking_service-northern-lights-tour-by-boat","25":"yith_booking_service-upgrade-to-hotel-2050dkk-per-person","27":"first","28":"instock","29":"virtual","30":"sold-individually","31":"purchasable","32":"product-type-booking"},"acf":[],"yoast_head":"<!-- This site is optimized with the Yoast SEO plugin v25.6 - https:\/\/yoast.com\/wordpress\/plugins\/seo\/ -->\n<title>Nuuk Vinterpakke | 5-Dage | Vestgr\u00f8nland | Guide to Greenland<\/title>\n<meta name=\"robots\" content=\"index, follow, max-snippet:-1, max-image-preview:large, max-video-preview:-1\" \/>\n<link rel=\"canonical\" href=\"https:\/\/guidetogreenland.com\/da\/reserver-ferie-rejser\/nuuk-vinterpakke-5-dage-vestgronland\/\" \/>\n<meta property=\"og:locale\" content=\"da_DK\" \/>\n<meta property=\"og:type\" content=\"article\" \/>\n<meta property=\"og:title\" content=\"Nuuk Vinterpakke | 5-Dage | Vestgr\u00f8nland | Guide to Greenland\" \/>\n<meta property=\"og:description\" content=\"Oplev vinterens m\u00f8rke aftener og lyse dage i Gr\u00f8nlands hovedstad Nuuk, verdens mindste hovedstad med denne 5-dages pakke! En enest\u00e5ende tur for dig, der \u00f8nsker at opleve det bedste, Nuuk har at byde p\u00e5. Om vinteren viser Gr\u00f8nland sin helt unikke side d\u00e6kket af sne. Ligesom andre byer langs kysten er Nuuk omgivet af fantastisk...\" \/>\n<meta property=\"og:url\" content=\"https:\/\/guidetogreenland.com\/da\/reserver-ferie-rejser\/nuuk-vinterpakke-5-dage-vestgronland\/\" \/>\n<meta property=\"og:site_name\" content=\"Guide to Greenland\" \/>\n<meta property=\"article:modified_time\" content=\"2023-06-02T17:52:29+00:00\" \/>\n<meta property=\"og:image\" content=\"https:\/\/guidetogreenland.com\/wp-content\/uploads\/2020\/05\/5-day-package-nuuk-in-the-winter-west-greenland-Guide-to-Greenland1.jpg\" \/>\n\t<meta property=\"og:image:width\" content=\"1779\" \/>\n\t<meta property=\"og:image:height\" content=\"1185\" \/>\n\t<meta property=\"og:image:type\" content=\"image\/jpeg\" \/>\n<meta name=\"twitter:card\" content=\"summary_large_image\" \/>\n<meta name=\"twitter:label1\" content=\"Estimeret l\u00e6setid\" \/>\n\t<meta name=\"twitter:data1\" content=\"2 minutter\" \/>\n<script type=\"application\/ld+json\" class=\"yoast-schema-graph\">{\"@context\":\"https:\/\/schema.org\",\"@graph\":[{\"@type\":\"WebPage\",\"@id\":\"https:\/\/guidetogreenland.com\/da\/reserver-ferie-rejser\/nuuk-vinterpakke-5-dage-vestgronland\/\",\"url\":\"https:\/\/guidetogreenland.com\/da\/reserver-ferie-rejser\/nuuk-vinterpakke-5-dage-vestgronland\/\",\"name\":\"Nuuk Vinterpakke | 5-Dage | Vestgr\u00f8nland | Guide to Greenland\",\"isPartOf\":{\"@id\":\"https:\/\/guidetogreenland.com\/da\/#website\"},\"primaryImageOfPage\":{\"@id\":\"https:\/\/guidetogreenland.com\/da\/reserver-ferie-rejser\/nuuk-vinterpakke-5-dage-vestgronland\/#primaryimage\"},\"image\":{\"@id\":\"https:\/\/guidetogreenland.com\/da\/reserver-ferie-rejser\/nuuk-vinterpakke-5-dage-vestgronland\/#primaryimage\"},\"thumbnailUrl\":\"https:\/\/guidetogreenland.com\/wp-content\/uploads\/2020\/05\/5-day-package-nuuk-in-the-winter-west-greenland-Guide-to-Greenland1.jpg\",\"datePublished\":\"2020-06-11T12:34:43+00:00\",\"dateModified\":\"2023-06-02T17:52:29+00:00\",\"breadcrumb\":{\"@id\":\"https:\/\/guidetogreenland.com\/da\/reserver-ferie-rejser\/nuuk-vinterpakke-5-dage-vestgronland\/#breadcrumb\"},\"inLanguage\":\"da-DK\",\"potentialAction\":[{\"@type\":\"ReadAction\",\"target\":[\"https:\/\/guidetogreenland.com\/da\/reserver-ferie-rejser\/nuuk-vinterpakke-5-dage-vestgronland\/\"]}]},{\"@type\":\"ImageObject\",\"inLanguage\":\"da-DK\",\"@id\":\"https:\/\/guidetogreenland.com\/da\/reserver-ferie-rejser\/nuuk-vinterpakke-5-dage-vestgronland\/#primaryimage\",\"url\":\"https:\/\/guidetogreenland.com\/wp-content\/uploads\/2020\/05\/5-day-package-nuuk-in-the-winter-west-greenland-Guide-to-Greenland1.jpg\",\"contentUrl\":\"https:\/\/guidetogreenland.com\/wp-content\/uploads\/2020\/05\/5-day-package-nuuk-in-the-winter-west-greenland-Guide-to-Greenland1.jpg\",\"width\":1779,\"height\":1185},{\"@type\":\"BreadcrumbList\",\"@id\":\"https:\/\/guidetogreenland.com\/da\/reserver-ferie-rejser\/nuuk-vinterpakke-5-dage-vestgronland\/#breadcrumb\",\"itemListElement\":[{\"@type\":\"ListItem\",\"position\":1,\"name\":\"Home\",\"item\":\"https:\/\/guidetogreenland.com\/da\/\"},{\"@type\":\"ListItem\",\"position\":2,\"name\":\"Se alle ture\",\"item\":\"https:\/\/guidetogreenland.com\/da\/reserver-ferie-rejser\/\"},{\"@type\":\"ListItem\",\"position\":3,\"name\":\"Nuuk Vinterpakke | 5-Dage | Vestgr\u00f8nland\"}]},{\"@type\":\"WebSite\",\"@id\":\"https:\/\/guidetogreenland.com\/da\/#website\",\"url\":\"https:\/\/guidetogreenland.com\/da\/\",\"name\":\"Guide to Greenland\",\"description\":\"Largest selection of tours in Greenland\",\"potentialAction\":[{\"@type\":\"SearchAction\",\"target\":{\"@type\":\"EntryPoint\",\"urlTemplate\":\"https:\/\/guidetogreenland.com\/da\/?s={search_term_string}\"},\"query-input\":{\"@type\":\"PropertyValueSpecification\",\"valueRequired\":true,\"valueName\":\"search_term_string\"}}],\"inLanguage\":\"da-DK\"}]}<\/script>\n<!-- \/ Yoast SEO plugin. -->","yoast_head_json":{"title":"Nuuk Vinterpakke | 5-Dage | Vestgr\u00f8nland | Guide to Greenland","robots":{"index":"index","follow":"follow","max-snippet":"max-snippet:-1","max-image-preview":"max-image-preview:large","max-video-preview":"max-video-preview:-1"},"canonical":"https:\/\/guidetogreenland.com\/da\/reserver-ferie-rejser\/nuuk-vinterpakke-5-dage-vestgronland\/","og_locale":"da_DK","og_type":"article","og_title":"Nuuk Vinterpakke | 5-Dage | Vestgr\u00f8nland | Guide to Greenland","og_description":"Oplev vinterens m\u00f8rke aftener og lyse dage i Gr\u00f8nlands hovedstad Nuuk, verdens mindste hovedstad med denne 5-dages pakke! En enest\u00e5ende tur for dig, der \u00f8nsker at opleve det bedste, Nuuk har at byde p\u00e5. Om vinteren viser Gr\u00f8nland sin helt unikke side d\u00e6kket af sne. Ligesom andre byer langs kysten er Nuuk omgivet af fantastisk...","og_url":"https:\/\/guidetogreenland.com\/da\/reserver-ferie-rejser\/nuuk-vinterpakke-5-dage-vestgronland\/","og_site_name":"Guide to Greenland","article_modified_time":"2023-06-02T17:52:29+00:00","og_image":[{"width":1779,"height":1185,"url":"https:\/\/guidetogreenland.com\/wp-content\/uploads\/2020\/05\/5-day-package-nuuk-in-the-winter-west-greenland-Guide-to-Greenland1.jpg","type":"image\/jpeg"}],"twitter_card":"summary_large_image","twitter_misc":{"Estimeret l\u00e6setid":"2 minutter"},"schema":{"@context":"https:\/\/schema.org","@graph":[{"@type":"WebPage","@id":"https:\/\/guidetogreenland.com\/da\/reserver-ferie-rejser\/nuuk-vinterpakke-5-dage-vestgronland\/","url":"https:\/\/guidetogreenland.com\/da\/reserver-ferie-rejser\/nuuk-vinterpakke-5-dage-vestgronland\/","name":"Nuuk Vinterpakke | 5-Dage | Vestgr\u00f8nland | Guide to Greenland","isPartOf":{"@id":"https:\/\/guidetogreenland.com\/da\/#website"},"primaryImageOfPage":{"@id":"https:\/\/guidetogreenland.com\/da\/reserver-ferie-rejser\/nuuk-vinterpakke-5-dage-vestgronland\/#primaryimage"},"image":{"@id":"https:\/\/guidetogreenland.com\/da\/reserver-ferie-rejser\/nuuk-vinterpakke-5-dage-vestgronland\/#primaryimage"},"thumbnailUrl":"https:\/\/guidetogreenland.com\/wp-content\/uploads\/2020\/05\/5-day-package-nuuk-in-the-winter-west-greenland-Guide-to-Greenland1.jpg","datePublished":"2020-06-11T12:34:43+00:00","dateModified":"2023-06-02T17:52:29+00:00","breadcrumb":{"@id":"https:\/\/guidetogreenland.com\/da\/reserver-ferie-rejser\/nuuk-vinterpakke-5-dage-vestgronland\/#breadcrumb"},"inLanguage":"da-DK","potentialAction":[{"@type":"ReadAction","target":["https:\/\/guidetogreenland.com\/da\/reserver-ferie-rejser\/nuuk-vinterpakke-5-dage-vestgronland\/"]}]},{"@type":"ImageObject","inLanguage":"da-DK","@id":"https:\/\/guidetogreenland.com\/da\/reserver-ferie-rejser\/nuuk-vinterpakke-5-dage-vestgronland\/#primaryimage","url":"https:\/\/guidetogreenland.com\/wp-content\/uploads\/2020\/05\/5-day-package-nuuk-in-the-winter-west-greenland-Guide-to-Greenland1.jpg","contentUrl":"https:\/\/guidetogreenland.com\/wp-content\/uploads\/2020\/05\/5-day-package-nuuk-in-the-winter-west-greenland-Guide-to-Greenland1.jpg","width":1779,"height":1185},{"@type":"BreadcrumbList","@id":"https:\/\/guidetogreenland.com\/da\/reserver-ferie-rejser\/nuuk-vinterpakke-5-dage-vestgronland\/#breadcrumb","itemListElement":[{"@type":"ListItem","position":1,"name":"Home","item":"https:\/\/guidetogreenland.com\/da\/"},{"@type":"ListItem","position":2,"name":"Se alle ture","item":"https:\/\/guidetogreenland.com\/da\/reserver-ferie-rejser\/"},{"@type":"ListItem","position":3,"name":"Nuuk Vinterpakke | 5-Dage | Vestgr\u00f8nland"}]},{"@type":"WebSite","@id":"https:\/\/guidetogreenland.com\/da\/#website","url":"https:\/\/guidetogreenland.com\/da\/","name":"Guide to Greenland","description":"Largest selection of tours in Greenland","potentialAction":[{"@type":"SearchAction","target":{"@type":"EntryPoint","urlTemplate":"https:\/\/guidetogreenland.com\/da\/?s={search_term_string}"},"query-input":{"@type":"PropertyValueSpecification","valueRequired":true,"valueName":"search_term_string"}}],"inLanguage":"da-DK"}]}},"_links":{"self":[{"href":"https:\/\/guidetogreenland.com\/da\/wp-json\/wp\/v2\/product\/15088","targetHints":{"allow":["GET"]}}],"collection":[{"href":"https:\/\/guidetogreenland.com\/da\/wp-json\/wp\/v2\/product"}],"about":[{"href":"https:\/\/guidetogreenland.com\/da\/wp-json\/wp\/v2\/types\/product"}],"replies":[{"embeddable":true,"href":"https:\/\/guidetogreenland.com\/da\/wp-json\/wp\/v2\/comments?post=15088"}],"wp:featuredmedia":[{"embeddable":true,"href":"https:\/\/guidetogreenland.com\/da\/wp-json\/wp\/v2\/media\/15089"}],"wp:attachment":[{"href":"https:\/\/guidetogreenland.com\/da\/wp-json\/wp\/v2\/media?parent=15088"}],"wp:term":[{"taxonomy":"product_brand","embeddable":true,"href":"https:\/\/guidetogreenland.com\/da\/wp-json\/wp\/v2\/product_brand?post=15088"},{"taxonomy":"product_cat","embeddable":true,"href":"https:\/\/guidetogreenland.com\/da\/wp-json\/wp\/v2\/product_cat?post=15088"},{"taxonomy":"product_tag","embeddable":true,"href":"https:\/\/guidetogreenland.com\/da\/wp-json\/wp\/v2\/product_tag?post=15088"}],"curies":[{"name":"wp","href":"https:\/\/api.w.org\/{rel}","templated":true}]}}