{"id":15116,"date":"2020-07-03T09:01:31","date_gmt":"2020-07-03T09:01:31","guid":{"rendered":"https:\/\/guidetogreenland.com\/book-trips-holiday\/art-science-and-society-nuuk\/"},"modified":"2021-02-04T19:14:04","modified_gmt":"2021-02-04T19:14:04","slug":"art-science-and-society-nuuk","status":"publish","type":"product","link":"https:\/\/guidetogreenland.com\/da\/reserver-ferie-rejser\/arkitektur-kultur-og-videnskab-nuuk\/","title":{"rendered":"Arkitektur, kultur og videnskab | Nuuk"},"content":{"rendered":"<p class=\"x-18pep25\">Denne tur\u00a0kombinerer bes\u00f8g p\u00e5 to af Nuuks mest interessante steder: Gr\u00f8nlands Naturinstitut\u00a0og Ilimmafik &#8211; Gr\u00f8nlands Universitetsbygning.\u00a0Turen fokuserer p\u00e5 de smukke og arkitektonisk interessante bygninger, der med 10 \u00e5rs mellemrum begge er udsmykket af de internationalt anerkendte gr\u00f8nlandske kunstnere, Aka H\u00f8egh og Anne-Birthe Hove.<\/p>\n<p class=\"e1imf5dp0 x-jm2771\">Guiden Kitte Witting var tilknyttet Naturinstituttet som projektleder i instituttets \u00a0kommunikationssekretariat fra 2009 \u2013 2013 og vil orientere om Naturinstituttets historie og videnskabelige opgaver, som r\u00e5dgiver for Gr\u00f8nlands Selvstyre for at sikre en b\u00e6redygt<span class=\"x-12abj6v e1uuu2lt3\">ig udnyttelse af de levende ressourcer.<\/span><\/p>\n<p class=\"e1imf5dp0 x-jm2771\"><span class=\"x-12abj6v e1uuu2lt3\">Udstillingen Paasisaqarusuppunga, Science and Society, \u00e5bnede officielt i 2013. Udstillingen\u00a0binder bygningen sammen og inspirerer den bes\u00f8gende til at udforske det arkitektoniske landskab, mens man l\u00e6rer om naturvidenskabens sp\u00e6de start i Gr\u00f8nland med den danske mission\u00e6r og senere biskop over K\u00f8benhavn, Otto Fabricius.\u00a0Udstillingen tager udgangspunkt i hans beundringsv\u00e6rdige arbejde som humanist og videnskabsmand, der dannede basis for den verdensber\u00f8mte Fauna Groenlandica, publiceret 1790. Udstillingen viser ogs\u00e5\u00a0\u201cPlankton Skyen\u201d som skaber et imponerende kig\u00a0ind i havets s\u00e6dvanligvis usynlige mikroverden og den forstenede skal af verdens st\u00f8rste musling, der levede for cirka 83 millioner \u00e5r siden. \u00a0<\/span><\/p>\n<p class=\"e1imf5dp0 x-jm2771\"><span class=\"x-12abj6v e1uuu2lt3\">Derefter g\u00e5r vi til nabobygningen, Ilimmarfik, der huser Gr\u00f8nlands Universitet\u00a0og\u00a0Gr\u00f8nlands Nationalarkiv, Groenlandica. Ilimmarfik stod f\u00e6rdig i 2008, 10 \u00e5r efter Naturinstituttet. Denne bygning er ogs\u00e5 udsmykket af Aka H\u00f8egh og Anne Birthe Hove og desuden\u00a0findes v\u00e6rker af Julie Edel Hardenberg m.fl.\u00a0Efter turen er det muligt at k\u00f8be frokost, kaffe og kage i Ilimmarfiks kantine og nyde den vidunderlig udsigt over fjorden til Nuuks kendetegn, bjerget Sermitsiaq.<\/span><\/p>\n<p class=\"e1imf5dp0 x-jm2771\"><span class=\"x-12abj6v e1uuu2lt3\">Turen tager op til 2 timer. Der er mulighed for at side og slappe af under turen, mens man lytter til historier og fakta om bygningerne, kunsten og det videnskabelige arbejde p\u00e5 de Naturinstituttet og universitetet.<\/span><\/p>\n<p class=\"e1imf5dp0 x-jm2771\"><span class=\"x-12abj6v e1uuu2lt3\">Se hvorn\u00e5r der er ture ved at klikke p\u00e5 &#8220;V\u00e6lg en dag&#8221; ovenfor, og oplev en helt anden side af Nuuk.\u00a0<\/span><\/p>\n<p class=\"e1imf5dp0 x-jm2771\">\n","protected":false},"excerpt":{"rendered":"Denne tur\u00a0kombinerer bes\u00f8g p\u00e5 to af Nuuks mest interessante steder: Gr\u00f8nlands Naturinstitut\u00a0og Ilimmafik &#8211; Gr\u00f8nlands Universitetsbygning.\u00a0Turen fokuserer p\u00e5 de smukke og arkitektonisk interessante bygninger, der med 10 \u00e5rs mellemrum begge er udsmykket af de internationalt anerkendte gr\u00f8nlandske kunstnere, Aka H\u00f8egh og Anne-Birthe Hove. Guiden Kitte Witting var tilknyttet Naturinstituttet som projektleder i instituttets \u00a0kommunikationssekretariat fra&#8230;","protected":false},"featured_media":15131,"comment_status":"open","ping_status":"closed","template":"","meta":[],"product_brand":[],"product_cat":[605,606,624,623,593,627,643,652,633],"product_tag":[893],"class_list":{"0":"post-15116","1":"product","2":"type-product","3":"status-publish","4":"has-post-thumbnail","6":"product_cat-dagsture-om-sommeren","7":"product_cat-dagsture-om-vinteren","8":"product_cat-historiske-ture","9":"product_cat-kulturelle-aktiviteter","10":"product_cat-oplevelser-i-groenland","11":"product_cat-ture-i-bestemte-omraader","12":"product_cat-ture-i-hver-by","13":"product_cat-ture-i-nuuk","14":"product_cat-vestgroenland","15":"product_tag-nuuk-da","16":"pa_activities-groenlandsk-kultur","17":"pa_destinations-nuuk","18":"pa_difficulty-let","19":"pa_duration-1-5-time","20":"pa_tour-type-dagsture","21":"yith_shop_vendor-kiwicom-da","23":"first","24":"instock","25":"virtual","26":"sold-individually","27":"purchasable","28":"product-type-booking"},"acf":[],"yoast_head":"<!-- This site is optimized with the Yoast SEO plugin v25.6 - https:\/\/yoast.com\/wordpress\/plugins\/seo\/ -->\n<title>Arkitektur, kultur og videnskab | Nuuk | Guide to Greenland<\/title>\n<meta name=\"robots\" content=\"index, follow, max-snippet:-1, max-image-preview:large, max-video-preview:-1\" \/>\n<link rel=\"canonical\" href=\"https:\/\/guidetogreenland.com\/da\/reserver-ferie-rejser\/arkitektur-kultur-og-videnskab-nuuk\/\" \/>\n<meta property=\"og:locale\" content=\"da_DK\" \/>\n<meta property=\"og:type\" content=\"article\" \/>\n<meta property=\"og:title\" content=\"Arkitektur, kultur og videnskab | Nuuk | Guide to Greenland\" \/>\n<meta property=\"og:description\" content=\"Denne tur\u00a0kombinerer bes\u00f8g p\u00e5 to af Nuuks mest interessante steder: Gr\u00f8nlands Naturinstitut\u00a0og Ilimmafik &#8211; Gr\u00f8nlands Universitetsbygning.\u00a0Turen fokuserer p\u00e5 de smukke og arkitektonisk interessante bygninger, der med 10 \u00e5rs mellemrum begge er udsmykket af de internationalt anerkendte gr\u00f8nlandske kunstnere, Aka H\u00f8egh og Anne-Birthe Hove. Guiden Kitte Witting var tilknyttet Naturinstituttet som projektleder i instituttets \u00a0kommunikationssekretariat fra...\" \/>\n<meta property=\"og:url\" content=\"https:\/\/guidetogreenland.com\/da\/reserver-ferie-rejser\/arkitektur-kultur-og-videnskab-nuuk\/\" \/>\n<meta property=\"og:site_name\" content=\"Guide to Greenland\" \/>\n<meta property=\"article:modified_time\" content=\"2021-02-04T19:14:04+00:00\" \/>\n<meta property=\"og:image\" content=\"https:\/\/guidetogreenland.com\/wp-content\/uploads\/2020\/05\/art-science-and-society-nuuk-Guide-to-Greenland15.jpg\" \/>\n\t<meta property=\"og:image:width\" content=\"2453\" \/>\n\t<meta property=\"og:image:height\" content=\"1380\" \/>\n\t<meta property=\"og:image:type\" content=\"image\/jpeg\" \/>\n<meta name=\"twitter:card\" content=\"summary_large_image\" \/>\n<meta name=\"twitter:label1\" content=\"Estimeret l\u00e6setid\" \/>\n\t<meta name=\"twitter:data1\" content=\"2 minutter\" \/>\n<script type=\"application\/ld+json\" class=\"yoast-schema-graph\">{\"@context\":\"https:\/\/schema.org\",\"@graph\":[{\"@type\":\"WebPage\",\"@id\":\"https:\/\/guidetogreenland.com\/da\/reserver-ferie-rejser\/arkitektur-kultur-og-videnskab-nuuk\/\",\"url\":\"https:\/\/guidetogreenland.com\/da\/reserver-ferie-rejser\/arkitektur-kultur-og-videnskab-nuuk\/\",\"name\":\"Arkitektur, kultur og videnskab | Nuuk | Guide to Greenland\",\"isPartOf\":{\"@id\":\"https:\/\/guidetogreenland.com\/da\/#website\"},\"primaryImageOfPage\":{\"@id\":\"https:\/\/guidetogreenland.com\/da\/reserver-ferie-rejser\/arkitektur-kultur-og-videnskab-nuuk\/#primaryimage\"},\"image\":{\"@id\":\"https:\/\/guidetogreenland.com\/da\/reserver-ferie-rejser\/arkitektur-kultur-og-videnskab-nuuk\/#primaryimage\"},\"thumbnailUrl\":\"https:\/\/guidetogreenland.com\/wp-content\/uploads\/2020\/05\/art-science-and-society-nuuk-Guide-to-Greenland15.jpg\",\"datePublished\":\"2020-07-03T09:01:31+00:00\",\"dateModified\":\"2021-02-04T19:14:04+00:00\",\"breadcrumb\":{\"@id\":\"https:\/\/guidetogreenland.com\/da\/reserver-ferie-rejser\/arkitektur-kultur-og-videnskab-nuuk\/#breadcrumb\"},\"inLanguage\":\"da-DK\",\"potentialAction\":[{\"@type\":\"ReadAction\",\"target\":[\"https:\/\/guidetogreenland.com\/da\/reserver-ferie-rejser\/arkitektur-kultur-og-videnskab-nuuk\/\"]}]},{\"@type\":\"ImageObject\",\"inLanguage\":\"da-DK\",\"@id\":\"https:\/\/guidetogreenland.com\/da\/reserver-ferie-rejser\/arkitektur-kultur-og-videnskab-nuuk\/#primaryimage\",\"url\":\"https:\/\/guidetogreenland.com\/wp-content\/uploads\/2020\/05\/art-science-and-society-nuuk-Guide-to-Greenland15.jpg\",\"contentUrl\":\"https:\/\/guidetogreenland.com\/wp-content\/uploads\/2020\/05\/art-science-and-society-nuuk-Guide-to-Greenland15.jpg\",\"width\":2453,\"height\":1380},{\"@type\":\"BreadcrumbList\",\"@id\":\"https:\/\/guidetogreenland.com\/da\/reserver-ferie-rejser\/arkitektur-kultur-og-videnskab-nuuk\/#breadcrumb\",\"itemListElement\":[{\"@type\":\"ListItem\",\"position\":1,\"name\":\"Home\",\"item\":\"https:\/\/guidetogreenland.com\/da\/\"},{\"@type\":\"ListItem\",\"position\":2,\"name\":\"Se alle ture\",\"item\":\"https:\/\/guidetogreenland.com\/da\/reserver-ferie-rejser\/\"},{\"@type\":\"ListItem\",\"position\":3,\"name\":\"Arkitektur, kultur og videnskab | Nuuk\"}]},{\"@type\":\"WebSite\",\"@id\":\"https:\/\/guidetogreenland.com\/da\/#website\",\"url\":\"https:\/\/guidetogreenland.com\/da\/\",\"name\":\"Guide to Greenland\",\"description\":\"Largest selection of tours in Greenland\",\"potentialAction\":[{\"@type\":\"SearchAction\",\"target\":{\"@type\":\"EntryPoint\",\"urlTemplate\":\"https:\/\/guidetogreenland.com\/da\/?s={search_term_string}\"},\"query-input\":{\"@type\":\"PropertyValueSpecification\",\"valueRequired\":true,\"valueName\":\"search_term_string\"}}],\"inLanguage\":\"da-DK\"}]}<\/script>\n<!-- \/ Yoast SEO plugin. -->","yoast_head_json":{"title":"Arkitektur, kultur og videnskab | Nuuk | Guide to Greenland","robots":{"index":"index","follow":"follow","max-snippet":"max-snippet:-1","max-image-preview":"max-image-preview:large","max-video-preview":"max-video-preview:-1"},"canonical":"https:\/\/guidetogreenland.com\/da\/reserver-ferie-rejser\/arkitektur-kultur-og-videnskab-nuuk\/","og_locale":"da_DK","og_type":"article","og_title":"Arkitektur, kultur og videnskab | Nuuk | Guide to Greenland","og_description":"Denne tur\u00a0kombinerer bes\u00f8g p\u00e5 to af Nuuks mest interessante steder: Gr\u00f8nlands Naturinstitut\u00a0og Ilimmafik &#8211; Gr\u00f8nlands Universitetsbygning.\u00a0Turen fokuserer p\u00e5 de smukke og arkitektonisk interessante bygninger, der med 10 \u00e5rs mellemrum begge er udsmykket af de internationalt anerkendte gr\u00f8nlandske kunstnere, Aka H\u00f8egh og Anne-Birthe Hove. Guiden Kitte Witting var tilknyttet Naturinstituttet som projektleder i instituttets \u00a0kommunikationssekretariat fra...","og_url":"https:\/\/guidetogreenland.com\/da\/reserver-ferie-rejser\/arkitektur-kultur-og-videnskab-nuuk\/","og_site_name":"Guide to Greenland","article_modified_time":"2021-02-04T19:14:04+00:00","og_image":[{"width":2453,"height":1380,"url":"https:\/\/guidetogreenland.com\/wp-content\/uploads\/2020\/05\/art-science-and-society-nuuk-Guide-to-Greenland15.jpg","type":"image\/jpeg"}],"twitter_card":"summary_large_image","twitter_misc":{"Estimeret l\u00e6setid":"2 minutter"},"schema":{"@context":"https:\/\/schema.org","@graph":[{"@type":"WebPage","@id":"https:\/\/guidetogreenland.com\/da\/reserver-ferie-rejser\/arkitektur-kultur-og-videnskab-nuuk\/","url":"https:\/\/guidetogreenland.com\/da\/reserver-ferie-rejser\/arkitektur-kultur-og-videnskab-nuuk\/","name":"Arkitektur, kultur og videnskab | Nuuk | Guide to Greenland","isPartOf":{"@id":"https:\/\/guidetogreenland.com\/da\/#website"},"primaryImageOfPage":{"@id":"https:\/\/guidetogreenland.com\/da\/reserver-ferie-rejser\/arkitektur-kultur-og-videnskab-nuuk\/#primaryimage"},"image":{"@id":"https:\/\/guidetogreenland.com\/da\/reserver-ferie-rejser\/arkitektur-kultur-og-videnskab-nuuk\/#primaryimage"},"thumbnailUrl":"https:\/\/guidetogreenland.com\/wp-content\/uploads\/2020\/05\/art-science-and-society-nuuk-Guide-to-Greenland15.jpg","datePublished":"2020-07-03T09:01:31+00:00","dateModified":"2021-02-04T19:14:04+00:00","breadcrumb":{"@id":"https:\/\/guidetogreenland.com\/da\/reserver-ferie-rejser\/arkitektur-kultur-og-videnskab-nuuk\/#breadcrumb"},"inLanguage":"da-DK","potentialAction":[{"@type":"ReadAction","target":["https:\/\/guidetogreenland.com\/da\/reserver-ferie-rejser\/arkitektur-kultur-og-videnskab-nuuk\/"]}]},{"@type":"ImageObject","inLanguage":"da-DK","@id":"https:\/\/guidetogreenland.com\/da\/reserver-ferie-rejser\/arkitektur-kultur-og-videnskab-nuuk\/#primaryimage","url":"https:\/\/guidetogreenland.com\/wp-content\/uploads\/2020\/05\/art-science-and-society-nuuk-Guide-to-Greenland15.jpg","contentUrl":"https:\/\/guidetogreenland.com\/wp-content\/uploads\/2020\/05\/art-science-and-society-nuuk-Guide-to-Greenland15.jpg","width":2453,"height":1380},{"@type":"BreadcrumbList","@id":"https:\/\/guidetogreenland.com\/da\/reserver-ferie-rejser\/arkitektur-kultur-og-videnskab-nuuk\/#breadcrumb","itemListElement":[{"@type":"ListItem","position":1,"name":"Home","item":"https:\/\/guidetogreenland.com\/da\/"},{"@type":"ListItem","position":2,"name":"Se alle ture","item":"https:\/\/guidetogreenland.com\/da\/reserver-ferie-rejser\/"},{"@type":"ListItem","position":3,"name":"Arkitektur, kultur og videnskab | Nuuk"}]},{"@type":"WebSite","@id":"https:\/\/guidetogreenland.com\/da\/#website","url":"https:\/\/guidetogreenland.com\/da\/","name":"Guide to Greenland","description":"Largest selection of tours in Greenland","potentialAction":[{"@type":"SearchAction","target":{"@type":"EntryPoint","urlTemplate":"https:\/\/guidetogreenland.com\/da\/?s={search_term_string}"},"query-input":{"@type":"PropertyValueSpecification","valueRequired":true,"valueName":"search_term_string"}}],"inLanguage":"da-DK"}]}},"_links":{"self":[{"href":"https:\/\/guidetogreenland.com\/da\/wp-json\/wp\/v2\/product\/15116","targetHints":{"allow":["GET"]}}],"collection":[{"href":"https:\/\/guidetogreenland.com\/da\/wp-json\/wp\/v2\/product"}],"about":[{"href":"https:\/\/guidetogreenland.com\/da\/wp-json\/wp\/v2\/types\/product"}],"replies":[{"embeddable":true,"href":"https:\/\/guidetogreenland.com\/da\/wp-json\/wp\/v2\/comments?post=15116"}],"wp:featuredmedia":[{"embeddable":true,"href":"https:\/\/guidetogreenland.com\/da\/wp-json\/wp\/v2\/media\/15131"}],"wp:attachment":[{"href":"https:\/\/guidetogreenland.com\/da\/wp-json\/wp\/v2\/media?parent=15116"}],"wp:term":[{"taxonomy":"product_brand","embeddable":true,"href":"https:\/\/guidetogreenland.com\/da\/wp-json\/wp\/v2\/product_brand?post=15116"},{"taxonomy":"product_cat","embeddable":true,"href":"https:\/\/guidetogreenland.com\/da\/wp-json\/wp\/v2\/product_cat?post=15116"},{"taxonomy":"product_tag","embeddable":true,"href":"https:\/\/guidetogreenland.com\/da\/wp-json\/wp\/v2\/product_tag?post=15116"}],"curies":[{"name":"wp","href":"https:\/\/api.w.org\/{rel}","templated":true}]}}