{"id":15159,"date":"2020-06-11T11:38:06","date_gmt":"2020-06-11T11:38:06","guid":{"rendered":"https:\/\/guidetogreenland.com\/book-trips-holiday\/best-of-nuuk-in-3-days-west-greenland\/"},"modified":"2024-04-02T13:37:39","modified_gmt":"2024-04-02T16:37:39","slug":"best-of-nuuk-in-3-days-west-greenland","status":"publish","type":"product","link":"https:\/\/guidetogreenland.com\/da\/reserver-ferie-rejser\/det-bedste-ved-nuuk-pa-3-dage-vest-gronland\/","title":{"rendered":"Det bedste ved Nuuk p\u00e5 3 dage | Vest Gr\u00f8nland"},"content":{"rendered":"<p class=\"x-18pep25\">Tag med p\u00e5 denne\u00a0tur til verdens\u00a0mindste hovedstad &#8211; Nuuk! Nuuk er selv med blot 17.000 indbyggere hjemsted for vidunderlige gourmet restauranter, museer rige p\u00e5 artefakter, kunst og kulturelle oplevelser, fashion butikker og meget mere lige ved spidsen til et af de st\u00f8rste fjordsystemer i verden.<\/p>\n<p class=\"e1imf5dp0 x-jm2771\">P\u00e5 denne pakke f\u00e5r du en guided byrundtur i bil eller bus, hvorefter du p\u00e5 egen h\u00e5nd kan udforske den alsidige bymidte hvor nogle af de f\u00f8rste bygninger stadig st\u00e5r blandt moderne t\u00e5rne. P\u00e5 anden dag kommer du ud p\u00e5 en fantastisk sejltur til isfjorden fyldt med isbjerge fra de mange gletsjere i bunden<span class=\"x-12abj6v e1uuu2lt3\"> af fjordsystemet.<\/span><\/p>\n<p class=\"e1imf5dp0 x-jm2771\"><span class=\"x-12abj6v e1uuu2lt3\">Vi tilbyder ogs\u00e5 en valgfri b\u00e5dtur med fiskeri efter r\u00f8dfisk og torsk, som man kan f\u00e5 lavet af dygtige kokke blot f\u00e5 \u00f8jeblikke efter fangst, og alt efter hvorn\u00e5r du skal videre n\u00e6ste dag kan du enten n\u00e5 en mindre vandretur, spille golf i arktis eller bare n\u00e5 noget sidste \u00f8jebliks shopping.<\/span><\/p>\n<p class=\"e1imf5dp0 x-jm2771\"><span class=\"x-12abj6v e1uuu2lt3\">Du kan v\u00e6lge enten at bo lige midt i byen p\u00e5 det 4-stjernede Hotel Hans Egede, navngivet efter byens grundl\u00e6gger, eller det hyggelige Inuk Hostel der har en fantastisk udsigt over fjorden mod det ikoniske Sermitsiaq fjeld, der ligger blot 5 minutters k\u00f8rsel fra midtbyen.<\/span><\/p>\n<p class=\"e1imf5dp0 x-jm2771\"><span class=\"x-12abj6v e1uuu2lt3\">Der venter dig et helt hav af oplevelser, s\u00e5 lad os da bare f\u00e5 det planlagt? Tjek mulighederne ved at trykke p\u00e5 &#8216;v\u00e6lg en dato&#8217; for oven.<\/span><\/p>\n","protected":false},"excerpt":{"rendered":"Tag med p\u00e5 denne\u00a0tur til verdens\u00a0mindste hovedstad &#8211; Nuuk! Nuuk er selv med blot 17.000 indbyggere hjemsted for vidunderlige gourmet restauranter, museer rige p\u00e5 artefakter, kunst og kulturelle oplevelser, fashion butikker og meget mere lige ved spidsen til et af de st\u00f8rste fjordsystemer i verden. P\u00e5 denne pakke f\u00e5r du en guided byrundtur i bil&#8230;","protected":false},"featured_media":15169,"comment_status":"open","ping_status":"closed","template":"","meta":[],"product_brand":[],"product_cat":[854],"product_tag":[],"class_list":{"0":"post-15159","1":"product","2":"type-product","3":"status-publish","4":"has-post-thumbnail","6":"product_cat-uncategorized-da","7":"pa_activities-baadtur","8":"pa_activities-byrundtur","9":"pa_activities-isbjerg-udsigt","10":"pa_activities-dyreliv-safari","11":"pa_activities-bygdebesoeg","12":"pa_attractions-nuuk-fjord","13":"pa_attractions-qooqqut","14":"pa_available-month-maj","15":"pa_available-month-juni","16":"pa_available-month-juli","17":"pa_available-month-august","18":"pa_available-month-september","19":"pa_destinations-nuuk","20":"pa_difficulty-let","21":"pa_duration-3-dage-da","22":"pa_tour-type-pakkerejser","23":"yith_shop_vendor-tupilak-travel-da","24":"yith_booking_service-optional-golf-package","25":"yith_booking_service-optional-kaffemik-in-local-home-per-person","26":"yith_booking_service-optional-fishndish-boat-tour-per-person","27":"yith_booking_service-upgrade-to-hotel-900-dkk-per-person","29":"first","30":"instock","31":"virtual","32":"sold-individually","33":"purchasable","34":"product-type-booking"},"acf":[],"yoast_head":"<!-- This site is optimized with the Yoast SEO plugin v25.6 - https:\/\/yoast.com\/wordpress\/plugins\/seo\/ -->\n<title>Det bedste ved Nuuk p\u00e5 3 dage | Vest Gr\u00f8nland | Guide to Greenland<\/title>\n<meta name=\"robots\" content=\"index, follow, max-snippet:-1, max-image-preview:large, max-video-preview:-1\" \/>\n<link rel=\"canonical\" href=\"https:\/\/guidetogreenland.com\/da\/reserver-ferie-rejser\/det-bedste-ved-nuuk-pa-3-dage-vest-gronland\/\" \/>\n<meta property=\"og:locale\" content=\"da_DK\" \/>\n<meta property=\"og:type\" content=\"article\" \/>\n<meta property=\"og:title\" content=\"Det bedste ved Nuuk p\u00e5 3 dage | Vest Gr\u00f8nland | Guide to Greenland\" \/>\n<meta property=\"og:description\" content=\"Tag med p\u00e5 denne\u00a0tur til verdens\u00a0mindste hovedstad &#8211; Nuuk! Nuuk er selv med blot 17.000 indbyggere hjemsted for vidunderlige gourmet restauranter, museer rige p\u00e5 artefakter, kunst og kulturelle oplevelser, fashion butikker og meget mere lige ved spidsen til et af de st\u00f8rste fjordsystemer i verden. P\u00e5 denne pakke f\u00e5r du en guided byrundtur i bil...\" \/>\n<meta property=\"og:url\" content=\"https:\/\/guidetogreenland.com\/da\/reserver-ferie-rejser\/det-bedste-ved-nuuk-pa-3-dage-vest-gronland\/\" \/>\n<meta property=\"og:site_name\" content=\"Guide to Greenland\" \/>\n<meta property=\"article:modified_time\" content=\"2024-04-02T16:37:39+00:00\" \/>\n<meta property=\"og:image\" content=\"https:\/\/guidetogreenland.com\/wp-content\/uploads\/2020\/05\/best-of-nuuk-in-3-days-west-greenland-Guide-to-Greenland10.jpg\" \/>\n\t<meta property=\"og:image:width\" content=\"1782\" \/>\n\t<meta property=\"og:image:height\" content=\"1185\" \/>\n\t<meta property=\"og:image:type\" content=\"image\/jpeg\" \/>\n<meta name=\"twitter:card\" content=\"summary_large_image\" \/>\n<meta name=\"twitter:label1\" content=\"Estimeret l\u00e6setid\" \/>\n\t<meta name=\"twitter:data1\" content=\"1 minut\" \/>\n<script type=\"application\/ld+json\" class=\"yoast-schema-graph\">{\"@context\":\"https:\/\/schema.org\",\"@graph\":[{\"@type\":\"WebPage\",\"@id\":\"https:\/\/guidetogreenland.com\/da\/reserver-ferie-rejser\/det-bedste-ved-nuuk-pa-3-dage-vest-gronland\/\",\"url\":\"https:\/\/guidetogreenland.com\/da\/reserver-ferie-rejser\/det-bedste-ved-nuuk-pa-3-dage-vest-gronland\/\",\"name\":\"Det bedste ved Nuuk p\u00e5 3 dage | Vest Gr\u00f8nland | Guide to Greenland\",\"isPartOf\":{\"@id\":\"https:\/\/guidetogreenland.com\/da\/#website\"},\"primaryImageOfPage\":{\"@id\":\"https:\/\/guidetogreenland.com\/da\/reserver-ferie-rejser\/det-bedste-ved-nuuk-pa-3-dage-vest-gronland\/#primaryimage\"},\"image\":{\"@id\":\"https:\/\/guidetogreenland.com\/da\/reserver-ferie-rejser\/det-bedste-ved-nuuk-pa-3-dage-vest-gronland\/#primaryimage\"},\"thumbnailUrl\":\"https:\/\/guidetogreenland.com\/wp-content\/uploads\/2020\/05\/best-of-nuuk-in-3-days-west-greenland-Guide-to-Greenland10.jpg\",\"datePublished\":\"2020-06-11T11:38:06+00:00\",\"dateModified\":\"2024-04-02T16:37:39+00:00\",\"breadcrumb\":{\"@id\":\"https:\/\/guidetogreenland.com\/da\/reserver-ferie-rejser\/det-bedste-ved-nuuk-pa-3-dage-vest-gronland\/#breadcrumb\"},\"inLanguage\":\"da-DK\",\"potentialAction\":[{\"@type\":\"ReadAction\",\"target\":[\"https:\/\/guidetogreenland.com\/da\/reserver-ferie-rejser\/det-bedste-ved-nuuk-pa-3-dage-vest-gronland\/\"]}]},{\"@type\":\"ImageObject\",\"inLanguage\":\"da-DK\",\"@id\":\"https:\/\/guidetogreenland.com\/da\/reserver-ferie-rejser\/det-bedste-ved-nuuk-pa-3-dage-vest-gronland\/#primaryimage\",\"url\":\"https:\/\/guidetogreenland.com\/wp-content\/uploads\/2020\/05\/best-of-nuuk-in-3-days-west-greenland-Guide-to-Greenland10.jpg\",\"contentUrl\":\"https:\/\/guidetogreenland.com\/wp-content\/uploads\/2020\/05\/best-of-nuuk-in-3-days-west-greenland-Guide-to-Greenland10.jpg\",\"width\":1782,\"height\":1185},{\"@type\":\"BreadcrumbList\",\"@id\":\"https:\/\/guidetogreenland.com\/da\/reserver-ferie-rejser\/det-bedste-ved-nuuk-pa-3-dage-vest-gronland\/#breadcrumb\",\"itemListElement\":[{\"@type\":\"ListItem\",\"position\":1,\"name\":\"Home\",\"item\":\"https:\/\/guidetogreenland.com\/da\/\"},{\"@type\":\"ListItem\",\"position\":2,\"name\":\"Se alle ture\",\"item\":\"https:\/\/guidetogreenland.com\/da\/reserver-ferie-rejser\/\"},{\"@type\":\"ListItem\",\"position\":3,\"name\":\"Det bedste ved Nuuk p\u00e5 3 dage | Vest Gr\u00f8nland\"}]},{\"@type\":\"WebSite\",\"@id\":\"https:\/\/guidetogreenland.com\/da\/#website\",\"url\":\"https:\/\/guidetogreenland.com\/da\/\",\"name\":\"Guide to Greenland\",\"description\":\"Largest selection of tours in Greenland\",\"potentialAction\":[{\"@type\":\"SearchAction\",\"target\":{\"@type\":\"EntryPoint\",\"urlTemplate\":\"https:\/\/guidetogreenland.com\/da\/?s={search_term_string}\"},\"query-input\":{\"@type\":\"PropertyValueSpecification\",\"valueRequired\":true,\"valueName\":\"search_term_string\"}}],\"inLanguage\":\"da-DK\"}]}<\/script>\n<!-- \/ Yoast SEO plugin. -->","yoast_head_json":{"title":"Det bedste ved Nuuk p\u00e5 3 dage | Vest Gr\u00f8nland | Guide to Greenland","robots":{"index":"index","follow":"follow","max-snippet":"max-snippet:-1","max-image-preview":"max-image-preview:large","max-video-preview":"max-video-preview:-1"},"canonical":"https:\/\/guidetogreenland.com\/da\/reserver-ferie-rejser\/det-bedste-ved-nuuk-pa-3-dage-vest-gronland\/","og_locale":"da_DK","og_type":"article","og_title":"Det bedste ved Nuuk p\u00e5 3 dage | Vest Gr\u00f8nland | Guide to Greenland","og_description":"Tag med p\u00e5 denne\u00a0tur til verdens\u00a0mindste hovedstad &#8211; Nuuk! Nuuk er selv med blot 17.000 indbyggere hjemsted for vidunderlige gourmet restauranter, museer rige p\u00e5 artefakter, kunst og kulturelle oplevelser, fashion butikker og meget mere lige ved spidsen til et af de st\u00f8rste fjordsystemer i verden. P\u00e5 denne pakke f\u00e5r du en guided byrundtur i bil...","og_url":"https:\/\/guidetogreenland.com\/da\/reserver-ferie-rejser\/det-bedste-ved-nuuk-pa-3-dage-vest-gronland\/","og_site_name":"Guide to Greenland","article_modified_time":"2024-04-02T16:37:39+00:00","og_image":[{"width":1782,"height":1185,"url":"https:\/\/guidetogreenland.com\/wp-content\/uploads\/2020\/05\/best-of-nuuk-in-3-days-west-greenland-Guide-to-Greenland10.jpg","type":"image\/jpeg"}],"twitter_card":"summary_large_image","twitter_misc":{"Estimeret l\u00e6setid":"1 minut"},"schema":{"@context":"https:\/\/schema.org","@graph":[{"@type":"WebPage","@id":"https:\/\/guidetogreenland.com\/da\/reserver-ferie-rejser\/det-bedste-ved-nuuk-pa-3-dage-vest-gronland\/","url":"https:\/\/guidetogreenland.com\/da\/reserver-ferie-rejser\/det-bedste-ved-nuuk-pa-3-dage-vest-gronland\/","name":"Det bedste ved Nuuk p\u00e5 3 dage | Vest Gr\u00f8nland | Guide to Greenland","isPartOf":{"@id":"https:\/\/guidetogreenland.com\/da\/#website"},"primaryImageOfPage":{"@id":"https:\/\/guidetogreenland.com\/da\/reserver-ferie-rejser\/det-bedste-ved-nuuk-pa-3-dage-vest-gronland\/#primaryimage"},"image":{"@id":"https:\/\/guidetogreenland.com\/da\/reserver-ferie-rejser\/det-bedste-ved-nuuk-pa-3-dage-vest-gronland\/#primaryimage"},"thumbnailUrl":"https:\/\/guidetogreenland.com\/wp-content\/uploads\/2020\/05\/best-of-nuuk-in-3-days-west-greenland-Guide-to-Greenland10.jpg","datePublished":"2020-06-11T11:38:06+00:00","dateModified":"2024-04-02T16:37:39+00:00","breadcrumb":{"@id":"https:\/\/guidetogreenland.com\/da\/reserver-ferie-rejser\/det-bedste-ved-nuuk-pa-3-dage-vest-gronland\/#breadcrumb"},"inLanguage":"da-DK","potentialAction":[{"@type":"ReadAction","target":["https:\/\/guidetogreenland.com\/da\/reserver-ferie-rejser\/det-bedste-ved-nuuk-pa-3-dage-vest-gronland\/"]}]},{"@type":"ImageObject","inLanguage":"da-DK","@id":"https:\/\/guidetogreenland.com\/da\/reserver-ferie-rejser\/det-bedste-ved-nuuk-pa-3-dage-vest-gronland\/#primaryimage","url":"https:\/\/guidetogreenland.com\/wp-content\/uploads\/2020\/05\/best-of-nuuk-in-3-days-west-greenland-Guide-to-Greenland10.jpg","contentUrl":"https:\/\/guidetogreenland.com\/wp-content\/uploads\/2020\/05\/best-of-nuuk-in-3-days-west-greenland-Guide-to-Greenland10.jpg","width":1782,"height":1185},{"@type":"BreadcrumbList","@id":"https:\/\/guidetogreenland.com\/da\/reserver-ferie-rejser\/det-bedste-ved-nuuk-pa-3-dage-vest-gronland\/#breadcrumb","itemListElement":[{"@type":"ListItem","position":1,"name":"Home","item":"https:\/\/guidetogreenland.com\/da\/"},{"@type":"ListItem","position":2,"name":"Se alle ture","item":"https:\/\/guidetogreenland.com\/da\/reserver-ferie-rejser\/"},{"@type":"ListItem","position":3,"name":"Det bedste ved Nuuk p\u00e5 3 dage | Vest Gr\u00f8nland"}]},{"@type":"WebSite","@id":"https:\/\/guidetogreenland.com\/da\/#website","url":"https:\/\/guidetogreenland.com\/da\/","name":"Guide to Greenland","description":"Largest selection of tours in Greenland","potentialAction":[{"@type":"SearchAction","target":{"@type":"EntryPoint","urlTemplate":"https:\/\/guidetogreenland.com\/da\/?s={search_term_string}"},"query-input":{"@type":"PropertyValueSpecification","valueRequired":true,"valueName":"search_term_string"}}],"inLanguage":"da-DK"}]}},"_links":{"self":[{"href":"https:\/\/guidetogreenland.com\/da\/wp-json\/wp\/v2\/product\/15159","targetHints":{"allow":["GET"]}}],"collection":[{"href":"https:\/\/guidetogreenland.com\/da\/wp-json\/wp\/v2\/product"}],"about":[{"href":"https:\/\/guidetogreenland.com\/da\/wp-json\/wp\/v2\/types\/product"}],"replies":[{"embeddable":true,"href":"https:\/\/guidetogreenland.com\/da\/wp-json\/wp\/v2\/comments?post=15159"}],"wp:featuredmedia":[{"embeddable":true,"href":"https:\/\/guidetogreenland.com\/da\/wp-json\/wp\/v2\/media\/15169"}],"wp:attachment":[{"href":"https:\/\/guidetogreenland.com\/da\/wp-json\/wp\/v2\/media?parent=15159"}],"wp:term":[{"taxonomy":"product_brand","embeddable":true,"href":"https:\/\/guidetogreenland.com\/da\/wp-json\/wp\/v2\/product_brand?post=15159"},{"taxonomy":"product_cat","embeddable":true,"href":"https:\/\/guidetogreenland.com\/da\/wp-json\/wp\/v2\/product_cat?post=15159"},{"taxonomy":"product_tag","embeddable":true,"href":"https:\/\/guidetogreenland.com\/da\/wp-json\/wp\/v2\/product_tag?post=15159"}],"curies":[{"name":"wp","href":"https:\/\/api.w.org\/{rel}","templated":true}]}}