{"id":15173,"date":"2020-06-10T16:11:40","date_gmt":"2020-06-10T16:11:40","guid":{"rendered":"https:\/\/guidetogreenland.com\/book-trips-holiday\/best-of-nuuk-in-4-days-west-greenland\/"},"modified":"2021-02-05T14:58:11","modified_gmt":"2021-02-05T14:58:11","slug":"best-of-nuuk-in-4-days-west-greenland","status":"publish","type":"product","link":"https:\/\/guidetogreenland.com\/da\/reserver-ferie-rejser\/det-bedste-ved-nuuk-pa-4-dage-vest-gronland\/","title":{"rendered":"Det bedste ved Nuuk p\u00e5 4 dage | Vest Gr\u00f8nland"},"content":{"rendered":"<p class=\"x-18pep25\">Oplev Gr\u00f8nlands hovedstad (og verdens mindste hovedstad) Nuuk, som er omgivet af fantastisk natur og byliv hvor du kan m\u00f8de gr\u00f8nl\u00e6ndernes fascinerende mix af traditionelle og moderne levem\u00e5der.<\/p>\n<p class=\"e1imf5dp0 x-jm2771\">Med mange forskellige restauranter, kan du have fra gr\u00f8nlandsk inspireret mad til europ\u00e6isk inspireret mad p\u00e5 menuen. Fra fashion butikker som man ikke ville g\u00e5 fra uden man har noget i posen. Og med et kulturhus som er inspireret af nordlys, Katuaq, drikker man sin caffe latte mens man nyder at se p\u00e5 lokale eller udefrakommende kunstneres v\u00e6rker der er udstillet. Nuuk er helt klart centrummet for det mo<span class=\"x-12abj6v e1uuu2lt3\">derne Gr\u00f8nland og er stadig i udvikling. Men moderne Nuuk har selvf\u00f8lgelig sin fortid med i sin pakke, man kan nemlig stadig se hvad der er tilbage af den historiske Kolonihavn fra 1700-tallet, hvor man kan bes\u00f8ge Gr\u00f8nlands Nationalmuseum og det lokale Nuuk museum lige p\u00e5 stedet!<\/span><\/p>\n<p class=\"e1imf5dp0 x-jm2771\"><span class=\"x-12abj6v e1uuu2lt3\">\u00c9t af mange Nuuks kendetegn er, at man har mange muligheder for at sejle ud og opleve ting som at se nedlagte bygder, tage billeder af flotte isbjerge, se hvaler og sejle ind i verdens anden st\u00f8rste fjordsystem Nuup Kangerlua.<\/span><\/p>\n<p class=\"e1imf5dp0 x-jm2771\"><span class=\"x-12abj6v e1uuu2lt3\">Dette er en uforglemmelig tur med at starte l\u00e6re Nuuk at kende med rundtur, der har man eventuelt tid til at g\u00e5 tur til kolonihavnen og udforske byen p\u00e5 egen h\u00e5nd.<\/span><\/p>\n<p class=\"e1imf5dp0 x-jm2771\"><span class=\"x-12abj6v e1uuu2lt3\">Den anden dag bliver en dag med historiske og kulturiske hensigter, der skal du nemlig bes\u00f8ge Gr\u00f8nlands Nationalmuseum og se p\u00e5 blandt andet mumier og forhistoriske genstande. Derefter f\u00e5r du selv oplevet kulturen p\u00e5 t\u00e6t hold ved at sejle og tage p\u00e5 fisketur efterfulgt af l\u00e6kker restaurant mad midt i naturen.<\/span><\/p>\n<p class=\"e1imf5dp0 x-jm2771\"><span class=\"x-12abj6v e1uuu2lt3\">Pakken inkluderer ogs\u00e5 at opleve naturen selvom man ikke tager ud og sejler, man kan nemlig tage p\u00e5 vandretur rundt om det popul\u00e6re Quassussuaq fjeld.<\/span><\/p>\n","protected":false},"excerpt":{"rendered":"Oplev Gr\u00f8nlands hovedstad (og verdens mindste hovedstad) Nuuk, som er omgivet af fantastisk natur og byliv hvor du kan m\u00f8de gr\u00f8nl\u00e6ndernes fascinerende mix af traditionelle og moderne levem\u00e5der. Med mange forskellige restauranter, kan du have fra gr\u00f8nlandsk inspireret mad til europ\u00e6isk inspireret mad p\u00e5 menuen. Fra fashion butikker som man ikke ville g\u00e5 fra uden&#8230;","protected":false},"featured_media":15184,"comment_status":"open","ping_status":"closed","template":"","meta":[],"product_brand":[],"product_cat":[854],"product_tag":[],"class_list":{"0":"post-15173","1":"product","2":"type-product","3":"status-publish","4":"has-post-thumbnail","6":"product_cat-uncategorized-da","7":"pa_attractions-nuuk-fjord","8":"pa_destinations-nuuk","9":"pa_difficulty-let","10":"pa_duration-4-dage","11":"pa_tour-type-pakkerejser","12":"yith_shop_vendor-guide-to-greenland-da","13":"yith_booking_service-optional-golf-package","14":"yith_booking_service-optional-kaffemik-in-local-home-per-person","15":"yith_booking_service-optional-quassussuaq-mountain-hike-per-person","16":"yith_booking_service-upgrade-to-hotel-1800-dkk-per-person","18":"first","19":"instock","20":"virtual","21":"sold-individually","22":"purchasable","23":"product-type-booking"},"acf":[],"yoast_head":"<!-- This site is optimized with the Yoast SEO plugin v25.6 - https:\/\/yoast.com\/wordpress\/plugins\/seo\/ -->\n<title>Det bedste ved Nuuk p\u00e5 4 dage | Vest Gr\u00f8nland | Guide to Greenland<\/title>\n<meta name=\"robots\" content=\"index, follow, max-snippet:-1, max-image-preview:large, max-video-preview:-1\" \/>\n<link rel=\"canonical\" href=\"https:\/\/guidetogreenland.com\/da\/reserver-ferie-rejser\/det-bedste-ved-nuuk-pa-4-dage-vest-gronland\/\" \/>\n<meta property=\"og:locale\" content=\"da_DK\" \/>\n<meta property=\"og:type\" content=\"article\" \/>\n<meta property=\"og:title\" content=\"Det bedste ved Nuuk p\u00e5 4 dage | Vest Gr\u00f8nland | Guide to Greenland\" \/>\n<meta property=\"og:description\" content=\"Oplev Gr\u00f8nlands hovedstad (og verdens mindste hovedstad) Nuuk, som er omgivet af fantastisk natur og byliv hvor du kan m\u00f8de gr\u00f8nl\u00e6ndernes fascinerende mix af traditionelle og moderne levem\u00e5der. Med mange forskellige restauranter, kan du have fra gr\u00f8nlandsk inspireret mad til europ\u00e6isk inspireret mad p\u00e5 menuen. Fra fashion butikker som man ikke ville g\u00e5 fra uden...\" \/>\n<meta property=\"og:url\" content=\"https:\/\/guidetogreenland.com\/da\/reserver-ferie-rejser\/det-bedste-ved-nuuk-pa-4-dage-vest-gronland\/\" \/>\n<meta property=\"og:site_name\" content=\"Guide to Greenland\" \/>\n<meta property=\"article:modified_time\" content=\"2021-02-05T14:58:11+00:00\" \/>\n<meta property=\"og:image\" content=\"https:\/\/guidetogreenland.com\/wp-content\/uploads\/2020\/05\/best-of-nuuk-in-4-days-west-greenland-day-Guide-to-Greenland11.jpg\" \/>\n\t<meta property=\"og:image:width\" content=\"1580\" \/>\n\t<meta property=\"og:image:height\" content=\"1185\" \/>\n\t<meta property=\"og:image:type\" content=\"image\/jpeg\" \/>\n<meta name=\"twitter:card\" content=\"summary_large_image\" \/>\n<meta name=\"twitter:label1\" content=\"Estimeret l\u00e6setid\" \/>\n\t<meta name=\"twitter:data1\" content=\"2 minutter\" \/>\n<script type=\"application\/ld+json\" class=\"yoast-schema-graph\">{\"@context\":\"https:\/\/schema.org\",\"@graph\":[{\"@type\":\"WebPage\",\"@id\":\"https:\/\/guidetogreenland.com\/da\/reserver-ferie-rejser\/det-bedste-ved-nuuk-pa-4-dage-vest-gronland\/\",\"url\":\"https:\/\/guidetogreenland.com\/da\/reserver-ferie-rejser\/det-bedste-ved-nuuk-pa-4-dage-vest-gronland\/\",\"name\":\"Det bedste ved Nuuk p\u00e5 4 dage | Vest Gr\u00f8nland | Guide to Greenland\",\"isPartOf\":{\"@id\":\"https:\/\/guidetogreenland.com\/da\/#website\"},\"primaryImageOfPage\":{\"@id\":\"https:\/\/guidetogreenland.com\/da\/reserver-ferie-rejser\/det-bedste-ved-nuuk-pa-4-dage-vest-gronland\/#primaryimage\"},\"image\":{\"@id\":\"https:\/\/guidetogreenland.com\/da\/reserver-ferie-rejser\/det-bedste-ved-nuuk-pa-4-dage-vest-gronland\/#primaryimage\"},\"thumbnailUrl\":\"https:\/\/guidetogreenland.com\/wp-content\/uploads\/2020\/05\/best-of-nuuk-in-4-days-west-greenland-day-Guide-to-Greenland11.jpg\",\"datePublished\":\"2020-06-10T16:11:40+00:00\",\"dateModified\":\"2021-02-05T14:58:11+00:00\",\"breadcrumb\":{\"@id\":\"https:\/\/guidetogreenland.com\/da\/reserver-ferie-rejser\/det-bedste-ved-nuuk-pa-4-dage-vest-gronland\/#breadcrumb\"},\"inLanguage\":\"da-DK\",\"potentialAction\":[{\"@type\":\"ReadAction\",\"target\":[\"https:\/\/guidetogreenland.com\/da\/reserver-ferie-rejser\/det-bedste-ved-nuuk-pa-4-dage-vest-gronland\/\"]}]},{\"@type\":\"ImageObject\",\"inLanguage\":\"da-DK\",\"@id\":\"https:\/\/guidetogreenland.com\/da\/reserver-ferie-rejser\/det-bedste-ved-nuuk-pa-4-dage-vest-gronland\/#primaryimage\",\"url\":\"https:\/\/guidetogreenland.com\/wp-content\/uploads\/2020\/05\/best-of-nuuk-in-4-days-west-greenland-day-Guide-to-Greenland11.jpg\",\"contentUrl\":\"https:\/\/guidetogreenland.com\/wp-content\/uploads\/2020\/05\/best-of-nuuk-in-4-days-west-greenland-day-Guide-to-Greenland11.jpg\",\"width\":1580,\"height\":1185},{\"@type\":\"BreadcrumbList\",\"@id\":\"https:\/\/guidetogreenland.com\/da\/reserver-ferie-rejser\/det-bedste-ved-nuuk-pa-4-dage-vest-gronland\/#breadcrumb\",\"itemListElement\":[{\"@type\":\"ListItem\",\"position\":1,\"name\":\"Home\",\"item\":\"https:\/\/guidetogreenland.com\/da\/\"},{\"@type\":\"ListItem\",\"position\":2,\"name\":\"Se alle ture\",\"item\":\"https:\/\/guidetogreenland.com\/da\/reserver-ferie-rejser\/\"},{\"@type\":\"ListItem\",\"position\":3,\"name\":\"Det bedste ved Nuuk p\u00e5 4 dage | Vest Gr\u00f8nland\"}]},{\"@type\":\"WebSite\",\"@id\":\"https:\/\/guidetogreenland.com\/da\/#website\",\"url\":\"https:\/\/guidetogreenland.com\/da\/\",\"name\":\"Guide to Greenland\",\"description\":\"Largest selection of tours in Greenland\",\"potentialAction\":[{\"@type\":\"SearchAction\",\"target\":{\"@type\":\"EntryPoint\",\"urlTemplate\":\"https:\/\/guidetogreenland.com\/da\/?s={search_term_string}\"},\"query-input\":{\"@type\":\"PropertyValueSpecification\",\"valueRequired\":true,\"valueName\":\"search_term_string\"}}],\"inLanguage\":\"da-DK\"}]}<\/script>\n<!-- \/ Yoast SEO plugin. -->","yoast_head_json":{"title":"Det bedste ved Nuuk p\u00e5 4 dage | Vest Gr\u00f8nland | Guide to Greenland","robots":{"index":"index","follow":"follow","max-snippet":"max-snippet:-1","max-image-preview":"max-image-preview:large","max-video-preview":"max-video-preview:-1"},"canonical":"https:\/\/guidetogreenland.com\/da\/reserver-ferie-rejser\/det-bedste-ved-nuuk-pa-4-dage-vest-gronland\/","og_locale":"da_DK","og_type":"article","og_title":"Det bedste ved Nuuk p\u00e5 4 dage | Vest Gr\u00f8nland | Guide to Greenland","og_description":"Oplev Gr\u00f8nlands hovedstad (og verdens mindste hovedstad) Nuuk, som er omgivet af fantastisk natur og byliv hvor du kan m\u00f8de gr\u00f8nl\u00e6ndernes fascinerende mix af traditionelle og moderne levem\u00e5der. Med mange forskellige restauranter, kan du have fra gr\u00f8nlandsk inspireret mad til europ\u00e6isk inspireret mad p\u00e5 menuen. Fra fashion butikker som man ikke ville g\u00e5 fra uden...","og_url":"https:\/\/guidetogreenland.com\/da\/reserver-ferie-rejser\/det-bedste-ved-nuuk-pa-4-dage-vest-gronland\/","og_site_name":"Guide to Greenland","article_modified_time":"2021-02-05T14:58:11+00:00","og_image":[{"width":1580,"height":1185,"url":"https:\/\/guidetogreenland.com\/wp-content\/uploads\/2020\/05\/best-of-nuuk-in-4-days-west-greenland-day-Guide-to-Greenland11.jpg","type":"image\/jpeg"}],"twitter_card":"summary_large_image","twitter_misc":{"Estimeret l\u00e6setid":"2 minutter"},"schema":{"@context":"https:\/\/schema.org","@graph":[{"@type":"WebPage","@id":"https:\/\/guidetogreenland.com\/da\/reserver-ferie-rejser\/det-bedste-ved-nuuk-pa-4-dage-vest-gronland\/","url":"https:\/\/guidetogreenland.com\/da\/reserver-ferie-rejser\/det-bedste-ved-nuuk-pa-4-dage-vest-gronland\/","name":"Det bedste ved Nuuk p\u00e5 4 dage | Vest Gr\u00f8nland | Guide to Greenland","isPartOf":{"@id":"https:\/\/guidetogreenland.com\/da\/#website"},"primaryImageOfPage":{"@id":"https:\/\/guidetogreenland.com\/da\/reserver-ferie-rejser\/det-bedste-ved-nuuk-pa-4-dage-vest-gronland\/#primaryimage"},"image":{"@id":"https:\/\/guidetogreenland.com\/da\/reserver-ferie-rejser\/det-bedste-ved-nuuk-pa-4-dage-vest-gronland\/#primaryimage"},"thumbnailUrl":"https:\/\/guidetogreenland.com\/wp-content\/uploads\/2020\/05\/best-of-nuuk-in-4-days-west-greenland-day-Guide-to-Greenland11.jpg","datePublished":"2020-06-10T16:11:40+00:00","dateModified":"2021-02-05T14:58:11+00:00","breadcrumb":{"@id":"https:\/\/guidetogreenland.com\/da\/reserver-ferie-rejser\/det-bedste-ved-nuuk-pa-4-dage-vest-gronland\/#breadcrumb"},"inLanguage":"da-DK","potentialAction":[{"@type":"ReadAction","target":["https:\/\/guidetogreenland.com\/da\/reserver-ferie-rejser\/det-bedste-ved-nuuk-pa-4-dage-vest-gronland\/"]}]},{"@type":"ImageObject","inLanguage":"da-DK","@id":"https:\/\/guidetogreenland.com\/da\/reserver-ferie-rejser\/det-bedste-ved-nuuk-pa-4-dage-vest-gronland\/#primaryimage","url":"https:\/\/guidetogreenland.com\/wp-content\/uploads\/2020\/05\/best-of-nuuk-in-4-days-west-greenland-day-Guide-to-Greenland11.jpg","contentUrl":"https:\/\/guidetogreenland.com\/wp-content\/uploads\/2020\/05\/best-of-nuuk-in-4-days-west-greenland-day-Guide-to-Greenland11.jpg","width":1580,"height":1185},{"@type":"BreadcrumbList","@id":"https:\/\/guidetogreenland.com\/da\/reserver-ferie-rejser\/det-bedste-ved-nuuk-pa-4-dage-vest-gronland\/#breadcrumb","itemListElement":[{"@type":"ListItem","position":1,"name":"Home","item":"https:\/\/guidetogreenland.com\/da\/"},{"@type":"ListItem","position":2,"name":"Se alle ture","item":"https:\/\/guidetogreenland.com\/da\/reserver-ferie-rejser\/"},{"@type":"ListItem","position":3,"name":"Det bedste ved Nuuk p\u00e5 4 dage | Vest Gr\u00f8nland"}]},{"@type":"WebSite","@id":"https:\/\/guidetogreenland.com\/da\/#website","url":"https:\/\/guidetogreenland.com\/da\/","name":"Guide to Greenland","description":"Largest selection of tours in Greenland","potentialAction":[{"@type":"SearchAction","target":{"@type":"EntryPoint","urlTemplate":"https:\/\/guidetogreenland.com\/da\/?s={search_term_string}"},"query-input":{"@type":"PropertyValueSpecification","valueRequired":true,"valueName":"search_term_string"}}],"inLanguage":"da-DK"}]}},"_links":{"self":[{"href":"https:\/\/guidetogreenland.com\/da\/wp-json\/wp\/v2\/product\/15173","targetHints":{"allow":["GET"]}}],"collection":[{"href":"https:\/\/guidetogreenland.com\/da\/wp-json\/wp\/v2\/product"}],"about":[{"href":"https:\/\/guidetogreenland.com\/da\/wp-json\/wp\/v2\/types\/product"}],"replies":[{"embeddable":true,"href":"https:\/\/guidetogreenland.com\/da\/wp-json\/wp\/v2\/comments?post=15173"}],"wp:featuredmedia":[{"embeddable":true,"href":"https:\/\/guidetogreenland.com\/da\/wp-json\/wp\/v2\/media\/15184"}],"wp:attachment":[{"href":"https:\/\/guidetogreenland.com\/da\/wp-json\/wp\/v2\/media?parent=15173"}],"wp:term":[{"taxonomy":"product_brand","embeddable":true,"href":"https:\/\/guidetogreenland.com\/da\/wp-json\/wp\/v2\/product_brand?post=15173"},{"taxonomy":"product_cat","embeddable":true,"href":"https:\/\/guidetogreenland.com\/da\/wp-json\/wp\/v2\/product_cat?post=15173"},{"taxonomy":"product_tag","embeddable":true,"href":"https:\/\/guidetogreenland.com\/da\/wp-json\/wp\/v2\/product_tag?post=15173"}],"curies":[{"name":"wp","href":"https:\/\/api.w.org\/{rel}","templated":true}]}}