{"id":15186,"date":"2020-06-11T12:13:00","date_gmt":"2020-06-11T12:13:00","guid":{"rendered":"https:\/\/guidetogreenland.com\/book-trips-holiday\/best-of-nuuk-in-5-days-west-greenland\/"},"modified":"2021-02-05T15:07:20","modified_gmt":"2021-02-05T15:07:20","slug":"best-of-nuuk-in-5-days-west-greenland","status":"publish","type":"product","link":"https:\/\/guidetogreenland.com\/da\/reserver-ferie-rejser\/det-bedste-ved-nuuk-pa-5-dage-vest-gronland\/","title":{"rendered":"Det bedste ved Nuuk p\u00e5 5 dage | Vest Gr\u00f8nland"},"content":{"rendered":"<p class=\"x-18pep25\">Oplev Gr\u00f8nlands hovedstad (og verdens mindste hovedstad) Nuuk, som er omgivet af fantastisk natur og byliv hvor du kan m\u00f8de gr\u00f8nl\u00e6ndernes fascinerende mix af traditionelle og moderne levem\u00e5der.<\/p>\n<p class=\"e1imf5dp0 x-jm2771\">Med mange forskellige restauranter, kan du f\u00e5 en r\u00e6kke\u00a0gr\u00f8nlandsk inspireret mad til europ\u00e6isk inspireret mad p\u00e5 menuen. Fra fashion butikker som man ikke ville g\u00e5 fra uden man har noget i posen og med et kulturhus som er inspireret af nordlys, Katuaq, drikker man sin caffe latte mens man nyder at se p\u00e5 lokale eller internationale kunstneres v\u00e6rker der er udstillet. Nuuk er helt klart centrum\u00a0for det mod<span class=\"x-12abj6v e1uuu2lt3\">erne Gr\u00f8nland og er stadig i udvikling. Men det er ikke kun en moderne storby, man kan nemlig stadig se hvad der er tilbage af den historiske Kolonihavn fra 1700-tallet, hvor man kan bes\u00f8ge Gr\u00f8nlands Nationalmuseum og det lokale Nuuk museum lige p\u00e5 stedet!<\/span><\/p>\n<p class=\"e1imf5dp0 x-jm2771\"><span class=\"x-12abj6v e1uuu2lt3\">\u00c9t af Nuuks mange\u00a0kendetegn er, at man har mange muligheder for at sejle ud og opleve ting, som at se nedlagte bygder, tage billeder af flotte isbjerge, se hvaler alt sammen i verdens n\u00e6stst\u00f8rste fjordsystem Nuup Kangerlua.<\/span><\/p>\n<p class=\"e1imf5dp0 x-jm2771\"><span class=\"x-12abj6v e1uuu2lt3\">Dette er en uforglemmelig tur hvor du starter med at l\u00e6re Nuuk at kende med rundtur via bus eller bil, derefter har man eventuelt tid til at g\u00e5 en tur til kolonihavnen og udforske byen p\u00e5 egen h\u00e5nd.<\/span><\/p>\n<p class=\"e1imf5dp0 x-jm2771\"><span class=\"x-12abj6v e1uuu2lt3\">Den anden dag bliver en dag med historiske og kulturiske hensigter, der skal du nemlig bes\u00f8ge Gr\u00f8nlands Nationalmuseum og se p\u00e5 blandt andet mumier og forhistoriske genstande, og den vidunderlige forn\u00f8jelse af Gr\u00f8nlandsk tapas, som er en r\u00e6kke af delikatesser vi skal pr\u00f8ve ved kulturhuset. Derefter f\u00e5r du selv oplevet kulturen p\u00e5 t\u00e6t hold ved at sejle ud p\u00e5 fisketur efterfulgt af l\u00e6kker restaurant mad midt ude i naturen.<\/span><\/p>\n<p class=\"e1imf5dp0 x-jm2771\"><span class=\"x-12abj6v e1uuu2lt3\">Under programmet kan du se flere muligheder for at fylde dagene ud. Vi har samlet alle de bedste oplevelser i \u00e9n pakke, s\u00e5 hvad venter du p\u00e5? Tjek mulighederne ved at trykke p\u00e5 &#8216;v\u00e6lg en dato&#8217; for oven.<\/span><\/p>\n","protected":false},"excerpt":{"rendered":"Oplev Gr\u00f8nlands hovedstad (og verdens mindste hovedstad) Nuuk, som er omgivet af fantastisk natur og byliv hvor du kan m\u00f8de gr\u00f8nl\u00e6ndernes fascinerende mix af traditionelle og moderne levem\u00e5der. Med mange forskellige restauranter, kan du f\u00e5 en r\u00e6kke\u00a0gr\u00f8nlandsk inspireret mad til europ\u00e6isk inspireret mad p\u00e5 menuen. Fra fashion butikker som man ikke ville g\u00e5 fra uden&#8230;","protected":false},"featured_media":15305,"comment_status":"open","ping_status":"closed","template":"","meta":[],"product_brand":[],"product_cat":[636,635,640,652,633,641],"product_tag":[893],"class_list":{"0":"post-15186","1":"product","2":"type-product","3":"status-publish","4":"has-post-thumbnail","6":"product_cat-fra-danmark-til-groenland","7":"product_cat-pakkerejser","8":"product_cat-sommerrejser","9":"product_cat-ture-i-nuuk","10":"product_cat-vestgroenland","11":"product_cat-vinterrejser","12":"product_tag-nuuk-da","13":"pa_activities-baadtur","14":"pa_activities-byrundtur","15":"pa_activities-gletscher-udsigt","16":"pa_activities-dyreliv-safari","17":"pa_attractions-indlandsisen","18":"pa_attractions-nuuk-fjord","19":"pa_attractions-punkt-660","20":"pa_available-month-april","21":"pa_available-month-maj","22":"pa_available-month-september","23":"pa_available-month-oktober","24":"pa_available-month-november","25":"pa_available-month-december","26":"pa_destinations-nuuk","27":"pa_difficulty-let","28":"pa_duration-5-dage","29":"pa_tour-type-pakkerejser","30":"yith_booking_service-nuuk-icefjord-6-hours-boat-tour","31":"yith_booking_service-private-guided-tour-by-car-2500","32":"yith_booking_service-single-traveler-supplement-1200-dkk","34":"first","35":"instock","36":"virtual","37":"sold-individually","38":"purchasable","39":"product-type-booking"},"acf":[],"yoast_head":"<!-- This site is optimized with the Yoast SEO plugin v25.6 - https:\/\/yoast.com\/wordpress\/plugins\/seo\/ -->\n<title>Det bedste ved Nuuk p\u00e5 5 dage | Vest Gr\u00f8nland | Guide to Greenland<\/title>\n<meta name=\"robots\" content=\"index, follow, max-snippet:-1, max-image-preview:large, max-video-preview:-1\" \/>\n<link rel=\"canonical\" href=\"https:\/\/guidetogreenland.com\/da\/reserver-ferie-rejser\/det-bedste-ved-nuuk-pa-5-dage-vest-gronland\/\" \/>\n<meta property=\"og:locale\" content=\"da_DK\" \/>\n<meta property=\"og:type\" content=\"article\" \/>\n<meta property=\"og:title\" content=\"Det bedste ved Nuuk p\u00e5 5 dage | Vest Gr\u00f8nland | Guide to Greenland\" \/>\n<meta property=\"og:description\" content=\"Oplev Gr\u00f8nlands hovedstad (og verdens mindste hovedstad) Nuuk, som er omgivet af fantastisk natur og byliv hvor du kan m\u00f8de gr\u00f8nl\u00e6ndernes fascinerende mix af traditionelle og moderne levem\u00e5der. Med mange forskellige restauranter, kan du f\u00e5 en r\u00e6kke\u00a0gr\u00f8nlandsk inspireret mad til europ\u00e6isk inspireret mad p\u00e5 menuen. Fra fashion butikker som man ikke ville g\u00e5 fra uden...\" \/>\n<meta property=\"og:url\" content=\"https:\/\/guidetogreenland.com\/da\/reserver-ferie-rejser\/det-bedste-ved-nuuk-pa-5-dage-vest-gronland\/\" \/>\n<meta property=\"og:site_name\" content=\"Guide to Greenland\" \/>\n<meta property=\"article:modified_time\" content=\"2021-02-05T15:07:20+00:00\" \/>\n<meta property=\"og:image\" content=\"https:\/\/guidetogreenland.com\/wp-content\/uploads\/2020\/05\/best-of-nuuk-in-5-days-west-greenland-day-Guide-to-Greenland11.jpg\" \/>\n\t<meta property=\"og:image:width\" content=\"1778\" \/>\n\t<meta property=\"og:image:height\" content=\"1185\" \/>\n\t<meta property=\"og:image:type\" content=\"image\/jpeg\" \/>\n<meta name=\"twitter:card\" content=\"summary_large_image\" \/>\n<meta name=\"twitter:label1\" content=\"Estimeret l\u00e6setid\" \/>\n\t<meta name=\"twitter:data1\" content=\"2 minutter\" \/>\n<script type=\"application\/ld+json\" class=\"yoast-schema-graph\">{\"@context\":\"https:\/\/schema.org\",\"@graph\":[{\"@type\":\"WebPage\",\"@id\":\"https:\/\/guidetogreenland.com\/da\/reserver-ferie-rejser\/det-bedste-ved-nuuk-pa-5-dage-vest-gronland\/\",\"url\":\"https:\/\/guidetogreenland.com\/da\/reserver-ferie-rejser\/det-bedste-ved-nuuk-pa-5-dage-vest-gronland\/\",\"name\":\"Det bedste ved Nuuk p\u00e5 5 dage | Vest Gr\u00f8nland | Guide to Greenland\",\"isPartOf\":{\"@id\":\"https:\/\/guidetogreenland.com\/da\/#website\"},\"primaryImageOfPage\":{\"@id\":\"https:\/\/guidetogreenland.com\/da\/reserver-ferie-rejser\/det-bedste-ved-nuuk-pa-5-dage-vest-gronland\/#primaryimage\"},\"image\":{\"@id\":\"https:\/\/guidetogreenland.com\/da\/reserver-ferie-rejser\/det-bedste-ved-nuuk-pa-5-dage-vest-gronland\/#primaryimage\"},\"thumbnailUrl\":\"https:\/\/guidetogreenland.com\/wp-content\/uploads\/2020\/06\/Heli-Fishing-Arctic-Char-Private-charter-Nuuk-Guide-to-Greenland3.jpg\",\"datePublished\":\"2020-06-11T12:13:00+00:00\",\"dateModified\":\"2021-02-05T15:07:20+00:00\",\"breadcrumb\":{\"@id\":\"https:\/\/guidetogreenland.com\/da\/reserver-ferie-rejser\/det-bedste-ved-nuuk-pa-5-dage-vest-gronland\/#breadcrumb\"},\"inLanguage\":\"da-DK\",\"potentialAction\":[{\"@type\":\"ReadAction\",\"target\":[\"https:\/\/guidetogreenland.com\/da\/reserver-ferie-rejser\/det-bedste-ved-nuuk-pa-5-dage-vest-gronland\/\"]}]},{\"@type\":\"ImageObject\",\"inLanguage\":\"da-DK\",\"@id\":\"https:\/\/guidetogreenland.com\/da\/reserver-ferie-rejser\/det-bedste-ved-nuuk-pa-5-dage-vest-gronland\/#primaryimage\",\"url\":\"https:\/\/guidetogreenland.com\/wp-content\/uploads\/2020\/06\/Heli-Fishing-Arctic-Char-Private-charter-Nuuk-Guide-to-Greenland3.jpg\",\"contentUrl\":\"https:\/\/guidetogreenland.com\/wp-content\/uploads\/2020\/06\/Heli-Fishing-Arctic-Char-Private-charter-Nuuk-Guide-to-Greenland3.jpg\",\"width\":2073,\"height\":1382},{\"@type\":\"BreadcrumbList\",\"@id\":\"https:\/\/guidetogreenland.com\/da\/reserver-ferie-rejser\/det-bedste-ved-nuuk-pa-5-dage-vest-gronland\/#breadcrumb\",\"itemListElement\":[{\"@type\":\"ListItem\",\"position\":1,\"name\":\"Home\",\"item\":\"https:\/\/guidetogreenland.com\/da\/\"},{\"@type\":\"ListItem\",\"position\":2,\"name\":\"Se alle ture\",\"item\":\"https:\/\/guidetogreenland.com\/da\/reserver-ferie-rejser\/\"},{\"@type\":\"ListItem\",\"position\":3,\"name\":\"Det bedste ved Nuuk p\u00e5 5 dage | Vest Gr\u00f8nland\"}]},{\"@type\":\"WebSite\",\"@id\":\"https:\/\/guidetogreenland.com\/da\/#website\",\"url\":\"https:\/\/guidetogreenland.com\/da\/\",\"name\":\"Guide to Greenland\",\"description\":\"Largest selection of tours in Greenland\",\"potentialAction\":[{\"@type\":\"SearchAction\",\"target\":{\"@type\":\"EntryPoint\",\"urlTemplate\":\"https:\/\/guidetogreenland.com\/da\/?s={search_term_string}\"},\"query-input\":{\"@type\":\"PropertyValueSpecification\",\"valueRequired\":true,\"valueName\":\"search_term_string\"}}],\"inLanguage\":\"da-DK\"}]}<\/script>\n<!-- \/ Yoast SEO plugin. -->","yoast_head_json":{"title":"Det bedste ved Nuuk p\u00e5 5 dage | Vest Gr\u00f8nland | Guide to Greenland","robots":{"index":"index","follow":"follow","max-snippet":"max-snippet:-1","max-image-preview":"max-image-preview:large","max-video-preview":"max-video-preview:-1"},"canonical":"https:\/\/guidetogreenland.com\/da\/reserver-ferie-rejser\/det-bedste-ved-nuuk-pa-5-dage-vest-gronland\/","og_locale":"da_DK","og_type":"article","og_title":"Det bedste ved Nuuk p\u00e5 5 dage | Vest Gr\u00f8nland | Guide to Greenland","og_description":"Oplev Gr\u00f8nlands hovedstad (og verdens mindste hovedstad) Nuuk, som er omgivet af fantastisk natur og byliv hvor du kan m\u00f8de gr\u00f8nl\u00e6ndernes fascinerende mix af traditionelle og moderne levem\u00e5der. Med mange forskellige restauranter, kan du f\u00e5 en r\u00e6kke\u00a0gr\u00f8nlandsk inspireret mad til europ\u00e6isk inspireret mad p\u00e5 menuen. Fra fashion butikker som man ikke ville g\u00e5 fra uden...","og_url":"https:\/\/guidetogreenland.com\/da\/reserver-ferie-rejser\/det-bedste-ved-nuuk-pa-5-dage-vest-gronland\/","og_site_name":"Guide to Greenland","article_modified_time":"2021-02-05T15:07:20+00:00","og_image":[{"width":1778,"height":1185,"url":"https:\/\/guidetogreenland.com\/wp-content\/uploads\/2020\/05\/best-of-nuuk-in-5-days-west-greenland-day-Guide-to-Greenland11.jpg","type":"image\/jpeg"}],"twitter_card":"summary_large_image","twitter_misc":{"Estimeret l\u00e6setid":"2 minutter"},"schema":{"@context":"https:\/\/schema.org","@graph":[{"@type":"WebPage","@id":"https:\/\/guidetogreenland.com\/da\/reserver-ferie-rejser\/det-bedste-ved-nuuk-pa-5-dage-vest-gronland\/","url":"https:\/\/guidetogreenland.com\/da\/reserver-ferie-rejser\/det-bedste-ved-nuuk-pa-5-dage-vest-gronland\/","name":"Det bedste ved Nuuk p\u00e5 5 dage | Vest Gr\u00f8nland | Guide to Greenland","isPartOf":{"@id":"https:\/\/guidetogreenland.com\/da\/#website"},"primaryImageOfPage":{"@id":"https:\/\/guidetogreenland.com\/da\/reserver-ferie-rejser\/det-bedste-ved-nuuk-pa-5-dage-vest-gronland\/#primaryimage"},"image":{"@id":"https:\/\/guidetogreenland.com\/da\/reserver-ferie-rejser\/det-bedste-ved-nuuk-pa-5-dage-vest-gronland\/#primaryimage"},"thumbnailUrl":"https:\/\/guidetogreenland.com\/wp-content\/uploads\/2020\/06\/Heli-Fishing-Arctic-Char-Private-charter-Nuuk-Guide-to-Greenland3.jpg","datePublished":"2020-06-11T12:13:00+00:00","dateModified":"2021-02-05T15:07:20+00:00","breadcrumb":{"@id":"https:\/\/guidetogreenland.com\/da\/reserver-ferie-rejser\/det-bedste-ved-nuuk-pa-5-dage-vest-gronland\/#breadcrumb"},"inLanguage":"da-DK","potentialAction":[{"@type":"ReadAction","target":["https:\/\/guidetogreenland.com\/da\/reserver-ferie-rejser\/det-bedste-ved-nuuk-pa-5-dage-vest-gronland\/"]}]},{"@type":"ImageObject","inLanguage":"da-DK","@id":"https:\/\/guidetogreenland.com\/da\/reserver-ferie-rejser\/det-bedste-ved-nuuk-pa-5-dage-vest-gronland\/#primaryimage","url":"https:\/\/guidetogreenland.com\/wp-content\/uploads\/2020\/06\/Heli-Fishing-Arctic-Char-Private-charter-Nuuk-Guide-to-Greenland3.jpg","contentUrl":"https:\/\/guidetogreenland.com\/wp-content\/uploads\/2020\/06\/Heli-Fishing-Arctic-Char-Private-charter-Nuuk-Guide-to-Greenland3.jpg","width":2073,"height":1382},{"@type":"BreadcrumbList","@id":"https:\/\/guidetogreenland.com\/da\/reserver-ferie-rejser\/det-bedste-ved-nuuk-pa-5-dage-vest-gronland\/#breadcrumb","itemListElement":[{"@type":"ListItem","position":1,"name":"Home","item":"https:\/\/guidetogreenland.com\/da\/"},{"@type":"ListItem","position":2,"name":"Se alle ture","item":"https:\/\/guidetogreenland.com\/da\/reserver-ferie-rejser\/"},{"@type":"ListItem","position":3,"name":"Det bedste ved Nuuk p\u00e5 5 dage | Vest Gr\u00f8nland"}]},{"@type":"WebSite","@id":"https:\/\/guidetogreenland.com\/da\/#website","url":"https:\/\/guidetogreenland.com\/da\/","name":"Guide to Greenland","description":"Largest selection of tours in Greenland","potentialAction":[{"@type":"SearchAction","target":{"@type":"EntryPoint","urlTemplate":"https:\/\/guidetogreenland.com\/da\/?s={search_term_string}"},"query-input":{"@type":"PropertyValueSpecification","valueRequired":true,"valueName":"search_term_string"}}],"inLanguage":"da-DK"}]}},"_links":{"self":[{"href":"https:\/\/guidetogreenland.com\/da\/wp-json\/wp\/v2\/product\/15186","targetHints":{"allow":["GET"]}}],"collection":[{"href":"https:\/\/guidetogreenland.com\/da\/wp-json\/wp\/v2\/product"}],"about":[{"href":"https:\/\/guidetogreenland.com\/da\/wp-json\/wp\/v2\/types\/product"}],"replies":[{"embeddable":true,"href":"https:\/\/guidetogreenland.com\/da\/wp-json\/wp\/v2\/comments?post=15186"}],"wp:featuredmedia":[{"embeddable":true,"href":"https:\/\/guidetogreenland.com\/da\/wp-json\/wp\/v2\/media\/15305"}],"wp:attachment":[{"href":"https:\/\/guidetogreenland.com\/da\/wp-json\/wp\/v2\/media?parent=15186"}],"wp:term":[{"taxonomy":"product_brand","embeddable":true,"href":"https:\/\/guidetogreenland.com\/da\/wp-json\/wp\/v2\/product_brand?post=15186"},{"taxonomy":"product_cat","embeddable":true,"href":"https:\/\/guidetogreenland.com\/da\/wp-json\/wp\/v2\/product_cat?post=15186"},{"taxonomy":"product_tag","embeddable":true,"href":"https:\/\/guidetogreenland.com\/da\/wp-json\/wp\/v2\/product_tag?post=15186"}],"curies":[{"name":"wp","href":"https:\/\/api.w.org\/{rel}","templated":true}]}}