{"id":15224,"date":"2020-06-08T12:47:30","date_gmt":"2020-06-08T12:47:30","guid":{"rendered":"https:\/\/guidetogreenland.com\/book-trips-holiday\/bus-service-nuuk\/"},"modified":"2021-02-05T18:31:40","modified_gmt":"2021-02-05T18:31:40","slug":"bus-service-nuuk","status":"publish","type":"product","link":"https:\/\/guidetogreenland.com\/da\/reserver-ferie-rejser\/bus-service-nuuk\/","title":{"rendered":"Bus service | Nuuk"},"content":{"rendered":"<p>Tag p\u00e5 en guidet bus tur rundt om den farverige by Nuuk med dine venner, eller har du bare brug for en moderne og luksuri\u00f8s bus til at flytte din store gruppe fra punkt a til b? S\u00e5 er denne Scania OmniExpress perfekt for dig, og for st\u00f8rre grupper eller eksklusive klienter, da den er skr\u00e6ddersyet til turisme og charter industrien.<\/p>\n<p>Vores chauff\u00f8r og bus sikrer dig at du f\u00e5r det meste ud af din tid mens du er her, s\u00e5 tag bare og tryk p\u00e5 &#8216;v\u00e6lg en dag&#8217; og book din bus service.<\/p>\n","protected":false},"excerpt":{"rendered":"Tag p\u00e5 en guidet bus tur rundt om den farverige by Nuuk med dine venner, eller har du bare brug for en moderne og luksuri\u00f8s bus til at flytte din store gruppe fra punkt a til b? S\u00e5 er denne Scania OmniExpress perfekt for dig, og for st\u00f8rre grupper eller eksklusive klienter, da den er&#8230;","protected":false},"featured_media":24243,"comment_status":"open","ping_status":"closed","template":"","meta":[],"product_brand":[],"product_cat":[],"product_tag":[],"class_list":{"0":"post-15224","1":"product","2":"type-product","3":"status-publish","4":"has-post-thumbnail","6":"pa_activities-charterrede-ture","7":"pa_available-month-januar","8":"pa_available-month-februar","9":"pa_available-month-marts","10":"pa_available-month-april","11":"pa_available-month-maj","12":"pa_available-month-juni","13":"pa_available-month-juli","14":"pa_available-month-august","15":"pa_available-month-september","16":"pa_available-month-oktober","17":"pa_available-month-november","18":"pa_available-month-december","19":"pa_destinations-nuuk","20":"pa_difficulty-let","21":"pa_duration-1-time","22":"pa_tour-type-dagsture","23":"yith_shop_vendor-greenland-escape-da","24":"yith_booking_service-bus-additional-hours","26":"first","27":"instock","28":"virtual","29":"sold-individually","30":"purchasable","31":"product-type-booking"},"acf":[],"yoast_head":"<!-- This site is optimized with the Yoast SEO plugin v25.6 - https:\/\/yoast.com\/wordpress\/plugins\/seo\/ -->\n<title>Bus service | Nuuk | Guide to Greenland<\/title>\n<meta name=\"robots\" content=\"index, follow, max-snippet:-1, max-image-preview:large, max-video-preview:-1\" \/>\n<link rel=\"canonical\" href=\"https:\/\/guidetogreenland.com\/da\/reserver-ferie-rejser\/bus-service-nuuk\/\" \/>\n<meta property=\"og:locale\" content=\"da_DK\" \/>\n<meta property=\"og:type\" content=\"article\" \/>\n<meta property=\"og:title\" content=\"Bus service | Nuuk | Guide to Greenland\" \/>\n<meta property=\"og:description\" content=\"Tag p\u00e5 en guidet bus tur rundt om den farverige by Nuuk med dine venner, eller har du bare brug for en moderne og luksuri\u00f8s bus til at flytte din store gruppe fra punkt a til b? S\u00e5 er denne Scania OmniExpress perfekt for dig, og for st\u00f8rre grupper eller eksklusive klienter, da den er...\" \/>\n<meta property=\"og:url\" content=\"https:\/\/guidetogreenland.com\/da\/reserver-ferie-rejser\/bus-service-nuuk\/\" \/>\n<meta property=\"og:site_name\" content=\"Guide to Greenland\" \/>\n<meta property=\"article:modified_time\" content=\"2021-02-05T18:31:40+00:00\" \/>\n<meta property=\"og:image\" content=\"https:\/\/guidetogreenland.com\/wp-content\/uploads\/2020\/05\/Bus-service-Nuuk-Guide-to-Greenland1.jpg\" \/>\n\t<meta property=\"og:image:width\" content=\"986\" \/>\n\t<meta property=\"og:image:height\" content=\"656\" \/>\n\t<meta property=\"og:image:type\" content=\"image\/jpeg\" \/>\n<meta name=\"twitter:card\" content=\"summary_large_image\" \/>\n<meta name=\"twitter:label1\" content=\"Estimeret l\u00e6setid\" \/>\n\t<meta name=\"twitter:data1\" content=\"1 minut\" \/>\n<script type=\"application\/ld+json\" class=\"yoast-schema-graph\">{\"@context\":\"https:\/\/schema.org\",\"@graph\":[{\"@type\":\"WebPage\",\"@id\":\"https:\/\/guidetogreenland.com\/da\/reserver-ferie-rejser\/bus-service-nuuk\/\",\"url\":\"https:\/\/guidetogreenland.com\/da\/reserver-ferie-rejser\/bus-service-nuuk\/\",\"name\":\"Bus service | Nuuk | Guide to Greenland\",\"isPartOf\":{\"@id\":\"https:\/\/guidetogreenland.com\/da\/#website\"},\"primaryImageOfPage\":{\"@id\":\"https:\/\/guidetogreenland.com\/da\/reserver-ferie-rejser\/bus-service-nuuk\/#primaryimage\"},\"image\":{\"@id\":\"https:\/\/guidetogreenland.com\/da\/reserver-ferie-rejser\/bus-service-nuuk\/#primaryimage\"},\"thumbnailUrl\":\"https:\/\/guidetogreenland.com\/wp-content\/uploads\/2020\/06\/Bus-shuttle-in-Nuuk-Guide-to-Greenland.jpg\",\"datePublished\":\"2020-06-08T12:47:30+00:00\",\"dateModified\":\"2021-02-05T18:31:40+00:00\",\"breadcrumb\":{\"@id\":\"https:\/\/guidetogreenland.com\/da\/reserver-ferie-rejser\/bus-service-nuuk\/#breadcrumb\"},\"inLanguage\":\"da-DK\",\"potentialAction\":[{\"@type\":\"ReadAction\",\"target\":[\"https:\/\/guidetogreenland.com\/da\/reserver-ferie-rejser\/bus-service-nuuk\/\"]}]},{\"@type\":\"ImageObject\",\"inLanguage\":\"da-DK\",\"@id\":\"https:\/\/guidetogreenland.com\/da\/reserver-ferie-rejser\/bus-service-nuuk\/#primaryimage\",\"url\":\"https:\/\/guidetogreenland.com\/wp-content\/uploads\/2020\/06\/Bus-shuttle-in-Nuuk-Guide-to-Greenland.jpg\",\"contentUrl\":\"https:\/\/guidetogreenland.com\/wp-content\/uploads\/2020\/06\/Bus-shuttle-in-Nuuk-Guide-to-Greenland.jpg\",\"width\":1440,\"height\":1080},{\"@type\":\"BreadcrumbList\",\"@id\":\"https:\/\/guidetogreenland.com\/da\/reserver-ferie-rejser\/bus-service-nuuk\/#breadcrumb\",\"itemListElement\":[{\"@type\":\"ListItem\",\"position\":1,\"name\":\"Home\",\"item\":\"https:\/\/guidetogreenland.com\/da\/\"},{\"@type\":\"ListItem\",\"position\":2,\"name\":\"Se alle ture\",\"item\":\"https:\/\/guidetogreenland.com\/da\/reserver-ferie-rejser\/\"},{\"@type\":\"ListItem\",\"position\":3,\"name\":\"Bus service | Nuuk\"}]},{\"@type\":\"WebSite\",\"@id\":\"https:\/\/guidetogreenland.com\/da\/#website\",\"url\":\"https:\/\/guidetogreenland.com\/da\/\",\"name\":\"Guide to Greenland\",\"description\":\"Largest selection of tours in Greenland\",\"potentialAction\":[{\"@type\":\"SearchAction\",\"target\":{\"@type\":\"EntryPoint\",\"urlTemplate\":\"https:\/\/guidetogreenland.com\/da\/?s={search_term_string}\"},\"query-input\":{\"@type\":\"PropertyValueSpecification\",\"valueRequired\":true,\"valueName\":\"search_term_string\"}}],\"inLanguage\":\"da-DK\"}]}<\/script>\n<!-- \/ Yoast SEO plugin. -->","yoast_head_json":{"title":"Bus service | Nuuk | Guide to Greenland","robots":{"index":"index","follow":"follow","max-snippet":"max-snippet:-1","max-image-preview":"max-image-preview:large","max-video-preview":"max-video-preview:-1"},"canonical":"https:\/\/guidetogreenland.com\/da\/reserver-ferie-rejser\/bus-service-nuuk\/","og_locale":"da_DK","og_type":"article","og_title":"Bus service | Nuuk | Guide to Greenland","og_description":"Tag p\u00e5 en guidet bus tur rundt om den farverige by Nuuk med dine venner, eller har du bare brug for en moderne og luksuri\u00f8s bus til at flytte din store gruppe fra punkt a til b? S\u00e5 er denne Scania OmniExpress perfekt for dig, og for st\u00f8rre grupper eller eksklusive klienter, da den er...","og_url":"https:\/\/guidetogreenland.com\/da\/reserver-ferie-rejser\/bus-service-nuuk\/","og_site_name":"Guide to Greenland","article_modified_time":"2021-02-05T18:31:40+00:00","og_image":[{"width":986,"height":656,"url":"https:\/\/guidetogreenland.com\/wp-content\/uploads\/2020\/05\/Bus-service-Nuuk-Guide-to-Greenland1.jpg","type":"image\/jpeg"}],"twitter_card":"summary_large_image","twitter_misc":{"Estimeret l\u00e6setid":"1 minut"},"schema":{"@context":"https:\/\/schema.org","@graph":[{"@type":"WebPage","@id":"https:\/\/guidetogreenland.com\/da\/reserver-ferie-rejser\/bus-service-nuuk\/","url":"https:\/\/guidetogreenland.com\/da\/reserver-ferie-rejser\/bus-service-nuuk\/","name":"Bus service | Nuuk | Guide to Greenland","isPartOf":{"@id":"https:\/\/guidetogreenland.com\/da\/#website"},"primaryImageOfPage":{"@id":"https:\/\/guidetogreenland.com\/da\/reserver-ferie-rejser\/bus-service-nuuk\/#primaryimage"},"image":{"@id":"https:\/\/guidetogreenland.com\/da\/reserver-ferie-rejser\/bus-service-nuuk\/#primaryimage"},"thumbnailUrl":"https:\/\/guidetogreenland.com\/wp-content\/uploads\/2020\/06\/Bus-shuttle-in-Nuuk-Guide-to-Greenland.jpg","datePublished":"2020-06-08T12:47:30+00:00","dateModified":"2021-02-05T18:31:40+00:00","breadcrumb":{"@id":"https:\/\/guidetogreenland.com\/da\/reserver-ferie-rejser\/bus-service-nuuk\/#breadcrumb"},"inLanguage":"da-DK","potentialAction":[{"@type":"ReadAction","target":["https:\/\/guidetogreenland.com\/da\/reserver-ferie-rejser\/bus-service-nuuk\/"]}]},{"@type":"ImageObject","inLanguage":"da-DK","@id":"https:\/\/guidetogreenland.com\/da\/reserver-ferie-rejser\/bus-service-nuuk\/#primaryimage","url":"https:\/\/guidetogreenland.com\/wp-content\/uploads\/2020\/06\/Bus-shuttle-in-Nuuk-Guide-to-Greenland.jpg","contentUrl":"https:\/\/guidetogreenland.com\/wp-content\/uploads\/2020\/06\/Bus-shuttle-in-Nuuk-Guide-to-Greenland.jpg","width":1440,"height":1080},{"@type":"BreadcrumbList","@id":"https:\/\/guidetogreenland.com\/da\/reserver-ferie-rejser\/bus-service-nuuk\/#breadcrumb","itemListElement":[{"@type":"ListItem","position":1,"name":"Home","item":"https:\/\/guidetogreenland.com\/da\/"},{"@type":"ListItem","position":2,"name":"Se alle ture","item":"https:\/\/guidetogreenland.com\/da\/reserver-ferie-rejser\/"},{"@type":"ListItem","position":3,"name":"Bus service | Nuuk"}]},{"@type":"WebSite","@id":"https:\/\/guidetogreenland.com\/da\/#website","url":"https:\/\/guidetogreenland.com\/da\/","name":"Guide to Greenland","description":"Largest selection of tours in Greenland","potentialAction":[{"@type":"SearchAction","target":{"@type":"EntryPoint","urlTemplate":"https:\/\/guidetogreenland.com\/da\/?s={search_term_string}"},"query-input":{"@type":"PropertyValueSpecification","valueRequired":true,"valueName":"search_term_string"}}],"inLanguage":"da-DK"}]}},"_links":{"self":[{"href":"https:\/\/guidetogreenland.com\/da\/wp-json\/wp\/v2\/product\/15224","targetHints":{"allow":["GET"]}}],"collection":[{"href":"https:\/\/guidetogreenland.com\/da\/wp-json\/wp\/v2\/product"}],"about":[{"href":"https:\/\/guidetogreenland.com\/da\/wp-json\/wp\/v2\/types\/product"}],"replies":[{"embeddable":true,"href":"https:\/\/guidetogreenland.com\/da\/wp-json\/wp\/v2\/comments?post=15224"}],"wp:featuredmedia":[{"embeddable":true,"href":"https:\/\/guidetogreenland.com\/da\/wp-json\/wp\/v2\/media\/24243"}],"wp:attachment":[{"href":"https:\/\/guidetogreenland.com\/da\/wp-json\/wp\/v2\/media?parent=15224"}],"wp:term":[{"taxonomy":"product_brand","embeddable":true,"href":"https:\/\/guidetogreenland.com\/da\/wp-json\/wp\/v2\/product_brand?post=15224"},{"taxonomy":"product_cat","embeddable":true,"href":"https:\/\/guidetogreenland.com\/da\/wp-json\/wp\/v2\/product_cat?post=15224"},{"taxonomy":"product_tag","embeddable":true,"href":"https:\/\/guidetogreenland.com\/da\/wp-json\/wp\/v2\/product_tag?post=15224"}],"curies":[{"name":"wp","href":"https:\/\/api.w.org\/{rel}","templated":true}]}}