{"id":15259,"date":"2020-06-08T13:47:53","date_gmt":"2020-06-08T13:47:53","guid":{"rendered":"https:\/\/guidetogreenland.com\/book-trips-holiday\/chasing-northern-lights-at-sea-nuuk\/"},"modified":"2026-03-26T05:13:05","modified_gmt":"2026-03-26T07:13:05","slug":"chasing-northern-lights-at-sea-nuuk","status":"publish","type":"product","link":"https:\/\/guidetogreenland.com\/da\/reserver-ferie-rejser\/jagt-efter-nordlys-med-bad-nuuk\/","title":{"rendered":"Jagt efter Nordlys med b\u00e5d | Nuuk"},"content":{"rendered":"<p class=\"x-18pep25\">Tag p\u00e5 jagt efter nordlys lige uden for hovedstaden! Man ved aldrig nogensinde om hvor og hvorn\u00e5r nordlysene kommer til syne, men man kan g\u00e5 ud fra at det bare kan dukke op n\u00e5r som helst p\u00e5 aftenen n\u00e5r der er klar himmel.<\/p>\n<p class=\"x-18pep25\">Efter en sommer med midnatssol bliver vinteraftenerne m\u00f8rke, og i Nuuk omr\u00e5det bliver det tidligt m\u00f8rkt og dagslyset kommer sent om formiddagen. Det betyder kun at det er blevet rigtig vinter og man er begyndt at kigge op p\u00e5 himlen, der kan jo v\u00e6re dansende nordlys!<\/p>\n<p class=\"e1imf5dp0 x-jm2771\">Her bliver du budt velkommen af en erfaren kaptajn og en velorganiseret guide. Under turen vil den professionelle<span class=\"x-12abj6v e1uuu2lt3\"> guide fort\u00e6lle jer lidt om den gr\u00f8nlandske kultur og opfattelse af nordlyset.<\/span><\/p>\n<p class=\"e1imf5dp0 x-jm2771\"><span class=\"x-12abj6v e1uuu2lt3\">Der findes hundredvis af fjorde i hele det gr\u00f8nlandske kyst, med hver deres karakteristika. I n\u00e6rheden af Nuuk ligger det andet st\u00f8rste fjordsystem i verden som giver dig gode muligheder for at sejle! Der sker mange forskellige aktiviteter i fjorden, hele \u00e5ret rundt. Og mon ikke kaptajnen v\u00e6lger en lille del af fjorden som et sted at finde nordlys, du skal jo v\u00e6k fra byen s\u00e5 du kan nyde at se p\u00e5 nordlys uden at blive forstyrret af lys fra byen!<\/span><\/p>\n<p class=\"e1imf5dp0 x-jm2771\"><span class=\"x-12abj6v e1uuu2lt3\">S\u00e5 tag med p\u00e5 denne 2 timers vintersejlads for at jage nordlyset og tage dit varmeste t\u00f8j p\u00e5! Hue, vanter, overtr\u00e6ksbukser osv., b\u00e5den stopper n\u00e5r man ikke l\u00e6ngere kan se byen s\u00e5 man kan komme lidt v\u00e6k. Efter at have (forh\u00e5bentligt)set nordlyset og h\u00f8rt hvad guiden havde at fort\u00e6lle er det p\u00e5 tide at vende hjem igen. P\u00e5 vej tilbage til Nuuk kommer du ind i varmen hvor du f\u00e5r serveret te og kaffe, det kan ikke blive mere hyggeligt!<\/span><\/p>\n<p class=\"e1imf5dp0 x-jm2771\"><span class=\"x-12abj6v e1uuu2lt3\">Se turens tilg\u00e6ngelighed ved at trykke p\u00e5 \u201cV\u00e6lg en dag\u201d for oven og book turen allerede i dag.<\/span><\/p>\n","protected":false},"excerpt":{"rendered":"Tag p\u00e5 jagt efter nordlys lige uden for hovedstaden! Man ved aldrig nogensinde om hvor og hvorn\u00e5r nordlysene kommer til syne, men man kan g\u00e5 ud fra at det bare kan dukke op n\u00e5r som helst p\u00e5 aftenen n\u00e5r der er klar himmel. Efter en sommer med midnatssol bliver vinteraftenerne m\u00f8rke, og i Nuuk omr\u00e5det&#8230;","protected":false},"featured_media":15260,"comment_status":"open","ping_status":"closed","template":"","meta":[],"product_brand":[],"product_cat":[594,606,612,619,593,627,643,652,633],"product_tag":[893],"class_list":{"0":"post-15259","1":"product","2":"type-product","3":"status-publish","4":"has-post-thumbnail","6":"product_cat-baadture","7":"product_cat-dagsture-om-vinteren","8":"product_cat-natur-og-dyreliv-i-groenland","9":"product_cat-nordlys-ture","10":"product_cat-oplevelser-i-groenland","11":"product_cat-ture-i-bestemte-omraader","12":"product_cat-ture-i-hver-by","13":"product_cat-ture-i-nuuk","14":"product_cat-vestgroenland","15":"product_tag-nuuk-da","16":"pa_activities-baadtur","17":"pa_activities-nordlys","18":"pa_attractions-nuuk-fjord","19":"pa_available-month-januar","20":"pa_available-month-februar","21":"pa_available-month-marts","22":"pa_available-month-september","23":"pa_available-month-oktober","24":"pa_available-month-november","25":"pa_available-month-december","26":"pa_destinations-nuuk","27":"pa_difficulty-let","28":"pa_duration-3-timer","29":"pa_tour-type-dagsture","30":"yith_shop_vendor-nuuk-water-taxi-da","32":"first","33":"instock","34":"virtual","35":"sold-individually","36":"purchasable","37":"product-type-booking"},"acf":[],"yoast_head":"<!-- This site is optimized with the Yoast SEO plugin v25.6 - https:\/\/yoast.com\/wordpress\/plugins\/seo\/ -->\n<title>Jagt efter Nordlys med b\u00e5d | Nuuk | Guide to Greenland<\/title>\n<meta name=\"robots\" content=\"index, follow, max-snippet:-1, max-image-preview:large, max-video-preview:-1\" \/>\n<link rel=\"canonical\" href=\"https:\/\/guidetogreenland.com\/da\/reserver-ferie-rejser\/jagt-efter-nordlys-med-bad-nuuk\/\" \/>\n<meta property=\"og:locale\" content=\"da_DK\" \/>\n<meta property=\"og:type\" content=\"article\" \/>\n<meta property=\"og:title\" content=\"Jagt efter Nordlys med b\u00e5d | Nuuk | Guide to Greenland\" \/>\n<meta property=\"og:description\" content=\"Tag p\u00e5 jagt efter nordlys lige uden for hovedstaden! Man ved aldrig nogensinde om hvor og hvorn\u00e5r nordlysene kommer til syne, men man kan g\u00e5 ud fra at det bare kan dukke op n\u00e5r som helst p\u00e5 aftenen n\u00e5r der er klar himmel. Efter en sommer med midnatssol bliver vinteraftenerne m\u00f8rke, og i Nuuk omr\u00e5det...\" \/>\n<meta property=\"og:url\" content=\"https:\/\/guidetogreenland.com\/da\/reserver-ferie-rejser\/jagt-efter-nordlys-med-bad-nuuk\/\" \/>\n<meta property=\"og:site_name\" content=\"Guide to Greenland\" \/>\n<meta property=\"article:modified_time\" content=\"2026-03-26T07:13:05+00:00\" \/>\n<meta property=\"og:image\" content=\"https:\/\/guidetogreenland.com\/wp-content\/uploads\/2020\/05\/Chasing-Northern-Lights-At-Sea-Nuuk-Guide-to-Greenland1.jpg\" \/>\n\t<meta property=\"og:image:width\" content=\"984\" \/>\n\t<meta property=\"og:image:height\" content=\"656\" \/>\n\t<meta property=\"og:image:type\" content=\"image\/jpeg\" \/>\n<meta name=\"twitter:card\" content=\"summary_large_image\" \/>\n<meta name=\"twitter:label1\" content=\"Estimeret l\u00e6setid\" \/>\n\t<meta name=\"twitter:data1\" content=\"2 minutter\" \/>\n<script type=\"application\/ld+json\" class=\"yoast-schema-graph\">{\"@context\":\"https:\/\/schema.org\",\"@graph\":[{\"@type\":\"WebPage\",\"@id\":\"https:\/\/guidetogreenland.com\/da\/reserver-ferie-rejser\/jagt-efter-nordlys-med-bad-nuuk\/\",\"url\":\"https:\/\/guidetogreenland.com\/da\/reserver-ferie-rejser\/jagt-efter-nordlys-med-bad-nuuk\/\",\"name\":\"Jagt efter Nordlys med b\u00e5d | Nuuk | Guide to Greenland\",\"isPartOf\":{\"@id\":\"https:\/\/guidetogreenland.com\/da\/#website\"},\"primaryImageOfPage\":{\"@id\":\"https:\/\/guidetogreenland.com\/da\/reserver-ferie-rejser\/jagt-efter-nordlys-med-bad-nuuk\/#primaryimage\"},\"image\":{\"@id\":\"https:\/\/guidetogreenland.com\/da\/reserver-ferie-rejser\/jagt-efter-nordlys-med-bad-nuuk\/#primaryimage\"},\"thumbnailUrl\":\"https:\/\/guidetogreenland.com\/wp-content\/uploads\/2020\/05\/Chasing-Northern-Lights-At-Sea-Nuuk-Guide-to-Greenland1.jpg\",\"datePublished\":\"2020-06-08T13:47:53+00:00\",\"dateModified\":\"2026-03-26T07:13:05+00:00\",\"breadcrumb\":{\"@id\":\"https:\/\/guidetogreenland.com\/da\/reserver-ferie-rejser\/jagt-efter-nordlys-med-bad-nuuk\/#breadcrumb\"},\"inLanguage\":\"da-DK\",\"potentialAction\":[{\"@type\":\"ReadAction\",\"target\":[\"https:\/\/guidetogreenland.com\/da\/reserver-ferie-rejser\/jagt-efter-nordlys-med-bad-nuuk\/\"]}]},{\"@type\":\"ImageObject\",\"inLanguage\":\"da-DK\",\"@id\":\"https:\/\/guidetogreenland.com\/da\/reserver-ferie-rejser\/jagt-efter-nordlys-med-bad-nuuk\/#primaryimage\",\"url\":\"https:\/\/guidetogreenland.com\/wp-content\/uploads\/2020\/05\/Chasing-Northern-Lights-At-Sea-Nuuk-Guide-to-Greenland1.jpg\",\"contentUrl\":\"https:\/\/guidetogreenland.com\/wp-content\/uploads\/2020\/05\/Chasing-Northern-Lights-At-Sea-Nuuk-Guide-to-Greenland1.jpg\",\"width\":984,\"height\":656},{\"@type\":\"BreadcrumbList\",\"@id\":\"https:\/\/guidetogreenland.com\/da\/reserver-ferie-rejser\/jagt-efter-nordlys-med-bad-nuuk\/#breadcrumb\",\"itemListElement\":[{\"@type\":\"ListItem\",\"position\":1,\"name\":\"Home\",\"item\":\"https:\/\/guidetogreenland.com\/da\/\"},{\"@type\":\"ListItem\",\"position\":2,\"name\":\"Se alle ture\",\"item\":\"https:\/\/guidetogreenland.com\/da\/reserver-ferie-rejser\/\"},{\"@type\":\"ListItem\",\"position\":3,\"name\":\"Jagt efter Nordlys med b\u00e5d | Nuuk\"}]},{\"@type\":\"WebSite\",\"@id\":\"https:\/\/guidetogreenland.com\/da\/#website\",\"url\":\"https:\/\/guidetogreenland.com\/da\/\",\"name\":\"Guide to Greenland\",\"description\":\"Largest selection of tours in Greenland\",\"potentialAction\":[{\"@type\":\"SearchAction\",\"target\":{\"@type\":\"EntryPoint\",\"urlTemplate\":\"https:\/\/guidetogreenland.com\/da\/?s={search_term_string}\"},\"query-input\":{\"@type\":\"PropertyValueSpecification\",\"valueRequired\":true,\"valueName\":\"search_term_string\"}}],\"inLanguage\":\"da-DK\"}]}<\/script>\n<!-- \/ Yoast SEO plugin. -->","yoast_head_json":{"title":"Jagt efter Nordlys med b\u00e5d | Nuuk | Guide to Greenland","robots":{"index":"index","follow":"follow","max-snippet":"max-snippet:-1","max-image-preview":"max-image-preview:large","max-video-preview":"max-video-preview:-1"},"canonical":"https:\/\/guidetogreenland.com\/da\/reserver-ferie-rejser\/jagt-efter-nordlys-med-bad-nuuk\/","og_locale":"da_DK","og_type":"article","og_title":"Jagt efter Nordlys med b\u00e5d | Nuuk | Guide to Greenland","og_description":"Tag p\u00e5 jagt efter nordlys lige uden for hovedstaden! Man ved aldrig nogensinde om hvor og hvorn\u00e5r nordlysene kommer til syne, men man kan g\u00e5 ud fra at det bare kan dukke op n\u00e5r som helst p\u00e5 aftenen n\u00e5r der er klar himmel. Efter en sommer med midnatssol bliver vinteraftenerne m\u00f8rke, og i Nuuk omr\u00e5det...","og_url":"https:\/\/guidetogreenland.com\/da\/reserver-ferie-rejser\/jagt-efter-nordlys-med-bad-nuuk\/","og_site_name":"Guide to Greenland","article_modified_time":"2026-03-26T07:13:05+00:00","og_image":[{"width":984,"height":656,"url":"https:\/\/guidetogreenland.com\/wp-content\/uploads\/2020\/05\/Chasing-Northern-Lights-At-Sea-Nuuk-Guide-to-Greenland1.jpg","type":"image\/jpeg"}],"twitter_card":"summary_large_image","twitter_misc":{"Estimeret l\u00e6setid":"2 minutter"},"schema":{"@context":"https:\/\/schema.org","@graph":[{"@type":"WebPage","@id":"https:\/\/guidetogreenland.com\/da\/reserver-ferie-rejser\/jagt-efter-nordlys-med-bad-nuuk\/","url":"https:\/\/guidetogreenland.com\/da\/reserver-ferie-rejser\/jagt-efter-nordlys-med-bad-nuuk\/","name":"Jagt efter Nordlys med b\u00e5d | Nuuk | Guide to Greenland","isPartOf":{"@id":"https:\/\/guidetogreenland.com\/da\/#website"},"primaryImageOfPage":{"@id":"https:\/\/guidetogreenland.com\/da\/reserver-ferie-rejser\/jagt-efter-nordlys-med-bad-nuuk\/#primaryimage"},"image":{"@id":"https:\/\/guidetogreenland.com\/da\/reserver-ferie-rejser\/jagt-efter-nordlys-med-bad-nuuk\/#primaryimage"},"thumbnailUrl":"https:\/\/guidetogreenland.com\/wp-content\/uploads\/2020\/05\/Chasing-Northern-Lights-At-Sea-Nuuk-Guide-to-Greenland1.jpg","datePublished":"2020-06-08T13:47:53+00:00","dateModified":"2026-03-26T07:13:05+00:00","breadcrumb":{"@id":"https:\/\/guidetogreenland.com\/da\/reserver-ferie-rejser\/jagt-efter-nordlys-med-bad-nuuk\/#breadcrumb"},"inLanguage":"da-DK","potentialAction":[{"@type":"ReadAction","target":["https:\/\/guidetogreenland.com\/da\/reserver-ferie-rejser\/jagt-efter-nordlys-med-bad-nuuk\/"]}]},{"@type":"ImageObject","inLanguage":"da-DK","@id":"https:\/\/guidetogreenland.com\/da\/reserver-ferie-rejser\/jagt-efter-nordlys-med-bad-nuuk\/#primaryimage","url":"https:\/\/guidetogreenland.com\/wp-content\/uploads\/2020\/05\/Chasing-Northern-Lights-At-Sea-Nuuk-Guide-to-Greenland1.jpg","contentUrl":"https:\/\/guidetogreenland.com\/wp-content\/uploads\/2020\/05\/Chasing-Northern-Lights-At-Sea-Nuuk-Guide-to-Greenland1.jpg","width":984,"height":656},{"@type":"BreadcrumbList","@id":"https:\/\/guidetogreenland.com\/da\/reserver-ferie-rejser\/jagt-efter-nordlys-med-bad-nuuk\/#breadcrumb","itemListElement":[{"@type":"ListItem","position":1,"name":"Home","item":"https:\/\/guidetogreenland.com\/da\/"},{"@type":"ListItem","position":2,"name":"Se alle ture","item":"https:\/\/guidetogreenland.com\/da\/reserver-ferie-rejser\/"},{"@type":"ListItem","position":3,"name":"Jagt efter Nordlys med b\u00e5d | Nuuk"}]},{"@type":"WebSite","@id":"https:\/\/guidetogreenland.com\/da\/#website","url":"https:\/\/guidetogreenland.com\/da\/","name":"Guide to Greenland","description":"Largest selection of tours in Greenland","potentialAction":[{"@type":"SearchAction","target":{"@type":"EntryPoint","urlTemplate":"https:\/\/guidetogreenland.com\/da\/?s={search_term_string}"},"query-input":{"@type":"PropertyValueSpecification","valueRequired":true,"valueName":"search_term_string"}}],"inLanguage":"da-DK"}]}},"_links":{"self":[{"href":"https:\/\/guidetogreenland.com\/da\/wp-json\/wp\/v2\/product\/15259","targetHints":{"allow":["GET"]}}],"collection":[{"href":"https:\/\/guidetogreenland.com\/da\/wp-json\/wp\/v2\/product"}],"about":[{"href":"https:\/\/guidetogreenland.com\/da\/wp-json\/wp\/v2\/types\/product"}],"replies":[{"embeddable":true,"href":"https:\/\/guidetogreenland.com\/da\/wp-json\/wp\/v2\/comments?post=15259"}],"wp:featuredmedia":[{"embeddable":true,"href":"https:\/\/guidetogreenland.com\/da\/wp-json\/wp\/v2\/media\/15260"}],"wp:attachment":[{"href":"https:\/\/guidetogreenland.com\/da\/wp-json\/wp\/v2\/media?parent=15259"}],"wp:term":[{"taxonomy":"product_brand","embeddable":true,"href":"https:\/\/guidetogreenland.com\/da\/wp-json\/wp\/v2\/product_brand?post=15259"},{"taxonomy":"product_cat","embeddable":true,"href":"https:\/\/guidetogreenland.com\/da\/wp-json\/wp\/v2\/product_cat?post=15259"},{"taxonomy":"product_tag","embeddable":true,"href":"https:\/\/guidetogreenland.com\/da\/wp-json\/wp\/v2\/product_tag?post=15259"}],"curies":[{"name":"wp","href":"https:\/\/api.w.org\/{rel}","templated":true}]}}