{"id":15296,"date":"2020-06-15T11:54:12","date_gmt":"2020-06-15T11:54:12","guid":{"rendered":"https:\/\/guidetogreenland.com\/book-trips-holiday\/grand-fly-fishing-adventure-nuuk\/"},"modified":"2022-04-04T18:10:40","modified_gmt":"2022-04-04T21:10:40","slug":"det-store-fluefiske-eventyr-nuuk","status":"publish","type":"product","link":"https:\/\/guidetogreenland.com\/da\/reserver-ferie-rejser\/det-store-fluefiske-eventyr-nuuk\/","title":{"rendered":"Det store fluefiske eventyr | Nuuk"},"content":{"rendered":"<p class=\"x-18pep25\">Kom med p\u00e5 dette fortryllende fluefisker-eventyr &#8211; dybt inde i Nuuks fjord. Dette er et sted hvor naturens kr\u00e6fter bestemmer, langt v\u00e6k fra civilisationen. Her ude vil du ikke m\u00f8de andre end dem du rejser med og det arktiske dyreliv, da stedet kun kan n\u00e5s med helikopter eller med jolle ved n\u00e5r h\u00f8jvandet er p\u00e5 det h\u00f8jeste.<\/p>\n<p class=\"e1imf5dp0 x-jm2771\">Efter mange \u00e5rs s\u00f8gen efter den perfekte flod til fluefiskeri i Nuuks fjord, har Qussuk Adventures endelig fundet den! I denne flod er \u00f8rreden b\u00e5de stor og st\u00e6rk. Ejeren af Qussuk Adventures og hans partner har konkluderet at dette sted m\u00e5 v\u00e6re det bedste i omr\u00e5det, hvis man v<span class=\"x-12abj6v e1uuu2lt3\">il fiske \u00f8rred med flue. Fisken er l\u00e6ngere, tungere og s\u00e5 er der flere af dem end andre steder ved fjorden omkring Nuuk. Str\u00e6kningen, der bliver fisket p\u00e5 er fire kilometer lang og omgivet af uber\u00f8rt natur. I de lange, snoede str\u00e6kninger som floden flyder igennem venter den store \u00f8rred p\u00e5 at bide p\u00e5 fluen. Den st\u00f8rste fisk, der er fanget i floden var 85cm lang og vejede 6 kg, den var s\u00e5 bred, at en velvoksen mandeh\u00e5nd ikke engang kunne holde rundt om den.<\/span><\/p>\n<p class=\"e1imf5dp0 x-jm2771\"><span class=\"x-12abj6v e1uuu2lt3\">Lejr kommer til at best\u00e5 af tremands-telte, hvor vi indlogerer to personer i hvert. Ud over disse telte vil der v\u00e6re et stort telt til f\u00e6llesbrug. Hvert telthold vil blive givet en kasse med mad til deling samt udstyr til at tilberede maden p\u00e5.<\/span><\/p>\n<p class=\"e1imf5dp0 x-jm2771\"><span class=\"x-12abj6v e1uuu2lt3\">T\u00f8v ikke &#8211; kom med p\u00e5 dit livs fiske-eventyr ved den store, rene flod! Se tilg\u00e6ngeligheden ved at klikke &#8220;V\u00e6lg en dag&#8221; ovenover og bestil din tur i dag.<\/span><\/p>\n","protected":false},"excerpt":{"rendered":"Kom med p\u00e5 dette fortryllende fluefisker-eventyr &#8211; dybt inde i Nuuks fjord. Dette er et sted hvor naturens kr\u00e6fter bestemmer, langt v\u00e6k fra civilisationen. Her ude vil du ikke m\u00f8de andre end dem du rejser med og det arktiske dyreliv, da stedet kun kan n\u00e5s med helikopter eller med jolle ved n\u00e5r h\u00f8jvandet er p\u00e5&#8230;","protected":false},"featured_media":15297,"comment_status":"open","ping_status":"closed","template":"","meta":[],"product_brand":[],"product_cat":[613,604,612,593,640,652,633],"product_tag":[893],"class_list":{"0":"post-15296","1":"product","2":"type-product","3":"status-publish","4":"has-post-thumbnail","6":"product_cat-fisketure","7":"product_cat-fly-og-helikopterture","8":"product_cat-natur-og-dyreliv-i-groenland","9":"product_cat-oplevelser-i-groenland","10":"product_cat-sommerrejser","11":"product_cat-ture-i-nuuk","12":"product_cat-vestgroenland","13":"product_tag-nuuk-da","14":"pa_activities-camping","15":"pa_activities-vandretur","16":"pa_activities-fiskeri","17":"pa_attractions-nuuk-fjord","18":"pa_available-month-juni","19":"pa_available-month-juli","20":"pa_available-month-august","21":"pa_destinations-nuuk","22":"pa_difficulty-moderat","23":"pa_duration-4-dage","24":"pa_tour-type-flerdags-ture","25":"yith_shop_vendor-nuuk-adventure-da","27":"first","28":"instock","29":"virtual","30":"sold-individually","31":"purchasable","32":"product-type-booking"},"acf":[],"yoast_head":"<!-- This site is optimized with the Yoast SEO plugin v25.6 - https:\/\/yoast.com\/wordpress\/plugins\/seo\/ -->\n<title>Det store fluefiske eventyr | Nuuk | Guide to Greenland<\/title>\n<meta name=\"description\" content=\"Kom med p\u00e5 en fluefiske-eventy i Nuuk fjorden. Udforsk og erobre den arktiske tundra og udnyt midnatssolen, mens du fanger fisk!\" \/>\n<meta name=\"robots\" content=\"index, follow, max-snippet:-1, max-image-preview:large, max-video-preview:-1\" \/>\n<link rel=\"canonical\" href=\"https:\/\/guidetogreenland.com\/da\/reserver-ferie-rejser\/det-store-fluefiske-eventyr-nuuk\/\" \/>\n<meta property=\"og:locale\" content=\"da_DK\" \/>\n<meta property=\"og:type\" content=\"article\" \/>\n<meta property=\"og:title\" content=\"Det store fluefiske eventyr | Nuuk | Guide to Greenland\" \/>\n<meta property=\"og:description\" content=\"Kom med p\u00e5 en fluefiske-eventy i Nuuk fjorden. Udforsk og erobre den arktiske tundra og udnyt midnatssolen, mens du fanger fisk!\" \/>\n<meta property=\"og:url\" content=\"https:\/\/guidetogreenland.com\/da\/reserver-ferie-rejser\/det-store-fluefiske-eventyr-nuuk\/\" \/>\n<meta property=\"og:site_name\" content=\"Guide to Greenland\" \/>\n<meta property=\"article:modified_time\" content=\"2022-04-04T21:10:40+00:00\" \/>\n<meta property=\"og:image\" content=\"https:\/\/guidetogreenland.com\/wp-content\/uploads\/2020\/05\/Grand-Fly-Fishing-Adventure-Nuuk-Guide-to-Greenland1.jpeg\" \/>\n\t<meta property=\"og:image:width\" content=\"989\" \/>\n\t<meta property=\"og:image:height\" content=\"659\" \/>\n\t<meta property=\"og:image:type\" content=\"image\/jpeg\" \/>\n<meta name=\"twitter:card\" content=\"summary_large_image\" \/>\n<meta name=\"twitter:label1\" content=\"Estimeret l\u00e6setid\" \/>\n\t<meta name=\"twitter:data1\" content=\"1 minut\" \/>\n<script type=\"application\/ld+json\" class=\"yoast-schema-graph\">{\"@context\":\"https:\/\/schema.org\",\"@graph\":[{\"@type\":\"WebPage\",\"@id\":\"https:\/\/guidetogreenland.com\/da\/reserver-ferie-rejser\/det-store-fluefiske-eventyr-nuuk\/\",\"url\":\"https:\/\/guidetogreenland.com\/da\/reserver-ferie-rejser\/det-store-fluefiske-eventyr-nuuk\/\",\"name\":\"Det store fluefiske eventyr | Nuuk | Guide to Greenland\",\"isPartOf\":{\"@id\":\"https:\/\/guidetogreenland.com\/da\/#website\"},\"primaryImageOfPage\":{\"@id\":\"https:\/\/guidetogreenland.com\/da\/reserver-ferie-rejser\/det-store-fluefiske-eventyr-nuuk\/#primaryimage\"},\"image\":{\"@id\":\"https:\/\/guidetogreenland.com\/da\/reserver-ferie-rejser\/det-store-fluefiske-eventyr-nuuk\/#primaryimage\"},\"thumbnailUrl\":\"https:\/\/guidetogreenland.com\/wp-content\/uploads\/2020\/05\/Grand-Fly-Fishing-Adventure-Nuuk-Guide-to-Greenland1.jpeg\",\"datePublished\":\"2020-06-15T11:54:12+00:00\",\"dateModified\":\"2022-04-04T21:10:40+00:00\",\"description\":\"Kom med p\u00e5 en fluefiske-eventy i Nuuk fjorden. Udforsk og erobre den arktiske tundra og udnyt midnatssolen, mens du fanger fisk!\",\"breadcrumb\":{\"@id\":\"https:\/\/guidetogreenland.com\/da\/reserver-ferie-rejser\/det-store-fluefiske-eventyr-nuuk\/#breadcrumb\"},\"inLanguage\":\"da-DK\",\"potentialAction\":[{\"@type\":\"ReadAction\",\"target\":[\"https:\/\/guidetogreenland.com\/da\/reserver-ferie-rejser\/det-store-fluefiske-eventyr-nuuk\/\"]}]},{\"@type\":\"ImageObject\",\"inLanguage\":\"da-DK\",\"@id\":\"https:\/\/guidetogreenland.com\/da\/reserver-ferie-rejser\/det-store-fluefiske-eventyr-nuuk\/#primaryimage\",\"url\":\"https:\/\/guidetogreenland.com\/wp-content\/uploads\/2020\/05\/Grand-Fly-Fishing-Adventure-Nuuk-Guide-to-Greenland1.jpeg\",\"contentUrl\":\"https:\/\/guidetogreenland.com\/wp-content\/uploads\/2020\/05\/Grand-Fly-Fishing-Adventure-Nuuk-Guide-to-Greenland1.jpeg\",\"width\":989,\"height\":659},{\"@type\":\"BreadcrumbList\",\"@id\":\"https:\/\/guidetogreenland.com\/da\/reserver-ferie-rejser\/det-store-fluefiske-eventyr-nuuk\/#breadcrumb\",\"itemListElement\":[{\"@type\":\"ListItem\",\"position\":1,\"name\":\"Home\",\"item\":\"https:\/\/guidetogreenland.com\/da\/\"},{\"@type\":\"ListItem\",\"position\":2,\"name\":\"Se alle ture\",\"item\":\"https:\/\/guidetogreenland.com\/da\/reserver-ferie-rejser\/\"},{\"@type\":\"ListItem\",\"position\":3,\"name\":\"Det store fluefiske eventyr | Nuuk\"}]},{\"@type\":\"WebSite\",\"@id\":\"https:\/\/guidetogreenland.com\/da\/#website\",\"url\":\"https:\/\/guidetogreenland.com\/da\/\",\"name\":\"Guide to Greenland\",\"description\":\"Largest selection of tours in Greenland\",\"potentialAction\":[{\"@type\":\"SearchAction\",\"target\":{\"@type\":\"EntryPoint\",\"urlTemplate\":\"https:\/\/guidetogreenland.com\/da\/?s={search_term_string}\"},\"query-input\":{\"@type\":\"PropertyValueSpecification\",\"valueRequired\":true,\"valueName\":\"search_term_string\"}}],\"inLanguage\":\"da-DK\"}]}<\/script>\n<!-- \/ Yoast SEO plugin. -->","yoast_head_json":{"title":"Det store fluefiske eventyr | Nuuk | Guide to Greenland","description":"Kom med p\u00e5 en fluefiske-eventy i Nuuk fjorden. Udforsk og erobre den arktiske tundra og udnyt midnatssolen, mens du fanger fisk!","robots":{"index":"index","follow":"follow","max-snippet":"max-snippet:-1","max-image-preview":"max-image-preview:large","max-video-preview":"max-video-preview:-1"},"canonical":"https:\/\/guidetogreenland.com\/da\/reserver-ferie-rejser\/det-store-fluefiske-eventyr-nuuk\/","og_locale":"da_DK","og_type":"article","og_title":"Det store fluefiske eventyr | Nuuk | Guide to Greenland","og_description":"Kom med p\u00e5 en fluefiske-eventy i Nuuk fjorden. Udforsk og erobre den arktiske tundra og udnyt midnatssolen, mens du fanger fisk!","og_url":"https:\/\/guidetogreenland.com\/da\/reserver-ferie-rejser\/det-store-fluefiske-eventyr-nuuk\/","og_site_name":"Guide to Greenland","article_modified_time":"2022-04-04T21:10:40+00:00","og_image":[{"width":989,"height":659,"url":"https:\/\/guidetogreenland.com\/wp-content\/uploads\/2020\/05\/Grand-Fly-Fishing-Adventure-Nuuk-Guide-to-Greenland1.jpeg","type":"image\/jpeg"}],"twitter_card":"summary_large_image","twitter_misc":{"Estimeret l\u00e6setid":"1 minut"},"schema":{"@context":"https:\/\/schema.org","@graph":[{"@type":"WebPage","@id":"https:\/\/guidetogreenland.com\/da\/reserver-ferie-rejser\/det-store-fluefiske-eventyr-nuuk\/","url":"https:\/\/guidetogreenland.com\/da\/reserver-ferie-rejser\/det-store-fluefiske-eventyr-nuuk\/","name":"Det store fluefiske eventyr | Nuuk | Guide to Greenland","isPartOf":{"@id":"https:\/\/guidetogreenland.com\/da\/#website"},"primaryImageOfPage":{"@id":"https:\/\/guidetogreenland.com\/da\/reserver-ferie-rejser\/det-store-fluefiske-eventyr-nuuk\/#primaryimage"},"image":{"@id":"https:\/\/guidetogreenland.com\/da\/reserver-ferie-rejser\/det-store-fluefiske-eventyr-nuuk\/#primaryimage"},"thumbnailUrl":"https:\/\/guidetogreenland.com\/wp-content\/uploads\/2020\/05\/Grand-Fly-Fishing-Adventure-Nuuk-Guide-to-Greenland1.jpeg","datePublished":"2020-06-15T11:54:12+00:00","dateModified":"2022-04-04T21:10:40+00:00","description":"Kom med p\u00e5 en fluefiske-eventy i Nuuk fjorden. Udforsk og erobre den arktiske tundra og udnyt midnatssolen, mens du fanger fisk!","breadcrumb":{"@id":"https:\/\/guidetogreenland.com\/da\/reserver-ferie-rejser\/det-store-fluefiske-eventyr-nuuk\/#breadcrumb"},"inLanguage":"da-DK","potentialAction":[{"@type":"ReadAction","target":["https:\/\/guidetogreenland.com\/da\/reserver-ferie-rejser\/det-store-fluefiske-eventyr-nuuk\/"]}]},{"@type":"ImageObject","inLanguage":"da-DK","@id":"https:\/\/guidetogreenland.com\/da\/reserver-ferie-rejser\/det-store-fluefiske-eventyr-nuuk\/#primaryimage","url":"https:\/\/guidetogreenland.com\/wp-content\/uploads\/2020\/05\/Grand-Fly-Fishing-Adventure-Nuuk-Guide-to-Greenland1.jpeg","contentUrl":"https:\/\/guidetogreenland.com\/wp-content\/uploads\/2020\/05\/Grand-Fly-Fishing-Adventure-Nuuk-Guide-to-Greenland1.jpeg","width":989,"height":659},{"@type":"BreadcrumbList","@id":"https:\/\/guidetogreenland.com\/da\/reserver-ferie-rejser\/det-store-fluefiske-eventyr-nuuk\/#breadcrumb","itemListElement":[{"@type":"ListItem","position":1,"name":"Home","item":"https:\/\/guidetogreenland.com\/da\/"},{"@type":"ListItem","position":2,"name":"Se alle ture","item":"https:\/\/guidetogreenland.com\/da\/reserver-ferie-rejser\/"},{"@type":"ListItem","position":3,"name":"Det store fluefiske eventyr | Nuuk"}]},{"@type":"WebSite","@id":"https:\/\/guidetogreenland.com\/da\/#website","url":"https:\/\/guidetogreenland.com\/da\/","name":"Guide to Greenland","description":"Largest selection of tours in Greenland","potentialAction":[{"@type":"SearchAction","target":{"@type":"EntryPoint","urlTemplate":"https:\/\/guidetogreenland.com\/da\/?s={search_term_string}"},"query-input":{"@type":"PropertyValueSpecification","valueRequired":true,"valueName":"search_term_string"}}],"inLanguage":"da-DK"}]}},"_links":{"self":[{"href":"https:\/\/guidetogreenland.com\/da\/wp-json\/wp\/v2\/product\/15296","targetHints":{"allow":["GET"]}}],"collection":[{"href":"https:\/\/guidetogreenland.com\/da\/wp-json\/wp\/v2\/product"}],"about":[{"href":"https:\/\/guidetogreenland.com\/da\/wp-json\/wp\/v2\/types\/product"}],"replies":[{"embeddable":true,"href":"https:\/\/guidetogreenland.com\/da\/wp-json\/wp\/v2\/comments?post=15296"}],"wp:featuredmedia":[{"embeddable":true,"href":"https:\/\/guidetogreenland.com\/da\/wp-json\/wp\/v2\/media\/15297"}],"wp:attachment":[{"href":"https:\/\/guidetogreenland.com\/da\/wp-json\/wp\/v2\/media?parent=15296"}],"wp:term":[{"taxonomy":"product_brand","embeddable":true,"href":"https:\/\/guidetogreenland.com\/da\/wp-json\/wp\/v2\/product_brand?post=15296"},{"taxonomy":"product_cat","embeddable":true,"href":"https:\/\/guidetogreenland.com\/da\/wp-json\/wp\/v2\/product_cat?post=15296"},{"taxonomy":"product_tag","embeddable":true,"href":"https:\/\/guidetogreenland.com\/da\/wp-json\/wp\/v2\/product_tag?post=15296"}],"curies":[{"name":"wp","href":"https:\/\/api.w.org\/{rel}","templated":true}]}}