{"id":15300,"date":"2020-06-15T10:45:10","date_gmt":"2020-06-15T10:45:10","guid":{"rendered":"https:\/\/guidetogreenland.com\/book-trips-holiday\/heli-fishing-arctic-char-private-charter-nuuk\/"},"modified":"2021-02-08T16:56:20","modified_gmt":"2021-02-08T16:56:20","slug":"helikopter-oerred-fisketur-privat-charter-nuuk","status":"publish","type":"product","link":"https:\/\/guidetogreenland.com\/da\/reserver-ferie-rejser\/helikopter-orred-fisketur-privat-charter-nuuk\/","title":{"rendered":"Helikopter \u00d8rred Fisketur | Privat charter | Nuuk"},"content":{"rendered":"<p class=\"x-vgdwdk\">Hop ombord p\u00e5 AS-35 helikopteren for den spektakul\u00e6re fiskeoplevelse, en rejse der tager dig fra Nuuk til en af Nordlandets st\u00f8rste \u00f8rredb\u00e6rende elve.<\/p>\n<p class=\"x-vgdwdk\">Akia, ogs\u00e5 kendt som Nordlandet, er et stort og relativt fladt fjeldomr\u00e5de overfor Nuuk. Grundet omr\u00e5dets brede fauna og rige fiskebestande, er Akia et eftertragtet fangst- og fiskeri-omr\u00e5de for de lokale, og det en ingen undtagelse, n\u00e5r det kommer til \u00f8rredfiskeri!<\/p>\n<p class=\"x-vgdwdk\">Din tur starter i Nuuk lufthavn, hvor du bliver budt velkommen af vores lokale og erfarne pilot.<\/p>\n<p class=\"e1imf5dp0 x-65n8fm\">Turen g\u00e5r herefter op over skyerne, over havet og langs nordlandets kyst. Den estimerede<span class=\"x-12abj6v e1uuu2lt3\"> tid i luften er sammenlagt 30-35 minutter, og resten af tiden vil du kunne bruge p\u00e5 at k\u00e6mpe om at f\u00e5 fjeld\u00f8rrederne ind til lands. \u00a0<\/span><\/p>\n<p class=\"e1imf5dp0 x-65n8fm\"><span class=\"x-12abj6v e1uuu2lt3\">Piloten lander helikopteren n\u00e6r elven. Du kommer til at fiske i det smukkeste omgivelser fjeldomgivelser omgivet med arktisk bomuldsgr\u00e6s (ukaliusaq), lyng og elvegreninger.<\/span><\/p>\n<p class=\"e1imf5dp0 x-65n8fm\"><span class=\"x-12abj6v e1uuu2lt3\">P\u00e5 nordlandet vil du og dine medrejsende have ca. 2 timer og 30 minutter til at give jer i kast med \u00f8rredfiskeri. De gr\u00f8nlandske fjeld- og hav\u00f8rreder k\u00e6mper til det sidste, og selv i spejlblankt vand er de udfordrende at reel til lands.<\/span><\/p>\n<p class=\"e1imf5dp0 x-65n8fm\"><span class=\"x-12abj6v e1uuu2lt3\">Pak dit fiskegrej og medbring din fiskelicens. Se turens tilg\u00e6ngelighed ovenfor, og book din charter tur i dag!<\/span><\/p>\n","protected":false},"excerpt":{"rendered":"Hop ombord p\u00e5 AS-35 helikopteren for den spektakul\u00e6re fiskeoplevelse, en rejse der tager dig fra Nuuk til en af Nordlandets st\u00f8rste \u00f8rredb\u00e6rende elve. Akia, ogs\u00e5 kendt som Nordlandet, er et stort og relativt fladt fjeldomr\u00e5de overfor Nuuk. Grundet omr\u00e5dets brede fauna og rige fiskebestande, er Akia et eftertragtet fangst- og fiskeri-omr\u00e5de for de lokale, og&#8230;","protected":false},"featured_media":15302,"comment_status":"open","ping_status":"closed","template":"","meta":[],"product_brand":[],"product_cat":[854],"product_tag":[],"class_list":{"0":"post-15300","1":"product","2":"type-product","3":"status-publish","4":"has-post-thumbnail","6":"product_cat-uncategorized-da","7":"pa_activities-fiskeri","8":"pa_activities-sightseeing-med-fly","9":"pa_attractions-nordlandet-da","10":"pa_attractions-nuuk-fjord","11":"pa_available-month-august","12":"pa_destinations-nuuk","13":"pa_difficulty-let","14":"pa_duration-3-timer","15":"pa_tour-type-dagsture","16":"yith_shop_vendor-air-greenland-da","18":"first","19":"instock","20":"virtual","21":"sold-individually","22":"purchasable","23":"product-type-booking"},"acf":[],"yoast_head":"<!-- This site is optimized with the Yoast SEO plugin v25.6 - https:\/\/yoast.com\/wordpress\/plugins\/seo\/ -->\n<title>Helikopter \u00d8rred Fisketur | Privat charter | Nuuk | Guide to Greenland<\/title>\n<meta name=\"description\" content=\"Bring din fiskerfaring til det n\u00e6ste niveau! Ved denne helifisketur kan du n\u00e5 en af \u200b\u200bde mest afsidesliggende og n\u00e6sten utilg\u00e6ngelige floder i Gr\u00f8nland, der fisker efter r\u00f8ye.\" \/>\n<meta name=\"robots\" content=\"index, follow, max-snippet:-1, max-image-preview:large, max-video-preview:-1\" \/>\n<link rel=\"canonical\" href=\"https:\/\/guidetogreenland.com\/da\/reserver-ferie-rejser\/helikopter-orred-fisketur-privat-charter-nuuk\/\" \/>\n<meta property=\"og:locale\" content=\"da_DK\" \/>\n<meta property=\"og:type\" content=\"article\" \/>\n<meta property=\"og:title\" content=\"Helikopter \u00d8rred Fisketur | Privat charter | Nuuk | Guide to Greenland\" \/>\n<meta property=\"og:description\" content=\"Bring din fiskerfaring til det n\u00e6ste niveau! Ved denne helifisketur kan du n\u00e5 en af \u200b\u200bde mest afsidesliggende og n\u00e6sten utilg\u00e6ngelige floder i Gr\u00f8nland, der fisker efter r\u00f8ye.\" \/>\n<meta property=\"og:url\" content=\"https:\/\/guidetogreenland.com\/da\/reserver-ferie-rejser\/helikopter-orred-fisketur-privat-charter-nuuk\/\" \/>\n<meta property=\"og:site_name\" content=\"Guide to Greenland\" \/>\n<meta property=\"article:modified_time\" content=\"2021-02-08T16:56:20+00:00\" \/>\n<meta property=\"og:image\" content=\"https:\/\/guidetogreenland.com\/wp-content\/uploads\/2020\/06\/Heli-Fishing-Arctic-Char-Private-charter-Nuuk-Guide-to-Greenland9.jpg\" \/>\n\t<meta property=\"og:image:width\" content=\"2221\" \/>\n\t<meta property=\"og:image:height\" content=\"1480\" \/>\n\t<meta property=\"og:image:type\" content=\"image\/jpeg\" \/>\n<meta name=\"twitter:card\" content=\"summary_large_image\" \/>\n<meta name=\"twitter:label1\" content=\"Estimeret l\u00e6setid\" \/>\n\t<meta name=\"twitter:data1\" content=\"1 minut\" \/>\n<script type=\"application\/ld+json\" class=\"yoast-schema-graph\">{\"@context\":\"https:\/\/schema.org\",\"@graph\":[{\"@type\":\"WebPage\",\"@id\":\"https:\/\/guidetogreenland.com\/da\/reserver-ferie-rejser\/helikopter-orred-fisketur-privat-charter-nuuk\/\",\"url\":\"https:\/\/guidetogreenland.com\/da\/reserver-ferie-rejser\/helikopter-orred-fisketur-privat-charter-nuuk\/\",\"name\":\"Helikopter \u00d8rred Fisketur | Privat charter | Nuuk | Guide to Greenland\",\"isPartOf\":{\"@id\":\"https:\/\/guidetogreenland.com\/da\/#website\"},\"primaryImageOfPage\":{\"@id\":\"https:\/\/guidetogreenland.com\/da\/reserver-ferie-rejser\/helikopter-orred-fisketur-privat-charter-nuuk\/#primaryimage\"},\"image\":{\"@id\":\"https:\/\/guidetogreenland.com\/da\/reserver-ferie-rejser\/helikopter-orred-fisketur-privat-charter-nuuk\/#primaryimage\"},\"thumbnailUrl\":\"https:\/\/guidetogreenland.com\/wp-content\/uploads\/2020\/06\/Heli-Fishing-Arctic-Char-Private-charter-Nuuk-Guide-to-Greenland9.jpg\",\"datePublished\":\"2020-06-15T10:45:10+00:00\",\"dateModified\":\"2021-02-08T16:56:20+00:00\",\"description\":\"Bring din fiskerfaring til det n\u00e6ste niveau! Ved denne helifisketur kan du n\u00e5 en af \u200b\u200bde mest afsidesliggende og n\u00e6sten utilg\u00e6ngelige floder i Gr\u00f8nland, der fisker efter r\u00f8ye.\",\"breadcrumb\":{\"@id\":\"https:\/\/guidetogreenland.com\/da\/reserver-ferie-rejser\/helikopter-orred-fisketur-privat-charter-nuuk\/#breadcrumb\"},\"inLanguage\":\"da-DK\",\"potentialAction\":[{\"@type\":\"ReadAction\",\"target\":[\"https:\/\/guidetogreenland.com\/da\/reserver-ferie-rejser\/helikopter-orred-fisketur-privat-charter-nuuk\/\"]}]},{\"@type\":\"ImageObject\",\"inLanguage\":\"da-DK\",\"@id\":\"https:\/\/guidetogreenland.com\/da\/reserver-ferie-rejser\/helikopter-orred-fisketur-privat-charter-nuuk\/#primaryimage\",\"url\":\"https:\/\/guidetogreenland.com\/wp-content\/uploads\/2020\/06\/Heli-Fishing-Arctic-Char-Private-charter-Nuuk-Guide-to-Greenland9.jpg\",\"contentUrl\":\"https:\/\/guidetogreenland.com\/wp-content\/uploads\/2020\/06\/Heli-Fishing-Arctic-Char-Private-charter-Nuuk-Guide-to-Greenland9.jpg\",\"width\":2221,\"height\":1480},{\"@type\":\"BreadcrumbList\",\"@id\":\"https:\/\/guidetogreenland.com\/da\/reserver-ferie-rejser\/helikopter-orred-fisketur-privat-charter-nuuk\/#breadcrumb\",\"itemListElement\":[{\"@type\":\"ListItem\",\"position\":1,\"name\":\"Home\",\"item\":\"https:\/\/guidetogreenland.com\/da\/\"},{\"@type\":\"ListItem\",\"position\":2,\"name\":\"Se alle ture\",\"item\":\"https:\/\/guidetogreenland.com\/da\/reserver-ferie-rejser\/\"},{\"@type\":\"ListItem\",\"position\":3,\"name\":\"Helikopter \u00d8rred Fisketur | Privat charter | Nuuk\"}]},{\"@type\":\"WebSite\",\"@id\":\"https:\/\/guidetogreenland.com\/da\/#website\",\"url\":\"https:\/\/guidetogreenland.com\/da\/\",\"name\":\"Guide to Greenland\",\"description\":\"Largest selection of tours in Greenland\",\"potentialAction\":[{\"@type\":\"SearchAction\",\"target\":{\"@type\":\"EntryPoint\",\"urlTemplate\":\"https:\/\/guidetogreenland.com\/da\/?s={search_term_string}\"},\"query-input\":{\"@type\":\"PropertyValueSpecification\",\"valueRequired\":true,\"valueName\":\"search_term_string\"}}],\"inLanguage\":\"da-DK\"}]}<\/script>\n<!-- \/ Yoast SEO plugin. -->","yoast_head_json":{"title":"Helikopter \u00d8rred Fisketur | Privat charter | Nuuk | Guide to Greenland","description":"Bring din fiskerfaring til det n\u00e6ste niveau! Ved denne helifisketur kan du n\u00e5 en af \u200b\u200bde mest afsidesliggende og n\u00e6sten utilg\u00e6ngelige floder i Gr\u00f8nland, der fisker efter r\u00f8ye.","robots":{"index":"index","follow":"follow","max-snippet":"max-snippet:-1","max-image-preview":"max-image-preview:large","max-video-preview":"max-video-preview:-1"},"canonical":"https:\/\/guidetogreenland.com\/da\/reserver-ferie-rejser\/helikopter-orred-fisketur-privat-charter-nuuk\/","og_locale":"da_DK","og_type":"article","og_title":"Helikopter \u00d8rred Fisketur | Privat charter | Nuuk | Guide to Greenland","og_description":"Bring din fiskerfaring til det n\u00e6ste niveau! Ved denne helifisketur kan du n\u00e5 en af \u200b\u200bde mest afsidesliggende og n\u00e6sten utilg\u00e6ngelige floder i Gr\u00f8nland, der fisker efter r\u00f8ye.","og_url":"https:\/\/guidetogreenland.com\/da\/reserver-ferie-rejser\/helikopter-orred-fisketur-privat-charter-nuuk\/","og_site_name":"Guide to Greenland","article_modified_time":"2021-02-08T16:56:20+00:00","og_image":[{"width":2221,"height":1480,"url":"https:\/\/guidetogreenland.com\/wp-content\/uploads\/2020\/06\/Heli-Fishing-Arctic-Char-Private-charter-Nuuk-Guide-to-Greenland9.jpg","type":"image\/jpeg"}],"twitter_card":"summary_large_image","twitter_misc":{"Estimeret l\u00e6setid":"1 minut"},"schema":{"@context":"https:\/\/schema.org","@graph":[{"@type":"WebPage","@id":"https:\/\/guidetogreenland.com\/da\/reserver-ferie-rejser\/helikopter-orred-fisketur-privat-charter-nuuk\/","url":"https:\/\/guidetogreenland.com\/da\/reserver-ferie-rejser\/helikopter-orred-fisketur-privat-charter-nuuk\/","name":"Helikopter \u00d8rred Fisketur | Privat charter | Nuuk | Guide to Greenland","isPartOf":{"@id":"https:\/\/guidetogreenland.com\/da\/#website"},"primaryImageOfPage":{"@id":"https:\/\/guidetogreenland.com\/da\/reserver-ferie-rejser\/helikopter-orred-fisketur-privat-charter-nuuk\/#primaryimage"},"image":{"@id":"https:\/\/guidetogreenland.com\/da\/reserver-ferie-rejser\/helikopter-orred-fisketur-privat-charter-nuuk\/#primaryimage"},"thumbnailUrl":"https:\/\/guidetogreenland.com\/wp-content\/uploads\/2020\/06\/Heli-Fishing-Arctic-Char-Private-charter-Nuuk-Guide-to-Greenland9.jpg","datePublished":"2020-06-15T10:45:10+00:00","dateModified":"2021-02-08T16:56:20+00:00","description":"Bring din fiskerfaring til det n\u00e6ste niveau! Ved denne helifisketur kan du n\u00e5 en af \u200b\u200bde mest afsidesliggende og n\u00e6sten utilg\u00e6ngelige floder i Gr\u00f8nland, der fisker efter r\u00f8ye.","breadcrumb":{"@id":"https:\/\/guidetogreenland.com\/da\/reserver-ferie-rejser\/helikopter-orred-fisketur-privat-charter-nuuk\/#breadcrumb"},"inLanguage":"da-DK","potentialAction":[{"@type":"ReadAction","target":["https:\/\/guidetogreenland.com\/da\/reserver-ferie-rejser\/helikopter-orred-fisketur-privat-charter-nuuk\/"]}]},{"@type":"ImageObject","inLanguage":"da-DK","@id":"https:\/\/guidetogreenland.com\/da\/reserver-ferie-rejser\/helikopter-orred-fisketur-privat-charter-nuuk\/#primaryimage","url":"https:\/\/guidetogreenland.com\/wp-content\/uploads\/2020\/06\/Heli-Fishing-Arctic-Char-Private-charter-Nuuk-Guide-to-Greenland9.jpg","contentUrl":"https:\/\/guidetogreenland.com\/wp-content\/uploads\/2020\/06\/Heli-Fishing-Arctic-Char-Private-charter-Nuuk-Guide-to-Greenland9.jpg","width":2221,"height":1480},{"@type":"BreadcrumbList","@id":"https:\/\/guidetogreenland.com\/da\/reserver-ferie-rejser\/helikopter-orred-fisketur-privat-charter-nuuk\/#breadcrumb","itemListElement":[{"@type":"ListItem","position":1,"name":"Home","item":"https:\/\/guidetogreenland.com\/da\/"},{"@type":"ListItem","position":2,"name":"Se alle ture","item":"https:\/\/guidetogreenland.com\/da\/reserver-ferie-rejser\/"},{"@type":"ListItem","position":3,"name":"Helikopter \u00d8rred Fisketur | Privat charter | Nuuk"}]},{"@type":"WebSite","@id":"https:\/\/guidetogreenland.com\/da\/#website","url":"https:\/\/guidetogreenland.com\/da\/","name":"Guide to Greenland","description":"Largest selection of tours in Greenland","potentialAction":[{"@type":"SearchAction","target":{"@type":"EntryPoint","urlTemplate":"https:\/\/guidetogreenland.com\/da\/?s={search_term_string}"},"query-input":{"@type":"PropertyValueSpecification","valueRequired":true,"valueName":"search_term_string"}}],"inLanguage":"da-DK"}]}},"_links":{"self":[{"href":"https:\/\/guidetogreenland.com\/da\/wp-json\/wp\/v2\/product\/15300","targetHints":{"allow":["GET"]}}],"collection":[{"href":"https:\/\/guidetogreenland.com\/da\/wp-json\/wp\/v2\/product"}],"about":[{"href":"https:\/\/guidetogreenland.com\/da\/wp-json\/wp\/v2\/types\/product"}],"replies":[{"embeddable":true,"href":"https:\/\/guidetogreenland.com\/da\/wp-json\/wp\/v2\/comments?post=15300"}],"wp:featuredmedia":[{"embeddable":true,"href":"https:\/\/guidetogreenland.com\/da\/wp-json\/wp\/v2\/media\/15302"}],"wp:attachment":[{"href":"https:\/\/guidetogreenland.com\/da\/wp-json\/wp\/v2\/media?parent=15300"}],"wp:term":[{"taxonomy":"product_brand","embeddable":true,"href":"https:\/\/guidetogreenland.com\/da\/wp-json\/wp\/v2\/product_brand?post=15300"},{"taxonomy":"product_cat","embeddable":true,"href":"https:\/\/guidetogreenland.com\/da\/wp-json\/wp\/v2\/product_cat?post=15300"},{"taxonomy":"product_tag","embeddable":true,"href":"https:\/\/guidetogreenland.com\/da\/wp-json\/wp\/v2\/product_tag?post=15300"}],"curies":[{"name":"wp","href":"https:\/\/api.w.org\/{rel}","templated":true}]}}