{"id":15311,"date":"2020-06-15T10:52:57","date_gmt":"2020-06-15T10:52:57","guid":{"rendered":"https:\/\/guidetogreenland.com\/book-trips-holiday\/helicopter-tour-to-the-icefjord-private-charter-tour-nuuk\/"},"modified":"2023-03-24T15:37:38","modified_gmt":"2023-03-24T18:37:38","slug":"helikopter-tur-til-isfjord-privat-charter-tur-nuuk","status":"publish","type":"product","link":"https:\/\/guidetogreenland.com\/da\/reserver-ferie-rejser\/helikoptertur-til-isfjorden-privat-charter-tur-nuuk\/","title":{"rendered":"Helikoptertur til isfjorden | Privat charter tur | Nuuk"},"content":{"rendered":"<p class=\"x-vgdwdk\">Oplev den fascinerende Narsap Sermia gletscher med denne unikke helikopter tur! Denne flyvetur b\u00f8r ikke blive misset af nogen, der \u00f8nsker at opleve de gr\u00f8nlandske vidundere, Nuuk Fjord har at byde p\u00e5. Alt fra Nuuk Fjords h\u00f8jeste punkt, Qingaaq, til Nuuk isfjord.<\/p>\n<p class=\"x-vgdwdk\">Denne to-timers flyvetur starter i Nuuk Lufthavn, hvor du bliver budt velkommen af din erfarne Air Greenland pilot. Efter en kort introduktion til turen, hopper du op i AS-350 helikopteren, if\u00f8rer dig dit headset og begiver dig op blandt skyerne, s\u00e5 du f\u00e5r den smukkeste udsigt i hele Nuuk!<\/p>\n<p class=\"e1imf5dp0 x-65n8fm\">Mod Narsap Sermia flyver vi langs Nuuk Fjord, hvo<span class=\"x-12abj6v e1uuu2lt3\">r du vil kunne betragte et af verdens st\u00f8rste fjordsystemer og dets mange sm\u00e5 fjordgreninger, bugte og storsl\u00e5ede landskaber. Undervejs passerer vi Qingaaq, der med sin skyh\u00f8je st\u00f8rrelse er fjordens h\u00f8jeste punkt.<\/span><\/p>\n<p class=\"e1imf5dp0 x-65n8fm\"><span class=\"x-12abj6v e1uuu2lt3\">Ved indflyvning til Nuuk isfjord flyver vi over de mange isbjerge, og langs den 50 meter h\u00f8je gletscherv\u00e6g. Helikopteren lander p\u00e5 et plateau til h\u00f8jre for isbr\u00e6en, hvor du og dine medrejsende vil kunne nyde det fantastiske vue ud over isfjorden, gletsjerkanten og den enorme ismasse. Hvis i er heldige p\u00e5 jeres tur, kan i opleve, at gletsjeren k\u00e6lver. Det er forholdsvist ofte, at dette naturf\u00e6nomen forekommer, og det er en dramatisk men fantastisk oplevelse.<\/span><\/p>\n<p class=\"e1imf5dp0 x-65n8fm\"><span class=\"x-12abj6v e1uuu2lt3\">Vi tilbringer 1 time ved plateauet, f\u00f8r turen g\u00e5r tilbage til Nuuk. Ved tilbageflyvningen krydser vi Kapisillit, Nuuk fjords sidste tilbagev\u00e6rende bygd, og passerer Nuuks varetegn, Sermitsiaq.<\/span><\/p>\n<p class=\"e1imf5dp0 x-65n8fm\"><span class=\"x-12abj6v e1uuu2lt3\">Book denne enest\u00e5ende mulighed for at opleve Nuuk fjord, fra et andet perspektiv! Se turens tilg\u00e6ngelighed ovenfor.\u00a0<\/span><\/p>\n","protected":false},"excerpt":{"rendered":"Oplev den fascinerende Narsap Sermia gletscher med denne unikke helikopter tur! Denne flyvetur b\u00f8r ikke blive misset af nogen, der \u00f8nsker at opleve de gr\u00f8nlandske vidundere, Nuuk Fjord har at byde p\u00e5. Alt fra Nuuk Fjords h\u00f8jeste punkt, Qingaaq, til Nuuk isfjord. Denne to-timers flyvetur starter i Nuuk Lufthavn, hvor du bliver budt velkommen af&#8230;","protected":false},"featured_media":15313,"comment_status":"open","ping_status":"closed","template":"","meta":[],"product_brand":[],"product_cat":[621,605,604,614,692,612,593,626,652,633],"product_tag":[893],"class_list":{"0":"post-15311","1":"product","2":"type-product","3":"status-publish","4":"has-post-thumbnail","6":"product_cat-charterture","7":"product_cat-dagsture-om-sommeren","8":"product_cat-fly-og-helikopterture","9":"product_cat-gletsjer-og-indlandsisen","10":"product_cat-iceberg-icefjord-tours","11":"product_cat-natur-og-dyreliv-i-groenland","12":"product_cat-oplevelser-i-groenland","13":"product_cat-staycation-i-groenland","14":"product_cat-ture-i-nuuk","15":"product_cat-vestgroenland","16":"product_tag-nuuk-da","17":"pa_activities-gletscher-udsigt","18":"pa_activities-isbjerg-udsigt","19":"pa_activities-sightseeing-med-fly","20":"pa_attractions-indlandsisen","21":"pa_attractions-nuuk-fjord","22":"pa_available-month-juli","23":"pa_available-month-august","24":"pa_destinations-nuuk","25":"pa_difficulty-let","26":"pa_duration-2-timer","27":"pa_tour-type-dagsture","28":"yith_shop_vendor-air-greenland-da","30":"first","31":"instock","32":"virtual","33":"sold-individually","34":"purchasable","35":"product-type-booking"},"acf":[],"yoast_head":"<!-- This site is optimized with the Yoast SEO plugin v25.6 - https:\/\/yoast.com\/wordpress\/plugins\/seo\/ -->\n<title>Helikoptertur til isfjorden | Privat charter tur | Nuuk | Guide to Greenland<\/title>\n<meta name=\"description\" content=\"Unik helikoptertur til den smukke isfjord n\u00e6r Nuuk. Oplev den smukke arktiske natur oppefra. Se Narsap Sermia-gletscheren med dine venner eller kolleger.\" \/>\n<meta name=\"robots\" content=\"index, follow, max-snippet:-1, max-image-preview:large, max-video-preview:-1\" \/>\n<link rel=\"canonical\" href=\"https:\/\/guidetogreenland.com\/da\/reserver-ferie-rejser\/helikoptertur-til-isfjorden-privat-charter-tur-nuuk\/\" \/>\n<meta property=\"og:locale\" content=\"da_DK\" \/>\n<meta property=\"og:type\" content=\"article\" \/>\n<meta property=\"og:title\" content=\"Helikoptertur til isfjorden | Privat charter tur | Nuuk | Guide to Greenland\" \/>\n<meta property=\"og:description\" content=\"Unik helikoptertur til den smukke isfjord n\u00e6r Nuuk. Oplev den smukke arktiske natur oppefra. Se Narsap Sermia-gletscheren med dine venner eller kolleger.\" \/>\n<meta property=\"og:url\" content=\"https:\/\/guidetogreenland.com\/da\/reserver-ferie-rejser\/helikoptertur-til-isfjorden-privat-charter-tur-nuuk\/\" \/>\n<meta property=\"og:site_name\" content=\"Guide to Greenland\" \/>\n<meta property=\"article:modified_time\" content=\"2023-03-24T18:37:38+00:00\" \/>\n<meta property=\"og:image\" content=\"https:\/\/guidetogreenland.com\/wp-content\/uploads\/2020\/06\/Helicopter-tour-to-the-icefjord-Private-charter-tour-Nuuk-Guide-to-Greenland8-1.jpg\" \/>\n\t<meta property=\"og:image:width\" content=\"1600\" \/>\n\t<meta property=\"og:image:height\" content=\"1067\" \/>\n\t<meta property=\"og:image:type\" content=\"image\/jpeg\" \/>\n<meta name=\"twitter:card\" content=\"summary_large_image\" \/>\n<meta name=\"twitter:label1\" content=\"Estimeret l\u00e6setid\" \/>\n\t<meta name=\"twitter:data1\" content=\"2 minutter\" \/>\n<script type=\"application\/ld+json\" class=\"yoast-schema-graph\">{\"@context\":\"https:\/\/schema.org\",\"@graph\":[{\"@type\":\"WebPage\",\"@id\":\"https:\/\/guidetogreenland.com\/da\/reserver-ferie-rejser\/helikoptertur-til-isfjorden-privat-charter-tur-nuuk\/\",\"url\":\"https:\/\/guidetogreenland.com\/da\/reserver-ferie-rejser\/helikoptertur-til-isfjorden-privat-charter-tur-nuuk\/\",\"name\":\"Helikoptertur til isfjorden | Privat charter tur | Nuuk | Guide to Greenland\",\"isPartOf\":{\"@id\":\"https:\/\/guidetogreenland.com\/da\/#website\"},\"primaryImageOfPage\":{\"@id\":\"https:\/\/guidetogreenland.com\/da\/reserver-ferie-rejser\/helikoptertur-til-isfjorden-privat-charter-tur-nuuk\/#primaryimage\"},\"image\":{\"@id\":\"https:\/\/guidetogreenland.com\/da\/reserver-ferie-rejser\/helikoptertur-til-isfjorden-privat-charter-tur-nuuk\/#primaryimage\"},\"thumbnailUrl\":\"https:\/\/guidetogreenland.com\/wp-content\/uploads\/2020\/06\/Helicopter-tour-to-the-icefjord-Private-charter-tour-Nuuk-Guide-to-Greenland8-1.jpg\",\"datePublished\":\"2020-06-15T10:52:57+00:00\",\"dateModified\":\"2023-03-24T18:37:38+00:00\",\"description\":\"Unik helikoptertur til den smukke isfjord n\u00e6r Nuuk. Oplev den smukke arktiske natur oppefra. Se Narsap Sermia-gletscheren med dine venner eller kolleger.\",\"breadcrumb\":{\"@id\":\"https:\/\/guidetogreenland.com\/da\/reserver-ferie-rejser\/helikoptertur-til-isfjorden-privat-charter-tur-nuuk\/#breadcrumb\"},\"inLanguage\":\"da-DK\",\"potentialAction\":[{\"@type\":\"ReadAction\",\"target\":[\"https:\/\/guidetogreenland.com\/da\/reserver-ferie-rejser\/helikoptertur-til-isfjorden-privat-charter-tur-nuuk\/\"]}]},{\"@type\":\"ImageObject\",\"inLanguage\":\"da-DK\",\"@id\":\"https:\/\/guidetogreenland.com\/da\/reserver-ferie-rejser\/helikoptertur-til-isfjorden-privat-charter-tur-nuuk\/#primaryimage\",\"url\":\"https:\/\/guidetogreenland.com\/wp-content\/uploads\/2020\/06\/Helicopter-tour-to-the-icefjord-Private-charter-tour-Nuuk-Guide-to-Greenland8-1.jpg\",\"contentUrl\":\"https:\/\/guidetogreenland.com\/wp-content\/uploads\/2020\/06\/Helicopter-tour-to-the-icefjord-Private-charter-tour-Nuuk-Guide-to-Greenland8-1.jpg\",\"width\":1600,\"height\":1067},{\"@type\":\"BreadcrumbList\",\"@id\":\"https:\/\/guidetogreenland.com\/da\/reserver-ferie-rejser\/helikoptertur-til-isfjorden-privat-charter-tur-nuuk\/#breadcrumb\",\"itemListElement\":[{\"@type\":\"ListItem\",\"position\":1,\"name\":\"Home\",\"item\":\"https:\/\/guidetogreenland.com\/da\/\"},{\"@type\":\"ListItem\",\"position\":2,\"name\":\"Se alle ture\",\"item\":\"https:\/\/guidetogreenland.com\/da\/reserver-ferie-rejser\/\"},{\"@type\":\"ListItem\",\"position\":3,\"name\":\"Helikoptertur til isfjorden | Privat charter tur | Nuuk\"}]},{\"@type\":\"WebSite\",\"@id\":\"https:\/\/guidetogreenland.com\/da\/#website\",\"url\":\"https:\/\/guidetogreenland.com\/da\/\",\"name\":\"Guide to Greenland\",\"description\":\"Largest selection of tours in Greenland\",\"potentialAction\":[{\"@type\":\"SearchAction\",\"target\":{\"@type\":\"EntryPoint\",\"urlTemplate\":\"https:\/\/guidetogreenland.com\/da\/?s={search_term_string}\"},\"query-input\":{\"@type\":\"PropertyValueSpecification\",\"valueRequired\":true,\"valueName\":\"search_term_string\"}}],\"inLanguage\":\"da-DK\"}]}<\/script>\n<!-- \/ Yoast SEO plugin. -->","yoast_head_json":{"title":"Helikoptertur til isfjorden | Privat charter tur | Nuuk | Guide to Greenland","description":"Unik helikoptertur til den smukke isfjord n\u00e6r Nuuk. Oplev den smukke arktiske natur oppefra. Se Narsap Sermia-gletscheren med dine venner eller kolleger.","robots":{"index":"index","follow":"follow","max-snippet":"max-snippet:-1","max-image-preview":"max-image-preview:large","max-video-preview":"max-video-preview:-1"},"canonical":"https:\/\/guidetogreenland.com\/da\/reserver-ferie-rejser\/helikoptertur-til-isfjorden-privat-charter-tur-nuuk\/","og_locale":"da_DK","og_type":"article","og_title":"Helikoptertur til isfjorden | Privat charter tur | Nuuk | Guide to Greenland","og_description":"Unik helikoptertur til den smukke isfjord n\u00e6r Nuuk. Oplev den smukke arktiske natur oppefra. Se Narsap Sermia-gletscheren med dine venner eller kolleger.","og_url":"https:\/\/guidetogreenland.com\/da\/reserver-ferie-rejser\/helikoptertur-til-isfjorden-privat-charter-tur-nuuk\/","og_site_name":"Guide to Greenland","article_modified_time":"2023-03-24T18:37:38+00:00","og_image":[{"width":1600,"height":1067,"url":"https:\/\/guidetogreenland.com\/wp-content\/uploads\/2020\/06\/Helicopter-tour-to-the-icefjord-Private-charter-tour-Nuuk-Guide-to-Greenland8-1.jpg","type":"image\/jpeg"}],"twitter_card":"summary_large_image","twitter_misc":{"Estimeret l\u00e6setid":"2 minutter"},"schema":{"@context":"https:\/\/schema.org","@graph":[{"@type":"WebPage","@id":"https:\/\/guidetogreenland.com\/da\/reserver-ferie-rejser\/helikoptertur-til-isfjorden-privat-charter-tur-nuuk\/","url":"https:\/\/guidetogreenland.com\/da\/reserver-ferie-rejser\/helikoptertur-til-isfjorden-privat-charter-tur-nuuk\/","name":"Helikoptertur til isfjorden | Privat charter tur | Nuuk | Guide to Greenland","isPartOf":{"@id":"https:\/\/guidetogreenland.com\/da\/#website"},"primaryImageOfPage":{"@id":"https:\/\/guidetogreenland.com\/da\/reserver-ferie-rejser\/helikoptertur-til-isfjorden-privat-charter-tur-nuuk\/#primaryimage"},"image":{"@id":"https:\/\/guidetogreenland.com\/da\/reserver-ferie-rejser\/helikoptertur-til-isfjorden-privat-charter-tur-nuuk\/#primaryimage"},"thumbnailUrl":"https:\/\/guidetogreenland.com\/wp-content\/uploads\/2020\/06\/Helicopter-tour-to-the-icefjord-Private-charter-tour-Nuuk-Guide-to-Greenland8-1.jpg","datePublished":"2020-06-15T10:52:57+00:00","dateModified":"2023-03-24T18:37:38+00:00","description":"Unik helikoptertur til den smukke isfjord n\u00e6r Nuuk. Oplev den smukke arktiske natur oppefra. Se Narsap Sermia-gletscheren med dine venner eller kolleger.","breadcrumb":{"@id":"https:\/\/guidetogreenland.com\/da\/reserver-ferie-rejser\/helikoptertur-til-isfjorden-privat-charter-tur-nuuk\/#breadcrumb"},"inLanguage":"da-DK","potentialAction":[{"@type":"ReadAction","target":["https:\/\/guidetogreenland.com\/da\/reserver-ferie-rejser\/helikoptertur-til-isfjorden-privat-charter-tur-nuuk\/"]}]},{"@type":"ImageObject","inLanguage":"da-DK","@id":"https:\/\/guidetogreenland.com\/da\/reserver-ferie-rejser\/helikoptertur-til-isfjorden-privat-charter-tur-nuuk\/#primaryimage","url":"https:\/\/guidetogreenland.com\/wp-content\/uploads\/2020\/06\/Helicopter-tour-to-the-icefjord-Private-charter-tour-Nuuk-Guide-to-Greenland8-1.jpg","contentUrl":"https:\/\/guidetogreenland.com\/wp-content\/uploads\/2020\/06\/Helicopter-tour-to-the-icefjord-Private-charter-tour-Nuuk-Guide-to-Greenland8-1.jpg","width":1600,"height":1067},{"@type":"BreadcrumbList","@id":"https:\/\/guidetogreenland.com\/da\/reserver-ferie-rejser\/helikoptertur-til-isfjorden-privat-charter-tur-nuuk\/#breadcrumb","itemListElement":[{"@type":"ListItem","position":1,"name":"Home","item":"https:\/\/guidetogreenland.com\/da\/"},{"@type":"ListItem","position":2,"name":"Se alle ture","item":"https:\/\/guidetogreenland.com\/da\/reserver-ferie-rejser\/"},{"@type":"ListItem","position":3,"name":"Helikoptertur til isfjorden | Privat charter tur | Nuuk"}]},{"@type":"WebSite","@id":"https:\/\/guidetogreenland.com\/da\/#website","url":"https:\/\/guidetogreenland.com\/da\/","name":"Guide to Greenland","description":"Largest selection of tours in Greenland","potentialAction":[{"@type":"SearchAction","target":{"@type":"EntryPoint","urlTemplate":"https:\/\/guidetogreenland.com\/da\/?s={search_term_string}"},"query-input":{"@type":"PropertyValueSpecification","valueRequired":true,"valueName":"search_term_string"}}],"inLanguage":"da-DK"}]}},"_links":{"self":[{"href":"https:\/\/guidetogreenland.com\/da\/wp-json\/wp\/v2\/product\/15311","targetHints":{"allow":["GET"]}}],"collection":[{"href":"https:\/\/guidetogreenland.com\/da\/wp-json\/wp\/v2\/product"}],"about":[{"href":"https:\/\/guidetogreenland.com\/da\/wp-json\/wp\/v2\/types\/product"}],"replies":[{"embeddable":true,"href":"https:\/\/guidetogreenland.com\/da\/wp-json\/wp\/v2\/comments?post=15311"}],"wp:featuredmedia":[{"embeddable":true,"href":"https:\/\/guidetogreenland.com\/da\/wp-json\/wp\/v2\/media\/15313"}],"wp:attachment":[{"href":"https:\/\/guidetogreenland.com\/da\/wp-json\/wp\/v2\/media?parent=15311"}],"wp:term":[{"taxonomy":"product_brand","embeddable":true,"href":"https:\/\/guidetogreenland.com\/da\/wp-json\/wp\/v2\/product_brand?post=15311"},{"taxonomy":"product_cat","embeddable":true,"href":"https:\/\/guidetogreenland.com\/da\/wp-json\/wp\/v2\/product_cat?post=15311"},{"taxonomy":"product_tag","embeddable":true,"href":"https:\/\/guidetogreenland.com\/da\/wp-json\/wp\/v2\/product_tag?post=15311"}],"curies":[{"name":"wp","href":"https:\/\/api.w.org\/{rel}","templated":true}]}}