{"id":15349,"date":"2020-06-08T10:56:52","date_gmt":"2020-06-08T10:56:52","guid":{"rendered":"https:\/\/guidetogreenland.com\/book-trips-holiday\/northern-lights-from-a-mountain-top-snowshoe-tour-in-nuuk\/"},"modified":"2023-06-02T14:51:33","modified_gmt":"2023-06-02T17:51:33","slug":"northern-lights-from-a-mountain-top-snowshoe-tour-in-nuuk","status":"publish","type":"product","link":"https:\/\/guidetogreenland.com\/da\/reserver-ferie-rejser\/nordlystur-fra-en-fjeldtop-sneskotur-i-nuuk\/","title":{"rendered":"Nordlystur fra en fjeldtop | Sneskotur i Nuuk"},"content":{"rendered":"<p class=\"x-18pep25\">Oplev nordlyset fra en sned\u00e6kket fjeldtop i n\u00e6rheden af Nuuk!<\/p>\n<p class=\"x-18pep25\">Med et par snesko og en pandelampe p\u00e5, s\u00e5 er vi klar til at drage op til toppen af Quassussuaq fjeldet, som er ca. 430 m h\u00f8jt.<\/p>\n<p class=\"x-18pep25\">Heroppe vil vi v\u00e6re langt over byens lys, byen ligner n\u00e6sten et oplyst juletr\u00e6 heroppefra, og over os st\u00e5r stjernerne og m\u00e5neskinnet klart, og hvis vi er heldige, Nordlys!<\/p>\n<p class=\"x-18pep25\">At v\u00e6re langt fra lysforureningen hj\u00e6lper med at se mere klart p\u00e5 nattehimlen, s\u00e5 vi bygger en b\u00e6nk i sneen\u00a0s\u00e5 vi virkelig kan nyde det v\u00e6k fra vinden.<\/p>\n<p class=\"x-18pep25\">Det bliver f\u00f8rst rigtig godt n\u00e5r vi slukker pandelamperne og serverer noget varmt at drikke.<\/p>\n<p class=\"e1imf5dp0 x-jm2771\">Hvis dette lille afteneventyr lyder som noget for dig, s\u00e5 tag bare og v\u00e6lg en dato og book din tur idag!<\/p>\n","protected":false},"excerpt":{"rendered":"Oplev nordlyset fra en sned\u00e6kket fjeldtop i n\u00e6rheden af Nuuk! Med et par snesko og en pandelampe p\u00e5, s\u00e5 er vi klar til at drage op til toppen af Quassussuaq fjeldet, som er ca. 430 m h\u00f8jt. Heroppe vil vi v\u00e6re langt over byens lys, byen ligner n\u00e6sten et oplyst juletr\u00e6 heroppefra, og over os&#8230;","protected":false},"featured_media":15357,"comment_status":"open","ping_status":"closed","template":"","meta":[],"product_brand":[],"product_cat":[606,612,619,593,627,643,652,633],"product_tag":[893],"class_list":{"0":"post-15349","1":"product","2":"type-product","3":"status-publish","4":"has-post-thumbnail","6":"product_cat-dagsture-om-vinteren","7":"product_cat-natur-og-dyreliv-i-groenland","8":"product_cat-nordlys-ture","9":"product_cat-oplevelser-i-groenland","10":"product_cat-ture-i-bestemte-omraader","11":"product_cat-ture-i-hver-by","12":"product_cat-ture-i-nuuk","13":"product_cat-vestgroenland","14":"product_tag-nuuk-da","15":"pa_activities-nordlys","16":"pa_activities-snesko","17":"pa_available-month-februar","18":"pa_available-month-marts","19":"pa_available-month-april","20":"pa_destinations-nuuk","21":"pa_difficulty-moderat","22":"pa_duration-3-timer","23":"pa_tour-type-dagsture","24":"yith_shop_vendor-two-ravens-da","26":"first","27":"instock","28":"virtual","29":"sold-individually","30":"purchasable","31":"product-type-booking"},"acf":[],"yoast_head":"<!-- This site is optimized with the Yoast SEO plugin v25.6 - https:\/\/yoast.com\/wordpress\/plugins\/seo\/ -->\n<title>Nordlystur fra en fjeldtop | Sneskotur i Nuuk | Guide to Greenland<\/title>\n<meta name=\"robots\" content=\"index, follow, max-snippet:-1, max-image-preview:large, max-video-preview:-1\" \/>\n<link rel=\"canonical\" href=\"https:\/\/guidetogreenland.com\/da\/reserver-ferie-rejser\/nordlystur-fra-en-fjeldtop-sneskotur-i-nuuk\/\" \/>\n<meta property=\"og:locale\" content=\"da_DK\" \/>\n<meta property=\"og:type\" content=\"article\" \/>\n<meta property=\"og:title\" content=\"Nordlystur fra en fjeldtop | Sneskotur i Nuuk | Guide to Greenland\" \/>\n<meta property=\"og:description\" content=\"Oplev nordlyset fra en sned\u00e6kket fjeldtop i n\u00e6rheden af Nuuk! Med et par snesko og en pandelampe p\u00e5, s\u00e5 er vi klar til at drage op til toppen af Quassussuaq fjeldet, som er ca. 430 m h\u00f8jt. Heroppe vil vi v\u00e6re langt over byens lys, byen ligner n\u00e6sten et oplyst juletr\u00e6 heroppefra, og over os...\" \/>\n<meta property=\"og:url\" content=\"https:\/\/guidetogreenland.com\/da\/reserver-ferie-rejser\/nordlystur-fra-en-fjeldtop-sneskotur-i-nuuk\/\" \/>\n<meta property=\"og:site_name\" content=\"Guide to Greenland\" \/>\n<meta property=\"article:modified_time\" content=\"2023-06-02T17:51:33+00:00\" \/>\n<meta property=\"og:image\" content=\"https:\/\/guidetogreenland.com\/wp-content\/uploads\/2020\/05\/northern-lights-from-a-mountain-top-snowshoe-tour-in-nuuk-Guide-to-Greenland8-scaled.jpg\" \/>\n\t<meta property=\"og:image:width\" content=\"2560\" \/>\n\t<meta property=\"og:image:height\" content=\"1351\" \/>\n\t<meta property=\"og:image:type\" content=\"image\/jpeg\" \/>\n<meta name=\"twitter:card\" content=\"summary_large_image\" \/>\n<meta name=\"twitter:label1\" content=\"Estimeret l\u00e6setid\" \/>\n\t<meta name=\"twitter:data1\" content=\"1 minut\" \/>\n<script type=\"application\/ld+json\" class=\"yoast-schema-graph\">{\"@context\":\"https:\/\/schema.org\",\"@graph\":[{\"@type\":\"WebPage\",\"@id\":\"https:\/\/guidetogreenland.com\/da\/reserver-ferie-rejser\/nordlystur-fra-en-fjeldtop-sneskotur-i-nuuk\/\",\"url\":\"https:\/\/guidetogreenland.com\/da\/reserver-ferie-rejser\/nordlystur-fra-en-fjeldtop-sneskotur-i-nuuk\/\",\"name\":\"Nordlystur fra en fjeldtop | Sneskotur i Nuuk | Guide to Greenland\",\"isPartOf\":{\"@id\":\"https:\/\/guidetogreenland.com\/da\/#website\"},\"primaryImageOfPage\":{\"@id\":\"https:\/\/guidetogreenland.com\/da\/reserver-ferie-rejser\/nordlystur-fra-en-fjeldtop-sneskotur-i-nuuk\/#primaryimage\"},\"image\":{\"@id\":\"https:\/\/guidetogreenland.com\/da\/reserver-ferie-rejser\/nordlystur-fra-en-fjeldtop-sneskotur-i-nuuk\/#primaryimage\"},\"thumbnailUrl\":\"https:\/\/guidetogreenland.com\/wp-content\/uploads\/2020\/05\/northern-lights-from-a-mountain-top-snowshoe-tour-in-nuuk-Guide-to-Greenland8-scaled.jpg\",\"datePublished\":\"2020-06-08T10:56:52+00:00\",\"dateModified\":\"2023-06-02T17:51:33+00:00\",\"breadcrumb\":{\"@id\":\"https:\/\/guidetogreenland.com\/da\/reserver-ferie-rejser\/nordlystur-fra-en-fjeldtop-sneskotur-i-nuuk\/#breadcrumb\"},\"inLanguage\":\"da-DK\",\"potentialAction\":[{\"@type\":\"ReadAction\",\"target\":[\"https:\/\/guidetogreenland.com\/da\/reserver-ferie-rejser\/nordlystur-fra-en-fjeldtop-sneskotur-i-nuuk\/\"]}]},{\"@type\":\"ImageObject\",\"inLanguage\":\"da-DK\",\"@id\":\"https:\/\/guidetogreenland.com\/da\/reserver-ferie-rejser\/nordlystur-fra-en-fjeldtop-sneskotur-i-nuuk\/#primaryimage\",\"url\":\"https:\/\/guidetogreenland.com\/wp-content\/uploads\/2020\/05\/northern-lights-from-a-mountain-top-snowshoe-tour-in-nuuk-Guide-to-Greenland8-scaled.jpg\",\"contentUrl\":\"https:\/\/guidetogreenland.com\/wp-content\/uploads\/2020\/05\/northern-lights-from-a-mountain-top-snowshoe-tour-in-nuuk-Guide-to-Greenland8-scaled.jpg\",\"width\":2560,\"height\":1351},{\"@type\":\"BreadcrumbList\",\"@id\":\"https:\/\/guidetogreenland.com\/da\/reserver-ferie-rejser\/nordlystur-fra-en-fjeldtop-sneskotur-i-nuuk\/#breadcrumb\",\"itemListElement\":[{\"@type\":\"ListItem\",\"position\":1,\"name\":\"Home\",\"item\":\"https:\/\/guidetogreenland.com\/da\/\"},{\"@type\":\"ListItem\",\"position\":2,\"name\":\"Se alle ture\",\"item\":\"https:\/\/guidetogreenland.com\/da\/reserver-ferie-rejser\/\"},{\"@type\":\"ListItem\",\"position\":3,\"name\":\"Nordlystur fra en fjeldtop | Sneskotur i Nuuk\"}]},{\"@type\":\"WebSite\",\"@id\":\"https:\/\/guidetogreenland.com\/da\/#website\",\"url\":\"https:\/\/guidetogreenland.com\/da\/\",\"name\":\"Guide to Greenland\",\"description\":\"Largest selection of tours in Greenland\",\"potentialAction\":[{\"@type\":\"SearchAction\",\"target\":{\"@type\":\"EntryPoint\",\"urlTemplate\":\"https:\/\/guidetogreenland.com\/da\/?s={search_term_string}\"},\"query-input\":{\"@type\":\"PropertyValueSpecification\",\"valueRequired\":true,\"valueName\":\"search_term_string\"}}],\"inLanguage\":\"da-DK\"}]}<\/script>\n<!-- \/ Yoast SEO plugin. -->","yoast_head_json":{"title":"Nordlystur fra en fjeldtop | Sneskotur i Nuuk | Guide to Greenland","robots":{"index":"index","follow":"follow","max-snippet":"max-snippet:-1","max-image-preview":"max-image-preview:large","max-video-preview":"max-video-preview:-1"},"canonical":"https:\/\/guidetogreenland.com\/da\/reserver-ferie-rejser\/nordlystur-fra-en-fjeldtop-sneskotur-i-nuuk\/","og_locale":"da_DK","og_type":"article","og_title":"Nordlystur fra en fjeldtop | Sneskotur i Nuuk | Guide to Greenland","og_description":"Oplev nordlyset fra en sned\u00e6kket fjeldtop i n\u00e6rheden af Nuuk! Med et par snesko og en pandelampe p\u00e5, s\u00e5 er vi klar til at drage op til toppen af Quassussuaq fjeldet, som er ca. 430 m h\u00f8jt. Heroppe vil vi v\u00e6re langt over byens lys, byen ligner n\u00e6sten et oplyst juletr\u00e6 heroppefra, og over os...","og_url":"https:\/\/guidetogreenland.com\/da\/reserver-ferie-rejser\/nordlystur-fra-en-fjeldtop-sneskotur-i-nuuk\/","og_site_name":"Guide to Greenland","article_modified_time":"2023-06-02T17:51:33+00:00","og_image":[{"width":2560,"height":1351,"url":"https:\/\/guidetogreenland.com\/wp-content\/uploads\/2020\/05\/northern-lights-from-a-mountain-top-snowshoe-tour-in-nuuk-Guide-to-Greenland8-scaled.jpg","type":"image\/jpeg"}],"twitter_card":"summary_large_image","twitter_misc":{"Estimeret l\u00e6setid":"1 minut"},"schema":{"@context":"https:\/\/schema.org","@graph":[{"@type":"WebPage","@id":"https:\/\/guidetogreenland.com\/da\/reserver-ferie-rejser\/nordlystur-fra-en-fjeldtop-sneskotur-i-nuuk\/","url":"https:\/\/guidetogreenland.com\/da\/reserver-ferie-rejser\/nordlystur-fra-en-fjeldtop-sneskotur-i-nuuk\/","name":"Nordlystur fra en fjeldtop | Sneskotur i Nuuk | Guide to Greenland","isPartOf":{"@id":"https:\/\/guidetogreenland.com\/da\/#website"},"primaryImageOfPage":{"@id":"https:\/\/guidetogreenland.com\/da\/reserver-ferie-rejser\/nordlystur-fra-en-fjeldtop-sneskotur-i-nuuk\/#primaryimage"},"image":{"@id":"https:\/\/guidetogreenland.com\/da\/reserver-ferie-rejser\/nordlystur-fra-en-fjeldtop-sneskotur-i-nuuk\/#primaryimage"},"thumbnailUrl":"https:\/\/guidetogreenland.com\/wp-content\/uploads\/2020\/05\/northern-lights-from-a-mountain-top-snowshoe-tour-in-nuuk-Guide-to-Greenland8-scaled.jpg","datePublished":"2020-06-08T10:56:52+00:00","dateModified":"2023-06-02T17:51:33+00:00","breadcrumb":{"@id":"https:\/\/guidetogreenland.com\/da\/reserver-ferie-rejser\/nordlystur-fra-en-fjeldtop-sneskotur-i-nuuk\/#breadcrumb"},"inLanguage":"da-DK","potentialAction":[{"@type":"ReadAction","target":["https:\/\/guidetogreenland.com\/da\/reserver-ferie-rejser\/nordlystur-fra-en-fjeldtop-sneskotur-i-nuuk\/"]}]},{"@type":"ImageObject","inLanguage":"da-DK","@id":"https:\/\/guidetogreenland.com\/da\/reserver-ferie-rejser\/nordlystur-fra-en-fjeldtop-sneskotur-i-nuuk\/#primaryimage","url":"https:\/\/guidetogreenland.com\/wp-content\/uploads\/2020\/05\/northern-lights-from-a-mountain-top-snowshoe-tour-in-nuuk-Guide-to-Greenland8-scaled.jpg","contentUrl":"https:\/\/guidetogreenland.com\/wp-content\/uploads\/2020\/05\/northern-lights-from-a-mountain-top-snowshoe-tour-in-nuuk-Guide-to-Greenland8-scaled.jpg","width":2560,"height":1351},{"@type":"BreadcrumbList","@id":"https:\/\/guidetogreenland.com\/da\/reserver-ferie-rejser\/nordlystur-fra-en-fjeldtop-sneskotur-i-nuuk\/#breadcrumb","itemListElement":[{"@type":"ListItem","position":1,"name":"Home","item":"https:\/\/guidetogreenland.com\/da\/"},{"@type":"ListItem","position":2,"name":"Se alle ture","item":"https:\/\/guidetogreenland.com\/da\/reserver-ferie-rejser\/"},{"@type":"ListItem","position":3,"name":"Nordlystur fra en fjeldtop | Sneskotur i Nuuk"}]},{"@type":"WebSite","@id":"https:\/\/guidetogreenland.com\/da\/#website","url":"https:\/\/guidetogreenland.com\/da\/","name":"Guide to Greenland","description":"Largest selection of tours in Greenland","potentialAction":[{"@type":"SearchAction","target":{"@type":"EntryPoint","urlTemplate":"https:\/\/guidetogreenland.com\/da\/?s={search_term_string}"},"query-input":{"@type":"PropertyValueSpecification","valueRequired":true,"valueName":"search_term_string"}}],"inLanguage":"da-DK"}]}},"_links":{"self":[{"href":"https:\/\/guidetogreenland.com\/da\/wp-json\/wp\/v2\/product\/15349","targetHints":{"allow":["GET"]}}],"collection":[{"href":"https:\/\/guidetogreenland.com\/da\/wp-json\/wp\/v2\/product"}],"about":[{"href":"https:\/\/guidetogreenland.com\/da\/wp-json\/wp\/v2\/types\/product"}],"replies":[{"embeddable":true,"href":"https:\/\/guidetogreenland.com\/da\/wp-json\/wp\/v2\/comments?post=15349"}],"wp:featuredmedia":[{"embeddable":true,"href":"https:\/\/guidetogreenland.com\/da\/wp-json\/wp\/v2\/media\/15357"}],"wp:attachment":[{"href":"https:\/\/guidetogreenland.com\/da\/wp-json\/wp\/v2\/media?parent=15349"}],"wp:term":[{"taxonomy":"product_brand","embeddable":true,"href":"https:\/\/guidetogreenland.com\/da\/wp-json\/wp\/v2\/product_brand?post=15349"},{"taxonomy":"product_cat","embeddable":true,"href":"https:\/\/guidetogreenland.com\/da\/wp-json\/wp\/v2\/product_cat?post=15349"},{"taxonomy":"product_tag","embeddable":true,"href":"https:\/\/guidetogreenland.com\/da\/wp-json\/wp\/v2\/product_tag?post=15349"}],"curies":[{"name":"wp","href":"https:\/\/api.w.org\/{rel}","templated":true}]}}