{"id":15360,"date":"2020-06-12T13:22:51","date_gmt":"2020-06-12T13:22:51","guid":{"rendered":"https:\/\/guidetogreenland.com\/book-trips-holiday\/northern-lights-private-boat-tour-nuuk\/"},"modified":"2024-05-16T09:24:19","modified_gmt":"2024-05-16T12:24:19","slug":"northern-lights-private-boat-tour-nuuk","status":"publish","type":"product","link":"https:\/\/guidetogreenland.com\/da\/reserver-ferie-rejser\/nordlyssejlads-nuuk\/","title":{"rendered":"Nordlyssejlads | Nuuk"},"content":{"rendered":"<p class=\"x-18pep25\">Kom med p\u00e5 denne eksklusive tur og oplev det fantastiske nordlys. P\u00e5 den her tur kommer du ud p\u00e5 det \u00e5bne hav udenfor Nuuk, hvor du kommer v\u00e6k fra byens lys. Under de helt rigtige forhold af skyfri himmel og stjerneklar himmel, vil du have den bedste chance for at fange det fantastiske dansende nordlys. Book efter eget valg af afhentningsted, og stig ombord p\u00e5 Targaen ICE FORCE ONE, der er specielt egnet til de gr\u00f8nlandske forhold. Sammen driver vi ud p\u00e5 det \u00e5bne hav, hvor du kan nyde den friske k\u00f8lige brise mod dit ansigt med lyden fra motoren og vand d<span class=\"x-12abj6v e1uuu2lt3\">er rammer siden af b\u00e5den.<\/span><\/p>\n<p>Mens b\u00e5den sejler v\u00e6k fra byen kan du teste din kendskab til stjernehimlen og dens mange tegn. M\u00e5ske vil du v\u00e6re s\u00e5 heldig at se et stjerneskud. Nordlyset er et fantastisk flot natur f\u00e6nomen, der med sine gr\u00f8nne nuancer danser hen over den skyfrie himmel. Et n\u00e6sten urealistisk syn s\u00e5 smuk at det betager enhver der vidner dens smukke farver og bev\u00e6gelser. N\u00e5r vi er n\u00e5et langt v\u00e6k nok fra byen, vil motoren blive stoppet s\u00e5 du kan nyde den endel\u00f8se stilhed, og tage billeder af nordlyset. Hvis det bliver for koldt ude p\u00e5 d\u00e6kket kan du s\u00f8ge ly i b\u00e5d kabinen, hvor du ud af vinduet stadig vil kunne se op p\u00e5 den stjerneklare himmel. Nyd en kop varm the eller kaffe, som du kan tage af igennem hele turen.<\/p>\n<p>G\u00e5 ikke glip af denne unikke oplevelse, n\u00e5r du er i Nuuk. Se tilg\u00e6ngeligheden ved at trykke p\u00e5 &#8216;V\u00e6lg en dag&#8217; og book din tur i dag.<\/p>\n","protected":false},"excerpt":{"rendered":"Kom med p\u00e5 denne eksklusive tur og oplev det fantastiske nordlys. P\u00e5 den her tur kommer du ud p\u00e5 det \u00e5bne hav udenfor Nuuk, hvor du kommer v\u00e6k fra byens lys. Under de helt rigtige forhold af skyfri himmel og stjerneklar himmel, vil du have den bedste chance for at fange det fantastiske dansende nordlys&#8230;.","protected":false},"featured_media":15362,"comment_status":"open","ping_status":"closed","template":"","meta":[],"product_brand":[],"product_cat":[594,621,606,612,619,593,627,643,652,633],"product_tag":[893],"class_list":{"0":"post-15360","1":"product","2":"type-product","3":"status-publish","4":"has-post-thumbnail","6":"product_cat-baadture","7":"product_cat-charterture","8":"product_cat-dagsture-om-vinteren","9":"product_cat-natur-og-dyreliv-i-groenland","10":"product_cat-nordlys-ture","11":"product_cat-oplevelser-i-groenland","12":"product_cat-ture-i-bestemte-omraader","13":"product_cat-ture-i-hver-by","14":"product_cat-ture-i-nuuk","15":"product_cat-vestgroenland","16":"product_tag-nuuk-da","17":"pa_activities-baadtur","18":"pa_activities-charterrede-ture","19":"pa_activities-nordlys","20":"pa_attractions-nuuk-fjord","21":"pa_available-month-januar","22":"pa_available-month-februar","23":"pa_available-month-marts","24":"pa_available-month-april","25":"pa_available-month-august","26":"pa_available-month-september","27":"pa_available-month-oktober","28":"pa_available-month-november","29":"pa_available-month-december","30":"pa_destinations-nuuk","31":"pa_difficulty-let","32":"pa_duration-3-timer","33":"pa_tour-type-dagsture","34":"yith_shop_vendor-nuuk-water-taxi-da","36":"first","37":"instock","38":"virtual","39":"sold-individually","40":"purchasable","41":"product-type-booking"},"acf":[],"yoast_head":"<!-- This site is optimized with the Yoast SEO plugin v25.6 - https:\/\/yoast.com\/wordpress\/plugins\/seo\/ -->\n<title>Nordlyssejlads | Nuuk | Guide to Greenland<\/title>\n<meta name=\"robots\" content=\"index, follow, max-snippet:-1, max-image-preview:large, max-video-preview:-1\" \/>\n<link rel=\"canonical\" href=\"https:\/\/guidetogreenland.com\/da\/reserver-ferie-rejser\/nordlyssejlads-nuuk\/\" \/>\n<meta property=\"og:locale\" content=\"da_DK\" \/>\n<meta property=\"og:type\" content=\"article\" \/>\n<meta property=\"og:title\" content=\"Nordlyssejlads | Nuuk | Guide to Greenland\" \/>\n<meta property=\"og:description\" content=\"Kom med p\u00e5 denne eksklusive tur og oplev det fantastiske nordlys. P\u00e5 den her tur kommer du ud p\u00e5 det \u00e5bne hav udenfor Nuuk, hvor du kommer v\u00e6k fra byens lys. Under de helt rigtige forhold af skyfri himmel og stjerneklar himmel, vil du have den bedste chance for at fange det fantastiske dansende nordlys....\" \/>\n<meta property=\"og:url\" content=\"https:\/\/guidetogreenland.com\/da\/reserver-ferie-rejser\/nordlyssejlads-nuuk\/\" \/>\n<meta property=\"og:site_name\" content=\"Guide to Greenland\" \/>\n<meta property=\"article:modified_time\" content=\"2024-05-16T12:24:19+00:00\" \/>\n<meta property=\"og:image\" content=\"https:\/\/guidetogreenland.com\/wp-content\/uploads\/2020\/05\/northern-lights-private-boat-tour-nuuk-Guide-to-Greenland8.jpeg\" \/>\n\t<meta property=\"og:image:width\" content=\"2070\" \/>\n\t<meta property=\"og:image:height\" content=\"1380\" \/>\n\t<meta property=\"og:image:type\" content=\"image\/jpeg\" \/>\n<meta name=\"twitter:card\" content=\"summary_large_image\" \/>\n<meta name=\"twitter:label1\" content=\"Estimeret l\u00e6setid\" \/>\n\t<meta name=\"twitter:data1\" content=\"2 minutter\" \/>\n<script type=\"application\/ld+json\" class=\"yoast-schema-graph\">{\"@context\":\"https:\/\/schema.org\",\"@graph\":[{\"@type\":\"WebPage\",\"@id\":\"https:\/\/guidetogreenland.com\/da\/reserver-ferie-rejser\/nordlyssejlads-nuuk\/\",\"url\":\"https:\/\/guidetogreenland.com\/da\/reserver-ferie-rejser\/nordlyssejlads-nuuk\/\",\"name\":\"Nordlyssejlads | Nuuk | Guide to Greenland\",\"isPartOf\":{\"@id\":\"https:\/\/guidetogreenland.com\/da\/#website\"},\"primaryImageOfPage\":{\"@id\":\"https:\/\/guidetogreenland.com\/da\/reserver-ferie-rejser\/nordlyssejlads-nuuk\/#primaryimage\"},\"image\":{\"@id\":\"https:\/\/guidetogreenland.com\/da\/reserver-ferie-rejser\/nordlyssejlads-nuuk\/#primaryimage\"},\"thumbnailUrl\":\"https:\/\/guidetogreenland.com\/wp-content\/uploads\/2020\/05\/northern-lights-private-boat-tour-nuuk-Guide-to-Greenland8.jpeg\",\"datePublished\":\"2020-06-12T13:22:51+00:00\",\"dateModified\":\"2024-05-16T12:24:19+00:00\",\"breadcrumb\":{\"@id\":\"https:\/\/guidetogreenland.com\/da\/reserver-ferie-rejser\/nordlyssejlads-nuuk\/#breadcrumb\"},\"inLanguage\":\"da-DK\",\"potentialAction\":[{\"@type\":\"ReadAction\",\"target\":[\"https:\/\/guidetogreenland.com\/da\/reserver-ferie-rejser\/nordlyssejlads-nuuk\/\"]}]},{\"@type\":\"ImageObject\",\"inLanguage\":\"da-DK\",\"@id\":\"https:\/\/guidetogreenland.com\/da\/reserver-ferie-rejser\/nordlyssejlads-nuuk\/#primaryimage\",\"url\":\"https:\/\/guidetogreenland.com\/wp-content\/uploads\/2020\/05\/northern-lights-private-boat-tour-nuuk-Guide-to-Greenland8.jpeg\",\"contentUrl\":\"https:\/\/guidetogreenland.com\/wp-content\/uploads\/2020\/05\/northern-lights-private-boat-tour-nuuk-Guide-to-Greenland8.jpeg\",\"width\":2070,\"height\":1380},{\"@type\":\"BreadcrumbList\",\"@id\":\"https:\/\/guidetogreenland.com\/da\/reserver-ferie-rejser\/nordlyssejlads-nuuk\/#breadcrumb\",\"itemListElement\":[{\"@type\":\"ListItem\",\"position\":1,\"name\":\"Home\",\"item\":\"https:\/\/guidetogreenland.com\/da\/\"},{\"@type\":\"ListItem\",\"position\":2,\"name\":\"Se alle ture\",\"item\":\"https:\/\/guidetogreenland.com\/da\/reserver-ferie-rejser\/\"},{\"@type\":\"ListItem\",\"position\":3,\"name\":\"Nordlyssejlads | Nuuk\"}]},{\"@type\":\"WebSite\",\"@id\":\"https:\/\/guidetogreenland.com\/da\/#website\",\"url\":\"https:\/\/guidetogreenland.com\/da\/\",\"name\":\"Guide to Greenland\",\"description\":\"Largest selection of tours in Greenland\",\"potentialAction\":[{\"@type\":\"SearchAction\",\"target\":{\"@type\":\"EntryPoint\",\"urlTemplate\":\"https:\/\/guidetogreenland.com\/da\/?s={search_term_string}\"},\"query-input\":{\"@type\":\"PropertyValueSpecification\",\"valueRequired\":true,\"valueName\":\"search_term_string\"}}],\"inLanguage\":\"da-DK\"}]}<\/script>\n<!-- \/ Yoast SEO plugin. -->","yoast_head_json":{"title":"Nordlyssejlads | Nuuk | Guide to Greenland","robots":{"index":"index","follow":"follow","max-snippet":"max-snippet:-1","max-image-preview":"max-image-preview:large","max-video-preview":"max-video-preview:-1"},"canonical":"https:\/\/guidetogreenland.com\/da\/reserver-ferie-rejser\/nordlyssejlads-nuuk\/","og_locale":"da_DK","og_type":"article","og_title":"Nordlyssejlads | Nuuk | Guide to Greenland","og_description":"Kom med p\u00e5 denne eksklusive tur og oplev det fantastiske nordlys. P\u00e5 den her tur kommer du ud p\u00e5 det \u00e5bne hav udenfor Nuuk, hvor du kommer v\u00e6k fra byens lys. Under de helt rigtige forhold af skyfri himmel og stjerneklar himmel, vil du have den bedste chance for at fange det fantastiske dansende nordlys....","og_url":"https:\/\/guidetogreenland.com\/da\/reserver-ferie-rejser\/nordlyssejlads-nuuk\/","og_site_name":"Guide to Greenland","article_modified_time":"2024-05-16T12:24:19+00:00","og_image":[{"width":2070,"height":1380,"url":"https:\/\/guidetogreenland.com\/wp-content\/uploads\/2020\/05\/northern-lights-private-boat-tour-nuuk-Guide-to-Greenland8.jpeg","type":"image\/jpeg"}],"twitter_card":"summary_large_image","twitter_misc":{"Estimeret l\u00e6setid":"2 minutter"},"schema":{"@context":"https:\/\/schema.org","@graph":[{"@type":"WebPage","@id":"https:\/\/guidetogreenland.com\/da\/reserver-ferie-rejser\/nordlyssejlads-nuuk\/","url":"https:\/\/guidetogreenland.com\/da\/reserver-ferie-rejser\/nordlyssejlads-nuuk\/","name":"Nordlyssejlads | Nuuk | Guide to Greenland","isPartOf":{"@id":"https:\/\/guidetogreenland.com\/da\/#website"},"primaryImageOfPage":{"@id":"https:\/\/guidetogreenland.com\/da\/reserver-ferie-rejser\/nordlyssejlads-nuuk\/#primaryimage"},"image":{"@id":"https:\/\/guidetogreenland.com\/da\/reserver-ferie-rejser\/nordlyssejlads-nuuk\/#primaryimage"},"thumbnailUrl":"https:\/\/guidetogreenland.com\/wp-content\/uploads\/2020\/05\/northern-lights-private-boat-tour-nuuk-Guide-to-Greenland8.jpeg","datePublished":"2020-06-12T13:22:51+00:00","dateModified":"2024-05-16T12:24:19+00:00","breadcrumb":{"@id":"https:\/\/guidetogreenland.com\/da\/reserver-ferie-rejser\/nordlyssejlads-nuuk\/#breadcrumb"},"inLanguage":"da-DK","potentialAction":[{"@type":"ReadAction","target":["https:\/\/guidetogreenland.com\/da\/reserver-ferie-rejser\/nordlyssejlads-nuuk\/"]}]},{"@type":"ImageObject","inLanguage":"da-DK","@id":"https:\/\/guidetogreenland.com\/da\/reserver-ferie-rejser\/nordlyssejlads-nuuk\/#primaryimage","url":"https:\/\/guidetogreenland.com\/wp-content\/uploads\/2020\/05\/northern-lights-private-boat-tour-nuuk-Guide-to-Greenland8.jpeg","contentUrl":"https:\/\/guidetogreenland.com\/wp-content\/uploads\/2020\/05\/northern-lights-private-boat-tour-nuuk-Guide-to-Greenland8.jpeg","width":2070,"height":1380},{"@type":"BreadcrumbList","@id":"https:\/\/guidetogreenland.com\/da\/reserver-ferie-rejser\/nordlyssejlads-nuuk\/#breadcrumb","itemListElement":[{"@type":"ListItem","position":1,"name":"Home","item":"https:\/\/guidetogreenland.com\/da\/"},{"@type":"ListItem","position":2,"name":"Se alle ture","item":"https:\/\/guidetogreenland.com\/da\/reserver-ferie-rejser\/"},{"@type":"ListItem","position":3,"name":"Nordlyssejlads | Nuuk"}]},{"@type":"WebSite","@id":"https:\/\/guidetogreenland.com\/da\/#website","url":"https:\/\/guidetogreenland.com\/da\/","name":"Guide to Greenland","description":"Largest selection of tours in Greenland","potentialAction":[{"@type":"SearchAction","target":{"@type":"EntryPoint","urlTemplate":"https:\/\/guidetogreenland.com\/da\/?s={search_term_string}"},"query-input":{"@type":"PropertyValueSpecification","valueRequired":true,"valueName":"search_term_string"}}],"inLanguage":"da-DK"}]}},"_links":{"self":[{"href":"https:\/\/guidetogreenland.com\/da\/wp-json\/wp\/v2\/product\/15360","targetHints":{"allow":["GET"]}}],"collection":[{"href":"https:\/\/guidetogreenland.com\/da\/wp-json\/wp\/v2\/product"}],"about":[{"href":"https:\/\/guidetogreenland.com\/da\/wp-json\/wp\/v2\/types\/product"}],"replies":[{"embeddable":true,"href":"https:\/\/guidetogreenland.com\/da\/wp-json\/wp\/v2\/comments?post=15360"}],"wp:featuredmedia":[{"embeddable":true,"href":"https:\/\/guidetogreenland.com\/da\/wp-json\/wp\/v2\/media\/15362"}],"wp:attachment":[{"href":"https:\/\/guidetogreenland.com\/da\/wp-json\/wp\/v2\/media?parent=15360"}],"wp:term":[{"taxonomy":"product_brand","embeddable":true,"href":"https:\/\/guidetogreenland.com\/da\/wp-json\/wp\/v2\/product_brand?post=15360"},{"taxonomy":"product_cat","embeddable":true,"href":"https:\/\/guidetogreenland.com\/da\/wp-json\/wp\/v2\/product_cat?post=15360"},{"taxonomy":"product_tag","embeddable":true,"href":"https:\/\/guidetogreenland.com\/da\/wp-json\/wp\/v2\/product_tag?post=15360"}],"curies":[{"name":"wp","href":"https:\/\/api.w.org\/{rel}","templated":true}]}}