{"id":15371,"date":"2020-06-15T11:45:08","date_gmt":"2020-06-15T11:45:08","guid":{"rendered":"https:\/\/guidetogreenland.com\/book-trips-holiday\/nuuk-the-worlds-smallest-capital-4-day-package-tour-from-iceland-to-greenland\/"},"modified":"2021-02-08T19:18:29","modified_gmt":"2021-02-08T19:18:29","slug":"nuuk-the-worlds-smallest-capital-4-day-package-tour-from-iceland-to-greenland","status":"publish","type":"product","link":"https:\/\/guidetogreenland.com\/da\/reserver-ferie-rejser\/verdens-mindste-hovedstad-nuuk\/","title":{"rendered":"Verdens Mindste Hovedstad | Nuuk"},"content":{"rendered":"<p class=\"x-18pep25\">Har du altid \u00f8nsket at opleve Gr\u00f8nland? S\u00e5 kom med p\u00e5 denne tur til verdens mindste hovedstad, Nuuk. Omringet af kompleks fjordsystem og uds\u00f8gt natur, vil du kunne finde b\u00e5de oplevelser i den arktiske natur s\u00e5vel som en oplevelse i en storby p\u00e5 Gr\u00f8nland. Byen har omkrig 17.500 indbyggere og vokser i takt med infrastrukturen. Nuuk blev etableret i \u00e5r 1728 af Han Egede, med en lang baggrund af sp\u00e6ndende historier. Du vil p\u00e5 denne tur kunne f\u00e5 kulturelle oplevelser, opleve den uendelige natur og komme p\u00e5 shoppe tur i de mange butikker i Nuuks midte. Der vil ogs\u00e5 v\u00e6re rig mulighed for at f\u00e5 en god<span class=\"x-12abj6v e1uuu2lt3\"> gastronomisk oplevelse i de forskellige restauranter og caf\u00e9er, s\u00e5vel som en smag p\u00e5 en gr\u00f8nlandsk \u00f8l i de lokale bar steder.<\/span><\/p>\n<p>Du vil ogs\u00e5 f\u00e5 en autentisk tur til Qooqqut bugten placeret i Nuuks snoede fjordsystem, hvor du vil kunne fange din egen fisk. Fisken afleverer du til de dygtige kokke p\u00e5 Restaurant Qooqqut Nuan, hvor du vil f\u00e5 gl\u00e6den af at smage din selvfangede fisk, tilberedt med friske gr\u00f8nlandske r\u00e5vare. Din sidste dag i Nuuk er \u00e5ben for egen planl\u00e6gning, det betyder du kan skr\u00e6ddersy dagen som du vil. Se muligheder for ture p\u00e5 dagsplanen for dag 4 og book selv dit eventyr.<\/p>\n<p>Denne tur vil give dig giver dig mulighed for at opleve alt der kan opleves i Gr\u00f8nlands hovedstad, og efterlade dig med en masse gode minder at se tilbage p\u00e5. S\u00e5 kom med p\u00e5 denne autentiske tur til det arktiske og medbring dit kamera. Se tilg\u00e6ngeligheden ved at trykke p\u00e5 &#8216;V\u00e6lg en dag&#8217; og book din tur idag.<\/p>\n","protected":false},"excerpt":{"rendered":"Har du altid \u00f8nsket at opleve Gr\u00f8nland? S\u00e5 kom med p\u00e5 denne tur til verdens mindste hovedstad, Nuuk. Omringet af kompleks fjordsystem og uds\u00f8gt natur, vil du kunne finde b\u00e5de oplevelser i den arktiske natur s\u00e5vel som en oplevelse i en storby p\u00e5 Gr\u00f8nland. Byen har omkrig 17.500 indbyggere og vokser i takt med infrastrukturen&#8230;.","protected":false},"featured_media":15372,"comment_status":"open","ping_status":"closed","template":"","meta":[],"product_brand":[],"product_cat":[854],"product_tag":[],"class_list":{"0":"post-15371","1":"product","2":"type-product","3":"status-publish","4":"has-post-thumbnail","6":"product_cat-uncategorized-da","7":"pa_activities-baadtur","8":"pa_activities-groenlandsk-kultur","9":"pa_activities-byrundtur","10":"pa_activities-gletscher-udsigt","11":"pa_activities-isbjerg-udsigt","12":"pa_activities-bygdebesoeg","13":"pa_attractions-nuuk-fjord","14":"pa_available-month-januar","15":"pa_available-month-februar","16":"pa_available-month-marts","17":"pa_available-month-april","18":"pa_available-month-maj","19":"pa_available-month-juni","20":"pa_available-month-juli","21":"pa_available-month-august","22":"pa_available-month-september","23":"pa_available-month-oktober","24":"pa_available-month-november","25":"pa_available-month-december","26":"pa_destinations-nuuk","27":"pa_difficulty-let","28":"pa_duration-4-dage","29":"pa_tour-type-pakkerejser","30":"yith_shop_vendor-nonni-travel-da","31":"yith_booking_service-single-room-supplement-mandatory-if-travelling-alone-3550","33":"first","34":"instock","35":"virtual","36":"sold-individually","37":"purchasable","38":"product-type-booking"},"acf":[],"yoast_head":"<!-- This site is optimized with the Yoast SEO plugin v25.6 - https:\/\/yoast.com\/wordpress\/plugins\/seo\/ -->\n<title>Verdens Mindste Hovedstad | Nuuk | Guide to Greenland<\/title>\n<meta name=\"description\" content=\"A Greenland Holiday, in the arctic fjord of Nuuk. Explore between humpback whales, seals and icebergs. An adventure awaits you!\" \/>\n<meta name=\"robots\" content=\"index, follow, max-snippet:-1, max-image-preview:large, max-video-preview:-1\" \/>\n<link rel=\"canonical\" href=\"https:\/\/guidetogreenland.com\/da\/reserver-ferie-rejser\/verdens-mindste-hovedstad-nuuk\/\" \/>\n<meta property=\"og:locale\" content=\"da_DK\" \/>\n<meta property=\"og:type\" content=\"article\" \/>\n<meta property=\"og:title\" content=\"Verdens Mindste Hovedstad | Nuuk | Guide to Greenland\" \/>\n<meta property=\"og:description\" content=\"A Greenland Holiday, in the arctic fjord of Nuuk. Explore between humpback whales, seals and icebergs. An adventure awaits you!\" \/>\n<meta property=\"og:url\" content=\"https:\/\/guidetogreenland.com\/da\/reserver-ferie-rejser\/verdens-mindste-hovedstad-nuuk\/\" \/>\n<meta property=\"og:site_name\" content=\"Guide to Greenland\" \/>\n<meta property=\"article:modified_time\" content=\"2021-02-08T19:18:29+00:00\" \/>\n<meta property=\"og:image\" content=\"https:\/\/guidetogreenland.com\/wp-content\/uploads\/2020\/05\/nuuk-the-worlds-smallest-capital-4-day-package-tour-from-iceland-to-greenland-day-Guide-to-Greenland1.jpg\" \/>\n\t<meta property=\"og:image:width\" content=\"989\" \/>\n\t<meta property=\"og:image:height\" content=\"659\" \/>\n\t<meta property=\"og:image:type\" content=\"image\/jpeg\" \/>\n<meta name=\"twitter:card\" content=\"summary_large_image\" \/>\n<meta name=\"twitter:label1\" content=\"Estimeret l\u00e6setid\" \/>\n\t<meta name=\"twitter:data1\" content=\"1 minut\" \/>\n<script type=\"application\/ld+json\" class=\"yoast-schema-graph\">{\"@context\":\"https:\/\/schema.org\",\"@graph\":[{\"@type\":\"WebPage\",\"@id\":\"https:\/\/guidetogreenland.com\/da\/reserver-ferie-rejser\/verdens-mindste-hovedstad-nuuk\/\",\"url\":\"https:\/\/guidetogreenland.com\/da\/reserver-ferie-rejser\/verdens-mindste-hovedstad-nuuk\/\",\"name\":\"Verdens Mindste Hovedstad | Nuuk | Guide to Greenland\",\"isPartOf\":{\"@id\":\"https:\/\/guidetogreenland.com\/da\/#website\"},\"primaryImageOfPage\":{\"@id\":\"https:\/\/guidetogreenland.com\/da\/reserver-ferie-rejser\/verdens-mindste-hovedstad-nuuk\/#primaryimage\"},\"image\":{\"@id\":\"https:\/\/guidetogreenland.com\/da\/reserver-ferie-rejser\/verdens-mindste-hovedstad-nuuk\/#primaryimage\"},\"thumbnailUrl\":\"https:\/\/guidetogreenland.com\/wp-content\/uploads\/2020\/05\/nuuk-the-worlds-smallest-capital-4-day-package-tour-from-iceland-to-greenland-day-Guide-to-Greenland1.jpg\",\"datePublished\":\"2020-06-15T11:45:08+00:00\",\"dateModified\":\"2021-02-08T19:18:29+00:00\",\"description\":\"A Greenland Holiday, in the arctic fjord of Nuuk. Explore between humpback whales, seals and icebergs. An adventure awaits you!\",\"breadcrumb\":{\"@id\":\"https:\/\/guidetogreenland.com\/da\/reserver-ferie-rejser\/verdens-mindste-hovedstad-nuuk\/#breadcrumb\"},\"inLanguage\":\"da-DK\",\"potentialAction\":[{\"@type\":\"ReadAction\",\"target\":[\"https:\/\/guidetogreenland.com\/da\/reserver-ferie-rejser\/verdens-mindste-hovedstad-nuuk\/\"]}]},{\"@type\":\"ImageObject\",\"inLanguage\":\"da-DK\",\"@id\":\"https:\/\/guidetogreenland.com\/da\/reserver-ferie-rejser\/verdens-mindste-hovedstad-nuuk\/#primaryimage\",\"url\":\"https:\/\/guidetogreenland.com\/wp-content\/uploads\/2020\/05\/nuuk-the-worlds-smallest-capital-4-day-package-tour-from-iceland-to-greenland-day-Guide-to-Greenland1.jpg\",\"contentUrl\":\"https:\/\/guidetogreenland.com\/wp-content\/uploads\/2020\/05\/nuuk-the-worlds-smallest-capital-4-day-package-tour-from-iceland-to-greenland-day-Guide-to-Greenland1.jpg\",\"width\":989,\"height\":659},{\"@type\":\"BreadcrumbList\",\"@id\":\"https:\/\/guidetogreenland.com\/da\/reserver-ferie-rejser\/verdens-mindste-hovedstad-nuuk\/#breadcrumb\",\"itemListElement\":[{\"@type\":\"ListItem\",\"position\":1,\"name\":\"Home\",\"item\":\"https:\/\/guidetogreenland.com\/da\/\"},{\"@type\":\"ListItem\",\"position\":2,\"name\":\"Se alle ture\",\"item\":\"https:\/\/guidetogreenland.com\/da\/reserver-ferie-rejser\/\"},{\"@type\":\"ListItem\",\"position\":3,\"name\":\"Verdens Mindste Hovedstad | Nuuk\"}]},{\"@type\":\"WebSite\",\"@id\":\"https:\/\/guidetogreenland.com\/da\/#website\",\"url\":\"https:\/\/guidetogreenland.com\/da\/\",\"name\":\"Guide to Greenland\",\"description\":\"Largest selection of tours in Greenland\",\"potentialAction\":[{\"@type\":\"SearchAction\",\"target\":{\"@type\":\"EntryPoint\",\"urlTemplate\":\"https:\/\/guidetogreenland.com\/da\/?s={search_term_string}\"},\"query-input\":{\"@type\":\"PropertyValueSpecification\",\"valueRequired\":true,\"valueName\":\"search_term_string\"}}],\"inLanguage\":\"da-DK\"}]}<\/script>\n<!-- \/ Yoast SEO plugin. -->","yoast_head_json":{"title":"Verdens Mindste Hovedstad | Nuuk | Guide to Greenland","description":"A Greenland Holiday, in the arctic fjord of Nuuk. Explore between humpback whales, seals and icebergs. An adventure awaits you!","robots":{"index":"index","follow":"follow","max-snippet":"max-snippet:-1","max-image-preview":"max-image-preview:large","max-video-preview":"max-video-preview:-1"},"canonical":"https:\/\/guidetogreenland.com\/da\/reserver-ferie-rejser\/verdens-mindste-hovedstad-nuuk\/","og_locale":"da_DK","og_type":"article","og_title":"Verdens Mindste Hovedstad | Nuuk | Guide to Greenland","og_description":"A Greenland Holiday, in the arctic fjord of Nuuk. Explore between humpback whales, seals and icebergs. An adventure awaits you!","og_url":"https:\/\/guidetogreenland.com\/da\/reserver-ferie-rejser\/verdens-mindste-hovedstad-nuuk\/","og_site_name":"Guide to Greenland","article_modified_time":"2021-02-08T19:18:29+00:00","og_image":[{"width":989,"height":659,"url":"https:\/\/guidetogreenland.com\/wp-content\/uploads\/2020\/05\/nuuk-the-worlds-smallest-capital-4-day-package-tour-from-iceland-to-greenland-day-Guide-to-Greenland1.jpg","type":"image\/jpeg"}],"twitter_card":"summary_large_image","twitter_misc":{"Estimeret l\u00e6setid":"1 minut"},"schema":{"@context":"https:\/\/schema.org","@graph":[{"@type":"WebPage","@id":"https:\/\/guidetogreenland.com\/da\/reserver-ferie-rejser\/verdens-mindste-hovedstad-nuuk\/","url":"https:\/\/guidetogreenland.com\/da\/reserver-ferie-rejser\/verdens-mindste-hovedstad-nuuk\/","name":"Verdens Mindste Hovedstad | Nuuk | Guide to Greenland","isPartOf":{"@id":"https:\/\/guidetogreenland.com\/da\/#website"},"primaryImageOfPage":{"@id":"https:\/\/guidetogreenland.com\/da\/reserver-ferie-rejser\/verdens-mindste-hovedstad-nuuk\/#primaryimage"},"image":{"@id":"https:\/\/guidetogreenland.com\/da\/reserver-ferie-rejser\/verdens-mindste-hovedstad-nuuk\/#primaryimage"},"thumbnailUrl":"https:\/\/guidetogreenland.com\/wp-content\/uploads\/2020\/05\/nuuk-the-worlds-smallest-capital-4-day-package-tour-from-iceland-to-greenland-day-Guide-to-Greenland1.jpg","datePublished":"2020-06-15T11:45:08+00:00","dateModified":"2021-02-08T19:18:29+00:00","description":"A Greenland Holiday, in the arctic fjord of Nuuk. Explore between humpback whales, seals and icebergs. An adventure awaits you!","breadcrumb":{"@id":"https:\/\/guidetogreenland.com\/da\/reserver-ferie-rejser\/verdens-mindste-hovedstad-nuuk\/#breadcrumb"},"inLanguage":"da-DK","potentialAction":[{"@type":"ReadAction","target":["https:\/\/guidetogreenland.com\/da\/reserver-ferie-rejser\/verdens-mindste-hovedstad-nuuk\/"]}]},{"@type":"ImageObject","inLanguage":"da-DK","@id":"https:\/\/guidetogreenland.com\/da\/reserver-ferie-rejser\/verdens-mindste-hovedstad-nuuk\/#primaryimage","url":"https:\/\/guidetogreenland.com\/wp-content\/uploads\/2020\/05\/nuuk-the-worlds-smallest-capital-4-day-package-tour-from-iceland-to-greenland-day-Guide-to-Greenland1.jpg","contentUrl":"https:\/\/guidetogreenland.com\/wp-content\/uploads\/2020\/05\/nuuk-the-worlds-smallest-capital-4-day-package-tour-from-iceland-to-greenland-day-Guide-to-Greenland1.jpg","width":989,"height":659},{"@type":"BreadcrumbList","@id":"https:\/\/guidetogreenland.com\/da\/reserver-ferie-rejser\/verdens-mindste-hovedstad-nuuk\/#breadcrumb","itemListElement":[{"@type":"ListItem","position":1,"name":"Home","item":"https:\/\/guidetogreenland.com\/da\/"},{"@type":"ListItem","position":2,"name":"Se alle ture","item":"https:\/\/guidetogreenland.com\/da\/reserver-ferie-rejser\/"},{"@type":"ListItem","position":3,"name":"Verdens Mindste Hovedstad | Nuuk"}]},{"@type":"WebSite","@id":"https:\/\/guidetogreenland.com\/da\/#website","url":"https:\/\/guidetogreenland.com\/da\/","name":"Guide to Greenland","description":"Largest selection of tours in Greenland","potentialAction":[{"@type":"SearchAction","target":{"@type":"EntryPoint","urlTemplate":"https:\/\/guidetogreenland.com\/da\/?s={search_term_string}"},"query-input":{"@type":"PropertyValueSpecification","valueRequired":true,"valueName":"search_term_string"}}],"inLanguage":"da-DK"}]}},"_links":{"self":[{"href":"https:\/\/guidetogreenland.com\/da\/wp-json\/wp\/v2\/product\/15371","targetHints":{"allow":["GET"]}}],"collection":[{"href":"https:\/\/guidetogreenland.com\/da\/wp-json\/wp\/v2\/product"}],"about":[{"href":"https:\/\/guidetogreenland.com\/da\/wp-json\/wp\/v2\/types\/product"}],"replies":[{"embeddable":true,"href":"https:\/\/guidetogreenland.com\/da\/wp-json\/wp\/v2\/comments?post=15371"}],"wp:featuredmedia":[{"embeddable":true,"href":"https:\/\/guidetogreenland.com\/da\/wp-json\/wp\/v2\/media\/15372"}],"wp:attachment":[{"href":"https:\/\/guidetogreenland.com\/da\/wp-json\/wp\/v2\/media?parent=15371"}],"wp:term":[{"taxonomy":"product_brand","embeddable":true,"href":"https:\/\/guidetogreenland.com\/da\/wp-json\/wp\/v2\/product_brand?post=15371"},{"taxonomy":"product_cat","embeddable":true,"href":"https:\/\/guidetogreenland.com\/da\/wp-json\/wp\/v2\/product_cat?post=15371"},{"taxonomy":"product_tag","embeddable":true,"href":"https:\/\/guidetogreenland.com\/da\/wp-json\/wp\/v2\/product_tag?post=15371"}],"curies":[{"name":"wp","href":"https:\/\/api.w.org\/{rel}","templated":true}]}}