{"id":15430,"date":"2020-06-10T15:48:59","date_gmt":"2020-06-10T15:48:59","guid":{"rendered":"https:\/\/guidetogreenland.com\/book-trips-holiday\/nuuk-ilulissat-and-disko-island-package-west-greenland\/"},"modified":"2021-02-09T18:54:59","modified_gmt":"2021-02-09T18:54:59","slug":"nuuk-ilulissat-and-disko-island-package-west-greenland","status":"publish","type":"product","link":"https:\/\/guidetogreenland.com\/da\/reserver-ferie-rejser\/nuuk-ilulissat-og-disko-oen-pakke-vest-gronland\/","title":{"rendered":"Nuuk, Ilulissat og Disko \u00f8en Pakke | Vest Gr\u00f8nland"},"content":{"rendered":"<p class=\"x-18pep25\">Book denne pakke hvis du vil opleve 3 helt forskellige Gr\u00f8nlandske byer. Her starter man i hovedstaden Nuuk, tager til isens hovedstad Ilulissat, og slutter af i den flotte Disko \u00f8.<\/p>\n<p class=\"e1imf5dp0 x-jm2771\">Nuuk er en moderne storby som blandet med den traiditionelle Gr\u00f8nlandske levem\u00e5de. Her m\u00f8der man et moderne inuit samfund det viser sig i form af kunstv\u00e6rker, gastronomi og selvf\u00f8lgelig de lokales hverdag. I n\u00e6rheden af Nuuk ligger det 2. St\u00f8rste fjordsystem, \u2018Nuup Kangerlua\u2019, i hele verden, og den er fyldt med vidunderlige oplevelser. Der er mange aktiviteter i fjorden hele \u00e5ret rundt med gode muligheder for at fan<span class=\"x-12abj6v e1uuu2lt3\">ge fisk.<\/span><\/p>\n<p class=\"e1imf5dp0 x-jm2771\"><span class=\"x-12abj6v e1uuu2lt3\">Der findes ikke veje mellem byer i Gr\u00f8nland, derfor er f\u00e6rdsel via b\u00e5d, skibe og fly. En meget popul\u00e6r m\u00e5de at komme rundt p\u00e5 for de lokale er kystskibet Sarfaq Ittuk, som sejler fra Sydgr\u00f8nland til Disko Bugten. Her f\u00e5r du muligheden for at opleve den Gr\u00f8nlandske kyst fra Nuuk til Ilulissat iblandt de lokale. \u00a0<\/span><\/p>\n<p class=\"e1imf5dp0 x-jm2771\"><span class=\"x-12abj6v e1uuu2lt3\">Man siger at Ilulissat er hovedstaden i Disko Bugt omr\u00e5det og Ishovedstaden i verden. Her bor der omkring 4.500 mennesker der lever prim\u00e6rt af fiskeri, hvilket g\u00f8r det nemt at finde frisk fisk i byen og p\u00e5 restauranterne. P\u00e5 gr\u00f8nlandsk betyder Ilulissat \u201cisbjerge\u201d og her opdager du hurtigt hvor godt navnet passer til byen, her finder du nemlig en gletscher der k\u00e6lver enorme isbjerge! N\u00e5r du g\u00e5r ture gennem byen ser du de arktiske sl\u00e6dehunde som kun findes i det nordlige Gr\u00f8nland.<\/span><\/p>\n<p class=\"e1imf5dp0 x-jm2771\"><span class=\"x-12abj6v e1uuu2lt3\">Fra Ilulissat kan man se Disko \u00f8en &#8211; Qeqertarsuaq. P\u00e5 turen kommer du ogs\u00e5 til at se den eneste og helt fantastiske by p\u00e5 Disko \u00f8en, Qeqertarsuaq, som ligger 100 km vest for Ilulissat. Qeqertarsuaq er id\u00e9el til vandreture i det flotte og unikke terr\u00e6n. Her kan man k\u00f8re p\u00e5 hundesl\u00e6de hele \u00e5ret rundt som sker p\u00e5 den \u2018d\u00f8de\u2019 gletscher om sommeren. Se tilg\u00e6ngeligheden for denne tur ved at trykke p\u00e5 \u201cV\u00e6lg en dato\u201d for oven.<\/span><\/p>\n","protected":false},"excerpt":{"rendered":"Book denne pakke hvis du vil opleve 3 helt forskellige Gr\u00f8nlandske byer. Her starter man i hovedstaden Nuuk, tager til isens hovedstad Ilulissat, og slutter af i den flotte Disko \u00f8. Nuuk er en moderne storby som blandet med den traiditionelle Gr\u00f8nlandske levem\u00e5de. Her m\u00f8der man et moderne inuit samfund det viser sig i form&#8230;","protected":false},"featured_media":15431,"comment_status":"open","ping_status":"closed","template":"","meta":[],"product_brand":[],"product_cat":[629,612,631,635,640,633],"product_tag":[919,893,934],"class_list":{"0":"post-15430","1":"product","2":"type-product","3":"status-publish","4":"has-post-thumbnail","6":"product_cat-disko-bugten","7":"product_cat-natur-og-dyreliv-i-groenland","8":"product_cat-nordgroenland","9":"product_cat-pakkerejser","10":"product_cat-sommerrejser","11":"product_cat-vestgroenland","12":"product_tag-ilulissat-da","13":"product_tag-nuuk-da","14":"product_tag-qeqertarsuaq-da","15":"pa_activities-baadtur","16":"pa_activities-byrundtur","17":"pa_activities-vandretur","18":"pa_activities-gletscher-udsigt","19":"pa_activities-isbjerg-udsigt","20":"pa_activities-kaffemik","21":"pa_activities-dyreliv-safari","22":"pa_activities-midnatssol","23":"pa_attractions-eqi-gletscheren","24":"pa_attractions-ilulissat-icefjord","25":"pa_attractions-nuuk-fjord","26":"pa_attractions-unesco-verdensarv-omraade","27":"pa_available-month-maj","28":"pa_available-month-juni","29":"pa_available-month-juli","30":"pa_available-month-august","31":"pa_available-month-september","32":"pa_destinations-ilulissat","33":"pa_destinations-nuuk","34":"pa_destinations-qeqertarsuaq","35":"pa_difficulty-let","36":"pa_duration-11-dage-da","37":"pa_tour-type-pakkerejser","38":"yith_shop_vendor-tupilak-travel-da","40":"first","41":"instock","42":"virtual","43":"sold-individually","44":"purchasable","45":"product-type-booking"},"acf":[],"yoast_head":"<!-- This site is optimized with the Yoast SEO plugin v25.6 - https:\/\/yoast.com\/wordpress\/plugins\/seo\/ -->\n<title>Nuuk, Ilulissat og Disko \u00f8en Pakke | Vest Gr\u00f8nland | Guide to Greenland<\/title>\n<meta name=\"robots\" content=\"index, follow, max-snippet:-1, max-image-preview:large, max-video-preview:-1\" \/>\n<link rel=\"canonical\" href=\"https:\/\/guidetogreenland.com\/da\/reserver-ferie-rejser\/nuuk-ilulissat-og-disko-oen-pakke-vest-gronland\/\" \/>\n<meta property=\"og:locale\" content=\"da_DK\" \/>\n<meta property=\"og:type\" content=\"article\" \/>\n<meta property=\"og:title\" content=\"Nuuk, Ilulissat og Disko \u00f8en Pakke | Vest Gr\u00f8nland | Guide to Greenland\" \/>\n<meta property=\"og:description\" content=\"Book denne pakke hvis du vil opleve 3 helt forskellige Gr\u00f8nlandske byer. Her starter man i hovedstaden Nuuk, tager til isens hovedstad Ilulissat, og slutter af i den flotte Disko \u00f8. Nuuk er en moderne storby som blandet med den traiditionelle Gr\u00f8nlandske levem\u00e5de. Her m\u00f8der man et moderne inuit samfund det viser sig i form...\" \/>\n<meta property=\"og:url\" content=\"https:\/\/guidetogreenland.com\/da\/reserver-ferie-rejser\/nuuk-ilulissat-og-disko-oen-pakke-vest-gronland\/\" \/>\n<meta property=\"og:site_name\" content=\"Guide to Greenland\" \/>\n<meta property=\"article:modified_time\" content=\"2021-02-09T18:54:59+00:00\" \/>\n<meta property=\"og:image\" content=\"https:\/\/guidetogreenland.com\/wp-content\/uploads\/2020\/05\/nuuk-ilulissat-and-disko-island-package-west-greenland-Guide-to-Greenland1.jpg\" \/>\n\t<meta property=\"og:image:width\" content=\"1565\" \/>\n\t<meta property=\"og:image:height\" content=\"1174\" \/>\n\t<meta property=\"og:image:type\" content=\"image\/jpeg\" \/>\n<meta name=\"twitter:card\" content=\"summary_large_image\" \/>\n<meta name=\"twitter:label1\" content=\"Estimeret l\u00e6setid\" \/>\n\t<meta name=\"twitter:data1\" content=\"2 minutter\" \/>\n<script type=\"application\/ld+json\" class=\"yoast-schema-graph\">{\"@context\":\"https:\/\/schema.org\",\"@graph\":[{\"@type\":\"WebPage\",\"@id\":\"https:\/\/guidetogreenland.com\/da\/reserver-ferie-rejser\/nuuk-ilulissat-og-disko-oen-pakke-vest-gronland\/\",\"url\":\"https:\/\/guidetogreenland.com\/da\/reserver-ferie-rejser\/nuuk-ilulissat-og-disko-oen-pakke-vest-gronland\/\",\"name\":\"Nuuk, Ilulissat og Disko \u00f8en Pakke | Vest Gr\u00f8nland | Guide to Greenland\",\"isPartOf\":{\"@id\":\"https:\/\/guidetogreenland.com\/da\/#website\"},\"primaryImageOfPage\":{\"@id\":\"https:\/\/guidetogreenland.com\/da\/reserver-ferie-rejser\/nuuk-ilulissat-og-disko-oen-pakke-vest-gronland\/#primaryimage\"},\"image\":{\"@id\":\"https:\/\/guidetogreenland.com\/da\/reserver-ferie-rejser\/nuuk-ilulissat-og-disko-oen-pakke-vest-gronland\/#primaryimage\"},\"thumbnailUrl\":\"https:\/\/guidetogreenland.com\/wp-content\/uploads\/2020\/05\/nuuk-ilulissat-and-disko-island-package-west-greenland-Guide-to-Greenland1.jpg\",\"datePublished\":\"2020-06-10T15:48:59+00:00\",\"dateModified\":\"2021-02-09T18:54:59+00:00\",\"breadcrumb\":{\"@id\":\"https:\/\/guidetogreenland.com\/da\/reserver-ferie-rejser\/nuuk-ilulissat-og-disko-oen-pakke-vest-gronland\/#breadcrumb\"},\"inLanguage\":\"da-DK\",\"potentialAction\":[{\"@type\":\"ReadAction\",\"target\":[\"https:\/\/guidetogreenland.com\/da\/reserver-ferie-rejser\/nuuk-ilulissat-og-disko-oen-pakke-vest-gronland\/\"]}]},{\"@type\":\"ImageObject\",\"inLanguage\":\"da-DK\",\"@id\":\"https:\/\/guidetogreenland.com\/da\/reserver-ferie-rejser\/nuuk-ilulissat-og-disko-oen-pakke-vest-gronland\/#primaryimage\",\"url\":\"https:\/\/guidetogreenland.com\/wp-content\/uploads\/2020\/05\/nuuk-ilulissat-and-disko-island-package-west-greenland-Guide-to-Greenland1.jpg\",\"contentUrl\":\"https:\/\/guidetogreenland.com\/wp-content\/uploads\/2020\/05\/nuuk-ilulissat-and-disko-island-package-west-greenland-Guide-to-Greenland1.jpg\",\"width\":1565,\"height\":1174},{\"@type\":\"BreadcrumbList\",\"@id\":\"https:\/\/guidetogreenland.com\/da\/reserver-ferie-rejser\/nuuk-ilulissat-og-disko-oen-pakke-vest-gronland\/#breadcrumb\",\"itemListElement\":[{\"@type\":\"ListItem\",\"position\":1,\"name\":\"Home\",\"item\":\"https:\/\/guidetogreenland.com\/da\/\"},{\"@type\":\"ListItem\",\"position\":2,\"name\":\"Se alle ture\",\"item\":\"https:\/\/guidetogreenland.com\/da\/reserver-ferie-rejser\/\"},{\"@type\":\"ListItem\",\"position\":3,\"name\":\"Nuuk, Ilulissat og Disko \u00f8en Pakke | Vest Gr\u00f8nland\"}]},{\"@type\":\"WebSite\",\"@id\":\"https:\/\/guidetogreenland.com\/da\/#website\",\"url\":\"https:\/\/guidetogreenland.com\/da\/\",\"name\":\"Guide to Greenland\",\"description\":\"Largest selection of tours in Greenland\",\"potentialAction\":[{\"@type\":\"SearchAction\",\"target\":{\"@type\":\"EntryPoint\",\"urlTemplate\":\"https:\/\/guidetogreenland.com\/da\/?s={search_term_string}\"},\"query-input\":{\"@type\":\"PropertyValueSpecification\",\"valueRequired\":true,\"valueName\":\"search_term_string\"}}],\"inLanguage\":\"da-DK\"}]}<\/script>\n<!-- \/ Yoast SEO plugin. -->","yoast_head_json":{"title":"Nuuk, Ilulissat og Disko \u00f8en Pakke | Vest Gr\u00f8nland | Guide to Greenland","robots":{"index":"index","follow":"follow","max-snippet":"max-snippet:-1","max-image-preview":"max-image-preview:large","max-video-preview":"max-video-preview:-1"},"canonical":"https:\/\/guidetogreenland.com\/da\/reserver-ferie-rejser\/nuuk-ilulissat-og-disko-oen-pakke-vest-gronland\/","og_locale":"da_DK","og_type":"article","og_title":"Nuuk, Ilulissat og Disko \u00f8en Pakke | Vest Gr\u00f8nland | Guide to Greenland","og_description":"Book denne pakke hvis du vil opleve 3 helt forskellige Gr\u00f8nlandske byer. Her starter man i hovedstaden Nuuk, tager til isens hovedstad Ilulissat, og slutter af i den flotte Disko \u00f8. Nuuk er en moderne storby som blandet med den traiditionelle Gr\u00f8nlandske levem\u00e5de. Her m\u00f8der man et moderne inuit samfund det viser sig i form...","og_url":"https:\/\/guidetogreenland.com\/da\/reserver-ferie-rejser\/nuuk-ilulissat-og-disko-oen-pakke-vest-gronland\/","og_site_name":"Guide to Greenland","article_modified_time":"2021-02-09T18:54:59+00:00","og_image":[{"width":1565,"height":1174,"url":"https:\/\/guidetogreenland.com\/wp-content\/uploads\/2020\/05\/nuuk-ilulissat-and-disko-island-package-west-greenland-Guide-to-Greenland1.jpg","type":"image\/jpeg"}],"twitter_card":"summary_large_image","twitter_misc":{"Estimeret l\u00e6setid":"2 minutter"},"schema":{"@context":"https:\/\/schema.org","@graph":[{"@type":"WebPage","@id":"https:\/\/guidetogreenland.com\/da\/reserver-ferie-rejser\/nuuk-ilulissat-og-disko-oen-pakke-vest-gronland\/","url":"https:\/\/guidetogreenland.com\/da\/reserver-ferie-rejser\/nuuk-ilulissat-og-disko-oen-pakke-vest-gronland\/","name":"Nuuk, Ilulissat og Disko \u00f8en Pakke | Vest Gr\u00f8nland | Guide to Greenland","isPartOf":{"@id":"https:\/\/guidetogreenland.com\/da\/#website"},"primaryImageOfPage":{"@id":"https:\/\/guidetogreenland.com\/da\/reserver-ferie-rejser\/nuuk-ilulissat-og-disko-oen-pakke-vest-gronland\/#primaryimage"},"image":{"@id":"https:\/\/guidetogreenland.com\/da\/reserver-ferie-rejser\/nuuk-ilulissat-og-disko-oen-pakke-vest-gronland\/#primaryimage"},"thumbnailUrl":"https:\/\/guidetogreenland.com\/wp-content\/uploads\/2020\/05\/nuuk-ilulissat-and-disko-island-package-west-greenland-Guide-to-Greenland1.jpg","datePublished":"2020-06-10T15:48:59+00:00","dateModified":"2021-02-09T18:54:59+00:00","breadcrumb":{"@id":"https:\/\/guidetogreenland.com\/da\/reserver-ferie-rejser\/nuuk-ilulissat-og-disko-oen-pakke-vest-gronland\/#breadcrumb"},"inLanguage":"da-DK","potentialAction":[{"@type":"ReadAction","target":["https:\/\/guidetogreenland.com\/da\/reserver-ferie-rejser\/nuuk-ilulissat-og-disko-oen-pakke-vest-gronland\/"]}]},{"@type":"ImageObject","inLanguage":"da-DK","@id":"https:\/\/guidetogreenland.com\/da\/reserver-ferie-rejser\/nuuk-ilulissat-og-disko-oen-pakke-vest-gronland\/#primaryimage","url":"https:\/\/guidetogreenland.com\/wp-content\/uploads\/2020\/05\/nuuk-ilulissat-and-disko-island-package-west-greenland-Guide-to-Greenland1.jpg","contentUrl":"https:\/\/guidetogreenland.com\/wp-content\/uploads\/2020\/05\/nuuk-ilulissat-and-disko-island-package-west-greenland-Guide-to-Greenland1.jpg","width":1565,"height":1174},{"@type":"BreadcrumbList","@id":"https:\/\/guidetogreenland.com\/da\/reserver-ferie-rejser\/nuuk-ilulissat-og-disko-oen-pakke-vest-gronland\/#breadcrumb","itemListElement":[{"@type":"ListItem","position":1,"name":"Home","item":"https:\/\/guidetogreenland.com\/da\/"},{"@type":"ListItem","position":2,"name":"Se alle ture","item":"https:\/\/guidetogreenland.com\/da\/reserver-ferie-rejser\/"},{"@type":"ListItem","position":3,"name":"Nuuk, Ilulissat og Disko \u00f8en Pakke | Vest Gr\u00f8nland"}]},{"@type":"WebSite","@id":"https:\/\/guidetogreenland.com\/da\/#website","url":"https:\/\/guidetogreenland.com\/da\/","name":"Guide to Greenland","description":"Largest selection of tours in Greenland","potentialAction":[{"@type":"SearchAction","target":{"@type":"EntryPoint","urlTemplate":"https:\/\/guidetogreenland.com\/da\/?s={search_term_string}"},"query-input":{"@type":"PropertyValueSpecification","valueRequired":true,"valueName":"search_term_string"}}],"inLanguage":"da-DK"}]}},"_links":{"self":[{"href":"https:\/\/guidetogreenland.com\/da\/wp-json\/wp\/v2\/product\/15430","targetHints":{"allow":["GET"]}}],"collection":[{"href":"https:\/\/guidetogreenland.com\/da\/wp-json\/wp\/v2\/product"}],"about":[{"href":"https:\/\/guidetogreenland.com\/da\/wp-json\/wp\/v2\/types\/product"}],"replies":[{"embeddable":true,"href":"https:\/\/guidetogreenland.com\/da\/wp-json\/wp\/v2\/comments?post=15430"}],"wp:featuredmedia":[{"embeddable":true,"href":"https:\/\/guidetogreenland.com\/da\/wp-json\/wp\/v2\/media\/15431"}],"wp:attachment":[{"href":"https:\/\/guidetogreenland.com\/da\/wp-json\/wp\/v2\/media?parent=15430"}],"wp:term":[{"taxonomy":"product_brand","embeddable":true,"href":"https:\/\/guidetogreenland.com\/da\/wp-json\/wp\/v2\/product_brand?post=15430"},{"taxonomy":"product_cat","embeddable":true,"href":"https:\/\/guidetogreenland.com\/da\/wp-json\/wp\/v2\/product_cat?post=15430"},{"taxonomy":"product_tag","embeddable":true,"href":"https:\/\/guidetogreenland.com\/da\/wp-json\/wp\/v2\/product_tag?post=15430"}],"curies":[{"name":"wp","href":"https:\/\/api.w.org\/{rel}","templated":true}]}}