{"id":15444,"date":"2020-06-05T08:10:17","date_gmt":"2020-06-05T08:10:17","guid":{"rendered":"https:\/\/guidetogreenland.com\/book-trips-holiday\/out-of-town-fishing-adventure-private-tour-oriartorfik-nuuk\/"},"modified":"2021-02-09T19:09:52","modified_gmt":"2021-02-09T19:09:52","slug":"out-of-town-fishing-adventure-private-tour-oriartorfik-nuuk","status":"publish","type":"product","link":"https:\/\/guidetogreenland.com\/da\/reserver-ferie-rejser\/fisketur-udenfor-byen-oriartorfik-nuuk\/","title":{"rendered":"Fisketur udenfor byen | Oriartorfik | Nuuk"},"content":{"rendered":"<p class=\"x-18pep25\">Kom med p\u00e5 dette fiske eventyr udenfor Nuuk. Udenfor Nuuk Fjord p\u00e5 den nordlige side af Oriartorfik er kendt for at have mange r\u00f8dfisk og torsk.<\/p>\n<p class=\"x-18pep25\">Turen starter s\u00e5 snart vi har forladt Nuuk havn og sejler ud p\u00e5 det \u00e5bne hav. Du vil med det samme blive m\u00f8dt af smuk arktisk natur og flot hav blik med solen der reflekterer perfekt p\u00e5 vandoverfladen, mens vi s\u00e6tter kursen mod Oriartorfik.<\/p>\n<p class=\"e1imf5dp0 x-jm2771\">N\u00e5r vi ankommer til fiskestedet vil vi kaste vores fiskekrog ned, og hvis ikke vi f\u00e5r bid indenfor f\u00e5 minutter, rykker vi til et nyt fiskested. Der er garanti for at f\u00e5 bid p\u00e5 denne tur, og tid til at samtidig slappe<span class=\"x-12abj6v e1uuu2lt3\"> af til den smukke udsigt, mens du nyder den absolute stilhed. Lyt til vandet plaske mod siden af b\u00e5den og roen ved b\u00e5dens gyngen med b\u00f8lgerne.<\/span><\/p>\n<p class=\"e1imf5dp0 x-jm2771\"><span class=\"x-12abj6v e1uuu2lt3\">Pr\u00f8v dit fiskeheld og test din t\u00e5lmodighed, mens du l\u00e6rer kunsten i at fiske. Denne tur er for alle i alle aldre, b\u00e5de erfarne fiskere og begyndere. Din kaptajn og bes\u00e6tning er der til at give en hj\u00e6lpende h\u00e5nd, b\u00e5de med at l\u00e6re at fiske og rense din fisk efter fangst. Du vil med garanti f\u00e5 en uforglemmelig oplevelse med denne tur af Qussuk Adventures, med sjov og smuk udsigt. G\u00e5 ikke glip af dette eventyr i det komplicerede fjordsystem udenfor Nuuk hovedstad. Se tilg\u00e6ngeligheden ved at trykke p\u00e5 &#8216;V\u00e6lg en dag&#8217; og book din tur i dag.<\/span><\/p>\n","protected":false},"excerpt":{"rendered":"Kom med p\u00e5 dette fiske eventyr udenfor Nuuk. Udenfor Nuuk Fjord p\u00e5 den nordlige side af Oriartorfik er kendt for at have mange r\u00f8dfisk og torsk. Turen starter s\u00e5 snart vi har forladt Nuuk havn og sejler ud p\u00e5 det \u00e5bne hav. Du vil med det samme blive m\u00f8dt af smuk arktisk natur og flot&#8230;","protected":false},"featured_media":15446,"comment_status":"open","ping_status":"closed","template":"","meta":[],"product_brand":[],"product_cat":[594,621,613,612,593,627,643,652,633],"product_tag":[893],"class_list":{"0":"post-15444","1":"product","2":"type-product","3":"status-publish","4":"has-post-thumbnail","6":"product_cat-baadture","7":"product_cat-charterture","8":"product_cat-fisketure","9":"product_cat-natur-og-dyreliv-i-groenland","10":"product_cat-oplevelser-i-groenland","11":"product_cat-ture-i-bestemte-omraader","12":"product_cat-ture-i-hver-by","13":"product_cat-ture-i-nuuk","14":"product_cat-vestgroenland","15":"product_tag-nuuk-da","16":"pa_activities-baadtur","17":"pa_activities-fiskeri","18":"pa_attractions-nuuk-fjord","19":"pa_available-month-maj","20":"pa_available-month-juni","21":"pa_available-month-juli","22":"pa_available-month-august","23":"pa_available-month-september","24":"pa_destinations-nuuk","25":"pa_difficulty-let","26":"pa_duration-5-timer","27":"pa_tour-type-dagsture","28":"yith_shop_vendor-nuuk-adventure-da","29":"yith_booking_service-lunch","31":"first","32":"instock","33":"virtual","34":"sold-individually","35":"purchasable","36":"product-type-booking"},"acf":[],"yoast_head":"<!-- This site is optimized with the Yoast SEO plugin v25.6 - https:\/\/yoast.com\/wordpress\/plugins\/seo\/ -->\n<title>Fisketur udenfor byen | Oriartorfik | Nuuk | Guide to Greenland<\/title>\n<meta name=\"description\" content=\"This adventure takes you north of Nuuk to arctic mountain sides. Explore the deep seas by fishing, in the company of humpback whales.\" \/>\n<meta name=\"robots\" content=\"index, follow, max-snippet:-1, max-image-preview:large, max-video-preview:-1\" \/>\n<link rel=\"canonical\" href=\"https:\/\/guidetogreenland.com\/da\/reserver-ferie-rejser\/fisketur-udenfor-byen-oriartorfik-nuuk\/\" \/>\n<meta property=\"og:locale\" content=\"da_DK\" \/>\n<meta property=\"og:type\" content=\"article\" \/>\n<meta property=\"og:title\" content=\"Fisketur udenfor byen | Oriartorfik | Nuuk | Guide to Greenland\" \/>\n<meta property=\"og:description\" content=\"This adventure takes you north of Nuuk to arctic mountain sides. Explore the deep seas by fishing, in the company of humpback whales.\" \/>\n<meta property=\"og:url\" content=\"https:\/\/guidetogreenland.com\/da\/reserver-ferie-rejser\/fisketur-udenfor-byen-oriartorfik-nuuk\/\" \/>\n<meta property=\"og:site_name\" content=\"Guide to Greenland\" \/>\n<meta property=\"article:modified_time\" content=\"2021-02-09T19:09:52+00:00\" \/>\n<meta property=\"og:image\" content=\"https:\/\/guidetogreenland.com\/wp-content\/uploads\/2020\/05\/out-of-town-fishing-adventure-private-tour-oriartorfik-nuuk-Guide-to-Greenland7.jpeg\" \/>\n\t<meta property=\"og:image:width\" content=\"2070\" \/>\n\t<meta property=\"og:image:height\" content=\"1380\" \/>\n\t<meta property=\"og:image:type\" content=\"image\/jpeg\" \/>\n<meta name=\"twitter:card\" content=\"summary_large_image\" \/>\n<meta name=\"twitter:label1\" content=\"Estimeret l\u00e6setid\" \/>\n\t<meta name=\"twitter:data1\" content=\"1 minut\" \/>\n<script type=\"application\/ld+json\" class=\"yoast-schema-graph\">{\"@context\":\"https:\/\/schema.org\",\"@graph\":[{\"@type\":\"WebPage\",\"@id\":\"https:\/\/guidetogreenland.com\/da\/reserver-ferie-rejser\/fisketur-udenfor-byen-oriartorfik-nuuk\/\",\"url\":\"https:\/\/guidetogreenland.com\/da\/reserver-ferie-rejser\/fisketur-udenfor-byen-oriartorfik-nuuk\/\",\"name\":\"Fisketur udenfor byen | Oriartorfik | Nuuk | Guide to Greenland\",\"isPartOf\":{\"@id\":\"https:\/\/guidetogreenland.com\/da\/#website\"},\"primaryImageOfPage\":{\"@id\":\"https:\/\/guidetogreenland.com\/da\/reserver-ferie-rejser\/fisketur-udenfor-byen-oriartorfik-nuuk\/#primaryimage\"},\"image\":{\"@id\":\"https:\/\/guidetogreenland.com\/da\/reserver-ferie-rejser\/fisketur-udenfor-byen-oriartorfik-nuuk\/#primaryimage\"},\"thumbnailUrl\":\"https:\/\/guidetogreenland.com\/wp-content\/uploads\/2020\/05\/out-of-town-fishing-adventure-private-tour-oriartorfik-nuuk-Guide-to-Greenland7.jpeg\",\"datePublished\":\"2020-06-05T08:10:17+00:00\",\"dateModified\":\"2021-02-09T19:09:52+00:00\",\"description\":\"This adventure takes you north of Nuuk to arctic mountain sides. Explore the deep seas by fishing, in the company of humpback whales.\",\"breadcrumb\":{\"@id\":\"https:\/\/guidetogreenland.com\/da\/reserver-ferie-rejser\/fisketur-udenfor-byen-oriartorfik-nuuk\/#breadcrumb\"},\"inLanguage\":\"da-DK\",\"potentialAction\":[{\"@type\":\"ReadAction\",\"target\":[\"https:\/\/guidetogreenland.com\/da\/reserver-ferie-rejser\/fisketur-udenfor-byen-oriartorfik-nuuk\/\"]}]},{\"@type\":\"ImageObject\",\"inLanguage\":\"da-DK\",\"@id\":\"https:\/\/guidetogreenland.com\/da\/reserver-ferie-rejser\/fisketur-udenfor-byen-oriartorfik-nuuk\/#primaryimage\",\"url\":\"https:\/\/guidetogreenland.com\/wp-content\/uploads\/2020\/05\/out-of-town-fishing-adventure-private-tour-oriartorfik-nuuk-Guide-to-Greenland7.jpeg\",\"contentUrl\":\"https:\/\/guidetogreenland.com\/wp-content\/uploads\/2020\/05\/out-of-town-fishing-adventure-private-tour-oriartorfik-nuuk-Guide-to-Greenland7.jpeg\",\"width\":2070,\"height\":1380},{\"@type\":\"BreadcrumbList\",\"@id\":\"https:\/\/guidetogreenland.com\/da\/reserver-ferie-rejser\/fisketur-udenfor-byen-oriartorfik-nuuk\/#breadcrumb\",\"itemListElement\":[{\"@type\":\"ListItem\",\"position\":1,\"name\":\"Home\",\"item\":\"https:\/\/guidetogreenland.com\/da\/\"},{\"@type\":\"ListItem\",\"position\":2,\"name\":\"Se alle ture\",\"item\":\"https:\/\/guidetogreenland.com\/da\/reserver-ferie-rejser\/\"},{\"@type\":\"ListItem\",\"position\":3,\"name\":\"Fisketur udenfor byen | Oriartorfik | Nuuk\"}]},{\"@type\":\"WebSite\",\"@id\":\"https:\/\/guidetogreenland.com\/da\/#website\",\"url\":\"https:\/\/guidetogreenland.com\/da\/\",\"name\":\"Guide to Greenland\",\"description\":\"Largest selection of tours in Greenland\",\"potentialAction\":[{\"@type\":\"SearchAction\",\"target\":{\"@type\":\"EntryPoint\",\"urlTemplate\":\"https:\/\/guidetogreenland.com\/da\/?s={search_term_string}\"},\"query-input\":{\"@type\":\"PropertyValueSpecification\",\"valueRequired\":true,\"valueName\":\"search_term_string\"}}],\"inLanguage\":\"da-DK\"}]}<\/script>\n<!-- \/ Yoast SEO plugin. -->","yoast_head_json":{"title":"Fisketur udenfor byen | Oriartorfik | Nuuk | Guide to Greenland","description":"This adventure takes you north of Nuuk to arctic mountain sides. Explore the deep seas by fishing, in the company of humpback whales.","robots":{"index":"index","follow":"follow","max-snippet":"max-snippet:-1","max-image-preview":"max-image-preview:large","max-video-preview":"max-video-preview:-1"},"canonical":"https:\/\/guidetogreenland.com\/da\/reserver-ferie-rejser\/fisketur-udenfor-byen-oriartorfik-nuuk\/","og_locale":"da_DK","og_type":"article","og_title":"Fisketur udenfor byen | Oriartorfik | Nuuk | Guide to Greenland","og_description":"This adventure takes you north of Nuuk to arctic mountain sides. Explore the deep seas by fishing, in the company of humpback whales.","og_url":"https:\/\/guidetogreenland.com\/da\/reserver-ferie-rejser\/fisketur-udenfor-byen-oriartorfik-nuuk\/","og_site_name":"Guide to Greenland","article_modified_time":"2021-02-09T19:09:52+00:00","og_image":[{"width":2070,"height":1380,"url":"https:\/\/guidetogreenland.com\/wp-content\/uploads\/2020\/05\/out-of-town-fishing-adventure-private-tour-oriartorfik-nuuk-Guide-to-Greenland7.jpeg","type":"image\/jpeg"}],"twitter_card":"summary_large_image","twitter_misc":{"Estimeret l\u00e6setid":"1 minut"},"schema":{"@context":"https:\/\/schema.org","@graph":[{"@type":"WebPage","@id":"https:\/\/guidetogreenland.com\/da\/reserver-ferie-rejser\/fisketur-udenfor-byen-oriartorfik-nuuk\/","url":"https:\/\/guidetogreenland.com\/da\/reserver-ferie-rejser\/fisketur-udenfor-byen-oriartorfik-nuuk\/","name":"Fisketur udenfor byen | Oriartorfik | Nuuk | Guide to Greenland","isPartOf":{"@id":"https:\/\/guidetogreenland.com\/da\/#website"},"primaryImageOfPage":{"@id":"https:\/\/guidetogreenland.com\/da\/reserver-ferie-rejser\/fisketur-udenfor-byen-oriartorfik-nuuk\/#primaryimage"},"image":{"@id":"https:\/\/guidetogreenland.com\/da\/reserver-ferie-rejser\/fisketur-udenfor-byen-oriartorfik-nuuk\/#primaryimage"},"thumbnailUrl":"https:\/\/guidetogreenland.com\/wp-content\/uploads\/2020\/05\/out-of-town-fishing-adventure-private-tour-oriartorfik-nuuk-Guide-to-Greenland7.jpeg","datePublished":"2020-06-05T08:10:17+00:00","dateModified":"2021-02-09T19:09:52+00:00","description":"This adventure takes you north of Nuuk to arctic mountain sides. Explore the deep seas by fishing, in the company of humpback whales.","breadcrumb":{"@id":"https:\/\/guidetogreenland.com\/da\/reserver-ferie-rejser\/fisketur-udenfor-byen-oriartorfik-nuuk\/#breadcrumb"},"inLanguage":"da-DK","potentialAction":[{"@type":"ReadAction","target":["https:\/\/guidetogreenland.com\/da\/reserver-ferie-rejser\/fisketur-udenfor-byen-oriartorfik-nuuk\/"]}]},{"@type":"ImageObject","inLanguage":"da-DK","@id":"https:\/\/guidetogreenland.com\/da\/reserver-ferie-rejser\/fisketur-udenfor-byen-oriartorfik-nuuk\/#primaryimage","url":"https:\/\/guidetogreenland.com\/wp-content\/uploads\/2020\/05\/out-of-town-fishing-adventure-private-tour-oriartorfik-nuuk-Guide-to-Greenland7.jpeg","contentUrl":"https:\/\/guidetogreenland.com\/wp-content\/uploads\/2020\/05\/out-of-town-fishing-adventure-private-tour-oriartorfik-nuuk-Guide-to-Greenland7.jpeg","width":2070,"height":1380},{"@type":"BreadcrumbList","@id":"https:\/\/guidetogreenland.com\/da\/reserver-ferie-rejser\/fisketur-udenfor-byen-oriartorfik-nuuk\/#breadcrumb","itemListElement":[{"@type":"ListItem","position":1,"name":"Home","item":"https:\/\/guidetogreenland.com\/da\/"},{"@type":"ListItem","position":2,"name":"Se alle ture","item":"https:\/\/guidetogreenland.com\/da\/reserver-ferie-rejser\/"},{"@type":"ListItem","position":3,"name":"Fisketur udenfor byen | Oriartorfik | Nuuk"}]},{"@type":"WebSite","@id":"https:\/\/guidetogreenland.com\/da\/#website","url":"https:\/\/guidetogreenland.com\/da\/","name":"Guide to Greenland","description":"Largest selection of tours in Greenland","potentialAction":[{"@type":"SearchAction","target":{"@type":"EntryPoint","urlTemplate":"https:\/\/guidetogreenland.com\/da\/?s={search_term_string}"},"query-input":{"@type":"PropertyValueSpecification","valueRequired":true,"valueName":"search_term_string"}}],"inLanguage":"da-DK"}]}},"_links":{"self":[{"href":"https:\/\/guidetogreenland.com\/da\/wp-json\/wp\/v2\/product\/15444","targetHints":{"allow":["GET"]}}],"collection":[{"href":"https:\/\/guidetogreenland.com\/da\/wp-json\/wp\/v2\/product"}],"about":[{"href":"https:\/\/guidetogreenland.com\/da\/wp-json\/wp\/v2\/types\/product"}],"replies":[{"embeddable":true,"href":"https:\/\/guidetogreenland.com\/da\/wp-json\/wp\/v2\/comments?post=15444"}],"wp:featuredmedia":[{"embeddable":true,"href":"https:\/\/guidetogreenland.com\/da\/wp-json\/wp\/v2\/media\/15446"}],"wp:attachment":[{"href":"https:\/\/guidetogreenland.com\/da\/wp-json\/wp\/v2\/media?parent=15444"}],"wp:term":[{"taxonomy":"product_brand","embeddable":true,"href":"https:\/\/guidetogreenland.com\/da\/wp-json\/wp\/v2\/product_brand?post=15444"},{"taxonomy":"product_cat","embeddable":true,"href":"https:\/\/guidetogreenland.com\/da\/wp-json\/wp\/v2\/product_cat?post=15444"},{"taxonomy":"product_tag","embeddable":true,"href":"https:\/\/guidetogreenland.com\/da\/wp-json\/wp\/v2\/product_tag?post=15444"}],"curies":[{"name":"wp","href":"https:\/\/api.w.org\/{rel}","templated":true}]}}