{"id":15460,"date":"2020-06-04T09:05:45","date_gmt":"2020-06-04T09:05:45","guid":{"rendered":"https:\/\/guidetogreenland.com\/book-trips-holiday\/private-catchneat-qooqqut-nuan-nuuk\/"},"modified":"2023-06-02T14:52:42","modified_gmt":"2023-06-02T17:52:42","slug":"nak-aed-privat-tur-qooqqut-nuan-nuuk-2","status":"publish","type":"product","link":"https:\/\/guidetogreenland.com\/da\/reserver-ferie-rejser\/nak-aed-privat-tur-qooqqut-nuan-nuuk\/","title":{"rendered":"Nak &#038; \u00c6d, Privat tur | Qooqqut Nuan | Nuuk"},"content":{"rendered":"<p class=\"x-18pep25\">Kom med p\u00e5 en gastronomisk afstikker fra Nuuk. Hvem skulle tro, at du kan sejle en time ud i ingenting og finde en gastronomisk perle, der tilbereder de l\u00e6kreste friske r\u00e5varer?<\/p>\n<p class=\"x-18pep25\">P\u00e5 denne tur f\u00e5r du selv lov til at pr\u00f8ve fiskelykken og siden spise den friske fisk, der bliver l\u00e6kkert tilberedt af de dygtige kokke i Qooqqut Nuan. Vi sejler ud fra Nuuk og kan lige fra turens begyndelse, nyde den fantastiske udsigt over naturen lige s\u00e5 langt \u00f8jet r\u00e6kker.<\/p>\n<p class=\"e1imf5dp0 x-jm2771\">Vi sejler forbi det ikoniske Sermitsiaq bjerg, Sermitsiaq betyder evig sne p\u00e5 gr\u00f8nlandsk. P\u00e5 toppen vil du se den efterladte sne fra vinteren, der d<span class=\"x-12abj6v e1uuu2lt3\">anner et smukt vandfald ned af bjergsiden.<\/span><\/p>\n<p class=\"e1imf5dp0 x-jm2771\"><span class=\"x-12abj6v e1uuu2lt3\">G\u00e5 ud p\u00e5 d\u00e6kket og f\u00f8l hvordan den arktiske vind bl\u00e6ser i h\u00e5ret og m\u00e6rk de sm\u00e5 blide dr\u00e5ber af vand p\u00e5 ansigtet. Husk dog at have \u00f8jnene \u00e5bne, det kan v\u00e6re du ser en hval lege rundt imellem b\u00f8lgerne.<\/span><\/p>\n<p class=\"e1imf5dp0 x-jm2771\"><span class=\"x-12abj6v e1uuu2lt3\">Vi sejler derefter ind mod Qooqqut fjorden for at pr\u00f8ve fiskelykken. Her kan du fange b\u00e5de torsk og r\u00f8dfisk. N\u00e5r vi har fanget tilpas m\u00e6ngde fisk, sejler vi ind til Qooqqut og l\u00e6gger til.<\/span><\/p>\n<p class=\"e1imf5dp0 x-jm2771\"><span class=\"x-12abj6v e1uuu2lt3\">Du kan selv pr\u00f8ve at sk\u00e6re fisken op og rense den, men hvis du foretr\u00e6kker ikke at f\u00e5 beskidte h\u00e6nder, kan du dog ogs\u00e5 overlade den opgave til de dygtige kokke.<\/span><\/p>\n<p class=\"e1imf5dp0 x-jm2771\"><span class=\"x-12abj6v e1uuu2lt3\">G\u00e5 en tur i det smukke omr\u00e5de imens din middag bliver tilberedt &#8211; du kan fx g\u00e5 ned til floden og nyde dens brusende lyd, bryde stilheden i et \u00f8jeblik. N\u00e5r middagen er tilberedt vil du blive m\u00f8dt af et festm\u00e5ltid!<\/span><\/p>\n<p class=\"e1imf5dp0 x-jm2771\"><span class=\"x-12abj6v e1uuu2lt3\">Det er en fantastisk fusion af det gr\u00f8nlandske og thailandske k\u00f8kken, med friske smage og de bedste r\u00e5varer &#8211; Velbekomme! N\u00e5r du har spist dig m\u00e6t er det tid til at stige ombord p\u00e5 den gule b\u00e5d igen og vende tilbage mod byen.<\/span><\/p>\n<p class=\"e1imf5dp0 x-jm2771\"><span class=\"x-12abj6v e1uuu2lt3\">Der er dog lige plads til at nyde en varm kop kaffe eller the ombord imens solen g\u00e5r ned bag Nordlandet. Turen foreg\u00e5r p\u00e5 b\u00e5den &#8220;Ice Force One&#8221;, en Targa 25.1 specielt lavet til gr\u00f8nlandske forhold.<\/span><\/p>\n<p class=\"e1imf5dp0 x-jm2771\"><span class=\"x-12abj6v e1uuu2lt3\">Hop ombord til et nyt eventyr. Se tilg\u00e6ngeligheden ved at trykke p\u00e5 &#8216;V\u00e6lg en dag&#8217; ovenover og book din tur i dag.<\/span><\/p>\n","protected":false},"excerpt":{"rendered":"Kom med p\u00e5 en gastronomisk afstikker fra Nuuk. Hvem skulle tro, at du kan sejle en time ud i ingenting og finde en gastronomisk perle, der tilbereder de l\u00e6kreste friske r\u00e5varer? P\u00e5 denne tur f\u00e5r du selv lov til at pr\u00f8ve fiskelykken og siden spise den friske fisk, der bliver l\u00e6kkert tilberedt af de dygtige&#8230;","protected":false},"featured_media":15462,"comment_status":"open","ping_status":"closed","template":"","meta":[],"product_brand":[],"product_cat":[594,621,605,613,612,593,634,627,643,652,633],"product_tag":[893],"class_list":{"0":"post-15460","1":"product","2":"type-product","3":"status-publish","4":"has-post-thumbnail","6":"product_cat-baadture","7":"product_cat-charterture","8":"product_cat-dagsture-om-sommeren","9":"product_cat-fisketure","10":"product_cat-natur-og-dyreliv-i-groenland","11":"product_cat-oplevelser-i-groenland","12":"product_cat-ture-for-krydstogtgaester","13":"product_cat-ture-i-bestemte-omraader","14":"product_cat-ture-i-hver-by","15":"product_cat-ture-i-nuuk","16":"product_cat-vestgroenland","17":"product_tag-nuuk-da","18":"pa_activities-baadtur","19":"pa_activities-madsmagning","20":"pa_activities-fiskeri","21":"pa_activities-charterrede-ture","22":"pa_attractions-nuuk-fjord","23":"pa_attractions-qooqqut","24":"pa_available-month-juni","25":"pa_available-month-juli","26":"pa_available-month-august","27":"pa_available-month-september","28":"pa_destinations-nuuk","29":"pa_difficulty-let","30":"pa_duration-6-timer","31":"pa_tour-type-dagsture","32":"yith_shop_vendor-nuuk-water-taxi-da","33":"yith_booking_service-extra-hour-sailing-max-6-pax","35":"first","36":"instock","37":"virtual","38":"sold-individually","39":"purchasable","40":"product-type-booking"},"acf":[],"yoast_head":"<!-- This site is optimized with the Yoast SEO plugin v25.6 - https:\/\/yoast.com\/wordpress\/plugins\/seo\/ -->\n<title>Nak &amp; \u00c6d, Privat tur | Qooqqut Nuan | Nuuk | Guide to Greenland<\/title>\n<meta name=\"description\" content=\"F\u00f8rst skal du fiske i det arktiske hav og derefter slappe af i den fantastiske gr\u00f8nlandske natur, mens fisken bliver til et gourmetm\u00e5ltid, som du kan spise.\" \/>\n<meta name=\"robots\" content=\"index, follow, max-snippet:-1, max-image-preview:large, max-video-preview:-1\" \/>\n<link rel=\"canonical\" href=\"https:\/\/guidetogreenland.com\/da\/reserver-ferie-rejser\/nak-aed-privat-tur-qooqqut-nuan-nuuk\/\" \/>\n<meta property=\"og:locale\" content=\"da_DK\" \/>\n<meta property=\"og:type\" content=\"article\" \/>\n<meta property=\"og:title\" content=\"Nak &amp; \u00c6d, Privat tur | Qooqqut Nuan | Nuuk | Guide to Greenland\" \/>\n<meta property=\"og:description\" content=\"F\u00f8rst skal du fiske i det arktiske hav og derefter slappe af i den fantastiske gr\u00f8nlandske natur, mens fisken bliver til et gourmetm\u00e5ltid, som du kan spise.\" \/>\n<meta property=\"og:url\" content=\"https:\/\/guidetogreenland.com\/da\/reserver-ferie-rejser\/nak-aed-privat-tur-qooqqut-nuan-nuuk\/\" \/>\n<meta property=\"og:site_name\" content=\"Guide to Greenland\" \/>\n<meta property=\"article:modified_time\" content=\"2023-06-02T17:52:42+00:00\" \/>\n<meta property=\"og:image\" content=\"https:\/\/guidetogreenland.com\/wp-content\/uploads\/2020\/05\/private-catch-n-eat-qooqqut-nuan-nuuk-Guide-to-Greenland28.jpg\" \/>\n\t<meta property=\"og:image:width\" content=\"2217\" \/>\n\t<meta property=\"og:image:height\" content=\"1478\" \/>\n\t<meta property=\"og:image:type\" content=\"image\/jpeg\" \/>\n<meta name=\"twitter:card\" content=\"summary_large_image\" \/>\n<meta name=\"twitter:label1\" content=\"Estimeret l\u00e6setid\" \/>\n\t<meta name=\"twitter:data1\" content=\"2 minutter\" \/>\n<script type=\"application\/ld+json\" class=\"yoast-schema-graph\">{\"@context\":\"https:\/\/schema.org\",\"@graph\":[{\"@type\":\"WebPage\",\"@id\":\"https:\/\/guidetogreenland.com\/da\/reserver-ferie-rejser\/nak-aed-privat-tur-qooqqut-nuan-nuuk\/\",\"url\":\"https:\/\/guidetogreenland.com\/da\/reserver-ferie-rejser\/nak-aed-privat-tur-qooqqut-nuan-nuuk\/\",\"name\":\"Nak & \u00c6d, Privat tur | Qooqqut Nuan | Nuuk | Guide to Greenland\",\"isPartOf\":{\"@id\":\"https:\/\/guidetogreenland.com\/da\/#website\"},\"primaryImageOfPage\":{\"@id\":\"https:\/\/guidetogreenland.com\/da\/reserver-ferie-rejser\/nak-aed-privat-tur-qooqqut-nuan-nuuk\/#primaryimage\"},\"image\":{\"@id\":\"https:\/\/guidetogreenland.com\/da\/reserver-ferie-rejser\/nak-aed-privat-tur-qooqqut-nuan-nuuk\/#primaryimage\"},\"thumbnailUrl\":\"https:\/\/guidetogreenland.com\/wp-content\/uploads\/2020\/05\/private-catch-n-eat-qooqqut-nuan-nuuk-Guide-to-Greenland28.jpg\",\"datePublished\":\"2020-06-04T09:05:45+00:00\",\"dateModified\":\"2023-06-02T17:52:42+00:00\",\"description\":\"F\u00f8rst skal du fiske i det arktiske hav og derefter slappe af i den fantastiske gr\u00f8nlandske natur, mens fisken bliver til et gourmetm\u00e5ltid, som du kan spise.\",\"breadcrumb\":{\"@id\":\"https:\/\/guidetogreenland.com\/da\/reserver-ferie-rejser\/nak-aed-privat-tur-qooqqut-nuan-nuuk\/#breadcrumb\"},\"inLanguage\":\"da-DK\",\"potentialAction\":[{\"@type\":\"ReadAction\",\"target\":[\"https:\/\/guidetogreenland.com\/da\/reserver-ferie-rejser\/nak-aed-privat-tur-qooqqut-nuan-nuuk\/\"]}]},{\"@type\":\"ImageObject\",\"inLanguage\":\"da-DK\",\"@id\":\"https:\/\/guidetogreenland.com\/da\/reserver-ferie-rejser\/nak-aed-privat-tur-qooqqut-nuan-nuuk\/#primaryimage\",\"url\":\"https:\/\/guidetogreenland.com\/wp-content\/uploads\/2020\/05\/private-catch-n-eat-qooqqut-nuan-nuuk-Guide-to-Greenland28.jpg\",\"contentUrl\":\"https:\/\/guidetogreenland.com\/wp-content\/uploads\/2020\/05\/private-catch-n-eat-qooqqut-nuan-nuuk-Guide-to-Greenland28.jpg\",\"width\":2217,\"height\":1478},{\"@type\":\"BreadcrumbList\",\"@id\":\"https:\/\/guidetogreenland.com\/da\/reserver-ferie-rejser\/nak-aed-privat-tur-qooqqut-nuan-nuuk\/#breadcrumb\",\"itemListElement\":[{\"@type\":\"ListItem\",\"position\":1,\"name\":\"Home\",\"item\":\"https:\/\/guidetogreenland.com\/da\/\"},{\"@type\":\"ListItem\",\"position\":2,\"name\":\"Se alle ture\",\"item\":\"https:\/\/guidetogreenland.com\/da\/reserver-ferie-rejser\/\"},{\"@type\":\"ListItem\",\"position\":3,\"name\":\"Nak &#038; \u00c6d, Privat tur | Qooqqut Nuan | Nuuk\"}]},{\"@type\":\"WebSite\",\"@id\":\"https:\/\/guidetogreenland.com\/da\/#website\",\"url\":\"https:\/\/guidetogreenland.com\/da\/\",\"name\":\"Guide to Greenland\",\"description\":\"Largest selection of tours in Greenland\",\"potentialAction\":[{\"@type\":\"SearchAction\",\"target\":{\"@type\":\"EntryPoint\",\"urlTemplate\":\"https:\/\/guidetogreenland.com\/da\/?s={search_term_string}\"},\"query-input\":{\"@type\":\"PropertyValueSpecification\",\"valueRequired\":true,\"valueName\":\"search_term_string\"}}],\"inLanguage\":\"da-DK\"}]}<\/script>\n<!-- \/ Yoast SEO plugin. -->","yoast_head_json":{"title":"Nak & \u00c6d, Privat tur | Qooqqut Nuan | Nuuk | Guide to Greenland","description":"F\u00f8rst skal du fiske i det arktiske hav og derefter slappe af i den fantastiske gr\u00f8nlandske natur, mens fisken bliver til et gourmetm\u00e5ltid, som du kan spise.","robots":{"index":"index","follow":"follow","max-snippet":"max-snippet:-1","max-image-preview":"max-image-preview:large","max-video-preview":"max-video-preview:-1"},"canonical":"https:\/\/guidetogreenland.com\/da\/reserver-ferie-rejser\/nak-aed-privat-tur-qooqqut-nuan-nuuk\/","og_locale":"da_DK","og_type":"article","og_title":"Nak & \u00c6d, Privat tur | Qooqqut Nuan | Nuuk | Guide to Greenland","og_description":"F\u00f8rst skal du fiske i det arktiske hav og derefter slappe af i den fantastiske gr\u00f8nlandske natur, mens fisken bliver til et gourmetm\u00e5ltid, som du kan spise.","og_url":"https:\/\/guidetogreenland.com\/da\/reserver-ferie-rejser\/nak-aed-privat-tur-qooqqut-nuan-nuuk\/","og_site_name":"Guide to Greenland","article_modified_time":"2023-06-02T17:52:42+00:00","og_image":[{"width":2217,"height":1478,"url":"https:\/\/guidetogreenland.com\/wp-content\/uploads\/2020\/05\/private-catch-n-eat-qooqqut-nuan-nuuk-Guide-to-Greenland28.jpg","type":"image\/jpeg"}],"twitter_card":"summary_large_image","twitter_misc":{"Estimeret l\u00e6setid":"2 minutter"},"schema":{"@context":"https:\/\/schema.org","@graph":[{"@type":"WebPage","@id":"https:\/\/guidetogreenland.com\/da\/reserver-ferie-rejser\/nak-aed-privat-tur-qooqqut-nuan-nuuk\/","url":"https:\/\/guidetogreenland.com\/da\/reserver-ferie-rejser\/nak-aed-privat-tur-qooqqut-nuan-nuuk\/","name":"Nak & \u00c6d, Privat tur | Qooqqut Nuan | Nuuk | Guide to Greenland","isPartOf":{"@id":"https:\/\/guidetogreenland.com\/da\/#website"},"primaryImageOfPage":{"@id":"https:\/\/guidetogreenland.com\/da\/reserver-ferie-rejser\/nak-aed-privat-tur-qooqqut-nuan-nuuk\/#primaryimage"},"image":{"@id":"https:\/\/guidetogreenland.com\/da\/reserver-ferie-rejser\/nak-aed-privat-tur-qooqqut-nuan-nuuk\/#primaryimage"},"thumbnailUrl":"https:\/\/guidetogreenland.com\/wp-content\/uploads\/2020\/05\/private-catch-n-eat-qooqqut-nuan-nuuk-Guide-to-Greenland28.jpg","datePublished":"2020-06-04T09:05:45+00:00","dateModified":"2023-06-02T17:52:42+00:00","description":"F\u00f8rst skal du fiske i det arktiske hav og derefter slappe af i den fantastiske gr\u00f8nlandske natur, mens fisken bliver til et gourmetm\u00e5ltid, som du kan spise.","breadcrumb":{"@id":"https:\/\/guidetogreenland.com\/da\/reserver-ferie-rejser\/nak-aed-privat-tur-qooqqut-nuan-nuuk\/#breadcrumb"},"inLanguage":"da-DK","potentialAction":[{"@type":"ReadAction","target":["https:\/\/guidetogreenland.com\/da\/reserver-ferie-rejser\/nak-aed-privat-tur-qooqqut-nuan-nuuk\/"]}]},{"@type":"ImageObject","inLanguage":"da-DK","@id":"https:\/\/guidetogreenland.com\/da\/reserver-ferie-rejser\/nak-aed-privat-tur-qooqqut-nuan-nuuk\/#primaryimage","url":"https:\/\/guidetogreenland.com\/wp-content\/uploads\/2020\/05\/private-catch-n-eat-qooqqut-nuan-nuuk-Guide-to-Greenland28.jpg","contentUrl":"https:\/\/guidetogreenland.com\/wp-content\/uploads\/2020\/05\/private-catch-n-eat-qooqqut-nuan-nuuk-Guide-to-Greenland28.jpg","width":2217,"height":1478},{"@type":"BreadcrumbList","@id":"https:\/\/guidetogreenland.com\/da\/reserver-ferie-rejser\/nak-aed-privat-tur-qooqqut-nuan-nuuk\/#breadcrumb","itemListElement":[{"@type":"ListItem","position":1,"name":"Home","item":"https:\/\/guidetogreenland.com\/da\/"},{"@type":"ListItem","position":2,"name":"Se alle ture","item":"https:\/\/guidetogreenland.com\/da\/reserver-ferie-rejser\/"},{"@type":"ListItem","position":3,"name":"Nak &#038; \u00c6d, Privat tur | Qooqqut Nuan | Nuuk"}]},{"@type":"WebSite","@id":"https:\/\/guidetogreenland.com\/da\/#website","url":"https:\/\/guidetogreenland.com\/da\/","name":"Guide to Greenland","description":"Largest selection of tours in Greenland","potentialAction":[{"@type":"SearchAction","target":{"@type":"EntryPoint","urlTemplate":"https:\/\/guidetogreenland.com\/da\/?s={search_term_string}"},"query-input":{"@type":"PropertyValueSpecification","valueRequired":true,"valueName":"search_term_string"}}],"inLanguage":"da-DK"}]}},"_links":{"self":[{"href":"https:\/\/guidetogreenland.com\/da\/wp-json\/wp\/v2\/product\/15460","targetHints":{"allow":["GET"]}}],"collection":[{"href":"https:\/\/guidetogreenland.com\/da\/wp-json\/wp\/v2\/product"}],"about":[{"href":"https:\/\/guidetogreenland.com\/da\/wp-json\/wp\/v2\/types\/product"}],"replies":[{"embeddable":true,"href":"https:\/\/guidetogreenland.com\/da\/wp-json\/wp\/v2\/comments?post=15460"}],"wp:featuredmedia":[{"embeddable":true,"href":"https:\/\/guidetogreenland.com\/da\/wp-json\/wp\/v2\/media\/15462"}],"wp:attachment":[{"href":"https:\/\/guidetogreenland.com\/da\/wp-json\/wp\/v2\/media?parent=15460"}],"wp:term":[{"taxonomy":"product_brand","embeddable":true,"href":"https:\/\/guidetogreenland.com\/da\/wp-json\/wp\/v2\/product_brand?post=15460"},{"taxonomy":"product_cat","embeddable":true,"href":"https:\/\/guidetogreenland.com\/da\/wp-json\/wp\/v2\/product_cat?post=15460"},{"taxonomy":"product_tag","embeddable":true,"href":"https:\/\/guidetogreenland.com\/da\/wp-json\/wp\/v2\/product_tag?post=15460"}],"curies":[{"name":"wp","href":"https:\/\/api.w.org\/{rel}","templated":true}]}}