{"id":15492,"date":"2020-06-04T11:43:57","date_gmt":"2020-06-04T11:43:57","guid":{"rendered":"https:\/\/guidetogreenland.com\/book-trips-holiday\/private-deep-sea-fishing-tour-nuuk\/"},"modified":"2022-05-10T13:28:54","modified_gmt":"2022-05-10T16:28:54","slug":"privat-dybhavsfiskeri-nuuk","status":"publish","type":"product","link":"https:\/\/guidetogreenland.com\/da\/reserver-ferie-rejser\/privat-dybhavsfiskeri-nuuk\/","title":{"rendered":"Privat Dybhavsfiskeri | Nuuk"},"content":{"rendered":"<p class=\"x-18pep25\">Oplev gl\u00e6den og oplevelsen ved at fange din egen aftensmad med denne dybhavsfiskeri tur. Oplev at fiske i det dybe hav og majest\u00e6tisk floder eller fang krabber i s\u00f8er i Nuuk&#8217;s fjorde. Fjorderene er fyldt med forskellige arter fisk alt efter \u00e5rstiden. I havet lever torsk, \u00f8rred og ammas\u00e6tter (en lille fisk der bliver fanget med net). Lad den arktiske vind flyve mellem dine fingre, mens du l\u00e6rer kunsten ved at fiske.<\/p>\n<p class=\"e1imf5dp0 x-jm2771\">I dit og dine medrejsendes tilstedev\u00e6relse, vil pukkelhvalerne lege gemmeleg mellem b\u00f8lgerne. I sommer s\u00e6sonen er der mange ammas\u00e6tter, og sidst i s\u00e6sonen mange torsk og \u00f8rred. N<span class=\"x-12abj6v e1uuu2lt3\">uuk Water Taxi str\u00e6ber efter at udfylde dine \u00f8nsker, om det er at fiske med langline eller fiskestang i havet, fisk i store floder eller fang krabber i s\u00f8er. Denne tur foreg\u00e5r p\u00e5 en b\u00e5d &#8220;Ice Force One&#8221; &#8211; en Targa 25.1, lavet specielt til de gr\u00f8nlandske hav, som kan v\u00e6re fyldt med pakis. B\u00e5den er bygget til at modst\u00e5 is og barske vejrforhold, som kan h\u00e6nde.<\/span><\/p>\n<p class=\"e1imf5dp0 x-jm2771\">Hold fast i din hue og medbring din fiskestang til denne dybhavsfiskeri oplevelse. Check booking tilg\u00e6ngeligheden ved at trykke p\u00e5 &#8216;V\u00e6lg dato&#8217; ovenover.<\/p>\n","protected":false},"excerpt":{"rendered":"Oplev gl\u00e6den og oplevelsen ved at fange din egen aftensmad med denne dybhavsfiskeri tur. Oplev at fiske i det dybe hav og majest\u00e6tisk floder eller fang krabber i s\u00f8er i Nuuk&#8217;s fjorde. Fjorderene er fyldt med forskellige arter fisk alt efter \u00e5rstiden. I havet lever torsk, \u00f8rred og ammas\u00e6tter (en lille fisk der bliver fanget&#8230;","protected":false},"featured_media":15494,"comment_status":"open","ping_status":"closed","template":"","meta":[],"product_brand":[],"product_cat":[594,621,605,613,612,593,634,627,643,652,633],"product_tag":[893],"class_list":{"0":"post-15492","1":"product","2":"type-product","3":"status-publish","4":"has-post-thumbnail","6":"product_cat-baadture","7":"product_cat-charterture","8":"product_cat-dagsture-om-sommeren","9":"product_cat-fisketure","10":"product_cat-natur-og-dyreliv-i-groenland","11":"product_cat-oplevelser-i-groenland","12":"product_cat-ture-for-krydstogtgaester","13":"product_cat-ture-i-bestemte-omraader","14":"product_cat-ture-i-hver-by","15":"product_cat-ture-i-nuuk","16":"product_cat-vestgroenland","17":"product_tag-nuuk-da","18":"pa_activities-baadtur","19":"pa_activities-fiskeri","20":"pa_activities-charterrede-ture","21":"pa_attractions-nuuk-fjord","22":"pa_available-month-januar","23":"pa_available-month-februar","24":"pa_available-month-marts","25":"pa_available-month-april","26":"pa_available-month-maj","27":"pa_available-month-juni","28":"pa_available-month-juli","29":"pa_available-month-august","30":"pa_available-month-september","31":"pa_available-month-oktober","32":"pa_available-month-november","33":"pa_available-month-december","34":"pa_destinations-nuuk","35":"pa_difficulty-let","36":"pa_duration-3-timer","37":"pa_tour-type-dagsture","38":"yith_shop_vendor-nuuk-water-taxi-da","40":"first","41":"instock","42":"virtual","43":"sold-individually","44":"purchasable","45":"product-type-booking"},"acf":[],"yoast_head":"<!-- This site is optimized with the Yoast SEO plugin v25.6 - https:\/\/yoast.com\/wordpress\/plugins\/seo\/ -->\n<title>Privat Dybhavsfiskeri | Nuuk | Guide to Greenland<\/title>\n<meta name=\"description\" content=\"Denne tur giver dig mulighed for at fiske med vores udstyr, s\u00e5 du kan fokusere p\u00e5 at fange din egen middag. En dejlig kulinarisk arktisk havoplevelse.\" \/>\n<meta name=\"robots\" content=\"index, follow, max-snippet:-1, max-image-preview:large, max-video-preview:-1\" \/>\n<link rel=\"canonical\" href=\"https:\/\/guidetogreenland.com\/da\/reserver-ferie-rejser\/privat-dybhavsfiskeri-nuuk\/\" \/>\n<meta property=\"og:locale\" content=\"da_DK\" \/>\n<meta property=\"og:type\" content=\"article\" \/>\n<meta property=\"og:title\" content=\"Privat Dybhavsfiskeri | Nuuk | Guide to Greenland\" \/>\n<meta property=\"og:description\" content=\"Denne tur giver dig mulighed for at fiske med vores udstyr, s\u00e5 du kan fokusere p\u00e5 at fange din egen middag. En dejlig kulinarisk arktisk havoplevelse.\" \/>\n<meta property=\"og:url\" content=\"https:\/\/guidetogreenland.com\/da\/reserver-ferie-rejser\/privat-dybhavsfiskeri-nuuk\/\" \/>\n<meta property=\"og:site_name\" content=\"Guide to Greenland\" \/>\n<meta property=\"article:modified_time\" content=\"2022-05-10T16:28:54+00:00\" \/>\n<meta property=\"og:image\" content=\"https:\/\/guidetogreenland.com\/wp-content\/uploads\/2020\/05\/private-deep-sea-fishing-tour-nuuk-Guide-to-Greenland11.jpeg\" \/>\n\t<meta property=\"og:image:width\" content=\"1535\" \/>\n\t<meta property=\"og:image:height\" content=\"1380\" \/>\n\t<meta property=\"og:image:type\" content=\"image\/jpeg\" \/>\n<meta name=\"twitter:card\" content=\"summary_large_image\" \/>\n<meta name=\"twitter:label1\" content=\"Estimeret l\u00e6setid\" \/>\n\t<meta name=\"twitter:data1\" content=\"1 minut\" \/>\n<script type=\"application\/ld+json\" class=\"yoast-schema-graph\">{\"@context\":\"https:\/\/schema.org\",\"@graph\":[{\"@type\":\"WebPage\",\"@id\":\"https:\/\/guidetogreenland.com\/da\/reserver-ferie-rejser\/privat-dybhavsfiskeri-nuuk\/\",\"url\":\"https:\/\/guidetogreenland.com\/da\/reserver-ferie-rejser\/privat-dybhavsfiskeri-nuuk\/\",\"name\":\"Privat Dybhavsfiskeri | Nuuk | Guide to Greenland\",\"isPartOf\":{\"@id\":\"https:\/\/guidetogreenland.com\/da\/#website\"},\"primaryImageOfPage\":{\"@id\":\"https:\/\/guidetogreenland.com\/da\/reserver-ferie-rejser\/privat-dybhavsfiskeri-nuuk\/#primaryimage\"},\"image\":{\"@id\":\"https:\/\/guidetogreenland.com\/da\/reserver-ferie-rejser\/privat-dybhavsfiskeri-nuuk\/#primaryimage\"},\"thumbnailUrl\":\"https:\/\/guidetogreenland.com\/wp-content\/uploads\/2020\/05\/private-deep-sea-fishing-tour-nuuk-Guide-to-Greenland11.jpeg\",\"datePublished\":\"2020-06-04T11:43:57+00:00\",\"dateModified\":\"2022-05-10T16:28:54+00:00\",\"description\":\"Denne tur giver dig mulighed for at fiske med vores udstyr, s\u00e5 du kan fokusere p\u00e5 at fange din egen middag. En dejlig kulinarisk arktisk havoplevelse.\",\"breadcrumb\":{\"@id\":\"https:\/\/guidetogreenland.com\/da\/reserver-ferie-rejser\/privat-dybhavsfiskeri-nuuk\/#breadcrumb\"},\"inLanguage\":\"da-DK\",\"potentialAction\":[{\"@type\":\"ReadAction\",\"target\":[\"https:\/\/guidetogreenland.com\/da\/reserver-ferie-rejser\/privat-dybhavsfiskeri-nuuk\/\"]}]},{\"@type\":\"ImageObject\",\"inLanguage\":\"da-DK\",\"@id\":\"https:\/\/guidetogreenland.com\/da\/reserver-ferie-rejser\/privat-dybhavsfiskeri-nuuk\/#primaryimage\",\"url\":\"https:\/\/guidetogreenland.com\/wp-content\/uploads\/2020\/05\/private-deep-sea-fishing-tour-nuuk-Guide-to-Greenland11.jpeg\",\"contentUrl\":\"https:\/\/guidetogreenland.com\/wp-content\/uploads\/2020\/05\/private-deep-sea-fishing-tour-nuuk-Guide-to-Greenland11.jpeg\",\"width\":1535,\"height\":1380},{\"@type\":\"BreadcrumbList\",\"@id\":\"https:\/\/guidetogreenland.com\/da\/reserver-ferie-rejser\/privat-dybhavsfiskeri-nuuk\/#breadcrumb\",\"itemListElement\":[{\"@type\":\"ListItem\",\"position\":1,\"name\":\"Home\",\"item\":\"https:\/\/guidetogreenland.com\/da\/\"},{\"@type\":\"ListItem\",\"position\":2,\"name\":\"Se alle ture\",\"item\":\"https:\/\/guidetogreenland.com\/da\/reserver-ferie-rejser\/\"},{\"@type\":\"ListItem\",\"position\":3,\"name\":\"Privat Dybhavsfiskeri | Nuuk\"}]},{\"@type\":\"WebSite\",\"@id\":\"https:\/\/guidetogreenland.com\/da\/#website\",\"url\":\"https:\/\/guidetogreenland.com\/da\/\",\"name\":\"Guide to Greenland\",\"description\":\"Largest selection of tours in Greenland\",\"potentialAction\":[{\"@type\":\"SearchAction\",\"target\":{\"@type\":\"EntryPoint\",\"urlTemplate\":\"https:\/\/guidetogreenland.com\/da\/?s={search_term_string}\"},\"query-input\":{\"@type\":\"PropertyValueSpecification\",\"valueRequired\":true,\"valueName\":\"search_term_string\"}}],\"inLanguage\":\"da-DK\"}]}<\/script>\n<!-- \/ Yoast SEO plugin. -->","yoast_head_json":{"title":"Privat Dybhavsfiskeri | Nuuk | Guide to Greenland","description":"Denne tur giver dig mulighed for at fiske med vores udstyr, s\u00e5 du kan fokusere p\u00e5 at fange din egen middag. En dejlig kulinarisk arktisk havoplevelse.","robots":{"index":"index","follow":"follow","max-snippet":"max-snippet:-1","max-image-preview":"max-image-preview:large","max-video-preview":"max-video-preview:-1"},"canonical":"https:\/\/guidetogreenland.com\/da\/reserver-ferie-rejser\/privat-dybhavsfiskeri-nuuk\/","og_locale":"da_DK","og_type":"article","og_title":"Privat Dybhavsfiskeri | Nuuk | Guide to Greenland","og_description":"Denne tur giver dig mulighed for at fiske med vores udstyr, s\u00e5 du kan fokusere p\u00e5 at fange din egen middag. En dejlig kulinarisk arktisk havoplevelse.","og_url":"https:\/\/guidetogreenland.com\/da\/reserver-ferie-rejser\/privat-dybhavsfiskeri-nuuk\/","og_site_name":"Guide to Greenland","article_modified_time":"2022-05-10T16:28:54+00:00","og_image":[{"width":1535,"height":1380,"url":"https:\/\/guidetogreenland.com\/wp-content\/uploads\/2020\/05\/private-deep-sea-fishing-tour-nuuk-Guide-to-Greenland11.jpeg","type":"image\/jpeg"}],"twitter_card":"summary_large_image","twitter_misc":{"Estimeret l\u00e6setid":"1 minut"},"schema":{"@context":"https:\/\/schema.org","@graph":[{"@type":"WebPage","@id":"https:\/\/guidetogreenland.com\/da\/reserver-ferie-rejser\/privat-dybhavsfiskeri-nuuk\/","url":"https:\/\/guidetogreenland.com\/da\/reserver-ferie-rejser\/privat-dybhavsfiskeri-nuuk\/","name":"Privat Dybhavsfiskeri | Nuuk | Guide to Greenland","isPartOf":{"@id":"https:\/\/guidetogreenland.com\/da\/#website"},"primaryImageOfPage":{"@id":"https:\/\/guidetogreenland.com\/da\/reserver-ferie-rejser\/privat-dybhavsfiskeri-nuuk\/#primaryimage"},"image":{"@id":"https:\/\/guidetogreenland.com\/da\/reserver-ferie-rejser\/privat-dybhavsfiskeri-nuuk\/#primaryimage"},"thumbnailUrl":"https:\/\/guidetogreenland.com\/wp-content\/uploads\/2020\/05\/private-deep-sea-fishing-tour-nuuk-Guide-to-Greenland11.jpeg","datePublished":"2020-06-04T11:43:57+00:00","dateModified":"2022-05-10T16:28:54+00:00","description":"Denne tur giver dig mulighed for at fiske med vores udstyr, s\u00e5 du kan fokusere p\u00e5 at fange din egen middag. En dejlig kulinarisk arktisk havoplevelse.","breadcrumb":{"@id":"https:\/\/guidetogreenland.com\/da\/reserver-ferie-rejser\/privat-dybhavsfiskeri-nuuk\/#breadcrumb"},"inLanguage":"da-DK","potentialAction":[{"@type":"ReadAction","target":["https:\/\/guidetogreenland.com\/da\/reserver-ferie-rejser\/privat-dybhavsfiskeri-nuuk\/"]}]},{"@type":"ImageObject","inLanguage":"da-DK","@id":"https:\/\/guidetogreenland.com\/da\/reserver-ferie-rejser\/privat-dybhavsfiskeri-nuuk\/#primaryimage","url":"https:\/\/guidetogreenland.com\/wp-content\/uploads\/2020\/05\/private-deep-sea-fishing-tour-nuuk-Guide-to-Greenland11.jpeg","contentUrl":"https:\/\/guidetogreenland.com\/wp-content\/uploads\/2020\/05\/private-deep-sea-fishing-tour-nuuk-Guide-to-Greenland11.jpeg","width":1535,"height":1380},{"@type":"BreadcrumbList","@id":"https:\/\/guidetogreenland.com\/da\/reserver-ferie-rejser\/privat-dybhavsfiskeri-nuuk\/#breadcrumb","itemListElement":[{"@type":"ListItem","position":1,"name":"Home","item":"https:\/\/guidetogreenland.com\/da\/"},{"@type":"ListItem","position":2,"name":"Se alle ture","item":"https:\/\/guidetogreenland.com\/da\/reserver-ferie-rejser\/"},{"@type":"ListItem","position":3,"name":"Privat Dybhavsfiskeri | Nuuk"}]},{"@type":"WebSite","@id":"https:\/\/guidetogreenland.com\/da\/#website","url":"https:\/\/guidetogreenland.com\/da\/","name":"Guide to Greenland","description":"Largest selection of tours in Greenland","potentialAction":[{"@type":"SearchAction","target":{"@type":"EntryPoint","urlTemplate":"https:\/\/guidetogreenland.com\/da\/?s={search_term_string}"},"query-input":{"@type":"PropertyValueSpecification","valueRequired":true,"valueName":"search_term_string"}}],"inLanguage":"da-DK"}]}},"_links":{"self":[{"href":"https:\/\/guidetogreenland.com\/da\/wp-json\/wp\/v2\/product\/15492","targetHints":{"allow":["GET"]}}],"collection":[{"href":"https:\/\/guidetogreenland.com\/da\/wp-json\/wp\/v2\/product"}],"about":[{"href":"https:\/\/guidetogreenland.com\/da\/wp-json\/wp\/v2\/types\/product"}],"replies":[{"embeddable":true,"href":"https:\/\/guidetogreenland.com\/da\/wp-json\/wp\/v2\/comments?post=15492"}],"wp:featuredmedia":[{"embeddable":true,"href":"https:\/\/guidetogreenland.com\/da\/wp-json\/wp\/v2\/media\/15494"}],"wp:attachment":[{"href":"https:\/\/guidetogreenland.com\/da\/wp-json\/wp\/v2\/media?parent=15492"}],"wp:term":[{"taxonomy":"product_brand","embeddable":true,"href":"https:\/\/guidetogreenland.com\/da\/wp-json\/wp\/v2\/product_brand?post=15492"},{"taxonomy":"product_cat","embeddable":true,"href":"https:\/\/guidetogreenland.com\/da\/wp-json\/wp\/v2\/product_cat?post=15492"},{"taxonomy":"product_tag","embeddable":true,"href":"https:\/\/guidetogreenland.com\/da\/wp-json\/wp\/v2\/product_tag?post=15492"}],"curies":[{"name":"wp","href":"https:\/\/api.w.org\/{rel}","templated":true}]}}