{"id":15518,"date":"2020-06-08T13:38:47","date_gmt":"2020-06-08T13:38:47","guid":{"rendered":"https:\/\/guidetogreenland.com\/book-trips-holiday\/private-qoornoq-island-adventure-nuuk\/"},"modified":"2025-12-19T03:22:51","modified_gmt":"2025-12-19T06:22:51","slug":"privat-qoornoq-oe-eventyr-nuuk","status":"publish","type":"product","link":"https:\/\/guidetogreenland.com\/da\/reserver-ferie-rejser\/privattur-til-qoornoq-o-nuuk\/","title":{"rendered":"Privattur til Qoornoq \u00d8 | Nuuk"},"content":{"rendered":"<p class=\"x-18pep25\">Kom med p\u00e5 dette eventyr til den smukke \u00f8 Qoornoq. Denne tur kombinerer sejllads med at opleve den vidunderlige gr\u00f8nlandske natur, der tager pusten fra enhver gennemrejsende.\u00a0 Sammen s\u00e6tter vi kursen mod de komplekse fjordsystem, hvor vi passerer den ikoniske Sermitsiaq bjerg, hvor vi vil have mulighed for at stoppe en kort stund for at nyde det smukke vandfald. Vandfaldet dannes af det efterladte sne fra vinteren, der stille finder sin vej ned af bjergsiden.<\/p>\n<p class=\"x-18pep25\">P\u00e5 vejen til Qoornoq vil vi sejle gennem is-pakkede passager af isbjerge i forskellige st\u00f8rrelser og former. En helt unik oplevelse at se de bl\u00e5 og hvide nuancer af isen, der stammer fra en gletsjer l\u00e6ngere inde i fjorden. Se hvordan solen reflekterer perfekt hen over vandoverfladen og danner sm\u00e5 krystaller p\u00e5 isklumperne. Hvis du er heldig, vil du m\u00e5ske have den store \u00e6re at v\u00e6re i selskab med de gigantiske pattedyr, den mest sete hval omkring Nuuk er den rolige pukkelhval.<\/span><\/p>\n<p class=\"x-18pep25\">Kun 50 kilometer fra Nuuk, ligger Qoornoq \u00f8 omringet af smuk natur der danner et idyllisk billede af et par huse placeret rundt p\u00e5 \u00f8en. Vi vil g\u00e5 i land og g\u00e5 rundt i det smukke omr\u00e5de, med en smuk udsigt til bugten. \u00d8en er blandt andet kendt under navnet &#8216;Bj\u00f8rne\u00f8en&#8217;, da \u00f8ens form minder om en bj\u00f8rn, set fra luften. Nyd dine omgivelser og den rolige atmosf\u00e6re der pr\u00e6ger stedet, mens du kan n\u00e6rstudere det arktiske flora rundt omkring p\u00e5 \u00f8en.<\/p>\n<p class=\"x-18pep25\">Denne tur er for alle der \u00f8nsker at opleve mest muligt, n\u00e5r de er i Nuuk. Se tilg\u00e6ngeligheden ved at trykke p\u00e5 &#8216;V\u00e6lg en dag&#8217; og book din tur i dag.<\/p>\n","protected":false},"excerpt":{"rendered":"Kom med p\u00e5 dette eventyr til den smukke \u00f8 Qoornoq. Denne tur kombinerer sejllads med at opleve den vidunderlige gr\u00f8nlandske natur, der tager pusten fra enhver gennemrejsende.\u00a0 Sammen s\u00e6tter vi kursen mod de komplekse fjordsystem, hvor vi passerer den ikoniske Sermitsiaq bjerg, hvor vi vil have mulighed for at stoppe en kort stund for at&#8230;","protected":false},"featured_media":44132,"comment_status":"open","ping_status":"closed","template":"","meta":[],"product_brand":[],"product_cat":[594,621,605,606,593,634,627,643,652,633],"product_tag":[893],"class_list":{"0":"post-15518","1":"product","2":"type-product","3":"status-publish","4":"has-post-thumbnail","6":"product_cat-baadture","7":"product_cat-charterture","8":"product_cat-dagsture-om-sommeren","9":"product_cat-dagsture-om-vinteren","10":"product_cat-oplevelser-i-groenland","11":"product_cat-ture-for-krydstogtgaester","12":"product_cat-ture-i-bestemte-omraader","13":"product_cat-ture-i-hver-by","14":"product_cat-ture-i-nuuk","15":"product_cat-vestgroenland","16":"product_tag-nuuk-da","17":"pa_activities-baadtur","18":"pa_activities-charterrede-ture","19":"pa_attractions-nuuk-fjord","20":"pa_attractions-qoornoq","21":"pa_attractions-vikinge-ruiner","22":"pa_available-month-januar","23":"pa_available-month-februar","24":"pa_available-month-marts","25":"pa_available-month-april","26":"pa_available-month-maj","27":"pa_available-month-juni","28":"pa_available-month-juli","29":"pa_available-month-august","30":"pa_available-month-september","31":"pa_available-month-oktober","32":"pa_available-month-november","33":"pa_available-month-december","34":"pa_destinations-nuuk","35":"pa_difficulty-let","36":"pa_duration-4-timer","37":"pa_tour-type-dagsture","38":"yith_shop_vendor-nuuk-water-taxi-da","40":"first","41":"instock","42":"virtual","43":"sold-individually","44":"purchasable","45":"product-type-booking"},"acf":[],"yoast_head":"<!-- This site is optimized with the Yoast SEO plugin v25.6 - https:\/\/yoast.com\/wordpress\/plugins\/seo\/ -->\n<title>Privattur til Qoornoq \u00d8 | Nuuk | Guide to Greenland<\/title>\n<meta name=\"robots\" content=\"index, follow, max-snippet:-1, max-image-preview:large, max-video-preview:-1\" \/>\n<link rel=\"canonical\" href=\"https:\/\/guidetogreenland.com\/da\/reserver-ferie-rejser\/privattur-til-qoornoq-o-nuuk\/\" \/>\n<meta property=\"og:locale\" content=\"da_DK\" \/>\n<meta property=\"og:type\" content=\"article\" \/>\n<meta property=\"og:title\" content=\"Privattur til Qoornoq \u00d8 | Nuuk | Guide to Greenland\" \/>\n<meta property=\"og:description\" content=\"Kom med p\u00e5 dette eventyr til den smukke \u00f8 Qoornoq. Denne tur kombinerer sejllads med at opleve den vidunderlige gr\u00f8nlandske natur, der tager pusten fra enhver gennemrejsende.\u00a0 Sammen s\u00e6tter vi kursen mod de komplekse fjordsystem, hvor vi passerer den ikoniske Sermitsiaq bjerg, hvor vi vil have mulighed for at stoppe en kort stund for at...\" \/>\n<meta property=\"og:url\" content=\"https:\/\/guidetogreenland.com\/da\/reserver-ferie-rejser\/privattur-til-qoornoq-o-nuuk\/\" \/>\n<meta property=\"og:site_name\" content=\"Guide to Greenland\" \/>\n<meta property=\"article:modified_time\" content=\"2025-12-19T06:22:51+00:00\" \/>\n<meta property=\"og:image\" content=\"https:\/\/guidetogreenland.com\/wp-content\/uploads\/2020\/05\/Private-Qoornoq-Island-Adventure-Nuuk-Guide-to-Greenland1.jpg\" \/>\n\t<meta property=\"og:image:width\" content=\"984\" \/>\n\t<meta property=\"og:image:height\" content=\"656\" \/>\n\t<meta property=\"og:image:type\" content=\"image\/jpeg\" \/>\n<meta name=\"twitter:card\" content=\"summary_large_image\" \/>\n<meta name=\"twitter:label1\" content=\"Estimeret l\u00e6setid\" \/>\n\t<meta name=\"twitter:data1\" content=\"2 minutter\" \/>\n<script type=\"application\/ld+json\" class=\"yoast-schema-graph\">{\"@context\":\"https:\/\/schema.org\",\"@graph\":[{\"@type\":\"WebPage\",\"@id\":\"https:\/\/guidetogreenland.com\/da\/reserver-ferie-rejser\/privattur-til-qoornoq-o-nuuk\/\",\"url\":\"https:\/\/guidetogreenland.com\/da\/reserver-ferie-rejser\/privattur-til-qoornoq-o-nuuk\/\",\"name\":\"Privattur til Qoornoq \u00d8 | Nuuk | Guide to Greenland\",\"isPartOf\":{\"@id\":\"https:\/\/guidetogreenland.com\/da\/#website\"},\"primaryImageOfPage\":{\"@id\":\"https:\/\/guidetogreenland.com\/da\/reserver-ferie-rejser\/privattur-til-qoornoq-o-nuuk\/#primaryimage\"},\"image\":{\"@id\":\"https:\/\/guidetogreenland.com\/da\/reserver-ferie-rejser\/privattur-til-qoornoq-o-nuuk\/#primaryimage\"},\"thumbnailUrl\":\"https:\/\/guidetogreenland.com\/wp-content\/uploads\/2020\/05\/The-colourful-houses-of-Qoornoq-on-a-boat-tour-to-the-Nuuk-Icefjord-summer-Guide-to-Greenland-scaled.jpg\",\"datePublished\":\"2020-06-08T13:38:47+00:00\",\"dateModified\":\"2025-12-19T06:22:51+00:00\",\"breadcrumb\":{\"@id\":\"https:\/\/guidetogreenland.com\/da\/reserver-ferie-rejser\/privattur-til-qoornoq-o-nuuk\/#breadcrumb\"},\"inLanguage\":\"da-DK\",\"potentialAction\":[{\"@type\":\"ReadAction\",\"target\":[\"https:\/\/guidetogreenland.com\/da\/reserver-ferie-rejser\/privattur-til-qoornoq-o-nuuk\/\"]}]},{\"@type\":\"ImageObject\",\"inLanguage\":\"da-DK\",\"@id\":\"https:\/\/guidetogreenland.com\/da\/reserver-ferie-rejser\/privattur-til-qoornoq-o-nuuk\/#primaryimage\",\"url\":\"https:\/\/guidetogreenland.com\/wp-content\/uploads\/2020\/05\/The-colourful-houses-of-Qoornoq-on-a-boat-tour-to-the-Nuuk-Icefjord-summer-Guide-to-Greenland-scaled.jpg\",\"contentUrl\":\"https:\/\/guidetogreenland.com\/wp-content\/uploads\/2020\/05\/The-colourful-houses-of-Qoornoq-on-a-boat-tour-to-the-Nuuk-Icefjord-summer-Guide-to-Greenland-scaled.jpg\",\"width\":2560,\"height\":1707,\"caption\":\"Some of the colourful houses of Qoornoq\"},{\"@type\":\"BreadcrumbList\",\"@id\":\"https:\/\/guidetogreenland.com\/da\/reserver-ferie-rejser\/privattur-til-qoornoq-o-nuuk\/#breadcrumb\",\"itemListElement\":[{\"@type\":\"ListItem\",\"position\":1,\"name\":\"Home\",\"item\":\"https:\/\/guidetogreenland.com\/da\/\"},{\"@type\":\"ListItem\",\"position\":2,\"name\":\"Se alle ture\",\"item\":\"https:\/\/guidetogreenland.com\/da\/reserver-ferie-rejser\/\"},{\"@type\":\"ListItem\",\"position\":3,\"name\":\"Privattur til Qoornoq \u00d8 | Nuuk\"}]},{\"@type\":\"WebSite\",\"@id\":\"https:\/\/guidetogreenland.com\/da\/#website\",\"url\":\"https:\/\/guidetogreenland.com\/da\/\",\"name\":\"Guide to Greenland\",\"description\":\"Largest selection of tours in Greenland\",\"potentialAction\":[{\"@type\":\"SearchAction\",\"target\":{\"@type\":\"EntryPoint\",\"urlTemplate\":\"https:\/\/guidetogreenland.com\/da\/?s={search_term_string}\"},\"query-input\":{\"@type\":\"PropertyValueSpecification\",\"valueRequired\":true,\"valueName\":\"search_term_string\"}}],\"inLanguage\":\"da-DK\"}]}<\/script>\n<!-- \/ Yoast SEO plugin. -->","yoast_head_json":{"title":"Privattur til Qoornoq \u00d8 | Nuuk | Guide to Greenland","robots":{"index":"index","follow":"follow","max-snippet":"max-snippet:-1","max-image-preview":"max-image-preview:large","max-video-preview":"max-video-preview:-1"},"canonical":"https:\/\/guidetogreenland.com\/da\/reserver-ferie-rejser\/privattur-til-qoornoq-o-nuuk\/","og_locale":"da_DK","og_type":"article","og_title":"Privattur til Qoornoq \u00d8 | Nuuk | Guide to Greenland","og_description":"Kom med p\u00e5 dette eventyr til den smukke \u00f8 Qoornoq. Denne tur kombinerer sejllads med at opleve den vidunderlige gr\u00f8nlandske natur, der tager pusten fra enhver gennemrejsende.\u00a0 Sammen s\u00e6tter vi kursen mod de komplekse fjordsystem, hvor vi passerer den ikoniske Sermitsiaq bjerg, hvor vi vil have mulighed for at stoppe en kort stund for at...","og_url":"https:\/\/guidetogreenland.com\/da\/reserver-ferie-rejser\/privattur-til-qoornoq-o-nuuk\/","og_site_name":"Guide to Greenland","article_modified_time":"2025-12-19T06:22:51+00:00","og_image":[{"width":984,"height":656,"url":"https:\/\/guidetogreenland.com\/wp-content\/uploads\/2020\/05\/Private-Qoornoq-Island-Adventure-Nuuk-Guide-to-Greenland1.jpg","type":"image\/jpeg"}],"twitter_card":"summary_large_image","twitter_misc":{"Estimeret l\u00e6setid":"2 minutter"},"schema":{"@context":"https:\/\/schema.org","@graph":[{"@type":"WebPage","@id":"https:\/\/guidetogreenland.com\/da\/reserver-ferie-rejser\/privattur-til-qoornoq-o-nuuk\/","url":"https:\/\/guidetogreenland.com\/da\/reserver-ferie-rejser\/privattur-til-qoornoq-o-nuuk\/","name":"Privattur til Qoornoq \u00d8 | Nuuk | Guide to Greenland","isPartOf":{"@id":"https:\/\/guidetogreenland.com\/da\/#website"},"primaryImageOfPage":{"@id":"https:\/\/guidetogreenland.com\/da\/reserver-ferie-rejser\/privattur-til-qoornoq-o-nuuk\/#primaryimage"},"image":{"@id":"https:\/\/guidetogreenland.com\/da\/reserver-ferie-rejser\/privattur-til-qoornoq-o-nuuk\/#primaryimage"},"thumbnailUrl":"https:\/\/guidetogreenland.com\/wp-content\/uploads\/2020\/05\/The-colourful-houses-of-Qoornoq-on-a-boat-tour-to-the-Nuuk-Icefjord-summer-Guide-to-Greenland-scaled.jpg","datePublished":"2020-06-08T13:38:47+00:00","dateModified":"2025-12-19T06:22:51+00:00","breadcrumb":{"@id":"https:\/\/guidetogreenland.com\/da\/reserver-ferie-rejser\/privattur-til-qoornoq-o-nuuk\/#breadcrumb"},"inLanguage":"da-DK","potentialAction":[{"@type":"ReadAction","target":["https:\/\/guidetogreenland.com\/da\/reserver-ferie-rejser\/privattur-til-qoornoq-o-nuuk\/"]}]},{"@type":"ImageObject","inLanguage":"da-DK","@id":"https:\/\/guidetogreenland.com\/da\/reserver-ferie-rejser\/privattur-til-qoornoq-o-nuuk\/#primaryimage","url":"https:\/\/guidetogreenland.com\/wp-content\/uploads\/2020\/05\/The-colourful-houses-of-Qoornoq-on-a-boat-tour-to-the-Nuuk-Icefjord-summer-Guide-to-Greenland-scaled.jpg","contentUrl":"https:\/\/guidetogreenland.com\/wp-content\/uploads\/2020\/05\/The-colourful-houses-of-Qoornoq-on-a-boat-tour-to-the-Nuuk-Icefjord-summer-Guide-to-Greenland-scaled.jpg","width":2560,"height":1707,"caption":"Some of the colourful houses of Qoornoq"},{"@type":"BreadcrumbList","@id":"https:\/\/guidetogreenland.com\/da\/reserver-ferie-rejser\/privattur-til-qoornoq-o-nuuk\/#breadcrumb","itemListElement":[{"@type":"ListItem","position":1,"name":"Home","item":"https:\/\/guidetogreenland.com\/da\/"},{"@type":"ListItem","position":2,"name":"Se alle ture","item":"https:\/\/guidetogreenland.com\/da\/reserver-ferie-rejser\/"},{"@type":"ListItem","position":3,"name":"Privattur til Qoornoq \u00d8 | Nuuk"}]},{"@type":"WebSite","@id":"https:\/\/guidetogreenland.com\/da\/#website","url":"https:\/\/guidetogreenland.com\/da\/","name":"Guide to Greenland","description":"Largest selection of tours in Greenland","potentialAction":[{"@type":"SearchAction","target":{"@type":"EntryPoint","urlTemplate":"https:\/\/guidetogreenland.com\/da\/?s={search_term_string}"},"query-input":{"@type":"PropertyValueSpecification","valueRequired":true,"valueName":"search_term_string"}}],"inLanguage":"da-DK"}]}},"_links":{"self":[{"href":"https:\/\/guidetogreenland.com\/da\/wp-json\/wp\/v2\/product\/15518","targetHints":{"allow":["GET"]}}],"collection":[{"href":"https:\/\/guidetogreenland.com\/da\/wp-json\/wp\/v2\/product"}],"about":[{"href":"https:\/\/guidetogreenland.com\/da\/wp-json\/wp\/v2\/types\/product"}],"replies":[{"embeddable":true,"href":"https:\/\/guidetogreenland.com\/da\/wp-json\/wp\/v2\/comments?post=15518"}],"wp:featuredmedia":[{"embeddable":true,"href":"https:\/\/guidetogreenland.com\/da\/wp-json\/wp\/v2\/media\/44132"}],"wp:attachment":[{"href":"https:\/\/guidetogreenland.com\/da\/wp-json\/wp\/v2\/media?parent=15518"}],"wp:term":[{"taxonomy":"product_brand","embeddable":true,"href":"https:\/\/guidetogreenland.com\/da\/wp-json\/wp\/v2\/product_brand?post=15518"},{"taxonomy":"product_cat","embeddable":true,"href":"https:\/\/guidetogreenland.com\/da\/wp-json\/wp\/v2\/product_cat?post=15518"},{"taxonomy":"product_tag","embeddable":true,"href":"https:\/\/guidetogreenland.com\/da\/wp-json\/wp\/v2\/product_tag?post=15518"}],"curies":[{"name":"wp","href":"https:\/\/api.w.org\/{rel}","templated":true}]}}