{"id":15521,"date":"2020-06-08T13:55:06","date_gmt":"2020-06-08T13:55:06","guid":{"rendered":"https:\/\/guidetogreenland.com\/book-trips-holiday\/scenic-flight-nuuk\/"},"modified":"2022-03-04T09:55:25","modified_gmt":"2022-03-04T12:55:25","slug":"scenic-flight-nuuk","status":"publish","type":"product","link":"https:\/\/guidetogreenland.com\/da\/reserver-ferie-rejser\/flightseeing-nuuk\/","title":{"rendered":"Flightseeing | Nuuk"},"content":{"rendered":"<p class=\"x-18pep25\">Giv dig selv en p\u00e5 opleveren, og kom med p\u00e5 denne helikopter tur over Gr\u00f8nland&#8217;s farverige hovedstad, Nuuk! En spektakul\u00e6r rejse over det arktiske landskab, hvor Nuuk befinder sig, er hvad denne tur kan tilbyde. Oplev den farverige hovedstad ovenfra, fra kystlinje til fjeld!<\/p>\n<p class=\"x-18pep25\">Denne oplevelse starter i Nuuk\u00a0lufthavn, hvor du og dine medrejsende bliver budt velkommen af Air Greenlands personale. I helikopteren bliver i m\u00f8dt af dagens pilot, der vil introducerer jer til turens rute og h\u00f8jdepunkter. Sp\u00e6nd selerne og lads os komme lette vingerne!<\/p>\n<p class=\"e1imf5dp0 x-jm2771\">Piloten s\u00e6tter kursen nord\u00f8st for Nuuk, hvor du vil<span class=\"x-12abj6v e1uuu2lt3\"> kunne se Nuuks bym\u00e6rke, Sermistiaq. Sermitsiaq er omkring 1200 meter, og er placeret 15 kilometer fra Nuuk. Bjerget er kendt for sine to fortryllende bjergtinder, hvor sneen hviler \u00e5ret rundt. Piloten s\u00e6tter derefter kursen over Nuuk. Nuuk str\u00e6kker sig fra dets yderste n\u00e6s, hvor den er gamle bydel er situeret\u00a0\u00a0til Qinngorput i Malenebugten. \u00c5ret rundt vil du kunne finde smukke kontraster mellem husene og enten fjeld eller sne.\u00a0<\/span><\/p>\n<p class=\"e1imf5dp0 x-jm2771\"><span class=\"x-12abj6v e1uuu2lt3\">Tag dine n\u00e6rmeste under armen og medbring dit kamera til denne flightseeing! G\u00e5 ikke glip af dette vidunder af en tur, du kan tjekke muligheden for at komme med ved at trykke p\u00e5 &#8216;V\u00e6lg en dato&#8217; oppe til h\u00f8jre.<\/span><\/p>\n","protected":false},"excerpt":{"rendered":"Giv dig selv en p\u00e5 opleveren, og kom med p\u00e5 denne helikopter tur over Gr\u00f8nland&#8217;s farverige hovedstad, Nuuk! En spektakul\u00e6r rejse over det arktiske landskab, hvor Nuuk befinder sig, er hvad denne tur kan tilbyde. Oplev den farverige hovedstad ovenfra, fra kystlinje til fjeld! Denne oplevelse starter i Nuuk\u00a0lufthavn, hvor du og dine medrejsende bliver&#8230;","protected":false},"featured_media":15522,"comment_status":"open","ping_status":"closed","template":"","meta":[],"product_brand":[],"product_cat":[],"product_tag":[],"class_list":{"0":"post-15521","1":"product","2":"type-product","3":"status-publish","4":"has-post-thumbnail","6":"pa_activities-sightseeing-med-fly","7":"pa_attractions-nuuk-fjord","8":"pa_attractions-ukkusissat-store-malene","9":"pa_available-month-maj","10":"pa_available-month-juni","11":"pa_available-month-juli","12":"pa_available-month-august","13":"pa_available-month-september","14":"pa_available-month-oktober","15":"pa_available-month-november","16":"pa_available-month-december","17":"pa_destinations-nuuk","18":"pa_difficulty-let","19":"pa_duration-30-minutter","20":"pa_tour-type-dagsture","21":"yith_shop_vendor-air-greenland-da","23":"first","24":"instock","25":"virtual","26":"sold-individually","27":"purchasable","28":"product-type-booking"},"acf":[],"yoast_head":"<!-- This site is optimized with the Yoast SEO plugin v25.6 - https:\/\/yoast.com\/wordpress\/plugins\/seo\/ -->\n<title>Helikoptertur over Nuuk \u2022 En spektakul\u00e6r oplevelse | Guide to Greenland<\/title>\n<meta name=\"description\" content=\"F\u00f8lg det flyvende arktiske dyreliv i vandl\u00f8bene, der str\u00f8mmer gennem Nuuk-luften. Udforsk Gr\u00f8nlands hovedstad med Air Greenland!\" \/>\n<meta name=\"robots\" content=\"index, follow, max-snippet:-1, max-image-preview:large, max-video-preview:-1\" \/>\n<link rel=\"canonical\" href=\"https:\/\/guidetogreenland.com\/da\/reserver-ferie-rejser\/flightseeing-nuuk\/\" \/>\n<meta property=\"og:locale\" content=\"da_DK\" \/>\n<meta property=\"og:type\" content=\"article\" \/>\n<meta property=\"og:title\" content=\"Helikoptertur over Nuuk \u2022 En spektakul\u00e6r oplevelse | Guide to Greenland\" \/>\n<meta property=\"og:description\" content=\"F\u00f8lg det flyvende arktiske dyreliv i vandl\u00f8bene, der str\u00f8mmer gennem Nuuk-luften. Udforsk Gr\u00f8nlands hovedstad med Air Greenland!\" \/>\n<meta property=\"og:url\" content=\"https:\/\/guidetogreenland.com\/da\/reserver-ferie-rejser\/flightseeing-nuuk\/\" \/>\n<meta property=\"og:site_name\" content=\"Guide to Greenland\" \/>\n<meta property=\"article:modified_time\" content=\"2022-03-04T12:55:25+00:00\" \/>\n<meta property=\"og:image\" content=\"https:\/\/guidetogreenland.com\/wp-content\/uploads\/2020\/05\/Scenic-Flight-Nuuk-Guide-to-Greenland1.jpg\" \/>\n\t<meta property=\"og:image:width\" content=\"979\" \/>\n\t<meta property=\"og:image:height\" content=\"653\" \/>\n\t<meta property=\"og:image:type\" content=\"image\/jpeg\" \/>\n<meta name=\"twitter:card\" content=\"summary_large_image\" \/>\n<meta name=\"twitter:label1\" content=\"Estimeret l\u00e6setid\" \/>\n\t<meta name=\"twitter:data1\" content=\"1 minut\" \/>\n<script type=\"application\/ld+json\" class=\"yoast-schema-graph\">{\"@context\":\"https:\/\/schema.org\",\"@graph\":[{\"@type\":\"WebPage\",\"@id\":\"https:\/\/guidetogreenland.com\/da\/reserver-ferie-rejser\/flightseeing-nuuk\/\",\"url\":\"https:\/\/guidetogreenland.com\/da\/reserver-ferie-rejser\/flightseeing-nuuk\/\",\"name\":\"Helikoptertur over Nuuk \u2022 En spektakul\u00e6r oplevelse | Guide to Greenland\",\"isPartOf\":{\"@id\":\"https:\/\/guidetogreenland.com\/da\/#website\"},\"primaryImageOfPage\":{\"@id\":\"https:\/\/guidetogreenland.com\/da\/reserver-ferie-rejser\/flightseeing-nuuk\/#primaryimage\"},\"image\":{\"@id\":\"https:\/\/guidetogreenland.com\/da\/reserver-ferie-rejser\/flightseeing-nuuk\/#primaryimage\"},\"thumbnailUrl\":\"https:\/\/guidetogreenland.com\/wp-content\/uploads\/2020\/05\/Scenic-Flight-Nuuk-Guide-to-Greenland1.jpg\",\"datePublished\":\"2020-06-08T13:55:06+00:00\",\"dateModified\":\"2022-03-04T12:55:25+00:00\",\"description\":\"F\u00f8lg det flyvende arktiske dyreliv i vandl\u00f8bene, der str\u00f8mmer gennem Nuuk-luften. Udforsk Gr\u00f8nlands hovedstad med Air Greenland!\",\"breadcrumb\":{\"@id\":\"https:\/\/guidetogreenland.com\/da\/reserver-ferie-rejser\/flightseeing-nuuk\/#breadcrumb\"},\"inLanguage\":\"da-DK\",\"potentialAction\":[{\"@type\":\"ReadAction\",\"target\":[\"https:\/\/guidetogreenland.com\/da\/reserver-ferie-rejser\/flightseeing-nuuk\/\"]}]},{\"@type\":\"ImageObject\",\"inLanguage\":\"da-DK\",\"@id\":\"https:\/\/guidetogreenland.com\/da\/reserver-ferie-rejser\/flightseeing-nuuk\/#primaryimage\",\"url\":\"https:\/\/guidetogreenland.com\/wp-content\/uploads\/2020\/05\/Scenic-Flight-Nuuk-Guide-to-Greenland1.jpg\",\"contentUrl\":\"https:\/\/guidetogreenland.com\/wp-content\/uploads\/2020\/05\/Scenic-Flight-Nuuk-Guide-to-Greenland1.jpg\",\"width\":979,\"height\":653},{\"@type\":\"BreadcrumbList\",\"@id\":\"https:\/\/guidetogreenland.com\/da\/reserver-ferie-rejser\/flightseeing-nuuk\/#breadcrumb\",\"itemListElement\":[{\"@type\":\"ListItem\",\"position\":1,\"name\":\"Home\",\"item\":\"https:\/\/guidetogreenland.com\/da\/\"},{\"@type\":\"ListItem\",\"position\":2,\"name\":\"Se alle ture\",\"item\":\"https:\/\/guidetogreenland.com\/da\/reserver-ferie-rejser\/\"},{\"@type\":\"ListItem\",\"position\":3,\"name\":\"Flightseeing | Nuuk\"}]},{\"@type\":\"WebSite\",\"@id\":\"https:\/\/guidetogreenland.com\/da\/#website\",\"url\":\"https:\/\/guidetogreenland.com\/da\/\",\"name\":\"Guide to Greenland\",\"description\":\"Largest selection of tours in Greenland\",\"potentialAction\":[{\"@type\":\"SearchAction\",\"target\":{\"@type\":\"EntryPoint\",\"urlTemplate\":\"https:\/\/guidetogreenland.com\/da\/?s={search_term_string}\"},\"query-input\":{\"@type\":\"PropertyValueSpecification\",\"valueRequired\":true,\"valueName\":\"search_term_string\"}}],\"inLanguage\":\"da-DK\"}]}<\/script>\n<!-- \/ Yoast SEO plugin. -->","yoast_head_json":{"title":"Helikoptertur over Nuuk \u2022 En spektakul\u00e6r oplevelse | Guide to Greenland","description":"F\u00f8lg det flyvende arktiske dyreliv i vandl\u00f8bene, der str\u00f8mmer gennem Nuuk-luften. Udforsk Gr\u00f8nlands hovedstad med Air Greenland!","robots":{"index":"index","follow":"follow","max-snippet":"max-snippet:-1","max-image-preview":"max-image-preview:large","max-video-preview":"max-video-preview:-1"},"canonical":"https:\/\/guidetogreenland.com\/da\/reserver-ferie-rejser\/flightseeing-nuuk\/","og_locale":"da_DK","og_type":"article","og_title":"Helikoptertur over Nuuk \u2022 En spektakul\u00e6r oplevelse | Guide to Greenland","og_description":"F\u00f8lg det flyvende arktiske dyreliv i vandl\u00f8bene, der str\u00f8mmer gennem Nuuk-luften. Udforsk Gr\u00f8nlands hovedstad med Air Greenland!","og_url":"https:\/\/guidetogreenland.com\/da\/reserver-ferie-rejser\/flightseeing-nuuk\/","og_site_name":"Guide to Greenland","article_modified_time":"2022-03-04T12:55:25+00:00","og_image":[{"width":979,"height":653,"url":"https:\/\/guidetogreenland.com\/wp-content\/uploads\/2020\/05\/Scenic-Flight-Nuuk-Guide-to-Greenland1.jpg","type":"image\/jpeg"}],"twitter_card":"summary_large_image","twitter_misc":{"Estimeret l\u00e6setid":"1 minut"},"schema":{"@context":"https:\/\/schema.org","@graph":[{"@type":"WebPage","@id":"https:\/\/guidetogreenland.com\/da\/reserver-ferie-rejser\/flightseeing-nuuk\/","url":"https:\/\/guidetogreenland.com\/da\/reserver-ferie-rejser\/flightseeing-nuuk\/","name":"Helikoptertur over Nuuk \u2022 En spektakul\u00e6r oplevelse | Guide to Greenland","isPartOf":{"@id":"https:\/\/guidetogreenland.com\/da\/#website"},"primaryImageOfPage":{"@id":"https:\/\/guidetogreenland.com\/da\/reserver-ferie-rejser\/flightseeing-nuuk\/#primaryimage"},"image":{"@id":"https:\/\/guidetogreenland.com\/da\/reserver-ferie-rejser\/flightseeing-nuuk\/#primaryimage"},"thumbnailUrl":"https:\/\/guidetogreenland.com\/wp-content\/uploads\/2020\/05\/Scenic-Flight-Nuuk-Guide-to-Greenland1.jpg","datePublished":"2020-06-08T13:55:06+00:00","dateModified":"2022-03-04T12:55:25+00:00","description":"F\u00f8lg det flyvende arktiske dyreliv i vandl\u00f8bene, der str\u00f8mmer gennem Nuuk-luften. Udforsk Gr\u00f8nlands hovedstad med Air Greenland!","breadcrumb":{"@id":"https:\/\/guidetogreenland.com\/da\/reserver-ferie-rejser\/flightseeing-nuuk\/#breadcrumb"},"inLanguage":"da-DK","potentialAction":[{"@type":"ReadAction","target":["https:\/\/guidetogreenland.com\/da\/reserver-ferie-rejser\/flightseeing-nuuk\/"]}]},{"@type":"ImageObject","inLanguage":"da-DK","@id":"https:\/\/guidetogreenland.com\/da\/reserver-ferie-rejser\/flightseeing-nuuk\/#primaryimage","url":"https:\/\/guidetogreenland.com\/wp-content\/uploads\/2020\/05\/Scenic-Flight-Nuuk-Guide-to-Greenland1.jpg","contentUrl":"https:\/\/guidetogreenland.com\/wp-content\/uploads\/2020\/05\/Scenic-Flight-Nuuk-Guide-to-Greenland1.jpg","width":979,"height":653},{"@type":"BreadcrumbList","@id":"https:\/\/guidetogreenland.com\/da\/reserver-ferie-rejser\/flightseeing-nuuk\/#breadcrumb","itemListElement":[{"@type":"ListItem","position":1,"name":"Home","item":"https:\/\/guidetogreenland.com\/da\/"},{"@type":"ListItem","position":2,"name":"Se alle ture","item":"https:\/\/guidetogreenland.com\/da\/reserver-ferie-rejser\/"},{"@type":"ListItem","position":3,"name":"Flightseeing | Nuuk"}]},{"@type":"WebSite","@id":"https:\/\/guidetogreenland.com\/da\/#website","url":"https:\/\/guidetogreenland.com\/da\/","name":"Guide to Greenland","description":"Largest selection of tours in Greenland","potentialAction":[{"@type":"SearchAction","target":{"@type":"EntryPoint","urlTemplate":"https:\/\/guidetogreenland.com\/da\/?s={search_term_string}"},"query-input":{"@type":"PropertyValueSpecification","valueRequired":true,"valueName":"search_term_string"}}],"inLanguage":"da-DK"}]}},"_links":{"self":[{"href":"https:\/\/guidetogreenland.com\/da\/wp-json\/wp\/v2\/product\/15521","targetHints":{"allow":["GET"]}}],"collection":[{"href":"https:\/\/guidetogreenland.com\/da\/wp-json\/wp\/v2\/product"}],"about":[{"href":"https:\/\/guidetogreenland.com\/da\/wp-json\/wp\/v2\/types\/product"}],"replies":[{"embeddable":true,"href":"https:\/\/guidetogreenland.com\/da\/wp-json\/wp\/v2\/comments?post=15521"}],"wp:featuredmedia":[{"embeddable":true,"href":"https:\/\/guidetogreenland.com\/da\/wp-json\/wp\/v2\/media\/15522"}],"wp:attachment":[{"href":"https:\/\/guidetogreenland.com\/da\/wp-json\/wp\/v2\/media?parent=15521"}],"wp:term":[{"taxonomy":"product_brand","embeddable":true,"href":"https:\/\/guidetogreenland.com\/da\/wp-json\/wp\/v2\/product_brand?post=15521"},{"taxonomy":"product_cat","embeddable":true,"href":"https:\/\/guidetogreenland.com\/da\/wp-json\/wp\/v2\/product_cat?post=15521"},{"taxonomy":"product_tag","embeddable":true,"href":"https:\/\/guidetogreenland.com\/da\/wp-json\/wp\/v2\/product_tag?post=15521"}],"curies":[{"name":"wp","href":"https:\/\/api.w.org\/{rel}","templated":true}]}}