{"id":15539,"date":"2020-06-08T11:42:50","date_gmt":"2020-06-08T11:42:50","guid":{"rendered":"https:\/\/guidetogreenland.com\/book-trips-holiday\/shuttle-service-nuuk\/"},"modified":"2021-02-11T14:17:14","modified_gmt":"2021-02-11T14:17:14","slug":"shuttle-service-nuuk","status":"publish","type":"product","link":"https:\/\/guidetogreenland.com\/da\/reserver-ferie-rejser\/shuttle-service-nuuk\/","title":{"rendered":"Shuttle Service | Nuuk"},"content":{"rendered":"<p>Tag p\u00e5 en guided mini bus tur rundt\u00a0om den farverige by med dine venner, eller mangler du bare en luxuri\u00f8s minibus til at flytte din gruppe fra a til b?<\/p>\n<p>S\u00e5 er denne Mercedes Benz Sprinter perfekt for dig med mindre grupper eller high-end klienter, da den er skr\u00e6ddersyet til turisme og charter industrien.<\/p>\n<p>Vores chauff\u00f8r og bus sikrer at du f\u00e5r det meste ud af din tid mens du er her, s\u00e5 tag bare og book din shuttle service ved at trykke p\u00e5 &#8216;<strong>BOOK NU<\/strong>&#8216; for oven.<\/p>\n","protected":false},"excerpt":{"rendered":"Tag p\u00e5 en guided mini bus tur rundt\u00a0om den farverige by med dine venner, eller mangler du bare en luxuri\u00f8s minibus til at flytte din gruppe fra a til b? S\u00e5 er denne Mercedes Benz Sprinter perfekt for dig med mindre grupper eller high-end klienter, da den er skr\u00e6ddersyet til turisme og charter industrien. Vores&#8230;","protected":false},"featured_media":15545,"comment_status":"open","ping_status":"closed","template":"","meta":[],"product_brand":[],"product_cat":[854],"product_tag":[],"class_list":{"0":"post-15539","1":"product","2":"type-product","3":"status-publish","4":"has-post-thumbnail","6":"product_cat-uncategorized-da","7":"pa_activities-groenlandsk-kultur","8":"pa_available-month-januar","9":"pa_available-month-februar","10":"pa_available-month-marts","11":"pa_available-month-april","12":"pa_available-month-maj","13":"pa_available-month-juni","14":"pa_available-month-juli","15":"pa_available-month-august","16":"pa_available-month-september","17":"pa_available-month-oktober","18":"pa_available-month-november","19":"pa_available-month-december","20":"pa_destinations-nuuk","21":"pa_difficulty-let","22":"pa_duration-1-time","23":"pa_tour-type-dagsture","24":"yith_shop_vendor-greenland-escape-da","25":"yith_booking_service-shuttle-additional-hours","27":"first","28":"instock","29":"virtual","30":"sold-individually","31":"purchasable","32":"product-type-booking"},"acf":[],"yoast_head":"<!-- This site is optimized with the Yoast SEO plugin v25.6 - https:\/\/yoast.com\/wordpress\/plugins\/seo\/ -->\n<title>Shuttle Service | Nuuk | Guide to Greenland<\/title>\n<meta name=\"robots\" content=\"index, follow, max-snippet:-1, max-image-preview:large, max-video-preview:-1\" \/>\n<link rel=\"canonical\" href=\"https:\/\/guidetogreenland.com\/da\/reserver-ferie-rejser\/shuttle-service-nuuk\/\" \/>\n<meta property=\"og:locale\" content=\"da_DK\" \/>\n<meta property=\"og:type\" content=\"article\" \/>\n<meta property=\"og:title\" content=\"Shuttle Service | Nuuk | Guide to Greenland\" \/>\n<meta property=\"og:description\" content=\"Tag p\u00e5 en guided mini bus tur rundt\u00a0om den farverige by med dine venner, eller mangler du bare en luxuri\u00f8s minibus til at flytte din gruppe fra a til b? S\u00e5 er denne Mercedes Benz Sprinter perfekt for dig med mindre grupper eller high-end klienter, da den er skr\u00e6ddersyet til turisme og charter industrien. Vores...\" \/>\n<meta property=\"og:url\" content=\"https:\/\/guidetogreenland.com\/da\/reserver-ferie-rejser\/shuttle-service-nuuk\/\" \/>\n<meta property=\"og:site_name\" content=\"Guide to Greenland\" \/>\n<meta property=\"article:modified_time\" content=\"2021-02-11T14:17:14+00:00\" \/>\n<meta property=\"og:image\" content=\"https:\/\/guidetogreenland.com\/wp-content\/uploads\/2020\/05\/shuttle-service-nuuk-Guide-to-Greenland7.jpg\" \/>\n\t<meta property=\"og:image:width\" content=\"2070\" \/>\n\t<meta property=\"og:image:height\" content=\"1380\" \/>\n\t<meta property=\"og:image:type\" content=\"image\/jpeg\" \/>\n<meta name=\"twitter:card\" content=\"summary_large_image\" \/>\n<script type=\"application\/ld+json\" class=\"yoast-schema-graph\">{\"@context\":\"https:\/\/schema.org\",\"@graph\":[{\"@type\":\"WebPage\",\"@id\":\"https:\/\/guidetogreenland.com\/da\/reserver-ferie-rejser\/shuttle-service-nuuk\/\",\"url\":\"https:\/\/guidetogreenland.com\/da\/reserver-ferie-rejser\/shuttle-service-nuuk\/\",\"name\":\"Shuttle Service | Nuuk | Guide to Greenland\",\"isPartOf\":{\"@id\":\"https:\/\/guidetogreenland.com\/da\/#website\"},\"primaryImageOfPage\":{\"@id\":\"https:\/\/guidetogreenland.com\/da\/reserver-ferie-rejser\/shuttle-service-nuuk\/#primaryimage\"},\"image\":{\"@id\":\"https:\/\/guidetogreenland.com\/da\/reserver-ferie-rejser\/shuttle-service-nuuk\/#primaryimage\"},\"thumbnailUrl\":\"https:\/\/guidetogreenland.com\/wp-content\/uploads\/2020\/05\/shuttle-service-nuuk-Guide-to-Greenland7.jpg\",\"datePublished\":\"2020-06-08T11:42:50+00:00\",\"dateModified\":\"2021-02-11T14:17:14+00:00\",\"breadcrumb\":{\"@id\":\"https:\/\/guidetogreenland.com\/da\/reserver-ferie-rejser\/shuttle-service-nuuk\/#breadcrumb\"},\"inLanguage\":\"da-DK\",\"potentialAction\":[{\"@type\":\"ReadAction\",\"target\":[\"https:\/\/guidetogreenland.com\/da\/reserver-ferie-rejser\/shuttle-service-nuuk\/\"]}]},{\"@type\":\"ImageObject\",\"inLanguage\":\"da-DK\",\"@id\":\"https:\/\/guidetogreenland.com\/da\/reserver-ferie-rejser\/shuttle-service-nuuk\/#primaryimage\",\"url\":\"https:\/\/guidetogreenland.com\/wp-content\/uploads\/2020\/05\/shuttle-service-nuuk-Guide-to-Greenland7.jpg\",\"contentUrl\":\"https:\/\/guidetogreenland.com\/wp-content\/uploads\/2020\/05\/shuttle-service-nuuk-Guide-to-Greenland7.jpg\",\"width\":2070,\"height\":1380},{\"@type\":\"BreadcrumbList\",\"@id\":\"https:\/\/guidetogreenland.com\/da\/reserver-ferie-rejser\/shuttle-service-nuuk\/#breadcrumb\",\"itemListElement\":[{\"@type\":\"ListItem\",\"position\":1,\"name\":\"Home\",\"item\":\"https:\/\/guidetogreenland.com\/da\/\"},{\"@type\":\"ListItem\",\"position\":2,\"name\":\"Se alle ture\",\"item\":\"https:\/\/guidetogreenland.com\/da\/reserver-ferie-rejser\/\"},{\"@type\":\"ListItem\",\"position\":3,\"name\":\"Shuttle Service | Nuuk\"}]},{\"@type\":\"WebSite\",\"@id\":\"https:\/\/guidetogreenland.com\/da\/#website\",\"url\":\"https:\/\/guidetogreenland.com\/da\/\",\"name\":\"Guide to Greenland\",\"description\":\"Largest selection of tours in Greenland\",\"potentialAction\":[{\"@type\":\"SearchAction\",\"target\":{\"@type\":\"EntryPoint\",\"urlTemplate\":\"https:\/\/guidetogreenland.com\/da\/?s={search_term_string}\"},\"query-input\":{\"@type\":\"PropertyValueSpecification\",\"valueRequired\":true,\"valueName\":\"search_term_string\"}}],\"inLanguage\":\"da-DK\"}]}<\/script>\n<!-- \/ Yoast SEO plugin. -->","yoast_head_json":{"title":"Shuttle Service | Nuuk | Guide to Greenland","robots":{"index":"index","follow":"follow","max-snippet":"max-snippet:-1","max-image-preview":"max-image-preview:large","max-video-preview":"max-video-preview:-1"},"canonical":"https:\/\/guidetogreenland.com\/da\/reserver-ferie-rejser\/shuttle-service-nuuk\/","og_locale":"da_DK","og_type":"article","og_title":"Shuttle Service | Nuuk | Guide to Greenland","og_description":"Tag p\u00e5 en guided mini bus tur rundt\u00a0om den farverige by med dine venner, eller mangler du bare en luxuri\u00f8s minibus til at flytte din gruppe fra a til b? S\u00e5 er denne Mercedes Benz Sprinter perfekt for dig med mindre grupper eller high-end klienter, da den er skr\u00e6ddersyet til turisme og charter industrien. Vores...","og_url":"https:\/\/guidetogreenland.com\/da\/reserver-ferie-rejser\/shuttle-service-nuuk\/","og_site_name":"Guide to Greenland","article_modified_time":"2021-02-11T14:17:14+00:00","og_image":[{"width":2070,"height":1380,"url":"https:\/\/guidetogreenland.com\/wp-content\/uploads\/2020\/05\/shuttle-service-nuuk-Guide-to-Greenland7.jpg","type":"image\/jpeg"}],"twitter_card":"summary_large_image","schema":{"@context":"https:\/\/schema.org","@graph":[{"@type":"WebPage","@id":"https:\/\/guidetogreenland.com\/da\/reserver-ferie-rejser\/shuttle-service-nuuk\/","url":"https:\/\/guidetogreenland.com\/da\/reserver-ferie-rejser\/shuttle-service-nuuk\/","name":"Shuttle Service | Nuuk | Guide to Greenland","isPartOf":{"@id":"https:\/\/guidetogreenland.com\/da\/#website"},"primaryImageOfPage":{"@id":"https:\/\/guidetogreenland.com\/da\/reserver-ferie-rejser\/shuttle-service-nuuk\/#primaryimage"},"image":{"@id":"https:\/\/guidetogreenland.com\/da\/reserver-ferie-rejser\/shuttle-service-nuuk\/#primaryimage"},"thumbnailUrl":"https:\/\/guidetogreenland.com\/wp-content\/uploads\/2020\/05\/shuttle-service-nuuk-Guide-to-Greenland7.jpg","datePublished":"2020-06-08T11:42:50+00:00","dateModified":"2021-02-11T14:17:14+00:00","breadcrumb":{"@id":"https:\/\/guidetogreenland.com\/da\/reserver-ferie-rejser\/shuttle-service-nuuk\/#breadcrumb"},"inLanguage":"da-DK","potentialAction":[{"@type":"ReadAction","target":["https:\/\/guidetogreenland.com\/da\/reserver-ferie-rejser\/shuttle-service-nuuk\/"]}]},{"@type":"ImageObject","inLanguage":"da-DK","@id":"https:\/\/guidetogreenland.com\/da\/reserver-ferie-rejser\/shuttle-service-nuuk\/#primaryimage","url":"https:\/\/guidetogreenland.com\/wp-content\/uploads\/2020\/05\/shuttle-service-nuuk-Guide-to-Greenland7.jpg","contentUrl":"https:\/\/guidetogreenland.com\/wp-content\/uploads\/2020\/05\/shuttle-service-nuuk-Guide-to-Greenland7.jpg","width":2070,"height":1380},{"@type":"BreadcrumbList","@id":"https:\/\/guidetogreenland.com\/da\/reserver-ferie-rejser\/shuttle-service-nuuk\/#breadcrumb","itemListElement":[{"@type":"ListItem","position":1,"name":"Home","item":"https:\/\/guidetogreenland.com\/da\/"},{"@type":"ListItem","position":2,"name":"Se alle ture","item":"https:\/\/guidetogreenland.com\/da\/reserver-ferie-rejser\/"},{"@type":"ListItem","position":3,"name":"Shuttle Service | Nuuk"}]},{"@type":"WebSite","@id":"https:\/\/guidetogreenland.com\/da\/#website","url":"https:\/\/guidetogreenland.com\/da\/","name":"Guide to Greenland","description":"Largest selection of tours in Greenland","potentialAction":[{"@type":"SearchAction","target":{"@type":"EntryPoint","urlTemplate":"https:\/\/guidetogreenland.com\/da\/?s={search_term_string}"},"query-input":{"@type":"PropertyValueSpecification","valueRequired":true,"valueName":"search_term_string"}}],"inLanguage":"da-DK"}]}},"_links":{"self":[{"href":"https:\/\/guidetogreenland.com\/da\/wp-json\/wp\/v2\/product\/15539","targetHints":{"allow":["GET"]}}],"collection":[{"href":"https:\/\/guidetogreenland.com\/da\/wp-json\/wp\/v2\/product"}],"about":[{"href":"https:\/\/guidetogreenland.com\/da\/wp-json\/wp\/v2\/types\/product"}],"replies":[{"embeddable":true,"href":"https:\/\/guidetogreenland.com\/da\/wp-json\/wp\/v2\/comments?post=15539"}],"wp:featuredmedia":[{"embeddable":true,"href":"https:\/\/guidetogreenland.com\/da\/wp-json\/wp\/v2\/media\/15545"}],"wp:attachment":[{"href":"https:\/\/guidetogreenland.com\/da\/wp-json\/wp\/v2\/media?parent=15539"}],"wp:term":[{"taxonomy":"product_brand","embeddable":true,"href":"https:\/\/guidetogreenland.com\/da\/wp-json\/wp\/v2\/product_brand?post=15539"},{"taxonomy":"product_cat","embeddable":true,"href":"https:\/\/guidetogreenland.com\/da\/wp-json\/wp\/v2\/product_cat?post=15539"},{"taxonomy":"product_tag","embeddable":true,"href":"https:\/\/guidetogreenland.com\/da\/wp-json\/wp\/v2\/product_tag?post=15539"}],"curies":[{"name":"wp","href":"https:\/\/api.w.org\/{rel}","templated":true}]}}