{"id":15548,"date":"2020-06-12T17:26:39","date_gmt":"2020-06-12T17:26:39","guid":{"rendered":"https:\/\/guidetogreenland.com\/book-trips-holiday\/sleep-in-the-wilderness-nuuk\/"},"modified":"2021-02-11T14:38:51","modified_gmt":"2021-02-11T14:38:51","slug":"sleep-in-the-wilderness-nuuk","status":"publish","type":"product","link":"https:\/\/guidetogreenland.com\/da\/reserver-ferie-rejser\/weekend-pa-nordlandet-nuuk\/","title":{"rendered":"Weekend p\u00e5 Nordlandet | Nuuk"},"content":{"rendered":"<div class=\"x-79elbk ewhm0490\">\n<div class=\"x-sqsvwz e1hc7val2\">\n<div class=\"x-13o7eu2 e1imf5dp1\">\n<div class=\"x-v4fa7v e1uuu2lt0\">\n<div class=\"x-7xwfhm e1imf5dp0\">\n<p class=\"x-vgdwdk\">Oplev Nordlandets fantastiske fjordlandskaber fra vores fuldudstyret teltlejr weekenden over!<\/p>\n<p class=\"x-vgdwdk\">En staycation med mulighed for kanosejlads, vandring og fiskeri, er hvad der er at opleve p\u00e5 denne pakketur!\u00a0Du slipper for besv\u00e6ret med at s\u00f8rge for b\u00e5dtransport, teltudstyr, soveposer, trangia stormk\u00f8kken med mere.<\/p>\n<p class=\"e1imf5dp0 x-65n8fm\">Det omkringliggende landskab byder p\u00e5 rige muligheder for vandring, fiskeri, kanosejlads og aktiviteter for de yngre. Lejren er i t\u00e6t beliggenhed til en af nordlandets st\u00f8rre s\u00f8er, hvorfor vi har udstyret lejren med kanoer, sv\u00f8mmeveste og flydedragter. For de yngre vil der v\u00e6re bolde og fri<span class=\"x-12abj6v e1uuu2lt3\">sbee\u2019s til r\u00e5dighed, samt en masse\u00a0plads til at boltre sig p\u00e5.<\/span><\/p>\n<p class=\"e1imf5dp0 x-65n8fm\"><span class=\"x-12abj6v e1uuu2lt3\">Lejren best\u00e5r af flere sovetelte, og et stort og h\u00f8jt samlingstelt med petroleumsovn, s\u00e5 i kan holde varmen n\u00e5r i nyder hinandens selskab.<\/span><\/p>\n<p class=\"e1imf5dp0 x-65n8fm\"><span class=\"x-12abj6v e1uuu2lt3\">Book denne tur, og fordyb dig i hovedstadens fantastiske vildnis p\u00e5 nordlandet. V\u00e6lg din \u00f8nskede afgang og tryk \u201d<strong>Book nu<\/strong>\u201d ovenfor.<\/span><\/p>\n<\/div>\n<\/div>\n<\/div>\n<\/div>\n<\/div>\n<div><\/div>\n","protected":false},"excerpt":{"rendered":"Oplev Nordlandets fantastiske fjordlandskaber fra vores fuldudstyret teltlejr weekenden over! En staycation med mulighed for kanosejlads, vandring og fiskeri, er hvad der er at opleve p\u00e5 denne pakketur!\u00a0Du slipper for besv\u00e6ret med at s\u00f8rge for b\u00e5dtransport, teltudstyr, soveposer, trangia stormk\u00f8kken med mere. Det omkringliggende landskab byder p\u00e5 rige muligheder for vandring, fiskeri, kanosejlads og aktiviteter&#8230;","protected":false},"featured_media":15550,"comment_status":"open","ping_status":"closed","template":"","meta":[],"product_brand":[],"product_cat":[613,612,640,626,609,652,633],"product_tag":[893],"class_list":{"0":"post-15548","1":"product","2":"type-product","3":"status-publish","4":"has-post-thumbnail","6":"product_cat-fisketure","7":"product_cat-natur-og-dyreliv-i-groenland","8":"product_cat-sommerrejser","9":"product_cat-staycation-i-groenland","10":"product_cat-sup-kayakture","11":"product_cat-ture-i-nuuk","12":"product_cat-vestgroenland","13":"product_tag-nuuk-da","14":"pa_activities-baadtur","15":"pa_activities-kajak-sup","16":"pa_activities-camping","17":"pa_activities-vandretur","18":"pa_attractions-nordlandet-da","19":"pa_attractions-nuuk-fjord","20":"pa_available-month-maj","21":"pa_available-month-juni","22":"pa_available-month-juli","23":"pa_available-month-august","24":"pa_destinations-nuuk","25":"pa_difficulty-let","26":"pa_duration-3-dage-da","27":"pa_tour-type-flerdags-ture","28":"yith_shop_vendor-nuuk-adventure-da","30":"first","31":"instock","32":"virtual","33":"sold-individually","34":"purchasable","35":"product-type-booking"},"acf":[],"yoast_head":"<!-- This site is optimized with the Yoast SEO plugin v25.6 - https:\/\/yoast.com\/wordpress\/plugins\/seo\/ -->\n<title>Weekend p\u00e5 Nordlandet | Nuuk | Guide to Greenland<\/title>\n<meta name=\"robots\" content=\"index, follow, max-snippet:-1, max-image-preview:large, max-video-preview:-1\" \/>\n<link rel=\"canonical\" href=\"https:\/\/guidetogreenland.com\/da\/reserver-ferie-rejser\/weekend-pa-nordlandet-nuuk\/\" \/>\n<meta property=\"og:locale\" content=\"da_DK\" \/>\n<meta property=\"og:type\" content=\"article\" \/>\n<meta property=\"og:title\" content=\"Weekend p\u00e5 Nordlandet | Nuuk | Guide to Greenland\" \/>\n<meta property=\"og:description\" content=\"Oplev Nordlandets fantastiske fjordlandskaber fra vores fuldudstyret teltlejr weekenden over! En staycation med mulighed for kanosejlads, vandring og fiskeri, er hvad der er at opleve p\u00e5 denne pakketur!\u00a0Du slipper for besv\u00e6ret med at s\u00f8rge for b\u00e5dtransport, teltudstyr, soveposer, trangia stormk\u00f8kken med mere. Det omkringliggende landskab byder p\u00e5 rige muligheder for vandring, fiskeri, kanosejlads og aktiviteter...\" \/>\n<meta property=\"og:url\" content=\"https:\/\/guidetogreenland.com\/da\/reserver-ferie-rejser\/weekend-pa-nordlandet-nuuk\/\" \/>\n<meta property=\"og:site_name\" content=\"Guide to Greenland\" \/>\n<meta property=\"article:modified_time\" content=\"2021-02-11T14:38:51+00:00\" \/>\n<meta property=\"og:image\" content=\"https:\/\/guidetogreenland.com\/wp-content\/uploads\/2020\/06\/sleep-in-the-wilderness-nuuk-Guide-to-Greenland12.jpg\" \/>\n\t<meta property=\"og:image:width\" content=\"2220\" \/>\n\t<meta property=\"og:image:height\" content=\"1480\" \/>\n\t<meta property=\"og:image:type\" content=\"image\/jpeg\" \/>\n<meta name=\"twitter:card\" content=\"summary_large_image\" \/>\n<meta name=\"twitter:label1\" content=\"Estimeret l\u00e6setid\" \/>\n\t<meta name=\"twitter:data1\" content=\"1 minut\" \/>\n<script type=\"application\/ld+json\" class=\"yoast-schema-graph\">{\"@context\":\"https:\/\/schema.org\",\"@graph\":[{\"@type\":\"WebPage\",\"@id\":\"https:\/\/guidetogreenland.com\/da\/reserver-ferie-rejser\/weekend-pa-nordlandet-nuuk\/\",\"url\":\"https:\/\/guidetogreenland.com\/da\/reserver-ferie-rejser\/weekend-pa-nordlandet-nuuk\/\",\"name\":\"Weekend p\u00e5 Nordlandet | Nuuk | Guide to Greenland\",\"isPartOf\":{\"@id\":\"https:\/\/guidetogreenland.com\/da\/#website\"},\"primaryImageOfPage\":{\"@id\":\"https:\/\/guidetogreenland.com\/da\/reserver-ferie-rejser\/weekend-pa-nordlandet-nuuk\/#primaryimage\"},\"image\":{\"@id\":\"https:\/\/guidetogreenland.com\/da\/reserver-ferie-rejser\/weekend-pa-nordlandet-nuuk\/#primaryimage\"},\"thumbnailUrl\":\"https:\/\/guidetogreenland.com\/wp-content\/uploads\/2020\/06\/sleep-in-the-wilderness-nuuk-Guide-to-Greenland12.jpg\",\"datePublished\":\"2020-06-12T17:26:39+00:00\",\"dateModified\":\"2021-02-11T14:38:51+00:00\",\"breadcrumb\":{\"@id\":\"https:\/\/guidetogreenland.com\/da\/reserver-ferie-rejser\/weekend-pa-nordlandet-nuuk\/#breadcrumb\"},\"inLanguage\":\"da-DK\",\"potentialAction\":[{\"@type\":\"ReadAction\",\"target\":[\"https:\/\/guidetogreenland.com\/da\/reserver-ferie-rejser\/weekend-pa-nordlandet-nuuk\/\"]}]},{\"@type\":\"ImageObject\",\"inLanguage\":\"da-DK\",\"@id\":\"https:\/\/guidetogreenland.com\/da\/reserver-ferie-rejser\/weekend-pa-nordlandet-nuuk\/#primaryimage\",\"url\":\"https:\/\/guidetogreenland.com\/wp-content\/uploads\/2020\/06\/sleep-in-the-wilderness-nuuk-Guide-to-Greenland12.jpg\",\"contentUrl\":\"https:\/\/guidetogreenland.com\/wp-content\/uploads\/2020\/06\/sleep-in-the-wilderness-nuuk-Guide-to-Greenland12.jpg\",\"width\":2220,\"height\":1480},{\"@type\":\"BreadcrumbList\",\"@id\":\"https:\/\/guidetogreenland.com\/da\/reserver-ferie-rejser\/weekend-pa-nordlandet-nuuk\/#breadcrumb\",\"itemListElement\":[{\"@type\":\"ListItem\",\"position\":1,\"name\":\"Home\",\"item\":\"https:\/\/guidetogreenland.com\/da\/\"},{\"@type\":\"ListItem\",\"position\":2,\"name\":\"Se alle ture\",\"item\":\"https:\/\/guidetogreenland.com\/da\/reserver-ferie-rejser\/\"},{\"@type\":\"ListItem\",\"position\":3,\"name\":\"Weekend p\u00e5 Nordlandet | Nuuk\"}]},{\"@type\":\"WebSite\",\"@id\":\"https:\/\/guidetogreenland.com\/da\/#website\",\"url\":\"https:\/\/guidetogreenland.com\/da\/\",\"name\":\"Guide to Greenland\",\"description\":\"Largest selection of tours in Greenland\",\"potentialAction\":[{\"@type\":\"SearchAction\",\"target\":{\"@type\":\"EntryPoint\",\"urlTemplate\":\"https:\/\/guidetogreenland.com\/da\/?s={search_term_string}\"},\"query-input\":{\"@type\":\"PropertyValueSpecification\",\"valueRequired\":true,\"valueName\":\"search_term_string\"}}],\"inLanguage\":\"da-DK\"}]}<\/script>\n<!-- \/ Yoast SEO plugin. -->","yoast_head_json":{"title":"Weekend p\u00e5 Nordlandet | Nuuk | Guide to Greenland","robots":{"index":"index","follow":"follow","max-snippet":"max-snippet:-1","max-image-preview":"max-image-preview:large","max-video-preview":"max-video-preview:-1"},"canonical":"https:\/\/guidetogreenland.com\/da\/reserver-ferie-rejser\/weekend-pa-nordlandet-nuuk\/","og_locale":"da_DK","og_type":"article","og_title":"Weekend p\u00e5 Nordlandet | Nuuk | Guide to Greenland","og_description":"Oplev Nordlandets fantastiske fjordlandskaber fra vores fuldudstyret teltlejr weekenden over! En staycation med mulighed for kanosejlads, vandring og fiskeri, er hvad der er at opleve p\u00e5 denne pakketur!\u00a0Du slipper for besv\u00e6ret med at s\u00f8rge for b\u00e5dtransport, teltudstyr, soveposer, trangia stormk\u00f8kken med mere. Det omkringliggende landskab byder p\u00e5 rige muligheder for vandring, fiskeri, kanosejlads og aktiviteter...","og_url":"https:\/\/guidetogreenland.com\/da\/reserver-ferie-rejser\/weekend-pa-nordlandet-nuuk\/","og_site_name":"Guide to Greenland","article_modified_time":"2021-02-11T14:38:51+00:00","og_image":[{"width":2220,"height":1480,"url":"https:\/\/guidetogreenland.com\/wp-content\/uploads\/2020\/06\/sleep-in-the-wilderness-nuuk-Guide-to-Greenland12.jpg","type":"image\/jpeg"}],"twitter_card":"summary_large_image","twitter_misc":{"Estimeret l\u00e6setid":"1 minut"},"schema":{"@context":"https:\/\/schema.org","@graph":[{"@type":"WebPage","@id":"https:\/\/guidetogreenland.com\/da\/reserver-ferie-rejser\/weekend-pa-nordlandet-nuuk\/","url":"https:\/\/guidetogreenland.com\/da\/reserver-ferie-rejser\/weekend-pa-nordlandet-nuuk\/","name":"Weekend p\u00e5 Nordlandet | Nuuk | Guide to Greenland","isPartOf":{"@id":"https:\/\/guidetogreenland.com\/da\/#website"},"primaryImageOfPage":{"@id":"https:\/\/guidetogreenland.com\/da\/reserver-ferie-rejser\/weekend-pa-nordlandet-nuuk\/#primaryimage"},"image":{"@id":"https:\/\/guidetogreenland.com\/da\/reserver-ferie-rejser\/weekend-pa-nordlandet-nuuk\/#primaryimage"},"thumbnailUrl":"https:\/\/guidetogreenland.com\/wp-content\/uploads\/2020\/06\/sleep-in-the-wilderness-nuuk-Guide-to-Greenland12.jpg","datePublished":"2020-06-12T17:26:39+00:00","dateModified":"2021-02-11T14:38:51+00:00","breadcrumb":{"@id":"https:\/\/guidetogreenland.com\/da\/reserver-ferie-rejser\/weekend-pa-nordlandet-nuuk\/#breadcrumb"},"inLanguage":"da-DK","potentialAction":[{"@type":"ReadAction","target":["https:\/\/guidetogreenland.com\/da\/reserver-ferie-rejser\/weekend-pa-nordlandet-nuuk\/"]}]},{"@type":"ImageObject","inLanguage":"da-DK","@id":"https:\/\/guidetogreenland.com\/da\/reserver-ferie-rejser\/weekend-pa-nordlandet-nuuk\/#primaryimage","url":"https:\/\/guidetogreenland.com\/wp-content\/uploads\/2020\/06\/sleep-in-the-wilderness-nuuk-Guide-to-Greenland12.jpg","contentUrl":"https:\/\/guidetogreenland.com\/wp-content\/uploads\/2020\/06\/sleep-in-the-wilderness-nuuk-Guide-to-Greenland12.jpg","width":2220,"height":1480},{"@type":"BreadcrumbList","@id":"https:\/\/guidetogreenland.com\/da\/reserver-ferie-rejser\/weekend-pa-nordlandet-nuuk\/#breadcrumb","itemListElement":[{"@type":"ListItem","position":1,"name":"Home","item":"https:\/\/guidetogreenland.com\/da\/"},{"@type":"ListItem","position":2,"name":"Se alle ture","item":"https:\/\/guidetogreenland.com\/da\/reserver-ferie-rejser\/"},{"@type":"ListItem","position":3,"name":"Weekend p\u00e5 Nordlandet | Nuuk"}]},{"@type":"WebSite","@id":"https:\/\/guidetogreenland.com\/da\/#website","url":"https:\/\/guidetogreenland.com\/da\/","name":"Guide to Greenland","description":"Largest selection of tours in Greenland","potentialAction":[{"@type":"SearchAction","target":{"@type":"EntryPoint","urlTemplate":"https:\/\/guidetogreenland.com\/da\/?s={search_term_string}"},"query-input":{"@type":"PropertyValueSpecification","valueRequired":true,"valueName":"search_term_string"}}],"inLanguage":"da-DK"}]}},"_links":{"self":[{"href":"https:\/\/guidetogreenland.com\/da\/wp-json\/wp\/v2\/product\/15548","targetHints":{"allow":["GET"]}}],"collection":[{"href":"https:\/\/guidetogreenland.com\/da\/wp-json\/wp\/v2\/product"}],"about":[{"href":"https:\/\/guidetogreenland.com\/da\/wp-json\/wp\/v2\/types\/product"}],"replies":[{"embeddable":true,"href":"https:\/\/guidetogreenland.com\/da\/wp-json\/wp\/v2\/comments?post=15548"}],"wp:featuredmedia":[{"embeddable":true,"href":"https:\/\/guidetogreenland.com\/da\/wp-json\/wp\/v2\/media\/15550"}],"wp:attachment":[{"href":"https:\/\/guidetogreenland.com\/da\/wp-json\/wp\/v2\/media?parent=15548"}],"wp:term":[{"taxonomy":"product_brand","embeddable":true,"href":"https:\/\/guidetogreenland.com\/da\/wp-json\/wp\/v2\/product_brand?post=15548"},{"taxonomy":"product_cat","embeddable":true,"href":"https:\/\/guidetogreenland.com\/da\/wp-json\/wp\/v2\/product_cat?post=15548"},{"taxonomy":"product_tag","embeddable":true,"href":"https:\/\/guidetogreenland.com\/da\/wp-json\/wp\/v2\/product_tag?post=15548"}],"curies":[{"name":"wp","href":"https:\/\/api.w.org\/{rel}","templated":true}]}}