{"id":15576,"date":"2020-06-15T13:06:09","date_gmt":"2020-06-15T13:06:09","guid":{"rendered":"https:\/\/guidetogreenland.com\/book-trips-holiday\/3-days-ilulissat-adventure-ilulissat-disko-bay\/"},"modified":"2021-02-11T15:47:17","modified_gmt":"2021-02-11T15:47:17","slug":"eventyr-i-ilulissat-diskobugt","status":"publish","type":"product","link":"https:\/\/guidetogreenland.com\/da\/reserver-ferie-rejser\/eventyr-i-ilulissat-island-til-gronland-diskobugt\/","title":{"rendered":"Eventyr i Ilulissat | Island Til Gr\u00f8nland | Diskobugt"},"content":{"rendered":"<p>Bes\u00f8g et udn\u00e6vnt UNESCO verdensarvsted. Tag et tur til Arktis &#8211; uber\u00f8rt vildmark og sp\u00e6ndende traditionel inuitkultur. Beliggende p\u00e5 Gr\u00f8nlands vestkyst &#8211; 300 kilometer over polarcirklen &#8211; er den ber\u00f8mte Ilulissat Isfjord &#8220;Kangia&#8221; fyldt med isbjerge fra &#8220;Sermeq Kujalleq&#8221;, som er den mest producerende gletscher p\u00e5 den nordlige halvkugle. Ilulissat by er en sp\u00e6ndende blanding af inuitkultur, moderne liv og tusinde af sl\u00e6dehunde, der pulser under det magiske lys fra midnatssolen.<\/p>\n<p>Dette er en fuldt eskorteret tur til Vestgr\u00f8nland, som inkluderer 4 \u00f8nskeliste-v\u00e6rdige guidet udflugter! V\u00e6lg en dag og\u00a0<strong>book dit eventyr nu!<\/strong><\/p>\n","protected":false},"excerpt":{"rendered":"Bes\u00f8g et udn\u00e6vnt UNESCO verdensarvsted. Tag et tur til Arktis &#8211; uber\u00f8rt vildmark og sp\u00e6ndende traditionel inuitkultur. Beliggende p\u00e5 Gr\u00f8nlands vestkyst &#8211; 300 kilometer over polarcirklen &#8211; er den ber\u00f8mte Ilulissat Isfjord &#8220;Kangia&#8221; fyldt med isbjerge fra &#8220;Sermeq Kujalleq&#8221;, som er den mest producerende gletscher p\u00e5 den nordlige halvkugle. Ilulissat by er en sp\u00e6ndende blanding&#8230;","protected":false},"featured_media":15578,"comment_status":"open","ping_status":"closed","template":"","meta":[],"product_brand":[],"product_cat":[854],"product_tag":[],"class_list":{"0":"post-15576","1":"product","2":"type-product","3":"status-publish","4":"has-post-thumbnail","6":"product_cat-uncategorized-da","7":"pa_activities-groenlandsk-kultur","8":"pa_activities-byrundtur","9":"pa_activities-gletscher-udsigt","10":"pa_activities-isbjerg-udsigt","11":"pa_activities-midnatssol","12":"pa_activities-bygdebesoeg","13":"pa_attractions-eqi-gletscheren","14":"pa_attractions-ilulissat-icefjord","15":"pa_attractions-oqaatsut","16":"pa_attractions-unesco-verdensarv-omraade","17":"pa_available-month-juni","18":"pa_available-month-juli","19":"pa_available-month-august","20":"pa_destinations-ilulissat","21":"pa_difficulty-moderat","22":"pa_duration-3-dage-da","23":"pa_tour-type-pakkerejser","24":"yith_shop_vendor-gj-travel-da","25":"yith_booking_service-single-room-supplement-mandatory-if-travelling-alone-1200","27":"first","28":"instock","29":"virtual","30":"sold-individually","31":"purchasable","32":"product-type-booking"},"acf":[],"yoast_head":"<!-- This site is optimized with the Yoast SEO plugin v25.6 - https:\/\/yoast.com\/wordpress\/plugins\/seo\/ -->\n<title>Eventyr i Ilulissat | Island Til Gr\u00f8nland | Diskobugt | Guide to Greenland<\/title>\n<meta name=\"description\" content=\"Rejs gennem Island til Gr\u00f8nland. Udforsk isbjerge, gletschere og pukkelhvaler i Ilulissat Isfjord. dette er til dig, der elsker Arktis!\" \/>\n<meta name=\"robots\" content=\"index, follow, max-snippet:-1, max-image-preview:large, max-video-preview:-1\" \/>\n<link rel=\"canonical\" href=\"https:\/\/guidetogreenland.com\/da\/reserver-ferie-rejser\/eventyr-i-ilulissat-island-til-gronland-diskobugt\/\" \/>\n<meta property=\"og:locale\" content=\"da_DK\" \/>\n<meta property=\"og:type\" content=\"article\" \/>\n<meta property=\"og:title\" content=\"Eventyr i Ilulissat | Island Til Gr\u00f8nland | Diskobugt | Guide to Greenland\" \/>\n<meta property=\"og:description\" content=\"Rejs gennem Island til Gr\u00f8nland. Udforsk isbjerge, gletschere og pukkelhvaler i Ilulissat Isfjord. dette er til dig, der elsker Arktis!\" \/>\n<meta property=\"og:url\" content=\"https:\/\/guidetogreenland.com\/da\/reserver-ferie-rejser\/eventyr-i-ilulissat-island-til-gronland-diskobugt\/\" \/>\n<meta property=\"og:site_name\" content=\"Guide to Greenland\" \/>\n<meta property=\"article:modified_time\" content=\"2021-02-11T15:47:17+00:00\" \/>\n<meta property=\"og:image\" content=\"https:\/\/guidetogreenland.com\/wp-content\/uploads\/2020\/05\/3-days-ilulissat-adventure-ilulissat-disko-bay-day-Guide-to-Greenland4.jpeg\" \/>\n\t<meta property=\"og:image:width\" content=\"1322\" \/>\n\t<meta property=\"og:image:height\" content=\"661\" \/>\n\t<meta property=\"og:image:type\" content=\"image\/jpeg\" \/>\n<meta name=\"twitter:card\" content=\"summary_large_image\" \/>\n<meta name=\"twitter:label1\" content=\"Estimeret l\u00e6setid\" \/>\n\t<meta name=\"twitter:data1\" content=\"1 minut\" \/>\n<script type=\"application\/ld+json\" class=\"yoast-schema-graph\">{\"@context\":\"https:\/\/schema.org\",\"@graph\":[{\"@type\":\"WebPage\",\"@id\":\"https:\/\/guidetogreenland.com\/da\/reserver-ferie-rejser\/eventyr-i-ilulissat-island-til-gronland-diskobugt\/\",\"url\":\"https:\/\/guidetogreenland.com\/da\/reserver-ferie-rejser\/eventyr-i-ilulissat-island-til-gronland-diskobugt\/\",\"name\":\"Eventyr i Ilulissat | Island Til Gr\u00f8nland | Diskobugt | Guide to Greenland\",\"isPartOf\":{\"@id\":\"https:\/\/guidetogreenland.com\/da\/#website\"},\"primaryImageOfPage\":{\"@id\":\"https:\/\/guidetogreenland.com\/da\/reserver-ferie-rejser\/eventyr-i-ilulissat-island-til-gronland-diskobugt\/#primaryimage\"},\"image\":{\"@id\":\"https:\/\/guidetogreenland.com\/da\/reserver-ferie-rejser\/eventyr-i-ilulissat-island-til-gronland-diskobugt\/#primaryimage\"},\"thumbnailUrl\":\"https:\/\/guidetogreenland.com\/wp-content\/uploads\/2020\/05\/3-days-ilulissat-adventure-ilulissat-disko-bay-day-Guide-to-Greenland4.jpeg\",\"datePublished\":\"2020-06-15T13:06:09+00:00\",\"dateModified\":\"2021-02-11T15:47:17+00:00\",\"description\":\"Rejs gennem Island til Gr\u00f8nland. Udforsk isbjerge, gletschere og pukkelhvaler i Ilulissat Isfjord. dette er til dig, der elsker Arktis!\",\"breadcrumb\":{\"@id\":\"https:\/\/guidetogreenland.com\/da\/reserver-ferie-rejser\/eventyr-i-ilulissat-island-til-gronland-diskobugt\/#breadcrumb\"},\"inLanguage\":\"da-DK\",\"potentialAction\":[{\"@type\":\"ReadAction\",\"target\":[\"https:\/\/guidetogreenland.com\/da\/reserver-ferie-rejser\/eventyr-i-ilulissat-island-til-gronland-diskobugt\/\"]}]},{\"@type\":\"ImageObject\",\"inLanguage\":\"da-DK\",\"@id\":\"https:\/\/guidetogreenland.com\/da\/reserver-ferie-rejser\/eventyr-i-ilulissat-island-til-gronland-diskobugt\/#primaryimage\",\"url\":\"https:\/\/guidetogreenland.com\/wp-content\/uploads\/2020\/05\/3-days-ilulissat-adventure-ilulissat-disko-bay-day-Guide-to-Greenland4.jpeg\",\"contentUrl\":\"https:\/\/guidetogreenland.com\/wp-content\/uploads\/2020\/05\/3-days-ilulissat-adventure-ilulissat-disko-bay-day-Guide-to-Greenland4.jpeg\",\"width\":1322,\"height\":661},{\"@type\":\"BreadcrumbList\",\"@id\":\"https:\/\/guidetogreenland.com\/da\/reserver-ferie-rejser\/eventyr-i-ilulissat-island-til-gronland-diskobugt\/#breadcrumb\",\"itemListElement\":[{\"@type\":\"ListItem\",\"position\":1,\"name\":\"Home\",\"item\":\"https:\/\/guidetogreenland.com\/da\/\"},{\"@type\":\"ListItem\",\"position\":2,\"name\":\"Se alle ture\",\"item\":\"https:\/\/guidetogreenland.com\/da\/reserver-ferie-rejser\/\"},{\"@type\":\"ListItem\",\"position\":3,\"name\":\"Eventyr i Ilulissat | Island Til Gr\u00f8nland | Diskobugt\"}]},{\"@type\":\"WebSite\",\"@id\":\"https:\/\/guidetogreenland.com\/da\/#website\",\"url\":\"https:\/\/guidetogreenland.com\/da\/\",\"name\":\"Guide to Greenland\",\"description\":\"Largest selection of tours in Greenland\",\"potentialAction\":[{\"@type\":\"SearchAction\",\"target\":{\"@type\":\"EntryPoint\",\"urlTemplate\":\"https:\/\/guidetogreenland.com\/da\/?s={search_term_string}\"},\"query-input\":{\"@type\":\"PropertyValueSpecification\",\"valueRequired\":true,\"valueName\":\"search_term_string\"}}],\"inLanguage\":\"da-DK\"}]}<\/script>\n<!-- \/ Yoast SEO plugin. -->","yoast_head_json":{"title":"Eventyr i Ilulissat | Island Til Gr\u00f8nland | Diskobugt | Guide to Greenland","description":"Rejs gennem Island til Gr\u00f8nland. Udforsk isbjerge, gletschere og pukkelhvaler i Ilulissat Isfjord. dette er til dig, der elsker Arktis!","robots":{"index":"index","follow":"follow","max-snippet":"max-snippet:-1","max-image-preview":"max-image-preview:large","max-video-preview":"max-video-preview:-1"},"canonical":"https:\/\/guidetogreenland.com\/da\/reserver-ferie-rejser\/eventyr-i-ilulissat-island-til-gronland-diskobugt\/","og_locale":"da_DK","og_type":"article","og_title":"Eventyr i Ilulissat | Island Til Gr\u00f8nland | Diskobugt | Guide to Greenland","og_description":"Rejs gennem Island til Gr\u00f8nland. Udforsk isbjerge, gletschere og pukkelhvaler i Ilulissat Isfjord. dette er til dig, der elsker Arktis!","og_url":"https:\/\/guidetogreenland.com\/da\/reserver-ferie-rejser\/eventyr-i-ilulissat-island-til-gronland-diskobugt\/","og_site_name":"Guide to Greenland","article_modified_time":"2021-02-11T15:47:17+00:00","og_image":[{"width":1322,"height":661,"url":"https:\/\/guidetogreenland.com\/wp-content\/uploads\/2020\/05\/3-days-ilulissat-adventure-ilulissat-disko-bay-day-Guide-to-Greenland4.jpeg","type":"image\/jpeg"}],"twitter_card":"summary_large_image","twitter_misc":{"Estimeret l\u00e6setid":"1 minut"},"schema":{"@context":"https:\/\/schema.org","@graph":[{"@type":"WebPage","@id":"https:\/\/guidetogreenland.com\/da\/reserver-ferie-rejser\/eventyr-i-ilulissat-island-til-gronland-diskobugt\/","url":"https:\/\/guidetogreenland.com\/da\/reserver-ferie-rejser\/eventyr-i-ilulissat-island-til-gronland-diskobugt\/","name":"Eventyr i Ilulissat | Island Til Gr\u00f8nland | Diskobugt | Guide to Greenland","isPartOf":{"@id":"https:\/\/guidetogreenland.com\/da\/#website"},"primaryImageOfPage":{"@id":"https:\/\/guidetogreenland.com\/da\/reserver-ferie-rejser\/eventyr-i-ilulissat-island-til-gronland-diskobugt\/#primaryimage"},"image":{"@id":"https:\/\/guidetogreenland.com\/da\/reserver-ferie-rejser\/eventyr-i-ilulissat-island-til-gronland-diskobugt\/#primaryimage"},"thumbnailUrl":"https:\/\/guidetogreenland.com\/wp-content\/uploads\/2020\/05\/3-days-ilulissat-adventure-ilulissat-disko-bay-day-Guide-to-Greenland4.jpeg","datePublished":"2020-06-15T13:06:09+00:00","dateModified":"2021-02-11T15:47:17+00:00","description":"Rejs gennem Island til Gr\u00f8nland. Udforsk isbjerge, gletschere og pukkelhvaler i Ilulissat Isfjord. dette er til dig, der elsker Arktis!","breadcrumb":{"@id":"https:\/\/guidetogreenland.com\/da\/reserver-ferie-rejser\/eventyr-i-ilulissat-island-til-gronland-diskobugt\/#breadcrumb"},"inLanguage":"da-DK","potentialAction":[{"@type":"ReadAction","target":["https:\/\/guidetogreenland.com\/da\/reserver-ferie-rejser\/eventyr-i-ilulissat-island-til-gronland-diskobugt\/"]}]},{"@type":"ImageObject","inLanguage":"da-DK","@id":"https:\/\/guidetogreenland.com\/da\/reserver-ferie-rejser\/eventyr-i-ilulissat-island-til-gronland-diskobugt\/#primaryimage","url":"https:\/\/guidetogreenland.com\/wp-content\/uploads\/2020\/05\/3-days-ilulissat-adventure-ilulissat-disko-bay-day-Guide-to-Greenland4.jpeg","contentUrl":"https:\/\/guidetogreenland.com\/wp-content\/uploads\/2020\/05\/3-days-ilulissat-adventure-ilulissat-disko-bay-day-Guide-to-Greenland4.jpeg","width":1322,"height":661},{"@type":"BreadcrumbList","@id":"https:\/\/guidetogreenland.com\/da\/reserver-ferie-rejser\/eventyr-i-ilulissat-island-til-gronland-diskobugt\/#breadcrumb","itemListElement":[{"@type":"ListItem","position":1,"name":"Home","item":"https:\/\/guidetogreenland.com\/da\/"},{"@type":"ListItem","position":2,"name":"Se alle ture","item":"https:\/\/guidetogreenland.com\/da\/reserver-ferie-rejser\/"},{"@type":"ListItem","position":3,"name":"Eventyr i Ilulissat | Island Til Gr\u00f8nland | Diskobugt"}]},{"@type":"WebSite","@id":"https:\/\/guidetogreenland.com\/da\/#website","url":"https:\/\/guidetogreenland.com\/da\/","name":"Guide to Greenland","description":"Largest selection of tours in Greenland","potentialAction":[{"@type":"SearchAction","target":{"@type":"EntryPoint","urlTemplate":"https:\/\/guidetogreenland.com\/da\/?s={search_term_string}"},"query-input":{"@type":"PropertyValueSpecification","valueRequired":true,"valueName":"search_term_string"}}],"inLanguage":"da-DK"}]}},"_links":{"self":[{"href":"https:\/\/guidetogreenland.com\/da\/wp-json\/wp\/v2\/product\/15576","targetHints":{"allow":["GET"]}}],"collection":[{"href":"https:\/\/guidetogreenland.com\/da\/wp-json\/wp\/v2\/product"}],"about":[{"href":"https:\/\/guidetogreenland.com\/da\/wp-json\/wp\/v2\/types\/product"}],"replies":[{"embeddable":true,"href":"https:\/\/guidetogreenland.com\/da\/wp-json\/wp\/v2\/comments?post=15576"}],"wp:featuredmedia":[{"embeddable":true,"href":"https:\/\/guidetogreenland.com\/da\/wp-json\/wp\/v2\/media\/15578"}],"wp:attachment":[{"href":"https:\/\/guidetogreenland.com\/da\/wp-json\/wp\/v2\/media?parent=15576"}],"wp:term":[{"taxonomy":"product_brand","embeddable":true,"href":"https:\/\/guidetogreenland.com\/da\/wp-json\/wp\/v2\/product_brand?post=15576"},{"taxonomy":"product_cat","embeddable":true,"href":"https:\/\/guidetogreenland.com\/da\/wp-json\/wp\/v2\/product_cat?post=15576"},{"taxonomy":"product_tag","embeddable":true,"href":"https:\/\/guidetogreenland.com\/da\/wp-json\/wp\/v2\/product_tag?post=15576"}],"curies":[{"name":"wp","href":"https:\/\/api.w.org\/{rel}","templated":true}]}}