{"id":15591,"date":"2020-06-11T14:16:48","date_gmt":"2020-06-11T14:16:48","guid":{"rendered":"https:\/\/guidetogreenland.com\/book-trips-holiday\/4-day-highlights-of-winter-ilulissat-disko-bay\/"},"modified":"2023-03-24T15:48:14","modified_gmt":"2023-03-24T18:48:14","slug":"vinter-eventyr-ilulissat-diskobugt","status":"publish","type":"product","link":"https:\/\/guidetogreenland.com\/da\/reserver-ferie-rejser\/vintereventyr-ilulissat-diskobugten\/","title":{"rendered":"Vintereventyr | Ilulissat | Diskobugten"},"content":{"rendered":"<p class=\"x-18pep25\">Kom med til Gr\u00f8nland og oplev at sejle mellem isbjerge, den gr\u00f8nlandske g\u00e6stfrihed og at k\u00f8re hundesl\u00e6de i en hel dag.<\/p>\n<p class=\"x-18pep25\">Dette fantastiske eventyr starter fra lufthavnen i Reykjav\u00edk, herfra vil du flyve direkte til Ilulissat.<\/p>\n<p class=\"x-18pep25\">Fra lufthavnen i Ilulissat vil du blive transporteret til dit hotel, hvor du lige vil have et lille \u00f8jeblik til at pakke ud f\u00f8r eventyret rigtig g\u00e5r i gang.<\/p>\n<p class=\"e1imf5dp0 x-jm2771\">Ilulissat ligger smukt placeret med en betagende udsigt over en fjord fuld af isbjerge. Det er som at kigge p\u00e5 en maleri, n\u00e5r solen blidt skinner p\u00e5 isbjergene, der stille flyder mod det store hav. Isbjergene kommer fra de<span class=\"x-12abj6v e1uuu2lt3\">n store Sermeq Kujalleq gletsjer, ud fra deres k\u00e6mpe st\u00f8rrelse kan man m\u00e5ske f\u00e5 en fornemmelse af, hvor stor gletsjeren er &#8211; da de store isbjerge faktisk kun udg\u00f8r sm\u00e5 stykker af denne gletsjer.<\/span><\/p>\n<p class=\"e1imf5dp0 x-jm2771\"><span class=\"x-12abj6v e1uuu2lt3\">Ilulissat er placeret 250 km nord for polar cirklen, hvilket betyder at man ikke ser s\u00e5 meget til solen om vinteren &#8211; derimod skinner der hele d\u00f8gnet om sommeren. Vinteren er dog den tid, hvor du har mulighed for at se nordlyset danse og k\u00f8re hundesl\u00e6de. Se programmet for turen nedenunder.<\/span><\/p>\n","protected":false},"excerpt":{"rendered":"Kom med til Gr\u00f8nland og oplev at sejle mellem isbjerge, den gr\u00f8nlandske g\u00e6stfrihed og at k\u00f8re hundesl\u00e6de i en hel dag. Dette fantastiske eventyr starter fra lufthavnen i Reykjav\u00edk, herfra vil du flyve direkte til Ilulissat. Fra lufthavnen i Ilulissat vil du blive transporteret til dit hotel, hvor du lige vil have et lille \u00f8jeblik&#8230;","protected":false},"featured_media":15593,"comment_status":"open","ping_status":"closed","template":"","meta":[],"product_brand":[],"product_cat":[629,638,607,692,617,635,627,644,641],"product_tag":[919],"class_list":{"0":"post-15591","1":"product","2":"type-product","3":"status-publish","4":"has-post-thumbnail","6":"product_cat-disko-bugten","7":"product_cat-groenland-og-island","8":"product_cat-hundeslaedeture","9":"product_cat-iceberg-icefjord-tours","10":"product_cat-ilulissat-isfjord-ture","11":"product_cat-pakkerejser","12":"product_cat-ture-i-bestemte-omraader","13":"product_cat-ture-i-ilulissat","14":"product_cat-vinterrejser","15":"product_tag-ilulissat-da","16":"pa_activities-hundeslaede","17":"pa_activities-byrundtur","18":"pa_activities-isbjerg-udsigt","19":"pa_activities-kaffemik","20":"pa_attractions-ilulissat-icefjord-da","21":"pa_attractions-unesco-verdensarv-omraade","22":"pa_available-month-marts","23":"pa_available-month-april","24":"pa_destinations-ilulissat","25":"pa_difficulty-let","26":"pa_duration-4-dage","27":"pa_tour-type-flerdags-ture","28":"yith_shop_vendor-gj-travel-da","30":"first","31":"instock","32":"virtual","33":"sold-individually","34":"purchasable","35":"product-type-booking"},"acf":[],"yoast_head":"<!-- This site is optimized with the Yoast SEO plugin v25.6 - https:\/\/yoast.com\/wordpress\/plugins\/seo\/ -->\n<title>Vintereventyr | Ilulissat | Diskobugten | Guide to Greenland<\/title>\n<meta name=\"description\" content=\"Bes\u00f8g Gr\u00f8nland fra Island p\u00e5 dette vintereventyr i Ilulissat. Hundesl\u00e6dek\u00f8rsel og arktisk krydstogt til Indlandsisen venter p\u00e5 dig.\" \/>\n<meta name=\"robots\" content=\"index, follow, max-snippet:-1, max-image-preview:large, max-video-preview:-1\" \/>\n<link rel=\"canonical\" href=\"https:\/\/guidetogreenland.com\/da\/reserver-ferie-rejser\/vintereventyr-ilulissat-diskobugten\/\" \/>\n<meta property=\"og:locale\" content=\"da_DK\" \/>\n<meta property=\"og:type\" content=\"article\" \/>\n<meta property=\"og:title\" content=\"Vintereventyr | Ilulissat | Diskobugten | Guide to Greenland\" \/>\n<meta property=\"og:description\" content=\"Bes\u00f8g Gr\u00f8nland fra Island p\u00e5 dette vintereventyr i Ilulissat. Hundesl\u00e6dek\u00f8rsel og arktisk krydstogt til Indlandsisen venter p\u00e5 dig.\" \/>\n<meta property=\"og:url\" content=\"https:\/\/guidetogreenland.com\/da\/reserver-ferie-rejser\/vintereventyr-ilulissat-diskobugten\/\" \/>\n<meta property=\"og:site_name\" content=\"Guide to Greenland\" \/>\n<meta property=\"article:modified_time\" content=\"2023-03-24T18:48:14+00:00\" \/>\n<meta property=\"og:image\" content=\"https:\/\/guidetogreenland.com\/wp-content\/uploads\/2020\/05\/4-day-highlights-of-winter-ilulissat-disko-bay-Guide-to-Greenland14.jpg\" \/>\n\t<meta property=\"og:image:width\" content=\"798\" \/>\n\t<meta property=\"og:image:height\" content=\"294\" \/>\n\t<meta property=\"og:image:type\" content=\"image\/jpeg\" \/>\n<meta name=\"twitter:card\" content=\"summary_large_image\" \/>\n<meta name=\"twitter:label1\" content=\"Estimeret l\u00e6setid\" \/>\n\t<meta name=\"twitter:data1\" content=\"1 minut\" \/>\n<script type=\"application\/ld+json\" class=\"yoast-schema-graph\">{\"@context\":\"https:\/\/schema.org\",\"@graph\":[{\"@type\":\"WebPage\",\"@id\":\"https:\/\/guidetogreenland.com\/da\/reserver-ferie-rejser\/vintereventyr-ilulissat-diskobugten\/\",\"url\":\"https:\/\/guidetogreenland.com\/da\/reserver-ferie-rejser\/vintereventyr-ilulissat-diskobugten\/\",\"name\":\"Vintereventyr | Ilulissat | Diskobugten | Guide to Greenland\",\"isPartOf\":{\"@id\":\"https:\/\/guidetogreenland.com\/da\/#website\"},\"primaryImageOfPage\":{\"@id\":\"https:\/\/guidetogreenland.com\/da\/reserver-ferie-rejser\/vintereventyr-ilulissat-diskobugten\/#primaryimage\"},\"image\":{\"@id\":\"https:\/\/guidetogreenland.com\/da\/reserver-ferie-rejser\/vintereventyr-ilulissat-diskobugten\/#primaryimage\"},\"thumbnailUrl\":\"https:\/\/guidetogreenland.com\/wp-content\/uploads\/2020\/05\/4-day-highlights-of-winter-ilulissat-disko-bay-Guide-to-Greenland14.jpg\",\"datePublished\":\"2020-06-11T14:16:48+00:00\",\"dateModified\":\"2023-03-24T18:48:14+00:00\",\"description\":\"Bes\u00f8g Gr\u00f8nland fra Island p\u00e5 dette vintereventyr i Ilulissat. Hundesl\u00e6dek\u00f8rsel og arktisk krydstogt til Indlandsisen venter p\u00e5 dig.\",\"breadcrumb\":{\"@id\":\"https:\/\/guidetogreenland.com\/da\/reserver-ferie-rejser\/vintereventyr-ilulissat-diskobugten\/#breadcrumb\"},\"inLanguage\":\"da-DK\",\"potentialAction\":[{\"@type\":\"ReadAction\",\"target\":[\"https:\/\/guidetogreenland.com\/da\/reserver-ferie-rejser\/vintereventyr-ilulissat-diskobugten\/\"]}]},{\"@type\":\"ImageObject\",\"inLanguage\":\"da-DK\",\"@id\":\"https:\/\/guidetogreenland.com\/da\/reserver-ferie-rejser\/vintereventyr-ilulissat-diskobugten\/#primaryimage\",\"url\":\"https:\/\/guidetogreenland.com\/wp-content\/uploads\/2020\/05\/4-day-highlights-of-winter-ilulissat-disko-bay-Guide-to-Greenland14.jpg\",\"contentUrl\":\"https:\/\/guidetogreenland.com\/wp-content\/uploads\/2020\/05\/4-day-highlights-of-winter-ilulissat-disko-bay-Guide-to-Greenland14.jpg\",\"width\":798,\"height\":294},{\"@type\":\"BreadcrumbList\",\"@id\":\"https:\/\/guidetogreenland.com\/da\/reserver-ferie-rejser\/vintereventyr-ilulissat-diskobugten\/#breadcrumb\",\"itemListElement\":[{\"@type\":\"ListItem\",\"position\":1,\"name\":\"Home\",\"item\":\"https:\/\/guidetogreenland.com\/da\/\"},{\"@type\":\"ListItem\",\"position\":2,\"name\":\"Se alle ture\",\"item\":\"https:\/\/guidetogreenland.com\/da\/reserver-ferie-rejser\/\"},{\"@type\":\"ListItem\",\"position\":3,\"name\":\"Vintereventyr | Ilulissat | Diskobugten\"}]},{\"@type\":\"WebSite\",\"@id\":\"https:\/\/guidetogreenland.com\/da\/#website\",\"url\":\"https:\/\/guidetogreenland.com\/da\/\",\"name\":\"Guide to Greenland\",\"description\":\"Largest selection of tours in Greenland\",\"potentialAction\":[{\"@type\":\"SearchAction\",\"target\":{\"@type\":\"EntryPoint\",\"urlTemplate\":\"https:\/\/guidetogreenland.com\/da\/?s={search_term_string}\"},\"query-input\":{\"@type\":\"PropertyValueSpecification\",\"valueRequired\":true,\"valueName\":\"search_term_string\"}}],\"inLanguage\":\"da-DK\"}]}<\/script>\n<!-- \/ Yoast SEO plugin. -->","yoast_head_json":{"title":"Vintereventyr | Ilulissat | Diskobugten | Guide to Greenland","description":"Bes\u00f8g Gr\u00f8nland fra Island p\u00e5 dette vintereventyr i Ilulissat. Hundesl\u00e6dek\u00f8rsel og arktisk krydstogt til Indlandsisen venter p\u00e5 dig.","robots":{"index":"index","follow":"follow","max-snippet":"max-snippet:-1","max-image-preview":"max-image-preview:large","max-video-preview":"max-video-preview:-1"},"canonical":"https:\/\/guidetogreenland.com\/da\/reserver-ferie-rejser\/vintereventyr-ilulissat-diskobugten\/","og_locale":"da_DK","og_type":"article","og_title":"Vintereventyr | Ilulissat | Diskobugten | Guide to Greenland","og_description":"Bes\u00f8g Gr\u00f8nland fra Island p\u00e5 dette vintereventyr i Ilulissat. Hundesl\u00e6dek\u00f8rsel og arktisk krydstogt til Indlandsisen venter p\u00e5 dig.","og_url":"https:\/\/guidetogreenland.com\/da\/reserver-ferie-rejser\/vintereventyr-ilulissat-diskobugten\/","og_site_name":"Guide to Greenland","article_modified_time":"2023-03-24T18:48:14+00:00","og_image":[{"width":798,"height":294,"url":"https:\/\/guidetogreenland.com\/wp-content\/uploads\/2020\/05\/4-day-highlights-of-winter-ilulissat-disko-bay-Guide-to-Greenland14.jpg","type":"image\/jpeg"}],"twitter_card":"summary_large_image","twitter_misc":{"Estimeret l\u00e6setid":"1 minut"},"schema":{"@context":"https:\/\/schema.org","@graph":[{"@type":"WebPage","@id":"https:\/\/guidetogreenland.com\/da\/reserver-ferie-rejser\/vintereventyr-ilulissat-diskobugten\/","url":"https:\/\/guidetogreenland.com\/da\/reserver-ferie-rejser\/vintereventyr-ilulissat-diskobugten\/","name":"Vintereventyr | Ilulissat | Diskobugten | Guide to Greenland","isPartOf":{"@id":"https:\/\/guidetogreenland.com\/da\/#website"},"primaryImageOfPage":{"@id":"https:\/\/guidetogreenland.com\/da\/reserver-ferie-rejser\/vintereventyr-ilulissat-diskobugten\/#primaryimage"},"image":{"@id":"https:\/\/guidetogreenland.com\/da\/reserver-ferie-rejser\/vintereventyr-ilulissat-diskobugten\/#primaryimage"},"thumbnailUrl":"https:\/\/guidetogreenland.com\/wp-content\/uploads\/2020\/05\/4-day-highlights-of-winter-ilulissat-disko-bay-Guide-to-Greenland14.jpg","datePublished":"2020-06-11T14:16:48+00:00","dateModified":"2023-03-24T18:48:14+00:00","description":"Bes\u00f8g Gr\u00f8nland fra Island p\u00e5 dette vintereventyr i Ilulissat. Hundesl\u00e6dek\u00f8rsel og arktisk krydstogt til Indlandsisen venter p\u00e5 dig.","breadcrumb":{"@id":"https:\/\/guidetogreenland.com\/da\/reserver-ferie-rejser\/vintereventyr-ilulissat-diskobugten\/#breadcrumb"},"inLanguage":"da-DK","potentialAction":[{"@type":"ReadAction","target":["https:\/\/guidetogreenland.com\/da\/reserver-ferie-rejser\/vintereventyr-ilulissat-diskobugten\/"]}]},{"@type":"ImageObject","inLanguage":"da-DK","@id":"https:\/\/guidetogreenland.com\/da\/reserver-ferie-rejser\/vintereventyr-ilulissat-diskobugten\/#primaryimage","url":"https:\/\/guidetogreenland.com\/wp-content\/uploads\/2020\/05\/4-day-highlights-of-winter-ilulissat-disko-bay-Guide-to-Greenland14.jpg","contentUrl":"https:\/\/guidetogreenland.com\/wp-content\/uploads\/2020\/05\/4-day-highlights-of-winter-ilulissat-disko-bay-Guide-to-Greenland14.jpg","width":798,"height":294},{"@type":"BreadcrumbList","@id":"https:\/\/guidetogreenland.com\/da\/reserver-ferie-rejser\/vintereventyr-ilulissat-diskobugten\/#breadcrumb","itemListElement":[{"@type":"ListItem","position":1,"name":"Home","item":"https:\/\/guidetogreenland.com\/da\/"},{"@type":"ListItem","position":2,"name":"Se alle ture","item":"https:\/\/guidetogreenland.com\/da\/reserver-ferie-rejser\/"},{"@type":"ListItem","position":3,"name":"Vintereventyr | Ilulissat | Diskobugten"}]},{"@type":"WebSite","@id":"https:\/\/guidetogreenland.com\/da\/#website","url":"https:\/\/guidetogreenland.com\/da\/","name":"Guide to Greenland","description":"Largest selection of tours in Greenland","potentialAction":[{"@type":"SearchAction","target":{"@type":"EntryPoint","urlTemplate":"https:\/\/guidetogreenland.com\/da\/?s={search_term_string}"},"query-input":{"@type":"PropertyValueSpecification","valueRequired":true,"valueName":"search_term_string"}}],"inLanguage":"da-DK"}]}},"_links":{"self":[{"href":"https:\/\/guidetogreenland.com\/da\/wp-json\/wp\/v2\/product\/15591","targetHints":{"allow":["GET"]}}],"collection":[{"href":"https:\/\/guidetogreenland.com\/da\/wp-json\/wp\/v2\/product"}],"about":[{"href":"https:\/\/guidetogreenland.com\/da\/wp-json\/wp\/v2\/types\/product"}],"replies":[{"embeddable":true,"href":"https:\/\/guidetogreenland.com\/da\/wp-json\/wp\/v2\/comments?post=15591"}],"wp:featuredmedia":[{"embeddable":true,"href":"https:\/\/guidetogreenland.com\/da\/wp-json\/wp\/v2\/media\/15593"}],"wp:attachment":[{"href":"https:\/\/guidetogreenland.com\/da\/wp-json\/wp\/v2\/media?parent=15591"}],"wp:term":[{"taxonomy":"product_brand","embeddable":true,"href":"https:\/\/guidetogreenland.com\/da\/wp-json\/wp\/v2\/product_brand?post=15591"},{"taxonomy":"product_cat","embeddable":true,"href":"https:\/\/guidetogreenland.com\/da\/wp-json\/wp\/v2\/product_cat?post=15591"},{"taxonomy":"product_tag","embeddable":true,"href":"https:\/\/guidetogreenland.com\/da\/wp-json\/wp\/v2\/product_tag?post=15591"}],"curies":[{"name":"wp","href":"https:\/\/api.w.org\/{rel}","templated":true}]}}