{"id":15614,"date":"2020-05-20T16:01:49","date_gmt":"2020-05-20T16:01:49","guid":{"rendered":"https:\/\/guidetogreenland.com\/book-trips-holiday\/arctic-char-ice-fishing-nuuk\/"},"modified":"2021-02-11T17:53:47","modified_gmt":"2021-02-11T17:53:47","slug":"isfiskeri-af-arktisk-oerred-nuuk","status":"publish","type":"product","link":"https:\/\/guidetogreenland.com\/da\/reserver-ferie-rejser\/isfiskeri-af-arktisk-orred-nuuk\/","title":{"rendered":"Isfiskeri af arktisk \u00f8rred | Nuuk"},"content":{"rendered":"<p><span style=\"font-weight: 400;\">Nyd sejlads, vandreture og isfiskeri p\u00e5 \u00e9n dag. Du tager afsted i en \u00e5ben b\u00e5d til Akia n\u00e6r Nuuk. Efter kun 20 minutters sejlads ankommer du til en strand, og efter cirka 15 minutters g\u00e5tur med snesko p\u00e5, kommer du til den frosne s\u00f8.<\/span><\/p>\n<p><span style=\"font-weight: 400;\">Vi har sat et stort telt op med lidt varme, s\u00e5 du kan g\u00e5 ind og varme op eller spise dig et m\u00e5ltid. Dette omr\u00e5de er t\u00e6t p\u00e5 Nuuk, og alligevel vil du v\u00e6re uden for r\u00e6kkevidde til netv\u00e6rk og opleve den rene gr\u00f8nlandske vildmark.<\/span><\/p>\n<p><span style=\"font-weight: 400;\">Vi vil medbringe de medf\u00f8lgende fiskeredskaber, og nu kan du fiske hvor som helst du v\u00e6lger, men der er et bestemt sted, hvor vi har fanget en k\u00e6mpestor 43 cm lang Arktisk \u00f8rred, som vi kan anbefale.<\/span><\/p>\n<p><span style=\"font-weight: 400;\">Landskabet omkring s\u00f8en er forbl\u00f8ffende og v\u00e6rd at udforske, hvis du gerne vil str\u00e6kke benene. Ofte kan du se \u00f8rne, polarharer og klipperevner i omr\u00e5det.<\/span><span style=\"font-weight: 400;\">V\u00e6lg din foretrukne dato, og klik p\u00e5 &#8216;<\/span><b>Book nu&#8217;<\/b><span style=\"font-weight: 400;\"> for at reservere din plads.<\/span><\/p>\n","protected":false},"excerpt":{"rendered":"Nyd sejlads, vandreture og isfiskeri p\u00e5 \u00e9n dag. Du tager afsted i en \u00e5ben b\u00e5d til Akia n\u00e6r Nuuk. Efter kun 20 minutters sejlads ankommer du til en strand, og efter cirka 15 minutters g\u00e5tur med snesko p\u00e5, kommer du til den frosne s\u00f8. Vi har sat et stort telt op med lidt varme, s\u00e5&#8230;","protected":false},"featured_media":15615,"comment_status":"open","ping_status":"closed","template":"","meta":[],"product_brand":[],"product_cat":[606,613,593,652,633],"product_tag":[893],"class_list":{"0":"post-15614","1":"product","2":"type-product","3":"status-publish","4":"has-post-thumbnail","6":"product_cat-dagsture-om-vinteren","7":"product_cat-fisketure","8":"product_cat-oplevelser-i-groenland","9":"product_cat-ture-i-nuuk","10":"product_cat-vestgroenland","11":"product_tag-nuuk-da","12":"pa_activities-baadtur","13":"pa_activities-vandretur","14":"pa_activities-fiskeri","15":"pa_activities-snesko","16":"pa_activities-skiing-da","17":"pa_attractions-nuuk-fjord","18":"pa_available-month-januar","19":"pa_available-month-februar","20":"pa_available-month-marts","21":"pa_available-month-april","22":"pa_available-month-maj","23":"pa_available-month-november","24":"pa_available-month-december","25":"pa_destinations-nuuk","26":"pa_difficulty-let","27":"pa_duration-8-timer","28":"pa_tour-type-dagsture","29":"yith_shop_vendor-nuuk-adventure-da","31":"first","32":"instock","33":"virtual","34":"sold-individually","35":"purchasable","36":"product-type-booking"},"acf":[],"yoast_head":"<!-- This site is optimized with the Yoast SEO plugin v25.6 - https:\/\/yoast.com\/wordpress\/plugins\/seo\/ -->\n<title>Isfiskeri af arktisk \u00f8rred | Nuuk | Guide to Greenland<\/title>\n<meta name=\"robots\" content=\"index, follow, max-snippet:-1, max-image-preview:large, max-video-preview:-1\" \/>\n<link rel=\"canonical\" href=\"https:\/\/guidetogreenland.com\/da\/reserver-ferie-rejser\/isfiskeri-af-arktisk-orred-nuuk\/\" \/>\n<meta property=\"og:locale\" content=\"da_DK\" \/>\n<meta property=\"og:type\" content=\"article\" \/>\n<meta property=\"og:title\" content=\"Isfiskeri af arktisk \u00f8rred | Nuuk | Guide to Greenland\" \/>\n<meta property=\"og:description\" content=\"Nyd sejlads, vandreture og isfiskeri p\u00e5 \u00e9n dag. Du tager afsted i en \u00e5ben b\u00e5d til Akia n\u00e6r Nuuk. Efter kun 20 minutters sejlads ankommer du til en strand, og efter cirka 15 minutters g\u00e5tur med snesko p\u00e5, kommer du til den frosne s\u00f8. Vi har sat et stort telt op med lidt varme, s\u00e5...\" \/>\n<meta property=\"og:url\" content=\"https:\/\/guidetogreenland.com\/da\/reserver-ferie-rejser\/isfiskeri-af-arktisk-orred-nuuk\/\" \/>\n<meta property=\"og:site_name\" content=\"Guide to Greenland\" \/>\n<meta property=\"article:modified_time\" content=\"2021-02-11T17:53:47+00:00\" \/>\n<meta property=\"og:image\" content=\"https:\/\/guidetogreenland.com\/wp-content\/uploads\/2020\/05\/Arctic-Char-Icefishing-Nuuk-Guide-to-Greenland1.jpg\" \/>\n\t<meta property=\"og:image:width\" content=\"983\" \/>\n\t<meta property=\"og:image:height\" content=\"656\" \/>\n\t<meta property=\"og:image:type\" content=\"image\/jpeg\" \/>\n<meta name=\"twitter:card\" content=\"summary_large_image\" \/>\n<meta name=\"twitter:label1\" content=\"Estimeret l\u00e6setid\" \/>\n\t<meta name=\"twitter:data1\" content=\"1 minut\" \/>\n<script type=\"application\/ld+json\" class=\"yoast-schema-graph\">{\"@context\":\"https:\/\/schema.org\",\"@graph\":[{\"@type\":\"WebPage\",\"@id\":\"https:\/\/guidetogreenland.com\/da\/reserver-ferie-rejser\/isfiskeri-af-arktisk-orred-nuuk\/\",\"url\":\"https:\/\/guidetogreenland.com\/da\/reserver-ferie-rejser\/isfiskeri-af-arktisk-orred-nuuk\/\",\"name\":\"Isfiskeri af arktisk \u00f8rred | Nuuk | Guide to Greenland\",\"isPartOf\":{\"@id\":\"https:\/\/guidetogreenland.com\/da\/#website\"},\"primaryImageOfPage\":{\"@id\":\"https:\/\/guidetogreenland.com\/da\/reserver-ferie-rejser\/isfiskeri-af-arktisk-orred-nuuk\/#primaryimage\"},\"image\":{\"@id\":\"https:\/\/guidetogreenland.com\/da\/reserver-ferie-rejser\/isfiskeri-af-arktisk-orred-nuuk\/#primaryimage\"},\"thumbnailUrl\":\"https:\/\/guidetogreenland.com\/wp-content\/uploads\/2020\/05\/Arctic-Char-Icefishing-Nuuk-Guide-to-Greenland1.jpg\",\"datePublished\":\"2020-05-20T16:01:49+00:00\",\"dateModified\":\"2021-02-11T17:53:47+00:00\",\"breadcrumb\":{\"@id\":\"https:\/\/guidetogreenland.com\/da\/reserver-ferie-rejser\/isfiskeri-af-arktisk-orred-nuuk\/#breadcrumb\"},\"inLanguage\":\"da-DK\",\"potentialAction\":[{\"@type\":\"ReadAction\",\"target\":[\"https:\/\/guidetogreenland.com\/da\/reserver-ferie-rejser\/isfiskeri-af-arktisk-orred-nuuk\/\"]}]},{\"@type\":\"ImageObject\",\"inLanguage\":\"da-DK\",\"@id\":\"https:\/\/guidetogreenland.com\/da\/reserver-ferie-rejser\/isfiskeri-af-arktisk-orred-nuuk\/#primaryimage\",\"url\":\"https:\/\/guidetogreenland.com\/wp-content\/uploads\/2020\/05\/Arctic-Char-Icefishing-Nuuk-Guide-to-Greenland1.jpg\",\"contentUrl\":\"https:\/\/guidetogreenland.com\/wp-content\/uploads\/2020\/05\/Arctic-Char-Icefishing-Nuuk-Guide-to-Greenland1.jpg\",\"width\":983,\"height\":656},{\"@type\":\"BreadcrumbList\",\"@id\":\"https:\/\/guidetogreenland.com\/da\/reserver-ferie-rejser\/isfiskeri-af-arktisk-orred-nuuk\/#breadcrumb\",\"itemListElement\":[{\"@type\":\"ListItem\",\"position\":1,\"name\":\"Home\",\"item\":\"https:\/\/guidetogreenland.com\/da\/\"},{\"@type\":\"ListItem\",\"position\":2,\"name\":\"Se alle ture\",\"item\":\"https:\/\/guidetogreenland.com\/da\/reserver-ferie-rejser\/\"},{\"@type\":\"ListItem\",\"position\":3,\"name\":\"Isfiskeri af arktisk \u00f8rred | Nuuk\"}]},{\"@type\":\"WebSite\",\"@id\":\"https:\/\/guidetogreenland.com\/da\/#website\",\"url\":\"https:\/\/guidetogreenland.com\/da\/\",\"name\":\"Guide to Greenland\",\"description\":\"Largest selection of tours in Greenland\",\"potentialAction\":[{\"@type\":\"SearchAction\",\"target\":{\"@type\":\"EntryPoint\",\"urlTemplate\":\"https:\/\/guidetogreenland.com\/da\/?s={search_term_string}\"},\"query-input\":{\"@type\":\"PropertyValueSpecification\",\"valueRequired\":true,\"valueName\":\"search_term_string\"}}],\"inLanguage\":\"da-DK\"}]}<\/script>\n<!-- \/ Yoast SEO plugin. -->","yoast_head_json":{"title":"Isfiskeri af arktisk \u00f8rred | Nuuk | Guide to Greenland","robots":{"index":"index","follow":"follow","max-snippet":"max-snippet:-1","max-image-preview":"max-image-preview:large","max-video-preview":"max-video-preview:-1"},"canonical":"https:\/\/guidetogreenland.com\/da\/reserver-ferie-rejser\/isfiskeri-af-arktisk-orred-nuuk\/","og_locale":"da_DK","og_type":"article","og_title":"Isfiskeri af arktisk \u00f8rred | Nuuk | Guide to Greenland","og_description":"Nyd sejlads, vandreture og isfiskeri p\u00e5 \u00e9n dag. Du tager afsted i en \u00e5ben b\u00e5d til Akia n\u00e6r Nuuk. Efter kun 20 minutters sejlads ankommer du til en strand, og efter cirka 15 minutters g\u00e5tur med snesko p\u00e5, kommer du til den frosne s\u00f8. Vi har sat et stort telt op med lidt varme, s\u00e5...","og_url":"https:\/\/guidetogreenland.com\/da\/reserver-ferie-rejser\/isfiskeri-af-arktisk-orred-nuuk\/","og_site_name":"Guide to Greenland","article_modified_time":"2021-02-11T17:53:47+00:00","og_image":[{"width":983,"height":656,"url":"https:\/\/guidetogreenland.com\/wp-content\/uploads\/2020\/05\/Arctic-Char-Icefishing-Nuuk-Guide-to-Greenland1.jpg","type":"image\/jpeg"}],"twitter_card":"summary_large_image","twitter_misc":{"Estimeret l\u00e6setid":"1 minut"},"schema":{"@context":"https:\/\/schema.org","@graph":[{"@type":"WebPage","@id":"https:\/\/guidetogreenland.com\/da\/reserver-ferie-rejser\/isfiskeri-af-arktisk-orred-nuuk\/","url":"https:\/\/guidetogreenland.com\/da\/reserver-ferie-rejser\/isfiskeri-af-arktisk-orred-nuuk\/","name":"Isfiskeri af arktisk \u00f8rred | Nuuk | Guide to Greenland","isPartOf":{"@id":"https:\/\/guidetogreenland.com\/da\/#website"},"primaryImageOfPage":{"@id":"https:\/\/guidetogreenland.com\/da\/reserver-ferie-rejser\/isfiskeri-af-arktisk-orred-nuuk\/#primaryimage"},"image":{"@id":"https:\/\/guidetogreenland.com\/da\/reserver-ferie-rejser\/isfiskeri-af-arktisk-orred-nuuk\/#primaryimage"},"thumbnailUrl":"https:\/\/guidetogreenland.com\/wp-content\/uploads\/2020\/05\/Arctic-Char-Icefishing-Nuuk-Guide-to-Greenland1.jpg","datePublished":"2020-05-20T16:01:49+00:00","dateModified":"2021-02-11T17:53:47+00:00","breadcrumb":{"@id":"https:\/\/guidetogreenland.com\/da\/reserver-ferie-rejser\/isfiskeri-af-arktisk-orred-nuuk\/#breadcrumb"},"inLanguage":"da-DK","potentialAction":[{"@type":"ReadAction","target":["https:\/\/guidetogreenland.com\/da\/reserver-ferie-rejser\/isfiskeri-af-arktisk-orred-nuuk\/"]}]},{"@type":"ImageObject","inLanguage":"da-DK","@id":"https:\/\/guidetogreenland.com\/da\/reserver-ferie-rejser\/isfiskeri-af-arktisk-orred-nuuk\/#primaryimage","url":"https:\/\/guidetogreenland.com\/wp-content\/uploads\/2020\/05\/Arctic-Char-Icefishing-Nuuk-Guide-to-Greenland1.jpg","contentUrl":"https:\/\/guidetogreenland.com\/wp-content\/uploads\/2020\/05\/Arctic-Char-Icefishing-Nuuk-Guide-to-Greenland1.jpg","width":983,"height":656},{"@type":"BreadcrumbList","@id":"https:\/\/guidetogreenland.com\/da\/reserver-ferie-rejser\/isfiskeri-af-arktisk-orred-nuuk\/#breadcrumb","itemListElement":[{"@type":"ListItem","position":1,"name":"Home","item":"https:\/\/guidetogreenland.com\/da\/"},{"@type":"ListItem","position":2,"name":"Se alle ture","item":"https:\/\/guidetogreenland.com\/da\/reserver-ferie-rejser\/"},{"@type":"ListItem","position":3,"name":"Isfiskeri af arktisk \u00f8rred | Nuuk"}]},{"@type":"WebSite","@id":"https:\/\/guidetogreenland.com\/da\/#website","url":"https:\/\/guidetogreenland.com\/da\/","name":"Guide to Greenland","description":"Largest selection of tours in Greenland","potentialAction":[{"@type":"SearchAction","target":{"@type":"EntryPoint","urlTemplate":"https:\/\/guidetogreenland.com\/da\/?s={search_term_string}"},"query-input":{"@type":"PropertyValueSpecification","valueRequired":true,"valueName":"search_term_string"}}],"inLanguage":"da-DK"}]}},"_links":{"self":[{"href":"https:\/\/guidetogreenland.com\/da\/wp-json\/wp\/v2\/product\/15614","targetHints":{"allow":["GET"]}}],"collection":[{"href":"https:\/\/guidetogreenland.com\/da\/wp-json\/wp\/v2\/product"}],"about":[{"href":"https:\/\/guidetogreenland.com\/da\/wp-json\/wp\/v2\/types\/product"}],"replies":[{"embeddable":true,"href":"https:\/\/guidetogreenland.com\/da\/wp-json\/wp\/v2\/comments?post=15614"}],"wp:featuredmedia":[{"embeddable":true,"href":"https:\/\/guidetogreenland.com\/da\/wp-json\/wp\/v2\/media\/15615"}],"wp:attachment":[{"href":"https:\/\/guidetogreenland.com\/da\/wp-json\/wp\/v2\/media?parent=15614"}],"wp:term":[{"taxonomy":"product_brand","embeddable":true,"href":"https:\/\/guidetogreenland.com\/da\/wp-json\/wp\/v2\/product_brand?post=15614"},{"taxonomy":"product_cat","embeddable":true,"href":"https:\/\/guidetogreenland.com\/da\/wp-json\/wp\/v2\/product_cat?post=15614"},{"taxonomy":"product_tag","embeddable":true,"href":"https:\/\/guidetogreenland.com\/da\/wp-json\/wp\/v2\/product_tag?post=15614"}],"curies":[{"name":"wp","href":"https:\/\/api.w.org\/{rel}","templated":true}]}}