{"id":15618,"date":"2020-05-25T12:56:02","date_gmt":"2020-05-25T12:56:02","guid":{"rendered":"https:\/\/guidetogreenland.com\/book-trips-holiday\/best-of-nuuk-fjord-nuuk\/"},"modified":"2021-02-11T18:07:09","modified_gmt":"2021-02-11T18:07:09","slug":"det-bedste-af-nuuk-fjord","status":"publish","type":"product","link":"https:\/\/guidetogreenland.com\/da\/reserver-ferie-rejser\/det-bedste-af-nuuk-fjord-nuuk\/","title":{"rendered":"Det bedste af Nuuk Fjord | Nuuk"},"content":{"rendered":"<p><span style=\"font-weight: 400;\">Dette eventyr med b\u00e5d f\u00f8rer dig til det fantastiske vandfald Sermitsiaq, den forladte bygd Qoornoq og Bj\u00f8rne\u00f8en. <\/span><span style=\"font-weight: 400;\">At kombinere sejlads og Nuuk-fjorden giver altid et stort eventyr. Dette er et eventyr for dig, der elsker Arktis &#8211; fra de spidse bjergtoppe til det opr\u00f8rte og salte vand!<\/span><\/p>\n<p><span style=\"font-weight: 400;\">S\u00e5 snart b\u00e5den forlader Nuuk, vil du se hvor uendelig den gr\u00f8nlandske natur er. <\/span><span style=\"font-weight: 400;\">Sejlturen varer 5 timer med mange muligheder for at tage smukke billeder af vidunderlige, vilde og vidtstrakte Gr\u00f8nland.<\/span><\/p>\n<p><span style=\"font-weight: 400;\">Langt v\u00e6k vil du h\u00f8re en st\u00f8jende lyd, der vil fortrylle dig og f\u00e5 dig til at udforske, hvad bjergsiden i Sermitsiaq skjuler. N\u00e5r du kommer til lydens kilde, vil du blive overv\u00e6ldet af det fantastiske vandfald, der glider stejlt ned. Lad det piblede vand vand r\u00f8re ved dine kinder og lad dig forbl\u00f8ffe af dette unikke og sj\u00e6ldne syn.<\/span><\/p>\n<p><span style=\"font-weight: 400;\">N\u00e6ste stop p\u00e5 dagen f\u00f8rer dig til fugleklippen p\u00e5 bj\u00f8rne\u00f8en. Lad dig ikke narre af navnet, da det kun er vildt fugleliv, der bor her p\u00e5 \u00f8en. Lyt til de fascinerende kald fra de arktiske fugle, mens du udforsker og er p\u00e5 bes\u00f8g!<\/span><\/p>\n<p><span style=\"font-weight: 400;\">Dagens endelige destination f\u00f8rer dig til den forladte bygd Qoornoq.<\/span><\/p>\n<p><span style=\"font-weight: 400;\">At g\u00e5 i den \u00f8de bygd f\u00f8rer dig tilbage i Gr\u00f8nlands historie til en tid, hvor folk n\u00e6sten var selvforsynende med naturen. <\/span><span style=\"font-weight: 400;\">Selvom nogle af husene i dag fornyes og bruges som sommerhuse, kan man let m\u00e6rke, hvor fantastisk stedet var, da det var fyldt med liv i 1900.<\/span><\/p>\n<p><span style=\"font-weight: 400;\">Bag Qoornoq finder du den originale vandforsyning og de gamle jernbaner fra den tidligere fiskerifabrik. P\u00e5 det tidspunkt blev der produceret tonsvis af t\u00f8rret fisk her, hovedsageligt med h\u00e5ndkraft.<\/span><\/p>\n<p><span style=\"font-weight: 400;\">Den gamle smukke kirke og dens indretning er bestemt et bes\u00f8g v\u00e6rd. Det samme g\u00e6lder for den gamle kirkeg\u00e5rd, og du skal huske, at stedet skal behandles med stor respekt.<\/span><\/p>\n<p><span style=\"font-weight: 400;\">Tr\u00e6k din varmeste hat ned om \u00f8rerne, og tag din kikkert med p\u00e5 dette eventyr!\u00a0<\/span><\/p>\n<p><span style=\"font-weight: 400;\">Tjek tilg\u00e6ngeligheden ved at trykke p\u00e5 <\/span><b>\u201dBook nu\u201d<\/b><span style=\"font-weight: 400;\"> ovenfor.<\/span><\/p>\n","protected":false},"excerpt":{"rendered":"Dette eventyr med b\u00e5d f\u00f8rer dig til det fantastiske vandfald Sermitsiaq, den forladte bygd Qoornoq og Bj\u00f8rne\u00f8en. At kombinere sejlads og Nuuk-fjorden giver altid et stort eventyr. Dette er et eventyr for dig, der elsker Arktis &#8211; fra de spidse bjergtoppe til det opr\u00f8rte og salte vand! S\u00e5 snart b\u00e5den forlader Nuuk, vil du se&#8230;","protected":false},"featured_media":13485,"comment_status":"open","ping_status":"closed","template":"","meta":[],"product_brand":[],"product_cat":[594,605,627,652,633],"product_tag":[893],"class_list":{"0":"post-15618","1":"product","2":"type-product","3":"status-publish","4":"has-post-thumbnail","6":"product_cat-baadture","7":"product_cat-dagsture-om-sommeren","8":"product_cat-ture-i-bestemte-omraader","9":"product_cat-ture-i-nuuk","10":"product_cat-vestgroenland","11":"product_tag-nuuk-da","12":"pa_activities-baadtur","13":"pa_activities-isbjerg-udsigt","14":"pa_activities-bygdebesoeg","15":"pa_attractions-kapisillit","16":"pa_attractions-nuuk-fjord","17":"pa_attractions-qoornoq","18":"pa_available-month-marts","19":"pa_available-month-april","20":"pa_available-month-maj","21":"pa_available-month-juni","22":"pa_available-month-juli","23":"pa_available-month-august","24":"pa_available-month-september","25":"pa_available-month-oktober","26":"pa_available-month-november","27":"pa_available-month-december","28":"pa_destinations-nuuk","29":"pa_difficulty-let","30":"pa_duration-6-timer","31":"pa_tour-type-dagsture","32":"yith_shop_vendor-ilulissat-tours-da","34":"first","35":"instock","36":"virtual","37":"sold-individually","38":"purchasable","39":"product-type-booking"},"acf":[],"yoast_head":"<!-- This site is optimized with the Yoast SEO plugin v25.6 - https:\/\/yoast.com\/wordpress\/plugins\/seo\/ -->\n<title>Det bedste af Nuuk Fjord | Nuuk | Guide to Greenland<\/title>\n<meta name=\"description\" content=\"En rundtur i Nuuk-fjorden til forladte bos\u00e6ttelser og vandfald. En rejse med arktiske vidundere i Gr\u00f8nlands hovedstad, Nuuk.\" \/>\n<meta name=\"robots\" content=\"index, follow, max-snippet:-1, max-image-preview:large, max-video-preview:-1\" \/>\n<link rel=\"canonical\" href=\"https:\/\/guidetogreenland.com\/da\/reserver-ferie-rejser\/det-bedste-af-nuuk-fjord-nuuk\/\" \/>\n<meta property=\"og:locale\" content=\"da_DK\" \/>\n<meta property=\"og:type\" content=\"article\" \/>\n<meta property=\"og:title\" content=\"Det bedste af Nuuk Fjord | Nuuk | Guide to Greenland\" \/>\n<meta property=\"og:description\" content=\"En rundtur i Nuuk-fjorden til forladte bos\u00e6ttelser og vandfald. En rejse med arktiske vidundere i Gr\u00f8nlands hovedstad, Nuuk.\" \/>\n<meta property=\"og:url\" content=\"https:\/\/guidetogreenland.com\/da\/reserver-ferie-rejser\/det-bedste-af-nuuk-fjord-nuuk\/\" \/>\n<meta property=\"og:site_name\" content=\"Guide to Greenland\" \/>\n<meta property=\"article:modified_time\" content=\"2021-02-11T18:07:09+00:00\" \/>\n<meta property=\"og:image\" content=\"https:\/\/guidetogreenland.com\/wp-content\/uploads\/2020\/05\/Best-Of-Nuuk-Fjord-Nuuk-Guide-to-Greenland1.jpeg\" \/>\n\t<meta property=\"og:image:width\" content=\"992\" \/>\n\t<meta property=\"og:image:height\" content=\"656\" \/>\n\t<meta property=\"og:image:type\" content=\"image\/jpeg\" \/>\n<meta name=\"twitter:card\" content=\"summary_large_image\" \/>\n<meta name=\"twitter:label1\" content=\"Estimeret l\u00e6setid\" \/>\n\t<meta name=\"twitter:data1\" content=\"2 minutter\" \/>\n<script type=\"application\/ld+json\" class=\"yoast-schema-graph\">{\"@context\":\"https:\/\/schema.org\",\"@graph\":[{\"@type\":\"WebPage\",\"@id\":\"https:\/\/guidetogreenland.com\/da\/reserver-ferie-rejser\/det-bedste-af-nuuk-fjord-nuuk\/\",\"url\":\"https:\/\/guidetogreenland.com\/da\/reserver-ferie-rejser\/det-bedste-af-nuuk-fjord-nuuk\/\",\"name\":\"Det bedste af Nuuk Fjord | Nuuk | Guide to Greenland\",\"isPartOf\":{\"@id\":\"https:\/\/guidetogreenland.com\/da\/#website\"},\"primaryImageOfPage\":{\"@id\":\"https:\/\/guidetogreenland.com\/da\/reserver-ferie-rejser\/det-bedste-af-nuuk-fjord-nuuk\/#primaryimage\"},\"image\":{\"@id\":\"https:\/\/guidetogreenland.com\/da\/reserver-ferie-rejser\/det-bedste-af-nuuk-fjord-nuuk\/#primaryimage\"},\"thumbnailUrl\":\"https:\/\/guidetogreenland.com\/wp-content\/uploads\/2020\/05\/kapisillit-settlement-in-nuuk-fjord-guide-to-greenland-5.jpg\",\"datePublished\":\"2020-05-25T12:56:02+00:00\",\"dateModified\":\"2021-02-11T18:07:09+00:00\",\"description\":\"En rundtur i Nuuk-fjorden til forladte bos\u00e6ttelser og vandfald. En rejse med arktiske vidundere i Gr\u00f8nlands hovedstad, Nuuk.\",\"breadcrumb\":{\"@id\":\"https:\/\/guidetogreenland.com\/da\/reserver-ferie-rejser\/det-bedste-af-nuuk-fjord-nuuk\/#breadcrumb\"},\"inLanguage\":\"da-DK\",\"potentialAction\":[{\"@type\":\"ReadAction\",\"target\":[\"https:\/\/guidetogreenland.com\/da\/reserver-ferie-rejser\/det-bedste-af-nuuk-fjord-nuuk\/\"]}]},{\"@type\":\"ImageObject\",\"inLanguage\":\"da-DK\",\"@id\":\"https:\/\/guidetogreenland.com\/da\/reserver-ferie-rejser\/det-bedste-af-nuuk-fjord-nuuk\/#primaryimage\",\"url\":\"https:\/\/guidetogreenland.com\/wp-content\/uploads\/2020\/05\/kapisillit-settlement-in-nuuk-fjord-guide-to-greenland-5.jpg\",\"contentUrl\":\"https:\/\/guidetogreenland.com\/wp-content\/uploads\/2020\/05\/kapisillit-settlement-in-nuuk-fjord-guide-to-greenland-5.jpg\",\"width\":926,\"height\":694},{\"@type\":\"BreadcrumbList\",\"@id\":\"https:\/\/guidetogreenland.com\/da\/reserver-ferie-rejser\/det-bedste-af-nuuk-fjord-nuuk\/#breadcrumb\",\"itemListElement\":[{\"@type\":\"ListItem\",\"position\":1,\"name\":\"Home\",\"item\":\"https:\/\/guidetogreenland.com\/da\/\"},{\"@type\":\"ListItem\",\"position\":2,\"name\":\"Se alle ture\",\"item\":\"https:\/\/guidetogreenland.com\/da\/reserver-ferie-rejser\/\"},{\"@type\":\"ListItem\",\"position\":3,\"name\":\"Det bedste af Nuuk Fjord | Nuuk\"}]},{\"@type\":\"WebSite\",\"@id\":\"https:\/\/guidetogreenland.com\/da\/#website\",\"url\":\"https:\/\/guidetogreenland.com\/da\/\",\"name\":\"Guide to Greenland\",\"description\":\"Largest selection of tours in Greenland\",\"potentialAction\":[{\"@type\":\"SearchAction\",\"target\":{\"@type\":\"EntryPoint\",\"urlTemplate\":\"https:\/\/guidetogreenland.com\/da\/?s={search_term_string}\"},\"query-input\":{\"@type\":\"PropertyValueSpecification\",\"valueRequired\":true,\"valueName\":\"search_term_string\"}}],\"inLanguage\":\"da-DK\"}]}<\/script>\n<!-- \/ Yoast SEO plugin. -->","yoast_head_json":{"title":"Det bedste af Nuuk Fjord | Nuuk | Guide to Greenland","description":"En rundtur i Nuuk-fjorden til forladte bos\u00e6ttelser og vandfald. En rejse med arktiske vidundere i Gr\u00f8nlands hovedstad, Nuuk.","robots":{"index":"index","follow":"follow","max-snippet":"max-snippet:-1","max-image-preview":"max-image-preview:large","max-video-preview":"max-video-preview:-1"},"canonical":"https:\/\/guidetogreenland.com\/da\/reserver-ferie-rejser\/det-bedste-af-nuuk-fjord-nuuk\/","og_locale":"da_DK","og_type":"article","og_title":"Det bedste af Nuuk Fjord | Nuuk | Guide to Greenland","og_description":"En rundtur i Nuuk-fjorden til forladte bos\u00e6ttelser og vandfald. En rejse med arktiske vidundere i Gr\u00f8nlands hovedstad, Nuuk.","og_url":"https:\/\/guidetogreenland.com\/da\/reserver-ferie-rejser\/det-bedste-af-nuuk-fjord-nuuk\/","og_site_name":"Guide to Greenland","article_modified_time":"2021-02-11T18:07:09+00:00","og_image":[{"width":992,"height":656,"url":"https:\/\/guidetogreenland.com\/wp-content\/uploads\/2020\/05\/Best-Of-Nuuk-Fjord-Nuuk-Guide-to-Greenland1.jpeg","type":"image\/jpeg"}],"twitter_card":"summary_large_image","twitter_misc":{"Estimeret l\u00e6setid":"2 minutter"},"schema":{"@context":"https:\/\/schema.org","@graph":[{"@type":"WebPage","@id":"https:\/\/guidetogreenland.com\/da\/reserver-ferie-rejser\/det-bedste-af-nuuk-fjord-nuuk\/","url":"https:\/\/guidetogreenland.com\/da\/reserver-ferie-rejser\/det-bedste-af-nuuk-fjord-nuuk\/","name":"Det bedste af Nuuk Fjord | Nuuk | Guide to Greenland","isPartOf":{"@id":"https:\/\/guidetogreenland.com\/da\/#website"},"primaryImageOfPage":{"@id":"https:\/\/guidetogreenland.com\/da\/reserver-ferie-rejser\/det-bedste-af-nuuk-fjord-nuuk\/#primaryimage"},"image":{"@id":"https:\/\/guidetogreenland.com\/da\/reserver-ferie-rejser\/det-bedste-af-nuuk-fjord-nuuk\/#primaryimage"},"thumbnailUrl":"https:\/\/guidetogreenland.com\/wp-content\/uploads\/2020\/05\/kapisillit-settlement-in-nuuk-fjord-guide-to-greenland-5.jpg","datePublished":"2020-05-25T12:56:02+00:00","dateModified":"2021-02-11T18:07:09+00:00","description":"En rundtur i Nuuk-fjorden til forladte bos\u00e6ttelser og vandfald. En rejse med arktiske vidundere i Gr\u00f8nlands hovedstad, Nuuk.","breadcrumb":{"@id":"https:\/\/guidetogreenland.com\/da\/reserver-ferie-rejser\/det-bedste-af-nuuk-fjord-nuuk\/#breadcrumb"},"inLanguage":"da-DK","potentialAction":[{"@type":"ReadAction","target":["https:\/\/guidetogreenland.com\/da\/reserver-ferie-rejser\/det-bedste-af-nuuk-fjord-nuuk\/"]}]},{"@type":"ImageObject","inLanguage":"da-DK","@id":"https:\/\/guidetogreenland.com\/da\/reserver-ferie-rejser\/det-bedste-af-nuuk-fjord-nuuk\/#primaryimage","url":"https:\/\/guidetogreenland.com\/wp-content\/uploads\/2020\/05\/kapisillit-settlement-in-nuuk-fjord-guide-to-greenland-5.jpg","contentUrl":"https:\/\/guidetogreenland.com\/wp-content\/uploads\/2020\/05\/kapisillit-settlement-in-nuuk-fjord-guide-to-greenland-5.jpg","width":926,"height":694},{"@type":"BreadcrumbList","@id":"https:\/\/guidetogreenland.com\/da\/reserver-ferie-rejser\/det-bedste-af-nuuk-fjord-nuuk\/#breadcrumb","itemListElement":[{"@type":"ListItem","position":1,"name":"Home","item":"https:\/\/guidetogreenland.com\/da\/"},{"@type":"ListItem","position":2,"name":"Se alle ture","item":"https:\/\/guidetogreenland.com\/da\/reserver-ferie-rejser\/"},{"@type":"ListItem","position":3,"name":"Det bedste af Nuuk Fjord | Nuuk"}]},{"@type":"WebSite","@id":"https:\/\/guidetogreenland.com\/da\/#website","url":"https:\/\/guidetogreenland.com\/da\/","name":"Guide to Greenland","description":"Largest selection of tours in Greenland","potentialAction":[{"@type":"SearchAction","target":{"@type":"EntryPoint","urlTemplate":"https:\/\/guidetogreenland.com\/da\/?s={search_term_string}"},"query-input":{"@type":"PropertyValueSpecification","valueRequired":true,"valueName":"search_term_string"}}],"inLanguage":"da-DK"}]}},"_links":{"self":[{"href":"https:\/\/guidetogreenland.com\/da\/wp-json\/wp\/v2\/product\/15618","targetHints":{"allow":["GET"]}}],"collection":[{"href":"https:\/\/guidetogreenland.com\/da\/wp-json\/wp\/v2\/product"}],"about":[{"href":"https:\/\/guidetogreenland.com\/da\/wp-json\/wp\/v2\/types\/product"}],"replies":[{"embeddable":true,"href":"https:\/\/guidetogreenland.com\/da\/wp-json\/wp\/v2\/comments?post=15618"}],"wp:featuredmedia":[{"embeddable":true,"href":"https:\/\/guidetogreenland.com\/da\/wp-json\/wp\/v2\/media\/13485"}],"wp:attachment":[{"href":"https:\/\/guidetogreenland.com\/da\/wp-json\/wp\/v2\/media?parent=15618"}],"wp:term":[{"taxonomy":"product_brand","embeddable":true,"href":"https:\/\/guidetogreenland.com\/da\/wp-json\/wp\/v2\/product_brand?post=15618"},{"taxonomy":"product_cat","embeddable":true,"href":"https:\/\/guidetogreenland.com\/da\/wp-json\/wp\/v2\/product_cat?post=15618"},{"taxonomy":"product_tag","embeddable":true,"href":"https:\/\/guidetogreenland.com\/da\/wp-json\/wp\/v2\/product_tag?post=15618"}],"curies":[{"name":"wp","href":"https:\/\/api.w.org\/{rel}","templated":true}]}}