{"id":15634,"date":"2020-05-12T16:22:37","date_gmt":"2020-05-12T16:22:37","guid":{"rendered":"https:\/\/guidetogreenland.com\/book-trips-holiday\/glacier-landing-by-helicopter-qaqortoq-south-greenland\/"},"modified":"2021-02-11T18:45:23","modified_gmt":"2021-02-11T18:45:23","slug":"flyv-med-helikopter-og-land-paa-en-gletscher-sydgroenland","status":"publish","type":"product","link":"https:\/\/guidetogreenland.com\/da\/reserver-ferie-rejser\/flyv-med-helikopter-og-land-pa-en-gletscher-qaqortoq-sydgronland\/","title":{"rendered":"Flyv med helikopter og land p\u00e5 en gletscher | Qaqortoq | Sydgr\u00f8nland"},"content":{"rendered":"<p><span style=\"font-weight: 400;\">Land direkte oven p\u00e5 en ellers utilg\u00e6ngelig gletscher i dette natursk\u00f8nne helikoptereventyr fra Qaqortoq.<\/span><\/p>\n<p><span style=\"font-weight: 400;\">N\u00e5r vi starter fra Qaqortoq-helikopterpladsen, flyver vi over Sydgr\u00f8nlands fjorde og bjerge p\u00e5 vej til vores fjerntliggende landingssted. Hold \u00f8je med isbjerge, fiskere, f\u00e5rehold og sm\u00e5 bygder fra din plads i helikopteren, n\u00e5r du kigger i fugleperspektiv p\u00e5 denne frodige del af Gr\u00f8nland.<\/span><\/p>\n<p><span style=\"font-weight: 400;\">N\u00e5r vi n\u00e5r Qalerallit (et omr\u00e5de med flere k\u00e6lvende gletschere), sv\u00e6ver vi foran en af \u200b\u200bde massive isv\u00e6gge, f\u00f8r vi l\u00f8fter os op, for at lande direkte oven p\u00e5 gletsjeren. Her f\u00e5r du chancen for at g\u00e5 p\u00e5 selve isen (en del af verdens n\u00e6stst\u00f8rste indlandsis), mens din pilot forklarer, hvordan gletsjeren og landskabet har \u00e6ndret sig igennem de seneste \u00e5r. Nyd en drik med tusind\u00e5rs gammelt vand komplet med isterninger, du fl\u00e6kker direkte af gletsjeren, mens du nyder stilheden p\u00e5 denne fjerntliggende placering, som kun kan n\u00e5s p\u00e5 denne m\u00e5de.<\/p>\n<p><\/span><span style=\"font-weight: 400;\">Book din plads ved at v\u00e6lge din rejsedato og klikke p\u00e5 <\/span><b>Book nu<\/b><span style=\"font-weight: 400;\">.<\/span><\/p>\n","protected":false},"excerpt":{"rendered":"Land direkte oven p\u00e5 en ellers utilg\u00e6ngelig gletscher i dette natursk\u00f8nne helikoptereventyr fra Qaqortoq. N\u00e5r vi starter fra Qaqortoq-helikopterpladsen, flyver vi over Sydgr\u00f8nlands fjorde og bjerge p\u00e5 vej til vores fjerntliggende landingssted. Hold \u00f8je med isbjerge, fiskere, f\u00e5rehold og sm\u00e5 bygder fra din plads i helikopteren, n\u00e5r du kigger i fugleperspektiv p\u00e5 denne frodige del&#8230;","protected":false},"featured_media":15636,"comment_status":"open","ping_status":"closed","template":"","meta":[],"product_brand":[],"product_cat":[605,604,614,612,593,632,634,654],"product_tag":[932],"class_list":{"0":"post-15634","1":"product","2":"type-product","3":"status-publish","4":"has-post-thumbnail","6":"product_cat-dagsture-om-sommeren","7":"product_cat-fly-og-helikopterture","8":"product_cat-gletsjer-og-indlandsisen","9":"product_cat-natur-og-dyreliv-i-groenland","10":"product_cat-oplevelser-i-groenland","11":"product_cat-sydgroenland","12":"product_cat-ture-for-krydstogtgaester","13":"product_cat-ture-i-qaqortoq","14":"product_tag-qaqortoq-da","15":"pa_activities-gletscher-udsigt","16":"pa_activities-isbjerg-udsigt","17":"pa_activities-sightseeing-med-fly","18":"pa_available-month-januar","19":"pa_available-month-februar","20":"pa_available-month-marts","21":"pa_available-month-april","22":"pa_available-month-maj","23":"pa_available-month-juni","24":"pa_available-month-juli","25":"pa_available-month-august","26":"pa_available-month-september","27":"pa_available-month-oktober","28":"pa_available-month-november","29":"pa_available-month-december","30":"pa_destinations-qaqortoq","31":"pa_difficulty-let","32":"pa_duration-1-5-time","33":"pa_tour-type-dagsture","34":"yith_shop_vendor-sermeq-helicopters-da","36":"first","37":"instock","38":"virtual","39":"sold-individually","40":"purchasable","41":"product-type-booking"},"acf":[],"yoast_head":"<!-- This site is optimized with the Yoast SEO plugin v25.6 - https:\/\/yoast.com\/wordpress\/plugins\/seo\/ -->\n<title>Flyv med helikopter og land p\u00e5 en gletscher | Qaqortoq | Sydgr\u00f8nland | Guide to Greenland<\/title>\n<meta name=\"description\" content=\"Land direkte oven p\u00e5 en ellers utilg\u00e6ngelig gletscher i et natursk\u00f8nt helikoptereventyr fra Qaqortoq, Sydgr\u00f8nland. Klik for at l\u00e6se mere og book!\" \/>\n<meta name=\"robots\" content=\"index, follow, max-snippet:-1, max-image-preview:large, max-video-preview:-1\" \/>\n<link rel=\"canonical\" href=\"https:\/\/guidetogreenland.com\/da\/reserver-ferie-rejser\/flyv-med-helikopter-og-land-pa-en-gletscher-qaqortoq-sydgronland\/\" \/>\n<meta property=\"og:locale\" content=\"da_DK\" \/>\n<meta property=\"og:type\" content=\"article\" \/>\n<meta property=\"og:title\" content=\"Flyv med helikopter og land p\u00e5 en gletscher | Qaqortoq | Sydgr\u00f8nland | Guide to Greenland\" \/>\n<meta property=\"og:description\" content=\"Land direkte oven p\u00e5 en ellers utilg\u00e6ngelig gletscher i et natursk\u00f8nt helikoptereventyr fra Qaqortoq, Sydgr\u00f8nland. Klik for at l\u00e6se mere og book!\" \/>\n<meta property=\"og:url\" content=\"https:\/\/guidetogreenland.com\/da\/reserver-ferie-rejser\/flyv-med-helikopter-og-land-pa-en-gletscher-qaqortoq-sydgronland\/\" \/>\n<meta property=\"og:site_name\" content=\"Guide to Greenland\" \/>\n<meta property=\"article:modified_time\" content=\"2021-02-11T18:45:23+00:00\" \/>\n<meta property=\"og:image\" content=\"https:\/\/guidetogreenland.com\/wp-content\/uploads\/2020\/05\/glacier-landing-by-helicopter-qaqortoq-south-greenland-Guide-to-Greenland3.jpg\" \/>\n\t<meta property=\"og:image:width\" content=\"926\" \/>\n\t<meta property=\"og:image:height\" content=\"695\" \/>\n\t<meta property=\"og:image:type\" content=\"image\/jpeg\" \/>\n<meta name=\"twitter:card\" content=\"summary_large_image\" \/>\n<meta name=\"twitter:label1\" content=\"Estimeret l\u00e6setid\" \/>\n\t<meta name=\"twitter:data1\" content=\"1 minut\" \/>\n<script type=\"application\/ld+json\" class=\"yoast-schema-graph\">{\"@context\":\"https:\/\/schema.org\",\"@graph\":[{\"@type\":\"WebPage\",\"@id\":\"https:\/\/guidetogreenland.com\/da\/reserver-ferie-rejser\/flyv-med-helikopter-og-land-pa-en-gletscher-qaqortoq-sydgronland\/\",\"url\":\"https:\/\/guidetogreenland.com\/da\/reserver-ferie-rejser\/flyv-med-helikopter-og-land-pa-en-gletscher-qaqortoq-sydgronland\/\",\"name\":\"Flyv med helikopter og land p\u00e5 en gletscher | Qaqortoq | Sydgr\u00f8nland | Guide to Greenland\",\"isPartOf\":{\"@id\":\"https:\/\/guidetogreenland.com\/da\/#website\"},\"primaryImageOfPage\":{\"@id\":\"https:\/\/guidetogreenland.com\/da\/reserver-ferie-rejser\/flyv-med-helikopter-og-land-pa-en-gletscher-qaqortoq-sydgronland\/#primaryimage\"},\"image\":{\"@id\":\"https:\/\/guidetogreenland.com\/da\/reserver-ferie-rejser\/flyv-med-helikopter-og-land-pa-en-gletscher-qaqortoq-sydgronland\/#primaryimage\"},\"thumbnailUrl\":\"https:\/\/guidetogreenland.com\/wp-content\/uploads\/2020\/05\/glacier-landing-by-helicopter-qaqortoq-south-greenland-Guide-to-Greenland3.jpg\",\"datePublished\":\"2020-05-12T16:22:37+00:00\",\"dateModified\":\"2021-02-11T18:45:23+00:00\",\"description\":\"Land direkte oven p\u00e5 en ellers utilg\u00e6ngelig gletscher i et natursk\u00f8nt helikoptereventyr fra Qaqortoq, Sydgr\u00f8nland. Klik for at l\u00e6se mere og book!\",\"breadcrumb\":{\"@id\":\"https:\/\/guidetogreenland.com\/da\/reserver-ferie-rejser\/flyv-med-helikopter-og-land-pa-en-gletscher-qaqortoq-sydgronland\/#breadcrumb\"},\"inLanguage\":\"da-DK\",\"potentialAction\":[{\"@type\":\"ReadAction\",\"target\":[\"https:\/\/guidetogreenland.com\/da\/reserver-ferie-rejser\/flyv-med-helikopter-og-land-pa-en-gletscher-qaqortoq-sydgronland\/\"]}]},{\"@type\":\"ImageObject\",\"inLanguage\":\"da-DK\",\"@id\":\"https:\/\/guidetogreenland.com\/da\/reserver-ferie-rejser\/flyv-med-helikopter-og-land-pa-en-gletscher-qaqortoq-sydgronland\/#primaryimage\",\"url\":\"https:\/\/guidetogreenland.com\/wp-content\/uploads\/2020\/05\/glacier-landing-by-helicopter-qaqortoq-south-greenland-Guide-to-Greenland3.jpg\",\"contentUrl\":\"https:\/\/guidetogreenland.com\/wp-content\/uploads\/2020\/05\/glacier-landing-by-helicopter-qaqortoq-south-greenland-Guide-to-Greenland3.jpg\",\"width\":926,\"height\":695},{\"@type\":\"BreadcrumbList\",\"@id\":\"https:\/\/guidetogreenland.com\/da\/reserver-ferie-rejser\/flyv-med-helikopter-og-land-pa-en-gletscher-qaqortoq-sydgronland\/#breadcrumb\",\"itemListElement\":[{\"@type\":\"ListItem\",\"position\":1,\"name\":\"Home\",\"item\":\"https:\/\/guidetogreenland.com\/da\/\"},{\"@type\":\"ListItem\",\"position\":2,\"name\":\"Se alle ture\",\"item\":\"https:\/\/guidetogreenland.com\/da\/reserver-ferie-rejser\/\"},{\"@type\":\"ListItem\",\"position\":3,\"name\":\"Flyv med helikopter og land p\u00e5 en gletscher | Qaqortoq | Sydgr\u00f8nland\"}]},{\"@type\":\"WebSite\",\"@id\":\"https:\/\/guidetogreenland.com\/da\/#website\",\"url\":\"https:\/\/guidetogreenland.com\/da\/\",\"name\":\"Guide to Greenland\",\"description\":\"Largest selection of tours in Greenland\",\"potentialAction\":[{\"@type\":\"SearchAction\",\"target\":{\"@type\":\"EntryPoint\",\"urlTemplate\":\"https:\/\/guidetogreenland.com\/da\/?s={search_term_string}\"},\"query-input\":{\"@type\":\"PropertyValueSpecification\",\"valueRequired\":true,\"valueName\":\"search_term_string\"}}],\"inLanguage\":\"da-DK\"}]}<\/script>\n<!-- \/ Yoast SEO plugin. -->","yoast_head_json":{"title":"Flyv med helikopter og land p\u00e5 en gletscher | Qaqortoq | Sydgr\u00f8nland | Guide to Greenland","description":"Land direkte oven p\u00e5 en ellers utilg\u00e6ngelig gletscher i et natursk\u00f8nt helikoptereventyr fra Qaqortoq, Sydgr\u00f8nland. Klik for at l\u00e6se mere og book!","robots":{"index":"index","follow":"follow","max-snippet":"max-snippet:-1","max-image-preview":"max-image-preview:large","max-video-preview":"max-video-preview:-1"},"canonical":"https:\/\/guidetogreenland.com\/da\/reserver-ferie-rejser\/flyv-med-helikopter-og-land-pa-en-gletscher-qaqortoq-sydgronland\/","og_locale":"da_DK","og_type":"article","og_title":"Flyv med helikopter og land p\u00e5 en gletscher | Qaqortoq | Sydgr\u00f8nland | Guide to Greenland","og_description":"Land direkte oven p\u00e5 en ellers utilg\u00e6ngelig gletscher i et natursk\u00f8nt helikoptereventyr fra Qaqortoq, Sydgr\u00f8nland. Klik for at l\u00e6se mere og book!","og_url":"https:\/\/guidetogreenland.com\/da\/reserver-ferie-rejser\/flyv-med-helikopter-og-land-pa-en-gletscher-qaqortoq-sydgronland\/","og_site_name":"Guide to Greenland","article_modified_time":"2021-02-11T18:45:23+00:00","og_image":[{"width":926,"height":695,"url":"https:\/\/guidetogreenland.com\/wp-content\/uploads\/2020\/05\/glacier-landing-by-helicopter-qaqortoq-south-greenland-Guide-to-Greenland3.jpg","type":"image\/jpeg"}],"twitter_card":"summary_large_image","twitter_misc":{"Estimeret l\u00e6setid":"1 minut"},"schema":{"@context":"https:\/\/schema.org","@graph":[{"@type":"WebPage","@id":"https:\/\/guidetogreenland.com\/da\/reserver-ferie-rejser\/flyv-med-helikopter-og-land-pa-en-gletscher-qaqortoq-sydgronland\/","url":"https:\/\/guidetogreenland.com\/da\/reserver-ferie-rejser\/flyv-med-helikopter-og-land-pa-en-gletscher-qaqortoq-sydgronland\/","name":"Flyv med helikopter og land p\u00e5 en gletscher | Qaqortoq | Sydgr\u00f8nland | Guide to Greenland","isPartOf":{"@id":"https:\/\/guidetogreenland.com\/da\/#website"},"primaryImageOfPage":{"@id":"https:\/\/guidetogreenland.com\/da\/reserver-ferie-rejser\/flyv-med-helikopter-og-land-pa-en-gletscher-qaqortoq-sydgronland\/#primaryimage"},"image":{"@id":"https:\/\/guidetogreenland.com\/da\/reserver-ferie-rejser\/flyv-med-helikopter-og-land-pa-en-gletscher-qaqortoq-sydgronland\/#primaryimage"},"thumbnailUrl":"https:\/\/guidetogreenland.com\/wp-content\/uploads\/2020\/05\/glacier-landing-by-helicopter-qaqortoq-south-greenland-Guide-to-Greenland3.jpg","datePublished":"2020-05-12T16:22:37+00:00","dateModified":"2021-02-11T18:45:23+00:00","description":"Land direkte oven p\u00e5 en ellers utilg\u00e6ngelig gletscher i et natursk\u00f8nt helikoptereventyr fra Qaqortoq, Sydgr\u00f8nland. Klik for at l\u00e6se mere og book!","breadcrumb":{"@id":"https:\/\/guidetogreenland.com\/da\/reserver-ferie-rejser\/flyv-med-helikopter-og-land-pa-en-gletscher-qaqortoq-sydgronland\/#breadcrumb"},"inLanguage":"da-DK","potentialAction":[{"@type":"ReadAction","target":["https:\/\/guidetogreenland.com\/da\/reserver-ferie-rejser\/flyv-med-helikopter-og-land-pa-en-gletscher-qaqortoq-sydgronland\/"]}]},{"@type":"ImageObject","inLanguage":"da-DK","@id":"https:\/\/guidetogreenland.com\/da\/reserver-ferie-rejser\/flyv-med-helikopter-og-land-pa-en-gletscher-qaqortoq-sydgronland\/#primaryimage","url":"https:\/\/guidetogreenland.com\/wp-content\/uploads\/2020\/05\/glacier-landing-by-helicopter-qaqortoq-south-greenland-Guide-to-Greenland3.jpg","contentUrl":"https:\/\/guidetogreenland.com\/wp-content\/uploads\/2020\/05\/glacier-landing-by-helicopter-qaqortoq-south-greenland-Guide-to-Greenland3.jpg","width":926,"height":695},{"@type":"BreadcrumbList","@id":"https:\/\/guidetogreenland.com\/da\/reserver-ferie-rejser\/flyv-med-helikopter-og-land-pa-en-gletscher-qaqortoq-sydgronland\/#breadcrumb","itemListElement":[{"@type":"ListItem","position":1,"name":"Home","item":"https:\/\/guidetogreenland.com\/da\/"},{"@type":"ListItem","position":2,"name":"Se alle ture","item":"https:\/\/guidetogreenland.com\/da\/reserver-ferie-rejser\/"},{"@type":"ListItem","position":3,"name":"Flyv med helikopter og land p\u00e5 en gletscher | Qaqortoq | Sydgr\u00f8nland"}]},{"@type":"WebSite","@id":"https:\/\/guidetogreenland.com\/da\/#website","url":"https:\/\/guidetogreenland.com\/da\/","name":"Guide to Greenland","description":"Largest selection of tours in Greenland","potentialAction":[{"@type":"SearchAction","target":{"@type":"EntryPoint","urlTemplate":"https:\/\/guidetogreenland.com\/da\/?s={search_term_string}"},"query-input":{"@type":"PropertyValueSpecification","valueRequired":true,"valueName":"search_term_string"}}],"inLanguage":"da-DK"}]}},"_links":{"self":[{"href":"https:\/\/guidetogreenland.com\/da\/wp-json\/wp\/v2\/product\/15634","targetHints":{"allow":["GET"]}}],"collection":[{"href":"https:\/\/guidetogreenland.com\/da\/wp-json\/wp\/v2\/product"}],"about":[{"href":"https:\/\/guidetogreenland.com\/da\/wp-json\/wp\/v2\/types\/product"}],"replies":[{"embeddable":true,"href":"https:\/\/guidetogreenland.com\/da\/wp-json\/wp\/v2\/comments?post=15634"}],"wp:featuredmedia":[{"embeddable":true,"href":"https:\/\/guidetogreenland.com\/da\/wp-json\/wp\/v2\/media\/15636"}],"wp:attachment":[{"href":"https:\/\/guidetogreenland.com\/da\/wp-json\/wp\/v2\/media?parent=15634"}],"wp:term":[{"taxonomy":"product_brand","embeddable":true,"href":"https:\/\/guidetogreenland.com\/da\/wp-json\/wp\/v2\/product_brand?post=15634"},{"taxonomy":"product_cat","embeddable":true,"href":"https:\/\/guidetogreenland.com\/da\/wp-json\/wp\/v2\/product_cat?post=15634"},{"taxonomy":"product_tag","embeddable":true,"href":"https:\/\/guidetogreenland.com\/da\/wp-json\/wp\/v2\/product_tag?post=15634"}],"curies":[{"name":"wp","href":"https:\/\/api.w.org\/{rel}","templated":true}]}}