{"id":15649,"date":"2020-05-13T15:35:05","date_gmt":"2020-05-13T15:35:05","guid":{"rendered":"https:\/\/guidetogreenland.com\/book-trips-holiday\/hike-and-kayaking-south-greenland\/"},"modified":"2021-02-11T19:05:23","modified_gmt":"2021-02-11T19:05:23","slug":"vandreture-og-kajaksejlads-sydgroenland","status":"publish","type":"product","link":"https:\/\/guidetogreenland.com\/da\/reserver-ferie-rejser\/vandreture-og-kajaksejlads-sydgronland\/","title":{"rendered":"Vandreture og kajaksejlads | Sydgr\u00f8nland"},"content":{"rendered":"<p><span style=\"font-weight: 400;\">Vil du v\u00e6re aktiv, mens du udforsker verdens st\u00f8rste \u00f8?<\/span><\/p>\n<p><span style=\"font-weight: 400;\">Denne 8-dages tur tager dig til fantastiske steder i det sydlige Gr\u00f8nland. P\u00e5 denne tur vandrer du og ror i kajak gennem nogle af de mest fantastiske landskaber. Du klatrer ogs\u00e5 for at fange den fantastiske udsigt fra landskabet. Og fra havet padler du gennem isbjergene. Du bliver fulgt af en guide, s\u00e5 vi kan forsikre dig om, at du er sikker og sund under hele turen.<\/span><\/p>\n<p><span style=\"font-weight: 400;\">Du vil ikke kun g\u00f8re ovenst\u00e5ende ting, du vil ogs\u00e5 se og l\u00e6re mere om de kulturelle dele af det sydlige Gr\u00f8nland. For eksempel vil du se nogle vikingeruiner, som guiden selvf\u00f8lgelig vil fort\u00e6lle dig meget mere om. Du vil muligvis ogs\u00e5 se s\u00e6ler, fugle og mere af det gr\u00f8nlandske dyreliv under turen. Og du vil helt sikkert se isbjerge og gletsjere, som m\u00e5ske var p\u00e5 din bucket-liste, f\u00f8r du bes\u00f8gte verdens st\u00f8rste \u00f8. Du sover i telt &#8211; og p\u00e5 den rigtige dag \u2013 m\u00e5ske ogs\u00e5 under nordlyset.<\/span><\/p>\n<p><span style=\"font-weight: 400;\">Klik p\u00e5 fanen &#8216;Daglig Rejseplan&#8217; for at l\u00e6se mere information om hver dag i turen, og reserver derefter din plads p\u00e5 det sydgr\u00f8nlandske eventyr ved at klikke p\u00e5 <\/span><b>Book nu<\/b><span style=\"font-weight: 400;\">.<\/span><\/p>\n","protected":false},"excerpt":{"rendered":"Vil du v\u00e6re aktiv, mens du udforsker verdens st\u00f8rste \u00f8? Denne 8-dages tur tager dig til fantastiske steder i det sydlige Gr\u00f8nland. P\u00e5 denne tur vandrer du og ror i kajak gennem nogle af de mest fantastiske landskaber. Du klatrer ogs\u00e5 for at fange den fantastiske udsigt fra landskabet. Og fra havet padler du gennem&#8230;","protected":false},"featured_media":73510,"comment_status":"open","ping_status":"closed","template":"","meta":[],"product_brand":[],"product_cat":[594,636,637,614,622,624,692,612,593,635,640,609,632,627,643,650,651,654,625,608],"product_tag":[928,929,932,935],"class_list":{"0":"post-15649","1":"product","2":"type-product","3":"status-publish","4":"has-post-thumbnail","6":"product_cat-baadture","7":"product_cat-fra-danmark-til-groenland","8":"product_cat-fra-island-til-groenland","9":"product_cat-gletsjer-og-indlandsisen","10":"product_cat-groenlandsk-kultur","11":"product_cat-historiske-ture","12":"product_cat-iceberg-icefjord-tours","13":"product_cat-natur-og-dyreliv-i-groenland","14":"product_cat-oplevelser-i-groenland","15":"product_cat-pakkerejser","16":"product_cat-sommerrejser","17":"product_cat-sup-kayakture","18":"product_cat-sydgroenland","19":"product_cat-ture-i-bestemte-omraader","20":"product_cat-ture-i-hver-by","21":"product_cat-ture-i-narsaq","22":"product_cat-ture-i-narsarsuaq","23":"product_cat-ture-i-qaqortoq","24":"product_cat-ture-til-verdensarv-steder-i-groenland","25":"product_cat-vandre-og-trekkingture","26":"product_tag-narsaq-da","27":"product_tag-narsarsuaq-da","28":"product_tag-qaqortoq-da","29":"product_tag-reykjavik-da","30":"pa_activities-baadtur","31":"pa_activities-kajak-sup","32":"pa_activities-camping","33":"pa_activities-vandretur","34":"pa_activities-gletscher-udsigt","35":"pa_activities-isbjerg-udsigt","36":"pa_activities-bygdebesoeg","37":"pa_activities-unesco-omraade","38":"pa_attractions-indlandsisen","39":"pa_attractions-qassiarsuk","40":"pa_attractions-qooroq-icefjord","41":"pa_attractions-unesco-verdensarv-omraade","42":"pa_attractions-vikinge-ruiner","43":"pa_available-month-juli","44":"pa_available-month-august","45":"pa_destinations-fra-island","46":"pa_difficulty-moderat","47":"pa_duration-10-days-da","48":"pa_tour-type-pakkerejser","49":"yith_shop_vendor-tasermiut-da","50":"yith_booking_service-departure-from-copenhagen-june-july-august","52":"first","53":"instock","54":"virtual","55":"sold-individually","56":"purchasable","57":"product-type-booking"},"acf":[],"yoast_head":"<!-- This site is optimized with the Yoast SEO plugin v25.6 - https:\/\/yoast.com\/wordpress\/plugins\/seo\/ -->\n<title>Vandreture og kajaksejlads | Sydgr\u00f8nland | Guide to Greenland<\/title>\n<meta name=\"robots\" content=\"index, follow, max-snippet:-1, max-image-preview:large, max-video-preview:-1\" \/>\n<link rel=\"canonical\" href=\"https:\/\/guidetogreenland.com\/da\/reserver-ferie-rejser\/vandreture-og-kajaksejlads-sydgronland\/\" \/>\n<meta property=\"og:locale\" content=\"da_DK\" \/>\n<meta property=\"og:type\" content=\"article\" \/>\n<meta property=\"og:title\" content=\"Vandreture og kajaksejlads | Sydgr\u00f8nland | Guide to Greenland\" \/>\n<meta property=\"og:description\" content=\"Vil du v\u00e6re aktiv, mens du udforsker verdens st\u00f8rste \u00f8? Denne 8-dages tur tager dig til fantastiske steder i det sydlige Gr\u00f8nland. P\u00e5 denne tur vandrer du og ror i kajak gennem nogle af de mest fantastiske landskaber. Du klatrer ogs\u00e5 for at fange den fantastiske udsigt fra landskabet. Og fra havet padler du gennem...\" \/>\n<meta property=\"og:url\" content=\"https:\/\/guidetogreenland.com\/da\/reserver-ferie-rejser\/vandreture-og-kajaksejlads-sydgronland\/\" \/>\n<meta property=\"og:site_name\" content=\"Guide to Greenland\" \/>\n<meta property=\"article:modified_time\" content=\"2021-02-11T19:05:23+00:00\" \/>\n<meta property=\"og:image\" content=\"https:\/\/guidetogreenland.com\/wp-content\/uploads\/2020\/05\/hike-and-kayaking-south-greenland-Guide-to-Greenland-3.jpg\" \/>\n\t<meta property=\"og:image:width\" content=\"926\" \/>\n\t<meta property=\"og:image:height\" content=\"383\" \/>\n\t<meta property=\"og:image:type\" content=\"image\/jpeg\" \/>\n<meta name=\"twitter:card\" content=\"summary_large_image\" \/>\n<meta name=\"twitter:label1\" content=\"Estimeret l\u00e6setid\" \/>\n\t<meta name=\"twitter:data1\" content=\"1 minut\" \/>\n<script type=\"application\/ld+json\" class=\"yoast-schema-graph\">{\"@context\":\"https:\/\/schema.org\",\"@graph\":[{\"@type\":\"WebPage\",\"@id\":\"https:\/\/guidetogreenland.com\/da\/reserver-ferie-rejser\/vandreture-og-kajaksejlads-sydgronland\/\",\"url\":\"https:\/\/guidetogreenland.com\/da\/reserver-ferie-rejser\/vandreture-og-kajaksejlads-sydgronland\/\",\"name\":\"Vandreture og kajaksejlads | Sydgr\u00f8nland | Guide to Greenland\",\"isPartOf\":{\"@id\":\"https:\/\/guidetogreenland.com\/da\/#website\"},\"primaryImageOfPage\":{\"@id\":\"https:\/\/guidetogreenland.com\/da\/reserver-ferie-rejser\/vandreture-og-kajaksejlads-sydgronland\/#primaryimage\"},\"image\":{\"@id\":\"https:\/\/guidetogreenland.com\/da\/reserver-ferie-rejser\/vandreture-og-kajaksejlads-sydgronland\/#primaryimage\"},\"thumbnailUrl\":\"https:\/\/guidetogreenland.com\/wp-content\/uploads\/2020\/05\/KAYAKING-ICE-TREKKING-17-SouthGreenland-TasermiutSGE-1536x1096-1.jpeg\",\"datePublished\":\"2020-05-13T15:35:05+00:00\",\"dateModified\":\"2021-02-11T19:05:23+00:00\",\"breadcrumb\":{\"@id\":\"https:\/\/guidetogreenland.com\/da\/reserver-ferie-rejser\/vandreture-og-kajaksejlads-sydgronland\/#breadcrumb\"},\"inLanguage\":\"da-DK\",\"potentialAction\":[{\"@type\":\"ReadAction\",\"target\":[\"https:\/\/guidetogreenland.com\/da\/reserver-ferie-rejser\/vandreture-og-kajaksejlads-sydgronland\/\"]}]},{\"@type\":\"ImageObject\",\"inLanguage\":\"da-DK\",\"@id\":\"https:\/\/guidetogreenland.com\/da\/reserver-ferie-rejser\/vandreture-og-kajaksejlads-sydgronland\/#primaryimage\",\"url\":\"https:\/\/guidetogreenland.com\/wp-content\/uploads\/2020\/05\/KAYAKING-ICE-TREKKING-17-SouthGreenland-TasermiutSGE-1536x1096-1.jpeg\",\"contentUrl\":\"https:\/\/guidetogreenland.com\/wp-content\/uploads\/2020\/05\/KAYAKING-ICE-TREKKING-17-SouthGreenland-TasermiutSGE-1536x1096-1.jpeg\",\"width\":1536,\"height\":1096},{\"@type\":\"BreadcrumbList\",\"@id\":\"https:\/\/guidetogreenland.com\/da\/reserver-ferie-rejser\/vandreture-og-kajaksejlads-sydgronland\/#breadcrumb\",\"itemListElement\":[{\"@type\":\"ListItem\",\"position\":1,\"name\":\"Home\",\"item\":\"https:\/\/guidetogreenland.com\/da\/\"},{\"@type\":\"ListItem\",\"position\":2,\"name\":\"Se alle ture\",\"item\":\"https:\/\/guidetogreenland.com\/da\/reserver-ferie-rejser\/\"},{\"@type\":\"ListItem\",\"position\":3,\"name\":\"Vandreture og kajaksejlads | Sydgr\u00f8nland\"}]},{\"@type\":\"WebSite\",\"@id\":\"https:\/\/guidetogreenland.com\/da\/#website\",\"url\":\"https:\/\/guidetogreenland.com\/da\/\",\"name\":\"Guide to Greenland\",\"description\":\"Largest selection of tours in Greenland\",\"potentialAction\":[{\"@type\":\"SearchAction\",\"target\":{\"@type\":\"EntryPoint\",\"urlTemplate\":\"https:\/\/guidetogreenland.com\/da\/?s={search_term_string}\"},\"query-input\":{\"@type\":\"PropertyValueSpecification\",\"valueRequired\":true,\"valueName\":\"search_term_string\"}}],\"inLanguage\":\"da-DK\"}]}<\/script>\n<!-- \/ Yoast SEO plugin. -->","yoast_head_json":{"title":"Vandreture og kajaksejlads | Sydgr\u00f8nland | Guide to Greenland","robots":{"index":"index","follow":"follow","max-snippet":"max-snippet:-1","max-image-preview":"max-image-preview:large","max-video-preview":"max-video-preview:-1"},"canonical":"https:\/\/guidetogreenland.com\/da\/reserver-ferie-rejser\/vandreture-og-kajaksejlads-sydgronland\/","og_locale":"da_DK","og_type":"article","og_title":"Vandreture og kajaksejlads | Sydgr\u00f8nland | Guide to Greenland","og_description":"Vil du v\u00e6re aktiv, mens du udforsker verdens st\u00f8rste \u00f8? Denne 8-dages tur tager dig til fantastiske steder i det sydlige Gr\u00f8nland. P\u00e5 denne tur vandrer du og ror i kajak gennem nogle af de mest fantastiske landskaber. Du klatrer ogs\u00e5 for at fange den fantastiske udsigt fra landskabet. Og fra havet padler du gennem...","og_url":"https:\/\/guidetogreenland.com\/da\/reserver-ferie-rejser\/vandreture-og-kajaksejlads-sydgronland\/","og_site_name":"Guide to Greenland","article_modified_time":"2021-02-11T19:05:23+00:00","og_image":[{"width":926,"height":383,"url":"https:\/\/guidetogreenland.com\/wp-content\/uploads\/2020\/05\/hike-and-kayaking-south-greenland-Guide-to-Greenland-3.jpg","type":"image\/jpeg"}],"twitter_card":"summary_large_image","twitter_misc":{"Estimeret l\u00e6setid":"1 minut"},"schema":{"@context":"https:\/\/schema.org","@graph":[{"@type":"WebPage","@id":"https:\/\/guidetogreenland.com\/da\/reserver-ferie-rejser\/vandreture-og-kajaksejlads-sydgronland\/","url":"https:\/\/guidetogreenland.com\/da\/reserver-ferie-rejser\/vandreture-og-kajaksejlads-sydgronland\/","name":"Vandreture og kajaksejlads | Sydgr\u00f8nland | Guide to Greenland","isPartOf":{"@id":"https:\/\/guidetogreenland.com\/da\/#website"},"primaryImageOfPage":{"@id":"https:\/\/guidetogreenland.com\/da\/reserver-ferie-rejser\/vandreture-og-kajaksejlads-sydgronland\/#primaryimage"},"image":{"@id":"https:\/\/guidetogreenland.com\/da\/reserver-ferie-rejser\/vandreture-og-kajaksejlads-sydgronland\/#primaryimage"},"thumbnailUrl":"https:\/\/guidetogreenland.com\/wp-content\/uploads\/2020\/05\/KAYAKING-ICE-TREKKING-17-SouthGreenland-TasermiutSGE-1536x1096-1.jpeg","datePublished":"2020-05-13T15:35:05+00:00","dateModified":"2021-02-11T19:05:23+00:00","breadcrumb":{"@id":"https:\/\/guidetogreenland.com\/da\/reserver-ferie-rejser\/vandreture-og-kajaksejlads-sydgronland\/#breadcrumb"},"inLanguage":"da-DK","potentialAction":[{"@type":"ReadAction","target":["https:\/\/guidetogreenland.com\/da\/reserver-ferie-rejser\/vandreture-og-kajaksejlads-sydgronland\/"]}]},{"@type":"ImageObject","inLanguage":"da-DK","@id":"https:\/\/guidetogreenland.com\/da\/reserver-ferie-rejser\/vandreture-og-kajaksejlads-sydgronland\/#primaryimage","url":"https:\/\/guidetogreenland.com\/wp-content\/uploads\/2020\/05\/KAYAKING-ICE-TREKKING-17-SouthGreenland-TasermiutSGE-1536x1096-1.jpeg","contentUrl":"https:\/\/guidetogreenland.com\/wp-content\/uploads\/2020\/05\/KAYAKING-ICE-TREKKING-17-SouthGreenland-TasermiutSGE-1536x1096-1.jpeg","width":1536,"height":1096},{"@type":"BreadcrumbList","@id":"https:\/\/guidetogreenland.com\/da\/reserver-ferie-rejser\/vandreture-og-kajaksejlads-sydgronland\/#breadcrumb","itemListElement":[{"@type":"ListItem","position":1,"name":"Home","item":"https:\/\/guidetogreenland.com\/da\/"},{"@type":"ListItem","position":2,"name":"Se alle ture","item":"https:\/\/guidetogreenland.com\/da\/reserver-ferie-rejser\/"},{"@type":"ListItem","position":3,"name":"Vandreture og kajaksejlads | Sydgr\u00f8nland"}]},{"@type":"WebSite","@id":"https:\/\/guidetogreenland.com\/da\/#website","url":"https:\/\/guidetogreenland.com\/da\/","name":"Guide to Greenland","description":"Largest selection of tours in Greenland","potentialAction":[{"@type":"SearchAction","target":{"@type":"EntryPoint","urlTemplate":"https:\/\/guidetogreenland.com\/da\/?s={search_term_string}"},"query-input":{"@type":"PropertyValueSpecification","valueRequired":true,"valueName":"search_term_string"}}],"inLanguage":"da-DK"}]}},"_links":{"self":[{"href":"https:\/\/guidetogreenland.com\/da\/wp-json\/wp\/v2\/product\/15649","targetHints":{"allow":["GET"]}}],"collection":[{"href":"https:\/\/guidetogreenland.com\/da\/wp-json\/wp\/v2\/product"}],"about":[{"href":"https:\/\/guidetogreenland.com\/da\/wp-json\/wp\/v2\/types\/product"}],"replies":[{"embeddable":true,"href":"https:\/\/guidetogreenland.com\/da\/wp-json\/wp\/v2\/comments?post=15649"}],"wp:featuredmedia":[{"embeddable":true,"href":"https:\/\/guidetogreenland.com\/da\/wp-json\/wp\/v2\/media\/73510"}],"wp:attachment":[{"href":"https:\/\/guidetogreenland.com\/da\/wp-json\/wp\/v2\/media?parent=15649"}],"wp:term":[{"taxonomy":"product_brand","embeddable":true,"href":"https:\/\/guidetogreenland.com\/da\/wp-json\/wp\/v2\/product_brand?post=15649"},{"taxonomy":"product_cat","embeddable":true,"href":"https:\/\/guidetogreenland.com\/da\/wp-json\/wp\/v2\/product_cat?post=15649"},{"taxonomy":"product_tag","embeddable":true,"href":"https:\/\/guidetogreenland.com\/da\/wp-json\/wp\/v2\/product_tag?post=15649"}],"curies":[{"name":"wp","href":"https:\/\/api.w.org\/{rel}","templated":true}]}}