{"id":15670,"date":"2020-05-14T12:04:08","date_gmt":"2020-05-14T12:04:08","guid":{"rendered":"https:\/\/guidetogreenland.com\/book-trips-holiday\/icebergs-and-summit-view-by-helicopter-qaqortoq-south-greenland\/"},"modified":"2021-02-11T19:20:50","modified_gmt":"2021-02-11T19:20:50","slug":"icebergs-and-summit-view-by-helicopter-qaqortoq-south-greenland","status":"publish","type":"product","link":"https:\/\/guidetogreenland.com\/da\/reserver-ferie-rejser\/se-isbjerge-og-bjergtoppe-med-helikopter-qaqortoq-sydgronland\/","title":{"rendered":"Se isbjerge og bjergtoppe med helikopter | Qaqortoq | Sydgr\u00f8nland"},"content":{"rendered":"<p><span style=\"font-weight: 400;\">Glinsende isbjerge, gr\u00f8nne bakker og majest\u00e6tiske bjergtoppe. Vi viser dig det bedste af Sydgr\u00f8nland fra himlen.<\/span><\/p>\n<p><span style=\"font-weight: 400;\">Vi tager afsted fra den maleriske by Qaqortoq og nyder udsigten over de farverige huse. Helikopterruten flyver over omr\u00e5der, som har mange isbjerge, og videre over en lille bygd, til vi lander p\u00e5 toppen af et bjerg, for at nyde den fantastiske udsigt over fjordene.<\/span><\/p>\n<p><span style=\"font-weight: 400;\">Kom og se det sk\u00f8nne Sydgr\u00f8nland. I fugleperspektiv ser du \u00f8erne omgivet af isbjerge, sm\u00e5 bygder og b\u00e5de, der rejser sig i dette store landskab, hvilket giver dig et uforglemmeligt indtryk af livet i Gr\u00f8nland.<\/p>\n<p><\/span><span style=\"font-weight: 400;\">Tjek tilg\u00e6ngeligheden ved at trykke p\u00e5 <\/span><b>&#8216;Book nu&#8217;<\/b><span style=\"font-weight: 400;\"> ovenfor.<\/span><\/p>\n","protected":false},"excerpt":{"rendered":"Glinsende isbjerge, gr\u00f8nne bakker og majest\u00e6tiske bjergtoppe. Vi viser dig det bedste af Sydgr\u00f8nland fra himlen. Vi tager afsted fra den maleriske by Qaqortoq og nyder udsigten over de farverige huse. Helikopterruten flyver over omr\u00e5der, som har mange isbjerge, og videre over en lille bygd, til vi lander p\u00e5 toppen af et bjerg, for at&#8230;","protected":false},"featured_media":15672,"comment_status":"open","ping_status":"closed","template":"","meta":[],"product_brand":[],"product_cat":[605,604,692,612,593,632,634,654],"product_tag":[932],"class_list":{"0":"post-15670","1":"product","2":"type-product","3":"status-publish","4":"has-post-thumbnail","6":"product_cat-dagsture-om-sommeren","7":"product_cat-fly-og-helikopterture","8":"product_cat-iceberg-icefjord-tours","9":"product_cat-natur-og-dyreliv-i-groenland","10":"product_cat-oplevelser-i-groenland","11":"product_cat-sydgroenland","12":"product_cat-ture-for-krydstogtgaester","13":"product_cat-ture-i-qaqortoq","14":"product_tag-qaqortoq-da","15":"pa_activities-isbjerg-udsigt","16":"pa_activities-sightseeing-med-fly","17":"pa_available-month-januar","18":"pa_available-month-februar","19":"pa_available-month-marts","20":"pa_available-month-april","21":"pa_available-month-maj","22":"pa_available-month-juni","23":"pa_available-month-juli","24":"pa_available-month-august","25":"pa_available-month-september","26":"pa_available-month-oktober","27":"pa_available-month-november","28":"pa_available-month-december","29":"pa_destinations-qaqortoq","30":"pa_difficulty-let","31":"pa_duration-1-time","32":"pa_tour-type-dagsture","33":"yith_shop_vendor-sermeq-helicopters-da","35":"first","36":"instock","37":"virtual","38":"sold-individually","39":"purchasable","40":"product-type-booking"},"acf":[],"yoast_head":"<!-- This site is optimized with the Yoast SEO plugin v25.6 - https:\/\/yoast.com\/wordpress\/plugins\/seo\/ -->\n<title>Se isbjerge og bjergtoppe med helikopter | Qaqortoq | Sydgr\u00f8nland | Guide to Greenland<\/title>\n<meta name=\"robots\" content=\"index, follow, max-snippet:-1, max-image-preview:large, max-video-preview:-1\" \/>\n<link rel=\"canonical\" href=\"https:\/\/guidetogreenland.com\/da\/reserver-ferie-rejser\/se-isbjerge-og-bjergtoppe-med-helikopter-qaqortoq-sydgronland\/\" \/>\n<meta property=\"og:locale\" content=\"da_DK\" \/>\n<meta property=\"og:type\" content=\"article\" \/>\n<meta property=\"og:title\" content=\"Se isbjerge og bjergtoppe med helikopter | Qaqortoq | Sydgr\u00f8nland | Guide to Greenland\" \/>\n<meta property=\"og:description\" content=\"Glinsende isbjerge, gr\u00f8nne bakker og majest\u00e6tiske bjergtoppe. Vi viser dig det bedste af Sydgr\u00f8nland fra himlen. Vi tager afsted fra den maleriske by Qaqortoq og nyder udsigten over de farverige huse. Helikopterruten flyver over omr\u00e5der, som har mange isbjerge, og videre over en lille bygd, til vi lander p\u00e5 toppen af et bjerg, for at...\" \/>\n<meta property=\"og:url\" content=\"https:\/\/guidetogreenland.com\/da\/reserver-ferie-rejser\/se-isbjerge-og-bjergtoppe-med-helikopter-qaqortoq-sydgronland\/\" \/>\n<meta property=\"og:site_name\" content=\"Guide to Greenland\" \/>\n<meta property=\"article:modified_time\" content=\"2021-02-11T19:20:50+00:00\" \/>\n<meta property=\"og:image\" content=\"https:\/\/guidetogreenland.com\/wp-content\/uploads\/2020\/05\/icebergs-and-summit-view-by-helicopter-qaqortoq-south-greenland-8-Guide-to-Greenland-2.jpg\" \/>\n\t<meta property=\"og:image:width\" content=\"798\" \/>\n\t<meta property=\"og:image:height\" content=\"532\" \/>\n\t<meta property=\"og:image:type\" content=\"image\/jpeg\" \/>\n<meta name=\"twitter:card\" content=\"summary_large_image\" \/>\n<meta name=\"twitter:label1\" content=\"Estimeret l\u00e6setid\" \/>\n\t<meta name=\"twitter:data1\" content=\"1 minut\" \/>\n<script type=\"application\/ld+json\" class=\"yoast-schema-graph\">{\"@context\":\"https:\/\/schema.org\",\"@graph\":[{\"@type\":\"WebPage\",\"@id\":\"https:\/\/guidetogreenland.com\/da\/reserver-ferie-rejser\/se-isbjerge-og-bjergtoppe-med-helikopter-qaqortoq-sydgronland\/\",\"url\":\"https:\/\/guidetogreenland.com\/da\/reserver-ferie-rejser\/se-isbjerge-og-bjergtoppe-med-helikopter-qaqortoq-sydgronland\/\",\"name\":\"Se isbjerge og bjergtoppe med helikopter | Qaqortoq | Sydgr\u00f8nland | Guide to Greenland\",\"isPartOf\":{\"@id\":\"https:\/\/guidetogreenland.com\/da\/#website\"},\"primaryImageOfPage\":{\"@id\":\"https:\/\/guidetogreenland.com\/da\/reserver-ferie-rejser\/se-isbjerge-og-bjergtoppe-med-helikopter-qaqortoq-sydgronland\/#primaryimage\"},\"image\":{\"@id\":\"https:\/\/guidetogreenland.com\/da\/reserver-ferie-rejser\/se-isbjerge-og-bjergtoppe-med-helikopter-qaqortoq-sydgronland\/#primaryimage\"},\"thumbnailUrl\":\"https:\/\/guidetogreenland.com\/wp-content\/uploads\/2020\/05\/icebergs-and-summit-view-by-helicopter-qaqortoq-south-greenland-8-Guide-to-Greenland-2.jpg\",\"datePublished\":\"2020-05-14T12:04:08+00:00\",\"dateModified\":\"2021-02-11T19:20:50+00:00\",\"breadcrumb\":{\"@id\":\"https:\/\/guidetogreenland.com\/da\/reserver-ferie-rejser\/se-isbjerge-og-bjergtoppe-med-helikopter-qaqortoq-sydgronland\/#breadcrumb\"},\"inLanguage\":\"da-DK\",\"potentialAction\":[{\"@type\":\"ReadAction\",\"target\":[\"https:\/\/guidetogreenland.com\/da\/reserver-ferie-rejser\/se-isbjerge-og-bjergtoppe-med-helikopter-qaqortoq-sydgronland\/\"]}]},{\"@type\":\"ImageObject\",\"inLanguage\":\"da-DK\",\"@id\":\"https:\/\/guidetogreenland.com\/da\/reserver-ferie-rejser\/se-isbjerge-og-bjergtoppe-med-helikopter-qaqortoq-sydgronland\/#primaryimage\",\"url\":\"https:\/\/guidetogreenland.com\/wp-content\/uploads\/2020\/05\/icebergs-and-summit-view-by-helicopter-qaqortoq-south-greenland-8-Guide-to-Greenland-2.jpg\",\"contentUrl\":\"https:\/\/guidetogreenland.com\/wp-content\/uploads\/2020\/05\/icebergs-and-summit-view-by-helicopter-qaqortoq-south-greenland-8-Guide-to-Greenland-2.jpg\",\"width\":798,\"height\":532},{\"@type\":\"BreadcrumbList\",\"@id\":\"https:\/\/guidetogreenland.com\/da\/reserver-ferie-rejser\/se-isbjerge-og-bjergtoppe-med-helikopter-qaqortoq-sydgronland\/#breadcrumb\",\"itemListElement\":[{\"@type\":\"ListItem\",\"position\":1,\"name\":\"Home\",\"item\":\"https:\/\/guidetogreenland.com\/da\/\"},{\"@type\":\"ListItem\",\"position\":2,\"name\":\"Se alle ture\",\"item\":\"https:\/\/guidetogreenland.com\/da\/reserver-ferie-rejser\/\"},{\"@type\":\"ListItem\",\"position\":3,\"name\":\"Se isbjerge og bjergtoppe med helikopter | Qaqortoq | Sydgr\u00f8nland\"}]},{\"@type\":\"WebSite\",\"@id\":\"https:\/\/guidetogreenland.com\/da\/#website\",\"url\":\"https:\/\/guidetogreenland.com\/da\/\",\"name\":\"Guide to Greenland\",\"description\":\"Largest selection of tours in Greenland\",\"potentialAction\":[{\"@type\":\"SearchAction\",\"target\":{\"@type\":\"EntryPoint\",\"urlTemplate\":\"https:\/\/guidetogreenland.com\/da\/?s={search_term_string}\"},\"query-input\":{\"@type\":\"PropertyValueSpecification\",\"valueRequired\":true,\"valueName\":\"search_term_string\"}}],\"inLanguage\":\"da-DK\"}]}<\/script>\n<!-- \/ Yoast SEO plugin. -->","yoast_head_json":{"title":"Se isbjerge og bjergtoppe med helikopter | Qaqortoq | Sydgr\u00f8nland | Guide to Greenland","robots":{"index":"index","follow":"follow","max-snippet":"max-snippet:-1","max-image-preview":"max-image-preview:large","max-video-preview":"max-video-preview:-1"},"canonical":"https:\/\/guidetogreenland.com\/da\/reserver-ferie-rejser\/se-isbjerge-og-bjergtoppe-med-helikopter-qaqortoq-sydgronland\/","og_locale":"da_DK","og_type":"article","og_title":"Se isbjerge og bjergtoppe med helikopter | Qaqortoq | Sydgr\u00f8nland | Guide to Greenland","og_description":"Glinsende isbjerge, gr\u00f8nne bakker og majest\u00e6tiske bjergtoppe. Vi viser dig det bedste af Sydgr\u00f8nland fra himlen. Vi tager afsted fra den maleriske by Qaqortoq og nyder udsigten over de farverige huse. Helikopterruten flyver over omr\u00e5der, som har mange isbjerge, og videre over en lille bygd, til vi lander p\u00e5 toppen af et bjerg, for at...","og_url":"https:\/\/guidetogreenland.com\/da\/reserver-ferie-rejser\/se-isbjerge-og-bjergtoppe-med-helikopter-qaqortoq-sydgronland\/","og_site_name":"Guide to Greenland","article_modified_time":"2021-02-11T19:20:50+00:00","og_image":[{"width":798,"height":532,"url":"https:\/\/guidetogreenland.com\/wp-content\/uploads\/2020\/05\/icebergs-and-summit-view-by-helicopter-qaqortoq-south-greenland-8-Guide-to-Greenland-2.jpg","type":"image\/jpeg"}],"twitter_card":"summary_large_image","twitter_misc":{"Estimeret l\u00e6setid":"1 minut"},"schema":{"@context":"https:\/\/schema.org","@graph":[{"@type":"WebPage","@id":"https:\/\/guidetogreenland.com\/da\/reserver-ferie-rejser\/se-isbjerge-og-bjergtoppe-med-helikopter-qaqortoq-sydgronland\/","url":"https:\/\/guidetogreenland.com\/da\/reserver-ferie-rejser\/se-isbjerge-og-bjergtoppe-med-helikopter-qaqortoq-sydgronland\/","name":"Se isbjerge og bjergtoppe med helikopter | Qaqortoq | Sydgr\u00f8nland | Guide to Greenland","isPartOf":{"@id":"https:\/\/guidetogreenland.com\/da\/#website"},"primaryImageOfPage":{"@id":"https:\/\/guidetogreenland.com\/da\/reserver-ferie-rejser\/se-isbjerge-og-bjergtoppe-med-helikopter-qaqortoq-sydgronland\/#primaryimage"},"image":{"@id":"https:\/\/guidetogreenland.com\/da\/reserver-ferie-rejser\/se-isbjerge-og-bjergtoppe-med-helikopter-qaqortoq-sydgronland\/#primaryimage"},"thumbnailUrl":"https:\/\/guidetogreenland.com\/wp-content\/uploads\/2020\/05\/icebergs-and-summit-view-by-helicopter-qaqortoq-south-greenland-8-Guide-to-Greenland-2.jpg","datePublished":"2020-05-14T12:04:08+00:00","dateModified":"2021-02-11T19:20:50+00:00","breadcrumb":{"@id":"https:\/\/guidetogreenland.com\/da\/reserver-ferie-rejser\/se-isbjerge-og-bjergtoppe-med-helikopter-qaqortoq-sydgronland\/#breadcrumb"},"inLanguage":"da-DK","potentialAction":[{"@type":"ReadAction","target":["https:\/\/guidetogreenland.com\/da\/reserver-ferie-rejser\/se-isbjerge-og-bjergtoppe-med-helikopter-qaqortoq-sydgronland\/"]}]},{"@type":"ImageObject","inLanguage":"da-DK","@id":"https:\/\/guidetogreenland.com\/da\/reserver-ferie-rejser\/se-isbjerge-og-bjergtoppe-med-helikopter-qaqortoq-sydgronland\/#primaryimage","url":"https:\/\/guidetogreenland.com\/wp-content\/uploads\/2020\/05\/icebergs-and-summit-view-by-helicopter-qaqortoq-south-greenland-8-Guide-to-Greenland-2.jpg","contentUrl":"https:\/\/guidetogreenland.com\/wp-content\/uploads\/2020\/05\/icebergs-and-summit-view-by-helicopter-qaqortoq-south-greenland-8-Guide-to-Greenland-2.jpg","width":798,"height":532},{"@type":"BreadcrumbList","@id":"https:\/\/guidetogreenland.com\/da\/reserver-ferie-rejser\/se-isbjerge-og-bjergtoppe-med-helikopter-qaqortoq-sydgronland\/#breadcrumb","itemListElement":[{"@type":"ListItem","position":1,"name":"Home","item":"https:\/\/guidetogreenland.com\/da\/"},{"@type":"ListItem","position":2,"name":"Se alle ture","item":"https:\/\/guidetogreenland.com\/da\/reserver-ferie-rejser\/"},{"@type":"ListItem","position":3,"name":"Se isbjerge og bjergtoppe med helikopter | Qaqortoq | Sydgr\u00f8nland"}]},{"@type":"WebSite","@id":"https:\/\/guidetogreenland.com\/da\/#website","url":"https:\/\/guidetogreenland.com\/da\/","name":"Guide to Greenland","description":"Largest selection of tours in Greenland","potentialAction":[{"@type":"SearchAction","target":{"@type":"EntryPoint","urlTemplate":"https:\/\/guidetogreenland.com\/da\/?s={search_term_string}"},"query-input":{"@type":"PropertyValueSpecification","valueRequired":true,"valueName":"search_term_string"}}],"inLanguage":"da-DK"}]}},"_links":{"self":[{"href":"https:\/\/guidetogreenland.com\/da\/wp-json\/wp\/v2\/product\/15670","targetHints":{"allow":["GET"]}}],"collection":[{"href":"https:\/\/guidetogreenland.com\/da\/wp-json\/wp\/v2\/product"}],"about":[{"href":"https:\/\/guidetogreenland.com\/da\/wp-json\/wp\/v2\/types\/product"}],"replies":[{"embeddable":true,"href":"https:\/\/guidetogreenland.com\/da\/wp-json\/wp\/v2\/comments?post=15670"}],"wp:featuredmedia":[{"embeddable":true,"href":"https:\/\/guidetogreenland.com\/da\/wp-json\/wp\/v2\/media\/15672"}],"wp:attachment":[{"href":"https:\/\/guidetogreenland.com\/da\/wp-json\/wp\/v2\/media?parent=15670"}],"wp:term":[{"taxonomy":"product_brand","embeddable":true,"href":"https:\/\/guidetogreenland.com\/da\/wp-json\/wp\/v2\/product_brand?post=15670"},{"taxonomy":"product_cat","embeddable":true,"href":"https:\/\/guidetogreenland.com\/da\/wp-json\/wp\/v2\/product_cat?post=15670"},{"taxonomy":"product_tag","embeddable":true,"href":"https:\/\/guidetogreenland.com\/da\/wp-json\/wp\/v2\/product_tag?post=15670"}],"curies":[{"name":"wp","href":"https:\/\/api.w.org\/{rel}","templated":true}]}}