{"id":15682,"date":"2020-05-14T12:47:20","date_gmt":"2020-05-14T12:47:20","guid":{"rendered":"https:\/\/guidetogreenland.com\/book-trips-holiday\/ilulissat-icefjord-ilulissat-disko-bay\/"},"modified":"2026-01-25T10:45:09","modified_gmt":"2026-01-25T13:45:09","slug":"ilulissat-isfjord-ilulissat-diskobugt","status":"publish","type":"product","link":"https:\/\/guidetogreenland.com\/da\/reserver-ferie-rejser\/ilulissat-isfjord-ilulissat-diskobugt\/","title":{"rendered":"Ilulissat Isfjord | Ilulissat | Diskobugt"},"content":{"rendered":"<p><span style=\"font-weight: 400;\">Se de utrolige isbjerge ved Ilulissat Isfjord p\u00e5 denne to-timers b\u00e5dtur. Med en lokal kaptajn vil du sejle mellem isfjordens massive isbjerge. Denne tur er for alle, der \u00f8nsker at opleve de Arktiske vidundere!<\/span><\/p>\n<p><span style=\"font-weight: 400;\">Isbjergene p\u00e5 Ilulissat Isfjord stammer fra en af \u200b\u200bverdens hurtigste og mest aktive gletsjere, Sermeq Kujalleq-gletsjeren. Det smukke landskab ved Ilulissat Isfjord er ikke kun skabt af den aktive gletscher, men ogs\u00e5 p\u00e5 grund af placeringen. Vidste du, at gletsjeren er en af \u200b\u200bf\u00e5, der rent faktisk n\u00e5r ned til havet?<\/span><\/p>\n<p><span style=\"font-weight: 400;\">Ved havnen i Ilulissat vil din kaptajn s\u00e6tte dig og de andre p\u00e5 ekspeditionen af p\u00e5 det \u00e5bne fart\u00f8j, som sikkert vil sejle dig ud mellem isflagerne. Undervejs kan man v\u00e6re heldig at f\u00e5 \u00f8je p\u00e5 en hval eller to, s\u00e5 hold \u00f8je med hvalerne, mens du sejler rundt mellem b\u00f8lgerne!<\/span><\/p>\n<p><span style=\"font-weight: 400;\">N\u00e5r ankommer til fjordens udmunding, vil kaptajnen langsomt styre skibet ind i Kangia, s\u00e5 du kan nyde de t\u00e5rnh\u00f8je isbjerge og det tryllebindende landskab. Det er en helt unik oplevelse at glide stille ind gennem fjorden med de hvide og bl\u00e5 nuancerede isbjerge, der omgiver dig. Men de azurbl\u00e5 isbluer p\u00e5 isbjergenes toppe er slet ikke alt, da det dramatiske syn og lyden af \u200b\u200bk\u00e6lvende isbjerge hurtigt vil g\u00f8re sit til at fuldende din oplevelse!<\/span><\/p>\n<p><span style=\"font-weight: 400;\">P\u00e5 grund af isfjordens utrolige sk\u00f8nhed, det dramatiske landskab med is og k\u00e6lvende isbjerge, der stille og roligt flyder ud p\u00e5 havet, er fjorden en del af UNESCOs verdensarv. N\u00e5r du krydser ind og ud mellem de massive isblokke, vil du forst\u00e5, hvorfor de \u00e6refrygtindgydende naturf\u00e6nomener er en verdensarv.<\/span><\/p>\n<p><span style=\"font-weight: 400;\">Hvad venter du p\u00e5? Skynd dig og book dit iskrydstogt i Ilulissat, Gr\u00f8nland i dag!\u00a0<\/span><\/p>\n<p class=\"x-18pep25\">\n<span style=\"font-weight: 400;\">Tjek tilg\u00e6ngeligheden af ved at trykke p\u00e5 <\/span><b>&#8216;Book nu&#8217;<\/b><span style=\"font-weight: 400;\"> ovenfor.<\/span><\/p>\n","protected":false},"excerpt":{"rendered":"Se de utrolige isbjerge ved Ilulissat Isfjord p\u00e5 denne to-timers b\u00e5dtur. Med en lokal kaptajn vil du sejle mellem isfjordens massive isbjerge. Denne tur er for alle, der \u00f8nsker at opleve de Arktiske vidundere! Isbjergene p\u00e5 Ilulissat Isfjord stammer fra en af \u200b\u200bverdens hurtigste og mest aktive gletsjere, Sermeq Kujalleq-gletsjeren. Det smukke landskab ved Ilulissat&#8230;","protected":false},"featured_media":15684,"comment_status":"open","ping_status":"closed","template":"","meta":[],"product_brand":[],"product_cat":[],"product_tag":[],"class_list":{"0":"post-15682","1":"product","2":"type-product","3":"status-publish","4":"has-post-thumbnail","6":"pa_activities-baadtur","7":"pa_activities-isbjerg-udsigt","8":"pa_attractions-ilulissat-icefjord","9":"pa_attractions-unesco-verdensarv-omraade","10":"pa_attractions-disko-bay-da","11":"pa_available-month-april","12":"pa_available-month-maj","13":"pa_available-month-juni","14":"pa_available-month-juli","15":"pa_available-month-august","16":"pa_available-month-september","17":"pa_available-month-oktober","18":"pa_destinations-ilulissat","19":"pa_difficulty-let","20":"pa_duration-2-timer","21":"pa_tour-type-dagsture","22":"yith_shop_vendor-unique-tours-da","24":"first","25":"instock","26":"virtual","27":"sold-individually","28":"purchasable","29":"product-type-booking"},"acf":[],"yoast_head":"<!-- This site is optimized with the Yoast SEO plugin v25.6 - https:\/\/yoast.com\/wordpress\/plugins\/seo\/ -->\n<title>Ilulissat Isfjord | Ilulissat | Diskobugt | Guide to Greenland<\/title>\n<meta name=\"robots\" content=\"index, follow, max-snippet:-1, max-image-preview:large, max-video-preview:-1\" \/>\n<link rel=\"canonical\" href=\"https:\/\/guidetogreenland.com\/da\/reserver-ferie-rejser\/ilulissat-isfjord-ilulissat-diskobugt\/\" \/>\n<meta property=\"og:locale\" content=\"da_DK\" \/>\n<meta property=\"og:type\" content=\"article\" \/>\n<meta property=\"og:title\" content=\"Ilulissat Isfjord | Ilulissat | Diskobugt | Guide to Greenland\" \/>\n<meta property=\"og:description\" content=\"Se de utrolige isbjerge ved Ilulissat Isfjord p\u00e5 denne to-timers b\u00e5dtur. Med en lokal kaptajn vil du sejle mellem isfjordens massive isbjerge. Denne tur er for alle, der \u00f8nsker at opleve de Arktiske vidundere! Isbjergene p\u00e5 Ilulissat Isfjord stammer fra en af \u200b\u200bverdens hurtigste og mest aktive gletsjere, Sermeq Kujalleq-gletsjeren. Det smukke landskab ved Ilulissat...\" \/>\n<meta property=\"og:url\" content=\"https:\/\/guidetogreenland.com\/da\/reserver-ferie-rejser\/ilulissat-isfjord-ilulissat-diskobugt\/\" \/>\n<meta property=\"og:site_name\" content=\"Guide to Greenland\" \/>\n<meta property=\"article:modified_time\" content=\"2026-01-25T13:45:09+00:00\" \/>\n<meta property=\"og:image\" content=\"https:\/\/guidetogreenland.com\/wp-content\/uploads\/2020\/05\/ilulissat-icefjord-ilulissat-disko-bay-Guide-to-Greenland-5.jpg\" \/>\n\t<meta property=\"og:image:width\" content=\"926\" \/>\n\t<meta property=\"og:image:height\" content=\"695\" \/>\n\t<meta property=\"og:image:type\" content=\"image\/jpeg\" \/>\n<meta name=\"twitter:card\" content=\"summary_large_image\" \/>\n<meta name=\"twitter:label1\" content=\"Estimeret l\u00e6setid\" \/>\n\t<meta name=\"twitter:data1\" content=\"2 minutter\" \/>\n<script type=\"application\/ld+json\" class=\"yoast-schema-graph\">{\"@context\":\"https:\/\/schema.org\",\"@graph\":[{\"@type\":\"WebPage\",\"@id\":\"https:\/\/guidetogreenland.com\/da\/reserver-ferie-rejser\/ilulissat-isfjord-ilulissat-diskobugt\/\",\"url\":\"https:\/\/guidetogreenland.com\/da\/reserver-ferie-rejser\/ilulissat-isfjord-ilulissat-diskobugt\/\",\"name\":\"Ilulissat Isfjord | Ilulissat | Diskobugt | Guide to Greenland\",\"isPartOf\":{\"@id\":\"https:\/\/guidetogreenland.com\/da\/#website\"},\"primaryImageOfPage\":{\"@id\":\"https:\/\/guidetogreenland.com\/da\/reserver-ferie-rejser\/ilulissat-isfjord-ilulissat-diskobugt\/#primaryimage\"},\"image\":{\"@id\":\"https:\/\/guidetogreenland.com\/da\/reserver-ferie-rejser\/ilulissat-isfjord-ilulissat-diskobugt\/#primaryimage\"},\"thumbnailUrl\":\"https:\/\/guidetogreenland.com\/wp-content\/uploads\/2020\/05\/ilulissat-icefjord-ilulissat-disko-bay-Guide-to-Greenland-5.jpg\",\"datePublished\":\"2020-05-14T12:47:20+00:00\",\"dateModified\":\"2026-01-25T13:45:09+00:00\",\"breadcrumb\":{\"@id\":\"https:\/\/guidetogreenland.com\/da\/reserver-ferie-rejser\/ilulissat-isfjord-ilulissat-diskobugt\/#breadcrumb\"},\"inLanguage\":\"da-DK\",\"potentialAction\":[{\"@type\":\"ReadAction\",\"target\":[\"https:\/\/guidetogreenland.com\/da\/reserver-ferie-rejser\/ilulissat-isfjord-ilulissat-diskobugt\/\"]}]},{\"@type\":\"ImageObject\",\"inLanguage\":\"da-DK\",\"@id\":\"https:\/\/guidetogreenland.com\/da\/reserver-ferie-rejser\/ilulissat-isfjord-ilulissat-diskobugt\/#primaryimage\",\"url\":\"https:\/\/guidetogreenland.com\/wp-content\/uploads\/2020\/05\/ilulissat-icefjord-ilulissat-disko-bay-Guide-to-Greenland-5.jpg\",\"contentUrl\":\"https:\/\/guidetogreenland.com\/wp-content\/uploads\/2020\/05\/ilulissat-icefjord-ilulissat-disko-bay-Guide-to-Greenland-5.jpg\",\"width\":926,\"height\":695},{\"@type\":\"BreadcrumbList\",\"@id\":\"https:\/\/guidetogreenland.com\/da\/reserver-ferie-rejser\/ilulissat-isfjord-ilulissat-diskobugt\/#breadcrumb\",\"itemListElement\":[{\"@type\":\"ListItem\",\"position\":1,\"name\":\"Home\",\"item\":\"https:\/\/guidetogreenland.com\/da\/\"},{\"@type\":\"ListItem\",\"position\":2,\"name\":\"Se alle ture\",\"item\":\"https:\/\/guidetogreenland.com\/da\/reserver-ferie-rejser\/\"},{\"@type\":\"ListItem\",\"position\":3,\"name\":\"Ilulissat Isfjord | Ilulissat | Diskobugt\"}]},{\"@type\":\"WebSite\",\"@id\":\"https:\/\/guidetogreenland.com\/da\/#website\",\"url\":\"https:\/\/guidetogreenland.com\/da\/\",\"name\":\"Guide to Greenland\",\"description\":\"Largest selection of tours in Greenland\",\"potentialAction\":[{\"@type\":\"SearchAction\",\"target\":{\"@type\":\"EntryPoint\",\"urlTemplate\":\"https:\/\/guidetogreenland.com\/da\/?s={search_term_string}\"},\"query-input\":{\"@type\":\"PropertyValueSpecification\",\"valueRequired\":true,\"valueName\":\"search_term_string\"}}],\"inLanguage\":\"da-DK\"}]}<\/script>\n<!-- \/ Yoast SEO plugin. -->","yoast_head_json":{"title":"Ilulissat Isfjord | Ilulissat | Diskobugt | Guide to Greenland","robots":{"index":"index","follow":"follow","max-snippet":"max-snippet:-1","max-image-preview":"max-image-preview:large","max-video-preview":"max-video-preview:-1"},"canonical":"https:\/\/guidetogreenland.com\/da\/reserver-ferie-rejser\/ilulissat-isfjord-ilulissat-diskobugt\/","og_locale":"da_DK","og_type":"article","og_title":"Ilulissat Isfjord | Ilulissat | Diskobugt | Guide to Greenland","og_description":"Se de utrolige isbjerge ved Ilulissat Isfjord p\u00e5 denne to-timers b\u00e5dtur. Med en lokal kaptajn vil du sejle mellem isfjordens massive isbjerge. Denne tur er for alle, der \u00f8nsker at opleve de Arktiske vidundere! Isbjergene p\u00e5 Ilulissat Isfjord stammer fra en af \u200b\u200bverdens hurtigste og mest aktive gletsjere, Sermeq Kujalleq-gletsjeren. Det smukke landskab ved Ilulissat...","og_url":"https:\/\/guidetogreenland.com\/da\/reserver-ferie-rejser\/ilulissat-isfjord-ilulissat-diskobugt\/","og_site_name":"Guide to Greenland","article_modified_time":"2026-01-25T13:45:09+00:00","og_image":[{"width":926,"height":695,"url":"https:\/\/guidetogreenland.com\/wp-content\/uploads\/2020\/05\/ilulissat-icefjord-ilulissat-disko-bay-Guide-to-Greenland-5.jpg","type":"image\/jpeg"}],"twitter_card":"summary_large_image","twitter_misc":{"Estimeret l\u00e6setid":"2 minutter"},"schema":{"@context":"https:\/\/schema.org","@graph":[{"@type":"WebPage","@id":"https:\/\/guidetogreenland.com\/da\/reserver-ferie-rejser\/ilulissat-isfjord-ilulissat-diskobugt\/","url":"https:\/\/guidetogreenland.com\/da\/reserver-ferie-rejser\/ilulissat-isfjord-ilulissat-diskobugt\/","name":"Ilulissat Isfjord | Ilulissat | Diskobugt | Guide to Greenland","isPartOf":{"@id":"https:\/\/guidetogreenland.com\/da\/#website"},"primaryImageOfPage":{"@id":"https:\/\/guidetogreenland.com\/da\/reserver-ferie-rejser\/ilulissat-isfjord-ilulissat-diskobugt\/#primaryimage"},"image":{"@id":"https:\/\/guidetogreenland.com\/da\/reserver-ferie-rejser\/ilulissat-isfjord-ilulissat-diskobugt\/#primaryimage"},"thumbnailUrl":"https:\/\/guidetogreenland.com\/wp-content\/uploads\/2020\/05\/ilulissat-icefjord-ilulissat-disko-bay-Guide-to-Greenland-5.jpg","datePublished":"2020-05-14T12:47:20+00:00","dateModified":"2026-01-25T13:45:09+00:00","breadcrumb":{"@id":"https:\/\/guidetogreenland.com\/da\/reserver-ferie-rejser\/ilulissat-isfjord-ilulissat-diskobugt\/#breadcrumb"},"inLanguage":"da-DK","potentialAction":[{"@type":"ReadAction","target":["https:\/\/guidetogreenland.com\/da\/reserver-ferie-rejser\/ilulissat-isfjord-ilulissat-diskobugt\/"]}]},{"@type":"ImageObject","inLanguage":"da-DK","@id":"https:\/\/guidetogreenland.com\/da\/reserver-ferie-rejser\/ilulissat-isfjord-ilulissat-diskobugt\/#primaryimage","url":"https:\/\/guidetogreenland.com\/wp-content\/uploads\/2020\/05\/ilulissat-icefjord-ilulissat-disko-bay-Guide-to-Greenland-5.jpg","contentUrl":"https:\/\/guidetogreenland.com\/wp-content\/uploads\/2020\/05\/ilulissat-icefjord-ilulissat-disko-bay-Guide-to-Greenland-5.jpg","width":926,"height":695},{"@type":"BreadcrumbList","@id":"https:\/\/guidetogreenland.com\/da\/reserver-ferie-rejser\/ilulissat-isfjord-ilulissat-diskobugt\/#breadcrumb","itemListElement":[{"@type":"ListItem","position":1,"name":"Home","item":"https:\/\/guidetogreenland.com\/da\/"},{"@type":"ListItem","position":2,"name":"Se alle ture","item":"https:\/\/guidetogreenland.com\/da\/reserver-ferie-rejser\/"},{"@type":"ListItem","position":3,"name":"Ilulissat Isfjord | Ilulissat | Diskobugt"}]},{"@type":"WebSite","@id":"https:\/\/guidetogreenland.com\/da\/#website","url":"https:\/\/guidetogreenland.com\/da\/","name":"Guide to Greenland","description":"Largest selection of tours in Greenland","potentialAction":[{"@type":"SearchAction","target":{"@type":"EntryPoint","urlTemplate":"https:\/\/guidetogreenland.com\/da\/?s={search_term_string}"},"query-input":{"@type":"PropertyValueSpecification","valueRequired":true,"valueName":"search_term_string"}}],"inLanguage":"da-DK"}]}},"_links":{"self":[{"href":"https:\/\/guidetogreenland.com\/da\/wp-json\/wp\/v2\/product\/15682","targetHints":{"allow":["GET"]}}],"collection":[{"href":"https:\/\/guidetogreenland.com\/da\/wp-json\/wp\/v2\/product"}],"about":[{"href":"https:\/\/guidetogreenland.com\/da\/wp-json\/wp\/v2\/types\/product"}],"replies":[{"embeddable":true,"href":"https:\/\/guidetogreenland.com\/da\/wp-json\/wp\/v2\/comments?post=15682"}],"wp:featuredmedia":[{"embeddable":true,"href":"https:\/\/guidetogreenland.com\/da\/wp-json\/wp\/v2\/media\/15684"}],"wp:attachment":[{"href":"https:\/\/guidetogreenland.com\/da\/wp-json\/wp\/v2\/media?parent=15682"}],"wp:term":[{"taxonomy":"product_brand","embeddable":true,"href":"https:\/\/guidetogreenland.com\/da\/wp-json\/wp\/v2\/product_brand?post=15682"},{"taxonomy":"product_cat","embeddable":true,"href":"https:\/\/guidetogreenland.com\/da\/wp-json\/wp\/v2\/product_cat?post=15682"},{"taxonomy":"product_tag","embeddable":true,"href":"https:\/\/guidetogreenland.com\/da\/wp-json\/wp\/v2\/product_tag?post=15682"}],"curies":[{"name":"wp","href":"https:\/\/api.w.org\/{rel}","templated":true}]}}