{"id":15694,"date":"2020-05-28T16:21:46","date_gmt":"2020-05-28T16:21:46","guid":{"rendered":"https:\/\/guidetogreenland.com\/book-trips-holiday\/a-taste-of-greenland-settlement-adventure-in-oqaatsut-ilulissat\/"},"modified":"2025-09-19T01:02:16","modified_gmt":"2025-09-19T04:02:16","slug":"en-smag-af-groenland-eventyr-i-bygden-oqaatsut-ilulissat","status":"publish","type":"product","link":"https:\/\/guidetogreenland.com\/da\/reserver-ferie-rejser\/en-smag-af-gronland-eventyr-i-bygden-oqaatsut-ilulissat\/","title":{"rendered":"En smag af Gr\u00f8nland | Eventyr i bygden Oqaatsut | Ilulissat"},"content":{"rendered":"<p><span style=\"font-weight: 400;\">F\u00e5 en smag af Gr\u00f8nland, med denne ekstraordin\u00e6re 6-timers madoplevelse, der afg\u00e5r fra Ilulissat. Denne tur er den perfekte introduktion til den Gr\u00f8nlandske madkultur samt de gaver, som den gr\u00f8nlandske natur har at byde p\u00e5.<\/span><\/p>\n<p><span style=\"font-weight: 400;\">Turen f\u00f8rer dig ud af byen til den lille bygd Oqaatsut. Oqaatsut ligger omkring 13 kilometer nord for Ilulissat, cirka 45 minutters b\u00e5dtur derfra. Ved ankomsten til Oqaatsut tager vi en kort tur rundt i omr\u00e5det. Oqaatsut blev oprindeligt kaldt &#8216;R\u00f8debugt&#8217;, opkaldt efter hollandske hvalfangere, der etablerede den lille bygd som en handelsstation i det 18. \u00e5rhundrede.\u00a0<\/span><\/p>\n<p><span style=\"font-weight: 400;\">Det gr\u00f8nlandske folk har altid levet i sammenh\u00e6ng med naturen og har altid v\u00e6ret afh\u00e6ngig af naturens gaver, s\u00e5som fisk, rensdyr, b\u00e6r, arktisk timian, Arktisk kvan, Labrador tea &#8211; ogs\u00e5 kendt som Gr\u00f8nlandsk post eller Rhododendrum groenlandicum, l\u00e6geplanten Liden klokke, svampe osv.<\/span><\/p>\n<p><span style=\"font-weight: 400;\">Oqaatsut er omgivet af uendelige kilometer af arktisk tundra og hav, med perfekte betingelser for de gr\u00f8nlandske urter, der kan vokse uforstyrret og fri af forurening, hvilke f\u00e5r det gr\u00f8nlandske dyre- og planteliv til at blomstre. Hvad vi finder i naturen, afh\u00e6nger af \u00e5rstiden. Vi vil s\u00f8ge b\u00e5de p\u00e5 land og i s\u00f8erne efter lokale r\u00e5varer. Din guide hj\u00e6lper dig med at finde r\u00e5varerne p\u00e5 land &#8211; samt alt godt fra havet.<\/span><\/p>\n<p><span style=\"font-weight: 400;\">N\u00e5r du og dine rejsevenner er tilfredse med dagens fangst, tilberedes frokosten. Hvis vores f\u00e6rdigheder som j\u00e6gere, fiskere og samlere mislykkes, har vi en backup middag, som du kan nyde.<\/span><\/p>\n<p><span style=\"font-weight: 400;\">T\u00f8v ikke med at booke denne ekstraordin\u00e6re madoplevelse, da du udover selve maden f\u00e5r mulighed for at tilbringe en hel dag i naturen, spise l\u00e6kker mad og fordybe dig i gr\u00f8nlandsk kultur og historie.\u00a0<\/span><\/p>\n<p class=\"x-18pep25\"><span style=\"font-weight: 400;\">Tjek tilg\u00e6ngeligheden af \u200b\u200breservation ved at trykke p\u00e5 <\/span><b>&#8216;Book nu&#8217;<\/b><span style=\"font-weight: 400;\"> ovenfor.<\/span><\/p>\n","protected":false},"excerpt":{"rendered":"F\u00e5 en smag af Gr\u00f8nland, med denne ekstraordin\u00e6re 6-timers madoplevelse, der afg\u00e5r fra Ilulissat. Denne tur er den perfekte introduktion til den Gr\u00f8nlandske madkultur samt de gaver, som den gr\u00f8nlandske natur har at byde p\u00e5. Turen f\u00f8rer dig ud af byen til den lille bygd Oqaatsut. Oqaatsut ligger omkring 13 kilometer nord for Ilulissat, cirka&#8230;","protected":false},"featured_media":15702,"comment_status":"open","ping_status":"closed","template":"","meta":[],"product_brand":[],"product_cat":[594,605,629,622,623,644],"product_tag":[919],"class_list":{"0":"post-15694","1":"product","2":"type-product","3":"status-publish","4":"has-post-thumbnail","6":"product_cat-baadture","7":"product_cat-dagsture-om-sommeren","8":"product_cat-disko-bugten","9":"product_cat-groenlandsk-kultur","10":"product_cat-kulturelle-aktiviteter","11":"product_cat-ture-i-ilulissat","12":"product_tag-ilulissat-da","13":"pa_activities-baadtur","14":"pa_activities-madsmagning","15":"pa_activities-groenlandsk-kultur","16":"pa_activities-bygdebesoeg","17":"pa_attractions-oqaatsut","18":"pa_available-month-maj","19":"pa_available-month-juni","20":"pa_available-month-juli","21":"pa_available-month-august","22":"pa_available-month-september","23":"pa_available-month-oktober","24":"pa_destinations-ilulissat","25":"pa_difficulty-let","26":"pa_duration-7-timer","27":"pa_tour-type-dagsture","28":"yith_shop_vendor-albatros-ilulissat-da","30":"first","31":"instock","32":"virtual","33":"sold-individually","34":"purchasable","35":"product-type-booking"},"acf":[],"yoast_head":"<!-- This site is optimized with the Yoast SEO plugin v25.6 - https:\/\/yoast.com\/wordpress\/plugins\/seo\/ -->\n<title>En smag af Gr\u00f8nland | Eventyr i bygden Oqaatsut | Ilulissat | Guide to Greenland<\/title>\n<meta name=\"description\" content=\"F\u00e5 en smag af Gr\u00f8nland med denne ekstraordin\u00e6re 6-timers madoplevelse, der afg\u00e5r fra Ilulissat. Denne tur er den perfekte introduktion til Gr\u00f8nlands madkultur og arktiske r\u00e5varer!\" \/>\n<meta name=\"robots\" content=\"index, follow, max-snippet:-1, max-image-preview:large, max-video-preview:-1\" \/>\n<link rel=\"canonical\" href=\"https:\/\/guidetogreenland.com\/da\/reserver-ferie-rejser\/en-smag-af-gronland-eventyr-i-bygden-oqaatsut-ilulissat\/\" \/>\n<meta property=\"og:locale\" content=\"da_DK\" \/>\n<meta property=\"og:type\" content=\"article\" \/>\n<meta property=\"og:title\" content=\"En smag af Gr\u00f8nland | Eventyr i bygden Oqaatsut | Ilulissat | Guide to Greenland\" \/>\n<meta property=\"og:description\" content=\"F\u00e5 en smag af Gr\u00f8nland med denne ekstraordin\u00e6re 6-timers madoplevelse, der afg\u00e5r fra Ilulissat. Denne tur er den perfekte introduktion til Gr\u00f8nlands madkultur og arktiske r\u00e5varer!\" \/>\n<meta property=\"og:url\" content=\"https:\/\/guidetogreenland.com\/da\/reserver-ferie-rejser\/en-smag-af-gronland-eventyr-i-bygden-oqaatsut-ilulissat\/\" \/>\n<meta property=\"og:site_name\" content=\"Guide to Greenland\" \/>\n<meta property=\"article:modified_time\" content=\"2025-09-19T04:02:16+00:00\" \/>\n<meta property=\"og:image\" content=\"https:\/\/guidetogreenland.com\/wp-content\/uploads\/2020\/05\/a-taste-of-greenland-settlement-adventure-in-oqaatsut-ilulissat-Guide-to-Greenland8.jpg\" \/>\n\t<meta property=\"og:image:width\" content=\"1380\" \/>\n\t<meta property=\"og:image:height\" content=\"1380\" \/>\n\t<meta property=\"og:image:type\" content=\"image\/jpeg\" \/>\n<meta name=\"twitter:card\" content=\"summary_large_image\" \/>\n<meta name=\"twitter:label1\" content=\"Estimeret l\u00e6setid\" \/>\n\t<meta name=\"twitter:data1\" content=\"2 minutter\" \/>\n<script type=\"application\/ld+json\" class=\"yoast-schema-graph\">{\"@context\":\"https:\/\/schema.org\",\"@graph\":[{\"@type\":\"WebPage\",\"@id\":\"https:\/\/guidetogreenland.com\/da\/reserver-ferie-rejser\/en-smag-af-gronland-eventyr-i-bygden-oqaatsut-ilulissat\/\",\"url\":\"https:\/\/guidetogreenland.com\/da\/reserver-ferie-rejser\/en-smag-af-gronland-eventyr-i-bygden-oqaatsut-ilulissat\/\",\"name\":\"En smag af Gr\u00f8nland | Eventyr i bygden Oqaatsut | Ilulissat | Guide to Greenland\",\"isPartOf\":{\"@id\":\"https:\/\/guidetogreenland.com\/da\/#website\"},\"primaryImageOfPage\":{\"@id\":\"https:\/\/guidetogreenland.com\/da\/reserver-ferie-rejser\/en-smag-af-gronland-eventyr-i-bygden-oqaatsut-ilulissat\/#primaryimage\"},\"image\":{\"@id\":\"https:\/\/guidetogreenland.com\/da\/reserver-ferie-rejser\/en-smag-af-gronland-eventyr-i-bygden-oqaatsut-ilulissat\/#primaryimage\"},\"thumbnailUrl\":\"https:\/\/guidetogreenland.com\/wp-content\/uploads\/2020\/05\/a-taste-of-greenland-settlement-adventure-in-oqaatsut-ilulissat-Guide-to-Greenland8.jpg\",\"datePublished\":\"2020-05-28T16:21:46+00:00\",\"dateModified\":\"2025-09-19T04:02:16+00:00\",\"description\":\"F\u00e5 en smag af Gr\u00f8nland med denne ekstraordin\u00e6re 6-timers madoplevelse, der afg\u00e5r fra Ilulissat. Denne tur er den perfekte introduktion til Gr\u00f8nlands madkultur og arktiske r\u00e5varer!\",\"breadcrumb\":{\"@id\":\"https:\/\/guidetogreenland.com\/da\/reserver-ferie-rejser\/en-smag-af-gronland-eventyr-i-bygden-oqaatsut-ilulissat\/#breadcrumb\"},\"inLanguage\":\"da-DK\",\"potentialAction\":[{\"@type\":\"ReadAction\",\"target\":[\"https:\/\/guidetogreenland.com\/da\/reserver-ferie-rejser\/en-smag-af-gronland-eventyr-i-bygden-oqaatsut-ilulissat\/\"]}]},{\"@type\":\"ImageObject\",\"inLanguage\":\"da-DK\",\"@id\":\"https:\/\/guidetogreenland.com\/da\/reserver-ferie-rejser\/en-smag-af-gronland-eventyr-i-bygden-oqaatsut-ilulissat\/#primaryimage\",\"url\":\"https:\/\/guidetogreenland.com\/wp-content\/uploads\/2020\/05\/a-taste-of-greenland-settlement-adventure-in-oqaatsut-ilulissat-Guide-to-Greenland8.jpg\",\"contentUrl\":\"https:\/\/guidetogreenland.com\/wp-content\/uploads\/2020\/05\/a-taste-of-greenland-settlement-adventure-in-oqaatsut-ilulissat-Guide-to-Greenland8.jpg\",\"width\":1380,\"height\":1380},{\"@type\":\"BreadcrumbList\",\"@id\":\"https:\/\/guidetogreenland.com\/da\/reserver-ferie-rejser\/en-smag-af-gronland-eventyr-i-bygden-oqaatsut-ilulissat\/#breadcrumb\",\"itemListElement\":[{\"@type\":\"ListItem\",\"position\":1,\"name\":\"Home\",\"item\":\"https:\/\/guidetogreenland.com\/da\/\"},{\"@type\":\"ListItem\",\"position\":2,\"name\":\"Se alle ture\",\"item\":\"https:\/\/guidetogreenland.com\/da\/reserver-ferie-rejser\/\"},{\"@type\":\"ListItem\",\"position\":3,\"name\":\"En smag af Gr\u00f8nland | Eventyr i bygden Oqaatsut | Ilulissat\"}]},{\"@type\":\"WebSite\",\"@id\":\"https:\/\/guidetogreenland.com\/da\/#website\",\"url\":\"https:\/\/guidetogreenland.com\/da\/\",\"name\":\"Guide to Greenland\",\"description\":\"Largest selection of tours in Greenland\",\"potentialAction\":[{\"@type\":\"SearchAction\",\"target\":{\"@type\":\"EntryPoint\",\"urlTemplate\":\"https:\/\/guidetogreenland.com\/da\/?s={search_term_string}\"},\"query-input\":{\"@type\":\"PropertyValueSpecification\",\"valueRequired\":true,\"valueName\":\"search_term_string\"}}],\"inLanguage\":\"da-DK\"}]}<\/script>\n<!-- \/ Yoast SEO plugin. -->","yoast_head_json":{"title":"En smag af Gr\u00f8nland | Eventyr i bygden Oqaatsut | Ilulissat | Guide to Greenland","description":"F\u00e5 en smag af Gr\u00f8nland med denne ekstraordin\u00e6re 6-timers madoplevelse, der afg\u00e5r fra Ilulissat. Denne tur er den perfekte introduktion til Gr\u00f8nlands madkultur og arktiske r\u00e5varer!","robots":{"index":"index","follow":"follow","max-snippet":"max-snippet:-1","max-image-preview":"max-image-preview:large","max-video-preview":"max-video-preview:-1"},"canonical":"https:\/\/guidetogreenland.com\/da\/reserver-ferie-rejser\/en-smag-af-gronland-eventyr-i-bygden-oqaatsut-ilulissat\/","og_locale":"da_DK","og_type":"article","og_title":"En smag af Gr\u00f8nland | Eventyr i bygden Oqaatsut | Ilulissat | Guide to Greenland","og_description":"F\u00e5 en smag af Gr\u00f8nland med denne ekstraordin\u00e6re 6-timers madoplevelse, der afg\u00e5r fra Ilulissat. Denne tur er den perfekte introduktion til Gr\u00f8nlands madkultur og arktiske r\u00e5varer!","og_url":"https:\/\/guidetogreenland.com\/da\/reserver-ferie-rejser\/en-smag-af-gronland-eventyr-i-bygden-oqaatsut-ilulissat\/","og_site_name":"Guide to Greenland","article_modified_time":"2025-09-19T04:02:16+00:00","og_image":[{"width":1380,"height":1380,"url":"https:\/\/guidetogreenland.com\/wp-content\/uploads\/2020\/05\/a-taste-of-greenland-settlement-adventure-in-oqaatsut-ilulissat-Guide-to-Greenland8.jpg","type":"image\/jpeg"}],"twitter_card":"summary_large_image","twitter_misc":{"Estimeret l\u00e6setid":"2 minutter"},"schema":{"@context":"https:\/\/schema.org","@graph":[{"@type":"WebPage","@id":"https:\/\/guidetogreenland.com\/da\/reserver-ferie-rejser\/en-smag-af-gronland-eventyr-i-bygden-oqaatsut-ilulissat\/","url":"https:\/\/guidetogreenland.com\/da\/reserver-ferie-rejser\/en-smag-af-gronland-eventyr-i-bygden-oqaatsut-ilulissat\/","name":"En smag af Gr\u00f8nland | Eventyr i bygden Oqaatsut | Ilulissat | Guide to Greenland","isPartOf":{"@id":"https:\/\/guidetogreenland.com\/da\/#website"},"primaryImageOfPage":{"@id":"https:\/\/guidetogreenland.com\/da\/reserver-ferie-rejser\/en-smag-af-gronland-eventyr-i-bygden-oqaatsut-ilulissat\/#primaryimage"},"image":{"@id":"https:\/\/guidetogreenland.com\/da\/reserver-ferie-rejser\/en-smag-af-gronland-eventyr-i-bygden-oqaatsut-ilulissat\/#primaryimage"},"thumbnailUrl":"https:\/\/guidetogreenland.com\/wp-content\/uploads\/2020\/05\/a-taste-of-greenland-settlement-adventure-in-oqaatsut-ilulissat-Guide-to-Greenland8.jpg","datePublished":"2020-05-28T16:21:46+00:00","dateModified":"2025-09-19T04:02:16+00:00","description":"F\u00e5 en smag af Gr\u00f8nland med denne ekstraordin\u00e6re 6-timers madoplevelse, der afg\u00e5r fra Ilulissat. Denne tur er den perfekte introduktion til Gr\u00f8nlands madkultur og arktiske r\u00e5varer!","breadcrumb":{"@id":"https:\/\/guidetogreenland.com\/da\/reserver-ferie-rejser\/en-smag-af-gronland-eventyr-i-bygden-oqaatsut-ilulissat\/#breadcrumb"},"inLanguage":"da-DK","potentialAction":[{"@type":"ReadAction","target":["https:\/\/guidetogreenland.com\/da\/reserver-ferie-rejser\/en-smag-af-gronland-eventyr-i-bygden-oqaatsut-ilulissat\/"]}]},{"@type":"ImageObject","inLanguage":"da-DK","@id":"https:\/\/guidetogreenland.com\/da\/reserver-ferie-rejser\/en-smag-af-gronland-eventyr-i-bygden-oqaatsut-ilulissat\/#primaryimage","url":"https:\/\/guidetogreenland.com\/wp-content\/uploads\/2020\/05\/a-taste-of-greenland-settlement-adventure-in-oqaatsut-ilulissat-Guide-to-Greenland8.jpg","contentUrl":"https:\/\/guidetogreenland.com\/wp-content\/uploads\/2020\/05\/a-taste-of-greenland-settlement-adventure-in-oqaatsut-ilulissat-Guide-to-Greenland8.jpg","width":1380,"height":1380},{"@type":"BreadcrumbList","@id":"https:\/\/guidetogreenland.com\/da\/reserver-ferie-rejser\/en-smag-af-gronland-eventyr-i-bygden-oqaatsut-ilulissat\/#breadcrumb","itemListElement":[{"@type":"ListItem","position":1,"name":"Home","item":"https:\/\/guidetogreenland.com\/da\/"},{"@type":"ListItem","position":2,"name":"Se alle ture","item":"https:\/\/guidetogreenland.com\/da\/reserver-ferie-rejser\/"},{"@type":"ListItem","position":3,"name":"En smag af Gr\u00f8nland | Eventyr i bygden Oqaatsut | Ilulissat"}]},{"@type":"WebSite","@id":"https:\/\/guidetogreenland.com\/da\/#website","url":"https:\/\/guidetogreenland.com\/da\/","name":"Guide to Greenland","description":"Largest selection of tours in Greenland","potentialAction":[{"@type":"SearchAction","target":{"@type":"EntryPoint","urlTemplate":"https:\/\/guidetogreenland.com\/da\/?s={search_term_string}"},"query-input":{"@type":"PropertyValueSpecification","valueRequired":true,"valueName":"search_term_string"}}],"inLanguage":"da-DK"}]}},"_links":{"self":[{"href":"https:\/\/guidetogreenland.com\/da\/wp-json\/wp\/v2\/product\/15694","targetHints":{"allow":["GET"]}}],"collection":[{"href":"https:\/\/guidetogreenland.com\/da\/wp-json\/wp\/v2\/product"}],"about":[{"href":"https:\/\/guidetogreenland.com\/da\/wp-json\/wp\/v2\/types\/product"}],"replies":[{"embeddable":true,"href":"https:\/\/guidetogreenland.com\/da\/wp-json\/wp\/v2\/comments?post=15694"}],"wp:featuredmedia":[{"embeddable":true,"href":"https:\/\/guidetogreenland.com\/da\/wp-json\/wp\/v2\/media\/15702"}],"wp:attachment":[{"href":"https:\/\/guidetogreenland.com\/da\/wp-json\/wp\/v2\/media?parent=15694"}],"wp:term":[{"taxonomy":"product_brand","embeddable":true,"href":"https:\/\/guidetogreenland.com\/da\/wp-json\/wp\/v2\/product_brand?post=15694"},{"taxonomy":"product_cat","embeddable":true,"href":"https:\/\/guidetogreenland.com\/da\/wp-json\/wp\/v2\/product_cat?post=15694"},{"taxonomy":"product_tag","embeddable":true,"href":"https:\/\/guidetogreenland.com\/da\/wp-json\/wp\/v2\/product_tag?post=15694"}],"curies":[{"name":"wp","href":"https:\/\/api.w.org\/{rel}","templated":true}]}}