{"id":15743,"date":"2020-06-09T18:23:47","date_gmt":"2020-06-09T18:23:47","guid":{"rendered":"https:\/\/guidetogreenland.com\/book-trips-holiday\/best-of-south-greenland-by-helicopter-qaqortoq-south-greenland\/"},"modified":"2021-02-22T09:23:00","modified_gmt":"2021-02-22T09:23:00","slug":"det-bedste-af-sydgroenland-med-helikopter-qaqortoq-sydgroenland","status":"publish","type":"product","link":"https:\/\/guidetogreenland.com\/da\/reserver-ferie-rejser\/det-bedste-af-sydgronland-med-helikopter-qaqortoq-sydgronland\/","title":{"rendered":"Det bedste af Sydgr\u00f8nland med helikopter  | Qaqortoq | Sydgr\u00f8nland"},"content":{"rendered":"<p><span style=\"font-weight: 400;\">Denne tur viser dig de forskellige h\u00f8jdepunkter i Sydgr\u00f8nland! Fjorde fulde af is, stejle bjergsider og vandfald, gletschere, gr\u00f8nne bakker, bygder fra vikingernes tid og nutidens livlige f\u00e5refarme.<\/span><\/p>\n<p><span style=\"font-weight: 400;\">Fra Qaqortoq, med byens farverige huse grupperet p\u00e5 bjergskr\u00e5ningerne, flyver vi over den panoramiske Sermilik Is Fiord. Vandfald, der tumler ned ad bjergsider p\u00e5 5000 fod, flankerer den ene side af fjorden med r\u00e6kker af gletsjere p\u00e5 den anden side. Vi lander ved siden af \u200b\u200ben ismur, der er lidt over 3 km. bred. Her p\u00e5 <\/span><span style=\"font-weight: 400;\">Jack&#8217;s Point<\/span><span style=\"font-weight: 400;\"> skal du lytte til gletsjerens rumlende lyde, n\u00e5r den bev\u00e6ger sig, for at frigive isbjerge i havet. Dette er et sted, du kun har adgang til med helikopter, da fjorden er fuld af is og der ikke kan sejles med b\u00e5d. <\/span><\/p>\n<p><span style=\"font-weight: 400;\">Vi forts\u00e6tter vores flyvning gennem gr\u00f8nne dale, for at lande ved landsbyen Qassiarsuk. Det er her den ber\u00f8mte viking, Erik den R\u00f8de bosatte sig som den f\u00f8rste europ\u00e6er for mere end 1000 \u00e5r siden og navngav landet Gr\u00f8nland. En rekonstruktion af den f\u00f8rste kristne kirke p\u00e5 det nordamerikanske kontinent, en kopi af et nordisk langhus og forskellige ruiner af bygninger fra den nordiske \u00e6ra kan ses i dette omr\u00e5de. I dag er landsbyen befolket af Inuit-landm\u00e6nd. Nyd blomsterne blandt det frodige gr\u00f8nne gr\u00e6s, og hestene der g\u00e5r forbi.<\/span><\/p>\n<p><span style=\"font-weight: 400;\">Dette omr\u00e5de, inklusive vores n\u00e6ste stop, er opf\u00f8rt som UNESCO-verdensarv, der repr\u00e6senterer den tidligste introduktion af landbrug til Arktis og den nordiske udvidelse af bygder uden for Europa. Det frodige landbrugslandskab ved kanten af \u200b\u200bindlandsisen er udviklet af b\u00e5de Norr\u00f8ne og Inuitiske befolkninger gennem \u00e5rhundrederne.<\/span><\/p>\n<p><span style=\"font-weight: 400;\">Vi flyver videre over den n\u00e6ste fjord og den smukke bygd Igaliku, for at lande ved vores sidste stop ruinerne af Hvals\u00f8 Kirke, et stort og meget velbevaret nordisk sted. Vikinger blomstrede op i Gr\u00f8nland i \u00e5r 500 og forsvandt derefter p\u00e5 mystisk vis. Det vides, at de ikke kun opdr\u00e6ttede og holdt husdyr, men ogs\u00e5 tilpassede sig de arktiske forhold ganske godt. \u00c5rsagen til, at de forsvandt, diskuteres stadig.<\/span><\/p>\n<p><span style=\"font-weight: 400;\">Denne helikoptertur, med stop ved en gletsjer, landbrugsjord og historiske ruiner viser dig alle h\u00f8jdepunkterne i Sydgr\u00f8nland. Lad dig fortrylle af landskabet, sk\u00e5ret af is for millioner af \u00e5r siden, og lad dine tanker vandre omkring livet i fjordene. At se Gr\u00f8nland ovenfra, er en enest\u00e5ende oplevelse.<\/span><\/p>\n<p><span style=\"font-weight: 400;\">For at opleve det bedste af Sydgr\u00f8nland, skal du v\u00e6lge din foretrukne dato og klikke p\u00e5 \u2019<\/span><b>Book nu<\/b><span style=\"font-weight: 400;\">\u2019 for at reservere din plads.<\/span><\/p>\n","protected":false},"excerpt":{"rendered":"Denne tur viser dig de forskellige h\u00f8jdepunkter i Sydgr\u00f8nland! Fjorde fulde af is, stejle bjergsider og vandfald, gletschere, gr\u00f8nne bakker, bygder fra vikingernes tid og nutidens livlige f\u00e5refarme. Fra Qaqortoq, med byens farverige huse grupperet p\u00e5 bjergskr\u00e5ningerne, flyver vi over den panoramiske Sermilik Is Fiord. Vandfald, der tumler ned ad bjergsider p\u00e5 5000 fod, flankerer&#8230;","protected":false},"featured_media":15745,"comment_status":"open","ping_status":"closed","template":"","meta":[],"product_brand":[],"product_cat":[605,604,614,622,624,612,593,632,634,627,643,654,625],"product_tag":[932],"class_list":{"0":"post-15743","1":"product","2":"type-product","3":"status-publish","4":"has-post-thumbnail","6":"product_cat-dagsture-om-sommeren","7":"product_cat-fly-og-helikopterture","8":"product_cat-gletsjer-og-indlandsisen","9":"product_cat-groenlandsk-kultur","10":"product_cat-historiske-ture","11":"product_cat-natur-og-dyreliv-i-groenland","12":"product_cat-oplevelser-i-groenland","13":"product_cat-sydgroenland","14":"product_cat-ture-for-krydstogtgaester","15":"product_cat-ture-i-bestemte-omraader","16":"product_cat-ture-i-hver-by","17":"product_cat-ture-i-qaqortoq","18":"product_cat-ture-til-verdensarv-steder-i-groenland","19":"product_tag-qaqortoq-da","20":"pa_activities-gletscher-udsigt","21":"pa_activities-isbjerg-udsigt","22":"pa_activities-sightseeing-med-fly","23":"pa_activities-bygdebesoeg","24":"pa_activities-unesco-omraade","25":"pa_available-month-januar","26":"pa_available-month-februar","27":"pa_available-month-marts","28":"pa_available-month-april","29":"pa_available-month-maj","30":"pa_available-month-juni","31":"pa_available-month-juli","32":"pa_available-month-september","33":"pa_available-month-oktober","34":"pa_available-month-november","35":"pa_available-month-december","36":"pa_destinations-qaqortoq","37":"pa_difficulty-let","38":"pa_duration-3-timer","39":"pa_tour-type-dagsture","40":"yith_shop_vendor-sermeq-helicopters-da","42":"first","43":"instock","44":"virtual","45":"sold-individually","46":"purchasable","47":"product-type-booking"},"acf":[],"yoast_head":"<!-- This site is optimized with the Yoast SEO plugin v25.6 - https:\/\/yoast.com\/wordpress\/plugins\/seo\/ -->\n<title>Det bedste af Sydgr\u00f8nland med helikopter | Qaqortoq | Sydgr\u00f8nland | Guide to Greenland<\/title>\n<meta name=\"robots\" content=\"index, follow, max-snippet:-1, max-image-preview:large, max-video-preview:-1\" \/>\n<link rel=\"canonical\" href=\"https:\/\/guidetogreenland.com\/da\/reserver-ferie-rejser\/det-bedste-af-sydgronland-med-helikopter-qaqortoq-sydgronland\/\" \/>\n<meta property=\"og:locale\" content=\"da_DK\" \/>\n<meta property=\"og:type\" content=\"article\" \/>\n<meta property=\"og:title\" content=\"Det bedste af Sydgr\u00f8nland med helikopter | Qaqortoq | Sydgr\u00f8nland | Guide to Greenland\" \/>\n<meta property=\"og:description\" content=\"Denne tur viser dig de forskellige h\u00f8jdepunkter i Sydgr\u00f8nland! Fjorde fulde af is, stejle bjergsider og vandfald, gletschere, gr\u00f8nne bakker, bygder fra vikingernes tid og nutidens livlige f\u00e5refarme. Fra Qaqortoq, med byens farverige huse grupperet p\u00e5 bjergskr\u00e5ningerne, flyver vi over den panoramiske Sermilik Is Fiord. Vandfald, der tumler ned ad bjergsider p\u00e5 5000 fod, flankerer...\" \/>\n<meta property=\"og:url\" content=\"https:\/\/guidetogreenland.com\/da\/reserver-ferie-rejser\/det-bedste-af-sydgronland-med-helikopter-qaqortoq-sydgronland\/\" \/>\n<meta property=\"og:site_name\" content=\"Guide to Greenland\" \/>\n<meta property=\"article:modified_time\" content=\"2021-02-22T09:23:00+00:00\" \/>\n<meta property=\"og:image\" content=\"https:\/\/guidetogreenland.com\/wp-content\/uploads\/2020\/05\/best-of-south-greenland-by-helicopter-qaqortoq-south-greenland-Guide-to-Greenland13.jpg\" \/>\n\t<meta property=\"og:image:width\" content=\"1022\" \/>\n\t<meta property=\"og:image:height\" content=\"1382\" \/>\n\t<meta property=\"og:image:type\" content=\"image\/jpeg\" \/>\n<meta name=\"twitter:card\" content=\"summary_large_image\" \/>\n<meta name=\"twitter:label1\" content=\"Estimeret l\u00e6setid\" \/>\n\t<meta name=\"twitter:data1\" content=\"2 minutter\" \/>\n<script type=\"application\/ld+json\" class=\"yoast-schema-graph\">{\"@context\":\"https:\/\/schema.org\",\"@graph\":[{\"@type\":\"WebPage\",\"@id\":\"https:\/\/guidetogreenland.com\/da\/reserver-ferie-rejser\/det-bedste-af-sydgronland-med-helikopter-qaqortoq-sydgronland\/\",\"url\":\"https:\/\/guidetogreenland.com\/da\/reserver-ferie-rejser\/det-bedste-af-sydgronland-med-helikopter-qaqortoq-sydgronland\/\",\"name\":\"Det bedste af Sydgr\u00f8nland med helikopter | Qaqortoq | Sydgr\u00f8nland | Guide to Greenland\",\"isPartOf\":{\"@id\":\"https:\/\/guidetogreenland.com\/da\/#website\"},\"primaryImageOfPage\":{\"@id\":\"https:\/\/guidetogreenland.com\/da\/reserver-ferie-rejser\/det-bedste-af-sydgronland-med-helikopter-qaqortoq-sydgronland\/#primaryimage\"},\"image\":{\"@id\":\"https:\/\/guidetogreenland.com\/da\/reserver-ferie-rejser\/det-bedste-af-sydgronland-med-helikopter-qaqortoq-sydgronland\/#primaryimage\"},\"thumbnailUrl\":\"https:\/\/guidetogreenland.com\/wp-content\/uploads\/2020\/05\/best-of-south-greenland-by-helicopter-qaqortoq-south-greenland-Guide-to-Greenland13.jpg\",\"datePublished\":\"2020-06-09T18:23:47+00:00\",\"dateModified\":\"2021-02-22T09:23:00+00:00\",\"breadcrumb\":{\"@id\":\"https:\/\/guidetogreenland.com\/da\/reserver-ferie-rejser\/det-bedste-af-sydgronland-med-helikopter-qaqortoq-sydgronland\/#breadcrumb\"},\"inLanguage\":\"da-DK\",\"potentialAction\":[{\"@type\":\"ReadAction\",\"target\":[\"https:\/\/guidetogreenland.com\/da\/reserver-ferie-rejser\/det-bedste-af-sydgronland-med-helikopter-qaqortoq-sydgronland\/\"]}]},{\"@type\":\"ImageObject\",\"inLanguage\":\"da-DK\",\"@id\":\"https:\/\/guidetogreenland.com\/da\/reserver-ferie-rejser\/det-bedste-af-sydgronland-med-helikopter-qaqortoq-sydgronland\/#primaryimage\",\"url\":\"https:\/\/guidetogreenland.com\/wp-content\/uploads\/2020\/05\/best-of-south-greenland-by-helicopter-qaqortoq-south-greenland-Guide-to-Greenland13.jpg\",\"contentUrl\":\"https:\/\/guidetogreenland.com\/wp-content\/uploads\/2020\/05\/best-of-south-greenland-by-helicopter-qaqortoq-south-greenland-Guide-to-Greenland13.jpg\",\"width\":1022,\"height\":1382},{\"@type\":\"BreadcrumbList\",\"@id\":\"https:\/\/guidetogreenland.com\/da\/reserver-ferie-rejser\/det-bedste-af-sydgronland-med-helikopter-qaqortoq-sydgronland\/#breadcrumb\",\"itemListElement\":[{\"@type\":\"ListItem\",\"position\":1,\"name\":\"Home\",\"item\":\"https:\/\/guidetogreenland.com\/da\/\"},{\"@type\":\"ListItem\",\"position\":2,\"name\":\"Se alle ture\",\"item\":\"https:\/\/guidetogreenland.com\/da\/reserver-ferie-rejser\/\"},{\"@type\":\"ListItem\",\"position\":3,\"name\":\"Det bedste af Sydgr\u00f8nland med helikopter | Qaqortoq | Sydgr\u00f8nland\"}]},{\"@type\":\"WebSite\",\"@id\":\"https:\/\/guidetogreenland.com\/da\/#website\",\"url\":\"https:\/\/guidetogreenland.com\/da\/\",\"name\":\"Guide to Greenland\",\"description\":\"Largest selection of tours in Greenland\",\"potentialAction\":[{\"@type\":\"SearchAction\",\"target\":{\"@type\":\"EntryPoint\",\"urlTemplate\":\"https:\/\/guidetogreenland.com\/da\/?s={search_term_string}\"},\"query-input\":{\"@type\":\"PropertyValueSpecification\",\"valueRequired\":true,\"valueName\":\"search_term_string\"}}],\"inLanguage\":\"da-DK\"}]}<\/script>\n<!-- \/ Yoast SEO plugin. -->","yoast_head_json":{"title":"Det bedste af Sydgr\u00f8nland med helikopter | Qaqortoq | Sydgr\u00f8nland | Guide to Greenland","robots":{"index":"index","follow":"follow","max-snippet":"max-snippet:-1","max-image-preview":"max-image-preview:large","max-video-preview":"max-video-preview:-1"},"canonical":"https:\/\/guidetogreenland.com\/da\/reserver-ferie-rejser\/det-bedste-af-sydgronland-med-helikopter-qaqortoq-sydgronland\/","og_locale":"da_DK","og_type":"article","og_title":"Det bedste af Sydgr\u00f8nland med helikopter | Qaqortoq | Sydgr\u00f8nland | Guide to Greenland","og_description":"Denne tur viser dig de forskellige h\u00f8jdepunkter i Sydgr\u00f8nland! Fjorde fulde af is, stejle bjergsider og vandfald, gletschere, gr\u00f8nne bakker, bygder fra vikingernes tid og nutidens livlige f\u00e5refarme. Fra Qaqortoq, med byens farverige huse grupperet p\u00e5 bjergskr\u00e5ningerne, flyver vi over den panoramiske Sermilik Is Fiord. Vandfald, der tumler ned ad bjergsider p\u00e5 5000 fod, flankerer...","og_url":"https:\/\/guidetogreenland.com\/da\/reserver-ferie-rejser\/det-bedste-af-sydgronland-med-helikopter-qaqortoq-sydgronland\/","og_site_name":"Guide to Greenland","article_modified_time":"2021-02-22T09:23:00+00:00","og_image":[{"width":1022,"height":1382,"url":"https:\/\/guidetogreenland.com\/wp-content\/uploads\/2020\/05\/best-of-south-greenland-by-helicopter-qaqortoq-south-greenland-Guide-to-Greenland13.jpg","type":"image\/jpeg"}],"twitter_card":"summary_large_image","twitter_misc":{"Estimeret l\u00e6setid":"2 minutter"},"schema":{"@context":"https:\/\/schema.org","@graph":[{"@type":"WebPage","@id":"https:\/\/guidetogreenland.com\/da\/reserver-ferie-rejser\/det-bedste-af-sydgronland-med-helikopter-qaqortoq-sydgronland\/","url":"https:\/\/guidetogreenland.com\/da\/reserver-ferie-rejser\/det-bedste-af-sydgronland-med-helikopter-qaqortoq-sydgronland\/","name":"Det bedste af Sydgr\u00f8nland med helikopter | Qaqortoq | Sydgr\u00f8nland | Guide to Greenland","isPartOf":{"@id":"https:\/\/guidetogreenland.com\/da\/#website"},"primaryImageOfPage":{"@id":"https:\/\/guidetogreenland.com\/da\/reserver-ferie-rejser\/det-bedste-af-sydgronland-med-helikopter-qaqortoq-sydgronland\/#primaryimage"},"image":{"@id":"https:\/\/guidetogreenland.com\/da\/reserver-ferie-rejser\/det-bedste-af-sydgronland-med-helikopter-qaqortoq-sydgronland\/#primaryimage"},"thumbnailUrl":"https:\/\/guidetogreenland.com\/wp-content\/uploads\/2020\/05\/best-of-south-greenland-by-helicopter-qaqortoq-south-greenland-Guide-to-Greenland13.jpg","datePublished":"2020-06-09T18:23:47+00:00","dateModified":"2021-02-22T09:23:00+00:00","breadcrumb":{"@id":"https:\/\/guidetogreenland.com\/da\/reserver-ferie-rejser\/det-bedste-af-sydgronland-med-helikopter-qaqortoq-sydgronland\/#breadcrumb"},"inLanguage":"da-DK","potentialAction":[{"@type":"ReadAction","target":["https:\/\/guidetogreenland.com\/da\/reserver-ferie-rejser\/det-bedste-af-sydgronland-med-helikopter-qaqortoq-sydgronland\/"]}]},{"@type":"ImageObject","inLanguage":"da-DK","@id":"https:\/\/guidetogreenland.com\/da\/reserver-ferie-rejser\/det-bedste-af-sydgronland-med-helikopter-qaqortoq-sydgronland\/#primaryimage","url":"https:\/\/guidetogreenland.com\/wp-content\/uploads\/2020\/05\/best-of-south-greenland-by-helicopter-qaqortoq-south-greenland-Guide-to-Greenland13.jpg","contentUrl":"https:\/\/guidetogreenland.com\/wp-content\/uploads\/2020\/05\/best-of-south-greenland-by-helicopter-qaqortoq-south-greenland-Guide-to-Greenland13.jpg","width":1022,"height":1382},{"@type":"BreadcrumbList","@id":"https:\/\/guidetogreenland.com\/da\/reserver-ferie-rejser\/det-bedste-af-sydgronland-med-helikopter-qaqortoq-sydgronland\/#breadcrumb","itemListElement":[{"@type":"ListItem","position":1,"name":"Home","item":"https:\/\/guidetogreenland.com\/da\/"},{"@type":"ListItem","position":2,"name":"Se alle ture","item":"https:\/\/guidetogreenland.com\/da\/reserver-ferie-rejser\/"},{"@type":"ListItem","position":3,"name":"Det bedste af Sydgr\u00f8nland med helikopter | Qaqortoq | Sydgr\u00f8nland"}]},{"@type":"WebSite","@id":"https:\/\/guidetogreenland.com\/da\/#website","url":"https:\/\/guidetogreenland.com\/da\/","name":"Guide to Greenland","description":"Largest selection of tours in Greenland","potentialAction":[{"@type":"SearchAction","target":{"@type":"EntryPoint","urlTemplate":"https:\/\/guidetogreenland.com\/da\/?s={search_term_string}"},"query-input":{"@type":"PropertyValueSpecification","valueRequired":true,"valueName":"search_term_string"}}],"inLanguage":"da-DK"}]}},"_links":{"self":[{"href":"https:\/\/guidetogreenland.com\/da\/wp-json\/wp\/v2\/product\/15743","targetHints":{"allow":["GET"]}}],"collection":[{"href":"https:\/\/guidetogreenland.com\/da\/wp-json\/wp\/v2\/product"}],"about":[{"href":"https:\/\/guidetogreenland.com\/da\/wp-json\/wp\/v2\/types\/product"}],"replies":[{"embeddable":true,"href":"https:\/\/guidetogreenland.com\/da\/wp-json\/wp\/v2\/comments?post=15743"}],"wp:featuredmedia":[{"embeddable":true,"href":"https:\/\/guidetogreenland.com\/da\/wp-json\/wp\/v2\/media\/15745"}],"wp:attachment":[{"href":"https:\/\/guidetogreenland.com\/da\/wp-json\/wp\/v2\/media?parent=15743"}],"wp:term":[{"taxonomy":"product_brand","embeddable":true,"href":"https:\/\/guidetogreenland.com\/da\/wp-json\/wp\/v2\/product_brand?post=15743"},{"taxonomy":"product_cat","embeddable":true,"href":"https:\/\/guidetogreenland.com\/da\/wp-json\/wp\/v2\/product_cat?post=15743"},{"taxonomy":"product_tag","embeddable":true,"href":"https:\/\/guidetogreenland.com\/da\/wp-json\/wp\/v2\/product_tag?post=15743"}],"curies":[{"name":"wp","href":"https:\/\/api.w.org\/{rel}","templated":true}]}}