{"id":15880,"date":"2020-06-10T12:31:12","date_gmt":"2020-06-10T12:31:12","guid":{"rendered":"https:\/\/guidetogreenland.com\/book-trips-holiday\/boat-tour-among-icebergs-tasiilaq-east-greenland\/"},"modified":"2021-02-12T16:16:09","modified_gmt":"2021-02-12T16:16:09","slug":"baadtur-blandt-isbjerge-tasiilaq-oestgroenland","status":"publish","type":"product","link":"https:\/\/guidetogreenland.com\/da\/reserver-ferie-rejser\/badtur-blandt-isbjerge-tasiilaq-ostgronland\/","title":{"rendered":"B\u00e5dtur blandt isbjerge | Tasiilaq | \u00d8stgr\u00f8nland"},"content":{"rendered":"<p><span style=\"font-weight: 400;\">Deltag i dette sp\u00e6ndende og hurtigtg\u00e5ende eventyr mellem isflager og isbjerge, der kommer fra gletsjerne og m\u00e5ske endda nogle hele vejen fra Nordpolen!<\/span><\/p>\n<p><span style=\"font-weight: 400;\">Vi starter fra havnen og vover os ud til de flotte isskulpturer, der flyder sydp\u00e5 med str\u00f8mmen.<\/span><\/p>\n<p><span style=\"font-weight: 400;\">Isen findes i alle mulige former, det meste af isen fra Nordpolen har en flad top, og hvis kaptajnen finder det sikkert, kan han komme t\u00e6t nok p\u00e5, til at du kan r\u00f8re ved det og for de dristige \u2013 til at pr\u00f8ve at g\u00e5 p\u00e5 det.<\/span><\/p>\n<p><span style=\"font-weight: 400;\">Omr\u00e5det er hjemsted for en masse dyreliv, og hvis vi er heldige, kan vi m\u00e5ske lejlighedsvis se en s\u00e6l eller endda en hval.<\/span><\/p>\n<p><span style=\"font-weight: 400;\">I juni kan vinterisen muligvis stadig forhindre os i at komme ud p\u00e5 det \u00e5bne hav, hvor de fleste af de store isbjerge er.<\/span><\/p>\n<p><span style=\"font-weight: 400;\">Tag en god hue og nogle solbriller p\u00e5, og lad os udforske nuancerne af bl\u00e5, turkis og hvid is i de smukke landskaber i \u00d8stgr\u00f8nland! Bare klik p\u00e5 <\/span><b>&#8216;v\u00e6lg en dato&#8217;<\/b><span style=\"font-weight: 400;\"> og find den dag der passer dig!<\/span><\/p>\n","protected":false},"excerpt":{"rendered":"Deltag i dette sp\u00e6ndende og hurtigtg\u00e5ende eventyr mellem isflager og isbjerge, der kommer fra gletsjerne og m\u00e5ske endda nogle hele vejen fra Nordpolen! Vi starter fra havnen og vover os ud til de flotte isskulpturer, der flyder sydp\u00e5 med str\u00f8mmen. Isen findes i alle mulige former, det meste af isen fra Nordpolen har en flad&#8230;","protected":false},"featured_media":15882,"comment_status":"open","ping_status":"closed","template":"","meta":[],"product_brand":[],"product_cat":[594,605,692,612,593,630],"product_tag":[937],"class_list":{"0":"post-15880","1":"product","2":"type-product","3":"status-publish","4":"has-post-thumbnail","6":"product_cat-baadture","7":"product_cat-dagsture-om-sommeren","8":"product_cat-iceberg-icefjord-tours","9":"product_cat-natur-og-dyreliv-i-groenland","10":"product_cat-oplevelser-i-groenland","11":"product_cat-oestgroenland","12":"product_tag-tasiilaq-da","13":"pa_activities-baadtur","14":"pa_available-month-juni","15":"pa_available-month-juli","16":"pa_available-month-august","17":"pa_available-month-september","18":"pa_available-month-oktober","19":"pa_destinations-tasiilaq","20":"pa_difficulty-let","21":"pa_duration-2-timer","22":"pa_tour-type-dagsture","23":"yith_shop_vendor-arctic-dream-da","25":"first","26":"instock","27":"virtual","28":"sold-individually","29":"purchasable","30":"product-type-booking"},"acf":[],"yoast_head":"<!-- This site is optimized with the Yoast SEO plugin v25.6 - https:\/\/yoast.com\/wordpress\/plugins\/seo\/ -->\n<title>B\u00e5dtur blandt isbjerge | Tasiilaq | \u00d8stgr\u00f8nland | Guide to Greenland<\/title>\n<meta name=\"robots\" content=\"index, follow, max-snippet:-1, max-image-preview:large, max-video-preview:-1\" \/>\n<link rel=\"canonical\" href=\"https:\/\/guidetogreenland.com\/da\/reserver-ferie-rejser\/badtur-blandt-isbjerge-tasiilaq-ostgronland\/\" \/>\n<meta property=\"og:locale\" content=\"da_DK\" \/>\n<meta property=\"og:type\" content=\"article\" \/>\n<meta property=\"og:title\" content=\"B\u00e5dtur blandt isbjerge | Tasiilaq | \u00d8stgr\u00f8nland | Guide to Greenland\" \/>\n<meta property=\"og:description\" content=\"Deltag i dette sp\u00e6ndende og hurtigtg\u00e5ende eventyr mellem isflager og isbjerge, der kommer fra gletsjerne og m\u00e5ske endda nogle hele vejen fra Nordpolen! Vi starter fra havnen og vover os ud til de flotte isskulpturer, der flyder sydp\u00e5 med str\u00f8mmen. Isen findes i alle mulige former, det meste af isen fra Nordpolen har en flad...\" \/>\n<meta property=\"og:url\" content=\"https:\/\/guidetogreenland.com\/da\/reserver-ferie-rejser\/badtur-blandt-isbjerge-tasiilaq-ostgronland\/\" \/>\n<meta property=\"og:site_name\" content=\"Guide to Greenland\" \/>\n<meta property=\"article:modified_time\" content=\"2021-02-12T16:16:09+00:00\" \/>\n<meta property=\"og:image\" content=\"https:\/\/guidetogreenland.com\/wp-content\/uploads\/2020\/05\/boat-tour-among-icebergs-tasiilaq-east-greenland-Guide-to-Greenland7.jpg\" \/>\n\t<meta property=\"og:image:width\" content=\"926\" \/>\n\t<meta property=\"og:image:height\" content=\"614\" \/>\n\t<meta property=\"og:image:type\" content=\"image\/jpeg\" \/>\n<meta name=\"twitter:card\" content=\"summary_large_image\" \/>\n<meta name=\"twitter:label1\" content=\"Estimeret l\u00e6setid\" \/>\n\t<meta name=\"twitter:data1\" content=\"1 minut\" \/>\n<script type=\"application\/ld+json\" class=\"yoast-schema-graph\">{\"@context\":\"https:\/\/schema.org\",\"@graph\":[{\"@type\":\"WebPage\",\"@id\":\"https:\/\/guidetogreenland.com\/da\/reserver-ferie-rejser\/badtur-blandt-isbjerge-tasiilaq-ostgronland\/\",\"url\":\"https:\/\/guidetogreenland.com\/da\/reserver-ferie-rejser\/badtur-blandt-isbjerge-tasiilaq-ostgronland\/\",\"name\":\"B\u00e5dtur blandt isbjerge | Tasiilaq | \u00d8stgr\u00f8nland | Guide to Greenland\",\"isPartOf\":{\"@id\":\"https:\/\/guidetogreenland.com\/da\/#website\"},\"primaryImageOfPage\":{\"@id\":\"https:\/\/guidetogreenland.com\/da\/reserver-ferie-rejser\/badtur-blandt-isbjerge-tasiilaq-ostgronland\/#primaryimage\"},\"image\":{\"@id\":\"https:\/\/guidetogreenland.com\/da\/reserver-ferie-rejser\/badtur-blandt-isbjerge-tasiilaq-ostgronland\/#primaryimage\"},\"thumbnailUrl\":\"https:\/\/guidetogreenland.com\/wp-content\/uploads\/2020\/05\/boat-tour-among-icebergs-tasiilaq-east-greenland-Guide-to-Greenland7.jpg\",\"datePublished\":\"2020-06-10T12:31:12+00:00\",\"dateModified\":\"2021-02-12T16:16:09+00:00\",\"breadcrumb\":{\"@id\":\"https:\/\/guidetogreenland.com\/da\/reserver-ferie-rejser\/badtur-blandt-isbjerge-tasiilaq-ostgronland\/#breadcrumb\"},\"inLanguage\":\"da-DK\",\"potentialAction\":[{\"@type\":\"ReadAction\",\"target\":[\"https:\/\/guidetogreenland.com\/da\/reserver-ferie-rejser\/badtur-blandt-isbjerge-tasiilaq-ostgronland\/\"]}]},{\"@type\":\"ImageObject\",\"inLanguage\":\"da-DK\",\"@id\":\"https:\/\/guidetogreenland.com\/da\/reserver-ferie-rejser\/badtur-blandt-isbjerge-tasiilaq-ostgronland\/#primaryimage\",\"url\":\"https:\/\/guidetogreenland.com\/wp-content\/uploads\/2020\/05\/boat-tour-among-icebergs-tasiilaq-east-greenland-Guide-to-Greenland7.jpg\",\"contentUrl\":\"https:\/\/guidetogreenland.com\/wp-content\/uploads\/2020\/05\/boat-tour-among-icebergs-tasiilaq-east-greenland-Guide-to-Greenland7.jpg\",\"width\":926,\"height\":614},{\"@type\":\"BreadcrumbList\",\"@id\":\"https:\/\/guidetogreenland.com\/da\/reserver-ferie-rejser\/badtur-blandt-isbjerge-tasiilaq-ostgronland\/#breadcrumb\",\"itemListElement\":[{\"@type\":\"ListItem\",\"position\":1,\"name\":\"Home\",\"item\":\"https:\/\/guidetogreenland.com\/da\/\"},{\"@type\":\"ListItem\",\"position\":2,\"name\":\"Se alle ture\",\"item\":\"https:\/\/guidetogreenland.com\/da\/reserver-ferie-rejser\/\"},{\"@type\":\"ListItem\",\"position\":3,\"name\":\"B\u00e5dtur blandt isbjerge | Tasiilaq | \u00d8stgr\u00f8nland\"}]},{\"@type\":\"WebSite\",\"@id\":\"https:\/\/guidetogreenland.com\/da\/#website\",\"url\":\"https:\/\/guidetogreenland.com\/da\/\",\"name\":\"Guide to Greenland\",\"description\":\"Largest selection of tours in Greenland\",\"potentialAction\":[{\"@type\":\"SearchAction\",\"target\":{\"@type\":\"EntryPoint\",\"urlTemplate\":\"https:\/\/guidetogreenland.com\/da\/?s={search_term_string}\"},\"query-input\":{\"@type\":\"PropertyValueSpecification\",\"valueRequired\":true,\"valueName\":\"search_term_string\"}}],\"inLanguage\":\"da-DK\"}]}<\/script>\n<!-- \/ Yoast SEO plugin. -->","yoast_head_json":{"title":"B\u00e5dtur blandt isbjerge | Tasiilaq | \u00d8stgr\u00f8nland | Guide to Greenland","robots":{"index":"index","follow":"follow","max-snippet":"max-snippet:-1","max-image-preview":"max-image-preview:large","max-video-preview":"max-video-preview:-1"},"canonical":"https:\/\/guidetogreenland.com\/da\/reserver-ferie-rejser\/badtur-blandt-isbjerge-tasiilaq-ostgronland\/","og_locale":"da_DK","og_type":"article","og_title":"B\u00e5dtur blandt isbjerge | Tasiilaq | \u00d8stgr\u00f8nland | Guide to Greenland","og_description":"Deltag i dette sp\u00e6ndende og hurtigtg\u00e5ende eventyr mellem isflager og isbjerge, der kommer fra gletsjerne og m\u00e5ske endda nogle hele vejen fra Nordpolen! Vi starter fra havnen og vover os ud til de flotte isskulpturer, der flyder sydp\u00e5 med str\u00f8mmen. Isen findes i alle mulige former, det meste af isen fra Nordpolen har en flad...","og_url":"https:\/\/guidetogreenland.com\/da\/reserver-ferie-rejser\/badtur-blandt-isbjerge-tasiilaq-ostgronland\/","og_site_name":"Guide to Greenland","article_modified_time":"2021-02-12T16:16:09+00:00","og_image":[{"width":926,"height":614,"url":"https:\/\/guidetogreenland.com\/wp-content\/uploads\/2020\/05\/boat-tour-among-icebergs-tasiilaq-east-greenland-Guide-to-Greenland7.jpg","type":"image\/jpeg"}],"twitter_card":"summary_large_image","twitter_misc":{"Estimeret l\u00e6setid":"1 minut"},"schema":{"@context":"https:\/\/schema.org","@graph":[{"@type":"WebPage","@id":"https:\/\/guidetogreenland.com\/da\/reserver-ferie-rejser\/badtur-blandt-isbjerge-tasiilaq-ostgronland\/","url":"https:\/\/guidetogreenland.com\/da\/reserver-ferie-rejser\/badtur-blandt-isbjerge-tasiilaq-ostgronland\/","name":"B\u00e5dtur blandt isbjerge | Tasiilaq | \u00d8stgr\u00f8nland | Guide to Greenland","isPartOf":{"@id":"https:\/\/guidetogreenland.com\/da\/#website"},"primaryImageOfPage":{"@id":"https:\/\/guidetogreenland.com\/da\/reserver-ferie-rejser\/badtur-blandt-isbjerge-tasiilaq-ostgronland\/#primaryimage"},"image":{"@id":"https:\/\/guidetogreenland.com\/da\/reserver-ferie-rejser\/badtur-blandt-isbjerge-tasiilaq-ostgronland\/#primaryimage"},"thumbnailUrl":"https:\/\/guidetogreenland.com\/wp-content\/uploads\/2020\/05\/boat-tour-among-icebergs-tasiilaq-east-greenland-Guide-to-Greenland7.jpg","datePublished":"2020-06-10T12:31:12+00:00","dateModified":"2021-02-12T16:16:09+00:00","breadcrumb":{"@id":"https:\/\/guidetogreenland.com\/da\/reserver-ferie-rejser\/badtur-blandt-isbjerge-tasiilaq-ostgronland\/#breadcrumb"},"inLanguage":"da-DK","potentialAction":[{"@type":"ReadAction","target":["https:\/\/guidetogreenland.com\/da\/reserver-ferie-rejser\/badtur-blandt-isbjerge-tasiilaq-ostgronland\/"]}]},{"@type":"ImageObject","inLanguage":"da-DK","@id":"https:\/\/guidetogreenland.com\/da\/reserver-ferie-rejser\/badtur-blandt-isbjerge-tasiilaq-ostgronland\/#primaryimage","url":"https:\/\/guidetogreenland.com\/wp-content\/uploads\/2020\/05\/boat-tour-among-icebergs-tasiilaq-east-greenland-Guide-to-Greenland7.jpg","contentUrl":"https:\/\/guidetogreenland.com\/wp-content\/uploads\/2020\/05\/boat-tour-among-icebergs-tasiilaq-east-greenland-Guide-to-Greenland7.jpg","width":926,"height":614},{"@type":"BreadcrumbList","@id":"https:\/\/guidetogreenland.com\/da\/reserver-ferie-rejser\/badtur-blandt-isbjerge-tasiilaq-ostgronland\/#breadcrumb","itemListElement":[{"@type":"ListItem","position":1,"name":"Home","item":"https:\/\/guidetogreenland.com\/da\/"},{"@type":"ListItem","position":2,"name":"Se alle ture","item":"https:\/\/guidetogreenland.com\/da\/reserver-ferie-rejser\/"},{"@type":"ListItem","position":3,"name":"B\u00e5dtur blandt isbjerge | Tasiilaq | \u00d8stgr\u00f8nland"}]},{"@type":"WebSite","@id":"https:\/\/guidetogreenland.com\/da\/#website","url":"https:\/\/guidetogreenland.com\/da\/","name":"Guide to Greenland","description":"Largest selection of tours in Greenland","potentialAction":[{"@type":"SearchAction","target":{"@type":"EntryPoint","urlTemplate":"https:\/\/guidetogreenland.com\/da\/?s={search_term_string}"},"query-input":{"@type":"PropertyValueSpecification","valueRequired":true,"valueName":"search_term_string"}}],"inLanguage":"da-DK"}]}},"_links":{"self":[{"href":"https:\/\/guidetogreenland.com\/da\/wp-json\/wp\/v2\/product\/15880","targetHints":{"allow":["GET"]}}],"collection":[{"href":"https:\/\/guidetogreenland.com\/da\/wp-json\/wp\/v2\/product"}],"about":[{"href":"https:\/\/guidetogreenland.com\/da\/wp-json\/wp\/v2\/types\/product"}],"replies":[{"embeddable":true,"href":"https:\/\/guidetogreenland.com\/da\/wp-json\/wp\/v2\/comments?post=15880"}],"wp:featuredmedia":[{"embeddable":true,"href":"https:\/\/guidetogreenland.com\/da\/wp-json\/wp\/v2\/media\/15882"}],"wp:attachment":[{"href":"https:\/\/guidetogreenland.com\/da\/wp-json\/wp\/v2\/media?parent=15880"}],"wp:term":[{"taxonomy":"product_brand","embeddable":true,"href":"https:\/\/guidetogreenland.com\/da\/wp-json\/wp\/v2\/product_brand?post=15880"},{"taxonomy":"product_cat","embeddable":true,"href":"https:\/\/guidetogreenland.com\/da\/wp-json\/wp\/v2\/product_cat?post=15880"},{"taxonomy":"product_tag","embeddable":true,"href":"https:\/\/guidetogreenland.com\/da\/wp-json\/wp\/v2\/product_tag?post=15880"}],"curies":[{"name":"wp","href":"https:\/\/api.w.org\/{rel}","templated":true}]}}