{"id":16054,"date":"2020-06-10T13:55:45","date_gmt":"2020-06-10T13:55:45","guid":{"rendered":"https:\/\/guidetogreenland.com\/book-trips-holiday\/east-greenland-prins-christian-sound-expedition-micro-cruise-kulusuk-to-narsarsuaq\/"},"modified":"2021-03-03T01:07:33","modified_gmt":"2021-03-03T01:07:33","slug":"east-greenland-prins-christian-sound-expedition-micro-cruise-kulusuk-to-narsarsuaq","status":"publish","type":"product","link":"https:\/\/guidetogreenland.com\/da\/reserver-ferie-rejser\/ekspedition-til-ostgronland-og-prins-christians-sund-l-micro-cruise-kulusuk-til-narsarsuaq\/","title":{"rendered":"Ekspedition til \u00d8stgr\u00f8nland og Prins Christians Sund l Micro Cruise | Kulusuk til Narsarsuaq"},"content":{"rendered":"<p>Deltag i ekspeditionsskibet MV Togo p\u00e5 et enest\u00e5ende sp\u00e6ndende 8-dages krydstogt for at udforske den fjerne og forrevne kyst i \u00d8stgr\u00f8nland. Skibet kan rumme 12 g\u00e6ster.<\/p>\n<p>Dette er en rejse i ekspeditionsstil, og der l\u00e6gges v\u00e6gt p\u00e5 at udforske den fjerntliggende, ubeboede kyststr\u00e6kning, der sj\u00e6ldent bes\u00f8ges. Omr\u00e5det, vi bes\u00f8ger, er kun tilg\u00e6ngeligt med b\u00e5d, da der ikke er nogen veje eller bygder der. Vi vil blive ledet af en erfaren gr\u00f8nlandsk guide, der har kendskab til det omr\u00e5de, vi vil bes\u00f8ge. Skibet er udstyret med en Zodiac gummib\u00e5d, som vil blive brugt til at tage dig frem og tilbage til land, \u00a0for at bes\u00f8ge fjerntliggende bygder, vandre eller for at nyde det smukke landskab og dyrelivet.<\/p>\n<p>Ekspeditionen afg\u00e5r fra Kulusuk og efter at have udforsket Tasiilaq-omr\u00e5det vil den derefter drage sydp\u00e5 langs Gr\u00f8nlands fjerntliggende \u00f8stkyst. Et h\u00f8jdepunkt i rejsen er et krydstogt gennem den stejle fjord Prins Christian Sund, der adskiller \u00f8st og vest Gr\u00f8nland.<\/p>\n<p>Efter en sp\u00e6ndende 8-dages udforskning n\u00e5r ekspeditionen til Narsarsuaq, en lille bygd p\u00e5 150 mennesker, hvor rejsen slutter.<\/p>\n<p>Vi gennemf\u00f8rer kun denne rejse en gang om \u00e5ret. Pladsen er begr\u00e6nset til 12 g\u00e6ster, s\u00e5 tidlig reservation er afg\u00f8rende.<\/p>\n<p>For g\u00e6ster p\u00e5 udkig efter et l\u00e6ngere krydstogt, tilbyder vi ogs\u00e5 muligheden for at blive om bord og slutte sig til vores udforskning af vestkysten. Kontakt os for yderligere oplysninger.<\/p>\n","protected":false},"excerpt":{"rendered":"Deltag i ekspeditionsskibet MV Togo p\u00e5 et enest\u00e5ende sp\u00e6ndende 8-dages krydstogt for at udforske den fjerne og forrevne kyst i \u00d8stgr\u00f8nland. Skibet kan rumme 12 g\u00e6ster. Dette er en rejse i ekspeditionsstil, og der l\u00e6gges v\u00e6gt p\u00e5 at udforske den fjerntliggende, ubeboede kyststr\u00e6kning, der sj\u00e6ldent bes\u00f8ges. Omr\u00e5det, vi bes\u00f8ger, er kun tilg\u00e6ngeligt med b\u00e5d, da&#8230;","protected":false},"featured_media":16055,"comment_status":"open","ping_status":"closed","template":"","meta":[],"product_brand":[],"product_cat":[594,642,612,630,640,632,647,651],"product_tag":[925,929],"class_list":{"0":"post-16054","1":"product","2":"type-product","3":"status-publish","4":"has-post-thumbnail","6":"product_cat-baadture","7":"product_cat-cruise-i-groenland","8":"product_cat-natur-og-dyreliv-i-groenland","9":"product_cat-oestgroenland","10":"product_cat-sommerrejser","11":"product_cat-sydgroenland","12":"product_cat-ture-i-kulusuk","13":"product_cat-ture-i-narsarsuaq","14":"product_tag-kulusuk-da","15":"product_tag-narsarsuaq-da","16":"pa_activities-baadtur","17":"pa_activities-vandretur","18":"pa_activities-groenlandsk-kultur","19":"pa_activities-gletscher-udsigt","20":"pa_activities-isbjerg-udsigt","21":"pa_activities-dyreliv-safari","22":"pa_activities-hval-safari","23":"pa_activities-bygdebesoeg","24":"pa_activities-multi-day-cruise-da","25":"pa_activities-fototur","26":"pa_attractions-sermilik-fjord","27":"pa_available-month-juli","28":"pa_destinations-kulusuk","29":"pa_destinations-narsarsuaq","30":"pa_destinations-tasiilaq","31":"pa_difficulty-let","32":"pa_duration-8-dage","33":"pa_tour-type-flerdags-ture","34":"yith_shop_vendor-secret-atlas-da","36":"first","37":"instock","38":"virtual","39":"sold-individually","40":"purchasable","41":"product-type-booking"},"acf":[],"yoast_head":"<!-- This site is optimized with the Yoast SEO plugin v25.6 - https:\/\/yoast.com\/wordpress\/plugins\/seo\/ -->\n<title>Ekspedition til \u00d8stgr\u00f8nland og Prins Christians Sund l Micro Cruise | Kulusuk til Narsarsuaq | Guide to Greenland<\/title>\n<meta name=\"robots\" content=\"index, follow, max-snippet:-1, max-image-preview:large, max-video-preview:-1\" \/>\n<link rel=\"canonical\" href=\"https:\/\/guidetogreenland.com\/da\/reserver-ferie-rejser\/ekspedition-til-ostgronland-og-prins-christians-sund-l-micro-cruise-kulusuk-til-narsarsuaq\/\" \/>\n<meta property=\"og:locale\" content=\"da_DK\" \/>\n<meta property=\"og:type\" content=\"article\" \/>\n<meta property=\"og:title\" content=\"Ekspedition til \u00d8stgr\u00f8nland og Prins Christians Sund l Micro Cruise | Kulusuk til Narsarsuaq | Guide to Greenland\" \/>\n<meta property=\"og:description\" content=\"Deltag i ekspeditionsskibet MV Togo p\u00e5 et enest\u00e5ende sp\u00e6ndende 8-dages krydstogt for at udforske den fjerne og forrevne kyst i \u00d8stgr\u00f8nland. Skibet kan rumme 12 g\u00e6ster. Dette er en rejse i ekspeditionsstil, og der l\u00e6gges v\u00e6gt p\u00e5 at udforske den fjerntliggende, ubeboede kyststr\u00e6kning, der sj\u00e6ldent bes\u00f8ges. Omr\u00e5det, vi bes\u00f8ger, er kun tilg\u00e6ngeligt med b\u00e5d, da...\" \/>\n<meta property=\"og:url\" content=\"https:\/\/guidetogreenland.com\/da\/reserver-ferie-rejser\/ekspedition-til-ostgronland-og-prins-christians-sund-l-micro-cruise-kulusuk-til-narsarsuaq\/\" \/>\n<meta property=\"og:site_name\" content=\"Guide to Greenland\" \/>\n<meta property=\"article:modified_time\" content=\"2021-03-03T01:07:33+00:00\" \/>\n<meta property=\"og:image\" content=\"https:\/\/guidetogreenland.com\/wp-content\/uploads\/2020\/06\/East-Greenland-Prins-Christian-Sound-Expedition-Micro-Cruise-Kulusuk-to-Narsarsuaq-Guide-to-Greenland1.jpg\" \/>\n\t<meta property=\"og:image:width\" content=\"1054\" \/>\n\t<meta property=\"og:image:height\" content=\"662\" \/>\n\t<meta property=\"og:image:type\" content=\"image\/jpeg\" \/>\n<meta name=\"twitter:card\" content=\"summary_large_image\" \/>\n<meta name=\"twitter:label1\" content=\"Estimeret l\u00e6setid\" \/>\n\t<meta name=\"twitter:data1\" content=\"1 minut\" \/>\n<script type=\"application\/ld+json\" class=\"yoast-schema-graph\">{\"@context\":\"https:\/\/schema.org\",\"@graph\":[{\"@type\":\"WebPage\",\"@id\":\"https:\/\/guidetogreenland.com\/da\/reserver-ferie-rejser\/ekspedition-til-ostgronland-og-prins-christians-sund-l-micro-cruise-kulusuk-til-narsarsuaq\/\",\"url\":\"https:\/\/guidetogreenland.com\/da\/reserver-ferie-rejser\/ekspedition-til-ostgronland-og-prins-christians-sund-l-micro-cruise-kulusuk-til-narsarsuaq\/\",\"name\":\"Ekspedition til \u00d8stgr\u00f8nland og Prins Christians Sund l Micro Cruise | Kulusuk til Narsarsuaq | Guide to Greenland\",\"isPartOf\":{\"@id\":\"https:\/\/guidetogreenland.com\/da\/#website\"},\"primaryImageOfPage\":{\"@id\":\"https:\/\/guidetogreenland.com\/da\/reserver-ferie-rejser\/ekspedition-til-ostgronland-og-prins-christians-sund-l-micro-cruise-kulusuk-til-narsarsuaq\/#primaryimage\"},\"image\":{\"@id\":\"https:\/\/guidetogreenland.com\/da\/reserver-ferie-rejser\/ekspedition-til-ostgronland-og-prins-christians-sund-l-micro-cruise-kulusuk-til-narsarsuaq\/#primaryimage\"},\"thumbnailUrl\":\"https:\/\/guidetogreenland.com\/wp-content\/uploads\/2020\/06\/East-Greenland-Prins-Christian-Sound-Expedition-Micro-Cruise-Kulusuk-to-Narsarsuaq-Guide-to-Greenland1.jpg\",\"datePublished\":\"2020-06-10T13:55:45+00:00\",\"dateModified\":\"2021-03-03T01:07:33+00:00\",\"breadcrumb\":{\"@id\":\"https:\/\/guidetogreenland.com\/da\/reserver-ferie-rejser\/ekspedition-til-ostgronland-og-prins-christians-sund-l-micro-cruise-kulusuk-til-narsarsuaq\/#breadcrumb\"},\"inLanguage\":\"da-DK\",\"potentialAction\":[{\"@type\":\"ReadAction\",\"target\":[\"https:\/\/guidetogreenland.com\/da\/reserver-ferie-rejser\/ekspedition-til-ostgronland-og-prins-christians-sund-l-micro-cruise-kulusuk-til-narsarsuaq\/\"]}]},{\"@type\":\"ImageObject\",\"inLanguage\":\"da-DK\",\"@id\":\"https:\/\/guidetogreenland.com\/da\/reserver-ferie-rejser\/ekspedition-til-ostgronland-og-prins-christians-sund-l-micro-cruise-kulusuk-til-narsarsuaq\/#primaryimage\",\"url\":\"https:\/\/guidetogreenland.com\/wp-content\/uploads\/2020\/06\/East-Greenland-Prins-Christian-Sound-Expedition-Micro-Cruise-Kulusuk-to-Narsarsuaq-Guide-to-Greenland1.jpg\",\"contentUrl\":\"https:\/\/guidetogreenland.com\/wp-content\/uploads\/2020\/06\/East-Greenland-Prins-Christian-Sound-Expedition-Micro-Cruise-Kulusuk-to-Narsarsuaq-Guide-to-Greenland1.jpg\",\"width\":1054,\"height\":662},{\"@type\":\"BreadcrumbList\",\"@id\":\"https:\/\/guidetogreenland.com\/da\/reserver-ferie-rejser\/ekspedition-til-ostgronland-og-prins-christians-sund-l-micro-cruise-kulusuk-til-narsarsuaq\/#breadcrumb\",\"itemListElement\":[{\"@type\":\"ListItem\",\"position\":1,\"name\":\"Home\",\"item\":\"https:\/\/guidetogreenland.com\/da\/\"},{\"@type\":\"ListItem\",\"position\":2,\"name\":\"Se alle ture\",\"item\":\"https:\/\/guidetogreenland.com\/da\/reserver-ferie-rejser\/\"},{\"@type\":\"ListItem\",\"position\":3,\"name\":\"Ekspedition til \u00d8stgr\u00f8nland og Prins Christians Sund l Micro Cruise | Kulusuk til Narsarsuaq\"}]},{\"@type\":\"WebSite\",\"@id\":\"https:\/\/guidetogreenland.com\/da\/#website\",\"url\":\"https:\/\/guidetogreenland.com\/da\/\",\"name\":\"Guide to Greenland\",\"description\":\"Largest selection of tours in Greenland\",\"potentialAction\":[{\"@type\":\"SearchAction\",\"target\":{\"@type\":\"EntryPoint\",\"urlTemplate\":\"https:\/\/guidetogreenland.com\/da\/?s={search_term_string}\"},\"query-input\":{\"@type\":\"PropertyValueSpecification\",\"valueRequired\":true,\"valueName\":\"search_term_string\"}}],\"inLanguage\":\"da-DK\"}]}<\/script>\n<!-- \/ Yoast SEO plugin. -->","yoast_head_json":{"title":"Ekspedition til \u00d8stgr\u00f8nland og Prins Christians Sund l Micro Cruise | Kulusuk til Narsarsuaq | Guide to Greenland","robots":{"index":"index","follow":"follow","max-snippet":"max-snippet:-1","max-image-preview":"max-image-preview:large","max-video-preview":"max-video-preview:-1"},"canonical":"https:\/\/guidetogreenland.com\/da\/reserver-ferie-rejser\/ekspedition-til-ostgronland-og-prins-christians-sund-l-micro-cruise-kulusuk-til-narsarsuaq\/","og_locale":"da_DK","og_type":"article","og_title":"Ekspedition til \u00d8stgr\u00f8nland og Prins Christians Sund l Micro Cruise | Kulusuk til Narsarsuaq | Guide to Greenland","og_description":"Deltag i ekspeditionsskibet MV Togo p\u00e5 et enest\u00e5ende sp\u00e6ndende 8-dages krydstogt for at udforske den fjerne og forrevne kyst i \u00d8stgr\u00f8nland. Skibet kan rumme 12 g\u00e6ster. Dette er en rejse i ekspeditionsstil, og der l\u00e6gges v\u00e6gt p\u00e5 at udforske den fjerntliggende, ubeboede kyststr\u00e6kning, der sj\u00e6ldent bes\u00f8ges. Omr\u00e5det, vi bes\u00f8ger, er kun tilg\u00e6ngeligt med b\u00e5d, da...","og_url":"https:\/\/guidetogreenland.com\/da\/reserver-ferie-rejser\/ekspedition-til-ostgronland-og-prins-christians-sund-l-micro-cruise-kulusuk-til-narsarsuaq\/","og_site_name":"Guide to Greenland","article_modified_time":"2021-03-03T01:07:33+00:00","og_image":[{"width":1054,"height":662,"url":"https:\/\/guidetogreenland.com\/wp-content\/uploads\/2020\/06\/East-Greenland-Prins-Christian-Sound-Expedition-Micro-Cruise-Kulusuk-to-Narsarsuaq-Guide-to-Greenland1.jpg","type":"image\/jpeg"}],"twitter_card":"summary_large_image","twitter_misc":{"Estimeret l\u00e6setid":"1 minut"},"schema":{"@context":"https:\/\/schema.org","@graph":[{"@type":"WebPage","@id":"https:\/\/guidetogreenland.com\/da\/reserver-ferie-rejser\/ekspedition-til-ostgronland-og-prins-christians-sund-l-micro-cruise-kulusuk-til-narsarsuaq\/","url":"https:\/\/guidetogreenland.com\/da\/reserver-ferie-rejser\/ekspedition-til-ostgronland-og-prins-christians-sund-l-micro-cruise-kulusuk-til-narsarsuaq\/","name":"Ekspedition til \u00d8stgr\u00f8nland og Prins Christians Sund l Micro Cruise | Kulusuk til Narsarsuaq | Guide to Greenland","isPartOf":{"@id":"https:\/\/guidetogreenland.com\/da\/#website"},"primaryImageOfPage":{"@id":"https:\/\/guidetogreenland.com\/da\/reserver-ferie-rejser\/ekspedition-til-ostgronland-og-prins-christians-sund-l-micro-cruise-kulusuk-til-narsarsuaq\/#primaryimage"},"image":{"@id":"https:\/\/guidetogreenland.com\/da\/reserver-ferie-rejser\/ekspedition-til-ostgronland-og-prins-christians-sund-l-micro-cruise-kulusuk-til-narsarsuaq\/#primaryimage"},"thumbnailUrl":"https:\/\/guidetogreenland.com\/wp-content\/uploads\/2020\/06\/East-Greenland-Prins-Christian-Sound-Expedition-Micro-Cruise-Kulusuk-to-Narsarsuaq-Guide-to-Greenland1.jpg","datePublished":"2020-06-10T13:55:45+00:00","dateModified":"2021-03-03T01:07:33+00:00","breadcrumb":{"@id":"https:\/\/guidetogreenland.com\/da\/reserver-ferie-rejser\/ekspedition-til-ostgronland-og-prins-christians-sund-l-micro-cruise-kulusuk-til-narsarsuaq\/#breadcrumb"},"inLanguage":"da-DK","potentialAction":[{"@type":"ReadAction","target":["https:\/\/guidetogreenland.com\/da\/reserver-ferie-rejser\/ekspedition-til-ostgronland-og-prins-christians-sund-l-micro-cruise-kulusuk-til-narsarsuaq\/"]}]},{"@type":"ImageObject","inLanguage":"da-DK","@id":"https:\/\/guidetogreenland.com\/da\/reserver-ferie-rejser\/ekspedition-til-ostgronland-og-prins-christians-sund-l-micro-cruise-kulusuk-til-narsarsuaq\/#primaryimage","url":"https:\/\/guidetogreenland.com\/wp-content\/uploads\/2020\/06\/East-Greenland-Prins-Christian-Sound-Expedition-Micro-Cruise-Kulusuk-to-Narsarsuaq-Guide-to-Greenland1.jpg","contentUrl":"https:\/\/guidetogreenland.com\/wp-content\/uploads\/2020\/06\/East-Greenland-Prins-Christian-Sound-Expedition-Micro-Cruise-Kulusuk-to-Narsarsuaq-Guide-to-Greenland1.jpg","width":1054,"height":662},{"@type":"BreadcrumbList","@id":"https:\/\/guidetogreenland.com\/da\/reserver-ferie-rejser\/ekspedition-til-ostgronland-og-prins-christians-sund-l-micro-cruise-kulusuk-til-narsarsuaq\/#breadcrumb","itemListElement":[{"@type":"ListItem","position":1,"name":"Home","item":"https:\/\/guidetogreenland.com\/da\/"},{"@type":"ListItem","position":2,"name":"Se alle ture","item":"https:\/\/guidetogreenland.com\/da\/reserver-ferie-rejser\/"},{"@type":"ListItem","position":3,"name":"Ekspedition til \u00d8stgr\u00f8nland og Prins Christians Sund l Micro Cruise | Kulusuk til Narsarsuaq"}]},{"@type":"WebSite","@id":"https:\/\/guidetogreenland.com\/da\/#website","url":"https:\/\/guidetogreenland.com\/da\/","name":"Guide to Greenland","description":"Largest selection of tours in Greenland","potentialAction":[{"@type":"SearchAction","target":{"@type":"EntryPoint","urlTemplate":"https:\/\/guidetogreenland.com\/da\/?s={search_term_string}"},"query-input":{"@type":"PropertyValueSpecification","valueRequired":true,"valueName":"search_term_string"}}],"inLanguage":"da-DK"}]}},"_links":{"self":[{"href":"https:\/\/guidetogreenland.com\/da\/wp-json\/wp\/v2\/product\/16054","targetHints":{"allow":["GET"]}}],"collection":[{"href":"https:\/\/guidetogreenland.com\/da\/wp-json\/wp\/v2\/product"}],"about":[{"href":"https:\/\/guidetogreenland.com\/da\/wp-json\/wp\/v2\/types\/product"}],"replies":[{"embeddable":true,"href":"https:\/\/guidetogreenland.com\/da\/wp-json\/wp\/v2\/comments?post=16054"}],"wp:featuredmedia":[{"embeddable":true,"href":"https:\/\/guidetogreenland.com\/da\/wp-json\/wp\/v2\/media\/16055"}],"wp:attachment":[{"href":"https:\/\/guidetogreenland.com\/da\/wp-json\/wp\/v2\/media?parent=16054"}],"wp:term":[{"taxonomy":"product_brand","embeddable":true,"href":"https:\/\/guidetogreenland.com\/da\/wp-json\/wp\/v2\/product_brand?post=16054"},{"taxonomy":"product_cat","embeddable":true,"href":"https:\/\/guidetogreenland.com\/da\/wp-json\/wp\/v2\/product_cat?post=16054"},{"taxonomy":"product_tag","embeddable":true,"href":"https:\/\/guidetogreenland.com\/da\/wp-json\/wp\/v2\/product_tag?post=16054"}],"curies":[{"name":"wp","href":"https:\/\/api.w.org\/{rel}","templated":true}]}}