{"id":16057,"date":"2020-06-09T18:19:52","date_gmt":"2020-06-09T18:19:52","guid":{"rendered":"https:\/\/guidetogreenland.com\/book-trips-holiday\/expedition-south-greenland-by-helicopter-qaqortoq-south-greenland\/"},"modified":"2021-03-03T01:12:50","modified_gmt":"2021-03-03T01:12:50","slug":"expedition-south-greenland-by-helicopter-qaqortoq-south-greenland","status":"publish","type":"product","link":"https:\/\/guidetogreenland.com\/da\/reserver-ferie-rejser\/ekspedition-med-helikopter-til-sydgronland-qaqortoq-sydgronland\/","title":{"rendered":"Ekspedition med helikopter til Sydgr\u00f8nland| Qaqortoq | Sydgr\u00f8nland"},"content":{"rendered":"<p>Tag med ud p\u00e5 en unik tur for at se alle h\u00f8jdepunkterne i Sydgr\u00f8nland &#8211; Sermilik Is Fiord, som altid er fuld af isbjerge, adskillige gletsjere, ruiner fra vikingetiden p\u00e5 UNESCOs verdensarvsliste, Qassiarsuk og Igaliku, en gr\u00f8n f\u00e5refarm, sm\u00e5 bygder beliggende under stejle bjergtoppe, vandkraftv\u00e6rker, der forsyner det gr\u00f8nlandske samfund, det fantastiske landskab i Tasermiut Fjord, Nanortalik, den sydligste by i Gr\u00f8nland, isbjerge, \u00f8er, vandfald, ismure og bjergtoppen med Uunartoq og varme kilder. Ja, det var en lang liste &#8211; og det er det, som Sydgr\u00f8nland handler om!<\/p>\n<p>Vi lander forskellige steder for ogs\u00e5 at udforske stederne fra land &#8211; ved Jacky&#8217;s Point og lige ved siden af \u200b\u200ben bred gletsjerfront, der ofte k\u00e6lver isbjerge, ved en bjergtop for at nyde panoramaet, den utroligt smukke og afsidesliggende Tasermiut Fjord og for at f\u00e5 en afslappende dukkert i en varm kilde og ved Uunartoq med isbjergene, der flyder forbi.<\/p>\n<p>Frokost er inkluderet, som vi vil nyde et sted med smukke omgivelser, efter din pr\u00e6ference.<\/p>\n<p>Oplev kontrasterne mellem frodige gr\u00f8nne dale og m\u00e6gtige gletsjere \u2013 det er fortryllende at opleve det hele fra luften.<\/p>\n<p>Kom med og tag en rundtur i Sydgr\u00f8nland ved at v\u00e6lge din foretrukne dato og klik p\u00e5 <strong>\u2019Book nu\u2019<\/strong> for at reservere dit s\u00e6de.<\/p>\n","protected":false},"excerpt":{"rendered":"Tag med ud p\u00e5 en unik tur for at se alle h\u00f8jdepunkterne i Sydgr\u00f8nland &#8211; Sermilik Is Fiord, som altid er fuld af isbjerge, adskillige gletsjere, ruiner fra vikingetiden p\u00e5 UNESCOs verdensarvsliste, Qassiarsuk og Igaliku, en gr\u00f8n f\u00e5refarm, sm\u00e5 bygder beliggende under stejle bjergtoppe, vandkraftv\u00e6rker, der forsyner det gr\u00f8nlandske samfund, det fantastiske landskab i Tasermiut&#8230;","protected":false},"featured_media":16059,"comment_status":"open","ping_status":"closed","template":"","meta":[],"product_brand":[],"product_cat":[605,604,614,622,624,612,593,632,634,627,643,654,615,625],"product_tag":[932],"class_list":{"0":"post-16057","1":"product","2":"type-product","3":"status-publish","4":"has-post-thumbnail","6":"product_cat-dagsture-om-sommeren","7":"product_cat-fly-og-helikopterture","8":"product_cat-gletsjer-og-indlandsisen","9":"product_cat-groenlandsk-kultur","10":"product_cat-historiske-ture","11":"product_cat-natur-og-dyreliv-i-groenland","12":"product_cat-oplevelser-i-groenland","13":"product_cat-sydgroenland","14":"product_cat-ture-for-krydstogtgaester","15":"product_cat-ture-i-bestemte-omraader","16":"product_cat-ture-i-hver-by","17":"product_cat-ture-i-qaqortoq","18":"product_cat-ture-til-varme-kilder","19":"product_cat-ture-til-verdensarv-steder-i-groenland","20":"product_tag-qaqortoq-da","21":"pa_activities-gletscher-udsigt","22":"pa_activities-hot-spring-bathing-da","23":"pa_activities-sightseeing-med-fly","24":"pa_activities-unesco-omraade","25":"pa_available-month-januar","26":"pa_available-month-februar","27":"pa_available-month-april","28":"pa_available-month-maj","29":"pa_available-month-juni","30":"pa_available-month-juli","31":"pa_available-month-september","32":"pa_available-month-oktober","33":"pa_available-month-november","34":"pa_available-month-december","35":"pa_destinations-qaqortoq","36":"pa_difficulty-let","37":"pa_duration-5-timer","38":"pa_tour-type-dagsture","39":"yith_shop_vendor-sermeq-helicopters-da","41":"first","42":"instock","43":"virtual","44":"sold-individually","45":"purchasable","46":"product-type-booking"},"acf":[],"yoast_head":"<!-- This site is optimized with the Yoast SEO plugin v25.6 - https:\/\/yoast.com\/wordpress\/plugins\/seo\/ -->\n<title>Ekspedition med helikopter til Sydgr\u00f8nland| Qaqortoq | Sydgr\u00f8nland | Guide to Greenland<\/title>\n<meta name=\"robots\" content=\"index, follow, max-snippet:-1, max-image-preview:large, max-video-preview:-1\" \/>\n<link rel=\"canonical\" href=\"https:\/\/guidetogreenland.com\/da\/reserver-ferie-rejser\/ekspedition-med-helikopter-til-sydgronland-qaqortoq-sydgronland\/\" \/>\n<meta property=\"og:locale\" content=\"da_DK\" \/>\n<meta property=\"og:type\" content=\"article\" \/>\n<meta property=\"og:title\" content=\"Ekspedition med helikopter til Sydgr\u00f8nland| Qaqortoq | Sydgr\u00f8nland | Guide to Greenland\" \/>\n<meta property=\"og:description\" content=\"Tag med ud p\u00e5 en unik tur for at se alle h\u00f8jdepunkterne i Sydgr\u00f8nland &#8211; Sermilik Is Fiord, som altid er fuld af isbjerge, adskillige gletsjere, ruiner fra vikingetiden p\u00e5 UNESCOs verdensarvsliste, Qassiarsuk og Igaliku, en gr\u00f8n f\u00e5refarm, sm\u00e5 bygder beliggende under stejle bjergtoppe, vandkraftv\u00e6rker, der forsyner det gr\u00f8nlandske samfund, det fantastiske landskab i Tasermiut...\" \/>\n<meta property=\"og:url\" content=\"https:\/\/guidetogreenland.com\/da\/reserver-ferie-rejser\/ekspedition-med-helikopter-til-sydgronland-qaqortoq-sydgronland\/\" \/>\n<meta property=\"og:site_name\" content=\"Guide to Greenland\" \/>\n<meta property=\"article:modified_time\" content=\"2021-03-03T01:12:50+00:00\" \/>\n<meta property=\"og:image\" content=\"https:\/\/guidetogreenland.com\/wp-content\/uploads\/2020\/05\/expedition-south-greenland-by-helicopter-qaqortoq-south-greenland-Guide-to-Greenland15.jpg\" \/>\n\t<meta property=\"og:image:width\" content=\"2087\" \/>\n\t<meta property=\"og:image:height\" content=\"1382\" \/>\n\t<meta property=\"og:image:type\" content=\"image\/jpeg\" \/>\n<meta name=\"twitter:card\" content=\"summary_large_image\" \/>\n<meta name=\"twitter:label1\" content=\"Estimeret l\u00e6setid\" \/>\n\t<meta name=\"twitter:data1\" content=\"1 minut\" \/>\n<script type=\"application\/ld+json\" class=\"yoast-schema-graph\">{\"@context\":\"https:\/\/schema.org\",\"@graph\":[{\"@type\":\"WebPage\",\"@id\":\"https:\/\/guidetogreenland.com\/da\/reserver-ferie-rejser\/ekspedition-med-helikopter-til-sydgronland-qaqortoq-sydgronland\/\",\"url\":\"https:\/\/guidetogreenland.com\/da\/reserver-ferie-rejser\/ekspedition-med-helikopter-til-sydgronland-qaqortoq-sydgronland\/\",\"name\":\"Ekspedition med helikopter til Sydgr\u00f8nland| Qaqortoq | Sydgr\u00f8nland | Guide to Greenland\",\"isPartOf\":{\"@id\":\"https:\/\/guidetogreenland.com\/da\/#website\"},\"primaryImageOfPage\":{\"@id\":\"https:\/\/guidetogreenland.com\/da\/reserver-ferie-rejser\/ekspedition-med-helikopter-til-sydgronland-qaqortoq-sydgronland\/#primaryimage\"},\"image\":{\"@id\":\"https:\/\/guidetogreenland.com\/da\/reserver-ferie-rejser\/ekspedition-med-helikopter-til-sydgronland-qaqortoq-sydgronland\/#primaryimage\"},\"thumbnailUrl\":\"https:\/\/guidetogreenland.com\/wp-content\/uploads\/2020\/05\/expedition-south-greenland-by-helicopter-qaqortoq-south-greenland-Guide-to-Greenland15.jpg\",\"datePublished\":\"2020-06-09T18:19:52+00:00\",\"dateModified\":\"2021-03-03T01:12:50+00:00\",\"breadcrumb\":{\"@id\":\"https:\/\/guidetogreenland.com\/da\/reserver-ferie-rejser\/ekspedition-med-helikopter-til-sydgronland-qaqortoq-sydgronland\/#breadcrumb\"},\"inLanguage\":\"da-DK\",\"potentialAction\":[{\"@type\":\"ReadAction\",\"target\":[\"https:\/\/guidetogreenland.com\/da\/reserver-ferie-rejser\/ekspedition-med-helikopter-til-sydgronland-qaqortoq-sydgronland\/\"]}]},{\"@type\":\"ImageObject\",\"inLanguage\":\"da-DK\",\"@id\":\"https:\/\/guidetogreenland.com\/da\/reserver-ferie-rejser\/ekspedition-med-helikopter-til-sydgronland-qaqortoq-sydgronland\/#primaryimage\",\"url\":\"https:\/\/guidetogreenland.com\/wp-content\/uploads\/2020\/05\/expedition-south-greenland-by-helicopter-qaqortoq-south-greenland-Guide-to-Greenland15.jpg\",\"contentUrl\":\"https:\/\/guidetogreenland.com\/wp-content\/uploads\/2020\/05\/expedition-south-greenland-by-helicopter-qaqortoq-south-greenland-Guide-to-Greenland15.jpg\",\"width\":2087,\"height\":1382},{\"@type\":\"BreadcrumbList\",\"@id\":\"https:\/\/guidetogreenland.com\/da\/reserver-ferie-rejser\/ekspedition-med-helikopter-til-sydgronland-qaqortoq-sydgronland\/#breadcrumb\",\"itemListElement\":[{\"@type\":\"ListItem\",\"position\":1,\"name\":\"Home\",\"item\":\"https:\/\/guidetogreenland.com\/da\/\"},{\"@type\":\"ListItem\",\"position\":2,\"name\":\"Se alle ture\",\"item\":\"https:\/\/guidetogreenland.com\/da\/reserver-ferie-rejser\/\"},{\"@type\":\"ListItem\",\"position\":3,\"name\":\"Ekspedition med helikopter til Sydgr\u00f8nland| Qaqortoq | Sydgr\u00f8nland\"}]},{\"@type\":\"WebSite\",\"@id\":\"https:\/\/guidetogreenland.com\/da\/#website\",\"url\":\"https:\/\/guidetogreenland.com\/da\/\",\"name\":\"Guide to Greenland\",\"description\":\"Largest selection of tours in Greenland\",\"potentialAction\":[{\"@type\":\"SearchAction\",\"target\":{\"@type\":\"EntryPoint\",\"urlTemplate\":\"https:\/\/guidetogreenland.com\/da\/?s={search_term_string}\"},\"query-input\":{\"@type\":\"PropertyValueSpecification\",\"valueRequired\":true,\"valueName\":\"search_term_string\"}}],\"inLanguage\":\"da-DK\"}]}<\/script>\n<!-- \/ Yoast SEO plugin. -->","yoast_head_json":{"title":"Ekspedition med helikopter til Sydgr\u00f8nland| Qaqortoq | Sydgr\u00f8nland | Guide to Greenland","robots":{"index":"index","follow":"follow","max-snippet":"max-snippet:-1","max-image-preview":"max-image-preview:large","max-video-preview":"max-video-preview:-1"},"canonical":"https:\/\/guidetogreenland.com\/da\/reserver-ferie-rejser\/ekspedition-med-helikopter-til-sydgronland-qaqortoq-sydgronland\/","og_locale":"da_DK","og_type":"article","og_title":"Ekspedition med helikopter til Sydgr\u00f8nland| Qaqortoq | Sydgr\u00f8nland | Guide to Greenland","og_description":"Tag med ud p\u00e5 en unik tur for at se alle h\u00f8jdepunkterne i Sydgr\u00f8nland &#8211; Sermilik Is Fiord, som altid er fuld af isbjerge, adskillige gletsjere, ruiner fra vikingetiden p\u00e5 UNESCOs verdensarvsliste, Qassiarsuk og Igaliku, en gr\u00f8n f\u00e5refarm, sm\u00e5 bygder beliggende under stejle bjergtoppe, vandkraftv\u00e6rker, der forsyner det gr\u00f8nlandske samfund, det fantastiske landskab i Tasermiut...","og_url":"https:\/\/guidetogreenland.com\/da\/reserver-ferie-rejser\/ekspedition-med-helikopter-til-sydgronland-qaqortoq-sydgronland\/","og_site_name":"Guide to Greenland","article_modified_time":"2021-03-03T01:12:50+00:00","og_image":[{"width":2087,"height":1382,"url":"https:\/\/guidetogreenland.com\/wp-content\/uploads\/2020\/05\/expedition-south-greenland-by-helicopter-qaqortoq-south-greenland-Guide-to-Greenland15.jpg","type":"image\/jpeg"}],"twitter_card":"summary_large_image","twitter_misc":{"Estimeret l\u00e6setid":"1 minut"},"schema":{"@context":"https:\/\/schema.org","@graph":[{"@type":"WebPage","@id":"https:\/\/guidetogreenland.com\/da\/reserver-ferie-rejser\/ekspedition-med-helikopter-til-sydgronland-qaqortoq-sydgronland\/","url":"https:\/\/guidetogreenland.com\/da\/reserver-ferie-rejser\/ekspedition-med-helikopter-til-sydgronland-qaqortoq-sydgronland\/","name":"Ekspedition med helikopter til Sydgr\u00f8nland| Qaqortoq | Sydgr\u00f8nland | Guide to Greenland","isPartOf":{"@id":"https:\/\/guidetogreenland.com\/da\/#website"},"primaryImageOfPage":{"@id":"https:\/\/guidetogreenland.com\/da\/reserver-ferie-rejser\/ekspedition-med-helikopter-til-sydgronland-qaqortoq-sydgronland\/#primaryimage"},"image":{"@id":"https:\/\/guidetogreenland.com\/da\/reserver-ferie-rejser\/ekspedition-med-helikopter-til-sydgronland-qaqortoq-sydgronland\/#primaryimage"},"thumbnailUrl":"https:\/\/guidetogreenland.com\/wp-content\/uploads\/2020\/05\/expedition-south-greenland-by-helicopter-qaqortoq-south-greenland-Guide-to-Greenland15.jpg","datePublished":"2020-06-09T18:19:52+00:00","dateModified":"2021-03-03T01:12:50+00:00","breadcrumb":{"@id":"https:\/\/guidetogreenland.com\/da\/reserver-ferie-rejser\/ekspedition-med-helikopter-til-sydgronland-qaqortoq-sydgronland\/#breadcrumb"},"inLanguage":"da-DK","potentialAction":[{"@type":"ReadAction","target":["https:\/\/guidetogreenland.com\/da\/reserver-ferie-rejser\/ekspedition-med-helikopter-til-sydgronland-qaqortoq-sydgronland\/"]}]},{"@type":"ImageObject","inLanguage":"da-DK","@id":"https:\/\/guidetogreenland.com\/da\/reserver-ferie-rejser\/ekspedition-med-helikopter-til-sydgronland-qaqortoq-sydgronland\/#primaryimage","url":"https:\/\/guidetogreenland.com\/wp-content\/uploads\/2020\/05\/expedition-south-greenland-by-helicopter-qaqortoq-south-greenland-Guide-to-Greenland15.jpg","contentUrl":"https:\/\/guidetogreenland.com\/wp-content\/uploads\/2020\/05\/expedition-south-greenland-by-helicopter-qaqortoq-south-greenland-Guide-to-Greenland15.jpg","width":2087,"height":1382},{"@type":"BreadcrumbList","@id":"https:\/\/guidetogreenland.com\/da\/reserver-ferie-rejser\/ekspedition-med-helikopter-til-sydgronland-qaqortoq-sydgronland\/#breadcrumb","itemListElement":[{"@type":"ListItem","position":1,"name":"Home","item":"https:\/\/guidetogreenland.com\/da\/"},{"@type":"ListItem","position":2,"name":"Se alle ture","item":"https:\/\/guidetogreenland.com\/da\/reserver-ferie-rejser\/"},{"@type":"ListItem","position":3,"name":"Ekspedition med helikopter til Sydgr\u00f8nland| Qaqortoq | Sydgr\u00f8nland"}]},{"@type":"WebSite","@id":"https:\/\/guidetogreenland.com\/da\/#website","url":"https:\/\/guidetogreenland.com\/da\/","name":"Guide to Greenland","description":"Largest selection of tours in Greenland","potentialAction":[{"@type":"SearchAction","target":{"@type":"EntryPoint","urlTemplate":"https:\/\/guidetogreenland.com\/da\/?s={search_term_string}"},"query-input":{"@type":"PropertyValueSpecification","valueRequired":true,"valueName":"search_term_string"}}],"inLanguage":"da-DK"}]}},"_links":{"self":[{"href":"https:\/\/guidetogreenland.com\/da\/wp-json\/wp\/v2\/product\/16057","targetHints":{"allow":["GET"]}}],"collection":[{"href":"https:\/\/guidetogreenland.com\/da\/wp-json\/wp\/v2\/product"}],"about":[{"href":"https:\/\/guidetogreenland.com\/da\/wp-json\/wp\/v2\/types\/product"}],"replies":[{"embeddable":true,"href":"https:\/\/guidetogreenland.com\/da\/wp-json\/wp\/v2\/comments?post=16057"}],"wp:featuredmedia":[{"embeddable":true,"href":"https:\/\/guidetogreenland.com\/da\/wp-json\/wp\/v2\/media\/16059"}],"wp:attachment":[{"href":"https:\/\/guidetogreenland.com\/da\/wp-json\/wp\/v2\/media?parent=16057"}],"wp:term":[{"taxonomy":"product_brand","embeddable":true,"href":"https:\/\/guidetogreenland.com\/da\/wp-json\/wp\/v2\/product_brand?post=16057"},{"taxonomy":"product_cat","embeddable":true,"href":"https:\/\/guidetogreenland.com\/da\/wp-json\/wp\/v2\/product_cat?post=16057"},{"taxonomy":"product_tag","embeddable":true,"href":"https:\/\/guidetogreenland.com\/da\/wp-json\/wp\/v2\/product_tag?post=16057"}],"curies":[{"name":"wp","href":"https:\/\/api.w.org\/{rel}","templated":true}]}}