{"id":16074,"date":"2020-05-28T15:30:29","date_gmt":"2020-05-28T15:30:29","guid":{"rendered":"https:\/\/guidetogreenland.com\/book-trips-holiday\/guided-settlement-tour-wilderness-hike-waterfalls-and-arctic-tundra-ilulissat\/"},"modified":"2025-07-26T08:12:58","modified_gmt":"2025-07-26T11:12:58","slug":"guided-settlement-tour-wilderness-hike-waterfalls-and-arctic-tundra-ilulissat","status":"publish","type":"product","link":"https:\/\/guidetogreenland.com\/da\/reserver-ferie-rejser\/guidet-tur-til-bygd-og-vildmark-vandfald-og-arktisk-tundra-ilulissat\/","title":{"rendered":"Guidet tur til bygd og vildmark | Vandfald og arktisk tundra | Ilulissat"},"content":{"rendered":"<p>Deltag i denne heldags guidede vandretur, der f\u00f8rer dig langt v\u00e6k fra civilisationen og ind i \u00f8rkenen omkring Oqaatsut-bygden. Denne tur er til dig, der gerne vil opleve den uspolerede og uber\u00f8rte vildmark i Gr\u00f8nland, mens du bes\u00f8ger Ilulissat.<\/p>\n<p>Din tur afg\u00e5r fra Ilulissat Havn, hvorfra du skal mod nord med b\u00e5d til den lille bygd Oqaatsut. Sejladsen fra Ilulissat til Oqaatsut tager cirka 45 minutter.<\/p>\n<p>Undervejs kan du nyde de smukke uber\u00f8rte fjordlandskaber og holde \u00f8je med dyrelivet.<\/p>\n<p>Umiddelbart efter ankomsten til Oqaatsut er du p\u00e5 vej ud i naturen ledsaget af din guide.<\/p>\n<p>Du vandrer i 4 til 5 timer gennem arktisk tundra og bjerglandskab. Det varierede terr\u00e6n er uj\u00e6vnt og afh\u00e6ngigt af vejret er det ofte ret v\u00e5dt.<\/p>\n<p>N\u00e5r du vandrer gennem den r\u00e5 og uspolerede natur i baglandet til Oqaatsut, kun i selskab med din vandringsgruppe, vil du m\u00e6rke Gr\u00f8nlands uendelige st\u00f8rrelse. Vi ankommer midtfor p\u00e5 en stor s\u00f8 og et stejlt vandfald, der tumler ned ad de omkringliggende bjerge. Det er et storsl\u00e5et syn at opleve den store vandstr\u00f8m, som st\u00e5r i kontrast til det m\u00f8rke bjerglandskab. Hvis du er frisk og har lyst til det, anbefaler vi at du medbringer en badedragt og tager en dukkert i s\u00f8en!<\/p>\n<p>Halvvejs gennem vandreturen serveres der frokost af \u200b\u200bdin guide.<\/p>\n<p>F\u00f8r vi vender tilbage til Ilulissat, tager vi en guidet tur i bygden Oqaatsut. Oqaatsut, er ogs\u00e5 kendt som &#8216;R\u00f8debugt&#8217;, og er en gr\u00f8nlandsk bygd, som blev oprettet i \u00e5r 1800 af hollandske hvalfangere. Hvalfangerne brugte bygden som en handelsstation.<\/p>\n<p>Book din plads p\u00e5 denne smukke vandretur, i den gr\u00f8nlandske vildmark, ved at v\u00e6lge din afrejsedato og klikke p\u00e5 <strong>\u201dBook nu\u201d.<\/strong><\/p>\n","protected":false},"excerpt":{"rendered":"Deltag i denne heldags guidede vandretur, der f\u00f8rer dig langt v\u00e6k fra civilisationen og ind i \u00f8rkenen omkring Oqaatsut-bygden. Denne tur er til dig, der gerne vil opleve den uspolerede og uber\u00f8rte vildmark i Gr\u00f8nland, mens du bes\u00f8ger Ilulissat. Din tur afg\u00e5r fra Ilulissat Havn, hvorfra du skal mod nord med b\u00e5d til den lille&#8230;","protected":false},"featured_media":16079,"comment_status":"open","ping_status":"closed","template":"","meta":[],"product_brand":[],"product_cat":[605,629,622,623,627,643,644,608],"product_tag":[919],"class_list":{"0":"post-16074","1":"product","2":"type-product","3":"status-publish","4":"has-post-thumbnail","6":"product_cat-dagsture-om-sommeren","7":"product_cat-disko-bugten","8":"product_cat-groenlandsk-kultur","9":"product_cat-kulturelle-aktiviteter","10":"product_cat-ture-i-bestemte-omraader","11":"product_cat-ture-i-hver-by","12":"product_cat-ture-i-ilulissat","13":"product_cat-vandre-og-trekkingture","14":"product_tag-ilulissat-da","15":"pa_activities-gletschervandring","16":"pa_activities-vandretur","17":"pa_activities-bygdebesoeg","18":"pa_attractions-oqaatsut","19":"pa_available-month-juni","20":"pa_available-month-juli","21":"pa_available-month-august","22":"pa_available-month-september","23":"pa_destinations-ilulissat","24":"pa_difficulty-moderat","25":"pa_duration-7-timer","26":"pa_tour-type-dagsture","27":"yith_shop_vendor-ilulissat-adventure-da","29":"first","30":"instock","31":"virtual","32":"sold-individually","33":"purchasable","34":"product-type-booking"},"acf":[],"yoast_head":"<!-- This site is optimized with the Yoast SEO plugin v25.6 - https:\/\/yoast.com\/wordpress\/plugins\/seo\/ -->\n<title>Guidet tur til bygd og vildmark | Vandfald og arktisk tundra | Ilulissat | Guide to Greenland<\/title>\n<meta name=\"robots\" content=\"index, follow, max-snippet:-1, max-image-preview:large, max-video-preview:-1\" \/>\n<link rel=\"canonical\" href=\"https:\/\/guidetogreenland.com\/da\/reserver-ferie-rejser\/guidet-tur-til-bygd-og-vildmark-vandfald-og-arktisk-tundra-ilulissat\/\" \/>\n<meta property=\"og:locale\" content=\"da_DK\" \/>\n<meta property=\"og:type\" content=\"article\" \/>\n<meta property=\"og:title\" content=\"Guidet tur til bygd og vildmark | Vandfald og arktisk tundra | Ilulissat | Guide to Greenland\" \/>\n<meta property=\"og:description\" content=\"Deltag i denne heldags guidede vandretur, der f\u00f8rer dig langt v\u00e6k fra civilisationen og ind i \u00f8rkenen omkring Oqaatsut-bygden. Denne tur er til dig, der gerne vil opleve den uspolerede og uber\u00f8rte vildmark i Gr\u00f8nland, mens du bes\u00f8ger Ilulissat. Din tur afg\u00e5r fra Ilulissat Havn, hvorfra du skal mod nord med b\u00e5d til den lille...\" \/>\n<meta property=\"og:url\" content=\"https:\/\/guidetogreenland.com\/da\/reserver-ferie-rejser\/guidet-tur-til-bygd-og-vildmark-vandfald-og-arktisk-tundra-ilulissat\/\" \/>\n<meta property=\"og:site_name\" content=\"Guide to Greenland\" \/>\n<meta property=\"article:modified_time\" content=\"2025-07-26T11:12:58+00:00\" \/>\n<meta property=\"og:image\" content=\"https:\/\/guidetogreenland.com\/wp-content\/uploads\/2020\/05\/guided-settlement-tour-wilderness-hike-waterfalls-and-arctic-tundra-ilulissat-Guide-to-Greenland7.jpg\" \/>\n\t<meta property=\"og:image:width\" content=\"1840\" \/>\n\t<meta property=\"og:image:height\" content=\"1380\" \/>\n\t<meta property=\"og:image:type\" content=\"image\/jpeg\" \/>\n<meta name=\"twitter:card\" content=\"summary_large_image\" \/>\n<meta name=\"twitter:label1\" content=\"Estimeret l\u00e6setid\" \/>\n\t<meta name=\"twitter:data1\" content=\"2 minutter\" \/>\n<script type=\"application\/ld+json\" class=\"yoast-schema-graph\">{\"@context\":\"https:\/\/schema.org\",\"@graph\":[{\"@type\":\"WebPage\",\"@id\":\"https:\/\/guidetogreenland.com\/da\/reserver-ferie-rejser\/guidet-tur-til-bygd-og-vildmark-vandfald-og-arktisk-tundra-ilulissat\/\",\"url\":\"https:\/\/guidetogreenland.com\/da\/reserver-ferie-rejser\/guidet-tur-til-bygd-og-vildmark-vandfald-og-arktisk-tundra-ilulissat\/\",\"name\":\"Guidet tur til bygd og vildmark | Vandfald og arktisk tundra | Ilulissat | Guide to Greenland\",\"isPartOf\":{\"@id\":\"https:\/\/guidetogreenland.com\/da\/#website\"},\"primaryImageOfPage\":{\"@id\":\"https:\/\/guidetogreenland.com\/da\/reserver-ferie-rejser\/guidet-tur-til-bygd-og-vildmark-vandfald-og-arktisk-tundra-ilulissat\/#primaryimage\"},\"image\":{\"@id\":\"https:\/\/guidetogreenland.com\/da\/reserver-ferie-rejser\/guidet-tur-til-bygd-og-vildmark-vandfald-og-arktisk-tundra-ilulissat\/#primaryimage\"},\"thumbnailUrl\":\"https:\/\/guidetogreenland.com\/wp-content\/uploads\/2020\/05\/guided-settlement-tour-wilderness-hike-waterfalls-and-arctic-tundra-ilulissat-Guide-to-Greenland3.jpeg\",\"datePublished\":\"2020-05-28T15:30:29+00:00\",\"dateModified\":\"2025-07-26T11:12:58+00:00\",\"breadcrumb\":{\"@id\":\"https:\/\/guidetogreenland.com\/da\/reserver-ferie-rejser\/guidet-tur-til-bygd-og-vildmark-vandfald-og-arktisk-tundra-ilulissat\/#breadcrumb\"},\"inLanguage\":\"da-DK\",\"potentialAction\":[{\"@type\":\"ReadAction\",\"target\":[\"https:\/\/guidetogreenland.com\/da\/reserver-ferie-rejser\/guidet-tur-til-bygd-og-vildmark-vandfald-og-arktisk-tundra-ilulissat\/\"]}]},{\"@type\":\"ImageObject\",\"inLanguage\":\"da-DK\",\"@id\":\"https:\/\/guidetogreenland.com\/da\/reserver-ferie-rejser\/guidet-tur-til-bygd-og-vildmark-vandfald-og-arktisk-tundra-ilulissat\/#primaryimage\",\"url\":\"https:\/\/guidetogreenland.com\/wp-content\/uploads\/2020\/05\/guided-settlement-tour-wilderness-hike-waterfalls-and-arctic-tundra-ilulissat-Guide-to-Greenland3.jpeg\",\"contentUrl\":\"https:\/\/guidetogreenland.com\/wp-content\/uploads\/2020\/05\/guided-settlement-tour-wilderness-hike-waterfalls-and-arctic-tundra-ilulissat-Guide-to-Greenland3.jpeg\",\"width\":2410,\"height\":1380},{\"@type\":\"BreadcrumbList\",\"@id\":\"https:\/\/guidetogreenland.com\/da\/reserver-ferie-rejser\/guidet-tur-til-bygd-og-vildmark-vandfald-og-arktisk-tundra-ilulissat\/#breadcrumb\",\"itemListElement\":[{\"@type\":\"ListItem\",\"position\":1,\"name\":\"Home\",\"item\":\"https:\/\/guidetogreenland.com\/da\/\"},{\"@type\":\"ListItem\",\"position\":2,\"name\":\"Se alle ture\",\"item\":\"https:\/\/guidetogreenland.com\/da\/reserver-ferie-rejser\/\"},{\"@type\":\"ListItem\",\"position\":3,\"name\":\"Guidet tur til bygd og vildmark | Vandfald og arktisk tundra | Ilulissat\"}]},{\"@type\":\"WebSite\",\"@id\":\"https:\/\/guidetogreenland.com\/da\/#website\",\"url\":\"https:\/\/guidetogreenland.com\/da\/\",\"name\":\"Guide to Greenland\",\"description\":\"Largest selection of tours in Greenland\",\"potentialAction\":[{\"@type\":\"SearchAction\",\"target\":{\"@type\":\"EntryPoint\",\"urlTemplate\":\"https:\/\/guidetogreenland.com\/da\/?s={search_term_string}\"},\"query-input\":{\"@type\":\"PropertyValueSpecification\",\"valueRequired\":true,\"valueName\":\"search_term_string\"}}],\"inLanguage\":\"da-DK\"}]}<\/script>\n<!-- \/ Yoast SEO plugin. -->","yoast_head_json":{"title":"Guidet tur til bygd og vildmark | Vandfald og arktisk tundra | Ilulissat | Guide to Greenland","robots":{"index":"index","follow":"follow","max-snippet":"max-snippet:-1","max-image-preview":"max-image-preview:large","max-video-preview":"max-video-preview:-1"},"canonical":"https:\/\/guidetogreenland.com\/da\/reserver-ferie-rejser\/guidet-tur-til-bygd-og-vildmark-vandfald-og-arktisk-tundra-ilulissat\/","og_locale":"da_DK","og_type":"article","og_title":"Guidet tur til bygd og vildmark | Vandfald og arktisk tundra | Ilulissat | Guide to Greenland","og_description":"Deltag i denne heldags guidede vandretur, der f\u00f8rer dig langt v\u00e6k fra civilisationen og ind i \u00f8rkenen omkring Oqaatsut-bygden. Denne tur er til dig, der gerne vil opleve den uspolerede og uber\u00f8rte vildmark i Gr\u00f8nland, mens du bes\u00f8ger Ilulissat. Din tur afg\u00e5r fra Ilulissat Havn, hvorfra du skal mod nord med b\u00e5d til den lille...","og_url":"https:\/\/guidetogreenland.com\/da\/reserver-ferie-rejser\/guidet-tur-til-bygd-og-vildmark-vandfald-og-arktisk-tundra-ilulissat\/","og_site_name":"Guide to Greenland","article_modified_time":"2025-07-26T11:12:58+00:00","og_image":[{"width":1840,"height":1380,"url":"https:\/\/guidetogreenland.com\/wp-content\/uploads\/2020\/05\/guided-settlement-tour-wilderness-hike-waterfalls-and-arctic-tundra-ilulissat-Guide-to-Greenland7.jpg","type":"image\/jpeg"}],"twitter_card":"summary_large_image","twitter_misc":{"Estimeret l\u00e6setid":"2 minutter"},"schema":{"@context":"https:\/\/schema.org","@graph":[{"@type":"WebPage","@id":"https:\/\/guidetogreenland.com\/da\/reserver-ferie-rejser\/guidet-tur-til-bygd-og-vildmark-vandfald-og-arktisk-tundra-ilulissat\/","url":"https:\/\/guidetogreenland.com\/da\/reserver-ferie-rejser\/guidet-tur-til-bygd-og-vildmark-vandfald-og-arktisk-tundra-ilulissat\/","name":"Guidet tur til bygd og vildmark | Vandfald og arktisk tundra | Ilulissat | Guide to Greenland","isPartOf":{"@id":"https:\/\/guidetogreenland.com\/da\/#website"},"primaryImageOfPage":{"@id":"https:\/\/guidetogreenland.com\/da\/reserver-ferie-rejser\/guidet-tur-til-bygd-og-vildmark-vandfald-og-arktisk-tundra-ilulissat\/#primaryimage"},"image":{"@id":"https:\/\/guidetogreenland.com\/da\/reserver-ferie-rejser\/guidet-tur-til-bygd-og-vildmark-vandfald-og-arktisk-tundra-ilulissat\/#primaryimage"},"thumbnailUrl":"https:\/\/guidetogreenland.com\/wp-content\/uploads\/2020\/05\/guided-settlement-tour-wilderness-hike-waterfalls-and-arctic-tundra-ilulissat-Guide-to-Greenland3.jpeg","datePublished":"2020-05-28T15:30:29+00:00","dateModified":"2025-07-26T11:12:58+00:00","breadcrumb":{"@id":"https:\/\/guidetogreenland.com\/da\/reserver-ferie-rejser\/guidet-tur-til-bygd-og-vildmark-vandfald-og-arktisk-tundra-ilulissat\/#breadcrumb"},"inLanguage":"da-DK","potentialAction":[{"@type":"ReadAction","target":["https:\/\/guidetogreenland.com\/da\/reserver-ferie-rejser\/guidet-tur-til-bygd-og-vildmark-vandfald-og-arktisk-tundra-ilulissat\/"]}]},{"@type":"ImageObject","inLanguage":"da-DK","@id":"https:\/\/guidetogreenland.com\/da\/reserver-ferie-rejser\/guidet-tur-til-bygd-og-vildmark-vandfald-og-arktisk-tundra-ilulissat\/#primaryimage","url":"https:\/\/guidetogreenland.com\/wp-content\/uploads\/2020\/05\/guided-settlement-tour-wilderness-hike-waterfalls-and-arctic-tundra-ilulissat-Guide-to-Greenland3.jpeg","contentUrl":"https:\/\/guidetogreenland.com\/wp-content\/uploads\/2020\/05\/guided-settlement-tour-wilderness-hike-waterfalls-and-arctic-tundra-ilulissat-Guide-to-Greenland3.jpeg","width":2410,"height":1380},{"@type":"BreadcrumbList","@id":"https:\/\/guidetogreenland.com\/da\/reserver-ferie-rejser\/guidet-tur-til-bygd-og-vildmark-vandfald-og-arktisk-tundra-ilulissat\/#breadcrumb","itemListElement":[{"@type":"ListItem","position":1,"name":"Home","item":"https:\/\/guidetogreenland.com\/da\/"},{"@type":"ListItem","position":2,"name":"Se alle ture","item":"https:\/\/guidetogreenland.com\/da\/reserver-ferie-rejser\/"},{"@type":"ListItem","position":3,"name":"Guidet tur til bygd og vildmark | Vandfald og arktisk tundra | Ilulissat"}]},{"@type":"WebSite","@id":"https:\/\/guidetogreenland.com\/da\/#website","url":"https:\/\/guidetogreenland.com\/da\/","name":"Guide to Greenland","description":"Largest selection of tours in Greenland","potentialAction":[{"@type":"SearchAction","target":{"@type":"EntryPoint","urlTemplate":"https:\/\/guidetogreenland.com\/da\/?s={search_term_string}"},"query-input":{"@type":"PropertyValueSpecification","valueRequired":true,"valueName":"search_term_string"}}],"inLanguage":"da-DK"}]}},"_links":{"self":[{"href":"https:\/\/guidetogreenland.com\/da\/wp-json\/wp\/v2\/product\/16074","targetHints":{"allow":["GET"]}}],"collection":[{"href":"https:\/\/guidetogreenland.com\/da\/wp-json\/wp\/v2\/product"}],"about":[{"href":"https:\/\/guidetogreenland.com\/da\/wp-json\/wp\/v2\/types\/product"}],"replies":[{"embeddable":true,"href":"https:\/\/guidetogreenland.com\/da\/wp-json\/wp\/v2\/comments?post=16074"}],"wp:featuredmedia":[{"embeddable":true,"href":"https:\/\/guidetogreenland.com\/da\/wp-json\/wp\/v2\/media\/16079"}],"wp:attachment":[{"href":"https:\/\/guidetogreenland.com\/da\/wp-json\/wp\/v2\/media?parent=16074"}],"wp:term":[{"taxonomy":"product_brand","embeddable":true,"href":"https:\/\/guidetogreenland.com\/da\/wp-json\/wp\/v2\/product_brand?post=16074"},{"taxonomy":"product_cat","embeddable":true,"href":"https:\/\/guidetogreenland.com\/da\/wp-json\/wp\/v2\/product_cat?post=16074"},{"taxonomy":"product_tag","embeddable":true,"href":"https:\/\/guidetogreenland.com\/da\/wp-json\/wp\/v2\/product_tag?post=16074"}],"curies":[{"name":"wp","href":"https:\/\/api.w.org\/{rel}","templated":true}]}}