{"id":16117,"date":"2020-06-09T18:16:06","date_gmt":"2020-06-09T18:16:06","guid":{"rendered":"https:\/\/guidetogreenland.com\/book-trips-holiday\/hot-spring-uunartoq-by-helicopter-qaqortoq-south-greenland\/"},"modified":"2021-03-03T01:45:43","modified_gmt":"2021-03-03T01:45:43","slug":"hot-spring-uunartoq-by-helicopter-qaqortoq-south-greenland","status":"publish","type":"product","link":"https:\/\/guidetogreenland.com\/da\/reserver-ferie-rejser\/varme-kilder-i-uunartoq-med-helikopter-qaqortoq-sydgronland\/","title":{"rendered":"Varme kilder i Uunartoq med helikopter | Qaqortoq | Sydgr\u00f8nland"},"content":{"rendered":"<p>L\u00e6n dig tilbage i den varme kilde med isbjerge, der flyder i baggrunden. F\u00f8lg med til dette dejlige sted p\u00e5 en \u00f8, med h\u00f8jt til himlen.<\/p>\n<p>Uunartoqs varme kilder er hyggelige og 38 \u00b0 C (100 \u00b0 F) varme \u00e5ret rundt. Fasciliteterne omkring dem er naturlige &#8211; enkle omkl\u00e6dningsrum og intet andet end arktiske blomster og isbjerge, vil underholde dig. Du kan slappe af, sv\u00f8mme eller d\u00e6kke dig selv i det sunde silica-mudder fra fjeldene.<\/p>\n<p>Vores fly fra Qaqortoq tager dig med ind over gr\u00f8nne dale og g\u00e5rde, \u00f8er og fjorde og vil give dig en fascinerende udsigt over isbjerge ovenfra.<\/p>\n<p>Fork\u00e6l dig selv i Uunartoqs beroligende varme kilder, mens du bes\u00f8ger Sydgr\u00f8nland. V\u00e6lg din foretrukne dato, og klik p\u00e5 <strong>\u201dBook nu\u201d<\/strong> for at reservere din plads.<\/p>\n","protected":false},"excerpt":{"rendered":"L\u00e6n dig tilbage i den varme kilde med isbjerge, der flyder i baggrunden. F\u00f8lg med til dette dejlige sted p\u00e5 en \u00f8, med h\u00f8jt til himlen. Uunartoqs varme kilder er hyggelige og 38 \u00b0 C (100 \u00b0 F) varme \u00e5ret rundt. Fasciliteterne omkring dem er naturlige &#8211; enkle omkl\u00e6dningsrum og intet andet end arktiske blomster&#8230;","protected":false},"featured_media":16119,"comment_status":"open","ping_status":"closed","template":"","meta":[],"product_brand":[],"product_cat":[605,604,692,612,593,632,634,627,643,654,615],"product_tag":[932],"class_list":{"0":"post-16117","1":"product","2":"type-product","3":"status-publish","4":"has-post-thumbnail","6":"product_cat-dagsture-om-sommeren","7":"product_cat-fly-og-helikopterture","8":"product_cat-iceberg-icefjord-tours","9":"product_cat-natur-og-dyreliv-i-groenland","10":"product_cat-oplevelser-i-groenland","11":"product_cat-sydgroenland","12":"product_cat-ture-for-krydstogtgaester","13":"product_cat-ture-i-bestemte-omraader","14":"product_cat-ture-i-hver-by","15":"product_cat-ture-i-qaqortoq","16":"product_cat-ture-til-varme-kilder","17":"product_tag-qaqortoq-da","18":"pa_activities-hot-spring-bathing-da","19":"pa_activities-isbjerg-udsigt","20":"pa_activities-sightseeing-med-fly","21":"pa_available-month-januar","22":"pa_available-month-februar","23":"pa_available-month-marts","24":"pa_available-month-april","25":"pa_available-month-maj","26":"pa_available-month-juni","27":"pa_available-month-juli","28":"pa_available-month-september","29":"pa_available-month-oktober","30":"pa_available-month-november","31":"pa_available-month-december","32":"pa_destinations-qaqortoq","33":"pa_difficulty-let","34":"pa_duration-2-5-time","35":"pa_tour-type-dagsture","36":"yith_shop_vendor-sermeq-helicopters-da","38":"first","39":"instock","40":"virtual","41":"sold-individually","42":"purchasable","43":"product-type-booking"},"acf":[],"yoast_head":"<!-- This site is optimized with the Yoast SEO plugin v25.6 - https:\/\/yoast.com\/wordpress\/plugins\/seo\/ -->\n<title>Varme kilder i Uunartoq med helikopter | Qaqortoq | Sydgr\u00f8nland | Guide to Greenland<\/title>\n<meta name=\"robots\" content=\"index, follow, max-snippet:-1, max-image-preview:large, max-video-preview:-1\" \/>\n<link rel=\"canonical\" href=\"https:\/\/guidetogreenland.com\/da\/reserver-ferie-rejser\/varme-kilder-i-uunartoq-med-helikopter-qaqortoq-sydgronland\/\" \/>\n<meta property=\"og:locale\" content=\"da_DK\" \/>\n<meta property=\"og:type\" content=\"article\" \/>\n<meta property=\"og:title\" content=\"Varme kilder i Uunartoq med helikopter | Qaqortoq | Sydgr\u00f8nland | Guide to Greenland\" \/>\n<meta property=\"og:description\" content=\"L\u00e6n dig tilbage i den varme kilde med isbjerge, der flyder i baggrunden. F\u00f8lg med til dette dejlige sted p\u00e5 en \u00f8, med h\u00f8jt til himlen. Uunartoqs varme kilder er hyggelige og 38 \u00b0 C (100 \u00b0 F) varme \u00e5ret rundt. Fasciliteterne omkring dem er naturlige &#8211; enkle omkl\u00e6dningsrum og intet andet end arktiske blomster...\" \/>\n<meta property=\"og:url\" content=\"https:\/\/guidetogreenland.com\/da\/reserver-ferie-rejser\/varme-kilder-i-uunartoq-med-helikopter-qaqortoq-sydgronland\/\" \/>\n<meta property=\"og:site_name\" content=\"Guide to Greenland\" \/>\n<meta property=\"article:modified_time\" content=\"2021-03-03T01:45:43+00:00\" \/>\n<meta property=\"og:image\" content=\"https:\/\/guidetogreenland.com\/wp-content\/uploads\/2020\/05\/hot-spring-uunartoq-by-helicopter-qaqortoq-south-greenland-Guide-to-Greenland9.jpg\" \/>\n\t<meta property=\"og:image:width\" content=\"2092\" \/>\n\t<meta property=\"og:image:height\" content=\"1382\" \/>\n\t<meta property=\"og:image:type\" content=\"image\/jpeg\" \/>\n<meta name=\"twitter:card\" content=\"summary_large_image\" \/>\n<meta name=\"twitter:label1\" content=\"Estimeret l\u00e6setid\" \/>\n\t<meta name=\"twitter:data1\" content=\"1 minut\" \/>\n<script type=\"application\/ld+json\" class=\"yoast-schema-graph\">{\"@context\":\"https:\/\/schema.org\",\"@graph\":[{\"@type\":\"WebPage\",\"@id\":\"https:\/\/guidetogreenland.com\/da\/reserver-ferie-rejser\/varme-kilder-i-uunartoq-med-helikopter-qaqortoq-sydgronland\/\",\"url\":\"https:\/\/guidetogreenland.com\/da\/reserver-ferie-rejser\/varme-kilder-i-uunartoq-med-helikopter-qaqortoq-sydgronland\/\",\"name\":\"Varme kilder i Uunartoq med helikopter | Qaqortoq | Sydgr\u00f8nland | Guide to Greenland\",\"isPartOf\":{\"@id\":\"https:\/\/guidetogreenland.com\/da\/#website\"},\"primaryImageOfPage\":{\"@id\":\"https:\/\/guidetogreenland.com\/da\/reserver-ferie-rejser\/varme-kilder-i-uunartoq-med-helikopter-qaqortoq-sydgronland\/#primaryimage\"},\"image\":{\"@id\":\"https:\/\/guidetogreenland.com\/da\/reserver-ferie-rejser\/varme-kilder-i-uunartoq-med-helikopter-qaqortoq-sydgronland\/#primaryimage\"},\"thumbnailUrl\":\"https:\/\/guidetogreenland.com\/wp-content\/uploads\/2020\/05\/hot-spring-uunartoq-by-helicopter-qaqortoq-south-greenland-Guide-to-Greenland9.jpg\",\"datePublished\":\"2020-06-09T18:16:06+00:00\",\"dateModified\":\"2021-03-03T01:45:43+00:00\",\"breadcrumb\":{\"@id\":\"https:\/\/guidetogreenland.com\/da\/reserver-ferie-rejser\/varme-kilder-i-uunartoq-med-helikopter-qaqortoq-sydgronland\/#breadcrumb\"},\"inLanguage\":\"da-DK\",\"potentialAction\":[{\"@type\":\"ReadAction\",\"target\":[\"https:\/\/guidetogreenland.com\/da\/reserver-ferie-rejser\/varme-kilder-i-uunartoq-med-helikopter-qaqortoq-sydgronland\/\"]}]},{\"@type\":\"ImageObject\",\"inLanguage\":\"da-DK\",\"@id\":\"https:\/\/guidetogreenland.com\/da\/reserver-ferie-rejser\/varme-kilder-i-uunartoq-med-helikopter-qaqortoq-sydgronland\/#primaryimage\",\"url\":\"https:\/\/guidetogreenland.com\/wp-content\/uploads\/2020\/05\/hot-spring-uunartoq-by-helicopter-qaqortoq-south-greenland-Guide-to-Greenland9.jpg\",\"contentUrl\":\"https:\/\/guidetogreenland.com\/wp-content\/uploads\/2020\/05\/hot-spring-uunartoq-by-helicopter-qaqortoq-south-greenland-Guide-to-Greenland9.jpg\",\"width\":2092,\"height\":1382},{\"@type\":\"BreadcrumbList\",\"@id\":\"https:\/\/guidetogreenland.com\/da\/reserver-ferie-rejser\/varme-kilder-i-uunartoq-med-helikopter-qaqortoq-sydgronland\/#breadcrumb\",\"itemListElement\":[{\"@type\":\"ListItem\",\"position\":1,\"name\":\"Home\",\"item\":\"https:\/\/guidetogreenland.com\/da\/\"},{\"@type\":\"ListItem\",\"position\":2,\"name\":\"Se alle ture\",\"item\":\"https:\/\/guidetogreenland.com\/da\/reserver-ferie-rejser\/\"},{\"@type\":\"ListItem\",\"position\":3,\"name\":\"Varme kilder i Uunartoq med helikopter | Qaqortoq | Sydgr\u00f8nland\"}]},{\"@type\":\"WebSite\",\"@id\":\"https:\/\/guidetogreenland.com\/da\/#website\",\"url\":\"https:\/\/guidetogreenland.com\/da\/\",\"name\":\"Guide to Greenland\",\"description\":\"Largest selection of tours in Greenland\",\"potentialAction\":[{\"@type\":\"SearchAction\",\"target\":{\"@type\":\"EntryPoint\",\"urlTemplate\":\"https:\/\/guidetogreenland.com\/da\/?s={search_term_string}\"},\"query-input\":{\"@type\":\"PropertyValueSpecification\",\"valueRequired\":true,\"valueName\":\"search_term_string\"}}],\"inLanguage\":\"da-DK\"}]}<\/script>\n<!-- \/ Yoast SEO plugin. -->","yoast_head_json":{"title":"Varme kilder i Uunartoq med helikopter | Qaqortoq | Sydgr\u00f8nland | Guide to Greenland","robots":{"index":"index","follow":"follow","max-snippet":"max-snippet:-1","max-image-preview":"max-image-preview:large","max-video-preview":"max-video-preview:-1"},"canonical":"https:\/\/guidetogreenland.com\/da\/reserver-ferie-rejser\/varme-kilder-i-uunartoq-med-helikopter-qaqortoq-sydgronland\/","og_locale":"da_DK","og_type":"article","og_title":"Varme kilder i Uunartoq med helikopter | Qaqortoq | Sydgr\u00f8nland | Guide to Greenland","og_description":"L\u00e6n dig tilbage i den varme kilde med isbjerge, der flyder i baggrunden. F\u00f8lg med til dette dejlige sted p\u00e5 en \u00f8, med h\u00f8jt til himlen. Uunartoqs varme kilder er hyggelige og 38 \u00b0 C (100 \u00b0 F) varme \u00e5ret rundt. Fasciliteterne omkring dem er naturlige &#8211; enkle omkl\u00e6dningsrum og intet andet end arktiske blomster...","og_url":"https:\/\/guidetogreenland.com\/da\/reserver-ferie-rejser\/varme-kilder-i-uunartoq-med-helikopter-qaqortoq-sydgronland\/","og_site_name":"Guide to Greenland","article_modified_time":"2021-03-03T01:45:43+00:00","og_image":[{"width":2092,"height":1382,"url":"https:\/\/guidetogreenland.com\/wp-content\/uploads\/2020\/05\/hot-spring-uunartoq-by-helicopter-qaqortoq-south-greenland-Guide-to-Greenland9.jpg","type":"image\/jpeg"}],"twitter_card":"summary_large_image","twitter_misc":{"Estimeret l\u00e6setid":"1 minut"},"schema":{"@context":"https:\/\/schema.org","@graph":[{"@type":"WebPage","@id":"https:\/\/guidetogreenland.com\/da\/reserver-ferie-rejser\/varme-kilder-i-uunartoq-med-helikopter-qaqortoq-sydgronland\/","url":"https:\/\/guidetogreenland.com\/da\/reserver-ferie-rejser\/varme-kilder-i-uunartoq-med-helikopter-qaqortoq-sydgronland\/","name":"Varme kilder i Uunartoq med helikopter | Qaqortoq | Sydgr\u00f8nland | Guide to Greenland","isPartOf":{"@id":"https:\/\/guidetogreenland.com\/da\/#website"},"primaryImageOfPage":{"@id":"https:\/\/guidetogreenland.com\/da\/reserver-ferie-rejser\/varme-kilder-i-uunartoq-med-helikopter-qaqortoq-sydgronland\/#primaryimage"},"image":{"@id":"https:\/\/guidetogreenland.com\/da\/reserver-ferie-rejser\/varme-kilder-i-uunartoq-med-helikopter-qaqortoq-sydgronland\/#primaryimage"},"thumbnailUrl":"https:\/\/guidetogreenland.com\/wp-content\/uploads\/2020\/05\/hot-spring-uunartoq-by-helicopter-qaqortoq-south-greenland-Guide-to-Greenland9.jpg","datePublished":"2020-06-09T18:16:06+00:00","dateModified":"2021-03-03T01:45:43+00:00","breadcrumb":{"@id":"https:\/\/guidetogreenland.com\/da\/reserver-ferie-rejser\/varme-kilder-i-uunartoq-med-helikopter-qaqortoq-sydgronland\/#breadcrumb"},"inLanguage":"da-DK","potentialAction":[{"@type":"ReadAction","target":["https:\/\/guidetogreenland.com\/da\/reserver-ferie-rejser\/varme-kilder-i-uunartoq-med-helikopter-qaqortoq-sydgronland\/"]}]},{"@type":"ImageObject","inLanguage":"da-DK","@id":"https:\/\/guidetogreenland.com\/da\/reserver-ferie-rejser\/varme-kilder-i-uunartoq-med-helikopter-qaqortoq-sydgronland\/#primaryimage","url":"https:\/\/guidetogreenland.com\/wp-content\/uploads\/2020\/05\/hot-spring-uunartoq-by-helicopter-qaqortoq-south-greenland-Guide-to-Greenland9.jpg","contentUrl":"https:\/\/guidetogreenland.com\/wp-content\/uploads\/2020\/05\/hot-spring-uunartoq-by-helicopter-qaqortoq-south-greenland-Guide-to-Greenland9.jpg","width":2092,"height":1382},{"@type":"BreadcrumbList","@id":"https:\/\/guidetogreenland.com\/da\/reserver-ferie-rejser\/varme-kilder-i-uunartoq-med-helikopter-qaqortoq-sydgronland\/#breadcrumb","itemListElement":[{"@type":"ListItem","position":1,"name":"Home","item":"https:\/\/guidetogreenland.com\/da\/"},{"@type":"ListItem","position":2,"name":"Se alle ture","item":"https:\/\/guidetogreenland.com\/da\/reserver-ferie-rejser\/"},{"@type":"ListItem","position":3,"name":"Varme kilder i Uunartoq med helikopter | Qaqortoq | Sydgr\u00f8nland"}]},{"@type":"WebSite","@id":"https:\/\/guidetogreenland.com\/da\/#website","url":"https:\/\/guidetogreenland.com\/da\/","name":"Guide to Greenland","description":"Largest selection of tours in Greenland","potentialAction":[{"@type":"SearchAction","target":{"@type":"EntryPoint","urlTemplate":"https:\/\/guidetogreenland.com\/da\/?s={search_term_string}"},"query-input":{"@type":"PropertyValueSpecification","valueRequired":true,"valueName":"search_term_string"}}],"inLanguage":"da-DK"}]}},"_links":{"self":[{"href":"https:\/\/guidetogreenland.com\/da\/wp-json\/wp\/v2\/product\/16117","targetHints":{"allow":["GET"]}}],"collection":[{"href":"https:\/\/guidetogreenland.com\/da\/wp-json\/wp\/v2\/product"}],"about":[{"href":"https:\/\/guidetogreenland.com\/da\/wp-json\/wp\/v2\/types\/product"}],"replies":[{"embeddable":true,"href":"https:\/\/guidetogreenland.com\/da\/wp-json\/wp\/v2\/comments?post=16117"}],"wp:featuredmedia":[{"embeddable":true,"href":"https:\/\/guidetogreenland.com\/da\/wp-json\/wp\/v2\/media\/16119"}],"wp:attachment":[{"href":"https:\/\/guidetogreenland.com\/da\/wp-json\/wp\/v2\/media?parent=16117"}],"wp:term":[{"taxonomy":"product_brand","embeddable":true,"href":"https:\/\/guidetogreenland.com\/da\/wp-json\/wp\/v2\/product_brand?post=16117"},{"taxonomy":"product_cat","embeddable":true,"href":"https:\/\/guidetogreenland.com\/da\/wp-json\/wp\/v2\/product_cat?post=16117"},{"taxonomy":"product_tag","embeddable":true,"href":"https:\/\/guidetogreenland.com\/da\/wp-json\/wp\/v2\/product_tag?post=16117"}],"curies":[{"name":"wp","href":"https:\/\/api.w.org\/{rel}","templated":true}]}}