{"id":16151,"date":"2020-06-11T13:05:38","date_gmt":"2020-06-11T13:05:38","guid":{"rendered":"https:\/\/guidetogreenland.com\/book-trips-holiday\/kayak-ice-hike-8-days-south-greenland\/"},"modified":"2021-03-03T02:14:06","modified_gmt":"2021-03-03T02:14:06","slug":"kayak-ice-hike-8-days-south-greenland","status":"publish","type":"product","link":"https:\/\/guidetogreenland.com\/da\/reserver-ferie-rejser\/kajak-og-vandring-pa-indlandsisen-8-dage-sydgronland\/","title":{"rendered":"Kajak og vandring p\u00e5 indlandsisen | 8 dage | Sydgr\u00f8nland"},"content":{"rendered":"<p>Tag en uge ud af kalenderen, i ly for civilisationen, og udforsk Gr\u00f8nlands rene, magiske natur p\u00e5 denne kajak- og indlandsis-ekspedition!<\/p>\n<p>P\u00e5 denne 8-dages tur tilbringer meget af din tid i en kajak og padler igennem den sydlige del af Gr\u00f8nland. Du bev\u00e6ger dig blandt isbjerge, is, gletsjere, bjerge, mindre \u00f8er, vandfald, tundra og meget mere. Chancerne for at se s\u00e6ler, pukkelhvaler, nordlys, is der falder ned fra et isbjerg, er h\u00f8jst sandsynligt p\u00e5 denne tur, da du vil v\u00e6re midt ude i naturen hele tiden.<\/p>\n<p>Der vil ogs\u00e5 v\u00e6re tid til at v\u00e6re <em>lidt <\/em>civiliseret, s\u00e5 du ogs\u00e5 kan f\u00e5 en id\u00e9 om den gr\u00f8nlandske kultur. Til sidst vil vi bes\u00f8ge en lille bygd i slutningen af \u200b\u200bturen. Der f\u00e5r du tid til at udforske byen og f\u00e5 f\u00f8lelse af hvordan en lille, unik gr\u00f8nlandsk by er.<\/p>\n<p>S\u00e5 hvis du kan lide kajak, og hvis du elsker at sove i telt, p\u00e5 sandstrande, under stjernerne og under nordlyset \u2013 og hvis du kan lide at padle gennem den rene natur og vandre p\u00e5 gletsjere og altid har dr\u00f8mt om at fange din f\u00f8rste fisk. Ja, hvad er der s\u00e5 mere at t\u00e6nke p\u00e5? Denne tur er perfekt til dig, der \u00f8nsker at forsvinde ind i naturen.<\/p>\n<p>Hvorfor skal man bes\u00f8ge Gr\u00f8nland? Lonely Planet har rangordnet Gr\u00f8nland som det 9\u2019ende sted i verden, som man skal se i sit liv. Og det er ikke uden grund!<\/p>\n<p>Klik p\u00e5 fanen Dagsprogram, for at l\u00e6se mere information om hver dag i turen, og reserver derefter din plads p\u00e5 denne kajaksejlads i Sydgr\u00f8nland ved at klikke p\u00e5 <strong>\u201dBook nu\u201d.<\/strong><\/p>\n","protected":false},"excerpt":{"rendered":"Tag en uge ud af kalenderen, i ly for civilisationen, og udforsk Gr\u00f8nlands rene, magiske natur p\u00e5 denne kajak- og indlandsis-ekspedition! P\u00e5 denne 8-dages tur tilbringer meget af din tid i en kajak og padler igennem den sydlige del af Gr\u00f8nland. Du bev\u00e6ger dig blandt isbjerge, is, gletsjere, bjerge, mindre \u00f8er, vandfald, tundra og meget&#8230;","protected":false},"featured_media":73378,"comment_status":"open","ping_status":"closed","template":"","meta":[],"product_brand":[],"product_cat":[636,637,614,612,593,635,640,609,632,627,650,651,608],"product_tag":[928,932,935],"class_list":{"0":"post-16151","1":"product","2":"type-product","3":"status-publish","4":"has-post-thumbnail","6":"product_cat-fra-danmark-til-groenland","7":"product_cat-fra-island-til-groenland","8":"product_cat-gletsjer-og-indlandsisen","9":"product_cat-natur-og-dyreliv-i-groenland","10":"product_cat-oplevelser-i-groenland","11":"product_cat-pakkerejser","12":"product_cat-sommerrejser","13":"product_cat-sup-kayakture","14":"product_cat-sydgroenland","15":"product_cat-ture-i-bestemte-omraader","16":"product_cat-ture-i-narsaq","17":"product_cat-ture-i-narsarsuaq","18":"product_cat-vandre-og-trekkingture","19":"product_tag-narsaq-da","20":"product_tag-qaqortoq-da","21":"product_tag-reykjavik-da","22":"pa_activities-gletschervandring","23":"pa_activities-kajak-sup","24":"pa_activities-camping","25":"pa_activities-vandretur","26":"pa_activities-gletscher-udsigt","27":"pa_activities-isbjerg-udsigt","28":"pa_activities-dyreliv-safari","29":"pa_attractions-qooroq-icefjord","30":"pa_available-month-juni","31":"pa_available-month-juli","32":"pa_available-month-august","33":"pa_available-month-september","34":"pa_destinations-fra-island","35":"pa_difficulty-haard","36":"pa_duration-8-dage","37":"pa_tour-type-pakkerejser","38":"yith_shop_vendor-tasermiut-da","39":"yith_booking_service-optional-qooroq-icefjord-excursion","41":"first","42":"instock","43":"virtual","44":"sold-individually","45":"purchasable","46":"product-type-booking"},"acf":[],"yoast_head":"<!-- This site is optimized with the Yoast SEO plugin v25.6 - https:\/\/yoast.com\/wordpress\/plugins\/seo\/ -->\n<title>Kajak og vandring p\u00e5 indlandsisen | 8 dage | Sydgr\u00f8nland | Guide to Greenland<\/title>\n<meta name=\"robots\" content=\"index, follow, max-snippet:-1, max-image-preview:large, max-video-preview:-1\" \/>\n<link rel=\"canonical\" href=\"https:\/\/guidetogreenland.com\/da\/reserver-ferie-rejser\/kajak-og-vandring-pa-indlandsisen-8-dage-sydgronland\/\" \/>\n<meta property=\"og:locale\" content=\"da_DK\" \/>\n<meta property=\"og:type\" content=\"article\" \/>\n<meta property=\"og:title\" content=\"Kajak og vandring p\u00e5 indlandsisen | 8 dage | Sydgr\u00f8nland | Guide to Greenland\" \/>\n<meta property=\"og:description\" content=\"Tag en uge ud af kalenderen, i ly for civilisationen, og udforsk Gr\u00f8nlands rene, magiske natur p\u00e5 denne kajak- og indlandsis-ekspedition! P\u00e5 denne 8-dages tur tilbringer meget af din tid i en kajak og padler igennem den sydlige del af Gr\u00f8nland. Du bev\u00e6ger dig blandt isbjerge, is, gletsjere, bjerge, mindre \u00f8er, vandfald, tundra og meget...\" \/>\n<meta property=\"og:url\" content=\"https:\/\/guidetogreenland.com\/da\/reserver-ferie-rejser\/kajak-og-vandring-pa-indlandsisen-8-dage-sydgronland\/\" \/>\n<meta property=\"og:site_name\" content=\"Guide to Greenland\" \/>\n<meta property=\"article:modified_time\" content=\"2021-03-03T02:14:06+00:00\" \/>\n<meta property=\"og:image\" content=\"https:\/\/guidetogreenland.com\/wp-content\/uploads\/2020\/05\/kayak-ice-hike-8-days-south-greenland-Guide-to-Greenland1.jpeg\" \/>\n\t<meta property=\"og:image:width\" content=\"1946\" \/>\n\t<meta property=\"og:image:height\" content=\"804\" \/>\n\t<meta property=\"og:image:type\" content=\"image\/jpeg\" \/>\n<meta name=\"twitter:card\" content=\"summary_large_image\" \/>\n<meta name=\"twitter:label1\" content=\"Estimeret l\u00e6setid\" \/>\n\t<meta name=\"twitter:data1\" content=\"2 minutter\" \/>\n<script type=\"application\/ld+json\" class=\"yoast-schema-graph\">{\"@context\":\"https:\/\/schema.org\",\"@graph\":[{\"@type\":\"WebPage\",\"@id\":\"https:\/\/guidetogreenland.com\/da\/reserver-ferie-rejser\/kajak-og-vandring-pa-indlandsisen-8-dage-sydgronland\/\",\"url\":\"https:\/\/guidetogreenland.com\/da\/reserver-ferie-rejser\/kajak-og-vandring-pa-indlandsisen-8-dage-sydgronland\/\",\"name\":\"Kajak og vandring p\u00e5 indlandsisen | 8 dage | Sydgr\u00f8nland | Guide to Greenland\",\"isPartOf\":{\"@id\":\"https:\/\/guidetogreenland.com\/da\/#website\"},\"primaryImageOfPage\":{\"@id\":\"https:\/\/guidetogreenland.com\/da\/reserver-ferie-rejser\/kajak-og-vandring-pa-indlandsisen-8-dage-sydgronland\/#primaryimage\"},\"image\":{\"@id\":\"https:\/\/guidetogreenland.com\/da\/reserver-ferie-rejser\/kajak-og-vandring-pa-indlandsisen-8-dage-sydgronland\/#primaryimage\"},\"thumbnailUrl\":\"https:\/\/guidetogreenland.com\/wp-content\/uploads\/2020\/06\/Kayak-and-Ice-Hike-8-Days-Guide-to-Greenland-.jpeg\",\"datePublished\":\"2020-06-11T13:05:38+00:00\",\"dateModified\":\"2021-03-03T02:14:06+00:00\",\"breadcrumb\":{\"@id\":\"https:\/\/guidetogreenland.com\/da\/reserver-ferie-rejser\/kajak-og-vandring-pa-indlandsisen-8-dage-sydgronland\/#breadcrumb\"},\"inLanguage\":\"da-DK\",\"potentialAction\":[{\"@type\":\"ReadAction\",\"target\":[\"https:\/\/guidetogreenland.com\/da\/reserver-ferie-rejser\/kajak-og-vandring-pa-indlandsisen-8-dage-sydgronland\/\"]}]},{\"@type\":\"ImageObject\",\"inLanguage\":\"da-DK\",\"@id\":\"https:\/\/guidetogreenland.com\/da\/reserver-ferie-rejser\/kajak-og-vandring-pa-indlandsisen-8-dage-sydgronland\/#primaryimage\",\"url\":\"https:\/\/guidetogreenland.com\/wp-content\/uploads\/2020\/06\/Kayak-and-Ice-Hike-8-Days-Guide-to-Greenland-.jpeg\",\"contentUrl\":\"https:\/\/guidetogreenland.com\/wp-content\/uploads\/2020\/06\/Kayak-and-Ice-Hike-8-Days-Guide-to-Greenland-.jpeg\",\"width\":1000,\"height\":700},{\"@type\":\"BreadcrumbList\",\"@id\":\"https:\/\/guidetogreenland.com\/da\/reserver-ferie-rejser\/kajak-og-vandring-pa-indlandsisen-8-dage-sydgronland\/#breadcrumb\",\"itemListElement\":[{\"@type\":\"ListItem\",\"position\":1,\"name\":\"Home\",\"item\":\"https:\/\/guidetogreenland.com\/da\/\"},{\"@type\":\"ListItem\",\"position\":2,\"name\":\"Se alle ture\",\"item\":\"https:\/\/guidetogreenland.com\/da\/reserver-ferie-rejser\/\"},{\"@type\":\"ListItem\",\"position\":3,\"name\":\"Kajak og vandring p\u00e5 indlandsisen | 8 dage | Sydgr\u00f8nland\"}]},{\"@type\":\"WebSite\",\"@id\":\"https:\/\/guidetogreenland.com\/da\/#website\",\"url\":\"https:\/\/guidetogreenland.com\/da\/\",\"name\":\"Guide to Greenland\",\"description\":\"Largest selection of tours in Greenland\",\"potentialAction\":[{\"@type\":\"SearchAction\",\"target\":{\"@type\":\"EntryPoint\",\"urlTemplate\":\"https:\/\/guidetogreenland.com\/da\/?s={search_term_string}\"},\"query-input\":{\"@type\":\"PropertyValueSpecification\",\"valueRequired\":true,\"valueName\":\"search_term_string\"}}],\"inLanguage\":\"da-DK\"}]}<\/script>\n<!-- \/ Yoast SEO plugin. -->","yoast_head_json":{"title":"Kajak og vandring p\u00e5 indlandsisen | 8 dage | Sydgr\u00f8nland | Guide to Greenland","robots":{"index":"index","follow":"follow","max-snippet":"max-snippet:-1","max-image-preview":"max-image-preview:large","max-video-preview":"max-video-preview:-1"},"canonical":"https:\/\/guidetogreenland.com\/da\/reserver-ferie-rejser\/kajak-og-vandring-pa-indlandsisen-8-dage-sydgronland\/","og_locale":"da_DK","og_type":"article","og_title":"Kajak og vandring p\u00e5 indlandsisen | 8 dage | Sydgr\u00f8nland | Guide to Greenland","og_description":"Tag en uge ud af kalenderen, i ly for civilisationen, og udforsk Gr\u00f8nlands rene, magiske natur p\u00e5 denne kajak- og indlandsis-ekspedition! P\u00e5 denne 8-dages tur tilbringer meget af din tid i en kajak og padler igennem den sydlige del af Gr\u00f8nland. Du bev\u00e6ger dig blandt isbjerge, is, gletsjere, bjerge, mindre \u00f8er, vandfald, tundra og meget...","og_url":"https:\/\/guidetogreenland.com\/da\/reserver-ferie-rejser\/kajak-og-vandring-pa-indlandsisen-8-dage-sydgronland\/","og_site_name":"Guide to Greenland","article_modified_time":"2021-03-03T02:14:06+00:00","og_image":[{"width":1946,"height":804,"url":"https:\/\/guidetogreenland.com\/wp-content\/uploads\/2020\/05\/kayak-ice-hike-8-days-south-greenland-Guide-to-Greenland1.jpeg","type":"image\/jpeg"}],"twitter_card":"summary_large_image","twitter_misc":{"Estimeret l\u00e6setid":"2 minutter"},"schema":{"@context":"https:\/\/schema.org","@graph":[{"@type":"WebPage","@id":"https:\/\/guidetogreenland.com\/da\/reserver-ferie-rejser\/kajak-og-vandring-pa-indlandsisen-8-dage-sydgronland\/","url":"https:\/\/guidetogreenland.com\/da\/reserver-ferie-rejser\/kajak-og-vandring-pa-indlandsisen-8-dage-sydgronland\/","name":"Kajak og vandring p\u00e5 indlandsisen | 8 dage | Sydgr\u00f8nland | Guide to Greenland","isPartOf":{"@id":"https:\/\/guidetogreenland.com\/da\/#website"},"primaryImageOfPage":{"@id":"https:\/\/guidetogreenland.com\/da\/reserver-ferie-rejser\/kajak-og-vandring-pa-indlandsisen-8-dage-sydgronland\/#primaryimage"},"image":{"@id":"https:\/\/guidetogreenland.com\/da\/reserver-ferie-rejser\/kajak-og-vandring-pa-indlandsisen-8-dage-sydgronland\/#primaryimage"},"thumbnailUrl":"https:\/\/guidetogreenland.com\/wp-content\/uploads\/2020\/06\/Kayak-and-Ice-Hike-8-Days-Guide-to-Greenland-.jpeg","datePublished":"2020-06-11T13:05:38+00:00","dateModified":"2021-03-03T02:14:06+00:00","breadcrumb":{"@id":"https:\/\/guidetogreenland.com\/da\/reserver-ferie-rejser\/kajak-og-vandring-pa-indlandsisen-8-dage-sydgronland\/#breadcrumb"},"inLanguage":"da-DK","potentialAction":[{"@type":"ReadAction","target":["https:\/\/guidetogreenland.com\/da\/reserver-ferie-rejser\/kajak-og-vandring-pa-indlandsisen-8-dage-sydgronland\/"]}]},{"@type":"ImageObject","inLanguage":"da-DK","@id":"https:\/\/guidetogreenland.com\/da\/reserver-ferie-rejser\/kajak-og-vandring-pa-indlandsisen-8-dage-sydgronland\/#primaryimage","url":"https:\/\/guidetogreenland.com\/wp-content\/uploads\/2020\/06\/Kayak-and-Ice-Hike-8-Days-Guide-to-Greenland-.jpeg","contentUrl":"https:\/\/guidetogreenland.com\/wp-content\/uploads\/2020\/06\/Kayak-and-Ice-Hike-8-Days-Guide-to-Greenland-.jpeg","width":1000,"height":700},{"@type":"BreadcrumbList","@id":"https:\/\/guidetogreenland.com\/da\/reserver-ferie-rejser\/kajak-og-vandring-pa-indlandsisen-8-dage-sydgronland\/#breadcrumb","itemListElement":[{"@type":"ListItem","position":1,"name":"Home","item":"https:\/\/guidetogreenland.com\/da\/"},{"@type":"ListItem","position":2,"name":"Se alle ture","item":"https:\/\/guidetogreenland.com\/da\/reserver-ferie-rejser\/"},{"@type":"ListItem","position":3,"name":"Kajak og vandring p\u00e5 indlandsisen | 8 dage | Sydgr\u00f8nland"}]},{"@type":"WebSite","@id":"https:\/\/guidetogreenland.com\/da\/#website","url":"https:\/\/guidetogreenland.com\/da\/","name":"Guide to Greenland","description":"Largest selection of tours in Greenland","potentialAction":[{"@type":"SearchAction","target":{"@type":"EntryPoint","urlTemplate":"https:\/\/guidetogreenland.com\/da\/?s={search_term_string}"},"query-input":{"@type":"PropertyValueSpecification","valueRequired":true,"valueName":"search_term_string"}}],"inLanguage":"da-DK"}]}},"_links":{"self":[{"href":"https:\/\/guidetogreenland.com\/da\/wp-json\/wp\/v2\/product\/16151","targetHints":{"allow":["GET"]}}],"collection":[{"href":"https:\/\/guidetogreenland.com\/da\/wp-json\/wp\/v2\/product"}],"about":[{"href":"https:\/\/guidetogreenland.com\/da\/wp-json\/wp\/v2\/types\/product"}],"replies":[{"embeddable":true,"href":"https:\/\/guidetogreenland.com\/da\/wp-json\/wp\/v2\/comments?post=16151"}],"wp:featuredmedia":[{"embeddable":true,"href":"https:\/\/guidetogreenland.com\/da\/wp-json\/wp\/v2\/media\/73378"}],"wp:attachment":[{"href":"https:\/\/guidetogreenland.com\/da\/wp-json\/wp\/v2\/media?parent=16151"}],"wp:term":[{"taxonomy":"product_brand","embeddable":true,"href":"https:\/\/guidetogreenland.com\/da\/wp-json\/wp\/v2\/product_brand?post=16151"},{"taxonomy":"product_cat","embeddable":true,"href":"https:\/\/guidetogreenland.com\/da\/wp-json\/wp\/v2\/product_cat?post=16151"},{"taxonomy":"product_tag","embeddable":true,"href":"https:\/\/guidetogreenland.com\/da\/wp-json\/wp\/v2\/product_tag?post=16151"}],"curies":[{"name":"wp","href":"https:\/\/api.w.org\/{rel}","templated":true}]}}