{"id":16171,"date":"2020-06-11T15:46:44","date_gmt":"2020-06-11T15:46:44","guid":{"rendered":"https:\/\/guidetogreenland.com\/book-trips-holiday\/northern-lights-explorer-south-greenland\/"},"modified":"2021-03-03T23:57:31","modified_gmt":"2021-03-03T23:57:31","slug":"northern-lights-explorer-south-greenland","status":"publish","type":"product","link":"https:\/\/guidetogreenland.com\/da\/reserver-ferie-rejser\/udforsk-nordlyset-sydgronland\/","title":{"rendered":"Udforsk nordlyset | Sydgr\u00f8nland"},"content":{"rendered":"<p>Nordlys er en af \u200b\u200bde mest fantastiske ting, naturen kan skabe. Og hvor er et af de bedste steder i verden at se det? Det er pr\u00e6cis i Gr\u00f8nland!<\/p>\n<p>Denne tur er tilrettelagt for at se nordlyset. Det f\u00f8rer dig til n\u00f8jagtigt det samme sted som astronomerne tager til, for at studere nattehimlen &#8211; og nordlyset. Bem\u00e6rk, at det naturligvis ikke kan garanteres at nordlyset kommer \u2013 men Gr\u00f8nland, og dermed denne tur, har ogs\u00e5 meget mere at tilbyde, end det smukke nordlys.<\/p>\n<p>Denne tur f\u00f8rer dig til steder, der er placeret p\u00e5 UNESCOs liste over verdensarv. Det tager dig ud til sm\u00e5 landsbyer og bygder. Turen tager dig til s\u00f8er, dale og til bjerge med de smukkeste udsigts steder.<\/p>\n<p>Landet, som er d\u00e6kket af is, og som er mere end 400.000 \u00e5r gammelt, viser dig ogs\u00e5 nogle af de mest utrolige ting, som naturen kan skabe ved at v\u00e6re kold og sned\u00e6kket.<\/p>\n<p>N\u00e5r vi ikke kan love dig at se nordlyset med 100% sandsynlighed (ogs\u00e5 selvom chancerne er h\u00f8je) &#8211; s\u00e5 er vi n\u00f8dt til at love dig noget andet 100% &#8211; og du vil med sikkerhed se indlandsisen, store flydende isbjerge og massive gletsjere.<\/p>\n<p>Lad ikke din chance for at se alt dette g\u00e5 din n\u00e6se forbi. Klik p\u00e5 fanen Dagsprogram, for at l\u00e6se mere information om hver dag i turen, og reserver derefter plads p\u00e5 denne nordlys-ekspedition i Sydgr\u00f8nland, ved at klikke p\u00e5 <strong>\u201dBook nu\u201d.<\/strong><\/p>\n","protected":false},"excerpt":{"rendered":"Nordlys er en af \u200b\u200bde mest fantastiske ting, naturen kan skabe. Og hvor er et af de bedste steder i verden at se det? Det er pr\u00e6cis i Gr\u00f8nland! Denne tur er tilrettelagt for at se nordlyset. Det f\u00f8rer dig til n\u00f8jagtigt det samme sted som astronomerne tager til, for at studere nattehimlen &#8211; og&#8230;","protected":false},"featured_media":16173,"comment_status":"open","ping_status":"closed","template":"","meta":[],"product_brand":[],"product_cat":[637,624,692,623,612,619,593,635,640,609,632,627,643,650,654,625,608],"product_tag":[928,932,935],"class_list":{"0":"post-16171","1":"product","2":"type-product","3":"status-publish","4":"has-post-thumbnail","6":"product_cat-fra-island-til-groenland","7":"product_cat-historiske-ture","8":"product_cat-iceberg-icefjord-tours","9":"product_cat-kulturelle-aktiviteter","10":"product_cat-natur-og-dyreliv-i-groenland","11":"product_cat-nordlys-ture","12":"product_cat-oplevelser-i-groenland","13":"product_cat-pakkerejser","14":"product_cat-sommerrejser","15":"product_cat-sup-kayakture","16":"product_cat-sydgroenland","17":"product_cat-ture-i-bestemte-omraader","18":"product_cat-ture-i-hver-by","19":"product_cat-ture-i-narsaq","20":"product_cat-ture-i-qaqortoq","21":"product_cat-ture-til-verdensarv-steder-i-groenland","22":"product_cat-vandre-og-trekkingture","23":"product_tag-narsaq-da","24":"product_tag-qaqortoq-da","25":"product_tag-reykjavik-da","26":"pa_activities-kajak-sup","27":"pa_activities-camping","28":"pa_activities-vandretur","29":"pa_activities-gletscher-udsigt","30":"pa_activities-isbjerg-udsigt","31":"pa_activities-bygdebesoeg","32":"pa_activities-nordlys","33":"pa_attractions-igaliku","34":"pa_attractions-indlandsisen","35":"pa_attractions-nordlys","36":"pa_attractions-qassiarsuk","37":"pa_attractions-qooroq-icefjord","38":"pa_attractions-unesco-verdensarv-omraade","39":"pa_attractions-vikinge-ruiner","40":"pa_available-month-september","41":"pa_destinations-fra-island","42":"pa_difficulty-let","43":"pa_duration-8-dage","44":"pa_tour-type-pakkerejser","45":"yith_shop_vendor-tasermiut-da","46":"yith_booking_service-optional-kayak-excursion-2hr","48":"first","49":"instock","50":"virtual","51":"sold-individually","52":"purchasable","53":"product-type-booking"},"acf":[],"yoast_head":"<!-- This site is optimized with the Yoast SEO plugin v25.6 - https:\/\/yoast.com\/wordpress\/plugins\/seo\/ -->\n<title>Udforsk nordlyset | Sydgr\u00f8nland | Guide to Greenland<\/title>\n<meta name=\"robots\" content=\"index, follow, max-snippet:-1, max-image-preview:large, max-video-preview:-1\" \/>\n<link rel=\"canonical\" href=\"https:\/\/guidetogreenland.com\/da\/reserver-ferie-rejser\/udforsk-nordlyset-sydgronland\/\" \/>\n<meta property=\"og:locale\" content=\"da_DK\" \/>\n<meta property=\"og:type\" content=\"article\" \/>\n<meta property=\"og:title\" content=\"Udforsk nordlyset | Sydgr\u00f8nland | Guide to Greenland\" \/>\n<meta property=\"og:description\" content=\"Nordlys er en af \u200b\u200bde mest fantastiske ting, naturen kan skabe. Og hvor er et af de bedste steder i verden at se det? Det er pr\u00e6cis i Gr\u00f8nland! Denne tur er tilrettelagt for at se nordlyset. Det f\u00f8rer dig til n\u00f8jagtigt det samme sted som astronomerne tager til, for at studere nattehimlen &#8211; og...\" \/>\n<meta property=\"og:url\" content=\"https:\/\/guidetogreenland.com\/da\/reserver-ferie-rejser\/udforsk-nordlyset-sydgronland\/\" \/>\n<meta property=\"og:site_name\" content=\"Guide to Greenland\" \/>\n<meta property=\"article:modified_time\" content=\"2021-03-03T23:57:31+00:00\" \/>\n<meta property=\"og:image\" content=\"https:\/\/guidetogreenland.com\/wp-content\/uploads\/2020\/05\/northern-lights-explorer-south-greenland-day-Guide-to-Greenland9.jpg\" \/>\n\t<meta property=\"og:image:width\" content=\"798\" \/>\n\t<meta property=\"og:image:height\" content=\"330\" \/>\n\t<meta property=\"og:image:type\" content=\"image\/jpeg\" \/>\n<meta name=\"twitter:card\" content=\"summary_large_image\" \/>\n<meta name=\"twitter:label1\" content=\"Estimeret l\u00e6setid\" \/>\n\t<meta name=\"twitter:data1\" content=\"2 minutter\" \/>\n<script type=\"application\/ld+json\" class=\"yoast-schema-graph\">{\"@context\":\"https:\/\/schema.org\",\"@graph\":[{\"@type\":\"WebPage\",\"@id\":\"https:\/\/guidetogreenland.com\/da\/reserver-ferie-rejser\/udforsk-nordlyset-sydgronland\/\",\"url\":\"https:\/\/guidetogreenland.com\/da\/reserver-ferie-rejser\/udforsk-nordlyset-sydgronland\/\",\"name\":\"Udforsk nordlyset | Sydgr\u00f8nland | Guide to Greenland\",\"isPartOf\":{\"@id\":\"https:\/\/guidetogreenland.com\/da\/#website\"},\"primaryImageOfPage\":{\"@id\":\"https:\/\/guidetogreenland.com\/da\/reserver-ferie-rejser\/udforsk-nordlyset-sydgronland\/#primaryimage\"},\"image\":{\"@id\":\"https:\/\/guidetogreenland.com\/da\/reserver-ferie-rejser\/udforsk-nordlyset-sydgronland\/#primaryimage\"},\"thumbnailUrl\":\"https:\/\/guidetogreenland.com\/wp-content\/uploads\/2020\/05\/northern-lights-explorer-south-greenland-day-Guide-to-Greenland9.jpg\",\"datePublished\":\"2020-06-11T15:46:44+00:00\",\"dateModified\":\"2021-03-03T23:57:31+00:00\",\"breadcrumb\":{\"@id\":\"https:\/\/guidetogreenland.com\/da\/reserver-ferie-rejser\/udforsk-nordlyset-sydgronland\/#breadcrumb\"},\"inLanguage\":\"da-DK\",\"potentialAction\":[{\"@type\":\"ReadAction\",\"target\":[\"https:\/\/guidetogreenland.com\/da\/reserver-ferie-rejser\/udforsk-nordlyset-sydgronland\/\"]}]},{\"@type\":\"ImageObject\",\"inLanguage\":\"da-DK\",\"@id\":\"https:\/\/guidetogreenland.com\/da\/reserver-ferie-rejser\/udforsk-nordlyset-sydgronland\/#primaryimage\",\"url\":\"https:\/\/guidetogreenland.com\/wp-content\/uploads\/2020\/05\/northern-lights-explorer-south-greenland-day-Guide-to-Greenland9.jpg\",\"contentUrl\":\"https:\/\/guidetogreenland.com\/wp-content\/uploads\/2020\/05\/northern-lights-explorer-south-greenland-day-Guide-to-Greenland9.jpg\",\"width\":798,\"height\":330},{\"@type\":\"BreadcrumbList\",\"@id\":\"https:\/\/guidetogreenland.com\/da\/reserver-ferie-rejser\/udforsk-nordlyset-sydgronland\/#breadcrumb\",\"itemListElement\":[{\"@type\":\"ListItem\",\"position\":1,\"name\":\"Home\",\"item\":\"https:\/\/guidetogreenland.com\/da\/\"},{\"@type\":\"ListItem\",\"position\":2,\"name\":\"Se alle ture\",\"item\":\"https:\/\/guidetogreenland.com\/da\/reserver-ferie-rejser\/\"},{\"@type\":\"ListItem\",\"position\":3,\"name\":\"Udforsk nordlyset | Sydgr\u00f8nland\"}]},{\"@type\":\"WebSite\",\"@id\":\"https:\/\/guidetogreenland.com\/da\/#website\",\"url\":\"https:\/\/guidetogreenland.com\/da\/\",\"name\":\"Guide to Greenland\",\"description\":\"Largest selection of tours in Greenland\",\"potentialAction\":[{\"@type\":\"SearchAction\",\"target\":{\"@type\":\"EntryPoint\",\"urlTemplate\":\"https:\/\/guidetogreenland.com\/da\/?s={search_term_string}\"},\"query-input\":{\"@type\":\"PropertyValueSpecification\",\"valueRequired\":true,\"valueName\":\"search_term_string\"}}],\"inLanguage\":\"da-DK\"}]}<\/script>\n<!-- \/ Yoast SEO plugin. -->","yoast_head_json":{"title":"Udforsk nordlyset | Sydgr\u00f8nland | Guide to Greenland","robots":{"index":"index","follow":"follow","max-snippet":"max-snippet:-1","max-image-preview":"max-image-preview:large","max-video-preview":"max-video-preview:-1"},"canonical":"https:\/\/guidetogreenland.com\/da\/reserver-ferie-rejser\/udforsk-nordlyset-sydgronland\/","og_locale":"da_DK","og_type":"article","og_title":"Udforsk nordlyset | Sydgr\u00f8nland | Guide to Greenland","og_description":"Nordlys er en af \u200b\u200bde mest fantastiske ting, naturen kan skabe. Og hvor er et af de bedste steder i verden at se det? Det er pr\u00e6cis i Gr\u00f8nland! Denne tur er tilrettelagt for at se nordlyset. Det f\u00f8rer dig til n\u00f8jagtigt det samme sted som astronomerne tager til, for at studere nattehimlen &#8211; og...","og_url":"https:\/\/guidetogreenland.com\/da\/reserver-ferie-rejser\/udforsk-nordlyset-sydgronland\/","og_site_name":"Guide to Greenland","article_modified_time":"2021-03-03T23:57:31+00:00","og_image":[{"width":798,"height":330,"url":"https:\/\/guidetogreenland.com\/wp-content\/uploads\/2020\/05\/northern-lights-explorer-south-greenland-day-Guide-to-Greenland9.jpg","type":"image\/jpeg"}],"twitter_card":"summary_large_image","twitter_misc":{"Estimeret l\u00e6setid":"2 minutter"},"schema":{"@context":"https:\/\/schema.org","@graph":[{"@type":"WebPage","@id":"https:\/\/guidetogreenland.com\/da\/reserver-ferie-rejser\/udforsk-nordlyset-sydgronland\/","url":"https:\/\/guidetogreenland.com\/da\/reserver-ferie-rejser\/udforsk-nordlyset-sydgronland\/","name":"Udforsk nordlyset | Sydgr\u00f8nland | Guide to Greenland","isPartOf":{"@id":"https:\/\/guidetogreenland.com\/da\/#website"},"primaryImageOfPage":{"@id":"https:\/\/guidetogreenland.com\/da\/reserver-ferie-rejser\/udforsk-nordlyset-sydgronland\/#primaryimage"},"image":{"@id":"https:\/\/guidetogreenland.com\/da\/reserver-ferie-rejser\/udforsk-nordlyset-sydgronland\/#primaryimage"},"thumbnailUrl":"https:\/\/guidetogreenland.com\/wp-content\/uploads\/2020\/05\/northern-lights-explorer-south-greenland-day-Guide-to-Greenland9.jpg","datePublished":"2020-06-11T15:46:44+00:00","dateModified":"2021-03-03T23:57:31+00:00","breadcrumb":{"@id":"https:\/\/guidetogreenland.com\/da\/reserver-ferie-rejser\/udforsk-nordlyset-sydgronland\/#breadcrumb"},"inLanguage":"da-DK","potentialAction":[{"@type":"ReadAction","target":["https:\/\/guidetogreenland.com\/da\/reserver-ferie-rejser\/udforsk-nordlyset-sydgronland\/"]}]},{"@type":"ImageObject","inLanguage":"da-DK","@id":"https:\/\/guidetogreenland.com\/da\/reserver-ferie-rejser\/udforsk-nordlyset-sydgronland\/#primaryimage","url":"https:\/\/guidetogreenland.com\/wp-content\/uploads\/2020\/05\/northern-lights-explorer-south-greenland-day-Guide-to-Greenland9.jpg","contentUrl":"https:\/\/guidetogreenland.com\/wp-content\/uploads\/2020\/05\/northern-lights-explorer-south-greenland-day-Guide-to-Greenland9.jpg","width":798,"height":330},{"@type":"BreadcrumbList","@id":"https:\/\/guidetogreenland.com\/da\/reserver-ferie-rejser\/udforsk-nordlyset-sydgronland\/#breadcrumb","itemListElement":[{"@type":"ListItem","position":1,"name":"Home","item":"https:\/\/guidetogreenland.com\/da\/"},{"@type":"ListItem","position":2,"name":"Se alle ture","item":"https:\/\/guidetogreenland.com\/da\/reserver-ferie-rejser\/"},{"@type":"ListItem","position":3,"name":"Udforsk nordlyset | Sydgr\u00f8nland"}]},{"@type":"WebSite","@id":"https:\/\/guidetogreenland.com\/da\/#website","url":"https:\/\/guidetogreenland.com\/da\/","name":"Guide to Greenland","description":"Largest selection of tours in Greenland","potentialAction":[{"@type":"SearchAction","target":{"@type":"EntryPoint","urlTemplate":"https:\/\/guidetogreenland.com\/da\/?s={search_term_string}"},"query-input":{"@type":"PropertyValueSpecification","valueRequired":true,"valueName":"search_term_string"}}],"inLanguage":"da-DK"}]}},"_links":{"self":[{"href":"https:\/\/guidetogreenland.com\/da\/wp-json\/wp\/v2\/product\/16171","targetHints":{"allow":["GET"]}}],"collection":[{"href":"https:\/\/guidetogreenland.com\/da\/wp-json\/wp\/v2\/product"}],"about":[{"href":"https:\/\/guidetogreenland.com\/da\/wp-json\/wp\/v2\/types\/product"}],"replies":[{"embeddable":true,"href":"https:\/\/guidetogreenland.com\/da\/wp-json\/wp\/v2\/comments?post=16171"}],"wp:featuredmedia":[{"embeddable":true,"href":"https:\/\/guidetogreenland.com\/da\/wp-json\/wp\/v2\/media\/16173"}],"wp:attachment":[{"href":"https:\/\/guidetogreenland.com\/da\/wp-json\/wp\/v2\/media?parent=16171"}],"wp:term":[{"taxonomy":"product_brand","embeddable":true,"href":"https:\/\/guidetogreenland.com\/da\/wp-json\/wp\/v2\/product_brand?post=16171"},{"taxonomy":"product_cat","embeddable":true,"href":"https:\/\/guidetogreenland.com\/da\/wp-json\/wp\/v2\/product_cat?post=16171"},{"taxonomy":"product_tag","embeddable":true,"href":"https:\/\/guidetogreenland.com\/da\/wp-json\/wp\/v2\/product_tag?post=16171"}],"curies":[{"name":"wp","href":"https:\/\/api.w.org\/{rel}","templated":true}]}}