{"id":16196,"date":"2020-06-09T18:08:14","date_gmt":"2020-06-09T18:08:14","guid":{"rendered":"https:\/\/guidetogreenland.com\/book-trips-holiday\/world-heritage-hvalsey-by-helicopter-qaqortoq-south-greenland\/"},"modified":"2021-03-04T00:13:05","modified_gmt":"2021-03-04T00:13:05","slug":"world-heritage-hvalsey-by-helicopter-qaqortoq-south-greenland","status":"publish","type":"product","link":"https:\/\/guidetogreenland.com\/da\/reserver-ferie-rejser\/unesco-verdensarv-tur-til-hvalso-med-helikopter-qaqortoq-sydgronland\/","title":{"rendered":"UNESCO Verdensarv &#8211; tur til Hvals\u00f8 med helikopter | Qaqortoq | Sydgr\u00f8nland"},"content":{"rendered":"<p>Denne helikoptertur tager dig med over UNESCO verdensarvsomr\u00e5det Kujataa. Landskabet repr\u00e6senterer den tidligste introduktion af landbrug til Arktis og den nordiske udvidelse af bos\u00e6ttelse uden for Europa. Vi flyver lavt hen over det rige landbrugsjord, som er blevet dyrket for tusind \u00e5r siden, med gletsjere i udsigt.<\/p>\n<p>Hvals\u00f8 Kirke blev f\u00f8rst opf\u00f8rt i det 12. \u00e5rhundrede og er den st\u00f8rste og bedst bevarede nordiske ruin i Gr\u00f8nland.<\/p>\n<p>I n\u00e6rheden kan du se resterne af et stort boligkompleks, stalde og et f\u00e6lleslokale. Luk \u00f8jnene, duft til de frodige gr\u00f8nne omgivelser og forestil dig livet p\u00e5 det sted, som vikingerne kaldte \u201dGr\u00f8nland\u201d.<\/p>\n<p>Disse mennesker var de f\u00f8rste europ\u00e6ere, der ankom her hundreder af \u00e5r f\u00f8r Columbus satte foden p\u00e5 det amerikanske kontinent, l\u00e6ngere sydp\u00e5. Den sidst dokumenterede begivenhed under den nordiske \u00e6ra, er et bryllup i denne kirke i \u00e5r 1408. I det n\u00e6ste \u00e5rhundrede forsvinder nordm\u00e6ndene p\u00e5 mystisk vis fra Gr\u00f8nland.<\/p>\n<p>Efter vores stop ved Hvals\u00f8 Kirke-ruinerne flyver vi tilbage over den dramatiske bjergk\u00e6de Killavaat, en kamformet, knivskarp, 5300 fod h\u00f8j h\u00f8jderyg &#8211; hvis vejret tillader det.<\/p>\n<p>Nyd udsigten over gletsjere i det fjerne, n\u00e5r vi vender tilbage til byen.<\/p>\n<p>For at g\u00e5 i de nordiske vikingers fodspor, skal du v\u00e6lge din rejsedato og klikke p\u00e5 \u201d<strong>Book nu\u201d.<\/strong><\/p>\n","protected":false},"excerpt":{"rendered":"Denne helikoptertur tager dig med over UNESCO verdensarvsomr\u00e5det Kujataa. Landskabet repr\u00e6senterer den tidligste introduktion af landbrug til Arktis og den nordiske udvidelse af bos\u00e6ttelse uden for Europa. Vi flyver lavt hen over det rige landbrugsjord, som er blevet dyrket for tusind \u00e5r siden, med gletsjere i udsigt. Hvals\u00f8 Kirke blev f\u00f8rst opf\u00f8rt i det 12&#8230;.","protected":false},"featured_media":16198,"comment_status":"open","ping_status":"closed","template":"","meta":[],"product_brand":[],"product_cat":[605,604,622,624,593,632,634,627,643,654,625],"product_tag":[932],"class_list":{"0":"post-16196","1":"product","2":"type-product","3":"status-publish","4":"has-post-thumbnail","6":"product_cat-dagsture-om-sommeren","7":"product_cat-fly-og-helikopterture","8":"product_cat-groenlandsk-kultur","9":"product_cat-historiske-ture","10":"product_cat-oplevelser-i-groenland","11":"product_cat-sydgroenland","12":"product_cat-ture-for-krydstogtgaester","13":"product_cat-ture-i-bestemte-omraader","14":"product_cat-ture-i-hver-by","15":"product_cat-ture-i-qaqortoq","16":"product_cat-ture-til-verdensarv-steder-i-groenland","17":"product_tag-qaqortoq-da","18":"pa_activities-sightseeing-med-fly","19":"pa_activities-unesco-omraade","20":"pa_available-month-januar","21":"pa_available-month-februar","22":"pa_available-month-marts","23":"pa_available-month-april","24":"pa_available-month-maj","25":"pa_available-month-juni","26":"pa_available-month-juli","27":"pa_available-month-august","28":"pa_available-month-september","29":"pa_available-month-oktober","30":"pa_available-month-november","31":"pa_available-month-december","32":"pa_destinations-qaqortoq","33":"pa_difficulty-let","34":"pa_duration-1-time","35":"pa_tour-type-dagsture","36":"yith_shop_vendor-sermeq-helicopters-da","38":"first","39":"instock","40":"virtual","41":"sold-individually","42":"purchasable","43":"product-type-booking"},"acf":[],"yoast_head":"<!-- This site is optimized with the Yoast SEO plugin v25.6 - https:\/\/yoast.com\/wordpress\/plugins\/seo\/ -->\n<title>UNESCO Verdensarv - tur til Hvals\u00f8 med helikopter | Qaqortoq | Sydgr\u00f8nland | Guide to Greenland<\/title>\n<meta name=\"robots\" content=\"index, follow, max-snippet:-1, max-image-preview:large, max-video-preview:-1\" \/>\n<link rel=\"canonical\" href=\"https:\/\/guidetogreenland.com\/da\/reserver-ferie-rejser\/unesco-verdensarv-tur-til-hvalso-med-helikopter-qaqortoq-sydgronland\/\" \/>\n<meta property=\"og:locale\" content=\"da_DK\" \/>\n<meta property=\"og:type\" content=\"article\" \/>\n<meta property=\"og:title\" content=\"UNESCO Verdensarv - tur til Hvals\u00f8 med helikopter | Qaqortoq | Sydgr\u00f8nland | Guide to Greenland\" \/>\n<meta property=\"og:description\" content=\"Denne helikoptertur tager dig med over UNESCO verdensarvsomr\u00e5det Kujataa. Landskabet repr\u00e6senterer den tidligste introduktion af landbrug til Arktis og den nordiske udvidelse af bos\u00e6ttelse uden for Europa. Vi flyver lavt hen over det rige landbrugsjord, som er blevet dyrket for tusind \u00e5r siden, med gletsjere i udsigt. Hvals\u00f8 Kirke blev f\u00f8rst opf\u00f8rt i det 12....\" \/>\n<meta property=\"og:url\" content=\"https:\/\/guidetogreenland.com\/da\/reserver-ferie-rejser\/unesco-verdensarv-tur-til-hvalso-med-helikopter-qaqortoq-sydgronland\/\" \/>\n<meta property=\"og:site_name\" content=\"Guide to Greenland\" \/>\n<meta property=\"article:modified_time\" content=\"2021-03-04T00:13:05+00:00\" \/>\n<meta property=\"og:image\" content=\"https:\/\/guidetogreenland.com\/wp-content\/uploads\/2020\/05\/world-heritage-hvalsey-by-helicopter-qaqortoq-south-greenland-Guide-to-Greenland8.jpg\" \/>\n\t<meta property=\"og:image:width\" content=\"2072\" \/>\n\t<meta property=\"og:image:height\" content=\"1382\" \/>\n\t<meta property=\"og:image:type\" content=\"image\/jpeg\" \/>\n<meta name=\"twitter:card\" content=\"summary_large_image\" \/>\n<meta name=\"twitter:label1\" content=\"Estimeret l\u00e6setid\" \/>\n\t<meta name=\"twitter:data1\" content=\"1 minut\" \/>\n<script type=\"application\/ld+json\" class=\"yoast-schema-graph\">{\"@context\":\"https:\/\/schema.org\",\"@graph\":[{\"@type\":\"WebPage\",\"@id\":\"https:\/\/guidetogreenland.com\/da\/reserver-ferie-rejser\/unesco-verdensarv-tur-til-hvalso-med-helikopter-qaqortoq-sydgronland\/\",\"url\":\"https:\/\/guidetogreenland.com\/da\/reserver-ferie-rejser\/unesco-verdensarv-tur-til-hvalso-med-helikopter-qaqortoq-sydgronland\/\",\"name\":\"UNESCO Verdensarv - tur til Hvals\u00f8 med helikopter | Qaqortoq | Sydgr\u00f8nland | Guide to Greenland\",\"isPartOf\":{\"@id\":\"https:\/\/guidetogreenland.com\/da\/#website\"},\"primaryImageOfPage\":{\"@id\":\"https:\/\/guidetogreenland.com\/da\/reserver-ferie-rejser\/unesco-verdensarv-tur-til-hvalso-med-helikopter-qaqortoq-sydgronland\/#primaryimage\"},\"image\":{\"@id\":\"https:\/\/guidetogreenland.com\/da\/reserver-ferie-rejser\/unesco-verdensarv-tur-til-hvalso-med-helikopter-qaqortoq-sydgronland\/#primaryimage\"},\"thumbnailUrl\":\"https:\/\/guidetogreenland.com\/wp-content\/uploads\/2020\/05\/world-heritage-hvalsey-by-helicopter-qaqortoq-south-greenland-Guide-to-Greenland8.jpg\",\"datePublished\":\"2020-06-09T18:08:14+00:00\",\"dateModified\":\"2021-03-04T00:13:05+00:00\",\"breadcrumb\":{\"@id\":\"https:\/\/guidetogreenland.com\/da\/reserver-ferie-rejser\/unesco-verdensarv-tur-til-hvalso-med-helikopter-qaqortoq-sydgronland\/#breadcrumb\"},\"inLanguage\":\"da-DK\",\"potentialAction\":[{\"@type\":\"ReadAction\",\"target\":[\"https:\/\/guidetogreenland.com\/da\/reserver-ferie-rejser\/unesco-verdensarv-tur-til-hvalso-med-helikopter-qaqortoq-sydgronland\/\"]}]},{\"@type\":\"ImageObject\",\"inLanguage\":\"da-DK\",\"@id\":\"https:\/\/guidetogreenland.com\/da\/reserver-ferie-rejser\/unesco-verdensarv-tur-til-hvalso-med-helikopter-qaqortoq-sydgronland\/#primaryimage\",\"url\":\"https:\/\/guidetogreenland.com\/wp-content\/uploads\/2020\/05\/world-heritage-hvalsey-by-helicopter-qaqortoq-south-greenland-Guide-to-Greenland8.jpg\",\"contentUrl\":\"https:\/\/guidetogreenland.com\/wp-content\/uploads\/2020\/05\/world-heritage-hvalsey-by-helicopter-qaqortoq-south-greenland-Guide-to-Greenland8.jpg\",\"width\":2072,\"height\":1382},{\"@type\":\"BreadcrumbList\",\"@id\":\"https:\/\/guidetogreenland.com\/da\/reserver-ferie-rejser\/unesco-verdensarv-tur-til-hvalso-med-helikopter-qaqortoq-sydgronland\/#breadcrumb\",\"itemListElement\":[{\"@type\":\"ListItem\",\"position\":1,\"name\":\"Home\",\"item\":\"https:\/\/guidetogreenland.com\/da\/\"},{\"@type\":\"ListItem\",\"position\":2,\"name\":\"Se alle ture\",\"item\":\"https:\/\/guidetogreenland.com\/da\/reserver-ferie-rejser\/\"},{\"@type\":\"ListItem\",\"position\":3,\"name\":\"UNESCO Verdensarv &#8211; tur til Hvals\u00f8 med helikopter | Qaqortoq | Sydgr\u00f8nland\"}]},{\"@type\":\"WebSite\",\"@id\":\"https:\/\/guidetogreenland.com\/da\/#website\",\"url\":\"https:\/\/guidetogreenland.com\/da\/\",\"name\":\"Guide to Greenland\",\"description\":\"Largest selection of tours in Greenland\",\"potentialAction\":[{\"@type\":\"SearchAction\",\"target\":{\"@type\":\"EntryPoint\",\"urlTemplate\":\"https:\/\/guidetogreenland.com\/da\/?s={search_term_string}\"},\"query-input\":{\"@type\":\"PropertyValueSpecification\",\"valueRequired\":true,\"valueName\":\"search_term_string\"}}],\"inLanguage\":\"da-DK\"}]}<\/script>\n<!-- \/ Yoast SEO plugin. -->","yoast_head_json":{"title":"UNESCO Verdensarv - tur til Hvals\u00f8 med helikopter | Qaqortoq | Sydgr\u00f8nland | Guide to Greenland","robots":{"index":"index","follow":"follow","max-snippet":"max-snippet:-1","max-image-preview":"max-image-preview:large","max-video-preview":"max-video-preview:-1"},"canonical":"https:\/\/guidetogreenland.com\/da\/reserver-ferie-rejser\/unesco-verdensarv-tur-til-hvalso-med-helikopter-qaqortoq-sydgronland\/","og_locale":"da_DK","og_type":"article","og_title":"UNESCO Verdensarv - tur til Hvals\u00f8 med helikopter | Qaqortoq | Sydgr\u00f8nland | Guide to Greenland","og_description":"Denne helikoptertur tager dig med over UNESCO verdensarvsomr\u00e5det Kujataa. Landskabet repr\u00e6senterer den tidligste introduktion af landbrug til Arktis og den nordiske udvidelse af bos\u00e6ttelse uden for Europa. Vi flyver lavt hen over det rige landbrugsjord, som er blevet dyrket for tusind \u00e5r siden, med gletsjere i udsigt. Hvals\u00f8 Kirke blev f\u00f8rst opf\u00f8rt i det 12....","og_url":"https:\/\/guidetogreenland.com\/da\/reserver-ferie-rejser\/unesco-verdensarv-tur-til-hvalso-med-helikopter-qaqortoq-sydgronland\/","og_site_name":"Guide to Greenland","article_modified_time":"2021-03-04T00:13:05+00:00","og_image":[{"width":2072,"height":1382,"url":"https:\/\/guidetogreenland.com\/wp-content\/uploads\/2020\/05\/world-heritage-hvalsey-by-helicopter-qaqortoq-south-greenland-Guide-to-Greenland8.jpg","type":"image\/jpeg"}],"twitter_card":"summary_large_image","twitter_misc":{"Estimeret l\u00e6setid":"1 minut"},"schema":{"@context":"https:\/\/schema.org","@graph":[{"@type":"WebPage","@id":"https:\/\/guidetogreenland.com\/da\/reserver-ferie-rejser\/unesco-verdensarv-tur-til-hvalso-med-helikopter-qaqortoq-sydgronland\/","url":"https:\/\/guidetogreenland.com\/da\/reserver-ferie-rejser\/unesco-verdensarv-tur-til-hvalso-med-helikopter-qaqortoq-sydgronland\/","name":"UNESCO Verdensarv - tur til Hvals\u00f8 med helikopter | Qaqortoq | Sydgr\u00f8nland | Guide to Greenland","isPartOf":{"@id":"https:\/\/guidetogreenland.com\/da\/#website"},"primaryImageOfPage":{"@id":"https:\/\/guidetogreenland.com\/da\/reserver-ferie-rejser\/unesco-verdensarv-tur-til-hvalso-med-helikopter-qaqortoq-sydgronland\/#primaryimage"},"image":{"@id":"https:\/\/guidetogreenland.com\/da\/reserver-ferie-rejser\/unesco-verdensarv-tur-til-hvalso-med-helikopter-qaqortoq-sydgronland\/#primaryimage"},"thumbnailUrl":"https:\/\/guidetogreenland.com\/wp-content\/uploads\/2020\/05\/world-heritage-hvalsey-by-helicopter-qaqortoq-south-greenland-Guide-to-Greenland8.jpg","datePublished":"2020-06-09T18:08:14+00:00","dateModified":"2021-03-04T00:13:05+00:00","breadcrumb":{"@id":"https:\/\/guidetogreenland.com\/da\/reserver-ferie-rejser\/unesco-verdensarv-tur-til-hvalso-med-helikopter-qaqortoq-sydgronland\/#breadcrumb"},"inLanguage":"da-DK","potentialAction":[{"@type":"ReadAction","target":["https:\/\/guidetogreenland.com\/da\/reserver-ferie-rejser\/unesco-verdensarv-tur-til-hvalso-med-helikopter-qaqortoq-sydgronland\/"]}]},{"@type":"ImageObject","inLanguage":"da-DK","@id":"https:\/\/guidetogreenland.com\/da\/reserver-ferie-rejser\/unesco-verdensarv-tur-til-hvalso-med-helikopter-qaqortoq-sydgronland\/#primaryimage","url":"https:\/\/guidetogreenland.com\/wp-content\/uploads\/2020\/05\/world-heritage-hvalsey-by-helicopter-qaqortoq-south-greenland-Guide-to-Greenland8.jpg","contentUrl":"https:\/\/guidetogreenland.com\/wp-content\/uploads\/2020\/05\/world-heritage-hvalsey-by-helicopter-qaqortoq-south-greenland-Guide-to-Greenland8.jpg","width":2072,"height":1382},{"@type":"BreadcrumbList","@id":"https:\/\/guidetogreenland.com\/da\/reserver-ferie-rejser\/unesco-verdensarv-tur-til-hvalso-med-helikopter-qaqortoq-sydgronland\/#breadcrumb","itemListElement":[{"@type":"ListItem","position":1,"name":"Home","item":"https:\/\/guidetogreenland.com\/da\/"},{"@type":"ListItem","position":2,"name":"Se alle ture","item":"https:\/\/guidetogreenland.com\/da\/reserver-ferie-rejser\/"},{"@type":"ListItem","position":3,"name":"UNESCO Verdensarv &#8211; tur til Hvals\u00f8 med helikopter | Qaqortoq | Sydgr\u00f8nland"}]},{"@type":"WebSite","@id":"https:\/\/guidetogreenland.com\/da\/#website","url":"https:\/\/guidetogreenland.com\/da\/","name":"Guide to Greenland","description":"Largest selection of tours in Greenland","potentialAction":[{"@type":"SearchAction","target":{"@type":"EntryPoint","urlTemplate":"https:\/\/guidetogreenland.com\/da\/?s={search_term_string}"},"query-input":{"@type":"PropertyValueSpecification","valueRequired":true,"valueName":"search_term_string"}}],"inLanguage":"da-DK"}]}},"_links":{"self":[{"href":"https:\/\/guidetogreenland.com\/da\/wp-json\/wp\/v2\/product\/16196","targetHints":{"allow":["GET"]}}],"collection":[{"href":"https:\/\/guidetogreenland.com\/da\/wp-json\/wp\/v2\/product"}],"about":[{"href":"https:\/\/guidetogreenland.com\/da\/wp-json\/wp\/v2\/types\/product"}],"replies":[{"embeddable":true,"href":"https:\/\/guidetogreenland.com\/da\/wp-json\/wp\/v2\/comments?post=16196"}],"wp:featuredmedia":[{"embeddable":true,"href":"https:\/\/guidetogreenland.com\/da\/wp-json\/wp\/v2\/media\/16198"}],"wp:attachment":[{"href":"https:\/\/guidetogreenland.com\/da\/wp-json\/wp\/v2\/media?parent=16196"}],"wp:term":[{"taxonomy":"product_brand","embeddable":true,"href":"https:\/\/guidetogreenland.com\/da\/wp-json\/wp\/v2\/product_brand?post=16196"},{"taxonomy":"product_cat","embeddable":true,"href":"https:\/\/guidetogreenland.com\/da\/wp-json\/wp\/v2\/product_cat?post=16196"},{"taxonomy":"product_tag","embeddable":true,"href":"https:\/\/guidetogreenland.com\/da\/wp-json\/wp\/v2\/product_tag?post=16196"}],"curies":[{"name":"wp","href":"https:\/\/api.w.org\/{rel}","templated":true}]}}