{"id":16206,"date":"2020-05-28T13:33:17","date_gmt":"2020-05-28T13:33:17","guid":{"rendered":"https:\/\/guidetogreenland.com\/book-trips-holiday\/witness-the-epic-eqi-glacier-by-boat-ilulissat\/"},"modified":"2025-10-21T03:22:46","modified_gmt":"2025-10-21T06:22:46","slug":"witness-the-epic-eqi-glacier-by-boat-ilulissat","status":"publish","type":"product","link":"https:\/\/guidetogreenland.com\/da\/reserver-ferie-rejser\/se-den-episke-eqi-gletscher-med-bad-ilulissat\/","title":{"rendered":"Se den episke Eqi-gletscher med b\u00e5d | Ilulissat"},"content":{"rendered":"<p>Tag p\u00e5 en b\u00e5dtur, der omfatter det hele! Isbjerge, chance for at se hvaler, et hurtigt kig p\u00e5 en lille bygd, mens vi suser forbi p\u00e5 vej til den meget aktive Eqi-gletsjer.<\/p>\n<p>Selve gletsjeren ligger ca. 80 km nord for Ilulissat, en god 2-3 timers b\u00e5dtur, med garanti for isbjerge p\u00e5 vores vej, og hvis vi er heldige, kan vi m\u00e5ske f\u00e5 \u00f8je p\u00e5 et par pukkelhvaler.<\/p>\n<p>Vi vil fors\u00f8ge at komme s\u00e5 t\u00e6t p\u00e5 gletsjer, som isbjergene giver os mulighed for, mens vi stadig holder en sikker afstand fra det, der sandsynligvis er den mest aktive gletsjer i Gr\u00f8nland, ofte k\u00e6lver den flere gange inden for en time.<\/p>\n<p>N\u00e5r vi n\u00e5r vores destination, slukker vi motoren og serverer frokost best\u00e5ende af en l\u00e6kker sandwich, som du kan nyde til lyden af \u200b\u200bden lejlighedsvise k\u00e6lvning af isbjerge fra Eqi-gletsjeren.<\/p>\n<p>Vi vil sidde her i cirka en time, f\u00f8r vi tager hjem til Ilulissat.<\/p>\n<p>Det er den perfekte tur for dem, der \u00f8nsker at se s\u00e5 meget som muligt p\u00e5 en enkelt dagstur.<\/p>\n<p>S\u00e5 forts\u00e6t og book din plads i dag ved at trykke p\u00e5 <strong>\u201dBook nu<\/strong>\u201d!<\/p>\n","protected":false},"excerpt":{"rendered":"Tag p\u00e5 en b\u00e5dtur, der omfatter det hele! Isbjerge, chance for at se hvaler, et hurtigt kig p\u00e5 en lille bygd, mens vi suser forbi p\u00e5 vej til den meget aktive Eqi-gletsjer. Selve gletsjeren ligger ca. 80 km nord for Ilulissat, en god 2-3 timers b\u00e5dtur, med garanti for isbjerge p\u00e5 vores vej, og hvis&#8230;","protected":false},"featured_media":23730,"comment_status":"open","ping_status":"closed","template":"","meta":[],"product_brand":[],"product_cat":[594,605,629,614,692,612,644],"product_tag":[919],"class_list":{"0":"post-16206","1":"product","2":"type-product","3":"status-publish","4":"has-post-thumbnail","6":"product_cat-baadture","7":"product_cat-dagsture-om-sommeren","8":"product_cat-disko-bugten","9":"product_cat-gletsjer-og-indlandsisen","10":"product_cat-iceberg-icefjord-tours","11":"product_cat-natur-og-dyreliv-i-groenland","12":"product_cat-ture-i-ilulissat","13":"product_tag-ilulissat-da","14":"pa_activities-baadtur","15":"pa_activities-gletscher-udsigt","16":"pa_activities-isbjerg-udsigt","17":"pa_attractions-eqi-gletscheren","18":"pa_available-month-juni","19":"pa_available-month-juli","20":"pa_available-month-august","21":"pa_available-month-september","22":"pa_destinations-ilulissat","23":"pa_difficulty-let","24":"pa_duration-6-timer","25":"pa_tour-type-dagsture","26":"yith_shop_vendor-albatros-ilulissat-da","28":"first","29":"instock","30":"virtual","31":"sold-individually","32":"purchasable","33":"product-type-booking"},"acf":[],"yoast_head":"<!-- This site is optimized with the Yoast SEO plugin v25.6 - https:\/\/yoast.com\/wordpress\/plugins\/seo\/ -->\n<title>Se den episke Eqi-gletscher med b\u00e5d | Ilulissat | Guide to Greenland<\/title>\n<meta name=\"robots\" content=\"index, follow, max-snippet:-1, max-image-preview:large, max-video-preview:-1\" \/>\n<link rel=\"canonical\" href=\"https:\/\/guidetogreenland.com\/da\/reserver-ferie-rejser\/se-den-episke-eqi-gletscher-med-bad-ilulissat\/\" \/>\n<meta property=\"og:locale\" content=\"da_DK\" \/>\n<meta property=\"og:type\" content=\"article\" \/>\n<meta property=\"og:title\" content=\"Se den episke Eqi-gletscher med b\u00e5d | Ilulissat | Guide to Greenland\" \/>\n<meta property=\"og:description\" content=\"Tag p\u00e5 en b\u00e5dtur, der omfatter det hele! Isbjerge, chance for at se hvaler, et hurtigt kig p\u00e5 en lille bygd, mens vi suser forbi p\u00e5 vej til den meget aktive Eqi-gletsjer. Selve gletsjeren ligger ca. 80 km nord for Ilulissat, en god 2-3 timers b\u00e5dtur, med garanti for isbjerge p\u00e5 vores vej, og hvis...\" \/>\n<meta property=\"og:url\" content=\"https:\/\/guidetogreenland.com\/da\/reserver-ferie-rejser\/se-den-episke-eqi-gletscher-med-bad-ilulissat\/\" \/>\n<meta property=\"og:site_name\" content=\"Guide to Greenland\" \/>\n<meta property=\"article:modified_time\" content=\"2025-10-21T06:22:46+00:00\" \/>\n<meta property=\"og:image\" content=\"https:\/\/guidetogreenland.com\/wp-content\/uploads\/2020\/05\/witness-the-epic-eqi-glacier-by-boat-ilulissat-Guide-to-Greenland8.jpeg\" \/>\n\t<meta property=\"og:image:width\" content=\"1840\" \/>\n\t<meta property=\"og:image:height\" content=\"1380\" \/>\n\t<meta property=\"og:image:type\" content=\"image\/jpeg\" \/>\n<meta name=\"twitter:card\" content=\"summary_large_image\" \/>\n<meta name=\"twitter:label1\" content=\"Estimeret l\u00e6setid\" \/>\n\t<meta name=\"twitter:data1\" content=\"1 minut\" \/>\n<script type=\"application\/ld+json\" class=\"yoast-schema-graph\">{\"@context\":\"https:\/\/schema.org\",\"@graph\":[{\"@type\":\"WebPage\",\"@id\":\"https:\/\/guidetogreenland.com\/da\/reserver-ferie-rejser\/se-den-episke-eqi-gletscher-med-bad-ilulissat\/\",\"url\":\"https:\/\/guidetogreenland.com\/da\/reserver-ferie-rejser\/se-den-episke-eqi-gletscher-med-bad-ilulissat\/\",\"name\":\"Se den episke Eqi-gletscher med b\u00e5d | Ilulissat | Guide to Greenland\",\"isPartOf\":{\"@id\":\"https:\/\/guidetogreenland.com\/da\/#website\"},\"primaryImageOfPage\":{\"@id\":\"https:\/\/guidetogreenland.com\/da\/reserver-ferie-rejser\/se-den-episke-eqi-gletscher-med-bad-ilulissat\/#primaryimage\"},\"image\":{\"@id\":\"https:\/\/guidetogreenland.com\/da\/reserver-ferie-rejser\/se-den-episke-eqi-gletscher-med-bad-ilulissat\/#primaryimage\"},\"thumbnailUrl\":\"https:\/\/guidetogreenland.com\/wp-content\/uploads\/2022\/02\/Eqi-Glacier-Ilulissat-Guide-to-Greenland-scaled.jpg\",\"datePublished\":\"2020-05-28T13:33:17+00:00\",\"dateModified\":\"2025-10-21T06:22:46+00:00\",\"breadcrumb\":{\"@id\":\"https:\/\/guidetogreenland.com\/da\/reserver-ferie-rejser\/se-den-episke-eqi-gletscher-med-bad-ilulissat\/#breadcrumb\"},\"inLanguage\":\"da-DK\",\"potentialAction\":[{\"@type\":\"ReadAction\",\"target\":[\"https:\/\/guidetogreenland.com\/da\/reserver-ferie-rejser\/se-den-episke-eqi-gletscher-med-bad-ilulissat\/\"]}]},{\"@type\":\"ImageObject\",\"inLanguage\":\"da-DK\",\"@id\":\"https:\/\/guidetogreenland.com\/da\/reserver-ferie-rejser\/se-den-episke-eqi-gletscher-med-bad-ilulissat\/#primaryimage\",\"url\":\"https:\/\/guidetogreenland.com\/wp-content\/uploads\/2022\/02\/Eqi-Glacier-Ilulissat-Guide-to-Greenland-scaled.jpg\",\"contentUrl\":\"https:\/\/guidetogreenland.com\/wp-content\/uploads\/2022\/02\/Eqi-Glacier-Ilulissat-Guide-to-Greenland-scaled.jpg\",\"width\":2560,\"height\":1707,\"caption\":\"Eqi-Glacier-Ilulissat- Guide to Greenland\"},{\"@type\":\"BreadcrumbList\",\"@id\":\"https:\/\/guidetogreenland.com\/da\/reserver-ferie-rejser\/se-den-episke-eqi-gletscher-med-bad-ilulissat\/#breadcrumb\",\"itemListElement\":[{\"@type\":\"ListItem\",\"position\":1,\"name\":\"Home\",\"item\":\"https:\/\/guidetogreenland.com\/da\/\"},{\"@type\":\"ListItem\",\"position\":2,\"name\":\"Se alle ture\",\"item\":\"https:\/\/guidetogreenland.com\/da\/reserver-ferie-rejser\/\"},{\"@type\":\"ListItem\",\"position\":3,\"name\":\"Se den episke Eqi-gletscher med b\u00e5d | Ilulissat\"}]},{\"@type\":\"WebSite\",\"@id\":\"https:\/\/guidetogreenland.com\/da\/#website\",\"url\":\"https:\/\/guidetogreenland.com\/da\/\",\"name\":\"Guide to Greenland\",\"description\":\"Largest selection of tours in Greenland\",\"potentialAction\":[{\"@type\":\"SearchAction\",\"target\":{\"@type\":\"EntryPoint\",\"urlTemplate\":\"https:\/\/guidetogreenland.com\/da\/?s={search_term_string}\"},\"query-input\":{\"@type\":\"PropertyValueSpecification\",\"valueRequired\":true,\"valueName\":\"search_term_string\"}}],\"inLanguage\":\"da-DK\"}]}<\/script>\n<!-- \/ Yoast SEO plugin. -->","yoast_head_json":{"title":"Se den episke Eqi-gletscher med b\u00e5d | Ilulissat | Guide to Greenland","robots":{"index":"index","follow":"follow","max-snippet":"max-snippet:-1","max-image-preview":"max-image-preview:large","max-video-preview":"max-video-preview:-1"},"canonical":"https:\/\/guidetogreenland.com\/da\/reserver-ferie-rejser\/se-den-episke-eqi-gletscher-med-bad-ilulissat\/","og_locale":"da_DK","og_type":"article","og_title":"Se den episke Eqi-gletscher med b\u00e5d | Ilulissat | Guide to Greenland","og_description":"Tag p\u00e5 en b\u00e5dtur, der omfatter det hele! Isbjerge, chance for at se hvaler, et hurtigt kig p\u00e5 en lille bygd, mens vi suser forbi p\u00e5 vej til den meget aktive Eqi-gletsjer. Selve gletsjeren ligger ca. 80 km nord for Ilulissat, en god 2-3 timers b\u00e5dtur, med garanti for isbjerge p\u00e5 vores vej, og hvis...","og_url":"https:\/\/guidetogreenland.com\/da\/reserver-ferie-rejser\/se-den-episke-eqi-gletscher-med-bad-ilulissat\/","og_site_name":"Guide to Greenland","article_modified_time":"2025-10-21T06:22:46+00:00","og_image":[{"width":1840,"height":1380,"url":"https:\/\/guidetogreenland.com\/wp-content\/uploads\/2020\/05\/witness-the-epic-eqi-glacier-by-boat-ilulissat-Guide-to-Greenland8.jpeg","type":"image\/jpeg"}],"twitter_card":"summary_large_image","twitter_misc":{"Estimeret l\u00e6setid":"1 minut"},"schema":{"@context":"https:\/\/schema.org","@graph":[{"@type":"WebPage","@id":"https:\/\/guidetogreenland.com\/da\/reserver-ferie-rejser\/se-den-episke-eqi-gletscher-med-bad-ilulissat\/","url":"https:\/\/guidetogreenland.com\/da\/reserver-ferie-rejser\/se-den-episke-eqi-gletscher-med-bad-ilulissat\/","name":"Se den episke Eqi-gletscher med b\u00e5d | Ilulissat | Guide to Greenland","isPartOf":{"@id":"https:\/\/guidetogreenland.com\/da\/#website"},"primaryImageOfPage":{"@id":"https:\/\/guidetogreenland.com\/da\/reserver-ferie-rejser\/se-den-episke-eqi-gletscher-med-bad-ilulissat\/#primaryimage"},"image":{"@id":"https:\/\/guidetogreenland.com\/da\/reserver-ferie-rejser\/se-den-episke-eqi-gletscher-med-bad-ilulissat\/#primaryimage"},"thumbnailUrl":"https:\/\/guidetogreenland.com\/wp-content\/uploads\/2022\/02\/Eqi-Glacier-Ilulissat-Guide-to-Greenland-scaled.jpg","datePublished":"2020-05-28T13:33:17+00:00","dateModified":"2025-10-21T06:22:46+00:00","breadcrumb":{"@id":"https:\/\/guidetogreenland.com\/da\/reserver-ferie-rejser\/se-den-episke-eqi-gletscher-med-bad-ilulissat\/#breadcrumb"},"inLanguage":"da-DK","potentialAction":[{"@type":"ReadAction","target":["https:\/\/guidetogreenland.com\/da\/reserver-ferie-rejser\/se-den-episke-eqi-gletscher-med-bad-ilulissat\/"]}]},{"@type":"ImageObject","inLanguage":"da-DK","@id":"https:\/\/guidetogreenland.com\/da\/reserver-ferie-rejser\/se-den-episke-eqi-gletscher-med-bad-ilulissat\/#primaryimage","url":"https:\/\/guidetogreenland.com\/wp-content\/uploads\/2022\/02\/Eqi-Glacier-Ilulissat-Guide-to-Greenland-scaled.jpg","contentUrl":"https:\/\/guidetogreenland.com\/wp-content\/uploads\/2022\/02\/Eqi-Glacier-Ilulissat-Guide-to-Greenland-scaled.jpg","width":2560,"height":1707,"caption":"Eqi-Glacier-Ilulissat- Guide to Greenland"},{"@type":"BreadcrumbList","@id":"https:\/\/guidetogreenland.com\/da\/reserver-ferie-rejser\/se-den-episke-eqi-gletscher-med-bad-ilulissat\/#breadcrumb","itemListElement":[{"@type":"ListItem","position":1,"name":"Home","item":"https:\/\/guidetogreenland.com\/da\/"},{"@type":"ListItem","position":2,"name":"Se alle ture","item":"https:\/\/guidetogreenland.com\/da\/reserver-ferie-rejser\/"},{"@type":"ListItem","position":3,"name":"Se den episke Eqi-gletscher med b\u00e5d | Ilulissat"}]},{"@type":"WebSite","@id":"https:\/\/guidetogreenland.com\/da\/#website","url":"https:\/\/guidetogreenland.com\/da\/","name":"Guide to Greenland","description":"Largest selection of tours in Greenland","potentialAction":[{"@type":"SearchAction","target":{"@type":"EntryPoint","urlTemplate":"https:\/\/guidetogreenland.com\/da\/?s={search_term_string}"},"query-input":{"@type":"PropertyValueSpecification","valueRequired":true,"valueName":"search_term_string"}}],"inLanguage":"da-DK"}]}},"_links":{"self":[{"href":"https:\/\/guidetogreenland.com\/da\/wp-json\/wp\/v2\/product\/16206","targetHints":{"allow":["GET"]}}],"collection":[{"href":"https:\/\/guidetogreenland.com\/da\/wp-json\/wp\/v2\/product"}],"about":[{"href":"https:\/\/guidetogreenland.com\/da\/wp-json\/wp\/v2\/types\/product"}],"replies":[{"embeddable":true,"href":"https:\/\/guidetogreenland.com\/da\/wp-json\/wp\/v2\/comments?post=16206"}],"wp:featuredmedia":[{"embeddable":true,"href":"https:\/\/guidetogreenland.com\/da\/wp-json\/wp\/v2\/media\/23730"}],"wp:attachment":[{"href":"https:\/\/guidetogreenland.com\/da\/wp-json\/wp\/v2\/media?parent=16206"}],"wp:term":[{"taxonomy":"product_brand","embeddable":true,"href":"https:\/\/guidetogreenland.com\/da\/wp-json\/wp\/v2\/product_brand?post=16206"},{"taxonomy":"product_cat","embeddable":true,"href":"https:\/\/guidetogreenland.com\/da\/wp-json\/wp\/v2\/product_cat?post=16206"},{"taxonomy":"product_tag","embeddable":true,"href":"https:\/\/guidetogreenland.com\/da\/wp-json\/wp\/v2\/product_tag?post=16206"}],"curies":[{"name":"wp","href":"https:\/\/api.w.org\/{rel}","templated":true}]}}