{"id":16224,"date":"2020-05-28T15:56:24","date_gmt":"2020-05-28T15:56:24","guid":{"rendered":"https:\/\/guidetogreenland.com\/book-trips-holiday\/the-arctic-sauna-experience-ilulissat-disko-bay\/"},"modified":"2025-08-13T06:55:44","modified_gmt":"2025-08-13T09:55:44","slug":"the-arctic-sauna-experience-ilulissat-disko-bay","status":"publish","type":"product","link":"https:\/\/guidetogreenland.com\/da\/reserver-ferie-rejser\/den-arktiske-saunaoplevelse-ilulissat-diskobugten\/","title":{"rendered":"Den arktiske saunaoplevelse | Ilulissat | Diskobugten"},"content":{"rendered":"<p>Tag en pause fra de mange eventyr, Ilulissat har at byde p\u00e5, med vores 1 \u00bd times Arktiske Sauna oplevelse! Du vil have udsigt over havet med udsigt over de drivende isbjerge, mens du sidder i vores afslappende og beroligende sauna.<\/p>\n<p>Hvis du har brug for en pause fra at krydse Ilulissat Isfjord med b\u00e5d og vandre til Sermermiut dalen er dette den perfekte mulighed for dig, for at slappe af mens du nyder den betagende gr\u00f8nlandske natur. Du bliver varmet op i vores opvarmede sauna, der har udsigt over den smukke Diskobugt.<\/p>\n<p>Inden vi g\u00e5r ind i saunaen, byder vores guide dig velkommen med et h\u00e5ndkl\u00e6de og en kort introduktion til vores bad og omkl\u00e6dningsrum. N\u00e5r du er klar, begynder Sauna oplevelsen!<\/p>\n<p>Vores guide vil v\u00e6re din hj\u00e6lp gennem hele sessionen og tilf\u00f8je \u00e6teriske olier til oplevelsen, s\u00e5 du kan slappe af og nyde minut i de varme omgivelser. Hvert 10-15 minut g\u00e5r vi ud, for at stimulere vores blodgennemstr\u00f8mning. Det er ogs\u00e5 muligt at tage en dukkert i vores kolde udend\u00f8rs kar, for virkelig at f\u00e5 blodet til at str\u00f8mme!<\/p>\n<p>Bliv varmet op, f\u00e5 dit blod til at str\u00f8mme og din krop slappet af, ved at reservere en tur i vores sauna, der har udsigt over Diskobugten og dens utallige isbjerge.<\/p>\n<p>Reservere plads i vores sauna ved at klikke p\u00e5 \u201d<strong>Book nu\u201d.<\/strong><\/p>\n","protected":false},"excerpt":{"rendered":"Tag en pause fra de mange eventyr, Ilulissat har at byde p\u00e5, med vores 1 \u00bd times Arktiske Sauna oplevelse! Du vil have udsigt over havet med udsigt over de drivende isbjerge, mens du sidder i vores afslappende og beroligende sauna. Hvis du har brug for en pause fra at krydse Ilulissat Isfjord med b\u00e5d&#8230;","protected":false},"featured_media":16226,"comment_status":"open","ping_status":"closed","template":"","meta":[],"product_brand":[],"product_cat":[1173,605,606,629,692,593,627,643,644],"product_tag":[919],"class_list":{"0":"post-16224","1":"product","2":"type-product","3":"status-publish","4":"has-post-thumbnail","6":"product_cat-arktisk-spa","7":"product_cat-dagsture-om-sommeren","8":"product_cat-dagsture-om-vinteren","9":"product_cat-disko-bugten","10":"product_cat-iceberg-icefjord-tours","11":"product_cat-oplevelser-i-groenland","12":"product_cat-ture-i-bestemte-omraader","13":"product_cat-ture-i-hver-by","14":"product_cat-ture-i-ilulissat","15":"product_tag-ilulissat-da","16":"pa_activities-isbjerg-udsigt","17":"pa_attractions-disko-bay-da","18":"pa_available-month-januar","19":"pa_available-month-februar","20":"pa_available-month-marts","21":"pa_available-month-april","22":"pa_available-month-juni","23":"pa_available-month-juli","24":"pa_available-month-august","25":"pa_available-month-september","26":"pa_available-month-oktober","27":"pa_destinations-ilulissat","28":"pa_difficulty-let","29":"pa_duration-1-5-time","30":"pa_tour-type-dagsture","31":"yith_shop_vendor-ilulissat-adventure-da","33":"first","34":"instock","35":"virtual","36":"sold-individually","37":"purchasable","38":"product-type-booking"},"acf":[],"yoast_head":"<!-- This site is optimized with the Yoast SEO plugin v25.6 - https:\/\/yoast.com\/wordpress\/plugins\/seo\/ -->\n<title>Den arktiske saunaoplevelse | Ilulissat | Diskobugten | Guide to Greenland<\/title>\n<meta name=\"description\" content=\"Bes\u00f8g vores arktiske sauna i Ilulissat! Du vil sidde i varme temperaturer, mens du har udsigt over Diskobugten.\" \/>\n<meta name=\"robots\" content=\"index, follow, max-snippet:-1, max-image-preview:large, max-video-preview:-1\" \/>\n<link rel=\"canonical\" href=\"https:\/\/guidetogreenland.com\/da\/reserver-ferie-rejser\/den-arktiske-saunaoplevelse-ilulissat-diskobugten\/\" \/>\n<meta property=\"og:locale\" content=\"da_DK\" \/>\n<meta property=\"og:type\" content=\"article\" \/>\n<meta property=\"og:title\" content=\"Den arktiske saunaoplevelse | Ilulissat | Diskobugten | Guide to Greenland\" \/>\n<meta property=\"og:description\" content=\"Bes\u00f8g vores arktiske sauna i Ilulissat! Du vil sidde i varme temperaturer, mens du har udsigt over Diskobugten.\" \/>\n<meta property=\"og:url\" content=\"https:\/\/guidetogreenland.com\/da\/reserver-ferie-rejser\/den-arktiske-saunaoplevelse-ilulissat-diskobugten\/\" \/>\n<meta property=\"og:site_name\" content=\"Guide to Greenland\" \/>\n<meta property=\"article:modified_time\" content=\"2025-08-13T09:55:44+00:00\" \/>\n<meta property=\"og:image\" content=\"https:\/\/guidetogreenland.com\/wp-content\/uploads\/2020\/05\/the-arctic-sauna-experience-ilulissat-disko-bay-Guide-to-Greenland5.jpeg\" \/>\n\t<meta property=\"og:image:width\" content=\"2092\" \/>\n\t<meta property=\"og:image:height\" content=\"1380\" \/>\n\t<meta property=\"og:image:type\" content=\"image\/jpeg\" \/>\n<meta name=\"twitter:card\" content=\"summary_large_image\" \/>\n<meta name=\"twitter:label1\" content=\"Estimeret l\u00e6setid\" \/>\n\t<meta name=\"twitter:data1\" content=\"1 minut\" \/>\n<script type=\"application\/ld+json\" class=\"yoast-schema-graph\">{\"@context\":\"https:\/\/schema.org\",\"@graph\":[{\"@type\":\"WebPage\",\"@id\":\"https:\/\/guidetogreenland.com\/da\/reserver-ferie-rejser\/den-arktiske-saunaoplevelse-ilulissat-diskobugten\/\",\"url\":\"https:\/\/guidetogreenland.com\/da\/reserver-ferie-rejser\/den-arktiske-saunaoplevelse-ilulissat-diskobugten\/\",\"name\":\"Den arktiske saunaoplevelse | Ilulissat | Diskobugten | Guide to Greenland\",\"isPartOf\":{\"@id\":\"https:\/\/guidetogreenland.com\/da\/#website\"},\"primaryImageOfPage\":{\"@id\":\"https:\/\/guidetogreenland.com\/da\/reserver-ferie-rejser\/den-arktiske-saunaoplevelse-ilulissat-diskobugten\/#primaryimage\"},\"image\":{\"@id\":\"https:\/\/guidetogreenland.com\/da\/reserver-ferie-rejser\/den-arktiske-saunaoplevelse-ilulissat-diskobugten\/#primaryimage\"},\"thumbnailUrl\":\"https:\/\/guidetogreenland.com\/wp-content\/uploads\/2020\/05\/the-arctic-sauna-experience-ilulissat-disko-bay-Guide-to-Greenland5.jpeg\",\"datePublished\":\"2020-05-28T15:56:24+00:00\",\"dateModified\":\"2025-08-13T09:55:44+00:00\",\"description\":\"Bes\u00f8g vores arktiske sauna i Ilulissat! Du vil sidde i varme temperaturer, mens du har udsigt over Diskobugten.\",\"breadcrumb\":{\"@id\":\"https:\/\/guidetogreenland.com\/da\/reserver-ferie-rejser\/den-arktiske-saunaoplevelse-ilulissat-diskobugten\/#breadcrumb\"},\"inLanguage\":\"da-DK\",\"potentialAction\":[{\"@type\":\"ReadAction\",\"target\":[\"https:\/\/guidetogreenland.com\/da\/reserver-ferie-rejser\/den-arktiske-saunaoplevelse-ilulissat-diskobugten\/\"]}]},{\"@type\":\"ImageObject\",\"inLanguage\":\"da-DK\",\"@id\":\"https:\/\/guidetogreenland.com\/da\/reserver-ferie-rejser\/den-arktiske-saunaoplevelse-ilulissat-diskobugten\/#primaryimage\",\"url\":\"https:\/\/guidetogreenland.com\/wp-content\/uploads\/2020\/05\/the-arctic-sauna-experience-ilulissat-disko-bay-Guide-to-Greenland5.jpeg\",\"contentUrl\":\"https:\/\/guidetogreenland.com\/wp-content\/uploads\/2020\/05\/the-arctic-sauna-experience-ilulissat-disko-bay-Guide-to-Greenland5.jpeg\",\"width\":2092,\"height\":1380},{\"@type\":\"BreadcrumbList\",\"@id\":\"https:\/\/guidetogreenland.com\/da\/reserver-ferie-rejser\/den-arktiske-saunaoplevelse-ilulissat-diskobugten\/#breadcrumb\",\"itemListElement\":[{\"@type\":\"ListItem\",\"position\":1,\"name\":\"Home\",\"item\":\"https:\/\/guidetogreenland.com\/da\/\"},{\"@type\":\"ListItem\",\"position\":2,\"name\":\"Se alle ture\",\"item\":\"https:\/\/guidetogreenland.com\/da\/reserver-ferie-rejser\/\"},{\"@type\":\"ListItem\",\"position\":3,\"name\":\"Den arktiske saunaoplevelse | Ilulissat | Diskobugten\"}]},{\"@type\":\"WebSite\",\"@id\":\"https:\/\/guidetogreenland.com\/da\/#website\",\"url\":\"https:\/\/guidetogreenland.com\/da\/\",\"name\":\"Guide to Greenland\",\"description\":\"Largest selection of tours in Greenland\",\"potentialAction\":[{\"@type\":\"SearchAction\",\"target\":{\"@type\":\"EntryPoint\",\"urlTemplate\":\"https:\/\/guidetogreenland.com\/da\/?s={search_term_string}\"},\"query-input\":{\"@type\":\"PropertyValueSpecification\",\"valueRequired\":true,\"valueName\":\"search_term_string\"}}],\"inLanguage\":\"da-DK\"}]}<\/script>\n<!-- \/ Yoast SEO plugin. -->","yoast_head_json":{"title":"Den arktiske saunaoplevelse | Ilulissat | Diskobugten | Guide to Greenland","description":"Bes\u00f8g vores arktiske sauna i Ilulissat! Du vil sidde i varme temperaturer, mens du har udsigt over Diskobugten.","robots":{"index":"index","follow":"follow","max-snippet":"max-snippet:-1","max-image-preview":"max-image-preview:large","max-video-preview":"max-video-preview:-1"},"canonical":"https:\/\/guidetogreenland.com\/da\/reserver-ferie-rejser\/den-arktiske-saunaoplevelse-ilulissat-diskobugten\/","og_locale":"da_DK","og_type":"article","og_title":"Den arktiske saunaoplevelse | Ilulissat | Diskobugten | Guide to Greenland","og_description":"Bes\u00f8g vores arktiske sauna i Ilulissat! Du vil sidde i varme temperaturer, mens du har udsigt over Diskobugten.","og_url":"https:\/\/guidetogreenland.com\/da\/reserver-ferie-rejser\/den-arktiske-saunaoplevelse-ilulissat-diskobugten\/","og_site_name":"Guide to Greenland","article_modified_time":"2025-08-13T09:55:44+00:00","og_image":[{"width":2092,"height":1380,"url":"https:\/\/guidetogreenland.com\/wp-content\/uploads\/2020\/05\/the-arctic-sauna-experience-ilulissat-disko-bay-Guide-to-Greenland5.jpeg","type":"image\/jpeg"}],"twitter_card":"summary_large_image","twitter_misc":{"Estimeret l\u00e6setid":"1 minut"},"schema":{"@context":"https:\/\/schema.org","@graph":[{"@type":"WebPage","@id":"https:\/\/guidetogreenland.com\/da\/reserver-ferie-rejser\/den-arktiske-saunaoplevelse-ilulissat-diskobugten\/","url":"https:\/\/guidetogreenland.com\/da\/reserver-ferie-rejser\/den-arktiske-saunaoplevelse-ilulissat-diskobugten\/","name":"Den arktiske saunaoplevelse | Ilulissat | Diskobugten | Guide to Greenland","isPartOf":{"@id":"https:\/\/guidetogreenland.com\/da\/#website"},"primaryImageOfPage":{"@id":"https:\/\/guidetogreenland.com\/da\/reserver-ferie-rejser\/den-arktiske-saunaoplevelse-ilulissat-diskobugten\/#primaryimage"},"image":{"@id":"https:\/\/guidetogreenland.com\/da\/reserver-ferie-rejser\/den-arktiske-saunaoplevelse-ilulissat-diskobugten\/#primaryimage"},"thumbnailUrl":"https:\/\/guidetogreenland.com\/wp-content\/uploads\/2020\/05\/the-arctic-sauna-experience-ilulissat-disko-bay-Guide-to-Greenland5.jpeg","datePublished":"2020-05-28T15:56:24+00:00","dateModified":"2025-08-13T09:55:44+00:00","description":"Bes\u00f8g vores arktiske sauna i Ilulissat! Du vil sidde i varme temperaturer, mens du har udsigt over Diskobugten.","breadcrumb":{"@id":"https:\/\/guidetogreenland.com\/da\/reserver-ferie-rejser\/den-arktiske-saunaoplevelse-ilulissat-diskobugten\/#breadcrumb"},"inLanguage":"da-DK","potentialAction":[{"@type":"ReadAction","target":["https:\/\/guidetogreenland.com\/da\/reserver-ferie-rejser\/den-arktiske-saunaoplevelse-ilulissat-diskobugten\/"]}]},{"@type":"ImageObject","inLanguage":"da-DK","@id":"https:\/\/guidetogreenland.com\/da\/reserver-ferie-rejser\/den-arktiske-saunaoplevelse-ilulissat-diskobugten\/#primaryimage","url":"https:\/\/guidetogreenland.com\/wp-content\/uploads\/2020\/05\/the-arctic-sauna-experience-ilulissat-disko-bay-Guide-to-Greenland5.jpeg","contentUrl":"https:\/\/guidetogreenland.com\/wp-content\/uploads\/2020\/05\/the-arctic-sauna-experience-ilulissat-disko-bay-Guide-to-Greenland5.jpeg","width":2092,"height":1380},{"@type":"BreadcrumbList","@id":"https:\/\/guidetogreenland.com\/da\/reserver-ferie-rejser\/den-arktiske-saunaoplevelse-ilulissat-diskobugten\/#breadcrumb","itemListElement":[{"@type":"ListItem","position":1,"name":"Home","item":"https:\/\/guidetogreenland.com\/da\/"},{"@type":"ListItem","position":2,"name":"Se alle ture","item":"https:\/\/guidetogreenland.com\/da\/reserver-ferie-rejser\/"},{"@type":"ListItem","position":3,"name":"Den arktiske saunaoplevelse | Ilulissat | Diskobugten"}]},{"@type":"WebSite","@id":"https:\/\/guidetogreenland.com\/da\/#website","url":"https:\/\/guidetogreenland.com\/da\/","name":"Guide to Greenland","description":"Largest selection of tours in Greenland","potentialAction":[{"@type":"SearchAction","target":{"@type":"EntryPoint","urlTemplate":"https:\/\/guidetogreenland.com\/da\/?s={search_term_string}"},"query-input":{"@type":"PropertyValueSpecification","valueRequired":true,"valueName":"search_term_string"}}],"inLanguage":"da-DK"}]}},"_links":{"self":[{"href":"https:\/\/guidetogreenland.com\/da\/wp-json\/wp\/v2\/product\/16224","targetHints":{"allow":["GET"]}}],"collection":[{"href":"https:\/\/guidetogreenland.com\/da\/wp-json\/wp\/v2\/product"}],"about":[{"href":"https:\/\/guidetogreenland.com\/da\/wp-json\/wp\/v2\/types\/product"}],"replies":[{"embeddable":true,"href":"https:\/\/guidetogreenland.com\/da\/wp-json\/wp\/v2\/comments?post=16224"}],"wp:featuredmedia":[{"embeddable":true,"href":"https:\/\/guidetogreenland.com\/da\/wp-json\/wp\/v2\/media\/16226"}],"wp:attachment":[{"href":"https:\/\/guidetogreenland.com\/da\/wp-json\/wp\/v2\/media?parent=16224"}],"wp:term":[{"taxonomy":"product_brand","embeddable":true,"href":"https:\/\/guidetogreenland.com\/da\/wp-json\/wp\/v2\/product_brand?post=16224"},{"taxonomy":"product_cat","embeddable":true,"href":"https:\/\/guidetogreenland.com\/da\/wp-json\/wp\/v2\/product_cat?post=16224"},{"taxonomy":"product_tag","embeddable":true,"href":"https:\/\/guidetogreenland.com\/da\/wp-json\/wp\/v2\/product_tag?post=16224"}],"curies":[{"name":"wp","href":"https:\/\/api.w.org\/{rel}","templated":true}]}}