{"id":16241,"date":"2020-05-28T15:09:38","date_gmt":"2020-05-28T15:09:38","guid":{"rendered":"https:\/\/guidetogreenland.com\/book-trips-holiday\/snowmobile-ride-ilulissat-disko-bay\/"},"modified":"2025-11-10T03:22:44","modified_gmt":"2025-11-10T06:22:44","slug":"snowmobile-ride-ilulissat-disko-bay","status":"publish","type":"product","link":"https:\/\/guidetogreenland.com\/da\/reserver-ferie-rejser\/snescootertur-ilulissat-diskobugten\/","title":{"rendered":"Snescootertur | Ilulissat | Diskobugten"},"content":{"rendered":"<p>Snescooteren er blevet en meget hyppig form for transport i de arktiske lande, fordi den tilpasser sig en lang r\u00e6kke terr\u00e6n og giver hurtig adgang til de fjerneste steder.<\/p>\n<p>Ilulissats bagland byder p\u00e5 fantastiske landskaber, der skal opdages. Vores lokale guider og moderne snescootere er en fantastisk m\u00e5de at udforske sned\u00e6kkede dale og bjerge, frosne s\u00f8er, fjorde og havisen p\u00e5.<\/p>\n<p>Vores guide v\u00e6lger ruten afh\u00e6ngigt af sne, is og vejrforhold.<\/p>\n<p>\u00c9t valg er at bes\u00f8ge den autentiske bygd Oqaatsut 20 km nord for Ilulissat, hvor 37 inuitter bor hele \u00e5ret rundt.<\/p>\n<p>\u00c9t andet valg er en rute, der har en uovertruffen natur. Vi stiger op ad bjergene, ser hundesl\u00e6der, der g\u00f8r deres rute klar til isfiskeri i isfjorden og vi n\u00e5r en r\u00e6kke ugsigtspunkter fra Ilulissat, Diskobugten og Iskappen. P\u00e5 begge ruter stopper vi, for at f\u00e5 nogle varme drikke og kiks.<\/p>\n<p>Ingen tidligere erfaring er p\u00e5kr\u00e6vet. Vi leverer alt udstyr, og vores erfarne guide vil l\u00e6re dig at k\u00f8re snescooteren.<\/p>\n<p>Bem\u00e6rk, at rejseplanen for denne tur kan \u00e6ndres p\u00e5 grund af uforudsigeligt vejr og sneforhold om vinteren. Selvom det er vores m\u00e5l at levere den bedst mulige oplevelse, er vores kunders sikkerhed altid vores f\u00f8rste prioritet.<\/p>\n<p>Klar til at opleve Arktisk mest sp\u00e6ndende vintertransport?<\/p>\n<p>V\u00e6lg din foretrukne dato, og klik p\u00e5 <strong>\u201dBook nu\u201d<\/strong> for at reservere din plads.<\/p>\n","protected":false},"excerpt":{"rendered":"Snescooteren er blevet en meget hyppig form for transport i de arktiske lande, fordi den tilpasser sig en lang r\u00e6kke terr\u00e6n og giver hurtig adgang til de fjerneste steder. Ilulissats bagland byder p\u00e5 fantastiske landskaber, der skal opdages. Vores lokale guider og moderne snescootere er en fantastisk m\u00e5de at udforske sned\u00e6kkede dale og bjerge, frosne&#8230;","protected":false},"featured_media":16242,"comment_status":"open","ping_status":"closed","template":"","meta":[],"product_brand":[],"product_cat":[610,606,629,593,627,643,644],"product_tag":[919],"class_list":{"0":"post-16241","1":"product","2":"type-product","3":"status-publish","4":"has-post-thumbnail","6":"product_cat-atv-og-snescooterture","7":"product_cat-dagsture-om-vinteren","8":"product_cat-disko-bugten","9":"product_cat-oplevelser-i-groenland","10":"product_cat-ture-i-bestemte-omraader","11":"product_cat-ture-i-hver-by","12":"product_cat-ture-i-ilulissat","13":"product_tag-ilulissat-da","14":"pa_activities-snescooter","15":"pa_activities-unesco-omraade","16":"pa_attractions-disko-bay-da","17":"pa_available-month-januar","18":"pa_available-month-februar","19":"pa_available-month-marts","20":"pa_available-month-april","21":"pa_destinations-ilulissat","22":"pa_difficulty-moderat","23":"pa_duration-3-timer","24":"pa_tour-type-dagsture","25":"yith_shop_vendor-albatros-ilulissat-da","27":"first","28":"instock","29":"virtual","30":"sold-individually","31":"purchasable","32":"product-type-booking"},"acf":[],"yoast_head":"<!-- This site is optimized with the Yoast SEO plugin v25.6 - https:\/\/yoast.com\/wordpress\/plugins\/seo\/ -->\n<title>Snescootertur | Ilulissat | Diskobugten | Guide to Greenland<\/title>\n<meta name=\"robots\" content=\"index, follow, max-snippet:-1, max-image-preview:large, max-video-preview:-1\" \/>\n<link rel=\"canonical\" href=\"https:\/\/guidetogreenland.com\/da\/reserver-ferie-rejser\/snescootertur-ilulissat-diskobugten\/\" \/>\n<meta property=\"og:locale\" content=\"da_DK\" \/>\n<meta property=\"og:type\" content=\"article\" \/>\n<meta property=\"og:title\" content=\"Snescootertur | Ilulissat | Diskobugten | Guide to Greenland\" \/>\n<meta property=\"og:description\" content=\"Snescooteren er blevet en meget hyppig form for transport i de arktiske lande, fordi den tilpasser sig en lang r\u00e6kke terr\u00e6n og giver hurtig adgang til de fjerneste steder. Ilulissats bagland byder p\u00e5 fantastiske landskaber, der skal opdages. Vores lokale guider og moderne snescootere er en fantastisk m\u00e5de at udforske sned\u00e6kkede dale og bjerge, frosne...\" \/>\n<meta property=\"og:url\" content=\"https:\/\/guidetogreenland.com\/da\/reserver-ferie-rejser\/snescootertur-ilulissat-diskobugten\/\" \/>\n<meta property=\"og:site_name\" content=\"Guide to Greenland\" \/>\n<meta property=\"article:modified_time\" content=\"2025-11-10T06:22:44+00:00\" \/>\n<meta property=\"og:image\" content=\"https:\/\/guidetogreenland.com\/wp-content\/uploads\/2020\/05\/snowmobile_ride_-ilulissat_disko_bay_Guide-to-Greenland1.jpg\" \/>\n\t<meta property=\"og:image:width\" content=\"1725\" \/>\n\t<meta property=\"og:image:height\" content=\"1380\" \/>\n\t<meta property=\"og:image:type\" content=\"image\/jpeg\" \/>\n<meta name=\"twitter:card\" content=\"summary_large_image\" \/>\n<meta name=\"twitter:label1\" content=\"Estimeret l\u00e6setid\" \/>\n\t<meta name=\"twitter:data1\" content=\"1 minut\" \/>\n<script type=\"application\/ld+json\" class=\"yoast-schema-graph\">{\"@context\":\"https:\/\/schema.org\",\"@graph\":[{\"@type\":\"WebPage\",\"@id\":\"https:\/\/guidetogreenland.com\/da\/reserver-ferie-rejser\/snescootertur-ilulissat-diskobugten\/\",\"url\":\"https:\/\/guidetogreenland.com\/da\/reserver-ferie-rejser\/snescootertur-ilulissat-diskobugten\/\",\"name\":\"Snescootertur | Ilulissat | Diskobugten | Guide to Greenland\",\"isPartOf\":{\"@id\":\"https:\/\/guidetogreenland.com\/da\/#website\"},\"primaryImageOfPage\":{\"@id\":\"https:\/\/guidetogreenland.com\/da\/reserver-ferie-rejser\/snescootertur-ilulissat-diskobugten\/#primaryimage\"},\"image\":{\"@id\":\"https:\/\/guidetogreenland.com\/da\/reserver-ferie-rejser\/snescootertur-ilulissat-diskobugten\/#primaryimage\"},\"thumbnailUrl\":\"https:\/\/guidetogreenland.com\/wp-content\/uploads\/2020\/05\/snowmobile_ride_-ilulissat_disko_bay_Guide-to-Greenland1.jpg\",\"datePublished\":\"2020-05-28T15:09:38+00:00\",\"dateModified\":\"2025-11-10T06:22:44+00:00\",\"breadcrumb\":{\"@id\":\"https:\/\/guidetogreenland.com\/da\/reserver-ferie-rejser\/snescootertur-ilulissat-diskobugten\/#breadcrumb\"},\"inLanguage\":\"da-DK\",\"potentialAction\":[{\"@type\":\"ReadAction\",\"target\":[\"https:\/\/guidetogreenland.com\/da\/reserver-ferie-rejser\/snescootertur-ilulissat-diskobugten\/\"]}]},{\"@type\":\"ImageObject\",\"inLanguage\":\"da-DK\",\"@id\":\"https:\/\/guidetogreenland.com\/da\/reserver-ferie-rejser\/snescootertur-ilulissat-diskobugten\/#primaryimage\",\"url\":\"https:\/\/guidetogreenland.com\/wp-content\/uploads\/2020\/05\/snowmobile_ride_-ilulissat_disko_bay_Guide-to-Greenland1.jpg\",\"contentUrl\":\"https:\/\/guidetogreenland.com\/wp-content\/uploads\/2020\/05\/snowmobile_ride_-ilulissat_disko_bay_Guide-to-Greenland1.jpg\",\"width\":1725,\"height\":1380},{\"@type\":\"BreadcrumbList\",\"@id\":\"https:\/\/guidetogreenland.com\/da\/reserver-ferie-rejser\/snescootertur-ilulissat-diskobugten\/#breadcrumb\",\"itemListElement\":[{\"@type\":\"ListItem\",\"position\":1,\"name\":\"Home\",\"item\":\"https:\/\/guidetogreenland.com\/da\/\"},{\"@type\":\"ListItem\",\"position\":2,\"name\":\"Se alle ture\",\"item\":\"https:\/\/guidetogreenland.com\/da\/reserver-ferie-rejser\/\"},{\"@type\":\"ListItem\",\"position\":3,\"name\":\"Snescootertur | Ilulissat | Diskobugten\"}]},{\"@type\":\"WebSite\",\"@id\":\"https:\/\/guidetogreenland.com\/da\/#website\",\"url\":\"https:\/\/guidetogreenland.com\/da\/\",\"name\":\"Guide to Greenland\",\"description\":\"Largest selection of tours in Greenland\",\"potentialAction\":[{\"@type\":\"SearchAction\",\"target\":{\"@type\":\"EntryPoint\",\"urlTemplate\":\"https:\/\/guidetogreenland.com\/da\/?s={search_term_string}\"},\"query-input\":{\"@type\":\"PropertyValueSpecification\",\"valueRequired\":true,\"valueName\":\"search_term_string\"}}],\"inLanguage\":\"da-DK\"}]}<\/script>\n<!-- \/ Yoast SEO plugin. -->","yoast_head_json":{"title":"Snescootertur | Ilulissat | Diskobugten | Guide to Greenland","robots":{"index":"index","follow":"follow","max-snippet":"max-snippet:-1","max-image-preview":"max-image-preview:large","max-video-preview":"max-video-preview:-1"},"canonical":"https:\/\/guidetogreenland.com\/da\/reserver-ferie-rejser\/snescootertur-ilulissat-diskobugten\/","og_locale":"da_DK","og_type":"article","og_title":"Snescootertur | Ilulissat | Diskobugten | Guide to Greenland","og_description":"Snescooteren er blevet en meget hyppig form for transport i de arktiske lande, fordi den tilpasser sig en lang r\u00e6kke terr\u00e6n og giver hurtig adgang til de fjerneste steder. Ilulissats bagland byder p\u00e5 fantastiske landskaber, der skal opdages. Vores lokale guider og moderne snescootere er en fantastisk m\u00e5de at udforske sned\u00e6kkede dale og bjerge, frosne...","og_url":"https:\/\/guidetogreenland.com\/da\/reserver-ferie-rejser\/snescootertur-ilulissat-diskobugten\/","og_site_name":"Guide to Greenland","article_modified_time":"2025-11-10T06:22:44+00:00","og_image":[{"width":1725,"height":1380,"url":"https:\/\/guidetogreenland.com\/wp-content\/uploads\/2020\/05\/snowmobile_ride_-ilulissat_disko_bay_Guide-to-Greenland1.jpg","type":"image\/jpeg"}],"twitter_card":"summary_large_image","twitter_misc":{"Estimeret l\u00e6setid":"1 minut"},"schema":{"@context":"https:\/\/schema.org","@graph":[{"@type":"WebPage","@id":"https:\/\/guidetogreenland.com\/da\/reserver-ferie-rejser\/snescootertur-ilulissat-diskobugten\/","url":"https:\/\/guidetogreenland.com\/da\/reserver-ferie-rejser\/snescootertur-ilulissat-diskobugten\/","name":"Snescootertur | Ilulissat | Diskobugten | Guide to Greenland","isPartOf":{"@id":"https:\/\/guidetogreenland.com\/da\/#website"},"primaryImageOfPage":{"@id":"https:\/\/guidetogreenland.com\/da\/reserver-ferie-rejser\/snescootertur-ilulissat-diskobugten\/#primaryimage"},"image":{"@id":"https:\/\/guidetogreenland.com\/da\/reserver-ferie-rejser\/snescootertur-ilulissat-diskobugten\/#primaryimage"},"thumbnailUrl":"https:\/\/guidetogreenland.com\/wp-content\/uploads\/2020\/05\/snowmobile_ride_-ilulissat_disko_bay_Guide-to-Greenland1.jpg","datePublished":"2020-05-28T15:09:38+00:00","dateModified":"2025-11-10T06:22:44+00:00","breadcrumb":{"@id":"https:\/\/guidetogreenland.com\/da\/reserver-ferie-rejser\/snescootertur-ilulissat-diskobugten\/#breadcrumb"},"inLanguage":"da-DK","potentialAction":[{"@type":"ReadAction","target":["https:\/\/guidetogreenland.com\/da\/reserver-ferie-rejser\/snescootertur-ilulissat-diskobugten\/"]}]},{"@type":"ImageObject","inLanguage":"da-DK","@id":"https:\/\/guidetogreenland.com\/da\/reserver-ferie-rejser\/snescootertur-ilulissat-diskobugten\/#primaryimage","url":"https:\/\/guidetogreenland.com\/wp-content\/uploads\/2020\/05\/snowmobile_ride_-ilulissat_disko_bay_Guide-to-Greenland1.jpg","contentUrl":"https:\/\/guidetogreenland.com\/wp-content\/uploads\/2020\/05\/snowmobile_ride_-ilulissat_disko_bay_Guide-to-Greenland1.jpg","width":1725,"height":1380},{"@type":"BreadcrumbList","@id":"https:\/\/guidetogreenland.com\/da\/reserver-ferie-rejser\/snescootertur-ilulissat-diskobugten\/#breadcrumb","itemListElement":[{"@type":"ListItem","position":1,"name":"Home","item":"https:\/\/guidetogreenland.com\/da\/"},{"@type":"ListItem","position":2,"name":"Se alle ture","item":"https:\/\/guidetogreenland.com\/da\/reserver-ferie-rejser\/"},{"@type":"ListItem","position":3,"name":"Snescootertur | Ilulissat | Diskobugten"}]},{"@type":"WebSite","@id":"https:\/\/guidetogreenland.com\/da\/#website","url":"https:\/\/guidetogreenland.com\/da\/","name":"Guide to Greenland","description":"Largest selection of tours in Greenland","potentialAction":[{"@type":"SearchAction","target":{"@type":"EntryPoint","urlTemplate":"https:\/\/guidetogreenland.com\/da\/?s={search_term_string}"},"query-input":{"@type":"PropertyValueSpecification","valueRequired":true,"valueName":"search_term_string"}}],"inLanguage":"da-DK"}]}},"_links":{"self":[{"href":"https:\/\/guidetogreenland.com\/da\/wp-json\/wp\/v2\/product\/16241","targetHints":{"allow":["GET"]}}],"collection":[{"href":"https:\/\/guidetogreenland.com\/da\/wp-json\/wp\/v2\/product"}],"about":[{"href":"https:\/\/guidetogreenland.com\/da\/wp-json\/wp\/v2\/types\/product"}],"replies":[{"embeddable":true,"href":"https:\/\/guidetogreenland.com\/da\/wp-json\/wp\/v2\/comments?post=16241"}],"wp:featuredmedia":[{"embeddable":true,"href":"https:\/\/guidetogreenland.com\/da\/wp-json\/wp\/v2\/media\/16242"}],"wp:attachment":[{"href":"https:\/\/guidetogreenland.com\/da\/wp-json\/wp\/v2\/media?parent=16241"}],"wp:term":[{"taxonomy":"product_brand","embeddable":true,"href":"https:\/\/guidetogreenland.com\/da\/wp-json\/wp\/v2\/product_brand?post=16241"},{"taxonomy":"product_cat","embeddable":true,"href":"https:\/\/guidetogreenland.com\/da\/wp-json\/wp\/v2\/product_cat?post=16241"},{"taxonomy":"product_tag","embeddable":true,"href":"https:\/\/guidetogreenland.com\/da\/wp-json\/wp\/v2\/product_tag?post=16241"}],"curies":[{"name":"wp","href":"https:\/\/api.w.org\/{rel}","templated":true}]}}