{"id":16335,"date":"2020-05-28T15:21:21","date_gmt":"2020-05-28T15:21:21","guid":{"rendered":"https:\/\/guidetogreenland.com\/book-trips-holiday\/captains-favorite-strait-cruise-sullorsuaq-private-tour-ilulissat-disko-bay\/"},"modified":"2024-10-06T03:41:34","modified_gmt":"2024-10-06T06:41:34","slug":"captains-favorite-strait-cruise-sullorsuaq-private-tour-ilulissat-disko-bay","status":"publish","type":"product","link":"https:\/\/guidetogreenland.com\/da\/reserver-ferie-rejser\/sullorsuaq-cruise-kaptajnens-favorit-ilulissat-diskobugten\/","title":{"rendered":"Sullorsuaq Cruise | Kaptajnens Favorit | Ilulissat | Diskobugten"},"content":{"rendered":"<p class=\"x-18pep25\">Denne tur er for dig, der er ude efter at tage det perfekte billede &#8211; s\u00e5 forsikre dig, at der er nok plads p\u00e5 kameraet f\u00f8r turen!<\/p>\n<p class=\"e1imf5dp0 x-jm2771\">Turen starter ud fra Ilulissat om morgenen, hvor kursen bliver sat over Diskobugten, mod Disko\u00f8en. Vi sejler bort fra byen ud i den store bugt fuld af isbjerge, der stille flyder forbi som store skulpturer i bl\u00e5 og hvide nuancer. Husk at holde \u00f8jnene p\u00e5 havoverfladen under sejlturen, da der ogs\u00e5 er gode muligheder for at se havets dyreliv. Det kan v\u00e6re de nysgerrige s\u00e6ler, der stikker hovedet op eller hvaler, der leger gemmeleg imellem b\u00f8lgerne. N\u00e5r vi n\u00e6rmer os Disk<span class=\"x-12abj6v e1uuu2lt3\">o\u00f8en vil du se hvordan de h\u00f8je bjerge t\u00e5rner op med toppe helt op i 1600 meters h\u00f8jde.<\/span><\/p>\n<p class=\"e1imf5dp0 x-jm2771\"><span class=\"x-12abj6v e1uuu2lt3\">P\u00e5 turen passerer vi ogs\u00e5 et sp\u00e6ndende naturf\u00e6nomen &#8211; en stengletsjer. I denne gletsjer er sten og is blandet sammen, og det specielle ved denne gletsjer p\u00e5 Disko\u00f8en er, at den ender ude i havet. Dette kan ikke findes andre steder i verden. Efter at have sejlet et godt stykke igennem Sullorsuaq str\u00e6det, vil vi ankomme til Qullissat. Hvis vejrforholdene tillader vil vi s\u00e6tte anker og sejle i land med gummib\u00e5den. Qullissat var engang en kulmine by, men i 1973 blev byen lukket og alle 1500 indbyggere flyttet. I dag ligger byen \u00f8de hen, husene fra indbyggerne st\u00e5r der stadig og man kan bare forestille sig det liv der har v\u00e6ret. Vi bruger omkring en time i land her. Fra Qullissat s\u00e6tter vi kurs mod bygden Saqqaq. Saqqaq ligger omgivet af smukke bjerge p\u00e5 den ene side og en billed-sk\u00f8n udsigt over bugten og Disko\u00f8en p\u00e5 den anden side. Vi vil ogs\u00e5 g\u00e5 i land og bruge en times tid til at udforske Saqqaq, f\u00f8r turen g\u00e5r tilbage til Ilulissat. P\u00e5 vej tilbage til byen, vil vi sejle forbi den smukke Arveprinsens Ejland kyststr\u00e6kning.<\/span><\/p>\n<p class=\"e1imf5dp0 x-jm2771\"><span class=\"x-12abj6v e1uuu2lt3\">Frokost og middag kan blive arrangeret p\u00e5 turen, v\u00e6lg dette n\u00e5r du bestiller turen.<\/span><\/p>\n<p class=\"e1imf5dp0 x-jm2771\"><span class=\"x-12abj6v e1uuu2lt3\">Se tilg\u00e6ngeligheden ved at trykke p\u00e5 &#8216;V\u00e6lg en dag&#8217; og book din tur i dag.<\/span><\/p>\n","protected":false},"excerpt":{"rendered":"Denne tur er for dig, der er ude efter at tage det perfekte billede &#8211; s\u00e5 forsikre dig, at der er nok plads p\u00e5 kameraet f\u00f8r turen! Turen starter ud fra Ilulissat om morgenen, hvor kursen bliver sat over Diskobugten, mod Disko\u00f8en. Vi sejler bort fra byen ud i den store bugt fuld af isbjerge,&#8230;","protected":false},"featured_media":16337,"comment_status":"open","ping_status":"closed","template":"","meta":[],"product_brand":[],"product_cat":[594,621,605,629,622,624,612,593,627,643,644],"product_tag":[919],"class_list":{"0":"post-16335","1":"product","2":"type-product","3":"status-publish","4":"has-post-thumbnail","6":"product_cat-baadture","7":"product_cat-charterture","8":"product_cat-dagsture-om-sommeren","9":"product_cat-disko-bugten","10":"product_cat-groenlandsk-kultur","11":"product_cat-historiske-ture","12":"product_cat-natur-og-dyreliv-i-groenland","13":"product_cat-oplevelser-i-groenland","14":"product_cat-ture-i-bestemte-omraader","15":"product_cat-ture-i-hver-by","16":"product_cat-ture-i-ilulissat","17":"product_tag-ilulissat-da","18":"pa_activities-baadtur","19":"pa_activities-charterrede-ture","20":"pa_activities-bygdebesoeg","21":"pa_attractions-disko-bay-da","22":"pa_available-month-juni","23":"pa_available-month-juli","24":"pa_available-month-august","25":"pa_destinations-ilulissat","26":"pa_difficulty-let","27":"pa_duration-8-timer","28":"pa_tour-type-dagsture","29":"yith_shop_vendor-ilulissat-water-tours-da","30":"yith_booking_service-additional-hours","32":"first","33":"instock","34":"virtual","35":"sold-individually","36":"purchasable","37":"product-type-booking"},"acf":[],"yoast_head":"<!-- This site is optimized with the Yoast SEO plugin v25.6 - https:\/\/yoast.com\/wordpress\/plugins\/seo\/ -->\n<title>Sullorsuaq Cruise | Kaptajnens Favorit | Ilulissat | Diskobugten | Guide to Greenland<\/title>\n<meta name=\"description\" content=\"Sejle blandt isbjerge og gletsjere i Ilulissat, bes\u00f8g en forladt minelandsby og se hvaler og andet arktisk dyreliv p\u00e5 denne b\u00e5dtur.\" \/>\n<meta name=\"robots\" content=\"index, follow, max-snippet:-1, max-image-preview:large, max-video-preview:-1\" \/>\n<link rel=\"canonical\" href=\"https:\/\/guidetogreenland.com\/da\/reserver-ferie-rejser\/sullorsuaq-cruise-kaptajnens-favorit-ilulissat-diskobugten\/\" \/>\n<meta property=\"og:locale\" content=\"da_DK\" \/>\n<meta property=\"og:type\" content=\"article\" \/>\n<meta property=\"og:title\" content=\"Sullorsuaq Cruise | Kaptajnens Favorit | Ilulissat | Diskobugten | Guide to Greenland\" \/>\n<meta property=\"og:description\" content=\"Sejle blandt isbjerge og gletsjere i Ilulissat, bes\u00f8g en forladt minelandsby og se hvaler og andet arktisk dyreliv p\u00e5 denne b\u00e5dtur.\" \/>\n<meta property=\"og:url\" content=\"https:\/\/guidetogreenland.com\/da\/reserver-ferie-rejser\/sullorsuaq-cruise-kaptajnens-favorit-ilulissat-diskobugten\/\" \/>\n<meta property=\"og:site_name\" content=\"Guide to Greenland\" \/>\n<meta property=\"article:modified_time\" content=\"2024-10-06T06:41:34+00:00\" \/>\n<meta property=\"og:image\" content=\"https:\/\/guidetogreenland.com\/wp-content\/uploads\/2020\/05\/captains-favorite-strait-cruise-sullorsuaq-private-tour-ilulissat-disko-bay-Guide-to-Greenland6-scaled.jpeg\" \/>\n\t<meta property=\"og:image:width\" content=\"2560\" \/>\n\t<meta property=\"og:image:height\" content=\"1034\" \/>\n\t<meta property=\"og:image:type\" content=\"image\/jpeg\" \/>\n<meta name=\"twitter:card\" content=\"summary_large_image\" \/>\n<meta name=\"twitter:label1\" content=\"Estimeret l\u00e6setid\" \/>\n\t<meta name=\"twitter:data1\" content=\"2 minutter\" \/>\n<script type=\"application\/ld+json\" class=\"yoast-schema-graph\">{\"@context\":\"https:\/\/schema.org\",\"@graph\":[{\"@type\":\"WebPage\",\"@id\":\"https:\/\/guidetogreenland.com\/da\/reserver-ferie-rejser\/sullorsuaq-cruise-kaptajnens-favorit-ilulissat-diskobugten\/\",\"url\":\"https:\/\/guidetogreenland.com\/da\/reserver-ferie-rejser\/sullorsuaq-cruise-kaptajnens-favorit-ilulissat-diskobugten\/\",\"name\":\"Sullorsuaq Cruise | Kaptajnens Favorit | Ilulissat | Diskobugten | Guide to Greenland\",\"isPartOf\":{\"@id\":\"https:\/\/guidetogreenland.com\/da\/#website\"},\"primaryImageOfPage\":{\"@id\":\"https:\/\/guidetogreenland.com\/da\/reserver-ferie-rejser\/sullorsuaq-cruise-kaptajnens-favorit-ilulissat-diskobugten\/#primaryimage\"},\"image\":{\"@id\":\"https:\/\/guidetogreenland.com\/da\/reserver-ferie-rejser\/sullorsuaq-cruise-kaptajnens-favorit-ilulissat-diskobugten\/#primaryimage\"},\"thumbnailUrl\":\"https:\/\/guidetogreenland.com\/wp-content\/uploads\/2020\/05\/captains-favorite-strait-cruise-sullorsuaq-private-tour-ilulissat-disko-bay-Guide-to-Greenland6-scaled.jpeg\",\"datePublished\":\"2020-05-28T15:21:21+00:00\",\"dateModified\":\"2024-10-06T06:41:34+00:00\",\"description\":\"Sejle blandt isbjerge og gletsjere i Ilulissat, bes\u00f8g en forladt minelandsby og se hvaler og andet arktisk dyreliv p\u00e5 denne b\u00e5dtur.\",\"breadcrumb\":{\"@id\":\"https:\/\/guidetogreenland.com\/da\/reserver-ferie-rejser\/sullorsuaq-cruise-kaptajnens-favorit-ilulissat-diskobugten\/#breadcrumb\"},\"inLanguage\":\"da-DK\",\"potentialAction\":[{\"@type\":\"ReadAction\",\"target\":[\"https:\/\/guidetogreenland.com\/da\/reserver-ferie-rejser\/sullorsuaq-cruise-kaptajnens-favorit-ilulissat-diskobugten\/\"]}]},{\"@type\":\"ImageObject\",\"inLanguage\":\"da-DK\",\"@id\":\"https:\/\/guidetogreenland.com\/da\/reserver-ferie-rejser\/sullorsuaq-cruise-kaptajnens-favorit-ilulissat-diskobugten\/#primaryimage\",\"url\":\"https:\/\/guidetogreenland.com\/wp-content\/uploads\/2020\/05\/captains-favorite-strait-cruise-sullorsuaq-private-tour-ilulissat-disko-bay-Guide-to-Greenland6-scaled.jpeg\",\"contentUrl\":\"https:\/\/guidetogreenland.com\/wp-content\/uploads\/2020\/05\/captains-favorite-strait-cruise-sullorsuaq-private-tour-ilulissat-disko-bay-Guide-to-Greenland6-scaled.jpeg\",\"width\":2560,\"height\":1034},{\"@type\":\"BreadcrumbList\",\"@id\":\"https:\/\/guidetogreenland.com\/da\/reserver-ferie-rejser\/sullorsuaq-cruise-kaptajnens-favorit-ilulissat-diskobugten\/#breadcrumb\",\"itemListElement\":[{\"@type\":\"ListItem\",\"position\":1,\"name\":\"Home\",\"item\":\"https:\/\/guidetogreenland.com\/da\/\"},{\"@type\":\"ListItem\",\"position\":2,\"name\":\"Se alle ture\",\"item\":\"https:\/\/guidetogreenland.com\/da\/reserver-ferie-rejser\/\"},{\"@type\":\"ListItem\",\"position\":3,\"name\":\"Sullorsuaq Cruise | Kaptajnens Favorit | Ilulissat | Diskobugten\"}]},{\"@type\":\"WebSite\",\"@id\":\"https:\/\/guidetogreenland.com\/da\/#website\",\"url\":\"https:\/\/guidetogreenland.com\/da\/\",\"name\":\"Guide to Greenland\",\"description\":\"Largest selection of tours in Greenland\",\"potentialAction\":[{\"@type\":\"SearchAction\",\"target\":{\"@type\":\"EntryPoint\",\"urlTemplate\":\"https:\/\/guidetogreenland.com\/da\/?s={search_term_string}\"},\"query-input\":{\"@type\":\"PropertyValueSpecification\",\"valueRequired\":true,\"valueName\":\"search_term_string\"}}],\"inLanguage\":\"da-DK\"}]}<\/script>\n<!-- \/ Yoast SEO plugin. -->","yoast_head_json":{"title":"Sullorsuaq Cruise | Kaptajnens Favorit | Ilulissat | Diskobugten | Guide to Greenland","description":"Sejle blandt isbjerge og gletsjere i Ilulissat, bes\u00f8g en forladt minelandsby og se hvaler og andet arktisk dyreliv p\u00e5 denne b\u00e5dtur.","robots":{"index":"index","follow":"follow","max-snippet":"max-snippet:-1","max-image-preview":"max-image-preview:large","max-video-preview":"max-video-preview:-1"},"canonical":"https:\/\/guidetogreenland.com\/da\/reserver-ferie-rejser\/sullorsuaq-cruise-kaptajnens-favorit-ilulissat-diskobugten\/","og_locale":"da_DK","og_type":"article","og_title":"Sullorsuaq Cruise | Kaptajnens Favorit | Ilulissat | Diskobugten | Guide to Greenland","og_description":"Sejle blandt isbjerge og gletsjere i Ilulissat, bes\u00f8g en forladt minelandsby og se hvaler og andet arktisk dyreliv p\u00e5 denne b\u00e5dtur.","og_url":"https:\/\/guidetogreenland.com\/da\/reserver-ferie-rejser\/sullorsuaq-cruise-kaptajnens-favorit-ilulissat-diskobugten\/","og_site_name":"Guide to Greenland","article_modified_time":"2024-10-06T06:41:34+00:00","og_image":[{"width":2560,"height":1034,"url":"https:\/\/guidetogreenland.com\/wp-content\/uploads\/2020\/05\/captains-favorite-strait-cruise-sullorsuaq-private-tour-ilulissat-disko-bay-Guide-to-Greenland6-scaled.jpeg","type":"image\/jpeg"}],"twitter_card":"summary_large_image","twitter_misc":{"Estimeret l\u00e6setid":"2 minutter"},"schema":{"@context":"https:\/\/schema.org","@graph":[{"@type":"WebPage","@id":"https:\/\/guidetogreenland.com\/da\/reserver-ferie-rejser\/sullorsuaq-cruise-kaptajnens-favorit-ilulissat-diskobugten\/","url":"https:\/\/guidetogreenland.com\/da\/reserver-ferie-rejser\/sullorsuaq-cruise-kaptajnens-favorit-ilulissat-diskobugten\/","name":"Sullorsuaq Cruise | Kaptajnens Favorit | Ilulissat | Diskobugten | Guide to Greenland","isPartOf":{"@id":"https:\/\/guidetogreenland.com\/da\/#website"},"primaryImageOfPage":{"@id":"https:\/\/guidetogreenland.com\/da\/reserver-ferie-rejser\/sullorsuaq-cruise-kaptajnens-favorit-ilulissat-diskobugten\/#primaryimage"},"image":{"@id":"https:\/\/guidetogreenland.com\/da\/reserver-ferie-rejser\/sullorsuaq-cruise-kaptajnens-favorit-ilulissat-diskobugten\/#primaryimage"},"thumbnailUrl":"https:\/\/guidetogreenland.com\/wp-content\/uploads\/2020\/05\/captains-favorite-strait-cruise-sullorsuaq-private-tour-ilulissat-disko-bay-Guide-to-Greenland6-scaled.jpeg","datePublished":"2020-05-28T15:21:21+00:00","dateModified":"2024-10-06T06:41:34+00:00","description":"Sejle blandt isbjerge og gletsjere i Ilulissat, bes\u00f8g en forladt minelandsby og se hvaler og andet arktisk dyreliv p\u00e5 denne b\u00e5dtur.","breadcrumb":{"@id":"https:\/\/guidetogreenland.com\/da\/reserver-ferie-rejser\/sullorsuaq-cruise-kaptajnens-favorit-ilulissat-diskobugten\/#breadcrumb"},"inLanguage":"da-DK","potentialAction":[{"@type":"ReadAction","target":["https:\/\/guidetogreenland.com\/da\/reserver-ferie-rejser\/sullorsuaq-cruise-kaptajnens-favorit-ilulissat-diskobugten\/"]}]},{"@type":"ImageObject","inLanguage":"da-DK","@id":"https:\/\/guidetogreenland.com\/da\/reserver-ferie-rejser\/sullorsuaq-cruise-kaptajnens-favorit-ilulissat-diskobugten\/#primaryimage","url":"https:\/\/guidetogreenland.com\/wp-content\/uploads\/2020\/05\/captains-favorite-strait-cruise-sullorsuaq-private-tour-ilulissat-disko-bay-Guide-to-Greenland6-scaled.jpeg","contentUrl":"https:\/\/guidetogreenland.com\/wp-content\/uploads\/2020\/05\/captains-favorite-strait-cruise-sullorsuaq-private-tour-ilulissat-disko-bay-Guide-to-Greenland6-scaled.jpeg","width":2560,"height":1034},{"@type":"BreadcrumbList","@id":"https:\/\/guidetogreenland.com\/da\/reserver-ferie-rejser\/sullorsuaq-cruise-kaptajnens-favorit-ilulissat-diskobugten\/#breadcrumb","itemListElement":[{"@type":"ListItem","position":1,"name":"Home","item":"https:\/\/guidetogreenland.com\/da\/"},{"@type":"ListItem","position":2,"name":"Se alle ture","item":"https:\/\/guidetogreenland.com\/da\/reserver-ferie-rejser\/"},{"@type":"ListItem","position":3,"name":"Sullorsuaq Cruise | Kaptajnens Favorit | Ilulissat | Diskobugten"}]},{"@type":"WebSite","@id":"https:\/\/guidetogreenland.com\/da\/#website","url":"https:\/\/guidetogreenland.com\/da\/","name":"Guide to Greenland","description":"Largest selection of tours in Greenland","potentialAction":[{"@type":"SearchAction","target":{"@type":"EntryPoint","urlTemplate":"https:\/\/guidetogreenland.com\/da\/?s={search_term_string}"},"query-input":{"@type":"PropertyValueSpecification","valueRequired":true,"valueName":"search_term_string"}}],"inLanguage":"da-DK"}]}},"_links":{"self":[{"href":"https:\/\/guidetogreenland.com\/da\/wp-json\/wp\/v2\/product\/16335","targetHints":{"allow":["GET"]}}],"collection":[{"href":"https:\/\/guidetogreenland.com\/da\/wp-json\/wp\/v2\/product"}],"about":[{"href":"https:\/\/guidetogreenland.com\/da\/wp-json\/wp\/v2\/types\/product"}],"replies":[{"embeddable":true,"href":"https:\/\/guidetogreenland.com\/da\/wp-json\/wp\/v2\/comments?post=16335"}],"wp:featuredmedia":[{"embeddable":true,"href":"https:\/\/guidetogreenland.com\/da\/wp-json\/wp\/v2\/media\/16337"}],"wp:attachment":[{"href":"https:\/\/guidetogreenland.com\/da\/wp-json\/wp\/v2\/media?parent=16335"}],"wp:term":[{"taxonomy":"product_brand","embeddable":true,"href":"https:\/\/guidetogreenland.com\/da\/wp-json\/wp\/v2\/product_brand?post=16335"},{"taxonomy":"product_cat","embeddable":true,"href":"https:\/\/guidetogreenland.com\/da\/wp-json\/wp\/v2\/product_cat?post=16335"},{"taxonomy":"product_tag","embeddable":true,"href":"https:\/\/guidetogreenland.com\/da\/wp-json\/wp\/v2\/product_tag?post=16335"}],"curies":[{"name":"wp","href":"https:\/\/api.w.org\/{rel}","templated":true}]}}