{"id":16343,"date":"2020-06-11T13:28:50","date_gmt":"2020-06-11T13:28:50","guid":{"rendered":"https:\/\/guidetogreenland.com\/book-trips-holiday\/choose-your-own-winter-adventure-ilulissat-4-days\/"},"modified":"2021-03-09T01:14:36","modified_gmt":"2021-03-09T01:14:36","slug":"choose-your-own-winter-adventure-ilulissat-4-days","status":"publish","type":"product","link":"https:\/\/guidetogreenland.com\/da\/reserver-ferie-rejser\/ilulissat%27s-vintervidundere-diskobugten\/","title":{"rendered":"Ilulissat&#8217;s Vintervidundere | Diskobugten"},"content":{"rendered":"<p class=\"x-18pep25\">Kom med p\u00e5 dette eventyr til den smukke by Ilulissat. P\u00e5 denne tur vil du have mulighed for at g\u00f8re noget ikke mange andre kan f\u00e5 lov til at sige, at g\u00e5 p\u00e5 den fantastiske Ilulissat isfjord. Med snesko kan du f\u00e5 mulighed for at komme ud imellem de k\u00e6mpe isbjerge og man\u00f8vre dig igennem de mange stykker is, alt imens du i de trygge h\u00e6nder af din guide kan hygge og nyde dine omgivelser.<\/p>\n<p>Du vil ogs\u00e5 komme ud p\u00e5 en tur p\u00e5 den kendte hundesl\u00e6de med en dygtig lokal, der med sin gruppe af hunde vil tage dig igennem den arktiske tundra kun omgivet af hvidkl\u00e6dt natur og lyden af poterne p den knasende s<span class=\"x-12abj6v e1uuu2lt3\">ne og is. Du vil kunne l\u00e6re om omr\u00e5dets sp\u00e6ndende og lange baggrund i det lokale museum og se den smukke kirke og dens unikke dekorationer.<\/p>\n<p>Mens du g\u00e5r rundt i byens gader, vil du se masser af hunde l\u00e6nket udenfor huse. I Ilulissat lever traditionen stolt videre iblandt de lokale, der ser at holde traditionerne i behold som en vigtig del af deres hverdag. F\u00e5 en unik oplevelse i det arktiske og kom med p\u00e5 denne tur til det smukke omr\u00e5de af Ilulissat. Se tilg\u00e6ngeligheden ved at trykke p\u00e5 &#8216;V\u00e6lg en dag&#8217; og book din tur idag.<\/span><\/p>\n","protected":false},"excerpt":{"rendered":"Kom med p\u00e5 dette eventyr til den smukke by Ilulissat. P\u00e5 denne tur vil du have mulighed for at g\u00f8re noget ikke mange andre kan f\u00e5 lov til at sige, at g\u00e5 p\u00e5 den fantastiske Ilulissat isfjord. Med snesko kan du f\u00e5 mulighed for at komme ud imellem de k\u00e6mpe isbjerge og man\u00f8vre dig igennem&#8230;","protected":false},"featured_media":16345,"comment_status":"open","ping_status":"closed","template":"","meta":[],"product_brand":[],"product_cat":[629,637,607,635,644,641],"product_tag":[919],"class_list":{"0":"post-16343","1":"product","2":"type-product","3":"status-publish","4":"has-post-thumbnail","6":"product_cat-disko-bugten","7":"product_cat-fra-island-til-groenland","8":"product_cat-hundeslaedeture","9":"product_cat-pakkerejser","10":"product_cat-ture-i-ilulissat","11":"product_cat-vinterrejser","12":"product_tag-ilulissat-da","13":"pa_activities-hundeslaede","14":"pa_activities-isbjerg-udsigt","15":"pa_attractions-ilulissat-icefjord","16":"pa_attractions-unesco-verdensarv-omraade","17":"pa_available-month-marts","18":"pa_available-month-april","19":"pa_destinations-ilulissat","20":"pa_difficulty-let","21":"pa_duration-4-dage","22":"pa_tour-type-pakkerejser","23":"yith_shop_vendor-nonni-travel-da","24":"yith_booking_service-additional-night-in-ilulissat","25":"yith_booking_service-single-room-supplement-mandatory-if-travelling-alone-1150","27":"first","28":"instock","29":"virtual","30":"sold-individually","31":"purchasable","32":"product-type-booking"},"acf":[],"yoast_head":"<!-- This site is optimized with the Yoast SEO plugin v25.6 - https:\/\/yoast.com\/wordpress\/plugins\/seo\/ -->\n<title>Ilulissat&#039;s Vintervidundere | Diskobugten | Guide to Greenland<\/title>\n<meta name=\"description\" content=\"4 dage med isbjerge, hundesl\u00e6dek\u00f8rsel og udforskning af det arktiske omr\u00e5de venter p\u00e5 dig i Ilulissat icefjord. Rejs til Gr\u00f8nland fra Island!\" \/>\n<meta name=\"robots\" content=\"index, follow, max-snippet:-1, max-image-preview:large, max-video-preview:-1\" \/>\n<link rel=\"canonical\" href=\"https:\/\/guidetogreenland.com\/da\/reserver-ferie-rejser\/ilulissat%27s-vintervidundere-diskobugten\/\" \/>\n<meta property=\"og:locale\" content=\"da_DK\" \/>\n<meta property=\"og:type\" content=\"article\" \/>\n<meta property=\"og:title\" content=\"Ilulissat&#039;s Vintervidundere | Diskobugten | Guide to Greenland\" \/>\n<meta property=\"og:description\" content=\"4 dage med isbjerge, hundesl\u00e6dek\u00f8rsel og udforskning af det arktiske omr\u00e5de venter p\u00e5 dig i Ilulissat icefjord. Rejs til Gr\u00f8nland fra Island!\" \/>\n<meta property=\"og:url\" content=\"https:\/\/guidetogreenland.com\/da\/reserver-ferie-rejser\/ilulissat%27s-vintervidundere-diskobugten\/\" \/>\n<meta property=\"og:site_name\" content=\"Guide to Greenland\" \/>\n<meta property=\"article:modified_time\" content=\"2021-03-09T01:14:36+00:00\" \/>\n<meta property=\"og:image\" content=\"https:\/\/guidetogreenland.com\/wp-content\/uploads\/2020\/05\/choose-your-own-winter-adventure-ilulissat-4-days-Guide-to-Greenland13.jpg\" \/>\n\t<meta property=\"og:image:width\" content=\"1778\" \/>\n\t<meta property=\"og:image:height\" content=\"1185\" \/>\n\t<meta property=\"og:image:type\" content=\"image\/jpeg\" \/>\n<meta name=\"twitter:card\" content=\"summary_large_image\" \/>\n<meta name=\"twitter:label1\" content=\"Estimeret l\u00e6setid\" \/>\n\t<meta name=\"twitter:data1\" content=\"1 minut\" \/>\n<script type=\"application\/ld+json\" class=\"yoast-schema-graph\">{\"@context\":\"https:\/\/schema.org\",\"@graph\":[{\"@type\":\"WebPage\",\"@id\":\"https:\/\/guidetogreenland.com\/da\/reserver-ferie-rejser\/ilulissat%27s-vintervidundere-diskobugten\/\",\"url\":\"https:\/\/guidetogreenland.com\/da\/reserver-ferie-rejser\/ilulissat%27s-vintervidundere-diskobugten\/\",\"name\":\"Ilulissat's Vintervidundere | Diskobugten | Guide to Greenland\",\"isPartOf\":{\"@id\":\"https:\/\/guidetogreenland.com\/da\/#website\"},\"primaryImageOfPage\":{\"@id\":\"https:\/\/guidetogreenland.com\/da\/reserver-ferie-rejser\/ilulissat%27s-vintervidundere-diskobugten\/#primaryimage\"},\"image\":{\"@id\":\"https:\/\/guidetogreenland.com\/da\/reserver-ferie-rejser\/ilulissat%27s-vintervidundere-diskobugten\/#primaryimage\"},\"thumbnailUrl\":\"https:\/\/guidetogreenland.com\/wp-content\/uploads\/2020\/05\/choose-your-own-winter-adventure-ilulissat-4-days-Guide-to-Greenland13.jpg\",\"datePublished\":\"2020-06-11T13:28:50+00:00\",\"dateModified\":\"2021-03-09T01:14:36+00:00\",\"description\":\"4 dage med isbjerge, hundesl\u00e6dek\u00f8rsel og udforskning af det arktiske omr\u00e5de venter p\u00e5 dig i Ilulissat icefjord. Rejs til Gr\u00f8nland fra Island!\",\"breadcrumb\":{\"@id\":\"https:\/\/guidetogreenland.com\/da\/reserver-ferie-rejser\/ilulissat%27s-vintervidundere-diskobugten\/#breadcrumb\"},\"inLanguage\":\"da-DK\",\"potentialAction\":[{\"@type\":\"ReadAction\",\"target\":[\"https:\/\/guidetogreenland.com\/da\/reserver-ferie-rejser\/ilulissat%27s-vintervidundere-diskobugten\/\"]}]},{\"@type\":\"ImageObject\",\"inLanguage\":\"da-DK\",\"@id\":\"https:\/\/guidetogreenland.com\/da\/reserver-ferie-rejser\/ilulissat%27s-vintervidundere-diskobugten\/#primaryimage\",\"url\":\"https:\/\/guidetogreenland.com\/wp-content\/uploads\/2020\/05\/choose-your-own-winter-adventure-ilulissat-4-days-Guide-to-Greenland13.jpg\",\"contentUrl\":\"https:\/\/guidetogreenland.com\/wp-content\/uploads\/2020\/05\/choose-your-own-winter-adventure-ilulissat-4-days-Guide-to-Greenland13.jpg\",\"width\":1778,\"height\":1185},{\"@type\":\"BreadcrumbList\",\"@id\":\"https:\/\/guidetogreenland.com\/da\/reserver-ferie-rejser\/ilulissat%27s-vintervidundere-diskobugten\/#breadcrumb\",\"itemListElement\":[{\"@type\":\"ListItem\",\"position\":1,\"name\":\"Home\",\"item\":\"https:\/\/guidetogreenland.com\/da\/\"},{\"@type\":\"ListItem\",\"position\":2,\"name\":\"Se alle ture\",\"item\":\"https:\/\/guidetogreenland.com\/da\/reserver-ferie-rejser\/\"},{\"@type\":\"ListItem\",\"position\":3,\"name\":\"Ilulissat&#8217;s Vintervidundere | Diskobugten\"}]},{\"@type\":\"WebSite\",\"@id\":\"https:\/\/guidetogreenland.com\/da\/#website\",\"url\":\"https:\/\/guidetogreenland.com\/da\/\",\"name\":\"Guide to Greenland\",\"description\":\"Largest selection of tours in Greenland\",\"potentialAction\":[{\"@type\":\"SearchAction\",\"target\":{\"@type\":\"EntryPoint\",\"urlTemplate\":\"https:\/\/guidetogreenland.com\/da\/?s={search_term_string}\"},\"query-input\":{\"@type\":\"PropertyValueSpecification\",\"valueRequired\":true,\"valueName\":\"search_term_string\"}}],\"inLanguage\":\"da-DK\"}]}<\/script>\n<!-- \/ Yoast SEO plugin. -->","yoast_head_json":{"title":"Ilulissat's Vintervidundere | Diskobugten | Guide to Greenland","description":"4 dage med isbjerge, hundesl\u00e6dek\u00f8rsel og udforskning af det arktiske omr\u00e5de venter p\u00e5 dig i Ilulissat icefjord. Rejs til Gr\u00f8nland fra Island!","robots":{"index":"index","follow":"follow","max-snippet":"max-snippet:-1","max-image-preview":"max-image-preview:large","max-video-preview":"max-video-preview:-1"},"canonical":"https:\/\/guidetogreenland.com\/da\/reserver-ferie-rejser\/ilulissat%27s-vintervidundere-diskobugten\/","og_locale":"da_DK","og_type":"article","og_title":"Ilulissat's Vintervidundere | Diskobugten | Guide to Greenland","og_description":"4 dage med isbjerge, hundesl\u00e6dek\u00f8rsel og udforskning af det arktiske omr\u00e5de venter p\u00e5 dig i Ilulissat icefjord. Rejs til Gr\u00f8nland fra Island!","og_url":"https:\/\/guidetogreenland.com\/da\/reserver-ferie-rejser\/ilulissat%27s-vintervidundere-diskobugten\/","og_site_name":"Guide to Greenland","article_modified_time":"2021-03-09T01:14:36+00:00","og_image":[{"width":1778,"height":1185,"url":"https:\/\/guidetogreenland.com\/wp-content\/uploads\/2020\/05\/choose-your-own-winter-adventure-ilulissat-4-days-Guide-to-Greenland13.jpg","type":"image\/jpeg"}],"twitter_card":"summary_large_image","twitter_misc":{"Estimeret l\u00e6setid":"1 minut"},"schema":{"@context":"https:\/\/schema.org","@graph":[{"@type":"WebPage","@id":"https:\/\/guidetogreenland.com\/da\/reserver-ferie-rejser\/ilulissat%27s-vintervidundere-diskobugten\/","url":"https:\/\/guidetogreenland.com\/da\/reserver-ferie-rejser\/ilulissat%27s-vintervidundere-diskobugten\/","name":"Ilulissat's Vintervidundere | Diskobugten | Guide to Greenland","isPartOf":{"@id":"https:\/\/guidetogreenland.com\/da\/#website"},"primaryImageOfPage":{"@id":"https:\/\/guidetogreenland.com\/da\/reserver-ferie-rejser\/ilulissat%27s-vintervidundere-diskobugten\/#primaryimage"},"image":{"@id":"https:\/\/guidetogreenland.com\/da\/reserver-ferie-rejser\/ilulissat%27s-vintervidundere-diskobugten\/#primaryimage"},"thumbnailUrl":"https:\/\/guidetogreenland.com\/wp-content\/uploads\/2020\/05\/choose-your-own-winter-adventure-ilulissat-4-days-Guide-to-Greenland13.jpg","datePublished":"2020-06-11T13:28:50+00:00","dateModified":"2021-03-09T01:14:36+00:00","description":"4 dage med isbjerge, hundesl\u00e6dek\u00f8rsel og udforskning af det arktiske omr\u00e5de venter p\u00e5 dig i Ilulissat icefjord. Rejs til Gr\u00f8nland fra Island!","breadcrumb":{"@id":"https:\/\/guidetogreenland.com\/da\/reserver-ferie-rejser\/ilulissat%27s-vintervidundere-diskobugten\/#breadcrumb"},"inLanguage":"da-DK","potentialAction":[{"@type":"ReadAction","target":["https:\/\/guidetogreenland.com\/da\/reserver-ferie-rejser\/ilulissat%27s-vintervidundere-diskobugten\/"]}]},{"@type":"ImageObject","inLanguage":"da-DK","@id":"https:\/\/guidetogreenland.com\/da\/reserver-ferie-rejser\/ilulissat%27s-vintervidundere-diskobugten\/#primaryimage","url":"https:\/\/guidetogreenland.com\/wp-content\/uploads\/2020\/05\/choose-your-own-winter-adventure-ilulissat-4-days-Guide-to-Greenland13.jpg","contentUrl":"https:\/\/guidetogreenland.com\/wp-content\/uploads\/2020\/05\/choose-your-own-winter-adventure-ilulissat-4-days-Guide-to-Greenland13.jpg","width":1778,"height":1185},{"@type":"BreadcrumbList","@id":"https:\/\/guidetogreenland.com\/da\/reserver-ferie-rejser\/ilulissat%27s-vintervidundere-diskobugten\/#breadcrumb","itemListElement":[{"@type":"ListItem","position":1,"name":"Home","item":"https:\/\/guidetogreenland.com\/da\/"},{"@type":"ListItem","position":2,"name":"Se alle ture","item":"https:\/\/guidetogreenland.com\/da\/reserver-ferie-rejser\/"},{"@type":"ListItem","position":3,"name":"Ilulissat&#8217;s Vintervidundere | Diskobugten"}]},{"@type":"WebSite","@id":"https:\/\/guidetogreenland.com\/da\/#website","url":"https:\/\/guidetogreenland.com\/da\/","name":"Guide to Greenland","description":"Largest selection of tours in Greenland","potentialAction":[{"@type":"SearchAction","target":{"@type":"EntryPoint","urlTemplate":"https:\/\/guidetogreenland.com\/da\/?s={search_term_string}"},"query-input":{"@type":"PropertyValueSpecification","valueRequired":true,"valueName":"search_term_string"}}],"inLanguage":"da-DK"}]}},"_links":{"self":[{"href":"https:\/\/guidetogreenland.com\/da\/wp-json\/wp\/v2\/product\/16343","targetHints":{"allow":["GET"]}}],"collection":[{"href":"https:\/\/guidetogreenland.com\/da\/wp-json\/wp\/v2\/product"}],"about":[{"href":"https:\/\/guidetogreenland.com\/da\/wp-json\/wp\/v2\/types\/product"}],"replies":[{"embeddable":true,"href":"https:\/\/guidetogreenland.com\/da\/wp-json\/wp\/v2\/comments?post=16343"}],"wp:featuredmedia":[{"embeddable":true,"href":"https:\/\/guidetogreenland.com\/da\/wp-json\/wp\/v2\/media\/16345"}],"wp:attachment":[{"href":"https:\/\/guidetogreenland.com\/da\/wp-json\/wp\/v2\/media?parent=16343"}],"wp:term":[{"taxonomy":"product_brand","embeddable":true,"href":"https:\/\/guidetogreenland.com\/da\/wp-json\/wp\/v2\/product_brand?post=16343"},{"taxonomy":"product_cat","embeddable":true,"href":"https:\/\/guidetogreenland.com\/da\/wp-json\/wp\/v2\/product_cat?post=16343"},{"taxonomy":"product_tag","embeddable":true,"href":"https:\/\/guidetogreenland.com\/da\/wp-json\/wp\/v2\/product_tag?post=16343"}],"curies":[{"name":"wp","href":"https:\/\/api.w.org\/{rel}","templated":true}]}}