{"id":16375,"date":"2020-06-10T15:35:52","date_gmt":"2020-06-10T15:35:52","guid":{"rendered":"https:\/\/guidetogreenland.com\/book-trips-holiday\/west-greenland-exploration-ilulissat-kangerlussuaq\/"},"modified":"2021-03-15T00:23:22","modified_gmt":"2021-03-15T00:23:22","slug":"west-greenland-exploration-ilulissat-kangerlussuaq","status":"publish","type":"product","link":"https:\/\/guidetogreenland.com\/da\/reserver-ferie-rejser\/udforsk-vestgronland-ilulissat-kangerlussuaq\/","title":{"rendered":"Udforsk Vestgr\u00f8nland | Ilulissat &#038; Kangerlussuaq"},"content":{"rendered":"<p class=\"e1imf5dp0 x-jm2771\">Kom med p\u00e5 denne 6-dags tur gennem vest Gr\u00f8nland og alt den har at tilbyde! Oplev den gr\u00f8nlandske kultur kombineret med den moderne livsstil, oppe nord for polar cirklen. St\u00f8rrelsen, kr\u00e6ften og sk\u00f8nhed af Gr\u00f8nlands indlandsis er fascinerende for alle der ser den. Isklumper k\u00e6lver fra gletsjeren med et brag i deres lange rejse til havet &#8211; unikke og utrolige naturkr\u00e6fter. Fra Ilulissat Isfjord, som er en UNESCO World Heritage Site, stiger de k\u00e6mpestore isbjerge mange meter over havets overfladen. F\u00e5 en kulturel oplevelse med et bes\u00f8g til museet og tag et kig forbi den lokale kirke og dens smukke<span class=\"x-12abj6v e1uuu2lt3\"> udsmykning. Oplev den gr\u00f8nlandske kultur kombineret med den moderne livsstil, oppe nord for polar cirklen.<\/span><\/p>\n<p class=\"e1imf5dp0 x-jm2771\"><span class=\"x-12abj6v e1uuu2lt3\">Medbring din kikkert og kamera, da der ogs\u00e5 vil v\u00e6re store chancer for at spotte dyreliv b\u00e5de til havs og p\u00e5 land. Se arktisk dyreliv som er bedst set i Kangerlussuaq, hvor tusinde af vilde rensdyr og moskus okser gr\u00e6sser. Gennem denne 6 dages tur til vest Gr\u00f8nland tager vi dig p\u00e5 hvalsafari, en tur til indlandsisen og giver dig mulighed for at m\u00f8de gr\u00f8nlandske sl\u00e6dehunde. Alt dette venter dig, s\u00e5 grib muligheden og se tilg\u00e6ngeligheden ved at trykke p\u00e5 &#8216;V\u00e6lg en dag&#8217; ovenover og book din tur idag.<\/span><\/p>\n","protected":false},"excerpt":{"rendered":"Kom med p\u00e5 denne 6-dags tur gennem vest Gr\u00f8nland og alt den har at tilbyde! Oplev den gr\u00f8nlandske kultur kombineret med den moderne livsstil, oppe nord for polar cirklen. St\u00f8rrelsen, kr\u00e6ften og sk\u00f8nhed af Gr\u00f8nlands indlandsis er fascinerende for alle der ser den. Isklumper k\u00e6lver fra gletsjeren med et brag i deres lange rejse til&#8230;","protected":false},"featured_media":16379,"comment_status":"open","ping_status":"closed","template":"","meta":[],"product_brand":[],"product_cat":[594,629,636,614,624,620,692,617,618,612,635,640,644,646,625,633],"product_tag":[919,924],"class_list":{"0":"post-16375","1":"product","2":"type-product","3":"status-publish","4":"has-post-thumbnail","6":"product_cat-baadture","7":"product_cat-disko-bugten","8":"product_cat-fra-danmark-til-groenland","9":"product_cat-gletsjer-og-indlandsisen","10":"product_cat-historiske-ture","11":"product_cat-hvalsafari-ture","12":"product_cat-iceberg-icefjord-tours","13":"product_cat-ilulissat-isfjord-ture","14":"product_cat-midnatssol-ture","15":"product_cat-natur-og-dyreliv-i-groenland","16":"product_cat-pakkerejser","17":"product_cat-sommerrejser","18":"product_cat-ture-i-ilulissat","19":"product_cat-ture-i-kangerlussuaq","20":"product_cat-ture-til-verdensarv-steder-i-groenland","21":"product_cat-vestgroenland","22":"product_tag-ilulissat-da","23":"product_tag-kangerlussuaq-da","24":"pa_activities-gletschervandring","25":"pa_activities-groenlandsk-kultur","26":"pa_activities-byrundtur","27":"pa_activities-gletscher-udsigt","28":"pa_activities-isbjerg-udsigt","29":"pa_activities-sightseeing-med-fly","30":"pa_activities-dyreliv-safari","31":"pa_activities-hval-safari","32":"pa_activities-midnatssol","33":"pa_attractions-eqi-gletscheren","34":"pa_attractions-glacier-lodge-eqi-da","35":"pa_attractions-ilimanaq","36":"pa_attractions-ilulissat-icefjord","37":"pa_attractions-indlandsisen","38":"pa_attractions-oqaatsut","39":"pa_attractions-unesco-verdensarv-omraade","40":"pa_attractions-disko-bay-da","41":"pa_available-month-juni","42":"pa_available-month-juli","43":"pa_available-month-august","44":"pa_available-month-september","45":"pa_difficulty-let","46":"pa_duration-6-dage-da","47":"pa_tour-type-pakkerejser","48":"yith_shop_vendor-gj-travel-da","49":"yith_booking_service-single-supplement-mandatory-if-travelling-alone-3","51":"first","52":"instock","53":"virtual","54":"sold-individually","55":"purchasable","56":"product-type-booking"},"acf":[],"yoast_head":"<!-- This site is optimized with the Yoast SEO plugin v25.6 - https:\/\/yoast.com\/wordpress\/plugins\/seo\/ -->\n<title>Udforsk Vestgr\u00f8nland | Ilulissat &amp; Kangerlussuaq | Guide to Greenland<\/title>\n<meta name=\"robots\" content=\"index, follow, max-snippet:-1, max-image-preview:large, max-video-preview:-1\" \/>\n<link rel=\"canonical\" href=\"https:\/\/guidetogreenland.com\/da\/reserver-ferie-rejser\/udforsk-vestgronland-ilulissat-kangerlussuaq\/\" \/>\n<meta property=\"og:locale\" content=\"da_DK\" \/>\n<meta property=\"og:type\" content=\"article\" \/>\n<meta property=\"og:title\" content=\"Udforsk Vestgr\u00f8nland | Ilulissat &amp; Kangerlussuaq | Guide to Greenland\" \/>\n<meta property=\"og:description\" content=\"Kom med p\u00e5 denne 6-dags tur gennem vest Gr\u00f8nland og alt den har at tilbyde! Oplev den gr\u00f8nlandske kultur kombineret med den moderne livsstil, oppe nord for polar cirklen. St\u00f8rrelsen, kr\u00e6ften og sk\u00f8nhed af Gr\u00f8nlands indlandsis er fascinerende for alle der ser den. Isklumper k\u00e6lver fra gletsjeren med et brag i deres lange rejse til...\" \/>\n<meta property=\"og:url\" content=\"https:\/\/guidetogreenland.com\/da\/reserver-ferie-rejser\/udforsk-vestgronland-ilulissat-kangerlussuaq\/\" \/>\n<meta property=\"og:site_name\" content=\"Guide to Greenland\" \/>\n<meta property=\"article:modified_time\" content=\"2021-03-15T00:23:22+00:00\" \/>\n<meta property=\"og:image\" content=\"https:\/\/guidetogreenland.com\/wp-content\/uploads\/2020\/05\/west-greenland-exploration-ilulissat-kangerlussuaq-day-Guide-to-Greenland2.jpg\" \/>\n\t<meta property=\"og:image:width\" content=\"1175\" \/>\n\t<meta property=\"og:image:height\" content=\"661\" \/>\n\t<meta property=\"og:image:type\" content=\"image\/jpeg\" \/>\n<meta name=\"twitter:card\" content=\"summary_large_image\" \/>\n<meta name=\"twitter:label1\" content=\"Estimeret l\u00e6setid\" \/>\n\t<meta name=\"twitter:data1\" content=\"1 minut\" \/>\n<script type=\"application\/ld+json\" class=\"yoast-schema-graph\">{\"@context\":\"https:\/\/schema.org\",\"@graph\":[{\"@type\":\"WebPage\",\"@id\":\"https:\/\/guidetogreenland.com\/da\/reserver-ferie-rejser\/udforsk-vestgronland-ilulissat-kangerlussuaq\/\",\"url\":\"https:\/\/guidetogreenland.com\/da\/reserver-ferie-rejser\/udforsk-vestgronland-ilulissat-kangerlussuaq\/\",\"name\":\"Udforsk Vestgr\u00f8nland | Ilulissat & Kangerlussuaq | Guide to Greenland\",\"isPartOf\":{\"@id\":\"https:\/\/guidetogreenland.com\/da\/#website\"},\"primaryImageOfPage\":{\"@id\":\"https:\/\/guidetogreenland.com\/da\/reserver-ferie-rejser\/udforsk-vestgronland-ilulissat-kangerlussuaq\/#primaryimage\"},\"image\":{\"@id\":\"https:\/\/guidetogreenland.com\/da\/reserver-ferie-rejser\/udforsk-vestgronland-ilulissat-kangerlussuaq\/#primaryimage\"},\"thumbnailUrl\":\"https:\/\/guidetogreenland.com\/wp-content\/uploads\/2020\/05\/west-greenland-exploration-ilulissat-kangerlussuaq-day-Guide-to-Greenland3.jpeg\",\"datePublished\":\"2020-06-10T15:35:52+00:00\",\"dateModified\":\"2021-03-15T00:23:22+00:00\",\"breadcrumb\":{\"@id\":\"https:\/\/guidetogreenland.com\/da\/reserver-ferie-rejser\/udforsk-vestgronland-ilulissat-kangerlussuaq\/#breadcrumb\"},\"inLanguage\":\"da-DK\",\"potentialAction\":[{\"@type\":\"ReadAction\",\"target\":[\"https:\/\/guidetogreenland.com\/da\/reserver-ferie-rejser\/udforsk-vestgronland-ilulissat-kangerlussuaq\/\"]}]},{\"@type\":\"ImageObject\",\"inLanguage\":\"da-DK\",\"@id\":\"https:\/\/guidetogreenland.com\/da\/reserver-ferie-rejser\/udforsk-vestgronland-ilulissat-kangerlussuaq\/#primaryimage\",\"url\":\"https:\/\/guidetogreenland.com\/wp-content\/uploads\/2020\/05\/west-greenland-exploration-ilulissat-kangerlussuaq-day-Guide-to-Greenland3.jpeg\",\"contentUrl\":\"https:\/\/guidetogreenland.com\/wp-content\/uploads\/2020\/05\/west-greenland-exploration-ilulissat-kangerlussuaq-day-Guide-to-Greenland3.jpeg\",\"width\":987,\"height\":661},{\"@type\":\"BreadcrumbList\",\"@id\":\"https:\/\/guidetogreenland.com\/da\/reserver-ferie-rejser\/udforsk-vestgronland-ilulissat-kangerlussuaq\/#breadcrumb\",\"itemListElement\":[{\"@type\":\"ListItem\",\"position\":1,\"name\":\"Home\",\"item\":\"https:\/\/guidetogreenland.com\/da\/\"},{\"@type\":\"ListItem\",\"position\":2,\"name\":\"Se alle ture\",\"item\":\"https:\/\/guidetogreenland.com\/da\/reserver-ferie-rejser\/\"},{\"@type\":\"ListItem\",\"position\":3,\"name\":\"Udforsk Vestgr\u00f8nland | Ilulissat &#038; Kangerlussuaq\"}]},{\"@type\":\"WebSite\",\"@id\":\"https:\/\/guidetogreenland.com\/da\/#website\",\"url\":\"https:\/\/guidetogreenland.com\/da\/\",\"name\":\"Guide to Greenland\",\"description\":\"Largest selection of tours in Greenland\",\"potentialAction\":[{\"@type\":\"SearchAction\",\"target\":{\"@type\":\"EntryPoint\",\"urlTemplate\":\"https:\/\/guidetogreenland.com\/da\/?s={search_term_string}\"},\"query-input\":{\"@type\":\"PropertyValueSpecification\",\"valueRequired\":true,\"valueName\":\"search_term_string\"}}],\"inLanguage\":\"da-DK\"}]}<\/script>\n<!-- \/ Yoast SEO plugin. -->","yoast_head_json":{"title":"Udforsk Vestgr\u00f8nland | Ilulissat & Kangerlussuaq | Guide to Greenland","robots":{"index":"index","follow":"follow","max-snippet":"max-snippet:-1","max-image-preview":"max-image-preview:large","max-video-preview":"max-video-preview:-1"},"canonical":"https:\/\/guidetogreenland.com\/da\/reserver-ferie-rejser\/udforsk-vestgronland-ilulissat-kangerlussuaq\/","og_locale":"da_DK","og_type":"article","og_title":"Udforsk Vestgr\u00f8nland | Ilulissat & Kangerlussuaq | Guide to Greenland","og_description":"Kom med p\u00e5 denne 6-dags tur gennem vest Gr\u00f8nland og alt den har at tilbyde! Oplev den gr\u00f8nlandske kultur kombineret med den moderne livsstil, oppe nord for polar cirklen. St\u00f8rrelsen, kr\u00e6ften og sk\u00f8nhed af Gr\u00f8nlands indlandsis er fascinerende for alle der ser den. Isklumper k\u00e6lver fra gletsjeren med et brag i deres lange rejse til...","og_url":"https:\/\/guidetogreenland.com\/da\/reserver-ferie-rejser\/udforsk-vestgronland-ilulissat-kangerlussuaq\/","og_site_name":"Guide to Greenland","article_modified_time":"2021-03-15T00:23:22+00:00","og_image":[{"width":1175,"height":661,"url":"https:\/\/guidetogreenland.com\/wp-content\/uploads\/2020\/05\/west-greenland-exploration-ilulissat-kangerlussuaq-day-Guide-to-Greenland2.jpg","type":"image\/jpeg"}],"twitter_card":"summary_large_image","twitter_misc":{"Estimeret l\u00e6setid":"1 minut"},"schema":{"@context":"https:\/\/schema.org","@graph":[{"@type":"WebPage","@id":"https:\/\/guidetogreenland.com\/da\/reserver-ferie-rejser\/udforsk-vestgronland-ilulissat-kangerlussuaq\/","url":"https:\/\/guidetogreenland.com\/da\/reserver-ferie-rejser\/udforsk-vestgronland-ilulissat-kangerlussuaq\/","name":"Udforsk Vestgr\u00f8nland | Ilulissat & Kangerlussuaq | Guide to Greenland","isPartOf":{"@id":"https:\/\/guidetogreenland.com\/da\/#website"},"primaryImageOfPage":{"@id":"https:\/\/guidetogreenland.com\/da\/reserver-ferie-rejser\/udforsk-vestgronland-ilulissat-kangerlussuaq\/#primaryimage"},"image":{"@id":"https:\/\/guidetogreenland.com\/da\/reserver-ferie-rejser\/udforsk-vestgronland-ilulissat-kangerlussuaq\/#primaryimage"},"thumbnailUrl":"https:\/\/guidetogreenland.com\/wp-content\/uploads\/2020\/05\/west-greenland-exploration-ilulissat-kangerlussuaq-day-Guide-to-Greenland3.jpeg","datePublished":"2020-06-10T15:35:52+00:00","dateModified":"2021-03-15T00:23:22+00:00","breadcrumb":{"@id":"https:\/\/guidetogreenland.com\/da\/reserver-ferie-rejser\/udforsk-vestgronland-ilulissat-kangerlussuaq\/#breadcrumb"},"inLanguage":"da-DK","potentialAction":[{"@type":"ReadAction","target":["https:\/\/guidetogreenland.com\/da\/reserver-ferie-rejser\/udforsk-vestgronland-ilulissat-kangerlussuaq\/"]}]},{"@type":"ImageObject","inLanguage":"da-DK","@id":"https:\/\/guidetogreenland.com\/da\/reserver-ferie-rejser\/udforsk-vestgronland-ilulissat-kangerlussuaq\/#primaryimage","url":"https:\/\/guidetogreenland.com\/wp-content\/uploads\/2020\/05\/west-greenland-exploration-ilulissat-kangerlussuaq-day-Guide-to-Greenland3.jpeg","contentUrl":"https:\/\/guidetogreenland.com\/wp-content\/uploads\/2020\/05\/west-greenland-exploration-ilulissat-kangerlussuaq-day-Guide-to-Greenland3.jpeg","width":987,"height":661},{"@type":"BreadcrumbList","@id":"https:\/\/guidetogreenland.com\/da\/reserver-ferie-rejser\/udforsk-vestgronland-ilulissat-kangerlussuaq\/#breadcrumb","itemListElement":[{"@type":"ListItem","position":1,"name":"Home","item":"https:\/\/guidetogreenland.com\/da\/"},{"@type":"ListItem","position":2,"name":"Se alle ture","item":"https:\/\/guidetogreenland.com\/da\/reserver-ferie-rejser\/"},{"@type":"ListItem","position":3,"name":"Udforsk Vestgr\u00f8nland | Ilulissat &#038; Kangerlussuaq"}]},{"@type":"WebSite","@id":"https:\/\/guidetogreenland.com\/da\/#website","url":"https:\/\/guidetogreenland.com\/da\/","name":"Guide to Greenland","description":"Largest selection of tours in Greenland","potentialAction":[{"@type":"SearchAction","target":{"@type":"EntryPoint","urlTemplate":"https:\/\/guidetogreenland.com\/da\/?s={search_term_string}"},"query-input":{"@type":"PropertyValueSpecification","valueRequired":true,"valueName":"search_term_string"}}],"inLanguage":"da-DK"}]}},"_links":{"self":[{"href":"https:\/\/guidetogreenland.com\/da\/wp-json\/wp\/v2\/product\/16375","targetHints":{"allow":["GET"]}}],"collection":[{"href":"https:\/\/guidetogreenland.com\/da\/wp-json\/wp\/v2\/product"}],"about":[{"href":"https:\/\/guidetogreenland.com\/da\/wp-json\/wp\/v2\/types\/product"}],"replies":[{"embeddable":true,"href":"https:\/\/guidetogreenland.com\/da\/wp-json\/wp\/v2\/comments?post=16375"}],"wp:featuredmedia":[{"embeddable":true,"href":"https:\/\/guidetogreenland.com\/da\/wp-json\/wp\/v2\/media\/16379"}],"wp:attachment":[{"href":"https:\/\/guidetogreenland.com\/da\/wp-json\/wp\/v2\/media?parent=16375"}],"wp:term":[{"taxonomy":"product_brand","embeddable":true,"href":"https:\/\/guidetogreenland.com\/da\/wp-json\/wp\/v2\/product_brand?post=16375"},{"taxonomy":"product_cat","embeddable":true,"href":"https:\/\/guidetogreenland.com\/da\/wp-json\/wp\/v2\/product_cat?post=16375"},{"taxonomy":"product_tag","embeddable":true,"href":"https:\/\/guidetogreenland.com\/da\/wp-json\/wp\/v2\/product_tag?post=16375"}],"curies":[{"name":"wp","href":"https:\/\/api.w.org\/{rel}","templated":true}]}}