{"id":16392,"date":"2020-06-15T11:24:42","date_gmt":"2020-06-15T11:24:42","guid":{"rendered":"https:\/\/guidetogreenland.com\/book-trips-holiday\/the-calving-glacier-eqi-paakitsoq-ilulissat-disko-bay\/"},"modified":"2025-09-10T03:22:44","modified_gmt":"2025-09-10T06:22:44","slug":"the-calving-glacier-eqi-paakitsoq-ilulissat-disko-bay","status":"publish","type":"product","link":"https:\/\/guidetogreenland.com\/da\/reserver-ferie-rejser\/eqi-den-kaelvende-gletsjer-paakitsoq-ilulissat-diskobugten\/","title":{"rendered":"Eqi, den k\u00e6lvende gletsjer &#038; Paakitsoq | Ilulissat | Diskobugten"},"content":{"rendered":"<div class=\"x-2ruu7e ewhm0490\">\n<div class=\"x-sqsvwz e1hc7val2\">\n<div class=\"x-13o7eu2 e1imf5dp1\">\n<div class=\"x-v4fa7v e1uuu2lt0\">\n<div class=\"x-7xwfhm e1imf5dp0\">\n<p class=\"x-18pep25\">Denne tur er en forl\u00e6nget version af &#8220;Eqi, Den K\u00e6lvende Gletsjer&#8221; ture, det vil sige at du f\u00e5r to timer mere til at udforske omr\u00e5det omkring Eqi og en st\u00f8rre chance for at se gletsjeren k\u00e6lve.<\/p>\n<p class=\"x-18pep25\">Oplev den fantastiske Eqi gletsjer, der hver dag smider tonsvis af is i havet. At sejle med Ilulissat Water Taxi er en nem og god m\u00e5de at opleve Ilulissat omr\u00e5dets h\u00f8jdepunkter til s\u00f8s. Du bestiller turen og s\u00e5 s\u00f8rger vi for at hente dig p\u00e5 dit valgte afhentningssted &#8211; ligesom en Yellow Cab.<\/p>\n<p class=\"e1imf5dp0 x-jm2771\">Eqi er placeret 80 kilometer nord for Ilulissat. Vi vil sejle nord for byen genne den smukke Ataa fjord. Her vil du <span class=\"x-12abj6v e1uuu2lt3\">p\u00e5 hele turen kunne nyde den idylliske udsigt over det flotte landskab og fjorden. N\u00e5r vi runder den sidste n\u00e6s p\u00e5 turen nordefter, vil Eqi gletsjeren komme til syne. En v\u00e6g af is, der er 4 kilometer lang! Det er et overv\u00e6ldende syn, hvor man kan f\u00e5 en f\u00f8lelse af hvor store naturens kr\u00e6fter er. Vi sejler s\u00e5 t\u00e6t p\u00e5 gletsjeren, som sikkerheden tillader. Eqi er en af de f\u00e5 steder hvor forholdene tillader at man kan komme rigtigt t\u00e6t p\u00e5 en k\u00e6lvende gletsjer. Her fra vil du kunne h\u00f8re luftboblerne knitre inde i isen og hvordan is-stykkerne med et brag falder af v\u00e6ggen og danner nye, store isbjerge i fjorden. Det er her isbjergenes rejse mod havet starter. Det tager omkring to timer at sejle fra byen til gletsjeren og med lidt held kan vi m\u00e5ske spotte en hval eller to p\u00e5 vejen. F\u00f8r vi sejler tilbage, vil vi bruge nogle timer til at sejle omkring gletsjeren, for at se den fra flere sider.<\/span><\/p>\n<p class=\"e1imf5dp0 x-jm2771\"><span class=\"x-12abj6v e1uuu2lt3\">Se tilg\u00e6ngeligheden ved at trykke p\u00e5 &#8216;V\u00e6lg en dag&#8217; og book din tur i dag.<\/span><\/p>\n<\/div>\n<\/div>\n<\/div>\n<\/div>\n<\/div>\n","protected":false},"excerpt":{"rendered":"Denne tur er en forl\u00e6nget version af &#8220;Eqi, Den K\u00e6lvende Gletsjer&#8221; ture, det vil sige at du f\u00e5r to timer mere til at udforske omr\u00e5det omkring Eqi og en st\u00f8rre chance for at se gletsjeren k\u00e6lve. Oplev den fantastiske Eqi gletsjer, der hver dag smider tonsvis af is i havet. At sejle med Ilulissat Water&#8230;","protected":false},"featured_media":16394,"comment_status":"open","ping_status":"closed","template":"","meta":[],"product_brand":[],"product_cat":[594,621,605,629,614,612,593,627,643,644],"product_tag":[919],"class_list":{"0":"post-16392","1":"product","2":"type-product","3":"status-publish","4":"has-post-thumbnail","6":"product_cat-baadture","7":"product_cat-charterture","8":"product_cat-dagsture-om-sommeren","9":"product_cat-disko-bugten","10":"product_cat-gletsjer-og-indlandsisen","11":"product_cat-natur-og-dyreliv-i-groenland","12":"product_cat-oplevelser-i-groenland","13":"product_cat-ture-i-bestemte-omraader","14":"product_cat-ture-i-hver-by","15":"product_cat-ture-i-ilulissat","16":"product_tag-ilulissat-da","17":"pa_activities-baadtur","18":"pa_activities-gletscher-udsigt","19":"pa_activities-isbjerg-udsigt","20":"pa_activities-charterrede-ture","21":"pa_attractions-eqi-gletscheren","22":"pa_attractions-ilulissat-icefjord","23":"pa_available-month-juni","24":"pa_available-month-juli","25":"pa_available-month-august","26":"pa_available-month-september","27":"pa_available-month-oktober","28":"pa_destinations-ilulissat","29":"pa_difficulty-let","30":"pa_duration-8-timer","31":"pa_tour-type-dagsture","32":"yith_shop_vendor-ilulissat-water-tours-da","33":"yith_booking_service-additional-hours-charter","35":"first","36":"instock","37":"virtual","38":"sold-individually","39":"purchasable","40":"product-type-booking"},"acf":[],"yoast_head":"<!-- This site is optimized with the Yoast SEO plugin v25.6 - https:\/\/yoast.com\/wordpress\/plugins\/seo\/ -->\n<title>Eqi, den k\u00e6lvende gletsjer &amp; Paakitsoq | Ilulissat | Diskobugten | Guide to Greenland<\/title>\n<meta name=\"description\" content=\"Sejl gennem UNESCO-stedet Ilulissat Icefjord til den k\u00e6lvende gletscher Eqi. Rejs mellem store isbjerge i den arktiske natur i Gr\u00f8nland.\" \/>\n<meta name=\"robots\" content=\"index, follow, max-snippet:-1, max-image-preview:large, max-video-preview:-1\" \/>\n<link rel=\"canonical\" href=\"https:\/\/guidetogreenland.com\/da\/reserver-ferie-rejser\/eqi-den-kaelvende-gletsjer-paakitsoq-ilulissat-diskobugten\/\" \/>\n<meta property=\"og:locale\" content=\"da_DK\" \/>\n<meta property=\"og:type\" content=\"article\" \/>\n<meta property=\"og:title\" content=\"Eqi, den k\u00e6lvende gletsjer &amp; Paakitsoq | Ilulissat | Diskobugten | Guide to Greenland\" \/>\n<meta property=\"og:description\" content=\"Sejl gennem UNESCO-stedet Ilulissat Icefjord til den k\u00e6lvende gletscher Eqi. Rejs mellem store isbjerge i den arktiske natur i Gr\u00f8nland.\" \/>\n<meta property=\"og:url\" content=\"https:\/\/guidetogreenland.com\/da\/reserver-ferie-rejser\/eqi-den-kaelvende-gletsjer-paakitsoq-ilulissat-diskobugten\/\" \/>\n<meta property=\"og:site_name\" content=\"Guide to Greenland\" \/>\n<meta property=\"article:modified_time\" content=\"2025-09-10T06:22:44+00:00\" \/>\n<meta property=\"og:image\" content=\"https:\/\/guidetogreenland.com\/wp-content\/uploads\/2020\/05\/the-calving-glacier-eqi-paakitsoq-ilulissat-disko-bay-Guide-to-Greenland9.jpg\" \/>\n\t<meta property=\"og:image:width\" content=\"1565\" \/>\n\t<meta property=\"og:image:height\" content=\"1174\" \/>\n\t<meta property=\"og:image:type\" content=\"image\/jpeg\" \/>\n<meta name=\"twitter:card\" content=\"summary_large_image\" \/>\n<meta name=\"twitter:label1\" content=\"Estimeret l\u00e6setid\" \/>\n\t<meta name=\"twitter:data1\" content=\"2 minutter\" \/>\n<script type=\"application\/ld+json\" class=\"yoast-schema-graph\">{\"@context\":\"https:\/\/schema.org\",\"@graph\":[{\"@type\":\"WebPage\",\"@id\":\"https:\/\/guidetogreenland.com\/da\/reserver-ferie-rejser\/eqi-den-kaelvende-gletsjer-paakitsoq-ilulissat-diskobugten\/\",\"url\":\"https:\/\/guidetogreenland.com\/da\/reserver-ferie-rejser\/eqi-den-kaelvende-gletsjer-paakitsoq-ilulissat-diskobugten\/\",\"name\":\"Eqi, den k\u00e6lvende gletsjer & Paakitsoq | Ilulissat | Diskobugten | Guide to Greenland\",\"isPartOf\":{\"@id\":\"https:\/\/guidetogreenland.com\/da\/#website\"},\"primaryImageOfPage\":{\"@id\":\"https:\/\/guidetogreenland.com\/da\/reserver-ferie-rejser\/eqi-den-kaelvende-gletsjer-paakitsoq-ilulissat-diskobugten\/#primaryimage\"},\"image\":{\"@id\":\"https:\/\/guidetogreenland.com\/da\/reserver-ferie-rejser\/eqi-den-kaelvende-gletsjer-paakitsoq-ilulissat-diskobugten\/#primaryimage\"},\"thumbnailUrl\":\"https:\/\/guidetogreenland.com\/wp-content\/uploads\/2020\/05\/the-calving-glacier-eqi-paakitsoq-ilulissat-disko-bay-Guide-to-Greenland9.jpg\",\"datePublished\":\"2020-06-15T11:24:42+00:00\",\"dateModified\":\"2025-09-10T06:22:44+00:00\",\"description\":\"Sejl gennem UNESCO-stedet Ilulissat Icefjord til den k\u00e6lvende gletscher Eqi. Rejs mellem store isbjerge i den arktiske natur i Gr\u00f8nland.\",\"breadcrumb\":{\"@id\":\"https:\/\/guidetogreenland.com\/da\/reserver-ferie-rejser\/eqi-den-kaelvende-gletsjer-paakitsoq-ilulissat-diskobugten\/#breadcrumb\"},\"inLanguage\":\"da-DK\",\"potentialAction\":[{\"@type\":\"ReadAction\",\"target\":[\"https:\/\/guidetogreenland.com\/da\/reserver-ferie-rejser\/eqi-den-kaelvende-gletsjer-paakitsoq-ilulissat-diskobugten\/\"]}]},{\"@type\":\"ImageObject\",\"inLanguage\":\"da-DK\",\"@id\":\"https:\/\/guidetogreenland.com\/da\/reserver-ferie-rejser\/eqi-den-kaelvende-gletsjer-paakitsoq-ilulissat-diskobugten\/#primaryimage\",\"url\":\"https:\/\/guidetogreenland.com\/wp-content\/uploads\/2020\/05\/the-calving-glacier-eqi-paakitsoq-ilulissat-disko-bay-Guide-to-Greenland9.jpg\",\"contentUrl\":\"https:\/\/guidetogreenland.com\/wp-content\/uploads\/2020\/05\/the-calving-glacier-eqi-paakitsoq-ilulissat-disko-bay-Guide-to-Greenland9.jpg\",\"width\":1565,\"height\":1174},{\"@type\":\"BreadcrumbList\",\"@id\":\"https:\/\/guidetogreenland.com\/da\/reserver-ferie-rejser\/eqi-den-kaelvende-gletsjer-paakitsoq-ilulissat-diskobugten\/#breadcrumb\",\"itemListElement\":[{\"@type\":\"ListItem\",\"position\":1,\"name\":\"Home\",\"item\":\"https:\/\/guidetogreenland.com\/da\/\"},{\"@type\":\"ListItem\",\"position\":2,\"name\":\"Se alle ture\",\"item\":\"https:\/\/guidetogreenland.com\/da\/reserver-ferie-rejser\/\"},{\"@type\":\"ListItem\",\"position\":3,\"name\":\"Eqi, den k\u00e6lvende gletsjer &#038; Paakitsoq | Ilulissat | Diskobugten\"}]},{\"@type\":\"WebSite\",\"@id\":\"https:\/\/guidetogreenland.com\/da\/#website\",\"url\":\"https:\/\/guidetogreenland.com\/da\/\",\"name\":\"Guide to Greenland\",\"description\":\"Largest selection of tours in Greenland\",\"potentialAction\":[{\"@type\":\"SearchAction\",\"target\":{\"@type\":\"EntryPoint\",\"urlTemplate\":\"https:\/\/guidetogreenland.com\/da\/?s={search_term_string}\"},\"query-input\":{\"@type\":\"PropertyValueSpecification\",\"valueRequired\":true,\"valueName\":\"search_term_string\"}}],\"inLanguage\":\"da-DK\"}]}<\/script>\n<!-- \/ Yoast SEO plugin. -->","yoast_head_json":{"title":"Eqi, den k\u00e6lvende gletsjer & Paakitsoq | Ilulissat | Diskobugten | Guide to Greenland","description":"Sejl gennem UNESCO-stedet Ilulissat Icefjord til den k\u00e6lvende gletscher Eqi. Rejs mellem store isbjerge i den arktiske natur i Gr\u00f8nland.","robots":{"index":"index","follow":"follow","max-snippet":"max-snippet:-1","max-image-preview":"max-image-preview:large","max-video-preview":"max-video-preview:-1"},"canonical":"https:\/\/guidetogreenland.com\/da\/reserver-ferie-rejser\/eqi-den-kaelvende-gletsjer-paakitsoq-ilulissat-diskobugten\/","og_locale":"da_DK","og_type":"article","og_title":"Eqi, den k\u00e6lvende gletsjer & Paakitsoq | Ilulissat | Diskobugten | Guide to Greenland","og_description":"Sejl gennem UNESCO-stedet Ilulissat Icefjord til den k\u00e6lvende gletscher Eqi. Rejs mellem store isbjerge i den arktiske natur i Gr\u00f8nland.","og_url":"https:\/\/guidetogreenland.com\/da\/reserver-ferie-rejser\/eqi-den-kaelvende-gletsjer-paakitsoq-ilulissat-diskobugten\/","og_site_name":"Guide to Greenland","article_modified_time":"2025-09-10T06:22:44+00:00","og_image":[{"width":1565,"height":1174,"url":"https:\/\/guidetogreenland.com\/wp-content\/uploads\/2020\/05\/the-calving-glacier-eqi-paakitsoq-ilulissat-disko-bay-Guide-to-Greenland9.jpg","type":"image\/jpeg"}],"twitter_card":"summary_large_image","twitter_misc":{"Estimeret l\u00e6setid":"2 minutter"},"schema":{"@context":"https:\/\/schema.org","@graph":[{"@type":"WebPage","@id":"https:\/\/guidetogreenland.com\/da\/reserver-ferie-rejser\/eqi-den-kaelvende-gletsjer-paakitsoq-ilulissat-diskobugten\/","url":"https:\/\/guidetogreenland.com\/da\/reserver-ferie-rejser\/eqi-den-kaelvende-gletsjer-paakitsoq-ilulissat-diskobugten\/","name":"Eqi, den k\u00e6lvende gletsjer & Paakitsoq | Ilulissat | Diskobugten | Guide to Greenland","isPartOf":{"@id":"https:\/\/guidetogreenland.com\/da\/#website"},"primaryImageOfPage":{"@id":"https:\/\/guidetogreenland.com\/da\/reserver-ferie-rejser\/eqi-den-kaelvende-gletsjer-paakitsoq-ilulissat-diskobugten\/#primaryimage"},"image":{"@id":"https:\/\/guidetogreenland.com\/da\/reserver-ferie-rejser\/eqi-den-kaelvende-gletsjer-paakitsoq-ilulissat-diskobugten\/#primaryimage"},"thumbnailUrl":"https:\/\/guidetogreenland.com\/wp-content\/uploads\/2020\/05\/the-calving-glacier-eqi-paakitsoq-ilulissat-disko-bay-Guide-to-Greenland9.jpg","datePublished":"2020-06-15T11:24:42+00:00","dateModified":"2025-09-10T06:22:44+00:00","description":"Sejl gennem UNESCO-stedet Ilulissat Icefjord til den k\u00e6lvende gletscher Eqi. Rejs mellem store isbjerge i den arktiske natur i Gr\u00f8nland.","breadcrumb":{"@id":"https:\/\/guidetogreenland.com\/da\/reserver-ferie-rejser\/eqi-den-kaelvende-gletsjer-paakitsoq-ilulissat-diskobugten\/#breadcrumb"},"inLanguage":"da-DK","potentialAction":[{"@type":"ReadAction","target":["https:\/\/guidetogreenland.com\/da\/reserver-ferie-rejser\/eqi-den-kaelvende-gletsjer-paakitsoq-ilulissat-diskobugten\/"]}]},{"@type":"ImageObject","inLanguage":"da-DK","@id":"https:\/\/guidetogreenland.com\/da\/reserver-ferie-rejser\/eqi-den-kaelvende-gletsjer-paakitsoq-ilulissat-diskobugten\/#primaryimage","url":"https:\/\/guidetogreenland.com\/wp-content\/uploads\/2020\/05\/the-calving-glacier-eqi-paakitsoq-ilulissat-disko-bay-Guide-to-Greenland9.jpg","contentUrl":"https:\/\/guidetogreenland.com\/wp-content\/uploads\/2020\/05\/the-calving-glacier-eqi-paakitsoq-ilulissat-disko-bay-Guide-to-Greenland9.jpg","width":1565,"height":1174},{"@type":"BreadcrumbList","@id":"https:\/\/guidetogreenland.com\/da\/reserver-ferie-rejser\/eqi-den-kaelvende-gletsjer-paakitsoq-ilulissat-diskobugten\/#breadcrumb","itemListElement":[{"@type":"ListItem","position":1,"name":"Home","item":"https:\/\/guidetogreenland.com\/da\/"},{"@type":"ListItem","position":2,"name":"Se alle ture","item":"https:\/\/guidetogreenland.com\/da\/reserver-ferie-rejser\/"},{"@type":"ListItem","position":3,"name":"Eqi, den k\u00e6lvende gletsjer &#038; Paakitsoq | Ilulissat | Diskobugten"}]},{"@type":"WebSite","@id":"https:\/\/guidetogreenland.com\/da\/#website","url":"https:\/\/guidetogreenland.com\/da\/","name":"Guide to Greenland","description":"Largest selection of tours in Greenland","potentialAction":[{"@type":"SearchAction","target":{"@type":"EntryPoint","urlTemplate":"https:\/\/guidetogreenland.com\/da\/?s={search_term_string}"},"query-input":{"@type":"PropertyValueSpecification","valueRequired":true,"valueName":"search_term_string"}}],"inLanguage":"da-DK"}]}},"_links":{"self":[{"href":"https:\/\/guidetogreenland.com\/da\/wp-json\/wp\/v2\/product\/16392","targetHints":{"allow":["GET"]}}],"collection":[{"href":"https:\/\/guidetogreenland.com\/da\/wp-json\/wp\/v2\/product"}],"about":[{"href":"https:\/\/guidetogreenland.com\/da\/wp-json\/wp\/v2\/types\/product"}],"replies":[{"embeddable":true,"href":"https:\/\/guidetogreenland.com\/da\/wp-json\/wp\/v2\/comments?post=16392"}],"wp:featuredmedia":[{"embeddable":true,"href":"https:\/\/guidetogreenland.com\/da\/wp-json\/wp\/v2\/media\/16394"}],"wp:attachment":[{"href":"https:\/\/guidetogreenland.com\/da\/wp-json\/wp\/v2\/media?parent=16392"}],"wp:term":[{"taxonomy":"product_brand","embeddable":true,"href":"https:\/\/guidetogreenland.com\/da\/wp-json\/wp\/v2\/product_brand?post=16392"},{"taxonomy":"product_cat","embeddable":true,"href":"https:\/\/guidetogreenland.com\/da\/wp-json\/wp\/v2\/product_cat?post=16392"},{"taxonomy":"product_tag","embeddable":true,"href":"https:\/\/guidetogreenland.com\/da\/wp-json\/wp\/v2\/product_tag?post=16392"}],"curies":[{"name":"wp","href":"https:\/\/api.w.org\/{rel}","templated":true}]}}