{"id":16422,"date":"2020-05-28T13:17:07","date_gmt":"2020-05-28T13:17:07","guid":{"rendered":"https:\/\/guidetogreenland.com\/book-trips-holiday\/ilimanaq-settlement-visit-private-tour-ilulissat-disko-bay\/"},"modified":"2023-05-14T11:32:42","modified_gmt":"2023-05-14T14:32:42","slug":"ilimanaq-settlement-visit-private-tour-ilulissat-disko-bay","status":"publish","type":"product","link":"https:\/\/guidetogreenland.com\/da\/reserver-ferie-rejser\/besog-bygden-ilimanaq-ilulissat-diskobugten\/","title":{"rendered":"Bes\u00f8g bygden Ilimanaq | Ilulissat | Diskobugten"},"content":{"rendered":"<p class=\"x-18pep25\">Kom med p\u00e5 denne tur og se hvad der gemmer sig p\u00e5 den anden side af isfjorden ved Ilulissat &#8211; hvor du finder den lille hyggelige bygd Ilimanaq.<\/p>\n<p class=\"x-18pep25\">At chartre en b\u00e5d er en nem og god m\u00e5de at opleve Ilulissat omr\u00e5dets h\u00f8jdepunkter til s\u00f8s p\u00e5. Du bestiller turen og s\u00e5 s\u00f8rger vi for at hente dig p\u00e5 dit valgte afhentningssted &#8211; lidt ligesom en taxi.<\/p>\n<p class=\"e1imf5dp0 x-jm2771\">Vi sejler ud fra havnen i Ilulissat og s\u00e6tter kursen mod den flotte Ilulissat Isfjord, der siden 2004 har v\u00e6ret p\u00e5 UNESCO&#8217;s Verdenarvs liste. At sejle over fjorden til Ilimanaq vil tage omkring 45 minutter, tiden kan dog variere alt efter isfor<span class=\"x-12abj6v e1uuu2lt3\">holdene. Her kan du p\u00e5 turen nyde udsigten til de store isbjerge, der stille flyder forbi i deres lange rejse til det store hav. Nogle af isbjergene er s\u00e5 store som sm\u00e5 \u00f8er og andre er mere som flotte skulpturer i bl\u00e5 og hvide nuancer.<\/span><\/p>\n<p class=\"e1imf5dp0 x-jm2771\"><span class=\"x-12abj6v e1uuu2lt3\">N\u00e5r vi er kommet over isfjorden finder vi Ilimanaq ligge fredfyldt med sine farverige huse p\u00e5 den anden side. P\u00e5 land vil kaptajnen tage dig med p\u00e5 en guidet tur rundt i byen. Undervejs vil han fort\u00e6lle om stedets historie og hvordan dagligdagen er, alt imens isbjergene stille flyder forbi p\u00e5 havet.<\/span><\/p>\n<p class=\"e1imf5dp0 x-jm2771\"><span class=\"x-12abj6v e1uuu2lt3\">Grib denne chance for at bes\u00f8ge en lille gr\u00f8nlandsk bygd og l\u00e6r om kulturen og livet her. Se tilg\u00e6ngeligheden ved at trykke p\u00e5 &#8216;V\u00e6lg en dag&#8217; og book din tur i dag.<\/span><\/p>\n","protected":false},"excerpt":{"rendered":"Kom med p\u00e5 denne tur og se hvad der gemmer sig p\u00e5 den anden side af isfjorden ved Ilulissat &#8211; hvor du finder den lille hyggelige bygd Ilimanaq. At chartre en b\u00e5d er en nem og god m\u00e5de at opleve Ilulissat omr\u00e5dets h\u00f8jdepunkter til s\u00f8s p\u00e5. Du bestiller turen og s\u00e5 s\u00f8rger vi for at&#8230;","protected":false},"featured_media":28866,"comment_status":"open","ping_status":"closed","template":"","meta":[],"product_brand":[],"product_cat":[594,621,605,629,622,624,692,617,612,593,627,643,644,625],"product_tag":[919],"class_list":{"0":"post-16422","1":"product","2":"type-product","3":"status-publish","4":"has-post-thumbnail","6":"product_cat-baadture","7":"product_cat-charterture","8":"product_cat-dagsture-om-sommeren","9":"product_cat-disko-bugten","10":"product_cat-groenlandsk-kultur","11":"product_cat-historiske-ture","12":"product_cat-iceberg-icefjord-tours","13":"product_cat-ilulissat-isfjord-ture","14":"product_cat-natur-og-dyreliv-i-groenland","15":"product_cat-oplevelser-i-groenland","16":"product_cat-ture-i-bestemte-omraader","17":"product_cat-ture-i-hver-by","18":"product_cat-ture-i-ilulissat","19":"product_cat-ture-til-verdensarv-steder-i-groenland","20":"product_tag-ilulissat-da","21":"pa_activities-baadtur","22":"pa_activities-isbjerg-udsigt","23":"pa_activities-charterrede-ture","24":"pa_activities-bygdebesoeg","25":"pa_attractions-ilimanaq","26":"pa_attractions-disko-bay-da","27":"pa_available-month-maj","28":"pa_available-month-juni","29":"pa_available-month-juli","30":"pa_available-month-august","31":"pa_available-month-september","32":"pa_available-month-oktober","33":"pa_available-month-november","34":"pa_destinations-ilulissat","35":"pa_difficulty-let","36":"pa_duration-3-timer","37":"pa_tour-type-dagsture","38":"yith_shop_vendor-ilulissat-water-tours-da","40":"first","41":"instock","42":"virtual","43":"sold-individually","44":"purchasable","45":"product-type-booking"},"acf":[],"yoast_head":"<!-- This site is optimized with the Yoast SEO plugin v25.6 - https:\/\/yoast.com\/wordpress\/plugins\/seo\/ -->\n<title>Bes\u00f8g bygden Ilimanaq | Ilulissat | Diskobugten | Guide to Greenland<\/title>\n<meta name=\"robots\" content=\"index, follow, max-snippet:-1, max-image-preview:large, max-video-preview:-1\" \/>\n<link rel=\"canonical\" href=\"https:\/\/guidetogreenland.com\/da\/reserver-ferie-rejser\/besog-bygden-ilimanaq-ilulissat-diskobugten\/\" \/>\n<meta property=\"og:locale\" content=\"da_DK\" \/>\n<meta property=\"og:type\" content=\"article\" \/>\n<meta property=\"og:title\" content=\"Bes\u00f8g bygden Ilimanaq | Ilulissat | Diskobugten | Guide to Greenland\" \/>\n<meta property=\"og:description\" content=\"Kom med p\u00e5 denne tur og se hvad der gemmer sig p\u00e5 den anden side af isfjorden ved Ilulissat &#8211; hvor du finder den lille hyggelige bygd Ilimanaq. At chartre en b\u00e5d er en nem og god m\u00e5de at opleve Ilulissat omr\u00e5dets h\u00f8jdepunkter til s\u00f8s p\u00e5. Du bestiller turen og s\u00e5 s\u00f8rger vi for at...\" \/>\n<meta property=\"og:url\" content=\"https:\/\/guidetogreenland.com\/da\/reserver-ferie-rejser\/besog-bygden-ilimanaq-ilulissat-diskobugten\/\" \/>\n<meta property=\"og:site_name\" content=\"Guide to Greenland\" \/>\n<meta property=\"article:modified_time\" content=\"2023-05-14T14:32:42+00:00\" \/>\n<meta property=\"og:image\" content=\"https:\/\/guidetogreenland.com\/wp-content\/uploads\/2020\/05\/ilimanaq-settlement-visit-private-tour-ilulissat-disko-bay-Guide-to-Greenland7.jpeg\" \/>\n\t<meta property=\"og:image:width\" content=\"2453\" \/>\n\t<meta property=\"og:image:height\" content=\"1380\" \/>\n\t<meta property=\"og:image:type\" content=\"image\/jpeg\" \/>\n<meta name=\"twitter:card\" content=\"summary_large_image\" \/>\n<meta name=\"twitter:label1\" content=\"Estimeret l\u00e6setid\" \/>\n\t<meta name=\"twitter:data1\" content=\"2 minutter\" \/>\n<script type=\"application\/ld+json\" class=\"yoast-schema-graph\">{\"@context\":\"https:\/\/schema.org\",\"@graph\":[{\"@type\":\"WebPage\",\"@id\":\"https:\/\/guidetogreenland.com\/da\/reserver-ferie-rejser\/besog-bygden-ilimanaq-ilulissat-diskobugten\/\",\"url\":\"https:\/\/guidetogreenland.com\/da\/reserver-ferie-rejser\/besog-bygden-ilimanaq-ilulissat-diskobugten\/\",\"name\":\"Bes\u00f8g bygden Ilimanaq | Ilulissat | Diskobugten | Guide to Greenland\",\"isPartOf\":{\"@id\":\"https:\/\/guidetogreenland.com\/da\/#website\"},\"primaryImageOfPage\":{\"@id\":\"https:\/\/guidetogreenland.com\/da\/reserver-ferie-rejser\/besog-bygden-ilimanaq-ilulissat-diskobugten\/#primaryimage\"},\"image\":{\"@id\":\"https:\/\/guidetogreenland.com\/da\/reserver-ferie-rejser\/besog-bygden-ilimanaq-ilulissat-diskobugten\/#primaryimage\"},\"thumbnailUrl\":\"https:\/\/guidetogreenland.com\/wp-content\/uploads\/2022\/08\/ilimanaq-village-3.jpg\",\"datePublished\":\"2020-05-28T13:17:07+00:00\",\"dateModified\":\"2023-05-14T14:32:42+00:00\",\"breadcrumb\":{\"@id\":\"https:\/\/guidetogreenland.com\/da\/reserver-ferie-rejser\/besog-bygden-ilimanaq-ilulissat-diskobugten\/#breadcrumb\"},\"inLanguage\":\"da-DK\",\"potentialAction\":[{\"@type\":\"ReadAction\",\"target\":[\"https:\/\/guidetogreenland.com\/da\/reserver-ferie-rejser\/besog-bygden-ilimanaq-ilulissat-diskobugten\/\"]}]},{\"@type\":\"ImageObject\",\"inLanguage\":\"da-DK\",\"@id\":\"https:\/\/guidetogreenland.com\/da\/reserver-ferie-rejser\/besog-bygden-ilimanaq-ilulissat-diskobugten\/#primaryimage\",\"url\":\"https:\/\/guidetogreenland.com\/wp-content\/uploads\/2022\/08\/ilimanaq-village-3.jpg\",\"contentUrl\":\"https:\/\/guidetogreenland.com\/wp-content\/uploads\/2022\/08\/ilimanaq-village-3.jpg\",\"width\":883,\"height\":625},{\"@type\":\"BreadcrumbList\",\"@id\":\"https:\/\/guidetogreenland.com\/da\/reserver-ferie-rejser\/besog-bygden-ilimanaq-ilulissat-diskobugten\/#breadcrumb\",\"itemListElement\":[{\"@type\":\"ListItem\",\"position\":1,\"name\":\"Home\",\"item\":\"https:\/\/guidetogreenland.com\/da\/\"},{\"@type\":\"ListItem\",\"position\":2,\"name\":\"Se alle ture\",\"item\":\"https:\/\/guidetogreenland.com\/da\/reserver-ferie-rejser\/\"},{\"@type\":\"ListItem\",\"position\":3,\"name\":\"Bes\u00f8g bygden Ilimanaq | Ilulissat | Diskobugten\"}]},{\"@type\":\"WebSite\",\"@id\":\"https:\/\/guidetogreenland.com\/da\/#website\",\"url\":\"https:\/\/guidetogreenland.com\/da\/\",\"name\":\"Guide to Greenland\",\"description\":\"Largest selection of tours in Greenland\",\"potentialAction\":[{\"@type\":\"SearchAction\",\"target\":{\"@type\":\"EntryPoint\",\"urlTemplate\":\"https:\/\/guidetogreenland.com\/da\/?s={search_term_string}\"},\"query-input\":{\"@type\":\"PropertyValueSpecification\",\"valueRequired\":true,\"valueName\":\"search_term_string\"}}],\"inLanguage\":\"da-DK\"}]}<\/script>\n<!-- \/ Yoast SEO plugin. -->","yoast_head_json":{"title":"Bes\u00f8g bygden Ilimanaq | Ilulissat | Diskobugten | Guide to Greenland","robots":{"index":"index","follow":"follow","max-snippet":"max-snippet:-1","max-image-preview":"max-image-preview:large","max-video-preview":"max-video-preview:-1"},"canonical":"https:\/\/guidetogreenland.com\/da\/reserver-ferie-rejser\/besog-bygden-ilimanaq-ilulissat-diskobugten\/","og_locale":"da_DK","og_type":"article","og_title":"Bes\u00f8g bygden Ilimanaq | Ilulissat | Diskobugten | Guide to Greenland","og_description":"Kom med p\u00e5 denne tur og se hvad der gemmer sig p\u00e5 den anden side af isfjorden ved Ilulissat &#8211; hvor du finder den lille hyggelige bygd Ilimanaq. At chartre en b\u00e5d er en nem og god m\u00e5de at opleve Ilulissat omr\u00e5dets h\u00f8jdepunkter til s\u00f8s p\u00e5. Du bestiller turen og s\u00e5 s\u00f8rger vi for at...","og_url":"https:\/\/guidetogreenland.com\/da\/reserver-ferie-rejser\/besog-bygden-ilimanaq-ilulissat-diskobugten\/","og_site_name":"Guide to Greenland","article_modified_time":"2023-05-14T14:32:42+00:00","og_image":[{"width":2453,"height":1380,"url":"https:\/\/guidetogreenland.com\/wp-content\/uploads\/2020\/05\/ilimanaq-settlement-visit-private-tour-ilulissat-disko-bay-Guide-to-Greenland7.jpeg","type":"image\/jpeg"}],"twitter_card":"summary_large_image","twitter_misc":{"Estimeret l\u00e6setid":"2 minutter"},"schema":{"@context":"https:\/\/schema.org","@graph":[{"@type":"WebPage","@id":"https:\/\/guidetogreenland.com\/da\/reserver-ferie-rejser\/besog-bygden-ilimanaq-ilulissat-diskobugten\/","url":"https:\/\/guidetogreenland.com\/da\/reserver-ferie-rejser\/besog-bygden-ilimanaq-ilulissat-diskobugten\/","name":"Bes\u00f8g bygden Ilimanaq | Ilulissat | Diskobugten | Guide to Greenland","isPartOf":{"@id":"https:\/\/guidetogreenland.com\/da\/#website"},"primaryImageOfPage":{"@id":"https:\/\/guidetogreenland.com\/da\/reserver-ferie-rejser\/besog-bygden-ilimanaq-ilulissat-diskobugten\/#primaryimage"},"image":{"@id":"https:\/\/guidetogreenland.com\/da\/reserver-ferie-rejser\/besog-bygden-ilimanaq-ilulissat-diskobugten\/#primaryimage"},"thumbnailUrl":"https:\/\/guidetogreenland.com\/wp-content\/uploads\/2022\/08\/ilimanaq-village-3.jpg","datePublished":"2020-05-28T13:17:07+00:00","dateModified":"2023-05-14T14:32:42+00:00","breadcrumb":{"@id":"https:\/\/guidetogreenland.com\/da\/reserver-ferie-rejser\/besog-bygden-ilimanaq-ilulissat-diskobugten\/#breadcrumb"},"inLanguage":"da-DK","potentialAction":[{"@type":"ReadAction","target":["https:\/\/guidetogreenland.com\/da\/reserver-ferie-rejser\/besog-bygden-ilimanaq-ilulissat-diskobugten\/"]}]},{"@type":"ImageObject","inLanguage":"da-DK","@id":"https:\/\/guidetogreenland.com\/da\/reserver-ferie-rejser\/besog-bygden-ilimanaq-ilulissat-diskobugten\/#primaryimage","url":"https:\/\/guidetogreenland.com\/wp-content\/uploads\/2022\/08\/ilimanaq-village-3.jpg","contentUrl":"https:\/\/guidetogreenland.com\/wp-content\/uploads\/2022\/08\/ilimanaq-village-3.jpg","width":883,"height":625},{"@type":"BreadcrumbList","@id":"https:\/\/guidetogreenland.com\/da\/reserver-ferie-rejser\/besog-bygden-ilimanaq-ilulissat-diskobugten\/#breadcrumb","itemListElement":[{"@type":"ListItem","position":1,"name":"Home","item":"https:\/\/guidetogreenland.com\/da\/"},{"@type":"ListItem","position":2,"name":"Se alle ture","item":"https:\/\/guidetogreenland.com\/da\/reserver-ferie-rejser\/"},{"@type":"ListItem","position":3,"name":"Bes\u00f8g bygden Ilimanaq | Ilulissat | Diskobugten"}]},{"@type":"WebSite","@id":"https:\/\/guidetogreenland.com\/da\/#website","url":"https:\/\/guidetogreenland.com\/da\/","name":"Guide to Greenland","description":"Largest selection of tours in Greenland","potentialAction":[{"@type":"SearchAction","target":{"@type":"EntryPoint","urlTemplate":"https:\/\/guidetogreenland.com\/da\/?s={search_term_string}"},"query-input":{"@type":"PropertyValueSpecification","valueRequired":true,"valueName":"search_term_string"}}],"inLanguage":"da-DK"}]}},"_links":{"self":[{"href":"https:\/\/guidetogreenland.com\/da\/wp-json\/wp\/v2\/product\/16422","targetHints":{"allow":["GET"]}}],"collection":[{"href":"https:\/\/guidetogreenland.com\/da\/wp-json\/wp\/v2\/product"}],"about":[{"href":"https:\/\/guidetogreenland.com\/da\/wp-json\/wp\/v2\/types\/product"}],"replies":[{"embeddable":true,"href":"https:\/\/guidetogreenland.com\/da\/wp-json\/wp\/v2\/comments?post=16422"}],"wp:featuredmedia":[{"embeddable":true,"href":"https:\/\/guidetogreenland.com\/da\/wp-json\/wp\/v2\/media\/28866"}],"wp:attachment":[{"href":"https:\/\/guidetogreenland.com\/da\/wp-json\/wp\/v2\/media?parent=16422"}],"wp:term":[{"taxonomy":"product_brand","embeddable":true,"href":"https:\/\/guidetogreenland.com\/da\/wp-json\/wp\/v2\/product_brand?post=16422"},{"taxonomy":"product_cat","embeddable":true,"href":"https:\/\/guidetogreenland.com\/da\/wp-json\/wp\/v2\/product_cat?post=16422"},{"taxonomy":"product_tag","embeddable":true,"href":"https:\/\/guidetogreenland.com\/da\/wp-json\/wp\/v2\/product_tag?post=16422"}],"curies":[{"name":"wp","href":"https:\/\/api.w.org\/{rel}","templated":true}]}}