{"id":16431,"date":"2020-06-09T12:54:25","date_gmt":"2020-06-09T12:54:25","guid":{"rendered":"https:\/\/guidetogreenland.com\/book-trips-holiday\/inuit-hike-sisimiut-west-greenland\/"},"modified":"2021-03-15T01:43:12","modified_gmt":"2021-03-15T01:43:12","slug":"inuit-hike-sisimiut-west-greenland","status":"publish","type":"product","link":"https:\/\/guidetogreenland.com\/da\/reserver-ferie-rejser\/vandretur-tilbage-i-tiden-sisimiut-vestgronland\/","title":{"rendered":"Vandretur Tilbage i Tiden | Sisimiut | Vestgr\u00f8nland"},"content":{"rendered":"<p class=\"x-18pep25\">Kom med p\u00e5 en tur tilbage i tiden og oplev steder hvor mennesker har boet gennem 4.000 \u00e5r. Sisimiut er Gr\u00f8nland&#8217;s n\u00e6stst\u00f8rste by med en flot placering ud mod havet, omringet af skyh\u00f8je bjerge lige nord for den arktiske cirkel. Om sommeren vil du opleve den endel\u00f8se sommer nat hvor solen aldrig g\u00e5r ned.<\/p>\n<p class=\"e1imf5dp0 x-jm2771\">Denne tur tager dig over til \u00f8en Sallinnguit over sat til &#8220;Tele \u00d8en&#8221;, da det er stedet hvor telekommunikationen er placeret. Denne \u00f8 har v\u00e6ret et attraktivt sted gennem tusinde \u00e5r hele vejen tilbage til Saqqa, Dorset folket hele vejen til Thule folket, hvor idag er stedet for rejefabrikken ejet a<span class=\"x-12abj6v e1uuu2lt3\">f Royal Greenland. \u00d8en er ogs\u00e5 hjemmet til gamle bygninger fra den industrialiseret periode i Gr\u00f8nland. Sallinnguit \u00f8en er ikke l\u00e6ngere en \u00f8 for sig selv, idag er der blevet bygget en bro der f\u00f8rer \u00f8en sammen med byen, da den har v\u00e6ret med til at udvikle byen. P\u00e5 denne tur vil du blive taget igennem stedet og dets baggrund. Du vil h\u00f8re om den gr\u00f8nlandske kultur, f\u00f8r den europ\u00e6iske indflydelse tr\u00e5dte ind. Derfra vil du yderligere h\u00f8re om de tidlige koloniseringsdage og historien frem til i dag. Du vil se ruiner fra flere perioder og se landet, der var de kendte steder at jage og en blanding af historiske og moderne bygninger. S\u00e5 bind dine sn\u00f8reb\u00e5nd og medbring dine stave til denne tur i jagt p\u00e5 forsvundne tider. Se tilg\u00e6ngeligheden ved at trykke p\u00e5 &#8216;V\u00e6lg dato&#8217; og book din tur ovenover.<\/span><\/p>\n","protected":false},"excerpt":{"rendered":"Kom med p\u00e5 en tur tilbage i tiden og oplev steder hvor mennesker har boet gennem 4.000 \u00e5r. Sisimiut er Gr\u00f8nland&#8217;s n\u00e6stst\u00f8rste by med en flot placering ud mod havet, omringet af skyh\u00f8je bjerge lige nord for den arktiske cirkel. Om sommeren vil du opleve den endel\u00f8se sommer nat hvor solen aldrig g\u00e5r ned. Denne&#8230;","protected":false},"featured_media":16432,"comment_status":"open","ping_status":"closed","template":"","meta":[],"product_brand":[],"product_cat":[628,624,623,593,634,657,608,633],"product_tag":[936],"class_list":{"0":"post-16431","1":"product","2":"type-product","3":"status-publish","4":"has-post-thumbnail","6":"product_cat-arctic-circle-trail","7":"product_cat-historiske-ture","8":"product_cat-kulturelle-aktiviteter","9":"product_cat-oplevelser-i-groenland","10":"product_cat-ture-for-krydstogtgaester","11":"product_cat-ture-i-sisimiut","12":"product_cat-vandre-og-trekkingture","13":"product_cat-vestgroenland","14":"product_tag-sisimiut-da","15":"pa_activities-vandretur","16":"pa_activities-groenlandsk-kultur","17":"pa_available-month-juni","18":"pa_available-month-juli","19":"pa_available-month-august","20":"pa_available-month-september","21":"pa_available-month-oktober","22":"pa_destinations-sisimiut","23":"pa_difficulty-moderat","24":"pa_duration-3-timer","25":"pa_tour-type-dagsture","26":"yith_shop_vendor-hotel-sisimiut-tours-da","28":"first","29":"instock","30":"virtual","31":"sold-individually","32":"purchasable","33":"product-type-booking"},"acf":[],"yoast_head":"<!-- This site is optimized with the Yoast SEO plugin v25.6 - https:\/\/yoast.com\/wordpress\/plugins\/seo\/ -->\n<title>Vandretur Tilbage i Tiden | Sisimiut | Vestgr\u00f8nland | Guide to Greenland<\/title>\n<meta name=\"description\" content=\"Rejs tilbage i tiden og oplev Sisimiuts fortid. Inuitkulturen og den nuv\u00e6rende kultur i Gr\u00f8nland opdages af dig p\u00e5 denne tur!\" \/>\n<meta name=\"robots\" content=\"index, follow, max-snippet:-1, max-image-preview:large, max-video-preview:-1\" \/>\n<link rel=\"canonical\" href=\"https:\/\/guidetogreenland.com\/da\/reserver-ferie-rejser\/vandretur-tilbage-i-tiden-sisimiut-vestgronland\/\" \/>\n<meta property=\"og:locale\" content=\"da_DK\" \/>\n<meta property=\"og:type\" content=\"article\" \/>\n<meta property=\"og:title\" content=\"Vandretur Tilbage i Tiden | Sisimiut | Vestgr\u00f8nland | Guide to Greenland\" \/>\n<meta property=\"og:description\" content=\"Rejs tilbage i tiden og oplev Sisimiuts fortid. Inuitkulturen og den nuv\u00e6rende kultur i Gr\u00f8nland opdages af dig p\u00e5 denne tur!\" \/>\n<meta property=\"og:url\" content=\"https:\/\/guidetogreenland.com\/da\/reserver-ferie-rejser\/vandretur-tilbage-i-tiden-sisimiut-vestgronland\/\" \/>\n<meta property=\"og:site_name\" content=\"Guide to Greenland\" \/>\n<meta property=\"article:modified_time\" content=\"2021-03-15T01:43:12+00:00\" \/>\n<meta property=\"og:image\" content=\"https:\/\/guidetogreenland.com\/wp-content\/uploads\/2020\/05\/Inuit-Hike-Sisimiut-West-Greenland-Guide-to-Greenland1.jpg\" \/>\n\t<meta property=\"og:image:width\" content=\"883\" \/>\n\t<meta property=\"og:image:height\" content=\"662\" \/>\n\t<meta property=\"og:image:type\" content=\"image\/jpeg\" \/>\n<meta name=\"twitter:card\" content=\"summary_large_image\" \/>\n<meta name=\"twitter:label1\" content=\"Estimeret l\u00e6setid\" \/>\n\t<meta name=\"twitter:data1\" content=\"2 minutter\" \/>\n<script type=\"application\/ld+json\" class=\"yoast-schema-graph\">{\"@context\":\"https:\/\/schema.org\",\"@graph\":[{\"@type\":\"WebPage\",\"@id\":\"https:\/\/guidetogreenland.com\/da\/reserver-ferie-rejser\/vandretur-tilbage-i-tiden-sisimiut-vestgronland\/\",\"url\":\"https:\/\/guidetogreenland.com\/da\/reserver-ferie-rejser\/vandretur-tilbage-i-tiden-sisimiut-vestgronland\/\",\"name\":\"Vandretur Tilbage i Tiden | Sisimiut | Vestgr\u00f8nland | Guide to Greenland\",\"isPartOf\":{\"@id\":\"https:\/\/guidetogreenland.com\/da\/#website\"},\"primaryImageOfPage\":{\"@id\":\"https:\/\/guidetogreenland.com\/da\/reserver-ferie-rejser\/vandretur-tilbage-i-tiden-sisimiut-vestgronland\/#primaryimage\"},\"image\":{\"@id\":\"https:\/\/guidetogreenland.com\/da\/reserver-ferie-rejser\/vandretur-tilbage-i-tiden-sisimiut-vestgronland\/#primaryimage\"},\"thumbnailUrl\":\"https:\/\/guidetogreenland.com\/wp-content\/uploads\/2020\/05\/Inuit-Hike-Sisimiut-West-Greenland-Guide-to-Greenland1.jpg\",\"datePublished\":\"2020-06-09T12:54:25+00:00\",\"dateModified\":\"2021-03-15T01:43:12+00:00\",\"description\":\"Rejs tilbage i tiden og oplev Sisimiuts fortid. Inuitkulturen og den nuv\u00e6rende kultur i Gr\u00f8nland opdages af dig p\u00e5 denne tur!\",\"breadcrumb\":{\"@id\":\"https:\/\/guidetogreenland.com\/da\/reserver-ferie-rejser\/vandretur-tilbage-i-tiden-sisimiut-vestgronland\/#breadcrumb\"},\"inLanguage\":\"da-DK\",\"potentialAction\":[{\"@type\":\"ReadAction\",\"target\":[\"https:\/\/guidetogreenland.com\/da\/reserver-ferie-rejser\/vandretur-tilbage-i-tiden-sisimiut-vestgronland\/\"]}]},{\"@type\":\"ImageObject\",\"inLanguage\":\"da-DK\",\"@id\":\"https:\/\/guidetogreenland.com\/da\/reserver-ferie-rejser\/vandretur-tilbage-i-tiden-sisimiut-vestgronland\/#primaryimage\",\"url\":\"https:\/\/guidetogreenland.com\/wp-content\/uploads\/2020\/05\/Inuit-Hike-Sisimiut-West-Greenland-Guide-to-Greenland1.jpg\",\"contentUrl\":\"https:\/\/guidetogreenland.com\/wp-content\/uploads\/2020\/05\/Inuit-Hike-Sisimiut-West-Greenland-Guide-to-Greenland1.jpg\",\"width\":883,\"height\":662},{\"@type\":\"BreadcrumbList\",\"@id\":\"https:\/\/guidetogreenland.com\/da\/reserver-ferie-rejser\/vandretur-tilbage-i-tiden-sisimiut-vestgronland\/#breadcrumb\",\"itemListElement\":[{\"@type\":\"ListItem\",\"position\":1,\"name\":\"Home\",\"item\":\"https:\/\/guidetogreenland.com\/da\/\"},{\"@type\":\"ListItem\",\"position\":2,\"name\":\"Se alle ture\",\"item\":\"https:\/\/guidetogreenland.com\/da\/reserver-ferie-rejser\/\"},{\"@type\":\"ListItem\",\"position\":3,\"name\":\"Vandretur Tilbage i Tiden | Sisimiut | Vestgr\u00f8nland\"}]},{\"@type\":\"WebSite\",\"@id\":\"https:\/\/guidetogreenland.com\/da\/#website\",\"url\":\"https:\/\/guidetogreenland.com\/da\/\",\"name\":\"Guide to Greenland\",\"description\":\"Largest selection of tours in Greenland\",\"potentialAction\":[{\"@type\":\"SearchAction\",\"target\":{\"@type\":\"EntryPoint\",\"urlTemplate\":\"https:\/\/guidetogreenland.com\/da\/?s={search_term_string}\"},\"query-input\":{\"@type\":\"PropertyValueSpecification\",\"valueRequired\":true,\"valueName\":\"search_term_string\"}}],\"inLanguage\":\"da-DK\"}]}<\/script>\n<!-- \/ Yoast SEO plugin. -->","yoast_head_json":{"title":"Vandretur Tilbage i Tiden | Sisimiut | Vestgr\u00f8nland | Guide to Greenland","description":"Rejs tilbage i tiden og oplev Sisimiuts fortid. Inuitkulturen og den nuv\u00e6rende kultur i Gr\u00f8nland opdages af dig p\u00e5 denne tur!","robots":{"index":"index","follow":"follow","max-snippet":"max-snippet:-1","max-image-preview":"max-image-preview:large","max-video-preview":"max-video-preview:-1"},"canonical":"https:\/\/guidetogreenland.com\/da\/reserver-ferie-rejser\/vandretur-tilbage-i-tiden-sisimiut-vestgronland\/","og_locale":"da_DK","og_type":"article","og_title":"Vandretur Tilbage i Tiden | Sisimiut | Vestgr\u00f8nland | Guide to Greenland","og_description":"Rejs tilbage i tiden og oplev Sisimiuts fortid. Inuitkulturen og den nuv\u00e6rende kultur i Gr\u00f8nland opdages af dig p\u00e5 denne tur!","og_url":"https:\/\/guidetogreenland.com\/da\/reserver-ferie-rejser\/vandretur-tilbage-i-tiden-sisimiut-vestgronland\/","og_site_name":"Guide to Greenland","article_modified_time":"2021-03-15T01:43:12+00:00","og_image":[{"width":883,"height":662,"url":"https:\/\/guidetogreenland.com\/wp-content\/uploads\/2020\/05\/Inuit-Hike-Sisimiut-West-Greenland-Guide-to-Greenland1.jpg","type":"image\/jpeg"}],"twitter_card":"summary_large_image","twitter_misc":{"Estimeret l\u00e6setid":"2 minutter"},"schema":{"@context":"https:\/\/schema.org","@graph":[{"@type":"WebPage","@id":"https:\/\/guidetogreenland.com\/da\/reserver-ferie-rejser\/vandretur-tilbage-i-tiden-sisimiut-vestgronland\/","url":"https:\/\/guidetogreenland.com\/da\/reserver-ferie-rejser\/vandretur-tilbage-i-tiden-sisimiut-vestgronland\/","name":"Vandretur Tilbage i Tiden | Sisimiut | Vestgr\u00f8nland | Guide to Greenland","isPartOf":{"@id":"https:\/\/guidetogreenland.com\/da\/#website"},"primaryImageOfPage":{"@id":"https:\/\/guidetogreenland.com\/da\/reserver-ferie-rejser\/vandretur-tilbage-i-tiden-sisimiut-vestgronland\/#primaryimage"},"image":{"@id":"https:\/\/guidetogreenland.com\/da\/reserver-ferie-rejser\/vandretur-tilbage-i-tiden-sisimiut-vestgronland\/#primaryimage"},"thumbnailUrl":"https:\/\/guidetogreenland.com\/wp-content\/uploads\/2020\/05\/Inuit-Hike-Sisimiut-West-Greenland-Guide-to-Greenland1.jpg","datePublished":"2020-06-09T12:54:25+00:00","dateModified":"2021-03-15T01:43:12+00:00","description":"Rejs tilbage i tiden og oplev Sisimiuts fortid. Inuitkulturen og den nuv\u00e6rende kultur i Gr\u00f8nland opdages af dig p\u00e5 denne tur!","breadcrumb":{"@id":"https:\/\/guidetogreenland.com\/da\/reserver-ferie-rejser\/vandretur-tilbage-i-tiden-sisimiut-vestgronland\/#breadcrumb"},"inLanguage":"da-DK","potentialAction":[{"@type":"ReadAction","target":["https:\/\/guidetogreenland.com\/da\/reserver-ferie-rejser\/vandretur-tilbage-i-tiden-sisimiut-vestgronland\/"]}]},{"@type":"ImageObject","inLanguage":"da-DK","@id":"https:\/\/guidetogreenland.com\/da\/reserver-ferie-rejser\/vandretur-tilbage-i-tiden-sisimiut-vestgronland\/#primaryimage","url":"https:\/\/guidetogreenland.com\/wp-content\/uploads\/2020\/05\/Inuit-Hike-Sisimiut-West-Greenland-Guide-to-Greenland1.jpg","contentUrl":"https:\/\/guidetogreenland.com\/wp-content\/uploads\/2020\/05\/Inuit-Hike-Sisimiut-West-Greenland-Guide-to-Greenland1.jpg","width":883,"height":662},{"@type":"BreadcrumbList","@id":"https:\/\/guidetogreenland.com\/da\/reserver-ferie-rejser\/vandretur-tilbage-i-tiden-sisimiut-vestgronland\/#breadcrumb","itemListElement":[{"@type":"ListItem","position":1,"name":"Home","item":"https:\/\/guidetogreenland.com\/da\/"},{"@type":"ListItem","position":2,"name":"Se alle ture","item":"https:\/\/guidetogreenland.com\/da\/reserver-ferie-rejser\/"},{"@type":"ListItem","position":3,"name":"Vandretur Tilbage i Tiden | Sisimiut | Vestgr\u00f8nland"}]},{"@type":"WebSite","@id":"https:\/\/guidetogreenland.com\/da\/#website","url":"https:\/\/guidetogreenland.com\/da\/","name":"Guide to Greenland","description":"Largest selection of tours in Greenland","potentialAction":[{"@type":"SearchAction","target":{"@type":"EntryPoint","urlTemplate":"https:\/\/guidetogreenland.com\/da\/?s={search_term_string}"},"query-input":{"@type":"PropertyValueSpecification","valueRequired":true,"valueName":"search_term_string"}}],"inLanguage":"da-DK"}]}},"_links":{"self":[{"href":"https:\/\/guidetogreenland.com\/da\/wp-json\/wp\/v2\/product\/16431","targetHints":{"allow":["GET"]}}],"collection":[{"href":"https:\/\/guidetogreenland.com\/da\/wp-json\/wp\/v2\/product"}],"about":[{"href":"https:\/\/guidetogreenland.com\/da\/wp-json\/wp\/v2\/types\/product"}],"replies":[{"embeddable":true,"href":"https:\/\/guidetogreenland.com\/da\/wp-json\/wp\/v2\/comments?post=16431"}],"wp:featuredmedia":[{"embeddable":true,"href":"https:\/\/guidetogreenland.com\/da\/wp-json\/wp\/v2\/media\/16432"}],"wp:attachment":[{"href":"https:\/\/guidetogreenland.com\/da\/wp-json\/wp\/v2\/media?parent=16431"}],"wp:term":[{"taxonomy":"product_brand","embeddable":true,"href":"https:\/\/guidetogreenland.com\/da\/wp-json\/wp\/v2\/product_brand?post=16431"},{"taxonomy":"product_cat","embeddable":true,"href":"https:\/\/guidetogreenland.com\/da\/wp-json\/wp\/v2\/product_cat?post=16431"},{"taxonomy":"product_tag","embeddable":true,"href":"https:\/\/guidetogreenland.com\/da\/wp-json\/wp\/v2\/product_tag?post=16431"}],"curies":[{"name":"wp","href":"https:\/\/api.w.org\/{rel}","templated":true}]}}